{"id":5902,"date":"2025-04-15T09:37:08","date_gmt":"2025-04-15T09:37:08","guid":{"rendered":"https:\/\/xenonkungen.com\/product\/osram-ledriving-hl-intense-nxt-h4-canbus\/"},"modified":"2026-04-11T01:23:49","modified_gmt":"2026-04-11T00:23:49","slug":"osram-ledriving-hl-intense-nxt-h4-can-bus","status":"publish","type":"product","link":"https:\/\/xenonkungen.com\/de\/produkt\/osram-ledriving-hl-intense-nxt-h4-can-bus\/","title":{"rendered":"OSRAM LEDriving HL INTENSE NXT H4 | Canbus"},"content":{"rendered":"<h1>OSRAM LEDriving\u00ae H4 HL INTENSE NXT<\/h1>\n<p>W\u00fcnschen Sie sich eine leistungsf\u00e4higere, hellere und effizientere Beleuchtung f\u00fcr die Stra\u00dfe? <strong>OSRAM LEDriving H4 HL INTENSE NXT<\/strong> sind die neueste Generation von LED-Leuchten, die Ihr Fahrerlebnis auf eine ganz neue Ebene heben. Mit der <strong>bis zu +400% mehr Helligkeit<\/strong> Im Vergleich zu herk\u00f6mmlichen Halogenlampen erhalten Sie eine beeindruckende Sichtbarkeit und Sicherheit bei Dunkelheit.<\/p>\n<p>Die <strong>kompaktes und fortschrittliches Design<\/strong> k\u00f6nnen die Lampen problemlos herk\u00f6mmliche H4-Halogenlampen ersetzen, w\u00e4hrend <strong>OSRAMs modernste Technologie<\/strong> sorgt f\u00fcr ein optimiertes Lichtbild, ohne den Gegenverkehr zu blenden. Mit einer <strong>k\u00fchle wei\u00dfe Farbtemperatur von 6000 K<\/strong> erhalten Sie ein tageslicht\u00e4hnliches Licht, das die Augen weniger erm\u00fcdet und den Fahrkomfort erh\u00f6ht.<\/p>\n<p>Dank an <strong>integrierte aktive K\u00fchlung<\/strong> und eine <strong>Hochgeschwindigkeitsventilator<\/strong> k\u00f6nnen Sie sich auf maximale Leistung und Langlebigkeit verlassen, und die Installation ist <strong>schnell und einfach<\/strong>. Dar\u00fcber hinaus erhalten Sie <strong>5 Jahre Garantie<\/strong> und F\u00e4lschungsschutz durch das OSRAM Trust Programm - eine Sicherheit, die nur ein Premiumhersteller bieten kann.<\/p>\n<h2>Vorteile:<\/h2>\n<ul>\n<li><strong>Bis zu +400% mehr Helligkeit<\/strong><\/li>\n<li><strong>Optimiertes Lichtbild ohne Blendung<\/strong><\/li>\n<li><strong>Einfache Installation - Plug &amp; Play<\/strong><\/li>\n<li><strong>Langlebige Konstruktion mit fortschrittlicher K\u00fchlung<\/strong><\/li>\n<li><strong>5 Jahre Garantie und OSRAM-Qualit\u00e4t<\/strong><\/li>\n<\/ul>\n<p data-start=\"264\" data-end=\"290\"><strong data-start=\"268\" data-end=\"288\">Technische Daten<\/strong><\/p>\n<p data-start=\"264\" data-end=\"290\">Technik: LED<\/p>\n<p data-start=\"264\" data-end=\"290\">Spannung: 12V<\/p>\n<p data-start=\"264\" data-end=\"290\">Leistung: 42.00W\/40W<\/p>\n<p data-start=\"264\" data-end=\"290\">Lampentyp: H4<\/p>\n<p data-start=\"264\" data-end=\"290\">Buchse Typ: P43T<\/p>\n<p data-start=\"264\" data-end=\"290\">Farbtemperatur: 6000 K<\/p>\n<p data-start=\"264\" data-end=\"290\">Helligkeit: 2500\/3000 lm<\/p>\n<p data-start=\"264\" data-end=\"290\">Lebensdauer: Tc: 5000 h<\/p>\n<p data-start=\"264\" data-end=\"290\">Mit Ventilator<\/p>\n<p data-start=\"264\" data-end=\"290\">Garantie: 60 Monate<\/p>\n<p data-start=\"264\" data-end=\"290\">Keine CANBUS-Steuerung erforderlich<\/p>","protected":false},"excerpt":{"rendered":"<p>Canbus | 42\/40W | 6000K | 12V<\/p>","protected":false},"featured_media":5903,"comment_status":"closed","ping_status":"closed","template":"","meta":{"_acf_changed":false,"_smort_price_nok":"2558","_smort_price_dkk":"1625","_smort_price_eur":"217.72","_smort_sale_price_nok":"","_smort_sale_price_dkk":"","_smort_sale_price_eur":"","smort_restorder":"","shipmondo_restorder":"","_kad_blocks_custom_css":"","_kad_blocks_head_custom_js":"","_kad_blocks_body_custom_js":"","_kad_blocks_footer_custom_js":"","smort_custom_pricelist_1":"1532.8","smort_custom_pricelist_2":"1341.2","smort_custom_pricelist_3":"1245.4","smort_custom_pricelist_4":"1916","smort_custom_pricelist_5":"1341.2"},"anvandningsomrade":[],"bilmarken":[],"product_brand":[108],"product_cat":[2451,2633,733],"product_tag":[],"class_list":{"0":"post-5902","1":"product","2":"type-product","3":"status-publish","4":"has-post-thumbnail","6":"product_brand-osram","7":"product_cat-led-konvertering","8":"product_cat-osram-ledriving-halvljus-helljus","9":"product_cat-halvljus-helljus","10":"pa_faktisk-effekts-forbrukning-1097","11":"pa_fargtemperatur-6000k","12":"pa_lampsockel-kontakt-h4","13":"pa_volt-v-159","15":"first","16":"instock","17":"taxable","18":"shipping-taxable","19":"purchasable","20":"product-type-simple"},"bundled_by":[],"bundle_stock_status":"instock","bundle_stock_quantity":16,"bundle_virtual":false,"bundle_layout":"","bundle_add_to_cart_form_location":"","bundle_editable_in_cart":false,"bundle_sold_individually_context":"","bundle_item_grouping":"","bundle_min_size":"","bundle_max_size":"","bundle_price":[],"bundled_items":[],"bundle_sell_ids":[],"acf":[],"yoast_head":"<!-- This site is optimized with the Yoast SEO plugin v27.0 - https:\/\/yoast.com\/product\/yoast-seo-wordpress\/ -->\n<title>OSRAM LEDriving HL INTENSE NXT H4 | Canbus - Xenonkungen<\/title>\n<meta name=\"robots\" content=\"index, follow, max-snippet:-1, max-image-preview:large, max-video-preview:-1\" \/>\n<link rel=\"canonical\" href=\"https:\/\/xenonkungen.com\/de\/produkt\/osram-ledriving-hl-intense-nxt-h4-can-bus\/\" \/>\n<meta property=\"og:locale\" content=\"de_DE\" \/>\n<meta property=\"og:type\" content=\"article\" \/>\n<meta property=\"og:title\" content=\"OSRAM LEDriving HL INTENSE NXT H4 | Canbus - Xenonkungen\" \/>\n<meta property=\"og:description\" content=\"Canbus | 42\/40W | 6000K | 12V\" \/>\n<meta property=\"og:url\" content=\"https:\/\/xenonkungen.com\/de\/produkt\/osram-ledriving-hl-intense-nxt-h4-can-bus\/\" \/>\n<meta property=\"og:site_name\" content=\"Xenonkungen\" \/>\n<meta property=\"article:modified_time\" content=\"2026-04-11T00:23:49+00:00\" \/>\n<meta property=\"og:image\" content=\"https:\/\/xenonkungen.com\/wp-content\/uploads\/2025\/04\/218614461-origpic-2dad40.jpg\" \/>\n\t<meta property=\"og:image:width\" content=\"1024\" \/>\n\t<meta property=\"og:image:height\" content=\"1024\" \/>\n\t<meta property=\"og:image:type\" content=\"image\/jpeg\" \/>\n<meta name=\"twitter:card\" content=\"summary_large_image\" \/>\n<meta name=\"twitter:label1\" content=\"Gesch\u00e4tzte Lesezeit\" \/>\n\t<meta name=\"twitter:data1\" content=\"2\u00a0Minuten\" \/>\n<script type=\"application\/ld+json\" class=\"yoast-schema-graph\">{\"@context\":\"https:\/\/schema.org\",\"@graph\":[{\"@type\":\"WebPage\",\"@id\":\"https:\/\/xenonkungen.com\/produkt\/osram-ledriving-hl-intense-nxt-h4-canbus\/\",\"url\":\"https:\/\/xenonkungen.com\/produkt\/osram-ledriving-hl-intense-nxt-h4-canbus\/\",\"name\":\"OSRAM LEDriving HL INTENSE NXT H4 | Canbus - Xenonkungen\",\"isPartOf\":{\"@id\":\"https:\/\/xenonkungen.com\/#website\"},\"primaryImageOfPage\":{\"@id\":\"https:\/\/xenonkungen.com\/produkt\/osram-ledriving-hl-intense-nxt-h4-canbus\/#primaryimage\"},\"image\":{\"@id\":\"https:\/\/xenonkungen.com\/produkt\/osram-ledriving-hl-intense-nxt-h4-canbus\/#primaryimage\"},\"thumbnailUrl\":\"https:\/\/xenonkungen.com\/wp-content\/uploads\/2025\/04\/218614461-origpic-2dad40.jpg\",\"datePublished\":\"2025-04-15T09:37:08+00:00\",\"dateModified\":\"2026-04-11T00:23:49+00:00\",\"breadcrumb\":{\"@id\":\"https:\/\/xenonkungen.com\/produkt\/osram-ledriving-hl-intense-nxt-h4-canbus\/#breadcrumb\"},\"inLanguage\":\"de\",\"potentialAction\":[{\"@type\":\"ReadAction\",\"target\":[\"https:\/\/xenonkungen.com\/produkt\/osram-ledriving-hl-intense-nxt-h4-canbus\/\"]}]},{\"@type\":\"ImageObject\",\"inLanguage\":\"de\",\"@id\":\"https:\/\/xenonkungen.com\/produkt\/osram-ledriving-hl-intense-nxt-h4-canbus\/#primaryimage\",\"url\":\"https:\/\/xenonkungen.com\/wp-content\/uploads\/2025\/04\/218614461-origpic-2dad40.jpg\",\"contentUrl\":\"https:\/\/xenonkungen.com\/wp-content\/uploads\/2025\/04\/218614461-origpic-2dad40.jpg\",\"width\":1024,\"height\":1024},{\"@type\":\"BreadcrumbList\",\"@id\":\"https:\/\/xenonkungen.com\/produkt\/osram-ledriving-hl-intense-nxt-h4-canbus\/#breadcrumb\",\"itemListElement\":[{\"@type\":\"ListItem\",\"position\":1,\"name\":\"Hem\",\"item\":\"https:\/\/xenonkungen.com\/\"},{\"@type\":\"ListItem\",\"position\":2,\"name\":\"Shop\",\"item\":\"https:\/\/xenonkungen.com\/shop\/\"},{\"@type\":\"ListItem\",\"position\":3,\"name\":\"OSRAM LEDriving HL INTENSE NXT H4 | Canbus\"}]},{\"@type\":\"WebSite\",\"@id\":\"https:\/\/xenonkungen.com\/#website\",\"url\":\"https:\/\/xenonkungen.com\/\",\"name\":\"Xenonkungen\",\"description\":\"\",\"potentialAction\":[{\"@type\":\"SearchAction\",\"target\":{\"@type\":\"EntryPoint\",\"urlTemplate\":\"https:\/\/xenonkungen.com\/?s={search_term_string}\"},\"query-input\":{\"@type\":\"PropertyValueSpecification\",\"valueRequired\":true,\"valueName\":\"search_term_string\"}}],\"inLanguage\":\"de\"}]}<\/script>\n<!-- \/ Yoast SEO plugin. -->","yoast_head_json":{"title":"OSRAM LEDriving HL INTENSE NXT H4 | Canbus \u2013 Der Xenon-K\u00f6nig","robots":{"index":"index","follow":"follow","max-snippet":"max-snippet:-1","max-image-preview":"max-image-preview:large","max-video-preview":"max-video-preview:-1"},"canonical":"https:\/\/xenonkungen.com\/de\/produkt\/osram-ledriving-hl-intense-nxt-h4-can-bus\/","og_locale":"de_DE","og_type":"article","og_title":"OSRAM LEDriving HL INTENSE NXT H4 | Canbus - Xenonkungen","og_description":"Canbus | 42\/40W | 6000K | 12V","og_url":"https:\/\/xenonkungen.com\/de\/produkt\/osram-ledriving-hl-intense-nxt-h4-can-bus\/","og_site_name":"Xenonkungen","article_modified_time":"2026-04-11T00:23:49+00:00","og_image":[{"width":1024,"height":1024,"url":"https:\/\/xenonkungen.com\/wp-content\/uploads\/2025\/04\/218614461-origpic-2dad40.jpg","type":"image\/jpeg"}],"twitter_card":"summary_large_image","twitter_misc":{"Gesch\u00e4tzte Lesezeit":"2\u00a0Minuten"},"schema":{"@context":"https:\/\/schema.org","@graph":[{"@type":"WebPage","@id":"https:\/\/xenonkungen.com\/produkt\/osram-ledriving-hl-intense-nxt-h4-canbus\/","url":"https:\/\/xenonkungen.com\/produkt\/osram-ledriving-hl-intense-nxt-h4-canbus\/","name":"OSRAM LEDriving HL INTENSE NXT H4 | Canbus \u2013 Der Xenon-K\u00f6nig","isPartOf":{"@id":"https:\/\/xenonkungen.com\/#website"},"primaryImageOfPage":{"@id":"https:\/\/xenonkungen.com\/produkt\/osram-ledriving-hl-intense-nxt-h4-canbus\/#primaryimage"},"image":{"@id":"https:\/\/xenonkungen.com\/produkt\/osram-ledriving-hl-intense-nxt-h4-canbus\/#primaryimage"},"thumbnailUrl":"https:\/\/xenonkungen.com\/wp-content\/uploads\/2025\/04\/218614461-origpic-2dad40.jpg","datePublished":"2025-04-15T09:37:08+00:00","dateModified":"2026-04-11T00:23:49+00:00","breadcrumb":{"@id":"https:\/\/xenonkungen.com\/produkt\/osram-ledriving-hl-intense-nxt-h4-canbus\/#breadcrumb"},"inLanguage":"de","potentialAction":[{"@type":"ReadAction","target":["https:\/\/xenonkungen.com\/produkt\/osram-ledriving-hl-intense-nxt-h4-canbus\/"]}]},{"@type":"ImageObject","inLanguage":"de","@id":"https:\/\/xenonkungen.com\/produkt\/osram-ledriving-hl-intense-nxt-h4-canbus\/#primaryimage","url":"https:\/\/xenonkungen.com\/wp-content\/uploads\/2025\/04\/218614461-origpic-2dad40.jpg","contentUrl":"https:\/\/xenonkungen.com\/wp-content\/uploads\/2025\/04\/218614461-origpic-2dad40.jpg","width":1024,"height":1024},{"@type":"BreadcrumbList","@id":"https:\/\/xenonkungen.com\/produkt\/osram-ledriving-hl-intense-nxt-h4-canbus\/#breadcrumb","itemListElement":[{"@type":"ListItem","position":1,"name":"Hem","item":"https:\/\/xenonkungen.com\/"},{"@type":"ListItem","position":2,"name":"Shop","item":"https:\/\/xenonkungen.com\/shop\/"},{"@type":"ListItem","position":3,"name":"OSRAM LEDriving HL INTENSE NXT H4 | Canbus"}]},{"@type":"WebSite","@id":"https:\/\/xenonkungen.com\/#website","url":"https:\/\/xenonkungen.com\/","name":"Xenonkungen","description":"","potentialAction":[{"@type":"SearchAction","target":{"@type":"EntryPoint","urlTemplate":"https:\/\/xenonkungen.com\/?s={search_term_string}"},"query-input":{"@type":"PropertyValueSpecification","valueRequired":true,"valueName":"search_term_string"}}],"inLanguage":"de"}]}},"taxonomy_info":{"product_brand":[{"value":108,"label":"OSRAM"}],"product_cat":[{"value":2451,"label":"Led-konvertering"},{"value":2633,"label":"OSRAM Ledriving"},{"value":733,"label":"Halvljus \/ Helljus"}],"pa_faktisk-effekts-forbrukning":[{"value":1097,"label":"42"}],"pa_fargtemperatur":[{"value":188,"label":"6000K"}],"pa_lampsockel-kontakt":[{"value":340,"label":"H4"}],"pa_volt-v":[{"value":159,"label":"12"}]},"featured_image_src_large":["https:\/\/xenonkungen.com\/wp-content\/uploads\/2025\/04\/218614461-origpic-2dad40.jpg",1024,1024,false],"author_info":[],"comment_info":0,"_links":{"self":[{"href":"https:\/\/xenonkungen.com\/de\/wp-json\/wp\/v2\/product\/5902","targetHints":{"allow":["GET"]}}],"collection":[{"href":"https:\/\/xenonkungen.com\/de\/wp-json\/wp\/v2\/product"}],"about":[{"href":"https:\/\/xenonkungen.com\/de\/wp-json\/wp\/v2\/types\/product"}],"replies":[{"embeddable":true,"href":"https:\/\/xenonkungen.com\/de\/wp-json\/wp\/v2\/comments?post=5902"}],"wp:featuredmedia":[{"embeddable":true,"href":"https:\/\/xenonkungen.com\/de\/wp-json\/wp\/v2\/media\/5903"}],"wp:attachment":[{"href":"https:\/\/xenonkungen.com\/de\/wp-json\/wp\/v2\/media?parent=5902"}],"wp:term":[{"taxonomy":"anvandningsomrade","embeddable":true,"href":"https:\/\/xenonkungen.com\/de\/wp-json\/wp\/v2\/anvandningsomrade?post=5902"},{"taxonomy":"bilmarken","embeddable":true,"href":"https:\/\/xenonkungen.com\/de\/wp-json\/wp\/v2\/bilmarken?post=5902"},{"taxonomy":"product_brand","embeddable":true,"href":"https:\/\/xenonkungen.com\/de\/wp-json\/wp\/v2\/product_brand?post=5902"},{"taxonomy":"product_cat","embeddable":true,"href":"https:\/\/xenonkungen.com\/de\/wp-json\/wp\/v2\/product_cat?post=5902"},{"taxonomy":"product_tag","embeddable":true,"href":"https:\/\/xenonkungen.com\/de\/wp-json\/wp\/v2\/product_tag?post=5902"}],"curies":[{"name":"wp","href":"https:\/\/api.w.org\/{rel}","templated":true}]}}