{"id":5906,"date":"2025-04-15T09:37:08","date_gmt":"2025-04-15T09:37:08","guid":{"rendered":"https:\/\/xenonkungen.com\/product\/night-breaker-led-smart-mc-h4\/"},"modified":"2025-12-10T14:47:10","modified_gmt":"2025-12-10T13:47:10","slug":"night-breaker-led-smart-mc-h4","status":"publish","type":"product","link":"https:\/\/xenonkungen.com\/de\/produkt\/night-breaker-led-smart-mc-h4\/","title":{"rendered":"NIGHT BREAKER\u00ae LED SMART | MC | H4"},"content":{"rendered":"<h2>R\u00fcsten Sie Ihre Fahrzeugbeleuchtung mit OSRAM NIGHT BREAKER LED SMART auf.<\/h2>\n<p>Die stra\u00dfenzugelassenen LED-Retrolampen der Zukunft. Diese innovativen und kompakten Lampen bieten bis zu <strong>330 % mehr Helligkeit<\/strong> im Vergleich zu herk\u00f6mmlichen Halogenlampen und liefert ein helles, modernes wei\u00dfes Licht von bis zu <strong>6000 Kelvin<\/strong>Perfekt f\u00fcr alle, die Wert auf Stil und Sicherheit im Stra\u00dfenverkehr legen!<\/p>\n<ul>\n<li>Bis zu 330 % mehr Licht<\/li>\n<li>Stra\u00dfenzulassung und mit mehr Fahrzeugen kompatibel<\/li>\n<li>L\u00e4ngere Lebensdauer und geringerer Energieverbrauch<\/li>\n<li>Modernes wei\u00dfes Licht (6000K) f\u00fcr bessere Sichtbarkeit<\/li>\n<li>Garantie von OSRAM<\/li>\n<\/ul>\n<p>Mit bis zu <strong>6-mal l\u00e4ngere Lebensdauer<\/strong> dank der vibrationsfesten Konstruktion und <strong>60 % geringerer Energieverbrauch<\/strong>Sie erhalten nicht nur bessere Sicht, sondern auch eine nachhaltigere und umweltfreundlichere L\u00f6sung. OSRAM NIGHT BREAKER LED SMART ist mit noch mehr Fahrzeugen kompatibel und erm\u00f6glicht ein einfaches Upgrade von Halogen auf die neueste LED-Technologie \u2013 alles mit <strong>Stra\u00dfenzulassung<\/strong>.<\/p>\n<p><strong>Technische Spezifikation<\/strong><\/p>\n<p><strong>Elektrische Daten<br \/>\n<\/strong>- Pr\u00fcfspannung: 13,2 V<br \/>\n\u2013 Toleranz des Stromverbrauchs: \u00b115 %<br \/>\n\u2013 Leistungsaufnahme: 21,0 \/ 20 W<br \/>\n- Nennspannung: 12,0 V<\/p>\n<p><strong>Photometrische Daten<\/strong><br \/>\n- LED-Lichtfarbe: Kaltwei\u00df<br \/>\n- Farbtemperatur: 6000 K<br \/>\n\u2013 Nennlichtstrom: 1650\/1000 lm<br \/>\n\u2013 Toleranz des Lichtstroms: \u00b115 %<\/p>\n<p><strong>Physikalische Eigenschaften und Abmessungen<\/strong><br \/>\n\u2013 L\u00e4nge: 84,0 mm<br \/>\n\u2013 Produktgewicht: 73,00 g<\/p>\n<p><strong>Daten \u00fcber die Lebensdauer<\/strong><br \/>\n- Lebensdauer Tc: 3000 Stunden<br \/>\n- B3 Lebensdauer: 1500 Stunden<\/p>\n<p><strong>Zertifikate und Normen<\/strong><br \/>\n- Normen: ABG<\/p>\n<p><strong>B\u00fcrgschaft<br \/>\n<\/strong>- 5 Jahre<\/p>","protected":false},"excerpt":{"rendered":"<p>R\u00fcsten Sie Ihre Fahrzeugbeleuchtung mit OSRAM NIGHT BREAKER LED SMART auf \u2013 den stra\u00dfenzugelassenen LED-Retro-Scheinwerfern der Zukunft. Mit bis zu 330 % mehr Licht, l\u00e4ngerer Lebensdauer und geringerem Energieverbrauch bieten diese Scheinwerfer Stil und Sicherheit f\u00fcr ein modernes und nachhaltiges Fahrerlebnis.<\/p>","protected":false},"featured_media":5907,"comment_status":"closed","ping_status":"closed","template":"","meta":{"_acf_changed":false,"_smort_price_nok":"1490","_smort_price_dkk":"947","_smort_price_eur":"126.81","_smort_sale_price_nok":"","_smort_sale_price_dkk":"","_smort_sale_price_eur":"","smort_restorder":"","shipmondo_restorder":"","_kad_blocks_custom_css":"","_kad_blocks_head_custom_js":"","_kad_blocks_body_custom_js":"","_kad_blocks_footer_custom_js":"","smort_custom_pricelist_1":"892.8","smort_custom_pricelist_2":"781.2","smort_custom_pricelist_3":"725.4","smort_custom_pricelist_4":"1116","smort_custom_pricelist_5":"781.2"},"anvandningsomrade":[],"bilmarken":[],"product_brand":[108],"product_cat":[733],"product_tag":[],"class_list":{"0":"post-5906","1":"product","2":"type-product","3":"status-publish","4":"has-post-thumbnail","6":"product_brand-osram","7":"product_cat-halvljus-helljus","8":"pa_faktisk-effekts-forbrukning-1701","9":"pa_fargtemperatur-6000k","10":"pa_lampsockel-kontakt-h4","11":"pa_storlek-mm-1700","12":"pa_volt-v-159","14":"first","15":"instock","16":"taxable","17":"shipping-taxable","18":"purchasable","19":"product-type-simple"},"bundled_by":[],"bundle_stock_status":"instock","bundle_stock_quantity":3,"bundle_virtual":false,"bundle_layout":"","bundle_add_to_cart_form_location":"","bundle_editable_in_cart":false,"bundle_sold_individually_context":"","bundle_item_grouping":"","bundle_min_size":"","bundle_max_size":"","bundle_price":[],"bundled_items":[],"bundle_sell_ids":[],"acf":[],"yoast_head":"<!-- This site is optimized with the Yoast SEO plugin v27.0 - https:\/\/yoast.com\/product\/yoast-seo-wordpress\/ -->\n<title>NIGHT BREAKER\u00ae LED SMART | MC | H4 - Xenonkungen<\/title>\n<meta name=\"robots\" content=\"index, follow, max-snippet:-1, max-image-preview:large, max-video-preview:-1\" \/>\n<link rel=\"canonical\" href=\"https:\/\/xenonkungen.com\/de\/produkt\/night-breaker-led-smart-mc-h4\/\" \/>\n<meta property=\"og:locale\" content=\"de_DE\" \/>\n<meta property=\"og:type\" content=\"article\" \/>\n<meta property=\"og:title\" content=\"NIGHT BREAKER\u00ae LED SMART | MC | H4 - Xenonkungen\" \/>\n<meta property=\"og:description\" content=\"Uppgradera din bilbelysning med OSRAM NIGHT BREAKER LED SMART, framtidens gatulagliga LED-retrolampor. Med upp till 330 % mer ljus, l\u00e4ngre livsl\u00e4ngd och l\u00e4gre energif\u00f6rbrukning, erbjuder dessa lampor b\u00e5de stil och s\u00e4kerhet f\u00f6r en modern och h\u00e5llbar k\u00f6rupplevelse.\" \/>\n<meta property=\"og:url\" content=\"https:\/\/xenonkungen.com\/de\/produkt\/night-breaker-led-smart-mc-h4\/\" \/>\n<meta property=\"og:site_name\" content=\"Xenonkungen\" \/>\n<meta property=\"article:modified_time\" content=\"2025-12-10T13:47:10+00:00\" \/>\n<meta property=\"og:image\" content=\"https:\/\/xenonkungen.com\/wp-content\/uploads\/2025\/04\/216070835-origpic-dfdbca.jpg\" \/>\n\t<meta property=\"og:image:width\" content=\"1024\" \/>\n\t<meta property=\"og:image:height\" content=\"1024\" \/>\n\t<meta property=\"og:image:type\" content=\"image\/jpeg\" \/>\n<meta name=\"twitter:card\" content=\"summary_large_image\" \/>\n<meta name=\"twitter:label1\" content=\"Gesch\u00e4tzte Lesezeit\" \/>\n\t<meta name=\"twitter:data1\" content=\"2\u00a0Minuten\" \/>\n<script type=\"application\/ld+json\" class=\"yoast-schema-graph\">{\"@context\":\"https:\/\/schema.org\",\"@graph\":[{\"@type\":\"WebPage\",\"@id\":\"https:\/\/xenonkungen.com\/produkt\/night-breaker-led-smart-mc-h4\/\",\"url\":\"https:\/\/xenonkungen.com\/produkt\/night-breaker-led-smart-mc-h4\/\",\"name\":\"NIGHT BREAKER\u00ae LED SMART | MC | H4 - Xenonkungen\",\"isPartOf\":{\"@id\":\"https:\/\/xenonkungen.com\/#website\"},\"primaryImageOfPage\":{\"@id\":\"https:\/\/xenonkungen.com\/produkt\/night-breaker-led-smart-mc-h4\/#primaryimage\"},\"image\":{\"@id\":\"https:\/\/xenonkungen.com\/produkt\/night-breaker-led-smart-mc-h4\/#primaryimage\"},\"thumbnailUrl\":\"https:\/\/xenonkungen.com\/wp-content\/uploads\/2025\/04\/216070835-origpic-dfdbca.jpg\",\"datePublished\":\"2025-04-15T09:37:08+00:00\",\"dateModified\":\"2025-12-10T13:47:10+00:00\",\"breadcrumb\":{\"@id\":\"https:\/\/xenonkungen.com\/produkt\/night-breaker-led-smart-mc-h4\/#breadcrumb\"},\"inLanguage\":\"de\",\"potentialAction\":[{\"@type\":\"ReadAction\",\"target\":[\"https:\/\/xenonkungen.com\/produkt\/night-breaker-led-smart-mc-h4\/\"]}]},{\"@type\":\"ImageObject\",\"inLanguage\":\"de\",\"@id\":\"https:\/\/xenonkungen.com\/produkt\/night-breaker-led-smart-mc-h4\/#primaryimage\",\"url\":\"https:\/\/xenonkungen.com\/wp-content\/uploads\/2025\/04\/216070835-origpic-dfdbca.jpg\",\"contentUrl\":\"https:\/\/xenonkungen.com\/wp-content\/uploads\/2025\/04\/216070835-origpic-dfdbca.jpg\",\"width\":1024,\"height\":1024},{\"@type\":\"BreadcrumbList\",\"@id\":\"https:\/\/xenonkungen.com\/produkt\/night-breaker-led-smart-mc-h4\/#breadcrumb\",\"itemListElement\":[{\"@type\":\"ListItem\",\"position\":1,\"name\":\"Hem\",\"item\":\"https:\/\/xenonkungen.com\/\"},{\"@type\":\"ListItem\",\"position\":2,\"name\":\"Shop\",\"item\":\"https:\/\/xenonkungen.com\/shop\/\"},{\"@type\":\"ListItem\",\"position\":3,\"name\":\"NIGHT BREAKER\u00ae LED SMART | MC | H4\"}]},{\"@type\":\"WebSite\",\"@id\":\"https:\/\/xenonkungen.com\/#website\",\"url\":\"https:\/\/xenonkungen.com\/\",\"name\":\"Xenonkungen\",\"description\":\"\",\"potentialAction\":[{\"@type\":\"SearchAction\",\"target\":{\"@type\":\"EntryPoint\",\"urlTemplate\":\"https:\/\/xenonkungen.com\/?s={search_term_string}\"},\"query-input\":{\"@type\":\"PropertyValueSpecification\",\"valueRequired\":true,\"valueName\":\"search_term_string\"}}],\"inLanguage\":\"de\"}]}<\/script>\n<!-- \/ Yoast SEO plugin. -->","yoast_head_json":{"title":"NIGHT BREAKER\u00ae LED SMART | MC | H4 \u2013 Der Xenon-K\u00f6nig","robots":{"index":"index","follow":"follow","max-snippet":"max-snippet:-1","max-image-preview":"max-image-preview:large","max-video-preview":"max-video-preview:-1"},"canonical":"https:\/\/xenonkungen.com\/de\/produkt\/night-breaker-led-smart-mc-h4\/","og_locale":"de_DE","og_type":"article","og_title":"NIGHT BREAKER\u00ae LED SMART | MC | H4 - Xenonkungen","og_description":"Uppgradera din bilbelysning med OSRAM NIGHT BREAKER LED SMART, framtidens gatulagliga LED-retrolampor. Med upp till 330 % mer ljus, l\u00e4ngre livsl\u00e4ngd och l\u00e4gre energif\u00f6rbrukning, erbjuder dessa lampor b\u00e5de stil och s\u00e4kerhet f\u00f6r en modern och h\u00e5llbar k\u00f6rupplevelse.","og_url":"https:\/\/xenonkungen.com\/de\/produkt\/night-breaker-led-smart-mc-h4\/","og_site_name":"Xenonkungen","article_modified_time":"2025-12-10T13:47:10+00:00","og_image":[{"width":1024,"height":1024,"url":"https:\/\/xenonkungen.com\/wp-content\/uploads\/2025\/04\/216070835-origpic-dfdbca.jpg","type":"image\/jpeg"}],"twitter_card":"summary_large_image","twitter_misc":{"Gesch\u00e4tzte Lesezeit":"2\u00a0Minuten"},"schema":{"@context":"https:\/\/schema.org","@graph":[{"@type":"WebPage","@id":"https:\/\/xenonkungen.com\/produkt\/night-breaker-led-smart-mc-h4\/","url":"https:\/\/xenonkungen.com\/produkt\/night-breaker-led-smart-mc-h4\/","name":"NIGHT BREAKER\u00ae LED SMART | MC | H4 \u2013 Der Xenon-K\u00f6nig","isPartOf":{"@id":"https:\/\/xenonkungen.com\/#website"},"primaryImageOfPage":{"@id":"https:\/\/xenonkungen.com\/produkt\/night-breaker-led-smart-mc-h4\/#primaryimage"},"image":{"@id":"https:\/\/xenonkungen.com\/produkt\/night-breaker-led-smart-mc-h4\/#primaryimage"},"thumbnailUrl":"https:\/\/xenonkungen.com\/wp-content\/uploads\/2025\/04\/216070835-origpic-dfdbca.jpg","datePublished":"2025-04-15T09:37:08+00:00","dateModified":"2025-12-10T13:47:10+00:00","breadcrumb":{"@id":"https:\/\/xenonkungen.com\/produkt\/night-breaker-led-smart-mc-h4\/#breadcrumb"},"inLanguage":"de","potentialAction":[{"@type":"ReadAction","target":["https:\/\/xenonkungen.com\/produkt\/night-breaker-led-smart-mc-h4\/"]}]},{"@type":"ImageObject","inLanguage":"de","@id":"https:\/\/xenonkungen.com\/produkt\/night-breaker-led-smart-mc-h4\/#primaryimage","url":"https:\/\/xenonkungen.com\/wp-content\/uploads\/2025\/04\/216070835-origpic-dfdbca.jpg","contentUrl":"https:\/\/xenonkungen.com\/wp-content\/uploads\/2025\/04\/216070835-origpic-dfdbca.jpg","width":1024,"height":1024},{"@type":"BreadcrumbList","@id":"https:\/\/xenonkungen.com\/produkt\/night-breaker-led-smart-mc-h4\/#breadcrumb","itemListElement":[{"@type":"ListItem","position":1,"name":"Hem","item":"https:\/\/xenonkungen.com\/"},{"@type":"ListItem","position":2,"name":"Shop","item":"https:\/\/xenonkungen.com\/shop\/"},{"@type":"ListItem","position":3,"name":"NIGHT BREAKER\u00ae LED SMART | MC | H4"}]},{"@type":"WebSite","@id":"https:\/\/xenonkungen.com\/#website","url":"https:\/\/xenonkungen.com\/","name":"Xenonkungen","description":"","potentialAction":[{"@type":"SearchAction","target":{"@type":"EntryPoint","urlTemplate":"https:\/\/xenonkungen.com\/?s={search_term_string}"},"query-input":{"@type":"PropertyValueSpecification","valueRequired":true,"valueName":"search_term_string"}}],"inLanguage":"de"}]}},"taxonomy_info":{"product_brand":[{"value":108,"label":"OSRAM"}],"product_cat":[{"value":733,"label":"Halvljus \/ Helljus"}],"pa_faktisk-effekts-forbrukning":[{"value":1701,"label":"21"}],"pa_fargtemperatur":[{"value":188,"label":"6000K"}],"pa_lampsockel-kontakt":[{"value":340,"label":"H4"}],"pa_storlek-mm":[{"value":1700,"label":"84"}],"pa_volt-v":[{"value":159,"label":"12"}]},"featured_image_src_large":["https:\/\/xenonkungen.com\/wp-content\/uploads\/2025\/04\/216070835-origpic-dfdbca.jpg",1024,1024,false],"author_info":[],"comment_info":0,"_links":{"self":[{"href":"https:\/\/xenonkungen.com\/de\/wp-json\/wp\/v2\/product\/5906","targetHints":{"allow":["GET"]}}],"collection":[{"href":"https:\/\/xenonkungen.com\/de\/wp-json\/wp\/v2\/product"}],"about":[{"href":"https:\/\/xenonkungen.com\/de\/wp-json\/wp\/v2\/types\/product"}],"replies":[{"embeddable":true,"href":"https:\/\/xenonkungen.com\/de\/wp-json\/wp\/v2\/comments?post=5906"}],"wp:featuredmedia":[{"embeddable":true,"href":"https:\/\/xenonkungen.com\/de\/wp-json\/wp\/v2\/media\/5907"}],"wp:attachment":[{"href":"https:\/\/xenonkungen.com\/de\/wp-json\/wp\/v2\/media?parent=5906"}],"wp:term":[{"taxonomy":"anvandningsomrade","embeddable":true,"href":"https:\/\/xenonkungen.com\/de\/wp-json\/wp\/v2\/anvandningsomrade?post=5906"},{"taxonomy":"bilmarken","embeddable":true,"href":"https:\/\/xenonkungen.com\/de\/wp-json\/wp\/v2\/bilmarken?post=5906"},{"taxonomy":"product_brand","embeddable":true,"href":"https:\/\/xenonkungen.com\/de\/wp-json\/wp\/v2\/product_brand?post=5906"},{"taxonomy":"product_cat","embeddable":true,"href":"https:\/\/xenonkungen.com\/de\/wp-json\/wp\/v2\/product_cat?post=5906"},{"taxonomy":"product_tag","embeddable":true,"href":"https:\/\/xenonkungen.com\/de\/wp-json\/wp\/v2\/product_tag?post=5906"}],"curies":[{"name":"wp","href":"https:\/\/api.w.org\/{rel}","templated":true}]}}