{"id":6200,"date":"2025-04-15T09:43:38","date_gmt":"2025-04-15T09:43:38","guid":{"rendered":"https:\/\/xenonkungen.com\/product\/pt-solskydd-30-cm-scania-ng-m-lazer-l-18-elite-vitt-pos-ljus\/"},"modified":"2026-04-11T01:11:00","modified_gmt":"2026-04-11T00:11:00","slug":"pt-sonnenblende-30-cm-scania-ng-m-lazer-l-18-elite-weis-pos-licht","status":"publish","type":"product","link":"https:\/\/xenonkungen.com\/de\/produkt\/pt-sonnenblende-30-cm-scania-ng-m-lazer-l-18-elite-weis-pos-licht\/","title":{"rendered":"PT-Sonnenschirm 30 cm Scania NG mit Lazer L-18 Elite wei\u00dfem Positionslicht"},"content":{"rendered":"<h1 class=\"\">PT-Sonnenschirm 30 cm Scania NG mit Lazer L-18 Elite wei\u00dfem Positionslicht<\/h1>\n<p><span>Sonnenblende f\u00fcr Scania NextGen inkl. 2 Lazer Linear-18 Elite. Die Sonnenblende passt perfekt und ist f\u00fcr alle NG-Fahrerh\u00e4user (L-, P-, G-, R-, S- oder XT-Serie) geeignet. Alle Befestigungselemente entsprechen denen der Original-Sonnenblende. Dies gilt auch f\u00fcr die Befestigung des originalen Oberteils an der Sonnenblende, was die Montage erheblich vereinfacht. Die Sonnenblende wird komplett (ohne Oberteil) inklusive 2 Lazer Linear-18 Elite (wahlweise mit oder ohne Positionsleuchten) mit Halterungen und Montagematerial geliefert. Spiegelverl\u00e4ngerung f\u00fcr den Frontspiegel und Distanzst\u00fccke sind ebenfalls enthalten.<\/span><\/p>","protected":false},"excerpt":{"rendered":"<p>PT-Solskydd 30 cm Scania NG m Lazer L-18 Elite vitt pos.ljus Solskydd f\u00f6r Scania NextGen inkl 2 st Lazer Linear-18 Elite. Solskyddet har perfekt passform och passar alla NGhytter (L-, P-, G-, R-, S- eller XT-serien). Alla inf\u00e4stningar \u00e4r samma som f\u00f6r originalsolskyddet. Det g\u00e4ller \u00e4ven original\u00f6verdelens inf\u00e4stning i solskyddet, vilket g\u00f6r att monteringen blir [&hellip;]<\/p>","protected":false},"featured_media":6201,"comment_status":"closed","ping_status":"open","template":"","meta":{"_acf_changed":false,"_smort_price_nok":"29053","_smort_price_dkk":"18457","_smort_price_eur":"2472.61","_smort_sale_price_nok":"","_smort_sale_price_dkk":"","_smort_sale_price_eur":"","smort_restorder":"","shipmondo_restorder":"","_kad_blocks_custom_css":"","_kad_blocks_head_custom_js":"","_kad_blocks_body_custom_js":"","_kad_blocks_footer_custom_js":"","smort_custom_pricelist_1":"18240","smort_custom_pricelist_2":"18240","smort_custom_pricelist_3":"18240","smort_custom_pricelist_4":"22800","smort_custom_pricelist_5":"18240"},"anvandningsomrade":[166,238,2816],"bilmarken":[],"product_brand":[2793],"product_cat":[2611],"product_tag":[2735],"class_list":{"0":"post-6200","1":"product","2":"type-product","3":"status-publish","4":"has-post-thumbnail","6":"anvandningsomrade-lastbil","7":"anvandningsomrade-slap","8":"anvandningsomrade-trailer","9":"product_brand-ovrigt","10":"product_cat-solskydd-frontlucka","11":"product_tag-lazer","13":"first","14":"onbackorder","15":"taxable","16":"shipping-taxable","17":"purchasable","18":"product-type-simple"},"bundled_by":[],"bundle_stock_status":"onbackorder","bundle_stock_quantity":0,"bundle_virtual":false,"bundle_layout":"","bundle_add_to_cart_form_location":"","bundle_editable_in_cart":false,"bundle_sold_individually_context":"","bundle_item_grouping":"","bundle_min_size":"","bundle_max_size":"","bundle_price":[],"bundled_items":[],"bundle_sell_ids":[],"acf":[],"yoast_head":"<!-- This site is optimized with the Yoast SEO plugin v27.0 - https:\/\/yoast.com\/product\/yoast-seo-wordpress\/ -->\n<title>PT-Solskydd 30 cm Scania NG m Lazer L-18 Elite vitt pos.ljus - Xenonkungen<\/title>\n<meta name=\"robots\" content=\"index, follow, max-snippet:-1, max-image-preview:large, max-video-preview:-1\" \/>\n<link rel=\"canonical\" href=\"https:\/\/xenonkungen.com\/de\/produkt\/pt-sonnenblende-30-cm-scania-ng-m-lazer-l-18-elite-weis-pos-licht\/\" \/>\n<meta property=\"og:locale\" content=\"de_DE\" \/>\n<meta property=\"og:type\" content=\"article\" \/>\n<meta property=\"og:title\" content=\"PT-Solskydd 30 cm Scania NG m Lazer L-18 Elite vitt pos.ljus - Xenonkungen\" \/>\n<meta property=\"og:description\" content=\"PT-Solskydd 30 cm Scania NG m Lazer L-18 Elite vitt pos.ljus Solskydd f\u00f6r Scania NextGen inkl 2 st Lazer Linear-18 Elite. Solskyddet har perfekt passform och passar alla NGhytter (L-, P-, G-, R-, S- eller XT-serien). Alla inf\u00e4stningar \u00e4r samma som f\u00f6r originalsolskyddet. Det g\u00e4ller \u00e4ven original\u00f6verdelens inf\u00e4stning i solskyddet, vilket g\u00f6r att monteringen blir [&hellip;]\" \/>\n<meta property=\"og:url\" content=\"https:\/\/xenonkungen.com\/de\/produkt\/pt-sonnenblende-30-cm-scania-ng-m-lazer-l-18-elite-weis-pos-licht\/\" \/>\n<meta property=\"og:site_name\" content=\"Xenonkungen\" \/>\n<meta property=\"article:modified_time\" content=\"2026-04-11T00:11:00+00:00\" \/>\n<meta property=\"og:image\" content=\"https:\/\/xenonkungen.com\/wp-content\/uploads\/2025\/04\/34-100215WLP_itemimage_mainfront.jpg\" \/>\n\t<meta property=\"og:image:width\" content=\"2048\" \/>\n\t<meta property=\"og:image:height\" content=\"1534\" \/>\n\t<meta property=\"og:image:type\" content=\"image\/jpeg\" \/>\n<meta name=\"twitter:card\" content=\"summary_large_image\" \/>\n<script type=\"application\/ld+json\" class=\"yoast-schema-graph\">{\"@context\":\"https:\/\/schema.org\",\"@graph\":[{\"@type\":\"WebPage\",\"@id\":\"https:\/\/xenonkungen.com\/nl\/product\/pt-zonneklep-30-cm-scania-ng-m-lazer-l-18-elite-wit-pos-licht\/\",\"url\":\"https:\/\/xenonkungen.com\/nl\/product\/pt-zonneklep-30-cm-scania-ng-m-lazer-l-18-elite-wit-pos-licht\/\",\"name\":\"PT-Solskydd 30 cm Scania NG m Lazer L-18 Elite vitt pos.ljus - Xenonkungen\",\"isPartOf\":{\"@id\":\"https:\/\/xenonkungen.com\/#website\"},\"primaryImageOfPage\":{\"@id\":\"https:\/\/xenonkungen.com\/nl\/product\/pt-zonneklep-30-cm-scania-ng-m-lazer-l-18-elite-wit-pos-licht\/#primaryimage\"},\"image\":{\"@id\":\"https:\/\/xenonkungen.com\/nl\/product\/pt-zonneklep-30-cm-scania-ng-m-lazer-l-18-elite-wit-pos-licht\/#primaryimage\"},\"thumbnailUrl\":\"https:\/\/xenonkungen.com\/wp-content\/uploads\/2025\/04\/34-100215WLP_itemimage_mainfront.jpg\",\"datePublished\":\"2025-04-15T09:43:38+00:00\",\"dateModified\":\"2026-04-11T00:11:00+00:00\",\"breadcrumb\":{\"@id\":\"https:\/\/xenonkungen.com\/nl\/product\/pt-zonneklep-30-cm-scania-ng-m-lazer-l-18-elite-wit-pos-licht\/#breadcrumb\"},\"inLanguage\":\"de\",\"potentialAction\":[{\"@type\":\"ReadAction\",\"target\":[\"https:\/\/xenonkungen.com\/nl\/product\/pt-zonneklep-30-cm-scania-ng-m-lazer-l-18-elite-wit-pos-licht\/\"]}]},{\"@type\":\"ImageObject\",\"inLanguage\":\"de\",\"@id\":\"https:\/\/xenonkungen.com\/nl\/product\/pt-zonneklep-30-cm-scania-ng-m-lazer-l-18-elite-wit-pos-licht\/#primaryimage\",\"url\":\"https:\/\/xenonkungen.com\/wp-content\/uploads\/2025\/04\/34-100215WLP_itemimage_mainfront.jpg\",\"contentUrl\":\"https:\/\/xenonkungen.com\/wp-content\/uploads\/2025\/04\/34-100215WLP_itemimage_mainfront.jpg\",\"width\":2048,\"height\":1534},{\"@type\":\"BreadcrumbList\",\"@id\":\"https:\/\/xenonkungen.com\/nl\/product\/pt-zonneklep-30-cm-scania-ng-m-lazer-l-18-elite-wit-pos-licht\/#breadcrumb\",\"itemListElement\":[{\"@type\":\"ListItem\",\"position\":1,\"name\":\"Hem\",\"item\":\"https:\/\/xenonkungen.com\/\"},{\"@type\":\"ListItem\",\"position\":2,\"name\":\"Shop\",\"item\":\"https:\/\/xenonkungen.com\/shop\/\"},{\"@type\":\"ListItem\",\"position\":3,\"name\":\"PT-Solskydd 30 cm Scania NG m Lazer L-18 Elite vitt pos.ljus\"}]},{\"@type\":\"WebSite\",\"@id\":\"https:\/\/xenonkungen.com\/#website\",\"url\":\"https:\/\/xenonkungen.com\/\",\"name\":\"Xenonkungen\",\"description\":\"\",\"potentialAction\":[{\"@type\":\"SearchAction\",\"target\":{\"@type\":\"EntryPoint\",\"urlTemplate\":\"https:\/\/xenonkungen.com\/?s={search_term_string}\"},\"query-input\":{\"@type\":\"PropertyValueSpecification\",\"valueRequired\":true,\"valueName\":\"search_term_string\"}}],\"inLanguage\":\"de\"}]}<\/script>\n<!-- \/ Yoast SEO plugin. -->","yoast_head_json":{"title":"PT-Sonnenschutz 30 cm Scania NG mit Lazer L-18 Elite wei\u00dfem Positionslicht - Xenonkungen","robots":{"index":"index","follow":"follow","max-snippet":"max-snippet:-1","max-image-preview":"max-image-preview:large","max-video-preview":"max-video-preview:-1"},"canonical":"https:\/\/xenonkungen.com\/de\/produkt\/pt-sonnenblende-30-cm-scania-ng-m-lazer-l-18-elite-weis-pos-licht\/","og_locale":"de_DE","og_type":"article","og_title":"PT-Solskydd 30 cm Scania NG m Lazer L-18 Elite vitt pos.ljus - Xenonkungen","og_description":"PT-Solskydd 30 cm Scania NG m Lazer L-18 Elite vitt pos.ljus Solskydd f\u00f6r Scania NextGen inkl 2 st Lazer Linear-18 Elite. Solskyddet har perfekt passform och passar alla NGhytter (L-, P-, G-, R-, S- eller XT-serien). Alla inf\u00e4stningar \u00e4r samma som f\u00f6r originalsolskyddet. Det g\u00e4ller \u00e4ven original\u00f6verdelens inf\u00e4stning i solskyddet, vilket g\u00f6r att monteringen blir [&hellip;]","og_url":"https:\/\/xenonkungen.com\/de\/produkt\/pt-sonnenblende-30-cm-scania-ng-m-lazer-l-18-elite-weis-pos-licht\/","og_site_name":"Xenonkungen","article_modified_time":"2026-04-11T00:11:00+00:00","og_image":[{"width":2048,"height":1534,"url":"https:\/\/xenonkungen.com\/wp-content\/uploads\/2025\/04\/34-100215WLP_itemimage_mainfront.jpg","type":"image\/jpeg"}],"twitter_card":"summary_large_image","schema":{"@context":"https:\/\/schema.org","@graph":[{"@type":"WebPage","@id":"https:\/\/xenonkungen.com\/nl\/product\/pt-zonneklep-30-cm-scania-ng-m-lazer-l-18-elite-wit-pos-licht\/","url":"https:\/\/xenonkungen.com\/nl\/product\/pt-zonneklep-30-cm-scania-ng-m-lazer-l-18-elite-wit-pos-licht\/","name":"PT-Sonnenschutz 30 cm Scania NG mit Lazer L-18 Elite wei\u00dfem Positionslicht - Xenonkungen","isPartOf":{"@id":"https:\/\/xenonkungen.com\/#website"},"primaryImageOfPage":{"@id":"https:\/\/xenonkungen.com\/nl\/product\/pt-zonneklep-30-cm-scania-ng-m-lazer-l-18-elite-wit-pos-licht\/#primaryimage"},"image":{"@id":"https:\/\/xenonkungen.com\/nl\/product\/pt-zonneklep-30-cm-scania-ng-m-lazer-l-18-elite-wit-pos-licht\/#primaryimage"},"thumbnailUrl":"https:\/\/xenonkungen.com\/wp-content\/uploads\/2025\/04\/34-100215WLP_itemimage_mainfront.jpg","datePublished":"2025-04-15T09:43:38+00:00","dateModified":"2026-04-11T00:11:00+00:00","breadcrumb":{"@id":"https:\/\/xenonkungen.com\/nl\/product\/pt-zonneklep-30-cm-scania-ng-m-lazer-l-18-elite-wit-pos-licht\/#breadcrumb"},"inLanguage":"de","potentialAction":[{"@type":"ReadAction","target":["https:\/\/xenonkungen.com\/nl\/product\/pt-zonneklep-30-cm-scania-ng-m-lazer-l-18-elite-wit-pos-licht\/"]}]},{"@type":"ImageObject","inLanguage":"de","@id":"https:\/\/xenonkungen.com\/nl\/product\/pt-zonneklep-30-cm-scania-ng-m-lazer-l-18-elite-wit-pos-licht\/#primaryimage","url":"https:\/\/xenonkungen.com\/wp-content\/uploads\/2025\/04\/34-100215WLP_itemimage_mainfront.jpg","contentUrl":"https:\/\/xenonkungen.com\/wp-content\/uploads\/2025\/04\/34-100215WLP_itemimage_mainfront.jpg","width":2048,"height":1534},{"@type":"BreadcrumbList","@id":"https:\/\/xenonkungen.com\/nl\/product\/pt-zonneklep-30-cm-scania-ng-m-lazer-l-18-elite-wit-pos-licht\/#breadcrumb","itemListElement":[{"@type":"ListItem","position":1,"name":"Hem","item":"https:\/\/xenonkungen.com\/"},{"@type":"ListItem","position":2,"name":"Shop","item":"https:\/\/xenonkungen.com\/shop\/"},{"@type":"ListItem","position":3,"name":"PT-Solskydd 30 cm Scania NG m Lazer L-18 Elite vitt pos.ljus"}]},{"@type":"WebSite","@id":"https:\/\/xenonkungen.com\/#website","url":"https:\/\/xenonkungen.com\/","name":"Xenonkungen","description":"","potentialAction":[{"@type":"SearchAction","target":{"@type":"EntryPoint","urlTemplate":"https:\/\/xenonkungen.com\/?s={search_term_string}"},"query-input":{"@type":"PropertyValueSpecification","valueRequired":true,"valueName":"search_term_string"}}],"inLanguage":"de"}]}},"taxonomy_info":{"anvandningsomrade":[{"value":166,"label":"Lastbil"},{"value":238,"label":"SL\u00c4P"},{"value":2816,"label":"TRAILER"}],"product_brand":[{"value":2793,"label":"\u00d6VRIGT"}],"product_cat":[{"value":2611,"label":"Solskydd \/ Frontlucka"}],"product_tag":[{"value":2735,"label":"Lazer"}]},"featured_image_src_large":["https:\/\/xenonkungen.com\/wp-content\/uploads\/2025\/04\/34-100215WLP_itemimage_mainfront-1024x767.jpg",1024,767,true],"author_info":[],"comment_info":0,"_links":{"self":[{"href":"https:\/\/xenonkungen.com\/de\/wp-json\/wp\/v2\/product\/6200","targetHints":{"allow":["GET"]}}],"collection":[{"href":"https:\/\/xenonkungen.com\/de\/wp-json\/wp\/v2\/product"}],"about":[{"href":"https:\/\/xenonkungen.com\/de\/wp-json\/wp\/v2\/types\/product"}],"replies":[{"embeddable":true,"href":"https:\/\/xenonkungen.com\/de\/wp-json\/wp\/v2\/comments?post=6200"}],"wp:featuredmedia":[{"embeddable":true,"href":"https:\/\/xenonkungen.com\/de\/wp-json\/wp\/v2\/media\/6201"}],"wp:attachment":[{"href":"https:\/\/xenonkungen.com\/de\/wp-json\/wp\/v2\/media?parent=6200"}],"wp:term":[{"taxonomy":"anvandningsomrade","embeddable":true,"href":"https:\/\/xenonkungen.com\/de\/wp-json\/wp\/v2\/anvandningsomrade?post=6200"},{"taxonomy":"bilmarken","embeddable":true,"href":"https:\/\/xenonkungen.com\/de\/wp-json\/wp\/v2\/bilmarken?post=6200"},{"taxonomy":"product_brand","embeddable":true,"href":"https:\/\/xenonkungen.com\/de\/wp-json\/wp\/v2\/product_brand?post=6200"},{"taxonomy":"product_cat","embeddable":true,"href":"https:\/\/xenonkungen.com\/de\/wp-json\/wp\/v2\/product_cat?post=6200"},{"taxonomy":"product_tag","embeddable":true,"href":"https:\/\/xenonkungen.com\/de\/wp-json\/wp\/v2\/product_tag?post=6200"}],"curies":[{"name":"wp","href":"https:\/\/api.w.org\/{rel}","templated":true}]}}