{"id":6216,"date":"2025-04-15T09:44:00","date_gmt":"2025-04-15T09:44:00","guid":{"rendered":"https:\/\/xenonkungen.com\/product\/lazer-st2-evolution-extraljusramp-5-124-mm\/"},"modified":"2026-04-24T17:28:31","modified_gmt":"2026-04-24T16:28:31","slug":"lazer-st2-evolution-extra-light-rampe-5124-mm","status":"publish","type":"product","link":"https:\/\/xenonkungen.com\/de\/produkt\/lazer-st2-evolution-extra-light-rampe-5124-mm\/","title":{"rendered":"Lazer ST2 Evolution extra leichte Rampe 5\u2033 (124 mm)"},"content":{"rendered":"<h1>Lazer ST Evolution \u2013 LED-Leisten f\u00fcr optimale Beleuchtung<\/h1>\n<p>Die Lazer ST Evolution-Serie ist eine Reihe von LED-Rampen, die 2010 auf den Markt gebracht und seitdem mit einem flacheren und nahtloseren Design weiterentwickelt und aktualisiert wurde. Sie zeichnet sich durch verbesserte Witterungsbest\u00e4ndigkeit, einfachere Installation und modernste Beleuchtungstechnologie aus und bietet so optimale Rampen f\u00fcr die meisten Fahrzeuge und Anwendungsbereiche.<\/p>\n<h2>\u00dcberlegene Beleuchtung und Lichtverteilung<\/h2>\n<p>Jeder Lichtmast der ST Evolution-Serie ist mit leistungsstarken 11-W-LED-Lampen ausgestattet, die eine hervorragende Lichtleistung bieten und das Licht pr\u00e4zise dorthin lenken, wo es ben\u00f6tigt wird. Fortschrittliche Elektronik und effiziente, vakuummetallisierte Reflektoren sorgen f\u00fcr ein breites Lichtbild, das sich besonders f\u00fcr landwirtschaftliche Anwendungen und Offroad-Eins\u00e4tze eignet, bei denen h\u00e4ufig niedrige Geschwindigkeiten erforderlich sind. Das W\u00e4rmemanagementsystem des Lichtmastes verhindert eine \u00dcberhitzung, und die bruchsichere Polycarbonat-Linse mit Hartlackierung minimiert effektiv das Anhaften von Schnee und Schmutz.<\/p>\n<h2>Verschiedene L\u00e4ngen und garantierte Passform<\/h2>\n<p>Die ST Evolution Rampen sind in 8 verschiedenen L\u00e4ngen zwischen 124 und 1164 mm erh\u00e4ltlich. Sie sind 68 mm hoch und 64 mm tief. Dank der gro\u00dfen Auswahl an L\u00e4ngen finden Sie garantiert die passende f\u00fcr Ihr Fahrzeug. Kombinieren Sie doch einfach mehrere L\u00e4ngen, um die gew\u00fcnschte Beleuchtung zu erzielen.<\/p>","protected":false},"excerpt":{"rendered":"<p>Erleben Sie Fahrspa\u00df pur mit der Lazer ST2 Evolution Zusatzscheinwerferleiste! Mit einem Durchmesser von 124 mm (5 Zoll) bietet sie eine beeindruckende Helligkeit, die Sie in neue Dimensionen katapultiert. Die Leiste ist robust und langlebig und zeichnet sich durch hohe Qualit\u00e4t aus. Bestellen Sie Ihre Lazer ST2 Evolution Zusatzscheinwerferleiste noch heute in unserem Online-Shop und erleben Sie Licht auf einem ganz neuen Niveau!<\/p>","protected":false},"featured_media":6217,"comment_status":"closed","ping_status":"open","template":"","meta":{"_acf_changed":false,"_smort_price_nok":"2537","_smort_price_dkk":"1612","_smort_price_eur":"215.9","_smort_sale_price_nok":"","_smort_sale_price_dkk":"","_smort_sale_price_eur":"","smort_restorder":"","shipmondo_restorder":"","_kad_blocks_custom_css":"","_kad_blocks_head_custom_js":"","_kad_blocks_body_custom_js":"","_kad_blocks_footer_custom_js":"","smort_custom_pricelist_1":"1520","smort_custom_pricelist_2":"1520","smort_custom_pricelist_3":"1520","smort_custom_pricelist_4":"1900","smort_custom_pricelist_5":"1520"},"anvandningsomrade":[],"bilmarken":[],"product_brand":[1124],"product_cat":[2561,2966,2539,2168],"product_tag":[2735],"class_list":{"0":"post-6216","1":"product","2":"type-product","3":"status-publish","4":"has-post-thumbnail","6":"product_brand-lazer","7":"product_cat-lazer","8":"product_cat-ledramp-rak","9":"product_cat-ledramper","10":"product_cat-lazer-evolution","11":"product_tag-lazer","12":"pa_fargtemperatur-5000k","13":"pa_fuktskydd-varde-ipxx-ip68","14":"pa_godkannande-e-godkand-ece-r112","15":"pa_lampsockel-kontakt-superseal","16":"pa_led-chips-effekt-w-1728","17":"pa_ljusbild-driving","18":"pa_storlek-mm-124x68x64","19":"pa_stromforbrukning-16a144v","20":"pa_volt-v-multivolt-10-12-16-18-24-28-30-32","22":"first","23":"onbackorder","24":"taxable","25":"shipping-taxable","26":"purchasable","27":"product-type-simple"},"bundled_by":[],"bundle_stock_status":"onbackorder","bundle_stock_quantity":0,"bundle_virtual":false,"bundle_layout":"","bundle_add_to_cart_form_location":"","bundle_editable_in_cart":false,"bundle_sold_individually_context":"","bundle_item_grouping":"","bundle_min_size":"","bundle_max_size":"","bundle_price":[],"bundled_items":[],"bundle_sell_ids":[],"acf":[],"yoast_head":"<!-- This site is optimized with the Yoast SEO plugin v27.0 - https:\/\/yoast.com\/product\/yoast-seo-wordpress\/ -->\n<title>Lazer ST2 Evolution extraljusramp 5&quot; (124 mm) - Xenonkungen<\/title>\n<meta name=\"robots\" content=\"index, follow, max-snippet:-1, max-image-preview:large, max-video-preview:-1\" \/>\n<link rel=\"canonical\" href=\"https:\/\/xenonkungen.com\/de\/produkt\/lazer-st2-evolution-extra-light-rampe-5124-mm\/\" \/>\n<meta property=\"og:locale\" content=\"de_DE\" \/>\n<meta property=\"og:type\" content=\"article\" \/>\n<meta property=\"og:title\" content=\"Lazer ST2 Evolution extraljusramp 5&quot; (124 mm) - Xenonkungen\" \/>\n<meta property=\"og:description\" content=\"Upplev den ultimate k\u00f6rupplevelsen med Lazer ST2 Evolution extraljusramp! Med en diameter p\u00e5 5&quot; (124 mm) ger den en h\u00e4pnadsv\u00e4ckande ljusstyrka som kommer att ta dig till nya h\u00f6jder. Ljusrampen \u00e4r byggd f\u00f6r tuffa f\u00f6rh\u00e5llanden och h\u00e5ller h\u00f6g kvalitet och l\u00e5ng livsl\u00e4ngd. Best\u00e4ll din Lazer ST2 Evolution extraljusramp i v\u00e5r webbutik idag och se ljuset p\u00e5 en helt ny niv\u00e5!\" \/>\n<meta property=\"og:url\" content=\"https:\/\/xenonkungen.com\/de\/produkt\/lazer-st2-evolution-extra-light-rampe-5124-mm\/\" \/>\n<meta property=\"og:site_name\" content=\"Xenonkungen\" \/>\n<meta property=\"article:modified_time\" content=\"2026-04-24T16:28:31+00:00\" \/>\n<meta property=\"og:image\" content=\"https:\/\/xenonkungen.com\/wp-content\/uploads\/2025\/04\/189889901-origpic-c7a6e5.jpg\" \/>\n\t<meta property=\"og:image:width\" content=\"1000\" \/>\n\t<meta property=\"og:image:height\" content=\"750\" \/>\n\t<meta property=\"og:image:type\" content=\"image\/jpeg\" \/>\n<meta name=\"twitter:card\" content=\"summary_large_image\" \/>\n<meta name=\"twitter:label1\" content=\"Gesch\u00e4tzte Lesezeit\" \/>\n\t<meta name=\"twitter:data1\" content=\"1\u00a0Minute\" \/>\n<script type=\"application\/ld+json\" class=\"yoast-schema-graph\">{\"@context\":\"https:\/\/schema.org\",\"@graph\":[{\"@type\":\"WebPage\",\"@id\":\"https:\/\/xenonkungen.com\/produkt\/lazer-st2-evolution-extraljusramp-5-124-mm\/\",\"url\":\"https:\/\/xenonkungen.com\/produkt\/lazer-st2-evolution-extraljusramp-5-124-mm\/\",\"name\":\"Lazer ST2 Evolution extraljusramp 5\\\" (124 mm) - Xenonkungen\",\"isPartOf\":{\"@id\":\"https:\/\/xenonkungen.com\/#website\"},\"primaryImageOfPage\":{\"@id\":\"https:\/\/xenonkungen.com\/produkt\/lazer-st2-evolution-extraljusramp-5-124-mm\/#primaryimage\"},\"image\":{\"@id\":\"https:\/\/xenonkungen.com\/produkt\/lazer-st2-evolution-extraljusramp-5-124-mm\/#primaryimage\"},\"thumbnailUrl\":\"https:\/\/xenonkungen.com\/wp-content\/uploads\/2025\/04\/189889901-origpic-c7a6e5.jpg\",\"datePublished\":\"2025-04-15T09:44:00+00:00\",\"dateModified\":\"2026-04-24T16:28:31+00:00\",\"breadcrumb\":{\"@id\":\"https:\/\/xenonkungen.com\/produkt\/lazer-st2-evolution-extraljusramp-5-124-mm\/#breadcrumb\"},\"inLanguage\":\"de\",\"potentialAction\":[{\"@type\":\"ReadAction\",\"target\":[\"https:\/\/xenonkungen.com\/produkt\/lazer-st2-evolution-extraljusramp-5-124-mm\/\"]}]},{\"@type\":\"ImageObject\",\"inLanguage\":\"de\",\"@id\":\"https:\/\/xenonkungen.com\/produkt\/lazer-st2-evolution-extraljusramp-5-124-mm\/#primaryimage\",\"url\":\"https:\/\/xenonkungen.com\/wp-content\/uploads\/2025\/04\/189889901-origpic-c7a6e5.jpg\",\"contentUrl\":\"https:\/\/xenonkungen.com\/wp-content\/uploads\/2025\/04\/189889901-origpic-c7a6e5.jpg\",\"width\":1000,\"height\":750},{\"@type\":\"BreadcrumbList\",\"@id\":\"https:\/\/xenonkungen.com\/produkt\/lazer-st2-evolution-extraljusramp-5-124-mm\/#breadcrumb\",\"itemListElement\":[{\"@type\":\"ListItem\",\"position\":1,\"name\":\"Hem\",\"item\":\"https:\/\/xenonkungen.com\/\"},{\"@type\":\"ListItem\",\"position\":2,\"name\":\"Shop\",\"item\":\"https:\/\/xenonkungen.com\/shop\/\"},{\"@type\":\"ListItem\",\"position\":3,\"name\":\"Lazer ST2 Evolution extraljusramp 5&#8243; (124 mm)\"}]},{\"@type\":\"WebSite\",\"@id\":\"https:\/\/xenonkungen.com\/#website\",\"url\":\"https:\/\/xenonkungen.com\/\",\"name\":\"Xenonkungen\",\"description\":\"\",\"potentialAction\":[{\"@type\":\"SearchAction\",\"target\":{\"@type\":\"EntryPoint\",\"urlTemplate\":\"https:\/\/xenonkungen.com\/?s={search_term_string}\"},\"query-input\":{\"@type\":\"PropertyValueSpecification\",\"valueRequired\":true,\"valueName\":\"search_term_string\"}}],\"inLanguage\":\"de\"}]}<\/script>\n<!-- \/ Yoast SEO plugin. -->","yoast_head_json":{"title":"Lazer ST2 Evolution Zusatzlichtleiste 5&quot; (124 mm) - Der Xenon-K\u00f6nig","robots":{"index":"index","follow":"follow","max-snippet":"max-snippet:-1","max-image-preview":"max-image-preview:large","max-video-preview":"max-video-preview:-1"},"canonical":"https:\/\/xenonkungen.com\/de\/produkt\/lazer-st2-evolution-extra-light-rampe-5124-mm\/","og_locale":"de_DE","og_type":"article","og_title":"Lazer ST2 Evolution extraljusramp 5\" (124 mm) - Xenonkungen","og_description":"Upplev den ultimate k\u00f6rupplevelsen med Lazer ST2 Evolution extraljusramp! Med en diameter p\u00e5 5\" (124 mm) ger den en h\u00e4pnadsv\u00e4ckande ljusstyrka som kommer att ta dig till nya h\u00f6jder. Ljusrampen \u00e4r byggd f\u00f6r tuffa f\u00f6rh\u00e5llanden och h\u00e5ller h\u00f6g kvalitet och l\u00e5ng livsl\u00e4ngd. Best\u00e4ll din Lazer ST2 Evolution extraljusramp i v\u00e5r webbutik idag och se ljuset p\u00e5 en helt ny niv\u00e5!","og_url":"https:\/\/xenonkungen.com\/de\/produkt\/lazer-st2-evolution-extra-light-rampe-5124-mm\/","og_site_name":"Xenonkungen","article_modified_time":"2026-04-24T16:28:31+00:00","og_image":[{"width":1000,"height":750,"url":"https:\/\/xenonkungen.com\/wp-content\/uploads\/2025\/04\/189889901-origpic-c7a6e5.jpg","type":"image\/jpeg"}],"twitter_card":"summary_large_image","twitter_misc":{"Gesch\u00e4tzte Lesezeit":"1\u00a0Minute"},"schema":{"@context":"https:\/\/schema.org","@graph":[{"@type":"WebPage","@id":"https:\/\/xenonkungen.com\/produkt\/lazer-st2-evolution-extraljusramp-5-124-mm\/","url":"https:\/\/xenonkungen.com\/produkt\/lazer-st2-evolution-extraljusramp-5-124-mm\/","name":"Lazer ST2 Evolution Zusatzlichtleiste 5&quot; (124 mm) - Der Xenon-K\u00f6nig","isPartOf":{"@id":"https:\/\/xenonkungen.com\/#website"},"primaryImageOfPage":{"@id":"https:\/\/xenonkungen.com\/produkt\/lazer-st2-evolution-extraljusramp-5-124-mm\/#primaryimage"},"image":{"@id":"https:\/\/xenonkungen.com\/produkt\/lazer-st2-evolution-extraljusramp-5-124-mm\/#primaryimage"},"thumbnailUrl":"https:\/\/xenonkungen.com\/wp-content\/uploads\/2025\/04\/189889901-origpic-c7a6e5.jpg","datePublished":"2025-04-15T09:44:00+00:00","dateModified":"2026-04-24T16:28:31+00:00","breadcrumb":{"@id":"https:\/\/xenonkungen.com\/produkt\/lazer-st2-evolution-extraljusramp-5-124-mm\/#breadcrumb"},"inLanguage":"de","potentialAction":[{"@type":"ReadAction","target":["https:\/\/xenonkungen.com\/produkt\/lazer-st2-evolution-extraljusramp-5-124-mm\/"]}]},{"@type":"ImageObject","inLanguage":"de","@id":"https:\/\/xenonkungen.com\/produkt\/lazer-st2-evolution-extraljusramp-5-124-mm\/#primaryimage","url":"https:\/\/xenonkungen.com\/wp-content\/uploads\/2025\/04\/189889901-origpic-c7a6e5.jpg","contentUrl":"https:\/\/xenonkungen.com\/wp-content\/uploads\/2025\/04\/189889901-origpic-c7a6e5.jpg","width":1000,"height":750},{"@type":"BreadcrumbList","@id":"https:\/\/xenonkungen.com\/produkt\/lazer-st2-evolution-extraljusramp-5-124-mm\/#breadcrumb","itemListElement":[{"@type":"ListItem","position":1,"name":"Hem","item":"https:\/\/xenonkungen.com\/"},{"@type":"ListItem","position":2,"name":"Shop","item":"https:\/\/xenonkungen.com\/shop\/"},{"@type":"ListItem","position":3,"name":"Lazer ST2 Evolution extraljusramp 5&#8243; (124 mm)"}]},{"@type":"WebSite","@id":"https:\/\/xenonkungen.com\/#website","url":"https:\/\/xenonkungen.com\/","name":"Xenonkungen","description":"","potentialAction":[{"@type":"SearchAction","target":{"@type":"EntryPoint","urlTemplate":"https:\/\/xenonkungen.com\/?s={search_term_string}"},"query-input":{"@type":"PropertyValueSpecification","valueRequired":true,"valueName":"search_term_string"}}],"inLanguage":"de"}]}},"taxonomy_info":{"product_brand":[{"value":1124,"label":"Lazer"}],"product_cat":[{"value":2561,"label":"Lazer"},{"value":2966,"label":"Ledramp Rak"},{"value":2539,"label":"LEDRAMPER"},{"value":2168,"label":"LAZER EVOLUTION"}],"product_tag":[{"value":2735,"label":"Lazer"}],"pa_fargtemperatur":[{"value":154,"label":"5000K"}],"pa_fuktskydd-varde-ipxx":[{"value":177,"label":"IP68"}],"pa_godkannande":[{"value":1709,"label":"E-godk\u00e4nd, ECE, R112"}],"pa_lampsockel-kontakt":[{"value":1122,"label":"Superseal"}],"pa_led-chips-effekt-w":[{"value":1728,"label":"23"}],"pa_ljusbild":[{"value":178,"label":"Driving"}],"pa_storlek-mm":[{"value":1727,"label":"124x68x64"}],"pa_stromforbrukning":[{"value":1366,"label":"1,6A@14,4V"}],"pa_volt-v":[{"value":1084,"label":"Multivolt, 10, 12, 16, 18, 24, 28, 30, 32"}]},"featured_image_src_large":["https:\/\/xenonkungen.com\/wp-content\/uploads\/2025\/04\/189889901-origpic-c7a6e5.jpg",1000,750,false],"author_info":[],"comment_info":0,"_links":{"self":[{"href":"https:\/\/xenonkungen.com\/de\/wp-json\/wp\/v2\/product\/6216","targetHints":{"allow":["GET"]}}],"collection":[{"href":"https:\/\/xenonkungen.com\/de\/wp-json\/wp\/v2\/product"}],"about":[{"href":"https:\/\/xenonkungen.com\/de\/wp-json\/wp\/v2\/types\/product"}],"replies":[{"embeddable":true,"href":"https:\/\/xenonkungen.com\/de\/wp-json\/wp\/v2\/comments?post=6216"}],"wp:featuredmedia":[{"embeddable":true,"href":"https:\/\/xenonkungen.com\/de\/wp-json\/wp\/v2\/media\/6217"}],"wp:attachment":[{"href":"https:\/\/xenonkungen.com\/de\/wp-json\/wp\/v2\/media?parent=6216"}],"wp:term":[{"taxonomy":"anvandningsomrade","embeddable":true,"href":"https:\/\/xenonkungen.com\/de\/wp-json\/wp\/v2\/anvandningsomrade?post=6216"},{"taxonomy":"bilmarken","embeddable":true,"href":"https:\/\/xenonkungen.com\/de\/wp-json\/wp\/v2\/bilmarken?post=6216"},{"taxonomy":"product_brand","embeddable":true,"href":"https:\/\/xenonkungen.com\/de\/wp-json\/wp\/v2\/product_brand?post=6216"},{"taxonomy":"product_cat","embeddable":true,"href":"https:\/\/xenonkungen.com\/de\/wp-json\/wp\/v2\/product_cat?post=6216"},{"taxonomy":"product_tag","embeddable":true,"href":"https:\/\/xenonkungen.com\/de\/wp-json\/wp\/v2\/product_tag?post=6216"}],"curies":[{"name":"wp","href":"https:\/\/api.w.org\/{rel}","templated":true}]}}