{"id":6267,"date":"2025-04-15T09:44:21","date_gmt":"2025-04-15T09:44:21","guid":{"rendered":"https:\/\/xenonkungen.com\/product\/lazer-t28-evolution-extraljusramp-46-1164-mm\/"},"modified":"2026-04-24T17:28:40","modified_gmt":"2026-04-24T16:28:40","slug":"lazer-t28-evolution-extra-light-ramp-46-1164-mm","status":"publish","type":"product","link":"https:\/\/xenonkungen.com\/de\/produkt\/lazer-t28-evolution-extra-light-ramp-46-1164-mm\/","title":{"rendered":"Lazer T28 Evolution extra leichte Rampe 46\u2033 (1164 mm)"},"content":{"rendered":"<h1>Linear \u2013 Hochwertige Zusatzlichtleisten von Lazer f\u00fcr den t\u00e4glichen Gebrauch<\/h1>\n<p>Entdecken Sie die Premium-Serie Linear von Lazer \u2013 hochwertige Zusatzscheinwerfer f\u00fcr den Alltag, erh\u00e4ltlich in den Ausf\u00fchrungen Standard und Elite. Die Linear-Serie vereint erstklassige Lichtleistung mit einem eleganten und aerodynamischen Design. Dank der mitgelieferten Edelstahlbefestigungen lassen sich die Scheinwerfer einfach montieren und sorgen f\u00fcr optimale Ausleuchtung der Stra\u00dfe.<\/p>\n<p>Linear Standard ist in sechs verschiedenen L\u00e4ngen zwischen 232 und 1282 mm erh\u00e4ltlich und hat eine H\u00f6he von nur 40 mm und eine Tiefe von 62 mm, wodurch es sich ideal f\u00fcr die Installation auch auf engstem Raum eignet.<\/p>\n<p>Jede Rampe ist mit hochwertigen 3-W-LED-Leuchten hinter einer bruchsicheren Polycarbonatlinse ausgestattet. Die Linse ist zudem oberfl\u00e4chenbehandelt, um Schnee und Schmutz, die die Lichtausbeute beeintr\u00e4chtigen k\u00f6nnten, effektiv abzuweisen.<\/p>\n<p>Das leichte Aluminium-Lampengeh\u00e4use in Kombination mit den schlanken Abmessungen minimiert das Gewicht der Rampen. Dank des aerodynamischen Designs f\u00fcgen sich die Rampen optimal ins Erscheinungsbild ein, egal ob Sie sie vorne oder auf dem Dach des Fahrzeugs montieren. Linear Standard \u2013 eine Rampe, auf die Sie sich lange verlassen k\u00f6nnen!<\/p>\n<p>Mit einer 5-j\u00e4hrigen Funktionsgarantie k\u00f6nnen Sie sicher sein, dass die Lazer Linear Standard eine zuverl\u00e4ssige und leistungsstarke Zusatzlichtleiste ist, die Ihnen lange Zeit hervorragende Ausleuchtung bieten wird!<\/p>","protected":false},"excerpt":{"rendered":"<p>Linear &#8211; Lazers h\u00f6gklassiga extraljusrampar f\u00f6r dagligt bruk Utforska Lazers h\u00f6gklassiga serie extraljusrampar f\u00f6r dagligt bruk, Linear, tillg\u00e4ngliga i b\u00e5de Standard- och Elite-versioner. I Linear-serien kombineras absolut b\u00e4sta ljusprestanda med en slank och aerodynamisk design. Ramparna \u00e4r l\u00e4tta att installera med de medf\u00f6ljande rostfria st\u00e5lbeslagen och ger en fantastisk belysning p\u00e5 v\u00e4garna. Linear Standard finns [&hellip;]<\/p>","protected":false},"featured_media":6268,"comment_status":"closed","ping_status":"open","template":"","meta":{"_acf_changed":false,"_smort_price_nok":"15087","_smort_price_dkk":"9585","_smort_price_eur":"1284.03","_smort_sale_price_nok":"","_smort_sale_price_dkk":"","_smort_sale_price_eur":"","smort_restorder":"","shipmondo_restorder":"","_kad_blocks_custom_css":"","_kad_blocks_head_custom_js":"","_kad_blocks_body_custom_js":"","_kad_blocks_footer_custom_js":"","smort_custom_pricelist_1":"9040","smort_custom_pricelist_2":"9040","smort_custom_pricelist_3":"9040","smort_custom_pricelist_4":"11300","smort_custom_pricelist_5":"9040"},"anvandningsomrade":[],"bilmarken":[],"product_brand":[1124],"product_cat":[2561,2966,2539,2168],"product_tag":[2735],"class_list":{"0":"post-6267","1":"product","2":"type-product","3":"status-publish","4":"has-post-thumbnail","6":"product_brand-lazer","7":"product_cat-lazer","8":"product_cat-ledramp-rak","9":"product_cat-ledramper","10":"product_cat-lazer-evolution","11":"product_tag-lazer","12":"pa_fargtemperatur-5000k","13":"pa_fuktskydd-varde-ipxx-ip68","14":"pa_godkannande-e-godkand-ece-r10","15":"pa_lampsockel-kontakt-superseal","16":"pa_led-chips-effekt-w-1744","17":"pa_ljusbild-driving","18":"pa_storlek-mm-1164x68x64","19":"pa_stromforbrukning-193a144v","20":"pa_volt-v-multivolt-10-12-16-18-24-28-30-32","22":"first","23":"onbackorder","24":"taxable","25":"shipping-taxable","26":"purchasable","27":"product-type-simple"},"bundled_by":[],"bundle_stock_status":"onbackorder","bundle_stock_quantity":0,"bundle_virtual":false,"bundle_layout":"","bundle_add_to_cart_form_location":"","bundle_editable_in_cart":false,"bundle_sold_individually_context":"","bundle_item_grouping":"","bundle_min_size":"","bundle_max_size":"","bundle_price":[],"bundled_items":[],"bundle_sell_ids":[],"acf":[],"yoast_head":"<!-- This site is optimized with the Yoast SEO plugin v27.0 - https:\/\/yoast.com\/product\/yoast-seo-wordpress\/ -->\n<title>Lazer T28 Evolution extraljusramp 46&quot; (1164 mm) - Xenonkungen<\/title>\n<meta name=\"robots\" content=\"index, follow, max-snippet:-1, max-image-preview:large, max-video-preview:-1\" \/>\n<link rel=\"canonical\" href=\"https:\/\/xenonkungen.com\/de\/produkt\/lazer-t28-evolution-extra-light-ramp-46-1164-mm\/\" \/>\n<meta property=\"og:locale\" content=\"de_DE\" \/>\n<meta property=\"og:type\" content=\"article\" \/>\n<meta property=\"og:title\" content=\"Lazer T28 Evolution extraljusramp 46&quot; (1164 mm) - Xenonkungen\" \/>\n<meta property=\"og:description\" content=\"Linear &#8211; Lazers h\u00f6gklassiga extraljusrampar f\u00f6r dagligt bruk Utforska Lazers h\u00f6gklassiga serie extraljusrampar f\u00f6r dagligt bruk, Linear, tillg\u00e4ngliga i b\u00e5de Standard- och Elite-versioner. I Linear-serien kombineras absolut b\u00e4sta ljusprestanda med en slank och aerodynamisk design. Ramparna \u00e4r l\u00e4tta att installera med de medf\u00f6ljande rostfria st\u00e5lbeslagen och ger en fantastisk belysning p\u00e5 v\u00e4garna. Linear Standard finns [&hellip;]\" \/>\n<meta property=\"og:url\" content=\"https:\/\/xenonkungen.com\/de\/produkt\/lazer-t28-evolution-extra-light-ramp-46-1164-mm\/\" \/>\n<meta property=\"og:site_name\" content=\"Xenonkungen\" \/>\n<meta property=\"article:modified_time\" content=\"2026-04-24T16:28:40+00:00\" \/>\n<meta property=\"og:image\" content=\"https:\/\/xenonkungen.com\/wp-content\/uploads\/2025\/04\/t28-angled_1000x750.jpg\" \/>\n\t<meta property=\"og:image:width\" content=\"1000\" \/>\n\t<meta property=\"og:image:height\" content=\"750\" \/>\n\t<meta property=\"og:image:type\" content=\"image\/jpeg\" \/>\n<meta name=\"twitter:card\" content=\"summary_large_image\" \/>\n<meta name=\"twitter:label1\" content=\"Gesch\u00e4tzte Lesezeit\" \/>\n\t<meta name=\"twitter:data1\" content=\"1\u00a0Minute\" \/>\n<script type=\"application\/ld+json\" class=\"yoast-schema-graph\">{\"@context\":\"https:\/\/schema.org\",\"@graph\":[{\"@type\":\"WebPage\",\"@id\":\"https:\/\/xenonkungen.com\/produkt\/lazer-t28-evolution-extraljusramp-46-1164-mm\/\",\"url\":\"https:\/\/xenonkungen.com\/produkt\/lazer-t28-evolution-extraljusramp-46-1164-mm\/\",\"name\":\"Lazer T28 Evolution extraljusramp 46\\\" (1164 mm) - Xenonkungen\",\"isPartOf\":{\"@id\":\"https:\/\/xenonkungen.com\/#website\"},\"primaryImageOfPage\":{\"@id\":\"https:\/\/xenonkungen.com\/produkt\/lazer-t28-evolution-extraljusramp-46-1164-mm\/#primaryimage\"},\"image\":{\"@id\":\"https:\/\/xenonkungen.com\/produkt\/lazer-t28-evolution-extraljusramp-46-1164-mm\/#primaryimage\"},\"thumbnailUrl\":\"https:\/\/xenonkungen.com\/wp-content\/uploads\/2025\/04\/t28-angled_1000x750.jpg\",\"datePublished\":\"2025-04-15T09:44:21+00:00\",\"dateModified\":\"2026-04-24T16:28:40+00:00\",\"breadcrumb\":{\"@id\":\"https:\/\/xenonkungen.com\/produkt\/lazer-t28-evolution-extraljusramp-46-1164-mm\/#breadcrumb\"},\"inLanguage\":\"de\",\"potentialAction\":[{\"@type\":\"ReadAction\",\"target\":[\"https:\/\/xenonkungen.com\/produkt\/lazer-t28-evolution-extraljusramp-46-1164-mm\/\"]}]},{\"@type\":\"ImageObject\",\"inLanguage\":\"de\",\"@id\":\"https:\/\/xenonkungen.com\/produkt\/lazer-t28-evolution-extraljusramp-46-1164-mm\/#primaryimage\",\"url\":\"https:\/\/xenonkungen.com\/wp-content\/uploads\/2025\/04\/t28-angled_1000x750.jpg\",\"contentUrl\":\"https:\/\/xenonkungen.com\/wp-content\/uploads\/2025\/04\/t28-angled_1000x750.jpg\",\"width\":1000,\"height\":750},{\"@type\":\"BreadcrumbList\",\"@id\":\"https:\/\/xenonkungen.com\/produkt\/lazer-t28-evolution-extraljusramp-46-1164-mm\/#breadcrumb\",\"itemListElement\":[{\"@type\":\"ListItem\",\"position\":1,\"name\":\"Hem\",\"item\":\"https:\/\/xenonkungen.com\/\"},{\"@type\":\"ListItem\",\"position\":2,\"name\":\"Shop\",\"item\":\"https:\/\/xenonkungen.com\/shop\/\"},{\"@type\":\"ListItem\",\"position\":3,\"name\":\"Lazer T28 Evolution extraljusramp 46&#8243; (1164 mm)\"}]},{\"@type\":\"WebSite\",\"@id\":\"https:\/\/xenonkungen.com\/#website\",\"url\":\"https:\/\/xenonkungen.com\/\",\"name\":\"Xenonkungen\",\"description\":\"\",\"potentialAction\":[{\"@type\":\"SearchAction\",\"target\":{\"@type\":\"EntryPoint\",\"urlTemplate\":\"https:\/\/xenonkungen.com\/?s={search_term_string}\"},\"query-input\":{\"@type\":\"PropertyValueSpecification\",\"valueRequired\":true,\"valueName\":\"search_term_string\"}}],\"inLanguage\":\"de\"}]}<\/script>\n<!-- \/ Yoast SEO plugin. -->","yoast_head_json":{"title":"Lazer T28 Evolution Zusatzlichtleiste 46&quot; (1164 mm) - Der Xenon-K\u00f6nig","robots":{"index":"index","follow":"follow","max-snippet":"max-snippet:-1","max-image-preview":"max-image-preview:large","max-video-preview":"max-video-preview:-1"},"canonical":"https:\/\/xenonkungen.com\/de\/produkt\/lazer-t28-evolution-extra-light-ramp-46-1164-mm\/","og_locale":"de_DE","og_type":"article","og_title":"Lazer T28 Evolution extraljusramp 46\" (1164 mm) - Xenonkungen","og_description":"Linear &#8211; Lazers h\u00f6gklassiga extraljusrampar f\u00f6r dagligt bruk Utforska Lazers h\u00f6gklassiga serie extraljusrampar f\u00f6r dagligt bruk, Linear, tillg\u00e4ngliga i b\u00e5de Standard- och Elite-versioner. I Linear-serien kombineras absolut b\u00e4sta ljusprestanda med en slank och aerodynamisk design. Ramparna \u00e4r l\u00e4tta att installera med de medf\u00f6ljande rostfria st\u00e5lbeslagen och ger en fantastisk belysning p\u00e5 v\u00e4garna. Linear Standard finns [&hellip;]","og_url":"https:\/\/xenonkungen.com\/de\/produkt\/lazer-t28-evolution-extra-light-ramp-46-1164-mm\/","og_site_name":"Xenonkungen","article_modified_time":"2026-04-24T16:28:40+00:00","og_image":[{"width":1000,"height":750,"url":"https:\/\/xenonkungen.com\/wp-content\/uploads\/2025\/04\/t28-angled_1000x750.jpg","type":"image\/jpeg"}],"twitter_card":"summary_large_image","twitter_misc":{"Gesch\u00e4tzte Lesezeit":"1\u00a0Minute"},"schema":{"@context":"https:\/\/schema.org","@graph":[{"@type":"WebPage","@id":"https:\/\/xenonkungen.com\/produkt\/lazer-t28-evolution-extraljusramp-46-1164-mm\/","url":"https:\/\/xenonkungen.com\/produkt\/lazer-t28-evolution-extraljusramp-46-1164-mm\/","name":"Lazer T28 Evolution Zusatzlichtleiste 46&quot; (1164 mm) - Der Xenon-K\u00f6nig","isPartOf":{"@id":"https:\/\/xenonkungen.com\/#website"},"primaryImageOfPage":{"@id":"https:\/\/xenonkungen.com\/produkt\/lazer-t28-evolution-extraljusramp-46-1164-mm\/#primaryimage"},"image":{"@id":"https:\/\/xenonkungen.com\/produkt\/lazer-t28-evolution-extraljusramp-46-1164-mm\/#primaryimage"},"thumbnailUrl":"https:\/\/xenonkungen.com\/wp-content\/uploads\/2025\/04\/t28-angled_1000x750.jpg","datePublished":"2025-04-15T09:44:21+00:00","dateModified":"2026-04-24T16:28:40+00:00","breadcrumb":{"@id":"https:\/\/xenonkungen.com\/produkt\/lazer-t28-evolution-extraljusramp-46-1164-mm\/#breadcrumb"},"inLanguage":"de","potentialAction":[{"@type":"ReadAction","target":["https:\/\/xenonkungen.com\/produkt\/lazer-t28-evolution-extraljusramp-46-1164-mm\/"]}]},{"@type":"ImageObject","inLanguage":"de","@id":"https:\/\/xenonkungen.com\/produkt\/lazer-t28-evolution-extraljusramp-46-1164-mm\/#primaryimage","url":"https:\/\/xenonkungen.com\/wp-content\/uploads\/2025\/04\/t28-angled_1000x750.jpg","contentUrl":"https:\/\/xenonkungen.com\/wp-content\/uploads\/2025\/04\/t28-angled_1000x750.jpg","width":1000,"height":750},{"@type":"BreadcrumbList","@id":"https:\/\/xenonkungen.com\/produkt\/lazer-t28-evolution-extraljusramp-46-1164-mm\/#breadcrumb","itemListElement":[{"@type":"ListItem","position":1,"name":"Hem","item":"https:\/\/xenonkungen.com\/"},{"@type":"ListItem","position":2,"name":"Shop","item":"https:\/\/xenonkungen.com\/shop\/"},{"@type":"ListItem","position":3,"name":"Lazer T28 Evolution extraljusramp 46&#8243; (1164 mm)"}]},{"@type":"WebSite","@id":"https:\/\/xenonkungen.com\/#website","url":"https:\/\/xenonkungen.com\/","name":"Xenonkungen","description":"","potentialAction":[{"@type":"SearchAction","target":{"@type":"EntryPoint","urlTemplate":"https:\/\/xenonkungen.com\/?s={search_term_string}"},"query-input":{"@type":"PropertyValueSpecification","valueRequired":true,"valueName":"search_term_string"}}],"inLanguage":"de"}]}},"taxonomy_info":{"product_brand":[{"value":1124,"label":"Lazer"}],"product_cat":[{"value":2561,"label":"Lazer"},{"value":2966,"label":"Ledramp Rak"},{"value":2539,"label":"LEDRAMPER"},{"value":2168,"label":"LAZER EVOLUTION"}],"product_tag":[{"value":2735,"label":"Lazer"}],"pa_fargtemperatur":[{"value":154,"label":"5000K"}],"pa_fuktskydd-varde-ipxx":[{"value":177,"label":"IP68"}],"pa_godkannande":[{"value":900,"label":"E-Godk\u00e4nd, ECE, R10"}],"pa_lampsockel-kontakt":[{"value":1122,"label":"Superseal"}],"pa_led-chips-effekt-w":[{"value":1744,"label":"278"}],"pa_ljusbild":[{"value":178,"label":"Driving"}],"pa_storlek-mm":[{"value":1743,"label":"1164x68x64"}],"pa_stromforbrukning":[{"value":1745,"label":"19,3A@14,4V"}],"pa_volt-v":[{"value":1084,"label":"Multivolt, 10, 12, 16, 18, 24, 28, 30, 32"}]},"featured_image_src_large":["https:\/\/xenonkungen.com\/wp-content\/uploads\/2025\/04\/t28-angled_1000x750.jpg",1000,750,false],"author_info":[],"comment_info":0,"_links":{"self":[{"href":"https:\/\/xenonkungen.com\/de\/wp-json\/wp\/v2\/product\/6267","targetHints":{"allow":["GET"]}}],"collection":[{"href":"https:\/\/xenonkungen.com\/de\/wp-json\/wp\/v2\/product"}],"about":[{"href":"https:\/\/xenonkungen.com\/de\/wp-json\/wp\/v2\/types\/product"}],"replies":[{"embeddable":true,"href":"https:\/\/xenonkungen.com\/de\/wp-json\/wp\/v2\/comments?post=6267"}],"wp:featuredmedia":[{"embeddable":true,"href":"https:\/\/xenonkungen.com\/de\/wp-json\/wp\/v2\/media\/6268"}],"wp:attachment":[{"href":"https:\/\/xenonkungen.com\/de\/wp-json\/wp\/v2\/media?parent=6267"}],"wp:term":[{"taxonomy":"anvandningsomrade","embeddable":true,"href":"https:\/\/xenonkungen.com\/de\/wp-json\/wp\/v2\/anvandningsomrade?post=6267"},{"taxonomy":"bilmarken","embeddable":true,"href":"https:\/\/xenonkungen.com\/de\/wp-json\/wp\/v2\/bilmarken?post=6267"},{"taxonomy":"product_brand","embeddable":true,"href":"https:\/\/xenonkungen.com\/de\/wp-json\/wp\/v2\/product_brand?post=6267"},{"taxonomy":"product_cat","embeddable":true,"href":"https:\/\/xenonkungen.com\/de\/wp-json\/wp\/v2\/product_cat?post=6267"},{"taxonomy":"product_tag","embeddable":true,"href":"https:\/\/xenonkungen.com\/de\/wp-json\/wp\/v2\/product_tag?post=6267"}],"curies":[{"name":"wp","href":"https:\/\/api.w.org\/{rel}","templated":true}]}}