{"id":6278,"date":"2025-04-15T09:44:45","date_gmt":"2025-04-15T09:44:45","guid":{"rendered":"https:\/\/xenonkungen.com\/product\/rafflat-linskit-15-vertikal-for-st4-evolution\/"},"modified":"2025-12-10T14:47:37","modified_gmt":"2025-12-10T13:47:37","slug":"ruschenleinen-set-15-vertikal-fur-st4-evolution","status":"publish","type":"product","link":"https:\/\/xenonkungen.com\/de\/produkt\/ruschenleinen-set-15-vertikal-fur-st4-evolution\/","title":{"rendered":"Ger\u00e4ndelter Linsensatz 15\u00b0 vertikal f\u00fcr ST4 Evolution"},"content":{"rendered":"<h1>Laserdiffusionslinsen: Sch\u00fctzen und verbessern Sie Ihre Beleuchtung<\/h1>\n<p>Verbessern Sie Ihre Beleuchtung und sch\u00fctzen Sie Ihre LED-Leuchten mit Lazer Diffusionslinsen. Die aus robustem Acryl gefertigten Linsen sind passend f\u00fcr die Triple-R- und ST Evolution-Serien. Dank einfacher Montage und vielf\u00e4ltiger Funktionen bieten sie eine effektive M\u00f6glichkeit, Ihr Fahrerlebnis zu optimieren.<\/p>\n<h2>Einfache Installation und flexible Anwendung<\/h2>\n<p>Alle Diffusorlinsen decken vier LED-Module ab, sodass Sie bei l\u00e4ngeren Rampen eine oder mehrere Linsen verwenden k\u00f6nnen, um ein individuelles Lichtmuster zu erzeugen. Die Linsen lassen sich mit den vier mitgelieferten Clips einfach montieren und bei Bedarf wieder entfernen.<\/p>\n<h2>Steinschutz und verbesserte Haltbarkeit<\/h2>\n<p>Die Diffusionslinsen von Lazer verbessern nicht nur die Lichtstreuung, sondern dienen auch als Steinschlagschutz und sch\u00fctzen so die Originallinse der LED-Leiste vor Kratzern und Abnutzung. Zus\u00e4tzlich verhindern die dicht schlie\u00dfenden Dichtungen das Eindringen von Wasser und Schmutz und tragen so zur Verl\u00e4ngerung der Lebensdauer der LED-Leiste bei.<\/p>\n<h2>Verbesserte Sicht und adaptive Beleuchtung<\/h2>\n<p>Die klaren Diffusorlinsen sind gerippt und bieten einen Diffusorwinkel von 15\u00b0 oder 30\u00b0. Dadurch wird das urspr\u00fcngliche Lichtbild erweitert und die Sicht zur Seite des Fahrzeugs verbessert. Zus\u00e4tzlich sind gelbe Diffusorlinsen mit glatter Oberfl\u00e4che erh\u00e4ltlich. Diese gelben Linsen verbessern die Sicht bei schwierigen Wetterbedingungen wie Regen, Schnee und Nebel und sind somit ein hervorragendes Zubeh\u00f6r f\u00fcr alle Fahrsituationen.<\/p>\n<p>Profitieren Sie von allen Vorteilen, die Lazer-Dispersionslinsen bieten, und erleben Sie ein verbessertes Fahrerlebnis mit besserer Ausleuchtung und gesch\u00fctzten LED-Rampen.<\/p>","protected":false},"excerpt":{"rendered":"<p>Lazer Spridningslinser: Skydda och F\u00f6rb\u00e4ttra Din Belysning F\u00f6rb\u00e4ttra din belysning och skydda dina LED-rampar med Lazer spridningslinser. Tillverkade i h\u00e5llbar akryl, \u00e4r dessa linser designade f\u00f6r att passa b\u00e5de Triple-R och ST Evolution-serierna. Med enkel installation och flera funktioner erbjuder dessa linser ett effektivt s\u00e4tt att f\u00f6rb\u00e4ttra din k\u00f6rupplevelse. Enkel Installation och Flexibel Anv\u00e4ndning Alla [&hellip;]<\/p>","protected":false},"featured_media":6279,"comment_status":"closed","ping_status":"open","template":"","meta":{"_acf_changed":false,"_smort_price_nok":"310","_smort_price_dkk":"197","_smort_price_eur":"26.36","_smort_sale_price_nok":"","_smort_sale_price_dkk":"","_smort_sale_price_eur":"","smort_restorder":"","shipmondo_restorder":"","_kad_blocks_custom_css":"","_kad_blocks_head_custom_js":"","_kad_blocks_body_custom_js":"","_kad_blocks_footer_custom_js":"","smort_custom_pricelist_1":"185.6","smort_custom_pricelist_2":"185.6","smort_custom_pricelist_3":"185.6","smort_custom_pricelist_4":"232","smort_custom_pricelist_5":"185.6"},"anvandningsomrade":[],"bilmarken":[],"product_brand":[2793],"product_cat":[2612,2828,2539,2613],"product_tag":[2735],"class_list":{"0":"post-6278","1":"product","2":"type-product","3":"status-publish","4":"has-post-thumbnail","6":"product_brand-ovrigt","7":"product_cat-tillbehor-installation-ledramper","8":"product_cat-installation-led-ramper","9":"product_cat-ledramper","10":"product_cat-ovriga-tillbehor-tillbehor-installation-ledramper","11":"product_tag-lazer","12":"pa_ljusspridning-grader-1746","14":"first","15":"onbackorder","16":"taxable","17":"shipping-taxable","18":"purchasable","19":"product-type-simple"},"bundled_by":[],"bundle_stock_status":"onbackorder","bundle_stock_quantity":0,"bundle_virtual":false,"bundle_layout":"","bundle_add_to_cart_form_location":"","bundle_editable_in_cart":false,"bundle_sold_individually_context":"","bundle_item_grouping":"","bundle_min_size":"","bundle_max_size":"","bundle_price":[],"bundled_items":[],"bundle_sell_ids":[],"acf":[],"yoast_head":"<!-- This site is optimized with the Yoast SEO plugin v27.0 - https:\/\/yoast.com\/product\/yoast-seo-wordpress\/ -->\n<title>R\u00e4fflat linskit 15\u00b0 vertikal f\u00f6r ST4 Evolution - Xenonkungen<\/title>\n<meta name=\"robots\" content=\"index, follow, max-snippet:-1, max-image-preview:large, max-video-preview:-1\" \/>\n<link rel=\"canonical\" href=\"https:\/\/xenonkungen.com\/de\/produkt\/ruschenleinen-set-15-vertikal-fur-st4-evolution\/\" \/>\n<meta property=\"og:locale\" content=\"de_DE\" \/>\n<meta property=\"og:type\" content=\"article\" \/>\n<meta property=\"og:title\" content=\"R\u00e4fflat linskit 15\u00b0 vertikal f\u00f6r ST4 Evolution - Xenonkungen\" \/>\n<meta property=\"og:description\" content=\"Lazer Spridningslinser: Skydda och F\u00f6rb\u00e4ttra Din Belysning F\u00f6rb\u00e4ttra din belysning och skydda dina LED-rampar med Lazer spridningslinser. Tillverkade i h\u00e5llbar akryl, \u00e4r dessa linser designade f\u00f6r att passa b\u00e5de Triple-R och ST Evolution-serierna. Med enkel installation och flera funktioner erbjuder dessa linser ett effektivt s\u00e4tt att f\u00f6rb\u00e4ttra din k\u00f6rupplevelse. Enkel Installation och Flexibel Anv\u00e4ndning Alla [&hellip;]\" \/>\n<meta property=\"og:url\" content=\"https:\/\/xenonkungen.com\/de\/produkt\/ruschenleinen-set-15-vertikal-fur-st4-evolution\/\" \/>\n<meta property=\"og:site_name\" content=\"Xenonkungen\" \/>\n<meta property=\"article:modified_time\" content=\"2025-12-10T13:47:37+00:00\" \/>\n<meta property=\"og:image\" content=\"https:\/\/xenonkungen.com\/wp-content\/uploads\/2025\/04\/189889921-origpic-362ec6.jpg\" \/>\n\t<meta property=\"og:image:width\" content=\"1139\" \/>\n\t<meta property=\"og:image:height\" content=\"852\" \/>\n\t<meta property=\"og:image:type\" content=\"image\/jpeg\" \/>\n<meta name=\"twitter:card\" content=\"summary_large_image\" \/>\n<meta name=\"twitter:label1\" content=\"Gesch\u00e4tzte Lesezeit\" \/>\n\t<meta name=\"twitter:data1\" content=\"1\u00a0Minute\" \/>\n<script type=\"application\/ld+json\" class=\"yoast-schema-graph\">{\"@context\":\"https:\/\/schema.org\",\"@graph\":[{\"@type\":\"WebPage\",\"@id\":\"https:\/\/xenonkungen.com\/fi\/tuote\/ruffled-line-kit-15-pystysuora-st4-evolution-malliin\/\",\"url\":\"https:\/\/xenonkungen.com\/fi\/tuote\/ruffled-line-kit-15-pystysuora-st4-evolution-malliin\/\",\"name\":\"R\u00e4fflat linskit 15\u00b0 vertikal f\u00f6r ST4 Evolution - Xenonkungen\",\"isPartOf\":{\"@id\":\"https:\/\/xenonkungen.com\/#website\"},\"primaryImageOfPage\":{\"@id\":\"https:\/\/xenonkungen.com\/fi\/tuote\/ruffled-line-kit-15-pystysuora-st4-evolution-malliin\/#primaryimage\"},\"image\":{\"@id\":\"https:\/\/xenonkungen.com\/fi\/tuote\/ruffled-line-kit-15-pystysuora-st4-evolution-malliin\/#primaryimage\"},\"thumbnailUrl\":\"https:\/\/xenonkungen.com\/wp-content\/uploads\/2025\/04\/189889921-origpic-362ec6.jpg\",\"datePublished\":\"2025-04-15T09:44:45+00:00\",\"dateModified\":\"2025-12-10T13:47:37+00:00\",\"breadcrumb\":{\"@id\":\"https:\/\/xenonkungen.com\/fi\/tuote\/ruffled-line-kit-15-pystysuora-st4-evolution-malliin\/#breadcrumb\"},\"inLanguage\":\"de\",\"potentialAction\":[{\"@type\":\"ReadAction\",\"target\":[\"https:\/\/xenonkungen.com\/fi\/tuote\/ruffled-line-kit-15-pystysuora-st4-evolution-malliin\/\"]}]},{\"@type\":\"ImageObject\",\"inLanguage\":\"de\",\"@id\":\"https:\/\/xenonkungen.com\/fi\/tuote\/ruffled-line-kit-15-pystysuora-st4-evolution-malliin\/#primaryimage\",\"url\":\"https:\/\/xenonkungen.com\/wp-content\/uploads\/2025\/04\/189889921-origpic-362ec6.jpg\",\"contentUrl\":\"https:\/\/xenonkungen.com\/wp-content\/uploads\/2025\/04\/189889921-origpic-362ec6.jpg\",\"width\":1139,\"height\":852},{\"@type\":\"BreadcrumbList\",\"@id\":\"https:\/\/xenonkungen.com\/fi\/tuote\/ruffled-line-kit-15-pystysuora-st4-evolution-malliin\/#breadcrumb\",\"itemListElement\":[{\"@type\":\"ListItem\",\"position\":1,\"name\":\"Hem\",\"item\":\"https:\/\/xenonkungen.com\/\"},{\"@type\":\"ListItem\",\"position\":2,\"name\":\"Shop\",\"item\":\"https:\/\/xenonkungen.com\/shop\/\"},{\"@type\":\"ListItem\",\"position\":3,\"name\":\"R\u00e4fflat linskit 15\u00b0 vertikal f\u00f6r ST4 Evolution\"}]},{\"@type\":\"WebSite\",\"@id\":\"https:\/\/xenonkungen.com\/#website\",\"url\":\"https:\/\/xenonkungen.com\/\",\"name\":\"Xenonkungen\",\"description\":\"\",\"potentialAction\":[{\"@type\":\"SearchAction\",\"target\":{\"@type\":\"EntryPoint\",\"urlTemplate\":\"https:\/\/xenonkungen.com\/?s={search_term_string}\"},\"query-input\":{\"@type\":\"PropertyValueSpecification\",\"valueRequired\":true,\"valueName\":\"search_term_string\"}}],\"inLanguage\":\"de\"}]}<\/script>\n<!-- \/ Yoast SEO plugin. -->","yoast_head_json":{"title":"Nutlinsensatz 15\u00b0 vertikal f\u00fcr ST4 Evolution - Xenonkungen","robots":{"index":"index","follow":"follow","max-snippet":"max-snippet:-1","max-image-preview":"max-image-preview:large","max-video-preview":"max-video-preview:-1"},"canonical":"https:\/\/xenonkungen.com\/de\/produkt\/ruschenleinen-set-15-vertikal-fur-st4-evolution\/","og_locale":"de_DE","og_type":"article","og_title":"R\u00e4fflat linskit 15\u00b0 vertikal f\u00f6r ST4 Evolution - Xenonkungen","og_description":"Lazer Spridningslinser: Skydda och F\u00f6rb\u00e4ttra Din Belysning F\u00f6rb\u00e4ttra din belysning och skydda dina LED-rampar med Lazer spridningslinser. Tillverkade i h\u00e5llbar akryl, \u00e4r dessa linser designade f\u00f6r att passa b\u00e5de Triple-R och ST Evolution-serierna. Med enkel installation och flera funktioner erbjuder dessa linser ett effektivt s\u00e4tt att f\u00f6rb\u00e4ttra din k\u00f6rupplevelse. Enkel Installation och Flexibel Anv\u00e4ndning Alla [&hellip;]","og_url":"https:\/\/xenonkungen.com\/de\/produkt\/ruschenleinen-set-15-vertikal-fur-st4-evolution\/","og_site_name":"Xenonkungen","article_modified_time":"2025-12-10T13:47:37+00:00","og_image":[{"width":1139,"height":852,"url":"https:\/\/xenonkungen.com\/wp-content\/uploads\/2025\/04\/189889921-origpic-362ec6.jpg","type":"image\/jpeg"}],"twitter_card":"summary_large_image","twitter_misc":{"Gesch\u00e4tzte Lesezeit":"1\u00a0Minute"},"schema":{"@context":"https:\/\/schema.org","@graph":[{"@type":"WebPage","@id":"https:\/\/xenonkungen.com\/fi\/tuote\/ruffled-line-kit-15-pystysuora-st4-evolution-malliin\/","url":"https:\/\/xenonkungen.com\/fi\/tuote\/ruffled-line-kit-15-pystysuora-st4-evolution-malliin\/","name":"Nutlinsensatz 15\u00b0 vertikal f\u00fcr ST4 Evolution - Xenonkungen","isPartOf":{"@id":"https:\/\/xenonkungen.com\/#website"},"primaryImageOfPage":{"@id":"https:\/\/xenonkungen.com\/fi\/tuote\/ruffled-line-kit-15-pystysuora-st4-evolution-malliin\/#primaryimage"},"image":{"@id":"https:\/\/xenonkungen.com\/fi\/tuote\/ruffled-line-kit-15-pystysuora-st4-evolution-malliin\/#primaryimage"},"thumbnailUrl":"https:\/\/xenonkungen.com\/wp-content\/uploads\/2025\/04\/189889921-origpic-362ec6.jpg","datePublished":"2025-04-15T09:44:45+00:00","dateModified":"2025-12-10T13:47:37+00:00","breadcrumb":{"@id":"https:\/\/xenonkungen.com\/fi\/tuote\/ruffled-line-kit-15-pystysuora-st4-evolution-malliin\/#breadcrumb"},"inLanguage":"de","potentialAction":[{"@type":"ReadAction","target":["https:\/\/xenonkungen.com\/fi\/tuote\/ruffled-line-kit-15-pystysuora-st4-evolution-malliin\/"]}]},{"@type":"ImageObject","inLanguage":"de","@id":"https:\/\/xenonkungen.com\/fi\/tuote\/ruffled-line-kit-15-pystysuora-st4-evolution-malliin\/#primaryimage","url":"https:\/\/xenonkungen.com\/wp-content\/uploads\/2025\/04\/189889921-origpic-362ec6.jpg","contentUrl":"https:\/\/xenonkungen.com\/wp-content\/uploads\/2025\/04\/189889921-origpic-362ec6.jpg","width":1139,"height":852},{"@type":"BreadcrumbList","@id":"https:\/\/xenonkungen.com\/fi\/tuote\/ruffled-line-kit-15-pystysuora-st4-evolution-malliin\/#breadcrumb","itemListElement":[{"@type":"ListItem","position":1,"name":"Hem","item":"https:\/\/xenonkungen.com\/"},{"@type":"ListItem","position":2,"name":"Shop","item":"https:\/\/xenonkungen.com\/shop\/"},{"@type":"ListItem","position":3,"name":"R\u00e4fflat linskit 15\u00b0 vertikal f\u00f6r ST4 Evolution"}]},{"@type":"WebSite","@id":"https:\/\/xenonkungen.com\/#website","url":"https:\/\/xenonkungen.com\/","name":"Xenonkungen","description":"","potentialAction":[{"@type":"SearchAction","target":{"@type":"EntryPoint","urlTemplate":"https:\/\/xenonkungen.com\/?s={search_term_string}"},"query-input":{"@type":"PropertyValueSpecification","valueRequired":true,"valueName":"search_term_string"}}],"inLanguage":"de"}]}},"taxonomy_info":{"product_brand":[{"value":2793,"label":"\u00d6VRIGT"}],"product_cat":[{"value":2612,"label":"INSTALLATION"},{"value":2828,"label":"Installation LED-ramper"},{"value":2539,"label":"LEDRAMPER"},{"value":2613,"label":"\u00d6vriga Tillbeh\u00f6r"}],"product_tag":[{"value":2735,"label":"Lazer"}],"pa_ljusspridning-grader":[{"value":1746,"label":"15"}]},"featured_image_src_large":["https:\/\/xenonkungen.com\/wp-content\/uploads\/2025\/04\/189889921-origpic-362ec6-1024x766.jpg",1024,766,true],"author_info":[],"comment_info":0,"_links":{"self":[{"href":"https:\/\/xenonkungen.com\/de\/wp-json\/wp\/v2\/product\/6278","targetHints":{"allow":["GET"]}}],"collection":[{"href":"https:\/\/xenonkungen.com\/de\/wp-json\/wp\/v2\/product"}],"about":[{"href":"https:\/\/xenonkungen.com\/de\/wp-json\/wp\/v2\/types\/product"}],"replies":[{"embeddable":true,"href":"https:\/\/xenonkungen.com\/de\/wp-json\/wp\/v2\/comments?post=6278"}],"wp:featuredmedia":[{"embeddable":true,"href":"https:\/\/xenonkungen.com\/de\/wp-json\/wp\/v2\/media\/6279"}],"wp:attachment":[{"href":"https:\/\/xenonkungen.com\/de\/wp-json\/wp\/v2\/media?parent=6278"}],"wp:term":[{"taxonomy":"anvandningsomrade","embeddable":true,"href":"https:\/\/xenonkungen.com\/de\/wp-json\/wp\/v2\/anvandningsomrade?post=6278"},{"taxonomy":"bilmarken","embeddable":true,"href":"https:\/\/xenonkungen.com\/de\/wp-json\/wp\/v2\/bilmarken?post=6278"},{"taxonomy":"product_brand","embeddable":true,"href":"https:\/\/xenonkungen.com\/de\/wp-json\/wp\/v2\/product_brand?post=6278"},{"taxonomy":"product_cat","embeddable":true,"href":"https:\/\/xenonkungen.com\/de\/wp-json\/wp\/v2\/product_cat?post=6278"},{"taxonomy":"product_tag","embeddable":true,"href":"https:\/\/xenonkungen.com\/de\/wp-json\/wp\/v2\/product_tag?post=6278"}],"curies":[{"name":"wp","href":"https:\/\/api.w.org\/{rel}","templated":true}]}}