{"id":6280,"date":"2025-04-15T09:44:45","date_gmt":"2025-04-15T09:44:45","guid":{"rendered":"https:\/\/xenonkungen.com\/product\/orange-linskit-horisontell-for-st4-evolution\/"},"modified":"2025-12-10T14:47:37","modified_gmt":"2025-12-10T13:47:37","slug":"orangefarbenes-linsen-kit-horizontal-fur-st4-evolution","status":"publish","type":"product","link":"https:\/\/xenonkungen.com\/de\/produkt\/orangefarbenes-linsen-kit-horizontal-fur-st4-evolution\/","title":{"rendered":"Oranges horizontales Linsenset f\u00fcr ST4 Evolution"},"content":{"rendered":"<h1>Laser-Diffusionslinsen \u2013 Optimale Lichtstreuung und Schutz f\u00fcr Ihre Rampen<\/h1>\n<p>Die Diffusorlinsen von Lazer bestehen aus robustem und langlebigem Acryl und sind sowohl mit der Triple-R- als auch mit der ST Evolution-Serie kompatibel. Jede Linse deckt vier LED-Module ab, sodass Sie bei l\u00e4ngeren Rampen eine oder mehrere Linsen verwenden k\u00f6nnen. Die mitgelieferten Clips erm\u00f6glichen eine einfache und sichere Befestigung der Diffusorlinsen.<\/p>\n<p>Die Linsen sorgen nicht nur f\u00fcr eine verbesserte Lichtverteilung, sondern dienen auch als Steinschlagschutz und sch\u00fctzen die Originallinse vor Kratzern und Abnutzung. Die dicht schlie\u00dfenden Dichtungen verhindern das Eindringen von Wasser und Schmutz und tragen so dazu bei, die Rampen in optimalem Zustand zu halten.<\/p>\n<p>Die klaren Linsen sind gerippt und bieten einen Lichtstreuwinkel von 15\u00b0 oder 30\u00b0. Dadurch wird das urspr\u00fcngliche Lichtbild erweitert und die Sicht zur Seite des Fahrzeugs verbessert. Neben der gerippten Ausf\u00fchrung sind die gelben Linsen auch mit glatter Oberfl\u00e4che erh\u00e4ltlich. Der gro\u00dfe Vorteil der gelben Linsen liegt in der verbesserten Sicht bei Regen, Schnee und Nebel.<\/p>\n<p>Mit Lazer-Diffusionslinsen optimieren Sie die Lichtverteilung und sch\u00fctzen gleichzeitig Ihre Rampen. W\u00e4hlen Sie aus verschiedenen Diffusionsoptionen und profitieren Sie von der robusten Konstruktion, die eine optimale Ausleuchtung Ihrer Rampen gew\u00e4hrleistet und deren einwandfreien Zustand unter allen Bedingungen sicherstellt.<\/p>","protected":false},"excerpt":{"rendered":"<p>Lazer Spridningslinser &#8211; Optimal ljusspridning och skydd f\u00f6r dina rampar Lazer spridningslinser \u00e4r tillverkade av slitstark och h\u00e5llbar akryl och \u00e4r kompatibla med b\u00e5de Triple-R och ST Evolution-serierna. Varje lins t\u00e4cker fyra LED-moduler, vilket ger dig m\u00f6jlighet att anv\u00e4nda en eller flera linser p\u00e5 l\u00e4ngre rampar. Med de medf\u00f6ljande kl\u00e4mmorna kan du enkelt f\u00e4sta spridningslinserna [&hellip;]<\/p>","protected":false},"featured_media":6281,"comment_status":"closed","ping_status":"open","template":"","meta":{"_acf_changed":false,"_smort_price_nok":"310","_smort_price_dkk":"197","_smort_price_eur":"26.36","_smort_sale_price_nok":"","_smort_sale_price_dkk":"","_smort_sale_price_eur":"","smort_restorder":"","shipmondo_restorder":"","_kad_blocks_custom_css":"","_kad_blocks_head_custom_js":"","_kad_blocks_body_custom_js":"","_kad_blocks_footer_custom_js":"","smort_custom_pricelist_1":"185.6","smort_custom_pricelist_2":"185.6","smort_custom_pricelist_3":"185.6","smort_custom_pricelist_4":"232","smort_custom_pricelist_5":"185.6"},"anvandningsomrade":[],"bilmarken":[],"product_brand":[2793],"product_cat":[2612,2828,2539,2613],"product_tag":[2735],"class_list":{"0":"post-6280","1":"product","2":"type-product","3":"status-publish","4":"has-post-thumbnail","6":"product_brand-ovrigt","7":"product_cat-tillbehor-installation-ledramper","8":"product_cat-installation-led-ramper","9":"product_cat-ledramper","10":"product_cat-ovriga-tillbehor-tillbehor-installation-ledramper","11":"product_tag-lazer","12":"pa_ljusspridning-grader-1747","14":"first","15":"onbackorder","16":"taxable","17":"shipping-taxable","18":"purchasable","19":"product-type-simple"},"bundled_by":[],"bundle_stock_status":"onbackorder","bundle_stock_quantity":0,"bundle_virtual":false,"bundle_layout":"","bundle_add_to_cart_form_location":"","bundle_editable_in_cart":false,"bundle_sold_individually_context":"","bundle_item_grouping":"","bundle_min_size":"","bundle_max_size":"","bundle_price":[],"bundled_items":[],"bundle_sell_ids":[],"acf":[],"yoast_head":"<!-- This site is optimized with the Yoast SEO plugin v27.0 - https:\/\/yoast.com\/product\/yoast-seo-wordpress\/ -->\n<title>Orange linskit horisontell f\u00f6r ST4 Evolution - Xenonkungen<\/title>\n<meta name=\"robots\" content=\"index, follow, max-snippet:-1, max-image-preview:large, max-video-preview:-1\" \/>\n<link rel=\"canonical\" href=\"https:\/\/xenonkungen.com\/de\/produkt\/orangefarbenes-linsen-kit-horizontal-fur-st4-evolution\/\" \/>\n<meta property=\"og:locale\" content=\"de_DE\" \/>\n<meta property=\"og:type\" content=\"article\" \/>\n<meta property=\"og:title\" content=\"Orange linskit horisontell f\u00f6r ST4 Evolution - Xenonkungen\" \/>\n<meta property=\"og:description\" content=\"Lazer Spridningslinser &#8211; Optimal ljusspridning och skydd f\u00f6r dina rampar Lazer spridningslinser \u00e4r tillverkade av slitstark och h\u00e5llbar akryl och \u00e4r kompatibla med b\u00e5de Triple-R och ST Evolution-serierna. Varje lins t\u00e4cker fyra LED-moduler, vilket ger dig m\u00f6jlighet att anv\u00e4nda en eller flera linser p\u00e5 l\u00e4ngre rampar. Med de medf\u00f6ljande kl\u00e4mmorna kan du enkelt f\u00e4sta spridningslinserna [&hellip;]\" \/>\n<meta property=\"og:url\" content=\"https:\/\/xenonkungen.com\/de\/produkt\/orangefarbenes-linsen-kit-horizontal-fur-st4-evolution\/\" \/>\n<meta property=\"og:site_name\" content=\"Xenonkungen\" \/>\n<meta property=\"article:modified_time\" content=\"2025-12-10T13:47:37+00:00\" \/>\n<meta property=\"og:image\" content=\"https:\/\/xenonkungen.com\/wp-content\/uploads\/2025\/04\/189889923-origpic-8f3ee3.jpg\" \/>\n\t<meta property=\"og:image:width\" content=\"1216\" \/>\n\t<meta property=\"og:image:height\" content=\"909\" \/>\n\t<meta property=\"og:image:type\" content=\"image\/jpeg\" \/>\n<meta name=\"twitter:card\" content=\"summary_large_image\" \/>\n<meta name=\"twitter:label1\" content=\"Gesch\u00e4tzte Lesezeit\" \/>\n\t<meta name=\"twitter:data1\" content=\"1\u00a0Minute\" \/>\n<script type=\"application\/ld+json\" class=\"yoast-schema-graph\">{\"@context\":\"https:\/\/schema.org\",\"@graph\":[{\"@type\":\"WebPage\",\"@id\":\"https:\/\/xenonkungen.com\/produkt\/orange-linskit-horisontell-for-st4-evolution\/\",\"url\":\"https:\/\/xenonkungen.com\/produkt\/orange-linskit-horisontell-for-st4-evolution\/\",\"name\":\"Orange linskit horisontell f\u00f6r ST4 Evolution - Xenonkungen\",\"isPartOf\":{\"@id\":\"https:\/\/xenonkungen.com\/#website\"},\"primaryImageOfPage\":{\"@id\":\"https:\/\/xenonkungen.com\/produkt\/orange-linskit-horisontell-for-st4-evolution\/#primaryimage\"},\"image\":{\"@id\":\"https:\/\/xenonkungen.com\/produkt\/orange-linskit-horisontell-for-st4-evolution\/#primaryimage\"},\"thumbnailUrl\":\"https:\/\/xenonkungen.com\/wp-content\/uploads\/2025\/04\/189889923-origpic-8f3ee3.jpg\",\"datePublished\":\"2025-04-15T09:44:45+00:00\",\"dateModified\":\"2025-12-10T13:47:37+00:00\",\"breadcrumb\":{\"@id\":\"https:\/\/xenonkungen.com\/produkt\/orange-linskit-horisontell-for-st4-evolution\/#breadcrumb\"},\"inLanguage\":\"de\",\"potentialAction\":[{\"@type\":\"ReadAction\",\"target\":[\"https:\/\/xenonkungen.com\/produkt\/orange-linskit-horisontell-for-st4-evolution\/\"]}]},{\"@type\":\"ImageObject\",\"inLanguage\":\"de\",\"@id\":\"https:\/\/xenonkungen.com\/produkt\/orange-linskit-horisontell-for-st4-evolution\/#primaryimage\",\"url\":\"https:\/\/xenonkungen.com\/wp-content\/uploads\/2025\/04\/189889923-origpic-8f3ee3.jpg\",\"contentUrl\":\"https:\/\/xenonkungen.com\/wp-content\/uploads\/2025\/04\/189889923-origpic-8f3ee3.jpg\",\"width\":1216,\"height\":909},{\"@type\":\"BreadcrumbList\",\"@id\":\"https:\/\/xenonkungen.com\/produkt\/orange-linskit-horisontell-for-st4-evolution\/#breadcrumb\",\"itemListElement\":[{\"@type\":\"ListItem\",\"position\":1,\"name\":\"Hem\",\"item\":\"https:\/\/xenonkungen.com\/\"},{\"@type\":\"ListItem\",\"position\":2,\"name\":\"Shop\",\"item\":\"https:\/\/xenonkungen.com\/shop\/\"},{\"@type\":\"ListItem\",\"position\":3,\"name\":\"Orange linskit horisontell f\u00f6r ST4 Evolution\"}]},{\"@type\":\"WebSite\",\"@id\":\"https:\/\/xenonkungen.com\/#website\",\"url\":\"https:\/\/xenonkungen.com\/\",\"name\":\"Xenonkungen\",\"description\":\"\",\"potentialAction\":[{\"@type\":\"SearchAction\",\"target\":{\"@type\":\"EntryPoint\",\"urlTemplate\":\"https:\/\/xenonkungen.com\/?s={search_term_string}\"},\"query-input\":{\"@type\":\"PropertyValueSpecification\",\"valueRequired\":true,\"valueName\":\"search_term_string\"}}],\"inLanguage\":\"de\"}]}<\/script>\n<!-- \/ Yoast SEO plugin. -->","yoast_head_json":{"title":"Orangefarbenes Linsen-Kit horizontal f\u00fcr ST4 Evolution - Xenonkungen","robots":{"index":"index","follow":"follow","max-snippet":"max-snippet:-1","max-image-preview":"max-image-preview:large","max-video-preview":"max-video-preview:-1"},"canonical":"https:\/\/xenonkungen.com\/de\/produkt\/orangefarbenes-linsen-kit-horizontal-fur-st4-evolution\/","og_locale":"de_DE","og_type":"article","og_title":"Orange linskit horisontell f\u00f6r ST4 Evolution - Xenonkungen","og_description":"Lazer Spridningslinser &#8211; Optimal ljusspridning och skydd f\u00f6r dina rampar Lazer spridningslinser \u00e4r tillverkade av slitstark och h\u00e5llbar akryl och \u00e4r kompatibla med b\u00e5de Triple-R och ST Evolution-serierna. Varje lins t\u00e4cker fyra LED-moduler, vilket ger dig m\u00f6jlighet att anv\u00e4nda en eller flera linser p\u00e5 l\u00e4ngre rampar. Med de medf\u00f6ljande kl\u00e4mmorna kan du enkelt f\u00e4sta spridningslinserna [&hellip;]","og_url":"https:\/\/xenonkungen.com\/de\/produkt\/orangefarbenes-linsen-kit-horizontal-fur-st4-evolution\/","og_site_name":"Xenonkungen","article_modified_time":"2025-12-10T13:47:37+00:00","og_image":[{"width":1216,"height":909,"url":"https:\/\/xenonkungen.com\/wp-content\/uploads\/2025\/04\/189889923-origpic-8f3ee3.jpg","type":"image\/jpeg"}],"twitter_card":"summary_large_image","twitter_misc":{"Gesch\u00e4tzte Lesezeit":"1\u00a0Minute"},"schema":{"@context":"https:\/\/schema.org","@graph":[{"@type":"WebPage","@id":"https:\/\/xenonkungen.com\/produkt\/orange-linskit-horisontell-for-st4-evolution\/","url":"https:\/\/xenonkungen.com\/produkt\/orange-linskit-horisontell-for-st4-evolution\/","name":"Orangefarbenes Linsen-Kit horizontal f\u00fcr ST4 Evolution - Xenonkungen","isPartOf":{"@id":"https:\/\/xenonkungen.com\/#website"},"primaryImageOfPage":{"@id":"https:\/\/xenonkungen.com\/produkt\/orange-linskit-horisontell-for-st4-evolution\/#primaryimage"},"image":{"@id":"https:\/\/xenonkungen.com\/produkt\/orange-linskit-horisontell-for-st4-evolution\/#primaryimage"},"thumbnailUrl":"https:\/\/xenonkungen.com\/wp-content\/uploads\/2025\/04\/189889923-origpic-8f3ee3.jpg","datePublished":"2025-04-15T09:44:45+00:00","dateModified":"2025-12-10T13:47:37+00:00","breadcrumb":{"@id":"https:\/\/xenonkungen.com\/produkt\/orange-linskit-horisontell-for-st4-evolution\/#breadcrumb"},"inLanguage":"de","potentialAction":[{"@type":"ReadAction","target":["https:\/\/xenonkungen.com\/produkt\/orange-linskit-horisontell-for-st4-evolution\/"]}]},{"@type":"ImageObject","inLanguage":"de","@id":"https:\/\/xenonkungen.com\/produkt\/orange-linskit-horisontell-for-st4-evolution\/#primaryimage","url":"https:\/\/xenonkungen.com\/wp-content\/uploads\/2025\/04\/189889923-origpic-8f3ee3.jpg","contentUrl":"https:\/\/xenonkungen.com\/wp-content\/uploads\/2025\/04\/189889923-origpic-8f3ee3.jpg","width":1216,"height":909},{"@type":"BreadcrumbList","@id":"https:\/\/xenonkungen.com\/produkt\/orange-linskit-horisontell-for-st4-evolution\/#breadcrumb","itemListElement":[{"@type":"ListItem","position":1,"name":"Hem","item":"https:\/\/xenonkungen.com\/"},{"@type":"ListItem","position":2,"name":"Shop","item":"https:\/\/xenonkungen.com\/shop\/"},{"@type":"ListItem","position":3,"name":"Orange linskit horisontell f\u00f6r ST4 Evolution"}]},{"@type":"WebSite","@id":"https:\/\/xenonkungen.com\/#website","url":"https:\/\/xenonkungen.com\/","name":"Xenonkungen","description":"","potentialAction":[{"@type":"SearchAction","target":{"@type":"EntryPoint","urlTemplate":"https:\/\/xenonkungen.com\/?s={search_term_string}"},"query-input":{"@type":"PropertyValueSpecification","valueRequired":true,"valueName":"search_term_string"}}],"inLanguage":"de"}]}},"taxonomy_info":{"product_brand":[{"value":2793,"label":"\u00d6VRIGT"}],"product_cat":[{"value":2612,"label":"INSTALLATION"},{"value":2828,"label":"Installation LED-ramper"},{"value":2539,"label":"LEDRAMPER"},{"value":2613,"label":"\u00d6vriga Tillbeh\u00f6r"}],"product_tag":[{"value":2735,"label":"Lazer"}],"pa_ljusspridning-grader":[{"value":1747,"label":"30"}]},"featured_image_src_large":["https:\/\/xenonkungen.com\/wp-content\/uploads\/2025\/04\/189889923-origpic-8f3ee3-1024x765.jpg",1024,765,true],"author_info":[],"comment_info":0,"_links":{"self":[{"href":"https:\/\/xenonkungen.com\/de\/wp-json\/wp\/v2\/product\/6280","targetHints":{"allow":["GET"]}}],"collection":[{"href":"https:\/\/xenonkungen.com\/de\/wp-json\/wp\/v2\/product"}],"about":[{"href":"https:\/\/xenonkungen.com\/de\/wp-json\/wp\/v2\/types\/product"}],"replies":[{"embeddable":true,"href":"https:\/\/xenonkungen.com\/de\/wp-json\/wp\/v2\/comments?post=6280"}],"wp:featuredmedia":[{"embeddable":true,"href":"https:\/\/xenonkungen.com\/de\/wp-json\/wp\/v2\/media\/6281"}],"wp:attachment":[{"href":"https:\/\/xenonkungen.com\/de\/wp-json\/wp\/v2\/media?parent=6280"}],"wp:term":[{"taxonomy":"anvandningsomrade","embeddable":true,"href":"https:\/\/xenonkungen.com\/de\/wp-json\/wp\/v2\/anvandningsomrade?post=6280"},{"taxonomy":"bilmarken","embeddable":true,"href":"https:\/\/xenonkungen.com\/de\/wp-json\/wp\/v2\/bilmarken?post=6280"},{"taxonomy":"product_brand","embeddable":true,"href":"https:\/\/xenonkungen.com\/de\/wp-json\/wp\/v2\/product_brand?post=6280"},{"taxonomy":"product_cat","embeddable":true,"href":"https:\/\/xenonkungen.com\/de\/wp-json\/wp\/v2\/product_cat?post=6280"},{"taxonomy":"product_tag","embeddable":true,"href":"https:\/\/xenonkungen.com\/de\/wp-json\/wp\/v2\/product_tag?post=6280"}],"curies":[{"name":"wp","href":"https:\/\/api.w.org\/{rel}","templated":true}]}}