{"id":6329,"date":"2025-04-15T09:45:11","date_gmt":"2025-04-15T09:45:11","guid":{"rendered":"https:\/\/xenonkungen.com\/product\/lazer-linear-12-elite-led-ramp-positionsljus-382mm\/"},"modified":"2026-04-24T17:28:59","modified_gmt":"2026-04-24T16:28:59","slug":"lazer-linear-12-elite-led-rampenpositionsleuchte-382-mm","status":"publish","type":"product","link":"https:\/\/xenonkungen.com\/de\/produkt\/lazer-linear-12-elite-led-rampenpositionsleuchte-382-mm\/","title":{"rendered":"Lazer Linear-12 Elite led Rampe | Positionslicht | 382mm"},"content":{"rendered":"<h1>Linear \u2013 Hochwertige Zusatzlichtleisten<\/h1>\n<p>Lazer Linear ist eine Serie hochwertiger Zusatzscheinwerfer, ideal f\u00fcr den t\u00e4glichen Gebrauch. Die Scheinwerfer sind in den Ausf\u00fchrungen Standard und Elite erh\u00e4ltlich.<\/p>\n<h2>Optimale Lichtleistung und aerodynamisches Design<\/h2>\n<p>Die Linear-Serie vereint h\u00f6chste Lichtleistung mit einem schlanken und aerodynamischen Design und bietet so eine hervorragende Stra\u00dfenbeleuchtung. Dank der mitgelieferten Edelstahlhalterungen ist die Installation kinderleicht.<\/p>\n<h2>Linear Standard \u2013 Ideal f\u00fcr beengte Platzverh\u00e4ltnisse<\/h2>\n<p>Linear Standard ist in sechs verschiedenen L\u00e4ngen zwischen 232 und 1282 mm erh\u00e4ltlich. Mit einer H\u00f6he von nur 40 mm und einer Tiefe von 62 mm eignet es sich ideal f\u00fcr die Montage auch in beengten R\u00e4umen. Jede Rampe ist mit hochwertigen 3-W-LEDs hinter einer bruchsicheren Polycarbonat-Linse ausgestattet.<\/p>\n<h2>Robuste Konstruktion und effiziente Lichtverteilung<\/h2>\n<p>Die Rampenlinse ist oberfl\u00e4chenbehandelt, um Schnee und Schmutz effektiv abzuweisen und so eine optimale Lichtausbeute zu gew\u00e4hrleisten. Dank des leichten Aluminium-Lampengeh\u00e4uses und des aerodynamischen Designs f\u00fcgen sich die Rampen nahtlos ins Erscheinungsbild ein, egal ob sie vorne oder auf dem Dach des Fahrzeugs montiert sind. Linear Standard ist eine zuverl\u00e4ssige Rampe mit langer Lebensdauer!<\/p>","protected":false},"excerpt":{"rendered":"<p>Linear &#8211; H\u00f6gklassiga Extra Ljusrampar Lazer Linear \u00e4r en serie av h\u00f6gklassiga extra ljusrampar, perfekta f\u00f6r daglig anv\u00e4ndning. Ramparna finns i b\u00e5de Standard och Elite-versioner. Optimal Ljusprestanda och Aerodynamisk Design Linear-serien kombinerar absolut b\u00e4sta ljusprestanda med en smal och aerodynamisk design. De levererar enast\u00e5ende belysning p\u00e5 v\u00e4garna och \u00e4r enkla att installera med de medf\u00f6ljande [&hellip;]<\/p>","protected":false},"featured_media":6330,"comment_status":"closed","ping_status":"open","template":"","meta":{"_acf_changed":false,"_smort_price_nok":"6275","_smort_price_dkk":"3987","_smort_price_eur":"534.07","_smort_sale_price_nok":"","_smort_sale_price_dkk":"","_smort_sale_price_eur":"","smort_restorder":"","shipmondo_restorder":"","_kad_blocks_custom_css":"","_kad_blocks_head_custom_js":"","_kad_blocks_body_custom_js":"","_kad_blocks_footer_custom_js":"","smort_custom_pricelist_1":"3760","smort_custom_pricelist_2":"3760","smort_custom_pricelist_3":"3760","smort_custom_pricelist_4":"4700","smort_custom_pricelist_5":"3760"},"anvandningsomrade":[],"bilmarken":[],"product_brand":[1124],"product_cat":[2561,2966,2539,2166],"product_tag":[2735],"class_list":{"0":"post-6329","1":"product","2":"type-product","3":"status-publish","4":"has-post-thumbnail","6":"product_brand-lazer","7":"product_cat-lazer","8":"product_cat-ledramp-rak","9":"product_cat-ledramper","10":"product_cat-lazer-linear","11":"product_tag-lazer","12":"pa_fargtemperatur-5000k","13":"pa_fuktskydd-varde-ipxx-ip68","14":"pa_godkannande-e-godkand-ece-r112","15":"pa_lampsockel-kontakt-superseal","16":"pa_led-chips-effekt-w-1334","17":"pa_storlek-mm-382x40x62","18":"pa_stromforbrukning-58a144v","19":"pa_volt-v-multivolt-10-12-16-18-24-28-30-32","21":"first","22":"onbackorder","23":"taxable","24":"shipping-taxable","25":"purchasable","26":"product-type-simple"},"bundled_by":[],"bundle_stock_status":"onbackorder","bundle_stock_quantity":0,"bundle_virtual":false,"bundle_layout":"","bundle_add_to_cart_form_location":"","bundle_editable_in_cart":false,"bundle_sold_individually_context":"","bundle_item_grouping":"","bundle_min_size":"","bundle_max_size":"","bundle_price":[],"bundled_items":[],"bundle_sell_ids":[],"acf":[],"yoast_head":"<!-- This site is optimized with the Yoast SEO plugin v27.0 - https:\/\/yoast.com\/product\/yoast-seo-wordpress\/ -->\n<title>Lazer Linear-12 Elite led-ramp | Positionsljus | 382mm - Xenonkungen<\/title>\n<meta name=\"robots\" content=\"index, follow, max-snippet:-1, max-image-preview:large, max-video-preview:-1\" \/>\n<link rel=\"canonical\" href=\"https:\/\/xenonkungen.com\/de\/produkt\/lazer-linear-12-elite-led-rampenpositionsleuchte-382-mm\/\" \/>\n<meta property=\"og:locale\" content=\"de_DE\" \/>\n<meta property=\"og:type\" content=\"article\" \/>\n<meta property=\"og:title\" content=\"Lazer Linear-12 Elite led-ramp | Positionsljus | 382mm - Xenonkungen\" \/>\n<meta property=\"og:description\" content=\"Linear &#8211; H\u00f6gklassiga Extra Ljusrampar Lazer Linear \u00e4r en serie av h\u00f6gklassiga extra ljusrampar, perfekta f\u00f6r daglig anv\u00e4ndning. Ramparna finns i b\u00e5de Standard och Elite-versioner. Optimal Ljusprestanda och Aerodynamisk Design Linear-serien kombinerar absolut b\u00e4sta ljusprestanda med en smal och aerodynamisk design. De levererar enast\u00e5ende belysning p\u00e5 v\u00e4garna och \u00e4r enkla att installera med de medf\u00f6ljande [&hellip;]\" \/>\n<meta property=\"og:url\" content=\"https:\/\/xenonkungen.com\/de\/produkt\/lazer-linear-12-elite-led-rampenpositionsleuchte-382-mm\/\" \/>\n<meta property=\"og:site_name\" content=\"Xenonkungen\" \/>\n<meta property=\"article:modified_time\" content=\"2026-04-24T16:28:59+00:00\" \/>\n<meta property=\"og:image\" content=\"https:\/\/xenonkungen.com\/wp-content\/uploads\/2025\/04\/188148717-origpic-46112d.jpg\" \/>\n\t<meta property=\"og:image:width\" content=\"1000\" \/>\n\t<meta property=\"og:image:height\" content=\"750\" \/>\n\t<meta property=\"og:image:type\" content=\"image\/jpeg\" \/>\n<meta name=\"twitter:card\" content=\"summary_large_image\" \/>\n<meta name=\"twitter:label1\" content=\"Gesch\u00e4tzte Lesezeit\" \/>\n\t<meta name=\"twitter:data1\" content=\"1\u00a0Minute\" \/>\n<script type=\"application\/ld+json\" class=\"yoast-schema-graph\">{\"@context\":\"https:\/\/schema.org\",\"@graph\":[{\"@type\":\"WebPage\",\"@id\":\"https:\/\/xenonkungen.com\/produkt\/lazer-linear-12-elite-led-ramp-positionsljus-382mm\/\",\"url\":\"https:\/\/xenonkungen.com\/produkt\/lazer-linear-12-elite-led-ramp-positionsljus-382mm\/\",\"name\":\"Lazer Linear-12 Elite led-ramp | Positionsljus | 382mm - Xenonkungen\",\"isPartOf\":{\"@id\":\"https:\/\/xenonkungen.com\/#website\"},\"primaryImageOfPage\":{\"@id\":\"https:\/\/xenonkungen.com\/produkt\/lazer-linear-12-elite-led-ramp-positionsljus-382mm\/#primaryimage\"},\"image\":{\"@id\":\"https:\/\/xenonkungen.com\/produkt\/lazer-linear-12-elite-led-ramp-positionsljus-382mm\/#primaryimage\"},\"thumbnailUrl\":\"https:\/\/xenonkungen.com\/wp-content\/uploads\/2025\/04\/188148717-origpic-46112d.jpg\",\"datePublished\":\"2025-04-15T09:45:11+00:00\",\"dateModified\":\"2026-04-24T16:28:59+00:00\",\"breadcrumb\":{\"@id\":\"https:\/\/xenonkungen.com\/produkt\/lazer-linear-12-elite-led-ramp-positionsljus-382mm\/#breadcrumb\"},\"inLanguage\":\"de\",\"potentialAction\":[{\"@type\":\"ReadAction\",\"target\":[\"https:\/\/xenonkungen.com\/produkt\/lazer-linear-12-elite-led-ramp-positionsljus-382mm\/\"]}]},{\"@type\":\"ImageObject\",\"inLanguage\":\"de\",\"@id\":\"https:\/\/xenonkungen.com\/produkt\/lazer-linear-12-elite-led-ramp-positionsljus-382mm\/#primaryimage\",\"url\":\"https:\/\/xenonkungen.com\/wp-content\/uploads\/2025\/04\/188148717-origpic-46112d.jpg\",\"contentUrl\":\"https:\/\/xenonkungen.com\/wp-content\/uploads\/2025\/04\/188148717-origpic-46112d.jpg\",\"width\":1000,\"height\":750},{\"@type\":\"BreadcrumbList\",\"@id\":\"https:\/\/xenonkungen.com\/produkt\/lazer-linear-12-elite-led-ramp-positionsljus-382mm\/#breadcrumb\",\"itemListElement\":[{\"@type\":\"ListItem\",\"position\":1,\"name\":\"Hem\",\"item\":\"https:\/\/xenonkungen.com\/\"},{\"@type\":\"ListItem\",\"position\":2,\"name\":\"Shop\",\"item\":\"https:\/\/xenonkungen.com\/shop\/\"},{\"@type\":\"ListItem\",\"position\":3,\"name\":\"Lazer Linear-12 Elite led-ramp | Positionsljus | 382mm\"}]},{\"@type\":\"WebSite\",\"@id\":\"https:\/\/xenonkungen.com\/#website\",\"url\":\"https:\/\/xenonkungen.com\/\",\"name\":\"Xenonkungen\",\"description\":\"\",\"potentialAction\":[{\"@type\":\"SearchAction\",\"target\":{\"@type\":\"EntryPoint\",\"urlTemplate\":\"https:\/\/xenonkungen.com\/?s={search_term_string}\"},\"query-input\":{\"@type\":\"PropertyValueSpecification\",\"valueRequired\":true,\"valueName\":\"search_term_string\"}}],\"inLanguage\":\"de\"}]}<\/script>\n<!-- \/ Yoast SEO plugin. -->","yoast_head_json":{"title":"Lazer Linear-12 Elite LED-Rampe | Positionsleuchte | 382 mm \u2013 Der Xenon-K\u00f6nig","robots":{"index":"index","follow":"follow","max-snippet":"max-snippet:-1","max-image-preview":"max-image-preview:large","max-video-preview":"max-video-preview:-1"},"canonical":"https:\/\/xenonkungen.com\/de\/produkt\/lazer-linear-12-elite-led-rampenpositionsleuchte-382-mm\/","og_locale":"de_DE","og_type":"article","og_title":"Lazer Linear-12 Elite led-ramp | Positionsljus | 382mm - Xenonkungen","og_description":"Linear &#8211; H\u00f6gklassiga Extra Ljusrampar Lazer Linear \u00e4r en serie av h\u00f6gklassiga extra ljusrampar, perfekta f\u00f6r daglig anv\u00e4ndning. Ramparna finns i b\u00e5de Standard och Elite-versioner. Optimal Ljusprestanda och Aerodynamisk Design Linear-serien kombinerar absolut b\u00e4sta ljusprestanda med en smal och aerodynamisk design. De levererar enast\u00e5ende belysning p\u00e5 v\u00e4garna och \u00e4r enkla att installera med de medf\u00f6ljande [&hellip;]","og_url":"https:\/\/xenonkungen.com\/de\/produkt\/lazer-linear-12-elite-led-rampenpositionsleuchte-382-mm\/","og_site_name":"Xenonkungen","article_modified_time":"2026-04-24T16:28:59+00:00","og_image":[{"width":1000,"height":750,"url":"https:\/\/xenonkungen.com\/wp-content\/uploads\/2025\/04\/188148717-origpic-46112d.jpg","type":"image\/jpeg"}],"twitter_card":"summary_large_image","twitter_misc":{"Gesch\u00e4tzte Lesezeit":"1\u00a0Minute"},"schema":{"@context":"https:\/\/schema.org","@graph":[{"@type":"WebPage","@id":"https:\/\/xenonkungen.com\/produkt\/lazer-linear-12-elite-led-ramp-positionsljus-382mm\/","url":"https:\/\/xenonkungen.com\/produkt\/lazer-linear-12-elite-led-ramp-positionsljus-382mm\/","name":"Lazer Linear-12 Elite LED-Rampe | Positionsleuchte | 382 mm \u2013 Der Xenon-K\u00f6nig","isPartOf":{"@id":"https:\/\/xenonkungen.com\/#website"},"primaryImageOfPage":{"@id":"https:\/\/xenonkungen.com\/produkt\/lazer-linear-12-elite-led-ramp-positionsljus-382mm\/#primaryimage"},"image":{"@id":"https:\/\/xenonkungen.com\/produkt\/lazer-linear-12-elite-led-ramp-positionsljus-382mm\/#primaryimage"},"thumbnailUrl":"https:\/\/xenonkungen.com\/wp-content\/uploads\/2025\/04\/188148717-origpic-46112d.jpg","datePublished":"2025-04-15T09:45:11+00:00","dateModified":"2026-04-24T16:28:59+00:00","breadcrumb":{"@id":"https:\/\/xenonkungen.com\/produkt\/lazer-linear-12-elite-led-ramp-positionsljus-382mm\/#breadcrumb"},"inLanguage":"de","potentialAction":[{"@type":"ReadAction","target":["https:\/\/xenonkungen.com\/produkt\/lazer-linear-12-elite-led-ramp-positionsljus-382mm\/"]}]},{"@type":"ImageObject","inLanguage":"de","@id":"https:\/\/xenonkungen.com\/produkt\/lazer-linear-12-elite-led-ramp-positionsljus-382mm\/#primaryimage","url":"https:\/\/xenonkungen.com\/wp-content\/uploads\/2025\/04\/188148717-origpic-46112d.jpg","contentUrl":"https:\/\/xenonkungen.com\/wp-content\/uploads\/2025\/04\/188148717-origpic-46112d.jpg","width":1000,"height":750},{"@type":"BreadcrumbList","@id":"https:\/\/xenonkungen.com\/produkt\/lazer-linear-12-elite-led-ramp-positionsljus-382mm\/#breadcrumb","itemListElement":[{"@type":"ListItem","position":1,"name":"Hem","item":"https:\/\/xenonkungen.com\/"},{"@type":"ListItem","position":2,"name":"Shop","item":"https:\/\/xenonkungen.com\/shop\/"},{"@type":"ListItem","position":3,"name":"Lazer Linear-12 Elite led-ramp | Positionsljus | 382mm"}]},{"@type":"WebSite","@id":"https:\/\/xenonkungen.com\/#website","url":"https:\/\/xenonkungen.com\/","name":"Xenonkungen","description":"","potentialAction":[{"@type":"SearchAction","target":{"@type":"EntryPoint","urlTemplate":"https:\/\/xenonkungen.com\/?s={search_term_string}"},"query-input":{"@type":"PropertyValueSpecification","valueRequired":true,"valueName":"search_term_string"}}],"inLanguage":"de"}]}},"taxonomy_info":{"product_brand":[{"value":1124,"label":"Lazer"}],"product_cat":[{"value":2561,"label":"Lazer"},{"value":2966,"label":"Ledramp Rak"},{"value":2539,"label":"LEDRAMPER"},{"value":2166,"label":"LAZER LINEAR"}],"product_tag":[{"value":2735,"label":"Lazer"}],"pa_fargtemperatur":[{"value":154,"label":"5000K"}],"pa_fuktskydd-varde-ipxx":[{"value":177,"label":"IP68"}],"pa_godkannande":[{"value":1709,"label":"E-godk\u00e4nd, ECE, R112"}],"pa_lampsockel-kontakt":[{"value":1122,"label":"Superseal"}],"pa_led-chips-effekt-w":[{"value":1334,"label":"84"}],"pa_storlek-mm":[{"value":1724,"label":"382x40x62"}],"pa_stromforbrukning":[{"value":1335,"label":"5,8A@14,4V"}],"pa_volt-v":[{"value":1084,"label":"Multivolt, 10, 12, 16, 18, 24, 28, 30, 32"}]},"featured_image_src_large":["https:\/\/xenonkungen.com\/wp-content\/uploads\/2025\/04\/188148717-origpic-46112d.jpg",1000,750,false],"author_info":[],"comment_info":0,"_links":{"self":[{"href":"https:\/\/xenonkungen.com\/de\/wp-json\/wp\/v2\/product\/6329","targetHints":{"allow":["GET"]}}],"collection":[{"href":"https:\/\/xenonkungen.com\/de\/wp-json\/wp\/v2\/product"}],"about":[{"href":"https:\/\/xenonkungen.com\/de\/wp-json\/wp\/v2\/types\/product"}],"replies":[{"embeddable":true,"href":"https:\/\/xenonkungen.com\/de\/wp-json\/wp\/v2\/comments?post=6329"}],"wp:featuredmedia":[{"embeddable":true,"href":"https:\/\/xenonkungen.com\/de\/wp-json\/wp\/v2\/media\/6330"}],"wp:attachment":[{"href":"https:\/\/xenonkungen.com\/de\/wp-json\/wp\/v2\/media?parent=6329"}],"wp:term":[{"taxonomy":"anvandningsomrade","embeddable":true,"href":"https:\/\/xenonkungen.com\/de\/wp-json\/wp\/v2\/anvandningsomrade?post=6329"},{"taxonomy":"bilmarken","embeddable":true,"href":"https:\/\/xenonkungen.com\/de\/wp-json\/wp\/v2\/bilmarken?post=6329"},{"taxonomy":"product_brand","embeddable":true,"href":"https:\/\/xenonkungen.com\/de\/wp-json\/wp\/v2\/product_brand?post=6329"},{"taxonomy":"product_cat","embeddable":true,"href":"https:\/\/xenonkungen.com\/de\/wp-json\/wp\/v2\/product_cat?post=6329"},{"taxonomy":"product_tag","embeddable":true,"href":"https:\/\/xenonkungen.com\/de\/wp-json\/wp\/v2\/product_tag?post=6329"}],"curies":[{"name":"wp","href":"https:\/\/api.w.org\/{rel}","templated":true}]}}