{"id":6455,"date":"2025-04-15T09:46:38","date_gmt":"2025-04-15T09:46:38","guid":{"rendered":"https:\/\/xenonkungen.com\/product\/lazer-triple-r-1250-elite-extraljusramp-23-590-mm-lba\/"},"modified":"2026-04-24T17:29:34","modified_gmt":"2026-04-24T16:29:34","slug":"lazer-triple-r-1250-elite-extra-light-rampe-23-590-mm-lba","status":"publish","type":"product","link":"https:\/\/xenonkungen.com\/de\/produkt\/lazer-triple-r-1250-elite-extra-light-rampe-23-590-mm-lba\/","title":{"rendered":"Lazer Triple-R 1250 Elite zus\u00e4tzliche Lichtrampe 23\u2033 (590 mm) LBA"},"content":{"rendered":"<h1>Triple-R-Serie von Lazer: Premium-LED-Leuchten f\u00fcr alle Ihre Bed\u00fcrfnisse<\/h1>\n<p>Urspr\u00fcnglich f\u00fcr den professionellen Rallye- und Motorsport entwickelt, hat sich die Triple-R-Serie von Lazer zu einem Favoriten f\u00fcr Pkw und Lkw entwickelt \u2013 egal ob auf der Stra\u00dfe oder im Gel\u00e4nde. Von der Standard- bis zur Elite-Serie bietet Triple-R stets hochwertige Beleuchtung f\u00fcr alle Ihre Bed\u00fcrfnisse.<\/p>\n<h2>Triple-R Elite: Verbessern Sie Ihr Lichterlebnis<\/h2>\n<p>Mit Triple-R Elite erhalten Sie im Vergleich zu Triple-R Standard eine noch h\u00f6here Helligkeit und Reichweite. Dank modernster LED-Technologie und optimierter Optik profitieren Sie von einer beeindruckenden Fernausleuchtung. Die effektive Lichtverteilung \u00fcber die gesamte Stra\u00dfenbreite sorgt zudem f\u00fcr optimale Sichtverh\u00e4ltnisse weit voraus. Die geringe Streuung des Lichts nach oben und unten macht diese Leuchten ideal f\u00fcr die Dachmontage und minimiert Reflexionen von der Motorhaube.<\/p>\n<h2>Technologie und Innovation: Triple-R Elite mit Abblendlichtassistent<\/h2>\n<p>Die Triple-R Elite mit Abblendlichtassistent, erh\u00e4ltlich in den L\u00e4ngen 410 und 590 mm, setzt neue Ma\u00dfst\u00e4be in Sachen Sicherheit und Komfort. Zwei integrierte Sensoren scannen permanent die Stra\u00dfe und erkennen entgegenkommenden Verkehr, sobald das Fernlicht eingeschaltet wird. Die Helligkeit wird dann automatisch angepasst, um Blendung zu vermeiden und gleichzeitig den Stra\u00dfenrand auszuleuchten. So k\u00f6nnen Sie potenzielle Gefahren au\u00dferhalb Ihrer Fahrspur fr\u00fchzeitig erkennen. Die Scheinwerfer sind zudem mit E-Boost ausgestattet, das auch im zul\u00e4ssigen Fahrmodus f\u00fcr eine beeindruckende Helligkeit sorgt.<\/p>\n<p>Entdecken Sie die beeindruckende Lichtleistung, Innovation und Sicherheit der Triple-R Elite-Serie von Lazer. Machen Sie Ihre Fahrten sicherer und komfortabler mit modernster LED-Beleuchtungstechnologie.<\/p>","protected":false},"excerpt":{"rendered":"<p>Triple-R-serien fr\u00e5n Lazer: Premium LED-lampor f\u00f6r alla dina behov B\u00f6rjade som en l\u00f6sning f\u00f6r behoven hos professionella rally och motorsport har Lazers Triple-R-serie utvecklats till en favorit f\u00f6r b\u00e5de personbilar och lastbilar, oavsett om du k\u00f6r p\u00e5 eller utanf\u00f6r v\u00e4gen. Fr\u00e5n Standard till Elite-serien har Triple-R alltid levererat kvalitetsbelysning f\u00f6r alla dina behov. Triple-R Elite: [&hellip;]<\/p>","protected":false},"featured_media":6456,"comment_status":"closed","ping_status":"open","template":"","meta":{"_acf_changed":false,"_smort_price_nok":"10895","_smort_price_dkk":"6921","_smort_price_eur":"927.23","_smort_sale_price_nok":"","_smort_sale_price_dkk":"","_smort_sale_price_eur":"","smort_restorder":"","shipmondo_restorder":"","_kad_blocks_custom_css":"","_kad_blocks_head_custom_js":"","_kad_blocks_body_custom_js":"","_kad_blocks_footer_custom_js":"","smort_custom_pricelist_1":"6528","smort_custom_pricelist_2":"6528","smort_custom_pricelist_3":"6528","smort_custom_pricelist_4":"8160","smort_custom_pricelist_5":"6528"},"anvandningsomrade":[],"bilmarken":[],"product_brand":[1124],"product_cat":[2561,2966,2539],"product_tag":[2735],"class_list":{"0":"post-6455","1":"product","2":"type-product","3":"status-publish","4":"has-post-thumbnail","6":"product_brand-lazer","7":"product_cat-lazer","8":"product_cat-ledramp-rak","9":"product_cat-ledramper","10":"product_tag-lazer","11":"pa_fargtemperatur-5000k","12":"pa_fuktskydd-varde-ipxx-ip67","13":"pa_godkannande-e-godkand-ece-r112","14":"pa_lampsockel-kontakt-superseal","15":"pa_led-chips-effekt-w-1757","16":"pa_storlek-mm-590x73x105","17":"pa_stromforbrukning-105a144v","18":"pa_volt-v-multivolt-10-12-16-18-24-28-30-32","20":"first","21":"onbackorder","22":"taxable","23":"shipping-taxable","24":"purchasable","25":"product-type-simple"},"bundled_by":[],"bundle_stock_status":"onbackorder","bundle_stock_quantity":0,"bundle_virtual":false,"bundle_layout":"","bundle_add_to_cart_form_location":"","bundle_editable_in_cart":false,"bundle_sold_individually_context":"","bundle_item_grouping":"","bundle_min_size":"","bundle_max_size":"","bundle_price":[],"bundled_items":[],"bundle_sell_ids":[],"acf":[],"yoast_head":"<!-- This site is optimized with the Yoast SEO plugin v27.0 - https:\/\/yoast.com\/product\/yoast-seo-wordpress\/ -->\n<title>Lazer Triple-R 1250 Elite extraljusramp 23&quot; (590 mm) LBA - Xenonkungen<\/title>\n<meta name=\"robots\" content=\"index, follow, max-snippet:-1, max-image-preview:large, max-video-preview:-1\" \/>\n<link rel=\"canonical\" href=\"https:\/\/xenonkungen.com\/de\/produkt\/lazer-triple-r-1250-elite-extra-light-rampe-23-590-mm-lba\/\" \/>\n<meta property=\"og:locale\" content=\"de_DE\" \/>\n<meta property=\"og:type\" content=\"article\" \/>\n<meta property=\"og:title\" content=\"Lazer Triple-R 1250 Elite extraljusramp 23&quot; (590 mm) LBA - Xenonkungen\" \/>\n<meta property=\"og:description\" content=\"Triple-R-serien fr\u00e5n Lazer: Premium LED-lampor f\u00f6r alla dina behov B\u00f6rjade som en l\u00f6sning f\u00f6r behoven hos professionella rally och motorsport har Lazers Triple-R-serie utvecklats till en favorit f\u00f6r b\u00e5de personbilar och lastbilar, oavsett om du k\u00f6r p\u00e5 eller utanf\u00f6r v\u00e4gen. Fr\u00e5n Standard till Elite-serien har Triple-R alltid levererat kvalitetsbelysning f\u00f6r alla dina behov. Triple-R Elite: [&hellip;]\" \/>\n<meta property=\"og:url\" content=\"https:\/\/xenonkungen.com\/de\/produkt\/lazer-triple-r-1250-elite-extra-light-rampe-23-590-mm-lba\/\" \/>\n<meta property=\"og:site_name\" content=\"Xenonkungen\" \/>\n<meta property=\"article:modified_time\" content=\"2026-04-24T16:29:34+00:00\" \/>\n<meta property=\"og:image\" content=\"https:\/\/xenonkungen.com\/wp-content\/uploads\/2025\/04\/189055193-origpic-9151d3.jpg\" \/>\n\t<meta property=\"og:image:width\" content=\"1000\" \/>\n\t<meta property=\"og:image:height\" content=\"750\" \/>\n\t<meta property=\"og:image:type\" content=\"image\/jpeg\" \/>\n<meta name=\"twitter:card\" content=\"summary_large_image\" \/>\n<meta name=\"twitter:label1\" content=\"Gesch\u00e4tzte Lesezeit\" \/>\n\t<meta name=\"twitter:data1\" content=\"1\u00a0Minute\" \/>\n<script type=\"application\/ld+json\" class=\"yoast-schema-graph\">{\"@context\":\"https:\/\/schema.org\",\"@graph\":[{\"@type\":\"WebPage\",\"@id\":\"https:\/\/xenonkungen.com\/produkt\/lazer-triple-r-1250-elite-extraljusramp-23-590-mm-lba\/\",\"url\":\"https:\/\/xenonkungen.com\/produkt\/lazer-triple-r-1250-elite-extraljusramp-23-590-mm-lba\/\",\"name\":\"Lazer Triple-R 1250 Elite extraljusramp 23\\\" (590 mm) LBA - Xenonkungen\",\"isPartOf\":{\"@id\":\"https:\/\/xenonkungen.com\/#website\"},\"primaryImageOfPage\":{\"@id\":\"https:\/\/xenonkungen.com\/produkt\/lazer-triple-r-1250-elite-extraljusramp-23-590-mm-lba\/#primaryimage\"},\"image\":{\"@id\":\"https:\/\/xenonkungen.com\/produkt\/lazer-triple-r-1250-elite-extraljusramp-23-590-mm-lba\/#primaryimage\"},\"thumbnailUrl\":\"https:\/\/xenonkungen.com\/wp-content\/uploads\/2025\/04\/189055193-origpic-9151d3.jpg\",\"datePublished\":\"2025-04-15T09:46:38+00:00\",\"dateModified\":\"2026-04-24T16:29:34+00:00\",\"breadcrumb\":{\"@id\":\"https:\/\/xenonkungen.com\/produkt\/lazer-triple-r-1250-elite-extraljusramp-23-590-mm-lba\/#breadcrumb\"},\"inLanguage\":\"de\",\"potentialAction\":[{\"@type\":\"ReadAction\",\"target\":[\"https:\/\/xenonkungen.com\/produkt\/lazer-triple-r-1250-elite-extraljusramp-23-590-mm-lba\/\"]}]},{\"@type\":\"ImageObject\",\"inLanguage\":\"de\",\"@id\":\"https:\/\/xenonkungen.com\/produkt\/lazer-triple-r-1250-elite-extraljusramp-23-590-mm-lba\/#primaryimage\",\"url\":\"https:\/\/xenonkungen.com\/wp-content\/uploads\/2025\/04\/189055193-origpic-9151d3.jpg\",\"contentUrl\":\"https:\/\/xenonkungen.com\/wp-content\/uploads\/2025\/04\/189055193-origpic-9151d3.jpg\",\"width\":1000,\"height\":750},{\"@type\":\"BreadcrumbList\",\"@id\":\"https:\/\/xenonkungen.com\/produkt\/lazer-triple-r-1250-elite-extraljusramp-23-590-mm-lba\/#breadcrumb\",\"itemListElement\":[{\"@type\":\"ListItem\",\"position\":1,\"name\":\"Hem\",\"item\":\"https:\/\/xenonkungen.com\/\"},{\"@type\":\"ListItem\",\"position\":2,\"name\":\"Shop\",\"item\":\"https:\/\/xenonkungen.com\/shop\/\"},{\"@type\":\"ListItem\",\"position\":3,\"name\":\"Lazer Triple-R 1250 Elite extraljusramp 23&#8243; (590 mm) LBA\"}]},{\"@type\":\"WebSite\",\"@id\":\"https:\/\/xenonkungen.com\/#website\",\"url\":\"https:\/\/xenonkungen.com\/\",\"name\":\"Xenonkungen\",\"description\":\"\",\"potentialAction\":[{\"@type\":\"SearchAction\",\"target\":{\"@type\":\"EntryPoint\",\"urlTemplate\":\"https:\/\/xenonkungen.com\/?s={search_term_string}\"},\"query-input\":{\"@type\":\"PropertyValueSpecification\",\"valueRequired\":true,\"valueName\":\"search_term_string\"}}],\"inLanguage\":\"de\"}]}<\/script>\n<!-- \/ Yoast SEO plugin. -->","yoast_head_json":{"title":"Lazer Triple-R 1250 Elite Zusatzlichtleiste 23&quot; (590 mm) LBA - Der Xenon-K\u00f6nig","robots":{"index":"index","follow":"follow","max-snippet":"max-snippet:-1","max-image-preview":"max-image-preview:large","max-video-preview":"max-video-preview:-1"},"canonical":"https:\/\/xenonkungen.com\/de\/produkt\/lazer-triple-r-1250-elite-extra-light-rampe-23-590-mm-lba\/","og_locale":"de_DE","og_type":"article","og_title":"Lazer Triple-R 1250 Elite extraljusramp 23\" (590 mm) LBA - Xenonkungen","og_description":"Triple-R-serien fr\u00e5n Lazer: Premium LED-lampor f\u00f6r alla dina behov B\u00f6rjade som en l\u00f6sning f\u00f6r behoven hos professionella rally och motorsport har Lazers Triple-R-serie utvecklats till en favorit f\u00f6r b\u00e5de personbilar och lastbilar, oavsett om du k\u00f6r p\u00e5 eller utanf\u00f6r v\u00e4gen. Fr\u00e5n Standard till Elite-serien har Triple-R alltid levererat kvalitetsbelysning f\u00f6r alla dina behov. Triple-R Elite: [&hellip;]","og_url":"https:\/\/xenonkungen.com\/de\/produkt\/lazer-triple-r-1250-elite-extra-light-rampe-23-590-mm-lba\/","og_site_name":"Xenonkungen","article_modified_time":"2026-04-24T16:29:34+00:00","og_image":[{"width":1000,"height":750,"url":"https:\/\/xenonkungen.com\/wp-content\/uploads\/2025\/04\/189055193-origpic-9151d3.jpg","type":"image\/jpeg"}],"twitter_card":"summary_large_image","twitter_misc":{"Gesch\u00e4tzte Lesezeit":"1\u00a0Minute"},"schema":{"@context":"https:\/\/schema.org","@graph":[{"@type":"WebPage","@id":"https:\/\/xenonkungen.com\/produkt\/lazer-triple-r-1250-elite-extraljusramp-23-590-mm-lba\/","url":"https:\/\/xenonkungen.com\/produkt\/lazer-triple-r-1250-elite-extraljusramp-23-590-mm-lba\/","name":"Lazer Triple-R 1250 Elite Zusatzlichtleiste 23&quot; (590 mm) LBA - Der Xenon-K\u00f6nig","isPartOf":{"@id":"https:\/\/xenonkungen.com\/#website"},"primaryImageOfPage":{"@id":"https:\/\/xenonkungen.com\/produkt\/lazer-triple-r-1250-elite-extraljusramp-23-590-mm-lba\/#primaryimage"},"image":{"@id":"https:\/\/xenonkungen.com\/produkt\/lazer-triple-r-1250-elite-extraljusramp-23-590-mm-lba\/#primaryimage"},"thumbnailUrl":"https:\/\/xenonkungen.com\/wp-content\/uploads\/2025\/04\/189055193-origpic-9151d3.jpg","datePublished":"2025-04-15T09:46:38+00:00","dateModified":"2026-04-24T16:29:34+00:00","breadcrumb":{"@id":"https:\/\/xenonkungen.com\/produkt\/lazer-triple-r-1250-elite-extraljusramp-23-590-mm-lba\/#breadcrumb"},"inLanguage":"de","potentialAction":[{"@type":"ReadAction","target":["https:\/\/xenonkungen.com\/produkt\/lazer-triple-r-1250-elite-extraljusramp-23-590-mm-lba\/"]}]},{"@type":"ImageObject","inLanguage":"de","@id":"https:\/\/xenonkungen.com\/produkt\/lazer-triple-r-1250-elite-extraljusramp-23-590-mm-lba\/#primaryimage","url":"https:\/\/xenonkungen.com\/wp-content\/uploads\/2025\/04\/189055193-origpic-9151d3.jpg","contentUrl":"https:\/\/xenonkungen.com\/wp-content\/uploads\/2025\/04\/189055193-origpic-9151d3.jpg","width":1000,"height":750},{"@type":"BreadcrumbList","@id":"https:\/\/xenonkungen.com\/produkt\/lazer-triple-r-1250-elite-extraljusramp-23-590-mm-lba\/#breadcrumb","itemListElement":[{"@type":"ListItem","position":1,"name":"Hem","item":"https:\/\/xenonkungen.com\/"},{"@type":"ListItem","position":2,"name":"Shop","item":"https:\/\/xenonkungen.com\/shop\/"},{"@type":"ListItem","position":3,"name":"Lazer Triple-R 1250 Elite extraljusramp 23&#8243; (590 mm) LBA"}]},{"@type":"WebSite","@id":"https:\/\/xenonkungen.com\/#website","url":"https:\/\/xenonkungen.com\/","name":"Xenonkungen","description":"","potentialAction":[{"@type":"SearchAction","target":{"@type":"EntryPoint","urlTemplate":"https:\/\/xenonkungen.com\/?s={search_term_string}"},"query-input":{"@type":"PropertyValueSpecification","valueRequired":true,"valueName":"search_term_string"}}],"inLanguage":"de"}]}},"taxonomy_info":{"product_brand":[{"value":1124,"label":"Lazer"}],"product_cat":[{"value":2561,"label":"Lazer"},{"value":2966,"label":"Ledramp Rak"},{"value":2539,"label":"LEDRAMPER"}],"product_tag":[{"value":2735,"label":"Lazer"}],"pa_fargtemperatur":[{"value":154,"label":"5000K"}],"pa_fuktskydd-varde-ipxx":[{"value":333,"label":"IP67"}],"pa_godkannande":[{"value":1709,"label":"E-godk\u00e4nd, ECE, R112"}],"pa_lampsockel-kontakt":[{"value":1122,"label":"Superseal"}],"pa_led-chips-effekt-w":[{"value":1757,"label":"151"}],"pa_storlek-mm":[{"value":1354,"label":"590x73x105"}],"pa_stromforbrukning":[{"value":1758,"label":"10,5A@14,4V"}],"pa_volt-v":[{"value":1084,"label":"Multivolt, 10, 12, 16, 18, 24, 28, 30, 32"}]},"featured_image_src_large":["https:\/\/xenonkungen.com\/wp-content\/uploads\/2025\/04\/189055193-origpic-9151d3.jpg",1000,750,false],"author_info":[],"comment_info":0,"_links":{"self":[{"href":"https:\/\/xenonkungen.com\/de\/wp-json\/wp\/v2\/product\/6455","targetHints":{"allow":["GET"]}}],"collection":[{"href":"https:\/\/xenonkungen.com\/de\/wp-json\/wp\/v2\/product"}],"about":[{"href":"https:\/\/xenonkungen.com\/de\/wp-json\/wp\/v2\/types\/product"}],"replies":[{"embeddable":true,"href":"https:\/\/xenonkungen.com\/de\/wp-json\/wp\/v2\/comments?post=6455"}],"wp:featuredmedia":[{"embeddable":true,"href":"https:\/\/xenonkungen.com\/de\/wp-json\/wp\/v2\/media\/6456"}],"wp:attachment":[{"href":"https:\/\/xenonkungen.com\/de\/wp-json\/wp\/v2\/media?parent=6455"}],"wp:term":[{"taxonomy":"anvandningsomrade","embeddable":true,"href":"https:\/\/xenonkungen.com\/de\/wp-json\/wp\/v2\/anvandningsomrade?post=6455"},{"taxonomy":"bilmarken","embeddable":true,"href":"https:\/\/xenonkungen.com\/de\/wp-json\/wp\/v2\/bilmarken?post=6455"},{"taxonomy":"product_brand","embeddable":true,"href":"https:\/\/xenonkungen.com\/de\/wp-json\/wp\/v2\/product_brand?post=6455"},{"taxonomy":"product_cat","embeddable":true,"href":"https:\/\/xenonkungen.com\/de\/wp-json\/wp\/v2\/product_cat?post=6455"},{"taxonomy":"product_tag","embeddable":true,"href":"https:\/\/xenonkungen.com\/de\/wp-json\/wp\/v2\/product_tag?post=6455"}],"curies":[{"name":"wp","href":"https:\/\/api.w.org\/{rel}","templated":true}]}}