{"id":6540,"date":"2025-04-15T09:47:28","date_gmt":"2025-04-15T09:47:28","guid":{"rendered":"https:\/\/xenonkungen.com\/product\/frontmarkering-129wm\/"},"modified":"2026-04-21T16:23:29","modified_gmt":"2026-04-21T15:23:29","slug":"frontmarkierung-129wm","status":"publish","type":"product","link":"https:\/\/xenonkungen.com\/de\/produkt\/frontmarkierung-129wm\/","title":{"rendered":"Vordere Markierung 129WM"},"content":{"rendered":"<h1>Low Profile Frontmarkierung f\u00fcr Fahrzeuge<\/h1>\n<p>Diese vordere Begrenzungsleuchte wurde entwickelt, um maximale Sichtbarkeit f\u00fcr eine Vielzahl von Fahrzeugen, einschlie\u00dflich Anh\u00e4ngern und Lastwagen, zu gew\u00e4hrleisten. Durch ihre Multispannungsfunktion ist sie vielseitig einsetzbar und f\u00fcr verschiedene Fahrzeugtypen geeignet.<\/p>\n<p>Mit drei LEDs auf der linken Seite und einer integrierten Reflektorplatte auf der rechten Seite bietet diese Leuchte un\u00fcbertroffene Sichtbarkeit und Sicherheit. Ihr niedriges Profil und die M\u00f6glichkeit, sie sowohl vertikal als auch horizontal zu montieren, sorgen f\u00fcr eine diskrete Installation mit nur 13 mm Tiefe.<\/p>\n<p>Die Frontbegrenzungsleuchte besteht aus einem schwarzen Rahmen, einer PMMA-Acrylglaslinse, einem ABS-Sockel und einem 40 cm langen, festen Kabel, was ihre Haltbarkeit und Zuverl\u00e4ssigkeit gew\u00e4hrleistet.<\/p>\n<p>Dank ihrer Sto\u00dffestigkeit und vollst\u00e4ndigen Wasser- und Staubdichtigkeit ist diese Leuchte eine zuverl\u00e4ssige Wahl, um Ihr Fahrzeug unter allen Bedingungen sichtbar und sicher zu machen.<\/p>\n<p>Diese Begrenzungsleuchte ist in verschiedenen Farben erh\u00e4ltlich, um den unterschiedlichen Verwendungszwecken und \u00e4sthetischen Vorlieben gerecht zu werden. Sie ist ein unverzichtbares Upgrade zur Verbesserung der Sichtbarkeit und Sicherheit des Fahrzeugs.<\/p>\n<p><strong>Spezifikationen<\/strong><br \/><strong>Spannung (Volt):<\/strong> 12V-24V<br \/><strong>Lichtquelle:<\/strong> LED<br \/><strong>Stromaufnahme (Ampere):<\/strong><br \/>- 0,02A bei 13,8V<br \/>- 0,03A bei 28V<br \/><strong>Helle Farbe:<\/strong> Wei\u00df<br \/><strong>Schutz vor N\u00e4sse: <\/strong>IP67<br \/><strong>Zugelassen unter:<\/strong> ECE, E9, EMC, A, IA<br \/><strong>Gr\u00f6\u00dfe:<\/strong> 129x32x13mm<\/p>\n<p><strong>Gut zu wissen:<\/strong><br \/>Die Schraubenl\u00f6cher haben einen Abstand von 116mm<br \/>Bei der Installation wird eine 8-mm-Bohrung ben\u00f6tigt, durch die das Kabel eingef\u00e4delt wird. <br \/>Optionale Lampenhalterungen sind erh\u00e4ltlich (siehe Links unten).<\/p>\n<p><strong>Informationen zur Lieferung<\/strong><br \/>1. vordere Markierung wei\u00df<br \/>2 Schrauben zur Befestigung<\/p>\n<p><strong>B\u00fcrgschaft<\/strong><br \/>2 Jahre Funktionsgarantie<\/p>","protected":false},"excerpt":{"rendered":"<p><b>Niedriges Profil f\u00fcr seitliche Markierung<\/b><br \/>\n<b>Multivolt<\/b><br \/>\n<b>Wei\u00df Lichtfarbe<\/b><br \/>\n<b>IP67<\/b><br \/>\n<b>2 Jahre Funktionsgarantie<\/b><\/p>","protected":false},"featured_media":6541,"comment_status":"closed","ping_status":"open","template":"","meta":{"_acf_changed":false,"_smort_price_nok":"139","_smort_price_dkk":"88","_smort_price_eur":"11.82","_smort_sale_price_nok":"","_smort_sale_price_dkk":"","_smort_sale_price_eur":"","smort_restorder":"","shipmondo_restorder":"","_kad_blocks_custom_css":"","_kad_blocks_head_custom_js":"","_kad_blocks_body_custom_js":"","_kad_blocks_footer_custom_js":"","smort_custom_pricelist_1":"72.8","smort_custom_pricelist_2":"72.8","smort_custom_pricelist_3":"69.16","smort_custom_pricelist_4":"104","smort_custom_pricelist_5":"72.8"},"anvandningsomrade":[166,238,2816],"bilmarken":[],"product_brand":[1252],"product_cat":[2810,2478],"product_tag":[],"class_list":{"0":"post-6540","1":"product","2":"type-product","3":"status-publish","4":"has-post-thumbnail","6":"anvandningsomrade-lastbil","7":"anvandningsomrade-slap","8":"anvandningsomrade-trailer","9":"product_brand-lea","10":"product_cat-front","11":"product_cat-positionsljus-slap","12":"pa_fuktskydd-varde-ipxx-ip67","13":"pa_godkannande-ece-e9-emc-a-ia","14":"pa_storlek-mm-129x32x13","15":"pa_stromforbrukning-0-02a-13-8v","16":"pa_stromforbrukning-0-03a-28v","17":"pa_volt-v-12-24","19":"first","20":"onbackorder","21":"taxable","22":"shipping-taxable","23":"purchasable","24":"product-type-simple"},"bundled_by":[],"bundle_stock_status":"onbackorder","bundle_stock_quantity":-5,"bundle_virtual":false,"bundle_layout":"","bundle_add_to_cart_form_location":"","bundle_editable_in_cart":false,"bundle_sold_individually_context":"","bundle_item_grouping":"","bundle_min_size":"","bundle_max_size":"","bundle_price":[],"bundled_items":[],"bundle_sell_ids":[],"acf":[],"yoast_head":"<!-- This site is optimized with the Yoast SEO plugin v27.0 - https:\/\/yoast.com\/product\/yoast-seo-wordpress\/ -->\n<title>Frontmarkering 129WM - Xenonkungen<\/title>\n<meta name=\"robots\" content=\"index, follow, max-snippet:-1, max-image-preview:large, max-video-preview:-1\" \/>\n<link rel=\"canonical\" href=\"https:\/\/xenonkungen.com\/de\/produkt\/frontmarkierung-129wm\/\" \/>\n<meta property=\"og:locale\" content=\"de_DE\" \/>\n<meta property=\"og:type\" content=\"article\" \/>\n<meta property=\"og:title\" content=\"Frontmarkering 129WM - Xenonkungen\" \/>\n<meta property=\"og:description\" content=\"L\u00e5g profil f\u00f6r sidomarkering Multivolt Vit Ljusf\u00e4rg IP67 2 \u00e5rs Funktionsgaranti\" \/>\n<meta property=\"og:url\" content=\"https:\/\/xenonkungen.com\/de\/produkt\/frontmarkierung-129wm\/\" \/>\n<meta property=\"og:site_name\" content=\"Xenonkungen\" \/>\n<meta property=\"article:modified_time\" content=\"2026-04-21T15:23:29+00:00\" \/>\n<meta property=\"og:image\" content=\"https:\/\/xenonkungen.com\/wp-content\/uploads\/2025\/04\/21677847-origpic-cea6b4.jpg\" \/>\n\t<meta property=\"og:image:width\" content=\"450\" \/>\n\t<meta property=\"og:image:height\" content=\"450\" \/>\n\t<meta property=\"og:image:type\" content=\"image\/jpeg\" \/>\n<meta name=\"twitter:card\" content=\"summary_large_image\" \/>\n<meta name=\"twitter:label1\" content=\"Gesch\u00e4tzte Lesezeit\" \/>\n\t<meta name=\"twitter:data1\" content=\"1\u00a0Minute\" \/>\n<script type=\"application\/ld+json\" class=\"yoast-schema-graph\">{\"@context\":\"https:\/\/schema.org\",\"@graph\":[{\"@type\":\"WebPage\",\"@id\":\"https:\/\/xenonkungen.com\/produkt\/frontmarkering-129wm\/\",\"url\":\"https:\/\/xenonkungen.com\/produkt\/frontmarkering-129wm\/\",\"name\":\"Frontmarkering 129WM - Xenonkungen\",\"isPartOf\":{\"@id\":\"https:\/\/xenonkungen.com\/#website\"},\"primaryImageOfPage\":{\"@id\":\"https:\/\/xenonkungen.com\/produkt\/frontmarkering-129wm\/#primaryimage\"},\"image\":{\"@id\":\"https:\/\/xenonkungen.com\/produkt\/frontmarkering-129wm\/#primaryimage\"},\"thumbnailUrl\":\"https:\/\/xenonkungen.com\/wp-content\/uploads\/2025\/04\/21677847-origpic-cea6b4.jpg\",\"datePublished\":\"2025-04-15T09:47:28+00:00\",\"dateModified\":\"2026-04-21T15:23:29+00:00\",\"breadcrumb\":{\"@id\":\"https:\/\/xenonkungen.com\/produkt\/frontmarkering-129wm\/#breadcrumb\"},\"inLanguage\":\"de\",\"potentialAction\":[{\"@type\":\"ReadAction\",\"target\":[\"https:\/\/xenonkungen.com\/produkt\/frontmarkering-129wm\/\"]}]},{\"@type\":\"ImageObject\",\"inLanguage\":\"de\",\"@id\":\"https:\/\/xenonkungen.com\/produkt\/frontmarkering-129wm\/#primaryimage\",\"url\":\"https:\/\/xenonkungen.com\/wp-content\/uploads\/2025\/04\/21677847-origpic-cea6b4.jpg\",\"contentUrl\":\"https:\/\/xenonkungen.com\/wp-content\/uploads\/2025\/04\/21677847-origpic-cea6b4.jpg\",\"width\":450,\"height\":450},{\"@type\":\"BreadcrumbList\",\"@id\":\"https:\/\/xenonkungen.com\/produkt\/frontmarkering-129wm\/#breadcrumb\",\"itemListElement\":[{\"@type\":\"ListItem\",\"position\":1,\"name\":\"Hem\",\"item\":\"https:\/\/xenonkungen.com\/\"},{\"@type\":\"ListItem\",\"position\":2,\"name\":\"Shop\",\"item\":\"https:\/\/xenonkungen.com\/shop\/\"},{\"@type\":\"ListItem\",\"position\":3,\"name\":\"Frontmarkering 129WM\"}]},{\"@type\":\"WebSite\",\"@id\":\"https:\/\/xenonkungen.com\/#website\",\"url\":\"https:\/\/xenonkungen.com\/\",\"name\":\"Xenonkungen\",\"description\":\"\",\"potentialAction\":[{\"@type\":\"SearchAction\",\"target\":{\"@type\":\"EntryPoint\",\"urlTemplate\":\"https:\/\/xenonkungen.com\/?s={search_term_string}\"},\"query-input\":{\"@type\":\"PropertyValueSpecification\",\"valueRequired\":true,\"valueName\":\"search_term_string\"}}],\"inLanguage\":\"de\"}]}<\/script>\n<!-- \/ Yoast SEO plugin. -->","yoast_head_json":{"title":"Frontmarkierung 129WM \u2013 Der Xenon-K\u00f6nig","robots":{"index":"index","follow":"follow","max-snippet":"max-snippet:-1","max-image-preview":"max-image-preview:large","max-video-preview":"max-video-preview:-1"},"canonical":"https:\/\/xenonkungen.com\/de\/produkt\/frontmarkierung-129wm\/","og_locale":"de_DE","og_type":"article","og_title":"Frontmarkering 129WM - Xenonkungen","og_description":"L\u00e5g profil f\u00f6r sidomarkering Multivolt Vit Ljusf\u00e4rg IP67 2 \u00e5rs Funktionsgaranti","og_url":"https:\/\/xenonkungen.com\/de\/produkt\/frontmarkierung-129wm\/","og_site_name":"Xenonkungen","article_modified_time":"2026-04-21T15:23:29+00:00","og_image":[{"width":450,"height":450,"url":"https:\/\/xenonkungen.com\/wp-content\/uploads\/2025\/04\/21677847-origpic-cea6b4.jpg","type":"image\/jpeg"}],"twitter_card":"summary_large_image","twitter_misc":{"Gesch\u00e4tzte Lesezeit":"1\u00a0Minute"},"schema":{"@context":"https:\/\/schema.org","@graph":[{"@type":"WebPage","@id":"https:\/\/xenonkungen.com\/produkt\/frontmarkering-129wm\/","url":"https:\/\/xenonkungen.com\/produkt\/frontmarkering-129wm\/","name":"Frontmarkierung 129WM \u2013 Der Xenon-K\u00f6nig","isPartOf":{"@id":"https:\/\/xenonkungen.com\/#website"},"primaryImageOfPage":{"@id":"https:\/\/xenonkungen.com\/produkt\/frontmarkering-129wm\/#primaryimage"},"image":{"@id":"https:\/\/xenonkungen.com\/produkt\/frontmarkering-129wm\/#primaryimage"},"thumbnailUrl":"https:\/\/xenonkungen.com\/wp-content\/uploads\/2025\/04\/21677847-origpic-cea6b4.jpg","datePublished":"2025-04-15T09:47:28+00:00","dateModified":"2026-04-21T15:23:29+00:00","breadcrumb":{"@id":"https:\/\/xenonkungen.com\/produkt\/frontmarkering-129wm\/#breadcrumb"},"inLanguage":"de","potentialAction":[{"@type":"ReadAction","target":["https:\/\/xenonkungen.com\/produkt\/frontmarkering-129wm\/"]}]},{"@type":"ImageObject","inLanguage":"de","@id":"https:\/\/xenonkungen.com\/produkt\/frontmarkering-129wm\/#primaryimage","url":"https:\/\/xenonkungen.com\/wp-content\/uploads\/2025\/04\/21677847-origpic-cea6b4.jpg","contentUrl":"https:\/\/xenonkungen.com\/wp-content\/uploads\/2025\/04\/21677847-origpic-cea6b4.jpg","width":450,"height":450},{"@type":"BreadcrumbList","@id":"https:\/\/xenonkungen.com\/produkt\/frontmarkering-129wm\/#breadcrumb","itemListElement":[{"@type":"ListItem","position":1,"name":"Hem","item":"https:\/\/xenonkungen.com\/"},{"@type":"ListItem","position":2,"name":"Shop","item":"https:\/\/xenonkungen.com\/shop\/"},{"@type":"ListItem","position":3,"name":"Frontmarkering 129WM"}]},{"@type":"WebSite","@id":"https:\/\/xenonkungen.com\/#website","url":"https:\/\/xenonkungen.com\/","name":"Xenonkungen","description":"","potentialAction":[{"@type":"SearchAction","target":{"@type":"EntryPoint","urlTemplate":"https:\/\/xenonkungen.com\/?s={search_term_string}"},"query-input":{"@type":"PropertyValueSpecification","valueRequired":true,"valueName":"search_term_string"}}],"inLanguage":"de"}]}},"taxonomy_info":{"anvandningsomrade":[{"value":166,"label":"Lastbil"},{"value":238,"label":"SL\u00c4P"},{"value":2816,"label":"TRAILER"}],"product_brand":[{"value":1252,"label":"LEA"}],"product_cat":[{"value":2810,"label":"Front"},{"value":2478,"label":"Positionsljus"}],"pa_fuktskydd-varde-ipxx":[{"value":333,"label":"IP67"}],"pa_godkannande":[{"value":1781,"label":"ECE, E9, EMC, A, IA"}],"pa_storlek-mm":[{"value":1779,"label":"129x32x13"}],"pa_stromforbrukning":[{"value":1775,"label":"0.02A @13.8V"},{"value":1776,"label":"0.03A @28V"}],"pa_volt-v":[{"value":348,"label":"12, 24"}]},"featured_image_src_large":["https:\/\/xenonkungen.com\/wp-content\/uploads\/2025\/04\/21677847-origpic-cea6b4.jpg",450,450,false],"author_info":[],"comment_info":0,"_links":{"self":[{"href":"https:\/\/xenonkungen.com\/de\/wp-json\/wp\/v2\/product\/6540","targetHints":{"allow":["GET"]}}],"collection":[{"href":"https:\/\/xenonkungen.com\/de\/wp-json\/wp\/v2\/product"}],"about":[{"href":"https:\/\/xenonkungen.com\/de\/wp-json\/wp\/v2\/types\/product"}],"replies":[{"embeddable":true,"href":"https:\/\/xenonkungen.com\/de\/wp-json\/wp\/v2\/comments?post=6540"}],"wp:featuredmedia":[{"embeddable":true,"href":"https:\/\/xenonkungen.com\/de\/wp-json\/wp\/v2\/media\/6541"}],"wp:attachment":[{"href":"https:\/\/xenonkungen.com\/de\/wp-json\/wp\/v2\/media?parent=6540"}],"wp:term":[{"taxonomy":"anvandningsomrade","embeddable":true,"href":"https:\/\/xenonkungen.com\/de\/wp-json\/wp\/v2\/anvandningsomrade?post=6540"},{"taxonomy":"bilmarken","embeddable":true,"href":"https:\/\/xenonkungen.com\/de\/wp-json\/wp\/v2\/bilmarken?post=6540"},{"taxonomy":"product_brand","embeddable":true,"href":"https:\/\/xenonkungen.com\/de\/wp-json\/wp\/v2\/product_brand?post=6540"},{"taxonomy":"product_cat","embeddable":true,"href":"https:\/\/xenonkungen.com\/de\/wp-json\/wp\/v2\/product_cat?post=6540"},{"taxonomy":"product_tag","embeddable":true,"href":"https:\/\/xenonkungen.com\/de\/wp-json\/wp\/v2\/product_tag?post=6540"}],"curies":[{"name":"wp","href":"https:\/\/api.w.org\/{rel}","templated":true}]}}