{"id":6555,"date":"2025-04-15T09:47:34","date_gmt":"2025-04-15T09:47:34","guid":{"rendered":"https:\/\/xenonkungen.com\/product\/baklampa-130rme-rod\/"},"modified":"2026-04-24T17:09:40","modified_gmt":"2026-04-24T16:09:40","slug":"rucklicht-130rme-stange","status":"publish","type":"product","link":"https:\/\/xenonkungen.com\/de\/produkt\/rucklicht-130rme-stange\/","title":{"rendered":"R\u00fccklicht 130RME Rot"},"content":{"rendered":"<div class=\"container\">\n<h1>Verbesserte Sicherheit und Kommunikation mit LED-R\u00fccklicht 130RME<\/h1>\n<p>Die Fahrzeugbeleuchtung spielt eine entscheidende Rolle f\u00fcr Sicherheit und Kommunikation. Ausgestattet mit Brems- und R\u00fccklichtfunktion bietet unser LED-R\u00fccklicht 130RME eine deutliche Aufwertung f\u00fcr jedes Fahrzeug und vereint moderne Technologie mit funktionalem und \u00e4sthetischem Design.<\/p>\n<h2>Merkmale und Vorteile:<\/h2>\n<ul>\n<li><strong>Brems- und R\u00fccklichtfunktion:<\/strong> Sendet beim Bremsen und Fahren bei schlechten Lichtverh\u00e4ltnissen oder Dunkelheit klare Signale an andere Verkehrsteilnehmer.<\/li>\n<li><strong>Moderne LED-Technologie:<\/strong> Bietet im Vergleich zu herk\u00f6mmlichen Lampen eine helle, langlebige und energieeffiziente Beleuchtung.<\/li>\n<li><strong>Nachhaltiges Bauen:<\/strong> Das auslaufsichere und sto\u00dffeste Lampengeh\u00e4use gew\u00e4hrleistet, dass die Lampe auch unter schwierigen Bedingungen standh\u00e4lt und eine l\u00e4ngere Lebensdauer hat.<\/li>\n<li><strong>\u00c4sthetisches Design:<\/strong> Modernes Design, das die Gesamtoptik des Fahrzeugs aufwertet und gleichzeitig eine \u00fcberlegene Funktionalit\u00e4t bietet.<\/li>\n<\/ul>\n<h2>Einsatzgebiete:<\/h2>\n<p>Die LED-R\u00fcckleuchte 130RME eignet sich f\u00fcr eine Reihe von Fahrzeugen, von Pkw bis hin zu Nutzfahrzeugen, und ist die ideale L\u00f6sung f\u00fcr alle, die eine zuverl\u00e4ssige und funktionale Beleuchtungsaufr\u00fcstung suchen, die ihrem Fahrzeug auch einen \u00e4sthetischen Mehrwert verleiht.<\/p>\n<p>Investieren Sie in die LED-R\u00fcckleuchte 130RME, um sicherzustellen, dass Ihr Fahrzeug nicht nur gut sichtbar und sicher ist, sondern auch effektiv mit anderen Verkehrsteilnehmern kommuniziert. R\u00fcsten Sie Ihre Beleuchtung noch heute auf und erleben Sie den Unterschied.<\/p>\n<p><\/span><\/p>\n<p><span><strong>B\u00fcrgschaft:<\/strong> 5 Jahre<\/span><\/p>\n<\/div>","protected":false},"excerpt":{"rendered":"<p>F\u00f6rb\u00e4ttrad S\u00e4kerhet och Kommunikation med LED Baklampa 130RME Fordonets belysning spelar en kritisk roll i s\u00e4kerhet och kommunikation. Utrustad med b\u00e5de stopp och bakljus funktion, erbjuder v\u00e5r LED baklampa 130RME en betydande uppgradering f\u00f6r alla fordon, genom att kombinera modern teknik med en funktionell och estetisk design. Funktioner och F\u00f6rdelar: Stopp och Bakljus Funktion: Ger [&hellip;]<\/p>","protected":false},"featured_media":6556,"comment_status":"closed","ping_status":"open","template":"","meta":{"_acf_changed":false,"_smort_price_nok":"406","_smort_price_dkk":"258","_smort_price_eur":"34.54","_smort_sale_price_nok":"","_smort_sale_price_dkk":"","_smort_sale_price_eur":"","smort_restorder":"","shipmondo_restorder":"","_kad_blocks_custom_css":"","_kad_blocks_head_custom_js":"","_kad_blocks_body_custom_js":"","_kad_blocks_footer_custom_js":"","smort_custom_pricelist_1":"212.8","smort_custom_pricelist_2":"212.8","smort_custom_pricelist_3":"202.16","smort_custom_pricelist_4":"304","smort_custom_pricelist_5":"212.8"},"anvandningsomrade":[166,238,2816],"bilmarken":[],"product_brand":[1252],"product_cat":[3049,2552],"product_tag":[],"class_list":{"0":"post-6555","1":"product","2":"type-product","3":"status-publish","4":"has-post-thumbnail","6":"anvandningsomrade-lastbil","7":"anvandningsomrade-slap","8":"anvandningsomrade-trailer","9":"product_brand-lea","10":"product_cat-bakljus-enkel-rektangular","11":"product_cat-bakljus-slap","12":"pa_fuktskydd-varde-ipxx-ip67","13":"pa_godkannande-ece-emc","14":"pa_storlek-mm-134x86x48","15":"pa_volt-v-12-24","17":"first","18":"onbackorder","19":"taxable","20":"shipping-taxable","21":"purchasable","22":"product-type-simple"},"bundled_by":[],"bundle_stock_status":"onbackorder","bundle_stock_quantity":0,"bundle_virtual":false,"bundle_layout":"","bundle_add_to_cart_form_location":"","bundle_editable_in_cart":false,"bundle_sold_individually_context":"","bundle_item_grouping":"","bundle_min_size":"","bundle_max_size":"","bundle_price":[],"bundled_items":[],"bundle_sell_ids":[],"acf":[],"yoast_head":"<!-- This site is optimized with the Yoast SEO plugin v27.0 - https:\/\/yoast.com\/product\/yoast-seo-wordpress\/ -->\n<title>Baklampa 130RME R\u00f6d - Xenonkungen<\/title>\n<meta name=\"robots\" content=\"index, follow, max-snippet:-1, max-image-preview:large, max-video-preview:-1\" \/>\n<link rel=\"canonical\" href=\"https:\/\/xenonkungen.com\/de\/produkt\/rucklicht-130rme-stange\/\" \/>\n<meta property=\"og:locale\" content=\"de_DE\" \/>\n<meta property=\"og:type\" content=\"article\" \/>\n<meta property=\"og:title\" content=\"Baklampa 130RME R\u00f6d - Xenonkungen\" \/>\n<meta property=\"og:description\" content=\"F\u00f6rb\u00e4ttrad S\u00e4kerhet och Kommunikation med LED Baklampa 130RME Fordonets belysning spelar en kritisk roll i s\u00e4kerhet och kommunikation. Utrustad med b\u00e5de stopp och bakljus funktion, erbjuder v\u00e5r LED baklampa 130RME en betydande uppgradering f\u00f6r alla fordon, genom att kombinera modern teknik med en funktionell och estetisk design. Funktioner och F\u00f6rdelar: Stopp och Bakljus Funktion: Ger [&hellip;]\" \/>\n<meta property=\"og:url\" content=\"https:\/\/xenonkungen.com\/de\/produkt\/rucklicht-130rme-stange\/\" \/>\n<meta property=\"og:site_name\" content=\"Xenonkungen\" \/>\n<meta property=\"article:modified_time\" content=\"2026-04-24T16:09:40+00:00\" \/>\n<meta property=\"og:image\" content=\"https:\/\/xenonkungen.com\/wp-content\/uploads\/2025\/04\/7293338-origpic-8b59d1.jpg\" \/>\n\t<meta property=\"og:image:width\" content=\"800\" \/>\n\t<meta property=\"og:image:height\" content=\"800\" \/>\n\t<meta property=\"og:image:type\" content=\"image\/jpeg\" \/>\n<meta name=\"twitter:card\" content=\"summary_large_image\" \/>\n<meta name=\"twitter:label1\" content=\"Gesch\u00e4tzte Lesezeit\" \/>\n\t<meta name=\"twitter:data1\" content=\"1\u00a0Minute\" \/>\n<script type=\"application\/ld+json\" class=\"yoast-schema-graph\">{\"@context\":\"https:\/\/schema.org\",\"@graph\":[{\"@type\":\"WebPage\",\"@id\":\"https:\/\/xenonkungen.com\/produkt\/baklampa-130rme-rod\/\",\"url\":\"https:\/\/xenonkungen.com\/produkt\/baklampa-130rme-rod\/\",\"name\":\"Baklampa 130RME R\u00f6d - Xenonkungen\",\"isPartOf\":{\"@id\":\"https:\/\/xenonkungen.com\/#website\"},\"primaryImageOfPage\":{\"@id\":\"https:\/\/xenonkungen.com\/produkt\/baklampa-130rme-rod\/#primaryimage\"},\"image\":{\"@id\":\"https:\/\/xenonkungen.com\/produkt\/baklampa-130rme-rod\/#primaryimage\"},\"thumbnailUrl\":\"https:\/\/xenonkungen.com\/wp-content\/uploads\/2025\/04\/7293338-origpic-8b59d1.jpg\",\"datePublished\":\"2025-04-15T09:47:34+00:00\",\"dateModified\":\"2026-04-24T16:09:40+00:00\",\"breadcrumb\":{\"@id\":\"https:\/\/xenonkungen.com\/produkt\/baklampa-130rme-rod\/#breadcrumb\"},\"inLanguage\":\"de\",\"potentialAction\":[{\"@type\":\"ReadAction\",\"target\":[\"https:\/\/xenonkungen.com\/produkt\/baklampa-130rme-rod\/\"]}]},{\"@type\":\"ImageObject\",\"inLanguage\":\"de\",\"@id\":\"https:\/\/xenonkungen.com\/produkt\/baklampa-130rme-rod\/#primaryimage\",\"url\":\"https:\/\/xenonkungen.com\/wp-content\/uploads\/2025\/04\/7293338-origpic-8b59d1.jpg\",\"contentUrl\":\"https:\/\/xenonkungen.com\/wp-content\/uploads\/2025\/04\/7293338-origpic-8b59d1.jpg\",\"width\":800,\"height\":800},{\"@type\":\"BreadcrumbList\",\"@id\":\"https:\/\/xenonkungen.com\/produkt\/baklampa-130rme-rod\/#breadcrumb\",\"itemListElement\":[{\"@type\":\"ListItem\",\"position\":1,\"name\":\"Hem\",\"item\":\"https:\/\/xenonkungen.com\/\"},{\"@type\":\"ListItem\",\"position\":2,\"name\":\"Shop\",\"item\":\"https:\/\/xenonkungen.com\/shop\/\"},{\"@type\":\"ListItem\",\"position\":3,\"name\":\"Baklampa 130RME R\u00f6d\"}]},{\"@type\":\"WebSite\",\"@id\":\"https:\/\/xenonkungen.com\/#website\",\"url\":\"https:\/\/xenonkungen.com\/\",\"name\":\"Xenonkungen\",\"description\":\"\",\"potentialAction\":[{\"@type\":\"SearchAction\",\"target\":{\"@type\":\"EntryPoint\",\"urlTemplate\":\"https:\/\/xenonkungen.com\/?s={search_term_string}\"},\"query-input\":{\"@type\":\"PropertyValueSpecification\",\"valueRequired\":true,\"valueName\":\"search_term_string\"}}],\"inLanguage\":\"de\"}]}<\/script>\n<!-- \/ Yoast SEO plugin. -->","yoast_head_json":{"title":"R\u00fccklicht 130RME Rot - Xenonkungen","robots":{"index":"index","follow":"follow","max-snippet":"max-snippet:-1","max-image-preview":"max-image-preview:large","max-video-preview":"max-video-preview:-1"},"canonical":"https:\/\/xenonkungen.com\/de\/produkt\/rucklicht-130rme-stange\/","og_locale":"de_DE","og_type":"article","og_title":"Baklampa 130RME R\u00f6d - Xenonkungen","og_description":"F\u00f6rb\u00e4ttrad S\u00e4kerhet och Kommunikation med LED Baklampa 130RME Fordonets belysning spelar en kritisk roll i s\u00e4kerhet och kommunikation. Utrustad med b\u00e5de stopp och bakljus funktion, erbjuder v\u00e5r LED baklampa 130RME en betydande uppgradering f\u00f6r alla fordon, genom att kombinera modern teknik med en funktionell och estetisk design. Funktioner och F\u00f6rdelar: Stopp och Bakljus Funktion: Ger [&hellip;]","og_url":"https:\/\/xenonkungen.com\/de\/produkt\/rucklicht-130rme-stange\/","og_site_name":"Xenonkungen","article_modified_time":"2026-04-24T16:09:40+00:00","og_image":[{"width":800,"height":800,"url":"https:\/\/xenonkungen.com\/wp-content\/uploads\/2025\/04\/7293338-origpic-8b59d1.jpg","type":"image\/jpeg"}],"twitter_card":"summary_large_image","twitter_misc":{"Gesch\u00e4tzte Lesezeit":"1\u00a0Minute"},"schema":{"@context":"https:\/\/schema.org","@graph":[{"@type":"WebPage","@id":"https:\/\/xenonkungen.com\/produkt\/baklampa-130rme-rod\/","url":"https:\/\/xenonkungen.com\/produkt\/baklampa-130rme-rod\/","name":"R\u00fccklicht 130RME Rot - Xenonkungen","isPartOf":{"@id":"https:\/\/xenonkungen.com\/#website"},"primaryImageOfPage":{"@id":"https:\/\/xenonkungen.com\/produkt\/baklampa-130rme-rod\/#primaryimage"},"image":{"@id":"https:\/\/xenonkungen.com\/produkt\/baklampa-130rme-rod\/#primaryimage"},"thumbnailUrl":"https:\/\/xenonkungen.com\/wp-content\/uploads\/2025\/04\/7293338-origpic-8b59d1.jpg","datePublished":"2025-04-15T09:47:34+00:00","dateModified":"2026-04-24T16:09:40+00:00","breadcrumb":{"@id":"https:\/\/xenonkungen.com\/produkt\/baklampa-130rme-rod\/#breadcrumb"},"inLanguage":"de","potentialAction":[{"@type":"ReadAction","target":["https:\/\/xenonkungen.com\/produkt\/baklampa-130rme-rod\/"]}]},{"@type":"ImageObject","inLanguage":"de","@id":"https:\/\/xenonkungen.com\/produkt\/baklampa-130rme-rod\/#primaryimage","url":"https:\/\/xenonkungen.com\/wp-content\/uploads\/2025\/04\/7293338-origpic-8b59d1.jpg","contentUrl":"https:\/\/xenonkungen.com\/wp-content\/uploads\/2025\/04\/7293338-origpic-8b59d1.jpg","width":800,"height":800},{"@type":"BreadcrumbList","@id":"https:\/\/xenonkungen.com\/produkt\/baklampa-130rme-rod\/#breadcrumb","itemListElement":[{"@type":"ListItem","position":1,"name":"Hem","item":"https:\/\/xenonkungen.com\/"},{"@type":"ListItem","position":2,"name":"Shop","item":"https:\/\/xenonkungen.com\/shop\/"},{"@type":"ListItem","position":3,"name":"Baklampa 130RME R\u00f6d"}]},{"@type":"WebSite","@id":"https:\/\/xenonkungen.com\/#website","url":"https:\/\/xenonkungen.com\/","name":"Xenonkungen","description":"","potentialAction":[{"@type":"SearchAction","target":{"@type":"EntryPoint","urlTemplate":"https:\/\/xenonkungen.com\/?s={search_term_string}"},"query-input":{"@type":"PropertyValueSpecification","valueRequired":true,"valueName":"search_term_string"}}],"inLanguage":"de"}]}},"taxonomy_info":{"anvandningsomrade":[{"value":166,"label":"Lastbil"},{"value":238,"label":"SL\u00c4P"},{"value":2816,"label":"TRAILER"}],"product_brand":[{"value":1252,"label":"LEA"}],"product_cat":[{"value":3049,"label":"Bakljus Enkel Rektangul\u00e4r"},{"value":2552,"label":"Bakljus"}],"pa_fuktskydd-varde-ipxx":[{"value":333,"label":"IP67"}],"pa_godkannande":[{"value":1262,"label":"ECE, EMC"}],"pa_storlek-mm":[{"value":1783,"label":"134x86x48"}],"pa_volt-v":[{"value":348,"label":"12, 24"}]},"featured_image_src_large":["https:\/\/xenonkungen.com\/wp-content\/uploads\/2025\/04\/7293338-origpic-8b59d1.jpg",800,800,false],"author_info":[],"comment_info":0,"_links":{"self":[{"href":"https:\/\/xenonkungen.com\/de\/wp-json\/wp\/v2\/product\/6555","targetHints":{"allow":["GET"]}}],"collection":[{"href":"https:\/\/xenonkungen.com\/de\/wp-json\/wp\/v2\/product"}],"about":[{"href":"https:\/\/xenonkungen.com\/de\/wp-json\/wp\/v2\/types\/product"}],"replies":[{"embeddable":true,"href":"https:\/\/xenonkungen.com\/de\/wp-json\/wp\/v2\/comments?post=6555"}],"wp:featuredmedia":[{"embeddable":true,"href":"https:\/\/xenonkungen.com\/de\/wp-json\/wp\/v2\/media\/6556"}],"wp:attachment":[{"href":"https:\/\/xenonkungen.com\/de\/wp-json\/wp\/v2\/media?parent=6555"}],"wp:term":[{"taxonomy":"anvandningsomrade","embeddable":true,"href":"https:\/\/xenonkungen.com\/de\/wp-json\/wp\/v2\/anvandningsomrade?post=6555"},{"taxonomy":"bilmarken","embeddable":true,"href":"https:\/\/xenonkungen.com\/de\/wp-json\/wp\/v2\/bilmarken?post=6555"},{"taxonomy":"product_brand","embeddable":true,"href":"https:\/\/xenonkungen.com\/de\/wp-json\/wp\/v2\/product_brand?post=6555"},{"taxonomy":"product_cat","embeddable":true,"href":"https:\/\/xenonkungen.com\/de\/wp-json\/wp\/v2\/product_cat?post=6555"},{"taxonomy":"product_tag","embeddable":true,"href":"https:\/\/xenonkungen.com\/de\/wp-json\/wp\/v2\/product_tag?post=6555"}],"curies":[{"name":"wp","href":"https:\/\/api.w.org\/{rel}","templated":true}]}}