{"id":6577,"date":"2025-04-15T09:47:42","date_gmt":"2025-04-15T09:47:42","guid":{"rendered":"https:\/\/xenonkungen.com\/product\/lampsarg-trippel-chrome\/"},"modified":"2026-04-11T00:39:14","modified_gmt":"2026-04-10T23:39:14","slug":"lampengestell-dreifach-verchromt","status":"publish","type":"product","link":"https:\/\/xenonkungen.com\/de\/produkt\/lampengestell-dreifach-verchromt\/","title":{"rendered":"Dreifach-Chrom-Lampensarg"},"content":{"rendered":"<h1>Dreifach-Chrom-Lampensarg<\/h1>\n<div class=\"product-description\">\n<p><strong>Material:<\/strong> Hochwertiger, verchromter Stahl f\u00fcr lange Haltbarkeit und ein elegantes Finish.<\/p>\n<p><strong>Anwendungsbereich:<\/strong> Speziell f\u00fcr die Verwendung mit drei Lampen von <em>Slim-Serie<\/em>, Modellnummer <em>135xxGE<\/em>.<\/p>\n<p><strong>Entwurf:<\/strong> Die sorgf\u00e4ltig ausgew\u00e4hlte Materialqualit\u00e4t gew\u00e4hrleistet eine robuste Konstruktion, die sowohl optisch ansprechend als auch funktional ist. Die verchromte Oberfl\u00e4che bietet nicht nur ein modernes und elegantes Aussehen, sondern sch\u00fctzt auch vor Korrosion und Verschlei\u00df und verl\u00e4ngert so die Lebensdauer des Produkts.<\/p>\n<p><strong>Empfehlung:<\/strong> Eine ideale L\u00f6sung f\u00fcr alle, die eine nachhaltige und stilvolle Beleuchtungsl\u00f6sung suchen, die moderne Interieurs perfekt erg\u00e4nzt.<\/p>\n<\/div>\n<p><strong>Abmessungen:<\/strong> 470 x 70 x 40 mm<\/p>\n<p>Nur Lampengestell, Leuchtmittel nicht enthalten.<\/p>","protected":false},"excerpt":{"rendered":"<p>Lampsarg Trippel Chrome Material: H\u00f6gkvalitativ, krompl\u00e4terat st\u00e5l f\u00f6r l\u00e5ngvarig h\u00e5llbarhet och en elegant finish. Anv\u00e4ndningsomr\u00e5de: S\u00e4rskilt utformad f\u00f6r anv\u00e4ndning med tre stycken lampor fr\u00e5n Slim-serien, modellnummer 135xxGE. Design: Den noggrant utvalda materialkvaliteten s\u00e4kerst\u00e4ller en robust konstruktion som \u00e4r b\u00e5de visuellt tilltalande och funktionell. Den krompl\u00e4terade ytan erbjuder inte bara ett modernt och sofistikerat utseende utan [&hellip;]<\/p>","protected":false},"featured_media":6578,"comment_status":"closed","ping_status":"open","template":"","meta":{"_acf_changed":false,"_smort_price_nok":"139","_smort_price_dkk":"88","_smort_price_eur":"11.82","_smort_sale_price_nok":"","_smort_sale_price_dkk":"","_smort_sale_price_eur":"","smort_restorder":"","shipmondo_restorder":"","_kad_blocks_custom_css":"","_kad_blocks_head_custom_js":"","_kad_blocks_body_custom_js":"","_kad_blocks_footer_custom_js":"","smort_custom_pricelist_1":"72.8","smort_custom_pricelist_2":"72.8","smort_custom_pricelist_3":"69.16","smort_custom_pricelist_4":"104","smort_custom_pricelist_5":"72.8"},"anvandningsomrade":[166,238,2816],"bilmarken":[],"product_brand":[1252],"product_cat":[2583],"product_tag":[],"class_list":{"0":"post-6577","1":"product","2":"type-product","3":"status-publish","4":"has-post-thumbnail","6":"anvandningsomrade-lastbil","7":"anvandningsomrade-slap","8":"anvandningsomrade-trailer","9":"product_brand-lea","10":"product_cat-lampsarg-slap","11":"pa_storlek-mm-470x70x40","13":"first","14":"instock","15":"taxable","16":"shipping-taxable","17":"purchasable","18":"product-type-simple"},"bundled_by":[],"bundle_stock_status":"instock","bundle_stock_quantity":4,"bundle_virtual":false,"bundle_layout":"","bundle_add_to_cart_form_location":"","bundle_editable_in_cart":false,"bundle_sold_individually_context":"","bundle_item_grouping":"","bundle_min_size":"","bundle_max_size":"","bundle_price":[],"bundled_items":[],"bundle_sell_ids":[],"acf":[],"yoast_head":"<!-- This site is optimized with the Yoast SEO plugin v27.0 - https:\/\/yoast.com\/product\/yoast-seo-wordpress\/ -->\n<title>Lampsarg Trippel Chrome - Xenonkungen<\/title>\n<meta name=\"robots\" content=\"index, follow, max-snippet:-1, max-image-preview:large, max-video-preview:-1\" \/>\n<link rel=\"canonical\" href=\"https:\/\/xenonkungen.com\/de\/produkt\/lampengestell-dreifach-verchromt\/\" \/>\n<meta property=\"og:locale\" content=\"de_DE\" \/>\n<meta property=\"og:type\" content=\"article\" \/>\n<meta property=\"og:title\" content=\"Lampsarg Trippel Chrome - Xenonkungen\" \/>\n<meta property=\"og:description\" content=\"Lampsarg Trippel Chrome Material: H\u00f6gkvalitativ, krompl\u00e4terat st\u00e5l f\u00f6r l\u00e5ngvarig h\u00e5llbarhet och en elegant finish. Anv\u00e4ndningsomr\u00e5de: S\u00e4rskilt utformad f\u00f6r anv\u00e4ndning med tre stycken lampor fr\u00e5n Slim-serien, modellnummer 135xxGE. Design: Den noggrant utvalda materialkvaliteten s\u00e4kerst\u00e4ller en robust konstruktion som \u00e4r b\u00e5de visuellt tilltalande och funktionell. Den krompl\u00e4terade ytan erbjuder inte bara ett modernt och sofistikerat utseende utan [&hellip;]\" \/>\n<meta property=\"og:url\" content=\"https:\/\/xenonkungen.com\/de\/produkt\/lampengestell-dreifach-verchromt\/\" \/>\n<meta property=\"og:site_name\" content=\"Xenonkungen\" \/>\n<meta property=\"article:modified_time\" content=\"2026-04-10T23:39:14+00:00\" \/>\n<meta property=\"og:image\" content=\"https:\/\/xenonkungen.com\/wp-content\/uploads\/2025\/04\/7376074-origpic-2b2ff7.jpg\" \/>\n\t<meta property=\"og:image:width\" content=\"600\" \/>\n\t<meta property=\"og:image:height\" content=\"600\" \/>\n\t<meta property=\"og:image:type\" content=\"image\/jpeg\" \/>\n<meta name=\"twitter:card\" content=\"summary_large_image\" \/>\n<meta name=\"twitter:label1\" content=\"Gesch\u00e4tzte Lesezeit\" \/>\n\t<meta name=\"twitter:data1\" content=\"1\u00a0Minute\" \/>\n<script type=\"application\/ld+json\" class=\"yoast-schema-graph\">{\"@context\":\"https:\/\/schema.org\",\"@graph\":[{\"@type\":\"WebPage\",\"@id\":\"https:\/\/xenonkungen.com\/produkt\/lampsarg-trippel-chrome\/\",\"url\":\"https:\/\/xenonkungen.com\/produkt\/lampsarg-trippel-chrome\/\",\"name\":\"Lampsarg Trippel Chrome - Xenonkungen\",\"isPartOf\":{\"@id\":\"https:\/\/xenonkungen.com\/#website\"},\"primaryImageOfPage\":{\"@id\":\"https:\/\/xenonkungen.com\/produkt\/lampsarg-trippel-chrome\/#primaryimage\"},\"image\":{\"@id\":\"https:\/\/xenonkungen.com\/produkt\/lampsarg-trippel-chrome\/#primaryimage\"},\"thumbnailUrl\":\"https:\/\/xenonkungen.com\/wp-content\/uploads\/2025\/04\/7376074-origpic-2b2ff7.jpg\",\"datePublished\":\"2025-04-15T09:47:42+00:00\",\"dateModified\":\"2026-04-10T23:39:14+00:00\",\"breadcrumb\":{\"@id\":\"https:\/\/xenonkungen.com\/produkt\/lampsarg-trippel-chrome\/#breadcrumb\"},\"inLanguage\":\"de\",\"potentialAction\":[{\"@type\":\"ReadAction\",\"target\":[\"https:\/\/xenonkungen.com\/produkt\/lampsarg-trippel-chrome\/\"]}]},{\"@type\":\"ImageObject\",\"inLanguage\":\"de\",\"@id\":\"https:\/\/xenonkungen.com\/produkt\/lampsarg-trippel-chrome\/#primaryimage\",\"url\":\"https:\/\/xenonkungen.com\/wp-content\/uploads\/2025\/04\/7376074-origpic-2b2ff7.jpg\",\"contentUrl\":\"https:\/\/xenonkungen.com\/wp-content\/uploads\/2025\/04\/7376074-origpic-2b2ff7.jpg\",\"width\":600,\"height\":600},{\"@type\":\"BreadcrumbList\",\"@id\":\"https:\/\/xenonkungen.com\/produkt\/lampsarg-trippel-chrome\/#breadcrumb\",\"itemListElement\":[{\"@type\":\"ListItem\",\"position\":1,\"name\":\"Hem\",\"item\":\"https:\/\/xenonkungen.com\/\"},{\"@type\":\"ListItem\",\"position\":2,\"name\":\"Shop\",\"item\":\"https:\/\/xenonkungen.com\/shop\/\"},{\"@type\":\"ListItem\",\"position\":3,\"name\":\"Lampsarg Trippel Chrome\"}]},{\"@type\":\"WebSite\",\"@id\":\"https:\/\/xenonkungen.com\/#website\",\"url\":\"https:\/\/xenonkungen.com\/\",\"name\":\"Xenonkungen\",\"description\":\"\",\"potentialAction\":[{\"@type\":\"SearchAction\",\"target\":{\"@type\":\"EntryPoint\",\"urlTemplate\":\"https:\/\/xenonkungen.com\/?s={search_term_string}\"},\"query-input\":{\"@type\":\"PropertyValueSpecification\",\"valueRequired\":true,\"valueName\":\"search_term_string\"}}],\"inLanguage\":\"de\"}]}<\/script>\n<!-- \/ Yoast SEO plugin. -->","yoast_head_json":{"title":"Lampenrahmen Dreifachverchromt \u2013 Der Xenon-K\u00f6nig","robots":{"index":"index","follow":"follow","max-snippet":"max-snippet:-1","max-image-preview":"max-image-preview:large","max-video-preview":"max-video-preview:-1"},"canonical":"https:\/\/xenonkungen.com\/de\/produkt\/lampengestell-dreifach-verchromt\/","og_locale":"de_DE","og_type":"article","og_title":"Lampsarg Trippel Chrome - Xenonkungen","og_description":"Lampsarg Trippel Chrome Material: H\u00f6gkvalitativ, krompl\u00e4terat st\u00e5l f\u00f6r l\u00e5ngvarig h\u00e5llbarhet och en elegant finish. Anv\u00e4ndningsomr\u00e5de: S\u00e4rskilt utformad f\u00f6r anv\u00e4ndning med tre stycken lampor fr\u00e5n Slim-serien, modellnummer 135xxGE. Design: Den noggrant utvalda materialkvaliteten s\u00e4kerst\u00e4ller en robust konstruktion som \u00e4r b\u00e5de visuellt tilltalande och funktionell. Den krompl\u00e4terade ytan erbjuder inte bara ett modernt och sofistikerat utseende utan [&hellip;]","og_url":"https:\/\/xenonkungen.com\/de\/produkt\/lampengestell-dreifach-verchromt\/","og_site_name":"Xenonkungen","article_modified_time":"2026-04-10T23:39:14+00:00","og_image":[{"width":600,"height":600,"url":"https:\/\/xenonkungen.com\/wp-content\/uploads\/2025\/04\/7376074-origpic-2b2ff7.jpg","type":"image\/jpeg"}],"twitter_card":"summary_large_image","twitter_misc":{"Gesch\u00e4tzte Lesezeit":"1\u00a0Minute"},"schema":{"@context":"https:\/\/schema.org","@graph":[{"@type":"WebPage","@id":"https:\/\/xenonkungen.com\/produkt\/lampsarg-trippel-chrome\/","url":"https:\/\/xenonkungen.com\/produkt\/lampsarg-trippel-chrome\/","name":"Lampenrahmen Dreifachverchromt \u2013 Der Xenon-K\u00f6nig","isPartOf":{"@id":"https:\/\/xenonkungen.com\/#website"},"primaryImageOfPage":{"@id":"https:\/\/xenonkungen.com\/produkt\/lampsarg-trippel-chrome\/#primaryimage"},"image":{"@id":"https:\/\/xenonkungen.com\/produkt\/lampsarg-trippel-chrome\/#primaryimage"},"thumbnailUrl":"https:\/\/xenonkungen.com\/wp-content\/uploads\/2025\/04\/7376074-origpic-2b2ff7.jpg","datePublished":"2025-04-15T09:47:42+00:00","dateModified":"2026-04-10T23:39:14+00:00","breadcrumb":{"@id":"https:\/\/xenonkungen.com\/produkt\/lampsarg-trippel-chrome\/#breadcrumb"},"inLanguage":"de","potentialAction":[{"@type":"ReadAction","target":["https:\/\/xenonkungen.com\/produkt\/lampsarg-trippel-chrome\/"]}]},{"@type":"ImageObject","inLanguage":"de","@id":"https:\/\/xenonkungen.com\/produkt\/lampsarg-trippel-chrome\/#primaryimage","url":"https:\/\/xenonkungen.com\/wp-content\/uploads\/2025\/04\/7376074-origpic-2b2ff7.jpg","contentUrl":"https:\/\/xenonkungen.com\/wp-content\/uploads\/2025\/04\/7376074-origpic-2b2ff7.jpg","width":600,"height":600},{"@type":"BreadcrumbList","@id":"https:\/\/xenonkungen.com\/produkt\/lampsarg-trippel-chrome\/#breadcrumb","itemListElement":[{"@type":"ListItem","position":1,"name":"Hem","item":"https:\/\/xenonkungen.com\/"},{"@type":"ListItem","position":2,"name":"Shop","item":"https:\/\/xenonkungen.com\/shop\/"},{"@type":"ListItem","position":3,"name":"Lampsarg Trippel Chrome"}]},{"@type":"WebSite","@id":"https:\/\/xenonkungen.com\/#website","url":"https:\/\/xenonkungen.com\/","name":"Xenonkungen","description":"","potentialAction":[{"@type":"SearchAction","target":{"@type":"EntryPoint","urlTemplate":"https:\/\/xenonkungen.com\/?s={search_term_string}"},"query-input":{"@type":"PropertyValueSpecification","valueRequired":true,"valueName":"search_term_string"}}],"inLanguage":"de"}]}},"taxonomy_info":{"anvandningsomrade":[{"value":166,"label":"Lastbil"},{"value":238,"label":"SL\u00c4P"},{"value":2816,"label":"TRAILER"}],"product_brand":[{"value":1252,"label":"LEA"}],"product_cat":[{"value":2583,"label":"Lampsarg"}],"pa_storlek-mm":[{"value":1796,"label":"470x70x40"}]},"featured_image_src_large":["https:\/\/xenonkungen.com\/wp-content\/uploads\/2025\/04\/7376074-origpic-2b2ff7.jpg",600,600,false],"author_info":[],"comment_info":0,"_links":{"self":[{"href":"https:\/\/xenonkungen.com\/de\/wp-json\/wp\/v2\/product\/6577","targetHints":{"allow":["GET"]}}],"collection":[{"href":"https:\/\/xenonkungen.com\/de\/wp-json\/wp\/v2\/product"}],"about":[{"href":"https:\/\/xenonkungen.com\/de\/wp-json\/wp\/v2\/types\/product"}],"replies":[{"embeddable":true,"href":"https:\/\/xenonkungen.com\/de\/wp-json\/wp\/v2\/comments?post=6577"}],"wp:featuredmedia":[{"embeddable":true,"href":"https:\/\/xenonkungen.com\/de\/wp-json\/wp\/v2\/media\/6578"}],"wp:attachment":[{"href":"https:\/\/xenonkungen.com\/de\/wp-json\/wp\/v2\/media?parent=6577"}],"wp:term":[{"taxonomy":"anvandningsomrade","embeddable":true,"href":"https:\/\/xenonkungen.com\/de\/wp-json\/wp\/v2\/anvandningsomrade?post=6577"},{"taxonomy":"bilmarken","embeddable":true,"href":"https:\/\/xenonkungen.com\/de\/wp-json\/wp\/v2\/bilmarken?post=6577"},{"taxonomy":"product_brand","embeddable":true,"href":"https:\/\/xenonkungen.com\/de\/wp-json\/wp\/v2\/product_brand?post=6577"},{"taxonomy":"product_cat","embeddable":true,"href":"https:\/\/xenonkungen.com\/de\/wp-json\/wp\/v2\/product_cat?post=6577"},{"taxonomy":"product_tag","embeddable":true,"href":"https:\/\/xenonkungen.com\/de\/wp-json\/wp\/v2\/product_tag?post=6577"}],"curies":[{"name":"wp","href":"https:\/\/api.w.org\/{rel}","templated":true}]}}