{"id":6588,"date":"2025-04-15T09:47:47","date_gmt":"2025-04-15T09:47:47","guid":{"rendered":"https:\/\/xenonkungen.com\/product\/baklampa-135rme-rod\/"},"modified":"2026-04-24T17:09:54","modified_gmt":"2026-04-24T16:09:54","slug":"rucklicht-135rme-stange","status":"publish","type":"product","link":"https:\/\/xenonkungen.com\/de\/produkt\/rucklicht-135rme-stange\/","title":{"rendered":"R\u00fccklicht 135RME Rot"},"content":{"rendered":"<div class=\"container\">\n<div class=\"feature\">\n<h1 class=\"title\">Brems- und R\u00fccklicht mit schwarzem Rahmen 135x38mm zur Oberfl\u00e4chenmontage<\/h1>\n<p class=\"description\">Diese fortschrittliche LED-Brems- und R\u00fcckleuchte mit schwarzer Blende bietet eine optimale Beleuchtungsl\u00f6sung und eignet sich perfekt f\u00fcr eine Vielzahl von Fahrzeugen. Sie wurde entwickelt, um Sicherheit und Sichtbarkeit zu verbessern, und verf\u00fcgt \u00fcber auslaufsichere Elektronik, die Zuverl\u00e4ssigkeit bei allen Wetterbedingungen gew\u00e4hrleistet.<\/p>\n<\/div>\n<div class=\"feature\">\n<h2 class=\"subtitle\">Funktionen und Merkmale:<\/h2>\n<ul class=\"list\">\n<li>Effektive Brems- und R\u00fccklichtfunktion dank leistungsstarker LED-Technologie.<\/li>\n<li>Moderner schwarzer Rahmen f\u00fcr eine dezente und stilvolle Installation.<\/li>\n<li>Auslaufsichere Elektronik sch\u00fctzt vor Feuchtigkeit und dem Eindringen von Wasser.<\/li>\n<li>Kompakte Abmessungen (135x38mm) f\u00fcr vielseitigen Einsatz in verschiedenen Fahrzeugen.<\/li>\n<\/ul>\n<\/div>\n<div class=\"accessories\">\n<h2 class=\"subtitle\">Alternatives Zubeh\u00f6r:<\/h2>\n<p class=\"description\">Passen Sie Ihre Installation mit kompatiblen Lampenfassungen und Stromanschl\u00fcssen an, die separat erh\u00e4ltlich sind.<\/p>\n<\/div>\n<\/div>\n<p><strong>B\u00fcrgschaft:<\/strong> 5 Jahre<\/p>","protected":false},"excerpt":{"rendered":"<p>Stopp- och Baklampa med Svart Sarg 135x38mm f\u00f6r Utanp\u00e5liggande Montage Denna stopp- och baklampa med avancerad LED-teknologi och svart sarg erbjuder \u00f6verl\u00e4gsen belysningsl\u00f6sning, perfekt f\u00f6r ett brett spektrum av fordon. Den \u00e4r designad f\u00f6r att f\u00f6rb\u00e4ttra s\u00e4kerhet och synlighet, med l\u00e4ckagef\u00f6rseglad elektronik som garanterar p\u00e5litlighet i alla v\u00e4der. Funktioner och Egenskaper: Effektiv stopp- och bakljusfunktion [&hellip;]<\/p>","protected":false},"featured_media":6589,"comment_status":"closed","ping_status":"open","template":"","meta":{"_acf_changed":false,"_smort_price_nok":"315","_smort_price_dkk":"200","_smort_price_eur":"26.82","_smort_sale_price_nok":"","_smort_sale_price_dkk":"","_smort_sale_price_eur":"","smort_restorder":"","shipmondo_restorder":"","_kad_blocks_custom_css":"","_kad_blocks_head_custom_js":"","_kad_blocks_body_custom_js":"","_kad_blocks_footer_custom_js":"","smort_custom_pricelist_1":"188.8","smort_custom_pricelist_2":"165.2","smort_custom_pricelist_3":"153.4","smort_custom_pricelist_4":"236","smort_custom_pricelist_5":"165.2"},"anvandningsomrade":[166,238,2816],"bilmarken":[],"product_brand":[1252],"product_cat":[3051,2552],"product_tag":[],"class_list":{"0":"post-6588","1":"product","2":"type-product","3":"status-publish","4":"has-post-thumbnail","6":"anvandningsomrade-lastbil","7":"anvandningsomrade-slap","8":"anvandningsomrade-trailer","9":"product_brand-lea","10":"product_cat-bakljus-enkel-slim","11":"product_cat-bakljus-slap","12":"pa_storlek-mm-135x38","13":"pa_volt-v-12-24","15":"first","16":"instock","17":"taxable","18":"shipping-taxable","19":"purchasable","20":"product-type-simple"},"bundled_by":[],"bundle_stock_status":"instock","bundle_stock_quantity":3,"bundle_virtual":false,"bundle_layout":"","bundle_add_to_cart_form_location":"","bundle_editable_in_cart":false,"bundle_sold_individually_context":"","bundle_item_grouping":"","bundle_min_size":"","bundle_max_size":"","bundle_price":[],"bundled_items":[],"bundle_sell_ids":[],"acf":[],"yoast_head":"<!-- This site is optimized with the Yoast SEO plugin v27.0 - https:\/\/yoast.com\/product\/yoast-seo-wordpress\/ -->\n<title>Baklampa 135RME R\u00f6d - Xenonkungen<\/title>\n<meta name=\"robots\" content=\"index, follow, max-snippet:-1, max-image-preview:large, max-video-preview:-1\" \/>\n<link rel=\"canonical\" href=\"https:\/\/xenonkungen.com\/de\/produkt\/rucklicht-135rme-stange\/\" \/>\n<meta property=\"og:locale\" content=\"de_DE\" \/>\n<meta property=\"og:type\" content=\"article\" \/>\n<meta property=\"og:title\" content=\"Baklampa 135RME R\u00f6d - Xenonkungen\" \/>\n<meta property=\"og:description\" content=\"Stopp- och Baklampa med Svart Sarg 135x38mm f\u00f6r Utanp\u00e5liggande Montage Denna stopp- och baklampa med avancerad LED-teknologi och svart sarg erbjuder \u00f6verl\u00e4gsen belysningsl\u00f6sning, perfekt f\u00f6r ett brett spektrum av fordon. Den \u00e4r designad f\u00f6r att f\u00f6rb\u00e4ttra s\u00e4kerhet och synlighet, med l\u00e4ckagef\u00f6rseglad elektronik som garanterar p\u00e5litlighet i alla v\u00e4der. Funktioner och Egenskaper: Effektiv stopp- och bakljusfunktion [&hellip;]\" \/>\n<meta property=\"og:url\" content=\"https:\/\/xenonkungen.com\/de\/produkt\/rucklicht-135rme-stange\/\" \/>\n<meta property=\"og:site_name\" content=\"Xenonkungen\" \/>\n<meta property=\"article:modified_time\" content=\"2026-04-24T16:09:54+00:00\" \/>\n<meta property=\"og:image\" content=\"https:\/\/xenonkungen.com\/wp-content\/uploads\/2025\/04\/7290635-origpic-a4f8e7.jpg\" \/>\n\t<meta property=\"og:image:width\" content=\"600\" \/>\n\t<meta property=\"og:image:height\" content=\"600\" \/>\n\t<meta property=\"og:image:type\" content=\"image\/jpeg\" \/>\n<meta name=\"twitter:card\" content=\"summary_large_image\" \/>\n<meta name=\"twitter:label1\" content=\"Gesch\u00e4tzte Lesezeit\" \/>\n\t<meta name=\"twitter:data1\" content=\"1\u00a0Minute\" \/>\n<script type=\"application\/ld+json\" class=\"yoast-schema-graph\">{\"@context\":\"https:\/\/schema.org\",\"@graph\":[{\"@type\":\"WebPage\",\"@id\":\"https:\/\/xenonkungen.com\/produkt\/baklampa-135rme-rod\/\",\"url\":\"https:\/\/xenonkungen.com\/produkt\/baklampa-135rme-rod\/\",\"name\":\"Baklampa 135RME R\u00f6d - Xenonkungen\",\"isPartOf\":{\"@id\":\"https:\/\/xenonkungen.com\/#website\"},\"primaryImageOfPage\":{\"@id\":\"https:\/\/xenonkungen.com\/produkt\/baklampa-135rme-rod\/#primaryimage\"},\"image\":{\"@id\":\"https:\/\/xenonkungen.com\/produkt\/baklampa-135rme-rod\/#primaryimage\"},\"thumbnailUrl\":\"https:\/\/xenonkungen.com\/wp-content\/uploads\/2025\/04\/7290635-origpic-a4f8e7.jpg\",\"datePublished\":\"2025-04-15T09:47:47+00:00\",\"dateModified\":\"2026-04-24T16:09:54+00:00\",\"breadcrumb\":{\"@id\":\"https:\/\/xenonkungen.com\/produkt\/baklampa-135rme-rod\/#breadcrumb\"},\"inLanguage\":\"de\",\"potentialAction\":[{\"@type\":\"ReadAction\",\"target\":[\"https:\/\/xenonkungen.com\/produkt\/baklampa-135rme-rod\/\"]}]},{\"@type\":\"ImageObject\",\"inLanguage\":\"de\",\"@id\":\"https:\/\/xenonkungen.com\/produkt\/baklampa-135rme-rod\/#primaryimage\",\"url\":\"https:\/\/xenonkungen.com\/wp-content\/uploads\/2025\/04\/7290635-origpic-a4f8e7.jpg\",\"contentUrl\":\"https:\/\/xenonkungen.com\/wp-content\/uploads\/2025\/04\/7290635-origpic-a4f8e7.jpg\",\"width\":600,\"height\":600},{\"@type\":\"BreadcrumbList\",\"@id\":\"https:\/\/xenonkungen.com\/produkt\/baklampa-135rme-rod\/#breadcrumb\",\"itemListElement\":[{\"@type\":\"ListItem\",\"position\":1,\"name\":\"Hem\",\"item\":\"https:\/\/xenonkungen.com\/\"},{\"@type\":\"ListItem\",\"position\":2,\"name\":\"Shop\",\"item\":\"https:\/\/xenonkungen.com\/shop\/\"},{\"@type\":\"ListItem\",\"position\":3,\"name\":\"Baklampa 135RME R\u00f6d\"}]},{\"@type\":\"WebSite\",\"@id\":\"https:\/\/xenonkungen.com\/#website\",\"url\":\"https:\/\/xenonkungen.com\/\",\"name\":\"Xenonkungen\",\"description\":\"\",\"potentialAction\":[{\"@type\":\"SearchAction\",\"target\":{\"@type\":\"EntryPoint\",\"urlTemplate\":\"https:\/\/xenonkungen.com\/?s={search_term_string}\"},\"query-input\":{\"@type\":\"PropertyValueSpecification\",\"valueRequired\":true,\"valueName\":\"search_term_string\"}}],\"inLanguage\":\"de\"}]}<\/script>\n<!-- \/ Yoast SEO plugin. -->","yoast_head_json":{"title":"R\u00fccklicht 135RME Rot - Xenonkungen","robots":{"index":"index","follow":"follow","max-snippet":"max-snippet:-1","max-image-preview":"max-image-preview:large","max-video-preview":"max-video-preview:-1"},"canonical":"https:\/\/xenonkungen.com\/de\/produkt\/rucklicht-135rme-stange\/","og_locale":"de_DE","og_type":"article","og_title":"Baklampa 135RME R\u00f6d - Xenonkungen","og_description":"Stopp- och Baklampa med Svart Sarg 135x38mm f\u00f6r Utanp\u00e5liggande Montage Denna stopp- och baklampa med avancerad LED-teknologi och svart sarg erbjuder \u00f6verl\u00e4gsen belysningsl\u00f6sning, perfekt f\u00f6r ett brett spektrum av fordon. Den \u00e4r designad f\u00f6r att f\u00f6rb\u00e4ttra s\u00e4kerhet och synlighet, med l\u00e4ckagef\u00f6rseglad elektronik som garanterar p\u00e5litlighet i alla v\u00e4der. Funktioner och Egenskaper: Effektiv stopp- och bakljusfunktion [&hellip;]","og_url":"https:\/\/xenonkungen.com\/de\/produkt\/rucklicht-135rme-stange\/","og_site_name":"Xenonkungen","article_modified_time":"2026-04-24T16:09:54+00:00","og_image":[{"width":600,"height":600,"url":"https:\/\/xenonkungen.com\/wp-content\/uploads\/2025\/04\/7290635-origpic-a4f8e7.jpg","type":"image\/jpeg"}],"twitter_card":"summary_large_image","twitter_misc":{"Gesch\u00e4tzte Lesezeit":"1\u00a0Minute"},"schema":{"@context":"https:\/\/schema.org","@graph":[{"@type":"WebPage","@id":"https:\/\/xenonkungen.com\/produkt\/baklampa-135rme-rod\/","url":"https:\/\/xenonkungen.com\/produkt\/baklampa-135rme-rod\/","name":"R\u00fccklicht 135RME Rot - Xenonkungen","isPartOf":{"@id":"https:\/\/xenonkungen.com\/#website"},"primaryImageOfPage":{"@id":"https:\/\/xenonkungen.com\/produkt\/baklampa-135rme-rod\/#primaryimage"},"image":{"@id":"https:\/\/xenonkungen.com\/produkt\/baklampa-135rme-rod\/#primaryimage"},"thumbnailUrl":"https:\/\/xenonkungen.com\/wp-content\/uploads\/2025\/04\/7290635-origpic-a4f8e7.jpg","datePublished":"2025-04-15T09:47:47+00:00","dateModified":"2026-04-24T16:09:54+00:00","breadcrumb":{"@id":"https:\/\/xenonkungen.com\/produkt\/baklampa-135rme-rod\/#breadcrumb"},"inLanguage":"de","potentialAction":[{"@type":"ReadAction","target":["https:\/\/xenonkungen.com\/produkt\/baklampa-135rme-rod\/"]}]},{"@type":"ImageObject","inLanguage":"de","@id":"https:\/\/xenonkungen.com\/produkt\/baklampa-135rme-rod\/#primaryimage","url":"https:\/\/xenonkungen.com\/wp-content\/uploads\/2025\/04\/7290635-origpic-a4f8e7.jpg","contentUrl":"https:\/\/xenonkungen.com\/wp-content\/uploads\/2025\/04\/7290635-origpic-a4f8e7.jpg","width":600,"height":600},{"@type":"BreadcrumbList","@id":"https:\/\/xenonkungen.com\/produkt\/baklampa-135rme-rod\/#breadcrumb","itemListElement":[{"@type":"ListItem","position":1,"name":"Hem","item":"https:\/\/xenonkungen.com\/"},{"@type":"ListItem","position":2,"name":"Shop","item":"https:\/\/xenonkungen.com\/shop\/"},{"@type":"ListItem","position":3,"name":"Baklampa 135RME R\u00f6d"}]},{"@type":"WebSite","@id":"https:\/\/xenonkungen.com\/#website","url":"https:\/\/xenonkungen.com\/","name":"Xenonkungen","description":"","potentialAction":[{"@type":"SearchAction","target":{"@type":"EntryPoint","urlTemplate":"https:\/\/xenonkungen.com\/?s={search_term_string}"},"query-input":{"@type":"PropertyValueSpecification","valueRequired":true,"valueName":"search_term_string"}}],"inLanguage":"de"}]}},"taxonomy_info":{"anvandningsomrade":[{"value":166,"label":"Lastbil"},{"value":238,"label":"SL\u00c4P"},{"value":2816,"label":"TRAILER"}],"product_brand":[{"value":1252,"label":"LEA"}],"product_cat":[{"value":3051,"label":"Bakljus Enkel Slim"},{"value":2552,"label":"Bakljus"}],"pa_storlek-mm":[{"value":1790,"label":"135x38"}],"pa_volt-v":[{"value":348,"label":"12, 24"}]},"featured_image_src_large":["https:\/\/xenonkungen.com\/wp-content\/uploads\/2025\/04\/7290635-origpic-a4f8e7.jpg",600,600,false],"author_info":[],"comment_info":0,"_links":{"self":[{"href":"https:\/\/xenonkungen.com\/de\/wp-json\/wp\/v2\/product\/6588","targetHints":{"allow":["GET"]}}],"collection":[{"href":"https:\/\/xenonkungen.com\/de\/wp-json\/wp\/v2\/product"}],"about":[{"href":"https:\/\/xenonkungen.com\/de\/wp-json\/wp\/v2\/types\/product"}],"replies":[{"embeddable":true,"href":"https:\/\/xenonkungen.com\/de\/wp-json\/wp\/v2\/comments?post=6588"}],"wp:featuredmedia":[{"embeddable":true,"href":"https:\/\/xenonkungen.com\/de\/wp-json\/wp\/v2\/media\/6589"}],"wp:attachment":[{"href":"https:\/\/xenonkungen.com\/de\/wp-json\/wp\/v2\/media?parent=6588"}],"wp:term":[{"taxonomy":"anvandningsomrade","embeddable":true,"href":"https:\/\/xenonkungen.com\/de\/wp-json\/wp\/v2\/anvandningsomrade?post=6588"},{"taxonomy":"bilmarken","embeddable":true,"href":"https:\/\/xenonkungen.com\/de\/wp-json\/wp\/v2\/bilmarken?post=6588"},{"taxonomy":"product_brand","embeddable":true,"href":"https:\/\/xenonkungen.com\/de\/wp-json\/wp\/v2\/product_brand?post=6588"},{"taxonomy":"product_cat","embeddable":true,"href":"https:\/\/xenonkungen.com\/de\/wp-json\/wp\/v2\/product_cat?post=6588"},{"taxonomy":"product_tag","embeddable":true,"href":"https:\/\/xenonkungen.com\/de\/wp-json\/wp\/v2\/product_tag?post=6588"}],"curies":[{"name":"wp","href":"https:\/\/api.w.org\/{rel}","templated":true}]}}