{"id":6637,"date":"2025-04-15T09:48:04","date_gmt":"2025-04-15T09:48:04","guid":{"rendered":"https:\/\/xenonkungen.com\/product\/sidomarkering-1490am-2pin\/"},"modified":"2026-04-21T17:01:24","modified_gmt":"2026-04-21T16:01:24","slug":"seitenmarkierung-1490am-2-polig","status":"publish","type":"product","link":"https:\/\/xenonkungen.com\/de\/produkt\/seitenmarkierung-1490am-2-polig\/","title":{"rendered":"Seitliche Markierung 1490AM 2PIN"},"content":{"rendered":"<div class=\"container\">\n<h1>LED-Seitenmarkierungsleuchte: Helligkeit und Zuverl\u00e4ssigkeit<\/h1>\n<p>Eine leistungsstarke und effiziente Beleuchtungsl\u00f6sung zur Verbesserung der Sichtverh\u00e4ltnisse und der Sicherheit an den Seiten des Fahrzeugs.<\/p>\n<div class=\"specifications\">\n<h2>Spezifikationen:<\/h2>\n<ul>\n<li><span class=\"highlight\">Elektronik:<\/span> Leckdicht f\u00fcr optimalen Schutz gegen Wasser und Staub.<\/li>\n<li><span class=\"highlight\">LED-Technik:<\/span> Bietet \u00fcberragende Helligkeit und energieeffizienten Betrieb.<\/li>\n<li><span class=\"highlight\">Energieeffizient:<\/span> Minimiert den Stromverbrauch und tr\u00e4gt zu einer umweltfreundlicheren Nutzung bei.<\/li>\n<li><span class=\"highlight\">Verwendung:<\/span> Universell geeignet f\u00fcr eine Vielzahl von Fahrzeugtypen.<\/li>\n<\/ul>\n<\/div>\n<div class=\"features\">\n<h2>Merkmale:<\/h2>\n<ul>\n<li>Erh\u00f6ht die Sichtbarkeit und Sicherheit von Fahrzeugen im Stra\u00dfenverkehr.<\/li>\n<li>Langlebige und zuverl\u00e4ssige Leistung bei allen Wetterbedingungen.<\/li>\n<li>L\u00e4sst sich einfach in eine Vielzahl von Fahrzeugen einbauen.<\/li>\n<li>Modernes und effizientes Design, das sowohl leistungsstark als auch langlebig ist.<\/li>\n<\/ul>\n<\/div>\n<\/div>\n<p><strong>B\u00fcrgschaft:<\/strong> 5 Jahre<\/p>","protected":false},"excerpt":{"rendered":"<p>LED Sidomarkeringslampa: Ljusstyrka och Tillf\u00f6rlitlighet En kraftfull och effektiv belysningsl\u00f6sning f\u00f6r att f\u00f6rb\u00e4ttra synligheten och s\u00e4kerheten l\u00e4ngs fordonets sidor. Specifikationer: Elektronik: L\u00e4ckagef\u00f6rseglad f\u00f6r optimalt skydd mot vatten och damm. LED-teknologi: Erbjuder \u00f6verl\u00e4gsen ljusstyrka och energieffektiv drift. Energieffektiv: Minimerar str\u00f6mf\u00f6rbrukning, bidrar till en milj\u00f6v\u00e4nligare anv\u00e4ndning. Anv\u00e4ndning: Universellt l\u00e4mplig f\u00f6r en bred variation av fordonstyper. Funktioner: \u00d6kar [&hellip;]<\/p>","protected":false},"featured_media":6638,"comment_status":"closed","ping_status":"open","template":"","meta":{"_acf_changed":false,"_smort_price_nok":"123","_smort_price_dkk":"78","_smort_price_eur":"10.45","_smort_sale_price_nok":"","_smort_sale_price_dkk":"","_smort_sale_price_eur":"","smort_restorder":"","shipmondo_restorder":"","_kad_blocks_custom_css":"","_kad_blocks_head_custom_js":"","_kad_blocks_body_custom_js":"","_kad_blocks_footer_custom_js":"","smort_custom_pricelist_1":"95.36","smort_custom_pricelist_2":"83.44","smort_custom_pricelist_3":"77.48","smort_custom_pricelist_4":"119.2","smort_custom_pricelist_5":"83.44"},"anvandningsomrade":[166,238,2816],"bilmarken":[],"product_brand":[1252],"product_cat":[2478,2813],"product_tag":[],"class_list":{"0":"post-6637","1":"product","2":"type-product","3":"status-publish","4":"has-post-thumbnail","6":"anvandningsomrade-lastbil","7":"anvandningsomrade-slap","8":"anvandningsomrade-trailer","9":"product_brand-lea","10":"product_cat-positionsljus-slap","11":"product_cat-sido","12":"pa_fuktskydd-varde-ipxx-ip67","13":"pa_godkannande-ece-emc","14":"pa_storlek-mm-110x40x25","15":"pa_stromforbrukning-0-05a-13-8v","16":"pa_stromforbrukning-0-07a-28v","17":"pa_volt-v-12-24","19":"first","20":"instock","21":"taxable","22":"shipping-taxable","23":"purchasable","24":"product-type-simple"},"bundled_by":["9690","9697","9704"],"bundle_stock_status":"instock","bundle_stock_quantity":10,"bundle_virtual":false,"bundle_layout":"","bundle_add_to_cart_form_location":"","bundle_editable_in_cart":false,"bundle_sold_individually_context":"","bundle_item_grouping":"","bundle_min_size":"","bundle_max_size":"","bundle_price":[],"bundled_items":[],"bundle_sell_ids":[],"acf":[],"yoast_head":"<!-- This site is optimized with the Yoast SEO plugin v27.0 - https:\/\/yoast.com\/product\/yoast-seo-wordpress\/ -->\n<title>Sidomarkering 1490AM 2PIN - Xenonkungen<\/title>\n<meta name=\"robots\" content=\"index, follow, max-snippet:-1, max-image-preview:large, max-video-preview:-1\" \/>\n<link rel=\"canonical\" href=\"https:\/\/xenonkungen.com\/de\/produkt\/seitenmarkierung-1490am-2-polig\/\" \/>\n<meta property=\"og:locale\" content=\"de_DE\" \/>\n<meta property=\"og:type\" content=\"article\" \/>\n<meta property=\"og:title\" content=\"Sidomarkering 1490AM 2PIN - Xenonkungen\" \/>\n<meta property=\"og:description\" content=\"LED Sidomarkeringslampa: Ljusstyrka och Tillf\u00f6rlitlighet En kraftfull och effektiv belysningsl\u00f6sning f\u00f6r att f\u00f6rb\u00e4ttra synligheten och s\u00e4kerheten l\u00e4ngs fordonets sidor. Specifikationer: Elektronik: L\u00e4ckagef\u00f6rseglad f\u00f6r optimalt skydd mot vatten och damm. LED-teknologi: Erbjuder \u00f6verl\u00e4gsen ljusstyrka och energieffektiv drift. Energieffektiv: Minimerar str\u00f6mf\u00f6rbrukning, bidrar till en milj\u00f6v\u00e4nligare anv\u00e4ndning. Anv\u00e4ndning: Universellt l\u00e4mplig f\u00f6r en bred variation av fordonstyper. Funktioner: \u00d6kar [&hellip;]\" \/>\n<meta property=\"og:url\" content=\"https:\/\/xenonkungen.com\/de\/produkt\/seitenmarkierung-1490am-2-polig\/\" \/>\n<meta property=\"og:site_name\" content=\"Xenonkungen\" \/>\n<meta property=\"article:modified_time\" content=\"2026-04-21T16:01:24+00:00\" \/>\n<meta property=\"og:image\" content=\"https:\/\/xenonkungen.com\/wp-content\/uploads\/2025\/04\/11528972-origpic-0f13b7.jpg\" \/>\n\t<meta property=\"og:image:width\" content=\"600\" \/>\n\t<meta property=\"og:image:height\" content=\"600\" \/>\n\t<meta property=\"og:image:type\" content=\"image\/jpeg\" \/>\n<meta name=\"twitter:card\" content=\"summary_large_image\" \/>\n<meta name=\"twitter:label1\" content=\"Gesch\u00e4tzte Lesezeit\" \/>\n\t<meta name=\"twitter:data1\" content=\"1\u00a0Minute\" \/>\n<script type=\"application\/ld+json\" class=\"yoast-schema-graph\">{\"@context\":\"https:\/\/schema.org\",\"@graph\":[{\"@type\":\"WebPage\",\"@id\":\"https:\/\/xenonkungen.com\/nl\/product\/zijmarkering-1490am-2-pins\/\",\"url\":\"https:\/\/xenonkungen.com\/nl\/product\/zijmarkering-1490am-2-pins\/\",\"name\":\"Sidomarkering 1490AM 2PIN - Xenonkungen\",\"isPartOf\":{\"@id\":\"https:\/\/xenonkungen.com\/#website\"},\"primaryImageOfPage\":{\"@id\":\"https:\/\/xenonkungen.com\/nl\/product\/zijmarkering-1490am-2-pins\/#primaryimage\"},\"image\":{\"@id\":\"https:\/\/xenonkungen.com\/nl\/product\/zijmarkering-1490am-2-pins\/#primaryimage\"},\"thumbnailUrl\":\"https:\/\/xenonkungen.com\/wp-content\/uploads\/2025\/04\/11528972-origpic-0f13b7.jpg\",\"datePublished\":\"2025-04-15T09:48:04+00:00\",\"dateModified\":\"2026-04-21T16:01:24+00:00\",\"breadcrumb\":{\"@id\":\"https:\/\/xenonkungen.com\/nl\/product\/zijmarkering-1490am-2-pins\/#breadcrumb\"},\"inLanguage\":\"de\",\"potentialAction\":[{\"@type\":\"ReadAction\",\"target\":[\"https:\/\/xenonkungen.com\/nl\/product\/zijmarkering-1490am-2-pins\/\"]}]},{\"@type\":\"ImageObject\",\"inLanguage\":\"de\",\"@id\":\"https:\/\/xenonkungen.com\/nl\/product\/zijmarkering-1490am-2-pins\/#primaryimage\",\"url\":\"https:\/\/xenonkungen.com\/wp-content\/uploads\/2025\/04\/11528972-origpic-0f13b7.jpg\",\"contentUrl\":\"https:\/\/xenonkungen.com\/wp-content\/uploads\/2025\/04\/11528972-origpic-0f13b7.jpg\",\"width\":600,\"height\":600},{\"@type\":\"BreadcrumbList\",\"@id\":\"https:\/\/xenonkungen.com\/nl\/product\/zijmarkering-1490am-2-pins\/#breadcrumb\",\"itemListElement\":[{\"@type\":\"ListItem\",\"position\":1,\"name\":\"Hem\",\"item\":\"https:\/\/xenonkungen.com\/\"},{\"@type\":\"ListItem\",\"position\":2,\"name\":\"Shop\",\"item\":\"https:\/\/xenonkungen.com\/shop\/\"},{\"@type\":\"ListItem\",\"position\":3,\"name\":\"Sidomarkering 1490AM 2PIN\"}]},{\"@type\":\"WebSite\",\"@id\":\"https:\/\/xenonkungen.com\/#website\",\"url\":\"https:\/\/xenonkungen.com\/\",\"name\":\"Xenonkungen\",\"description\":\"\",\"potentialAction\":[{\"@type\":\"SearchAction\",\"target\":{\"@type\":\"EntryPoint\",\"urlTemplate\":\"https:\/\/xenonkungen.com\/?s={search_term_string}\"},\"query-input\":{\"@type\":\"PropertyValueSpecification\",\"valueRequired\":true,\"valueName\":\"search_term_string\"}}],\"inLanguage\":\"de\"}]}<\/script>\n<!-- \/ Yoast SEO plugin. -->","yoast_head_json":{"title":"Seitliche Markierung 1490AM 2PIN \u2013 Der Xenon-K\u00f6nig","robots":{"index":"index","follow":"follow","max-snippet":"max-snippet:-1","max-image-preview":"max-image-preview:large","max-video-preview":"max-video-preview:-1"},"canonical":"https:\/\/xenonkungen.com\/de\/produkt\/seitenmarkierung-1490am-2-polig\/","og_locale":"de_DE","og_type":"article","og_title":"Sidomarkering 1490AM 2PIN - Xenonkungen","og_description":"LED Sidomarkeringslampa: Ljusstyrka och Tillf\u00f6rlitlighet En kraftfull och effektiv belysningsl\u00f6sning f\u00f6r att f\u00f6rb\u00e4ttra synligheten och s\u00e4kerheten l\u00e4ngs fordonets sidor. Specifikationer: Elektronik: L\u00e4ckagef\u00f6rseglad f\u00f6r optimalt skydd mot vatten och damm. LED-teknologi: Erbjuder \u00f6verl\u00e4gsen ljusstyrka och energieffektiv drift. Energieffektiv: Minimerar str\u00f6mf\u00f6rbrukning, bidrar till en milj\u00f6v\u00e4nligare anv\u00e4ndning. Anv\u00e4ndning: Universellt l\u00e4mplig f\u00f6r en bred variation av fordonstyper. Funktioner: \u00d6kar [&hellip;]","og_url":"https:\/\/xenonkungen.com\/de\/produkt\/seitenmarkierung-1490am-2-polig\/","og_site_name":"Xenonkungen","article_modified_time":"2026-04-21T16:01:24+00:00","og_image":[{"width":600,"height":600,"url":"https:\/\/xenonkungen.com\/wp-content\/uploads\/2025\/04\/11528972-origpic-0f13b7.jpg","type":"image\/jpeg"}],"twitter_card":"summary_large_image","twitter_misc":{"Gesch\u00e4tzte Lesezeit":"1\u00a0Minute"},"schema":{"@context":"https:\/\/schema.org","@graph":[{"@type":"WebPage","@id":"https:\/\/xenonkungen.com\/nl\/product\/zijmarkering-1490am-2-pins\/","url":"https:\/\/xenonkungen.com\/nl\/product\/zijmarkering-1490am-2-pins\/","name":"Seitliche Markierung 1490AM 2PIN \u2013 Der Xenon-K\u00f6nig","isPartOf":{"@id":"https:\/\/xenonkungen.com\/#website"},"primaryImageOfPage":{"@id":"https:\/\/xenonkungen.com\/nl\/product\/zijmarkering-1490am-2-pins\/#primaryimage"},"image":{"@id":"https:\/\/xenonkungen.com\/nl\/product\/zijmarkering-1490am-2-pins\/#primaryimage"},"thumbnailUrl":"https:\/\/xenonkungen.com\/wp-content\/uploads\/2025\/04\/11528972-origpic-0f13b7.jpg","datePublished":"2025-04-15T09:48:04+00:00","dateModified":"2026-04-21T16:01:24+00:00","breadcrumb":{"@id":"https:\/\/xenonkungen.com\/nl\/product\/zijmarkering-1490am-2-pins\/#breadcrumb"},"inLanguage":"de","potentialAction":[{"@type":"ReadAction","target":["https:\/\/xenonkungen.com\/nl\/product\/zijmarkering-1490am-2-pins\/"]}]},{"@type":"ImageObject","inLanguage":"de","@id":"https:\/\/xenonkungen.com\/nl\/product\/zijmarkering-1490am-2-pins\/#primaryimage","url":"https:\/\/xenonkungen.com\/wp-content\/uploads\/2025\/04\/11528972-origpic-0f13b7.jpg","contentUrl":"https:\/\/xenonkungen.com\/wp-content\/uploads\/2025\/04\/11528972-origpic-0f13b7.jpg","width":600,"height":600},{"@type":"BreadcrumbList","@id":"https:\/\/xenonkungen.com\/nl\/product\/zijmarkering-1490am-2-pins\/#breadcrumb","itemListElement":[{"@type":"ListItem","position":1,"name":"Hem","item":"https:\/\/xenonkungen.com\/"},{"@type":"ListItem","position":2,"name":"Shop","item":"https:\/\/xenonkungen.com\/shop\/"},{"@type":"ListItem","position":3,"name":"Sidomarkering 1490AM 2PIN"}]},{"@type":"WebSite","@id":"https:\/\/xenonkungen.com\/#website","url":"https:\/\/xenonkungen.com\/","name":"Xenonkungen","description":"","potentialAction":[{"@type":"SearchAction","target":{"@type":"EntryPoint","urlTemplate":"https:\/\/xenonkungen.com\/?s={search_term_string}"},"query-input":{"@type":"PropertyValueSpecification","valueRequired":true,"valueName":"search_term_string"}}],"inLanguage":"de"}]}},"taxonomy_info":{"anvandningsomrade":[{"value":166,"label":"Lastbil"},{"value":238,"label":"SL\u00c4P"},{"value":2816,"label":"TRAILER"}],"product_brand":[{"value":1252,"label":"LEA"}],"product_cat":[{"value":2478,"label":"Positionsljus"},{"value":2813,"label":"Sido"}],"pa_fuktskydd-varde-ipxx":[{"value":333,"label":"IP67"}],"pa_godkannande":[{"value":1262,"label":"ECE, EMC"}],"pa_storlek-mm":[{"value":1811,"label":"110x40x25"}],"pa_stromforbrukning":[{"value":1812,"label":"0.05A @13.8V"},{"value":1813,"label":"0.07A @28V"}],"pa_volt-v":[{"value":348,"label":"12, 24"}]},"featured_image_src_large":["https:\/\/xenonkungen.com\/wp-content\/uploads\/2025\/04\/11528972-origpic-0f13b7.jpg",600,600,false],"author_info":[],"comment_info":0,"_links":{"self":[{"href":"https:\/\/xenonkungen.com\/de\/wp-json\/wp\/v2\/product\/6637","targetHints":{"allow":["GET"]}}],"collection":[{"href":"https:\/\/xenonkungen.com\/de\/wp-json\/wp\/v2\/product"}],"about":[{"href":"https:\/\/xenonkungen.com\/de\/wp-json\/wp\/v2\/types\/product"}],"replies":[{"embeddable":true,"href":"https:\/\/xenonkungen.com\/de\/wp-json\/wp\/v2\/comments?post=6637"}],"wp:featuredmedia":[{"embeddable":true,"href":"https:\/\/xenonkungen.com\/de\/wp-json\/wp\/v2\/media\/6638"}],"wp:attachment":[{"href":"https:\/\/xenonkungen.com\/de\/wp-json\/wp\/v2\/media?parent=6637"}],"wp:term":[{"taxonomy":"anvandningsomrade","embeddable":true,"href":"https:\/\/xenonkungen.com\/de\/wp-json\/wp\/v2\/anvandningsomrade?post=6637"},{"taxonomy":"bilmarken","embeddable":true,"href":"https:\/\/xenonkungen.com\/de\/wp-json\/wp\/v2\/bilmarken?post=6637"},{"taxonomy":"product_brand","embeddable":true,"href":"https:\/\/xenonkungen.com\/de\/wp-json\/wp\/v2\/product_brand?post=6637"},{"taxonomy":"product_cat","embeddable":true,"href":"https:\/\/xenonkungen.com\/de\/wp-json\/wp\/v2\/product_cat?post=6637"},{"taxonomy":"product_tag","embeddable":true,"href":"https:\/\/xenonkungen.com\/de\/wp-json\/wp\/v2\/product_tag?post=6637"}],"curies":[{"name":"wp","href":"https:\/\/api.w.org\/{rel}","templated":true}]}}