{"id":6893,"date":"2025-04-15T09:50:21","date_gmt":"2025-04-15T09:50:21","guid":{"rendered":"https:\/\/xenonkungen.com\/product\/extraljus-nbb-alpha-225-luxtar-premium-led\/"},"modified":"2026-03-27T09:18:03","modified_gmt":"2026-03-27T08:18:03","slug":"extra-leichte-nbb-alpha-225-luxtar-premium-led","status":"publish","type":"product","link":"https:\/\/xenonkungen.com\/de\/produkt\/extra-leichte-nbb-alpha-225-luxtar-premium-led\/","title":{"rendered":"Extra hell NBB Alpha 225 LUXTAR\u00ae Premium LED"},"content":{"rendered":"<p>Der beliebte NBB Alpha 225 mit LED-Lichtquelle, die heller ist als herk\u00f6mmliches Xenon mit 6000 K, ist dem Luxtar Premium LED-Scheinwerfer mit D2-Lampensockel zu verdanken.<\/p>\n<p>Die Lampe NBB 225 ist f\u00fcr Lampenfassungen H1 (Halogen oder Xenon) und D2 (Xenon oder LED) ausgelegt.<\/p>\n<p>Der Vorteil von LEDs liegt in der sofortigen vollen Leistung bei gleichzeitig geringem Gewicht. Zudem sind sie nachweislich st\u00f6rungsfrei, im Gegensatz zu Xenonlicht.<\/p>\n<p>LED-Lampe: Luxtar Premium D2<br \/>Spannung: 12\/24V DC<br \/>Farbtemperatur: 6000K<br \/>Tats\u00e4chlicher Lichtstrom: 3100\u00b1100 Lumen<\/p>\n<p>Lampengeh\u00e4use: NBB 225 Alpha LED, beliebter Bestseller, der hohe Qualit\u00e4tsanforderungen erf\u00fcllt, mit E-Zeichen im Original-Halogen-Design. Vertikal montiert.<br \/>- Glasfaserverst\u00e4rkter Kunststoff<br \/>- Freiform-Reflektor aus Aluminium<br \/>- Klare Glaslinse aus Polycarbonat<br \/>- Lichtbild Fernbedienung<\/p>\n<p>Inhalt der Lieferung:<br \/>1x Extra leichtes NBB 225<br \/>1x Luxtar Premium LED D2<\/p>\n<p>Zubeh\u00f6r f\u00fcr NBB225 8G LED:<br \/>\u2013 Relaiskabel<br \/>\u2013 Steinschlagschutz<\/p>\n<p>Die Lampe wird unmontiert geliefert.<br \/>Die Zusatzleuchte ist in dieser Version nicht E-gepr\u00fcft.<\/p>\n<p>Garantie 1 Jahr.<\/p>","protected":false},"excerpt":{"rendered":"<p>Popul\u00e4ra NBB Alpha 225 med LED ljusk\u00e4lla som \u00e4r mer ljusstark \u00e4n standard xenon 6000K. Det \u00e4r resultatet tack vare Luxtar Premium LED Headlight med D2 lampsockel. NBB 225 lyktan \u00e4r konstruerad f\u00f6r lampsockel H1 (halogen eller xenon) och D2 (xenon eller LED). F\u00f6rdel LED \u00e4r omg\u00e5ende full effekt och allt integrerat med l\u00e5g vikt. [&hellip;]<\/p>","protected":false},"featured_media":6894,"comment_status":"closed","ping_status":"open","template":"","meta":{"_acf_changed":false,"_smort_price_nok":"1810","_smort_price_dkk":"1150","_smort_price_eur":"154.08","_smort_sale_price_nok":"","_smort_sale_price_dkk":"","_smort_sale_price_eur":"115.56","smort_restorder":"","shipmondo_restorder":"","_kad_blocks_custom_css":"","_kad_blocks_head_custom_js":"","_kad_blocks_body_custom_js":"","_kad_blocks_footer_custom_js":"","smort_custom_pricelist_1":"1084.8","smort_custom_pricelist_2":"1084.9","smort_custom_pricelist_3":"1030.66","smort_custom_pricelist_4":"1356","smort_custom_pricelist_5":"1084.9"},"anvandningsomrade":[],"bilmarken":[],"product_brand":[],"product_cat":[2674,142],"product_tag":[],"class_list":{"0":"post-6893","1":"product","2":"type-product","3":"status-publish","4":"has-post-thumbnail","6":"product_cat-paket-extraljus","7":"product_cat-extraljus","9":"first","10":"instock","11":"taxable","12":"shipping-taxable","13":"purchasable","14":"product-type-simple"},"bundled_by":[],"bundle_stock_status":"instock","bundle_stock_quantity":24,"bundle_virtual":false,"bundle_layout":"","bundle_add_to_cart_form_location":"","bundle_editable_in_cart":false,"bundle_sold_individually_context":"","bundle_item_grouping":"","bundle_min_size":"","bundle_max_size":"","bundle_price":[],"bundled_items":[],"bundle_sell_ids":[],"acf":[],"yoast_head":"<!-- This site is optimized with the Yoast SEO plugin v27.0 - https:\/\/yoast.com\/product\/yoast-seo-wordpress\/ -->\n<title>Extraljus NBB Alpha 225 LUXTAR\u00ae Premium LED - Xenonkungen<\/title>\n<meta name=\"robots\" content=\"index, follow, max-snippet:-1, max-image-preview:large, max-video-preview:-1\" \/>\n<link rel=\"canonical\" href=\"https:\/\/xenonkungen.com\/de\/produkt\/extra-leichte-nbb-alpha-225-luxtar-premium-led\/\" \/>\n<meta property=\"og:locale\" content=\"de_DE\" \/>\n<meta property=\"og:type\" content=\"article\" \/>\n<meta property=\"og:title\" content=\"Extraljus NBB Alpha 225 LUXTAR\u00ae Premium LED - Xenonkungen\" \/>\n<meta property=\"og:description\" content=\"Popul\u00e4ra NBB Alpha 225 med LED ljusk\u00e4lla som \u00e4r mer ljusstark \u00e4n standard xenon 6000K. Det \u00e4r resultatet tack vare Luxtar Premium LED Headlight med D2 lampsockel. NBB 225 lyktan \u00e4r konstruerad f\u00f6r lampsockel H1 (halogen eller xenon) och D2 (xenon eller LED). F\u00f6rdel LED \u00e4r omg\u00e5ende full effekt och allt integrerat med l\u00e5g vikt. [&hellip;]\" \/>\n<meta property=\"og:url\" content=\"https:\/\/xenonkungen.com\/de\/produkt\/extra-leichte-nbb-alpha-225-luxtar-premium-led\/\" \/>\n<meta property=\"og:site_name\" content=\"Xenonkungen\" \/>\n<meta property=\"article:modified_time\" content=\"2026-03-27T08:18:03+00:00\" \/>\n<meta property=\"og:image\" content=\"https:\/\/xenonkungen.com\/wp-content\/uploads\/2025\/04\/162405853-origpic-de322a.png\" \/>\n\t<meta property=\"og:image:width\" content=\"810\" \/>\n\t<meta property=\"og:image:height\" content=\"1000\" \/>\n\t<meta property=\"og:image:type\" content=\"image\/png\" \/>\n<meta name=\"twitter:card\" content=\"summary_large_image\" \/>\n<meta name=\"twitter:label1\" content=\"Gesch\u00e4tzte Lesezeit\" \/>\n\t<meta name=\"twitter:data1\" content=\"1\u00a0Minute\" \/>\n<script type=\"application\/ld+json\" class=\"yoast-schema-graph\">{\"@context\":\"https:\/\/schema.org\",\"@graph\":[{\"@type\":\"WebPage\",\"@id\":\"https:\/\/xenonkungen.com\/fi\/tuote\/lisavalo-nbb-alpha-225-luxtar-premium-led\/\",\"url\":\"https:\/\/xenonkungen.com\/fi\/tuote\/lisavalo-nbb-alpha-225-luxtar-premium-led\/\",\"name\":\"Extraljus NBB Alpha 225 LUXTAR\u00ae Premium LED - Xenonkungen\",\"isPartOf\":{\"@id\":\"https:\/\/xenonkungen.com\/#website\"},\"primaryImageOfPage\":{\"@id\":\"https:\/\/xenonkungen.com\/fi\/tuote\/lisavalo-nbb-alpha-225-luxtar-premium-led\/#primaryimage\"},\"image\":{\"@id\":\"https:\/\/xenonkungen.com\/fi\/tuote\/lisavalo-nbb-alpha-225-luxtar-premium-led\/#primaryimage\"},\"thumbnailUrl\":\"https:\/\/xenonkungen.com\/wp-content\/uploads\/2025\/04\/162405853-origpic-de322a.png\",\"datePublished\":\"2025-04-15T09:50:21+00:00\",\"dateModified\":\"2026-03-27T08:18:03+00:00\",\"breadcrumb\":{\"@id\":\"https:\/\/xenonkungen.com\/fi\/tuote\/lisavalo-nbb-alpha-225-luxtar-premium-led\/#breadcrumb\"},\"inLanguage\":\"de\",\"potentialAction\":[{\"@type\":\"ReadAction\",\"target\":[\"https:\/\/xenonkungen.com\/fi\/tuote\/lisavalo-nbb-alpha-225-luxtar-premium-led\/\"]}]},{\"@type\":\"ImageObject\",\"inLanguage\":\"de\",\"@id\":\"https:\/\/xenonkungen.com\/fi\/tuote\/lisavalo-nbb-alpha-225-luxtar-premium-led\/#primaryimage\",\"url\":\"https:\/\/xenonkungen.com\/wp-content\/uploads\/2025\/04\/162405853-origpic-de322a.png\",\"contentUrl\":\"https:\/\/xenonkungen.com\/wp-content\/uploads\/2025\/04\/162405853-origpic-de322a.png\",\"width\":810,\"height\":1000},{\"@type\":\"BreadcrumbList\",\"@id\":\"https:\/\/xenonkungen.com\/fi\/tuote\/lisavalo-nbb-alpha-225-luxtar-premium-led\/#breadcrumb\",\"itemListElement\":[{\"@type\":\"ListItem\",\"position\":1,\"name\":\"Hem\",\"item\":\"https:\/\/xenonkungen.com\/\"},{\"@type\":\"ListItem\",\"position\":2,\"name\":\"Shop\",\"item\":\"https:\/\/xenonkungen.com\/shop\/\"},{\"@type\":\"ListItem\",\"position\":3,\"name\":\"Extraljus NBB Alpha 225 LUXTAR\u00ae Premium LED\"}]},{\"@type\":\"WebSite\",\"@id\":\"https:\/\/xenonkungen.com\/#website\",\"url\":\"https:\/\/xenonkungen.com\/\",\"name\":\"Xenonkungen\",\"description\":\"\",\"potentialAction\":[{\"@type\":\"SearchAction\",\"target\":{\"@type\":\"EntryPoint\",\"urlTemplate\":\"https:\/\/xenonkungen.com\/?s={search_term_string}\"},\"query-input\":{\"@type\":\"PropertyValueSpecification\",\"valueRequired\":true,\"valueName\":\"search_term_string\"}}],\"inLanguage\":\"de\"}]}<\/script>\n<!-- \/ Yoast SEO plugin. -->","yoast_head_json":{"title":"Zusatzscheinwerfer NBB Alpha 225 LUXTAR\u00ae Premium LED - Xenonkungen","robots":{"index":"index","follow":"follow","max-snippet":"max-snippet:-1","max-image-preview":"max-image-preview:large","max-video-preview":"max-video-preview:-1"},"canonical":"https:\/\/xenonkungen.com\/de\/produkt\/extra-leichte-nbb-alpha-225-luxtar-premium-led\/","og_locale":"de_DE","og_type":"article","og_title":"Extraljus NBB Alpha 225 LUXTAR\u00ae Premium LED - Xenonkungen","og_description":"Popul\u00e4ra NBB Alpha 225 med LED ljusk\u00e4lla som \u00e4r mer ljusstark \u00e4n standard xenon 6000K. Det \u00e4r resultatet tack vare Luxtar Premium LED Headlight med D2 lampsockel. NBB 225 lyktan \u00e4r konstruerad f\u00f6r lampsockel H1 (halogen eller xenon) och D2 (xenon eller LED). F\u00f6rdel LED \u00e4r omg\u00e5ende full effekt och allt integrerat med l\u00e5g vikt. [&hellip;]","og_url":"https:\/\/xenonkungen.com\/de\/produkt\/extra-leichte-nbb-alpha-225-luxtar-premium-led\/","og_site_name":"Xenonkungen","article_modified_time":"2026-03-27T08:18:03+00:00","og_image":[{"width":810,"height":1000,"url":"https:\/\/xenonkungen.com\/wp-content\/uploads\/2025\/04\/162405853-origpic-de322a.png","type":"image\/png"}],"twitter_card":"summary_large_image","twitter_misc":{"Gesch\u00e4tzte Lesezeit":"1\u00a0Minute"},"schema":{"@context":"https:\/\/schema.org","@graph":[{"@type":"WebPage","@id":"https:\/\/xenonkungen.com\/fi\/tuote\/lisavalo-nbb-alpha-225-luxtar-premium-led\/","url":"https:\/\/xenonkungen.com\/fi\/tuote\/lisavalo-nbb-alpha-225-luxtar-premium-led\/","name":"Zusatzscheinwerfer NBB Alpha 225 LUXTAR\u00ae Premium LED - Xenonkungen","isPartOf":{"@id":"https:\/\/xenonkungen.com\/#website"},"primaryImageOfPage":{"@id":"https:\/\/xenonkungen.com\/fi\/tuote\/lisavalo-nbb-alpha-225-luxtar-premium-led\/#primaryimage"},"image":{"@id":"https:\/\/xenonkungen.com\/fi\/tuote\/lisavalo-nbb-alpha-225-luxtar-premium-led\/#primaryimage"},"thumbnailUrl":"https:\/\/xenonkungen.com\/wp-content\/uploads\/2025\/04\/162405853-origpic-de322a.png","datePublished":"2025-04-15T09:50:21+00:00","dateModified":"2026-03-27T08:18:03+00:00","breadcrumb":{"@id":"https:\/\/xenonkungen.com\/fi\/tuote\/lisavalo-nbb-alpha-225-luxtar-premium-led\/#breadcrumb"},"inLanguage":"de","potentialAction":[{"@type":"ReadAction","target":["https:\/\/xenonkungen.com\/fi\/tuote\/lisavalo-nbb-alpha-225-luxtar-premium-led\/"]}]},{"@type":"ImageObject","inLanguage":"de","@id":"https:\/\/xenonkungen.com\/fi\/tuote\/lisavalo-nbb-alpha-225-luxtar-premium-led\/#primaryimage","url":"https:\/\/xenonkungen.com\/wp-content\/uploads\/2025\/04\/162405853-origpic-de322a.png","contentUrl":"https:\/\/xenonkungen.com\/wp-content\/uploads\/2025\/04\/162405853-origpic-de322a.png","width":810,"height":1000},{"@type":"BreadcrumbList","@id":"https:\/\/xenonkungen.com\/fi\/tuote\/lisavalo-nbb-alpha-225-luxtar-premium-led\/#breadcrumb","itemListElement":[{"@type":"ListItem","position":1,"name":"Hem","item":"https:\/\/xenonkungen.com\/"},{"@type":"ListItem","position":2,"name":"Shop","item":"https:\/\/xenonkungen.com\/shop\/"},{"@type":"ListItem","position":3,"name":"Extraljus NBB Alpha 225 LUXTAR\u00ae Premium LED"}]},{"@type":"WebSite","@id":"https:\/\/xenonkungen.com\/#website","url":"https:\/\/xenonkungen.com\/","name":"Xenonkungen","description":"","potentialAction":[{"@type":"SearchAction","target":{"@type":"EntryPoint","urlTemplate":"https:\/\/xenonkungen.com\/?s={search_term_string}"},"query-input":{"@type":"PropertyValueSpecification","valueRequired":true,"valueName":"search_term_string"}}],"inLanguage":"de"}]}},"taxonomy_info":{"product_cat":[{"value":2674,"label":"Paket"},{"value":142,"label":"Extraljus"}]},"featured_image_src_large":["https:\/\/xenonkungen.com\/wp-content\/uploads\/2025\/04\/162405853-origpic-de322a.png",810,1000,false],"author_info":[],"comment_info":0,"_links":{"self":[{"href":"https:\/\/xenonkungen.com\/de\/wp-json\/wp\/v2\/product\/6893","targetHints":{"allow":["GET"]}}],"collection":[{"href":"https:\/\/xenonkungen.com\/de\/wp-json\/wp\/v2\/product"}],"about":[{"href":"https:\/\/xenonkungen.com\/de\/wp-json\/wp\/v2\/types\/product"}],"replies":[{"embeddable":true,"href":"https:\/\/xenonkungen.com\/de\/wp-json\/wp\/v2\/comments?post=6893"}],"wp:featuredmedia":[{"embeddable":true,"href":"https:\/\/xenonkungen.com\/de\/wp-json\/wp\/v2\/media\/6894"}],"wp:attachment":[{"href":"https:\/\/xenonkungen.com\/de\/wp-json\/wp\/v2\/media?parent=6893"}],"wp:term":[{"taxonomy":"anvandningsomrade","embeddable":true,"href":"https:\/\/xenonkungen.com\/de\/wp-json\/wp\/v2\/anvandningsomrade?post=6893"},{"taxonomy":"bilmarken","embeddable":true,"href":"https:\/\/xenonkungen.com\/de\/wp-json\/wp\/v2\/bilmarken?post=6893"},{"taxonomy":"product_brand","embeddable":true,"href":"https:\/\/xenonkungen.com\/de\/wp-json\/wp\/v2\/product_brand?post=6893"},{"taxonomy":"product_cat","embeddable":true,"href":"https:\/\/xenonkungen.com\/de\/wp-json\/wp\/v2\/product_cat?post=6893"},{"taxonomy":"product_tag","embeddable":true,"href":"https:\/\/xenonkungen.com\/de\/wp-json\/wp\/v2\/product_tag?post=6893"}],"curies":[{"name":"wp","href":"https:\/\/api.w.org\/{rel}","templated":true}]}}