{"id":6901,"date":"2025-04-15T09:50:21","date_gmt":"2025-04-15T09:50:21","guid":{"rendered":"https:\/\/xenonkungen.com\/product\/2-pack-extraljus-nbb-alpha-225-premium-led\/"},"modified":"2026-04-29T08:44:43","modified_gmt":"2026-04-29T07:44:43","slug":"2er-pack-zusatzliche-led-leuchten-nbb-alpha-225-premium","status":"publish","type":"product","link":"https:\/\/xenonkungen.com\/de\/produkt\/2er-pack-zusatzliche-led-leuchten-nbb-alpha-225-premium\/","title":{"rendered":"2-PACK Extra hell NBB Alpha 225 Premium LED"},"content":{"rendered":"<p>Komplettpaket mit 2 zus\u00e4tzlichen Leuchten NBB Alpha 225 (225 mm Durchmesser) mit einer der besten Lichtverteilungen auf dem Markt. Neues Modell mit LED-Positionslicht an der Oberkante (optionaler Anschluss).<\/p>\n<p>Der beliebte NBB 225 mit LED-Lichtquelle, die heller ist als herk\u00f6mmliches Xenon mit 6000 K, ist das Ergebnis des Luxtar Genesis LED-Scheinwerfers mit D2-Lampensockel.<\/p>\n<p>Der NBB 225 Alpha-Scheinwerfer ist f\u00fcr Lampenfassungen H1 (Halogen oder Xenon) und D2 (Xenon oder LED) ausgelegt.<\/p>\n<p>Der Vorteil von LED ist die sofortige volle Leistung und alles integriert bei geringem Gewicht. Au\u00dferdem als st\u00f6rungsfrei getestet in F\u00e4llen, wo Xenon-Licht dies verursachen kann.<\/p>\n<p>Diodenlampe: Luxtar Genesis D2<br \/>\nSpannung: 12\/24V DC<br \/>\nLED: 2x Cree XHP-50 20W<br \/>\nFarbtemperatur: 6000K<br \/>\nLichtstrom, tats\u00e4chlich: 3400\u00b1100 Lumen<\/p>\n<p>Lampengeh\u00e4use: NBB 225 Alpha LED, beliebter Bestseller, der hohe Qualit\u00e4tsanforderungen erf\u00fcllt, mit E-Zeichen im Original-Halogen-Design. Vertikal montiert.<br \/>\n- Glasfaserverst\u00e4rkter Kunststoff<br \/>\n- Freiform-Reflektor aus Aluminium<br \/>\n- Klare Glaslinse aus Polycarbonat<br \/>\n- Lichtbild Fernbedienung<\/p>\n<p>Inhalt der Lieferung:<br \/>\n2St\u00fcck <a href=\"https:\/\/www.xenonkungen.com\/sok\/161041\" target=\"_blank\" rel=\"noopener\">Zusatzleuchte NBB Alpha 225 LED<\/a><br \/>\n2St\u00fcck <a href=\"https:\/\/www.xenonkungen.com\/se\/produkter\/helljus-halvljus\/led\/luxtar-genesis\/luxtarr-genesis-d2h-d2y-gen2.html\" target=\"_blank\" rel=\"noopener\">#20019 Luxtar Genesis D2 LED<\/a><br \/>\n1. <a href=\"https:\/\/www.xenonkungen.com\/se\/produkter\/xenon\/kablar-kontakter\/extraljus-relakablage.html\" target=\"_blank\" rel=\"noopener\">#103120 Relaiskabelbaum 2B 12V\/60A<\/a><br \/>\n1 Paar <a href=\"https:\/\/www.xenonkungen.com\/se\/produkter\/installationsmaterial\/fasten-universal\/extraljus-stag-rund-svart.html\" target=\"_blank\" rel=\"noopener\">#161107 Extra leichter Anh\u00e4nger<\/a><br \/>\n1. <a href=\"https:\/\/www.xenonkungen.com\/se\/produkter\/installationsmaterial\/fasten-universal\/extraljusfaste-svart-2-225mm.html\" target=\"_blank\" rel=\"noopener\">#161101-2 Zusatzlichtb\u00fcgel Schwarz 2<\/a><\/p>\n<p><strong>Achtung!<\/strong> Beachten Sie, dass das Kabel der Diodenlampe keinen entsprechenden Anschluss f\u00fcr das Relaiskabel hat.<\/p>\n<p>Das Paket wird unmontiert geliefert.<br \/>\nDie Zusatzleuchte ist in dieser Version nicht E-gepr\u00fcft.<\/p>\n<p>1 Jahr Garantie.<\/p>","protected":false},"excerpt":{"rendered":"<p>Komplett paket med 2st Extraljus NBB Alpha 225 med diameter 225mm med ett av marknadens absolut b\u00e4sta ljusbild. Nya modellen med LED positionsljus p\u00e5 \u00f6verkanten (valfri inkoppling). Popul\u00e4ra NBB 225 med LED ljusk\u00e4lla som \u00e4r mer ljusstark \u00e4n standard xenon 6000K. Det \u00e4r resultatet tack vare Luxtar Genesis LED Headlight med D2 lampsockel. NBB 225 [&hellip;]<\/p>","protected":false},"featured_media":6902,"comment_status":"closed","ping_status":"closed","template":"","meta":{"_acf_changed":false,"_smort_price_nok":"4160","_smort_price_dkk":"2643","_smort_price_eur":"354.07","_smort_sale_price_nok":"","_smort_sale_price_dkk":"","_smort_sale_price_eur":"265.56","smort_restorder":"","shipmondo_restorder":"","_kad_blocks_custom_css":"","_kad_blocks_head_custom_js":"","_kad_blocks_body_custom_js":"","_kad_blocks_footer_custom_js":"","smort_custom_pricelist_1":"2492.8","smort_custom_pricelist_2":"2337","smort_custom_pricelist_3":"2220.15","smort_custom_pricelist_4":"3116","smort_custom_pricelist_5":"2337"},"anvandningsomrade":[],"bilmarken":[],"product_brand":[104],"product_cat":[2674,142],"product_tag":[],"class_list":{"0":"post-6901","1":"product","2":"type-product","3":"status-publish","4":"has-post-thumbnail","6":"product_brand-nbb","7":"product_cat-paket-extraljus","8":"product_cat-extraljus","10":"first","11":"onbackorder","12":"taxable","13":"shipping-taxable","14":"purchasable","15":"product-type-simple"},"bundled_by":[],"bundle_stock_status":"onbackorder","bundle_stock_quantity":-1832,"bundle_virtual":false,"bundle_layout":"","bundle_add_to_cart_form_location":"","bundle_editable_in_cart":false,"bundle_sold_individually_context":"","bundle_item_grouping":"","bundle_min_size":"","bundle_max_size":"","bundle_price":[],"bundled_items":[],"bundle_sell_ids":[],"acf":[],"yoast_head":"<!-- This site is optimized with the Yoast SEO plugin v27.0 - https:\/\/yoast.com\/product\/yoast-seo-wordpress\/ -->\n<title>2-PACK Extraljus NBB Alpha 225 Premium LED - Xenonkungen<\/title>\n<meta name=\"robots\" content=\"index, follow, max-snippet:-1, max-image-preview:large, max-video-preview:-1\" \/>\n<link rel=\"canonical\" href=\"https:\/\/xenonkungen.com\/de\/produkt\/2er-pack-zusatzliche-led-leuchten-nbb-alpha-225-premium\/\" \/>\n<meta property=\"og:locale\" content=\"de_DE\" \/>\n<meta property=\"og:type\" content=\"article\" \/>\n<meta property=\"og:title\" content=\"2-PACK Extraljus NBB Alpha 225 Premium LED - Xenonkungen\" \/>\n<meta property=\"og:description\" content=\"Komplett paket med 2st Extraljus NBB Alpha 225 med diameter 225mm med ett av marknadens absolut b\u00e4sta ljusbild. Nya modellen med LED positionsljus p\u00e5 \u00f6verkanten (valfri inkoppling). Popul\u00e4ra NBB 225 med LED ljusk\u00e4lla som \u00e4r mer ljusstark \u00e4n standard xenon 6000K. Det \u00e4r resultatet tack vare Luxtar Genesis LED Headlight med D2 lampsockel. NBB 225 [&hellip;]\" \/>\n<meta property=\"og:url\" content=\"https:\/\/xenonkungen.com\/de\/produkt\/2er-pack-zusatzliche-led-leuchten-nbb-alpha-225-premium\/\" \/>\n<meta property=\"og:site_name\" content=\"Xenonkungen\" \/>\n<meta property=\"article:modified_time\" content=\"2026-04-29T07:44:43+00:00\" \/>\n<meta property=\"og:image\" content=\"https:\/\/xenonkungen.com\/wp-content\/uploads\/2025\/04\/162405995-origpic-03e704.png\" \/>\n\t<meta property=\"og:image:width\" content=\"1000\" \/>\n\t<meta property=\"og:image:height\" content=\"987\" \/>\n\t<meta property=\"og:image:type\" content=\"image\/png\" \/>\n<meta name=\"twitter:card\" content=\"summary_large_image\" \/>\n<meta name=\"twitter:label1\" content=\"Gesch\u00e4tzte Lesezeit\" \/>\n\t<meta name=\"twitter:data1\" content=\"2\u00a0Minuten\" \/>\n<script type=\"application\/ld+json\" class=\"yoast-schema-graph\">{\"@context\":\"https:\/\/schema.org\",\"@graph\":[{\"@type\":\"WebPage\",\"@id\":\"https:\/\/xenonkungen.com\/produkt\/2-pack-extraljus-nbb-alpha-225-premium-led\/\",\"url\":\"https:\/\/xenonkungen.com\/produkt\/2-pack-extraljus-nbb-alpha-225-premium-led\/\",\"name\":\"2-PACK Extraljus NBB Alpha 225 Premium LED - Xenonkungen\",\"isPartOf\":{\"@id\":\"https:\/\/xenonkungen.com\/#website\"},\"primaryImageOfPage\":{\"@id\":\"https:\/\/xenonkungen.com\/produkt\/2-pack-extraljus-nbb-alpha-225-premium-led\/#primaryimage\"},\"image\":{\"@id\":\"https:\/\/xenonkungen.com\/produkt\/2-pack-extraljus-nbb-alpha-225-premium-led\/#primaryimage\"},\"thumbnailUrl\":\"https:\/\/xenonkungen.com\/wp-content\/uploads\/2025\/04\/162405995-origpic-03e704.png\",\"datePublished\":\"2025-04-15T09:50:21+00:00\",\"dateModified\":\"2026-04-29T07:44:43+00:00\",\"breadcrumb\":{\"@id\":\"https:\/\/xenonkungen.com\/produkt\/2-pack-extraljus-nbb-alpha-225-premium-led\/#breadcrumb\"},\"inLanguage\":\"de\",\"potentialAction\":[{\"@type\":\"ReadAction\",\"target\":[\"https:\/\/xenonkungen.com\/produkt\/2-pack-extraljus-nbb-alpha-225-premium-led\/\"]}]},{\"@type\":\"ImageObject\",\"inLanguage\":\"de\",\"@id\":\"https:\/\/xenonkungen.com\/produkt\/2-pack-extraljus-nbb-alpha-225-premium-led\/#primaryimage\",\"url\":\"https:\/\/xenonkungen.com\/wp-content\/uploads\/2025\/04\/162405995-origpic-03e704.png\",\"contentUrl\":\"https:\/\/xenonkungen.com\/wp-content\/uploads\/2025\/04\/162405995-origpic-03e704.png\",\"width\":1000,\"height\":987},{\"@type\":\"BreadcrumbList\",\"@id\":\"https:\/\/xenonkungen.com\/produkt\/2-pack-extraljus-nbb-alpha-225-premium-led\/#breadcrumb\",\"itemListElement\":[{\"@type\":\"ListItem\",\"position\":1,\"name\":\"Hem\",\"item\":\"https:\/\/xenonkungen.com\/\"},{\"@type\":\"ListItem\",\"position\":2,\"name\":\"Shop\",\"item\":\"https:\/\/xenonkungen.com\/shop\/\"},{\"@type\":\"ListItem\",\"position\":3,\"name\":\"2-PACK Extraljus NBB Alpha 225 Premium LED\"}]},{\"@type\":\"WebSite\",\"@id\":\"https:\/\/xenonkungen.com\/#website\",\"url\":\"https:\/\/xenonkungen.com\/\",\"name\":\"Xenonkungen\",\"description\":\"\",\"potentialAction\":[{\"@type\":\"SearchAction\",\"target\":{\"@type\":\"EntryPoint\",\"urlTemplate\":\"https:\/\/xenonkungen.com\/?s={search_term_string}\"},\"query-input\":{\"@type\":\"PropertyValueSpecification\",\"valueRequired\":true,\"valueName\":\"search_term_string\"}}],\"inLanguage\":\"de\"}]}<\/script>\n<!-- \/ Yoast SEO plugin. -->","yoast_head_json":{"title":"2er-Pack Zusatzscheinwerfer NBB Alpha 225 Premium LED - Xenonkungen","robots":{"index":"index","follow":"follow","max-snippet":"max-snippet:-1","max-image-preview":"max-image-preview:large","max-video-preview":"max-video-preview:-1"},"canonical":"https:\/\/xenonkungen.com\/de\/produkt\/2er-pack-zusatzliche-led-leuchten-nbb-alpha-225-premium\/","og_locale":"de_DE","og_type":"article","og_title":"2-PACK Extraljus NBB Alpha 225 Premium LED - Xenonkungen","og_description":"Komplett paket med 2st Extraljus NBB Alpha 225 med diameter 225mm med ett av marknadens absolut b\u00e4sta ljusbild. Nya modellen med LED positionsljus p\u00e5 \u00f6verkanten (valfri inkoppling). Popul\u00e4ra NBB 225 med LED ljusk\u00e4lla som \u00e4r mer ljusstark \u00e4n standard xenon 6000K. Det \u00e4r resultatet tack vare Luxtar Genesis LED Headlight med D2 lampsockel. NBB 225 [&hellip;]","og_url":"https:\/\/xenonkungen.com\/de\/produkt\/2er-pack-zusatzliche-led-leuchten-nbb-alpha-225-premium\/","og_site_name":"Xenonkungen","article_modified_time":"2026-04-29T07:44:43+00:00","og_image":[{"width":1000,"height":987,"url":"https:\/\/xenonkungen.com\/wp-content\/uploads\/2025\/04\/162405995-origpic-03e704.png","type":"image\/png"}],"twitter_card":"summary_large_image","twitter_misc":{"Gesch\u00e4tzte Lesezeit":"2\u00a0Minuten"},"schema":{"@context":"https:\/\/schema.org","@graph":[{"@type":"WebPage","@id":"https:\/\/xenonkungen.com\/produkt\/2-pack-extraljus-nbb-alpha-225-premium-led\/","url":"https:\/\/xenonkungen.com\/produkt\/2-pack-extraljus-nbb-alpha-225-premium-led\/","name":"2er-Pack Zusatzscheinwerfer NBB Alpha 225 Premium LED - Xenonkungen","isPartOf":{"@id":"https:\/\/xenonkungen.com\/#website"},"primaryImageOfPage":{"@id":"https:\/\/xenonkungen.com\/produkt\/2-pack-extraljus-nbb-alpha-225-premium-led\/#primaryimage"},"image":{"@id":"https:\/\/xenonkungen.com\/produkt\/2-pack-extraljus-nbb-alpha-225-premium-led\/#primaryimage"},"thumbnailUrl":"https:\/\/xenonkungen.com\/wp-content\/uploads\/2025\/04\/162405995-origpic-03e704.png","datePublished":"2025-04-15T09:50:21+00:00","dateModified":"2026-04-29T07:44:43+00:00","breadcrumb":{"@id":"https:\/\/xenonkungen.com\/produkt\/2-pack-extraljus-nbb-alpha-225-premium-led\/#breadcrumb"},"inLanguage":"de","potentialAction":[{"@type":"ReadAction","target":["https:\/\/xenonkungen.com\/produkt\/2-pack-extraljus-nbb-alpha-225-premium-led\/"]}]},{"@type":"ImageObject","inLanguage":"de","@id":"https:\/\/xenonkungen.com\/produkt\/2-pack-extraljus-nbb-alpha-225-premium-led\/#primaryimage","url":"https:\/\/xenonkungen.com\/wp-content\/uploads\/2025\/04\/162405995-origpic-03e704.png","contentUrl":"https:\/\/xenonkungen.com\/wp-content\/uploads\/2025\/04\/162405995-origpic-03e704.png","width":1000,"height":987},{"@type":"BreadcrumbList","@id":"https:\/\/xenonkungen.com\/produkt\/2-pack-extraljus-nbb-alpha-225-premium-led\/#breadcrumb","itemListElement":[{"@type":"ListItem","position":1,"name":"Hem","item":"https:\/\/xenonkungen.com\/"},{"@type":"ListItem","position":2,"name":"Shop","item":"https:\/\/xenonkungen.com\/shop\/"},{"@type":"ListItem","position":3,"name":"2-PACK Extraljus NBB Alpha 225 Premium LED"}]},{"@type":"WebSite","@id":"https:\/\/xenonkungen.com\/#website","url":"https:\/\/xenonkungen.com\/","name":"Xenonkungen","description":"","potentialAction":[{"@type":"SearchAction","target":{"@type":"EntryPoint","urlTemplate":"https:\/\/xenonkungen.com\/?s={search_term_string}"},"query-input":{"@type":"PropertyValueSpecification","valueRequired":true,"valueName":"search_term_string"}}],"inLanguage":"de"}]}},"taxonomy_info":{"product_brand":[{"value":104,"label":"NBB"}],"product_cat":[{"value":2674,"label":"Paket"},{"value":142,"label":"Extraljus"}]},"featured_image_src_large":["https:\/\/xenonkungen.com\/wp-content\/uploads\/2025\/04\/162405995-origpic-03e704.png",1000,987,false],"author_info":[],"comment_info":0,"_links":{"self":[{"href":"https:\/\/xenonkungen.com\/de\/wp-json\/wp\/v2\/product\/6901","targetHints":{"allow":["GET"]}}],"collection":[{"href":"https:\/\/xenonkungen.com\/de\/wp-json\/wp\/v2\/product"}],"about":[{"href":"https:\/\/xenonkungen.com\/de\/wp-json\/wp\/v2\/types\/product"}],"replies":[{"embeddable":true,"href":"https:\/\/xenonkungen.com\/de\/wp-json\/wp\/v2\/comments?post=6901"}],"wp:featuredmedia":[{"embeddable":true,"href":"https:\/\/xenonkungen.com\/de\/wp-json\/wp\/v2\/media\/6902"}],"wp:attachment":[{"href":"https:\/\/xenonkungen.com\/de\/wp-json\/wp\/v2\/media?parent=6901"}],"wp:term":[{"taxonomy":"anvandningsomrade","embeddable":true,"href":"https:\/\/xenonkungen.com\/de\/wp-json\/wp\/v2\/anvandningsomrade?post=6901"},{"taxonomy":"bilmarken","embeddable":true,"href":"https:\/\/xenonkungen.com\/de\/wp-json\/wp\/v2\/bilmarken?post=6901"},{"taxonomy":"product_brand","embeddable":true,"href":"https:\/\/xenonkungen.com\/de\/wp-json\/wp\/v2\/product_brand?post=6901"},{"taxonomy":"product_cat","embeddable":true,"href":"https:\/\/xenonkungen.com\/de\/wp-json\/wp\/v2\/product_cat?post=6901"},{"taxonomy":"product_tag","embeddable":true,"href":"https:\/\/xenonkungen.com\/de\/wp-json\/wp\/v2\/product_tag?post=6901"}],"curies":[{"name":"wp","href":"https:\/\/api.w.org\/{rel}","templated":true}]}}