{"id":6923,"date":"2025-04-15T09:50:21","date_gmt":"2025-04-15T09:50:21","guid":{"rendered":"https:\/\/xenonkungen.com\/product\/rally5-extraljus-nbb-alpha-225-premium-led\/"},"modified":"2026-04-01T14:19:50","modified_gmt":"2026-04-01T13:19:50","slug":"rally5-zusatzscheinwerfer-nbb-alpha-225-premium-led","status":"publish","type":"product","link":"https:\/\/xenonkungen.com\/de\/produkt\/rally5-zusatzscheinwerfer-nbb-alpha-225-premium-led\/","title":{"rendered":"RALLY5 Extra leicht NBB Alpha 225 Premium LED"},"content":{"rendered":"<p>Komplettpaket mit 5 Zusatzleuchten NBB Alpha 225 mit Durchmesser 225mm mit einem der absolut besten Lichtbilder auf dem Markt. Neues Modell mit LED-Positionslicht an der Oberkante (optionaler Anschluss).<\/p>\n<p>Beliebte NBB Alpha 225 mit LED-Lichtquelle, die heller ist als Standard-Xenon 6000K. Dies ist das Ergebnis des Luxtar Genesis LED-Scheinwerfers mit D2-Lampensockel.<\/p>\n<p>Die Lampe NBB Alpha 225 ist f\u00fcr die Lampensockel H1 (Halogen oder Xenon) und D2 (Xenon oder LED) ausgelegt.<\/p>\n<p>Das Paket wird mit 4 Fernscheinwerfern (Fahrscheinwerfer) und 1 Punktstrahler (Spotscheinwerfer) verkauft.<\/p>\n<p>in der FFSFF-Formation<\/p>\n<p>Der Vorteil von LED ist die sofortige volle Leistung und alles integriert bei geringem Gewicht. Au\u00dferdem als st\u00f6rungsfrei getestet in F\u00e4llen, wo Xenon-Licht dies verursachen kann.<\/p>\n<p>Diodenlampe: Luxtar Genesis D2<br \/>\nSpannung: 12\/24V DC<br \/>\nFarbtemperatur: 6000K<br \/>\nLichtstrom, tats\u00e4chlich: 3400\u00b1100 Lumen<br \/>\nLichtstrom des gesamten Pakets: 13600\u00b1500 Lumen<br \/>\nLampengeh\u00e4use: NBB 225 Alpha LED, beliebter Bestseller, der hohe Qualit\u00e4tsanforderungen erf\u00fcllt, mit E-Zeichen im Original-Halogen-Design. Vertikal montiert.<br \/>\n- Glasfaserverst\u00e4rkter Kunststoff<br \/>\n- Freiform-Reflektor aus Aluminium<br \/>\n- Klare Glaslinse aus Polycarbonat<br \/>\n- Lichtmuster Remote(driving)\/Pencil(Spot)<\/p>\n<p>Inhalt der Lieferung:<br \/>\n4St\u00fcck <a href=\"https:\/\/www.xenonkungen.com\/sok\/161041\" target=\"_blank\" rel=\"noopener\">Extra leicht NBB 225 LED F-F-S-F-F<\/a><br \/>\n5St\u00fcck <a href=\"https:\/\/www.xenonkungen.com\/se\/produkter\/helljus-halvljus\/led\/luxtar-genesis\/luxtarr-genesis-d2h-d2y-gen2.html\" target=\"_blank\" rel=\"noopener\">#20019 Luxtar Genesis D2 LED<\/a><br \/>\n1. <a href=\"https:\/\/www.xenonkungen.com\/se\/produkter\/xenon\/kablar-kontakter\/extraljus-relakablage.html\" target=\"_blank\" rel=\"noopener\">#103120 Relaiskabelsatz 2tlg. Zusatzleuchte 12V|9006<\/a><br \/>\n1. <a href=\"https:\/\/www.xenonkungen.com\/se\/produkter\/xenon\/kablar-kontakter\/extraljuskabel-3b-12v.html\" target=\"_blank\" rel=\"noopener\">#103107 Relaiskabelsatz 3tlg. Zusatzleuchte 12V|9006<\/a><br \/>\n5St\u00fcck <a href=\"https:\/\/www.xenonkungen.com\/se\/produkter\/installationsmaterial\/fasten-universal\/extraljus-stag-rund-svart.html\" target=\"_blank\" rel=\"noopener\">#161107 Extra leichter Anh\u00e4nger<\/a><br \/>\n1. <a href=\"https:\/\/www.xenonkungen.com\/se\/produkter\/installationsmaterial\/fasten-universal\/extraljusfaste-rallyfemma-5-225mm9.html\" target=\"_blank\" rel=\"noopener\">#161111 Zusatzleuchte Halterung Rallyfemma 5 - 225mm\/9\u2033<\/a><\/p>\n<p><strong>Achtung!<\/strong> Beachten Sie, dass das Kabel der Diodenlampe keinen entsprechenden Anschluss f\u00fcr das Relaiskabel hat.<\/p>\n<p>Das Paket wird unmontiert geliefert.<br \/>\nDie Zusatzleuchte ist in dieser Version nicht E-gepr\u00fcft.<\/p>\n<p>1 Jahr Garantie.<\/p>","protected":false},"excerpt":{"rendered":"<p>Extra leichtes Paket f\u00fcr alle, die nur das Allerbeste wollen!<\/p>","protected":false},"featured_media":6924,"comment_status":"closed","ping_status":"closed","template":"","meta":{"_acf_changed":false,"_smort_price_nok":"9608","_smort_price_dkk":"6104","_smort_price_eur":"817.69","_smort_sale_price_nok":"","_smort_sale_price_dkk":"","_smort_sale_price_eur":"613.27","smort_restorder":"","shipmondo_restorder":"","_kad_blocks_custom_css":"","_kad_blocks_head_custom_js":"","_kad_blocks_body_custom_js":"","_kad_blocks_footer_custom_js":"","smort_custom_pricelist_1":"5756.8","smort_custom_pricelist_2":"5397","smort_custom_pricelist_3":"5127.15","smort_custom_pricelist_4":"7196","smort_custom_pricelist_5":"5397"},"anvandningsomrade":[],"bilmarken":[],"product_brand":[104],"product_cat":[2544,2674,142,1859],"product_tag":[],"class_list":{"0":"post-6923","1":"product","2":"type-product","3":"status-publish","4":"has-post-thumbnail","6":"product_brand-nbb","7":"product_cat-nbb-xenon-led","8":"product_cat-paket-extraljus","9":"product_cat-extraljus","10":"product_cat-extraljuspaket","12":"first","13":"instock","14":"taxable","15":"shipping-taxable","16":"purchasable","17":"product-type-simple"},"bundled_by":[],"bundle_stock_status":"instock","bundle_stock_quantity":6,"bundle_virtual":false,"bundle_layout":"","bundle_add_to_cart_form_location":"","bundle_editable_in_cart":false,"bundle_sold_individually_context":"","bundle_item_grouping":"","bundle_min_size":"","bundle_max_size":"","bundle_price":[],"bundled_items":[],"bundle_sell_ids":[],"acf":[],"yoast_head":"<!-- This site is optimized with the Yoast SEO plugin v27.0 - https:\/\/yoast.com\/product\/yoast-seo-wordpress\/ -->\n<title>RALLY5 Extraljus NBB Alpha 225 Premium LED - Xenonkungen<\/title>\n<meta name=\"robots\" content=\"index, follow, max-snippet:-1, max-image-preview:large, max-video-preview:-1\" \/>\n<link rel=\"canonical\" href=\"https:\/\/xenonkungen.com\/de\/produkt\/rally5-zusatzscheinwerfer-nbb-alpha-225-premium-led\/\" \/>\n<meta property=\"og:locale\" content=\"de_DE\" \/>\n<meta property=\"og:type\" content=\"article\" \/>\n<meta property=\"og:title\" content=\"RALLY5 Extraljus NBB Alpha 225 Premium LED - Xenonkungen\" \/>\n<meta property=\"og:description\" content=\"Extraljuspaket f\u00f6r er som vill ha det mesta av det mesta!\" \/>\n<meta property=\"og:url\" content=\"https:\/\/xenonkungen.com\/de\/produkt\/rally5-zusatzscheinwerfer-nbb-alpha-225-premium-led\/\" \/>\n<meta property=\"og:site_name\" content=\"Xenonkungen\" \/>\n<meta property=\"article:modified_time\" content=\"2026-04-01T13:19:50+00:00\" \/>\n<meta property=\"og:image\" content=\"https:\/\/xenonkungen.com\/wp-content\/uploads\/2025\/04\/178755037-origpic-776938.png\" \/>\n\t<meta property=\"og:image:width\" content=\"1000\" \/>\n\t<meta property=\"og:image:height\" content=\"1000\" \/>\n\t<meta property=\"og:image:type\" content=\"image\/png\" \/>\n<meta name=\"twitter:card\" content=\"summary_large_image\" \/>\n<meta name=\"twitter:label1\" content=\"Gesch\u00e4tzte Lesezeit\" \/>\n\t<meta name=\"twitter:data1\" content=\"2\u00a0Minuten\" \/>\n<script type=\"application\/ld+json\" class=\"yoast-schema-graph\">{\"@context\":\"https:\/\/schema.org\",\"@graph\":[{\"@type\":\"WebPage\",\"@id\":\"https:\/\/xenonkungen.com\/produkt\/rally5-extraljus-nbb-alpha-225-premium-led\/\",\"url\":\"https:\/\/xenonkungen.com\/produkt\/rally5-extraljus-nbb-alpha-225-premium-led\/\",\"name\":\"RALLY5 Extraljus NBB Alpha 225 Premium LED - Xenonkungen\",\"isPartOf\":{\"@id\":\"https:\/\/xenonkungen.com\/#website\"},\"primaryImageOfPage\":{\"@id\":\"https:\/\/xenonkungen.com\/produkt\/rally5-extraljus-nbb-alpha-225-premium-led\/#primaryimage\"},\"image\":{\"@id\":\"https:\/\/xenonkungen.com\/produkt\/rally5-extraljus-nbb-alpha-225-premium-led\/#primaryimage\"},\"thumbnailUrl\":\"https:\/\/xenonkungen.com\/wp-content\/uploads\/2025\/04\/178755037-origpic-776938.png\",\"datePublished\":\"2025-04-15T09:50:21+00:00\",\"dateModified\":\"2026-04-01T13:19:50+00:00\",\"breadcrumb\":{\"@id\":\"https:\/\/xenonkungen.com\/produkt\/rally5-extraljus-nbb-alpha-225-premium-led\/#breadcrumb\"},\"inLanguage\":\"de\",\"potentialAction\":[{\"@type\":\"ReadAction\",\"target\":[\"https:\/\/xenonkungen.com\/produkt\/rally5-extraljus-nbb-alpha-225-premium-led\/\"]}]},{\"@type\":\"ImageObject\",\"inLanguage\":\"de\",\"@id\":\"https:\/\/xenonkungen.com\/produkt\/rally5-extraljus-nbb-alpha-225-premium-led\/#primaryimage\",\"url\":\"https:\/\/xenonkungen.com\/wp-content\/uploads\/2025\/04\/178755037-origpic-776938.png\",\"contentUrl\":\"https:\/\/xenonkungen.com\/wp-content\/uploads\/2025\/04\/178755037-origpic-776938.png\",\"width\":1000,\"height\":1000},{\"@type\":\"BreadcrumbList\",\"@id\":\"https:\/\/xenonkungen.com\/produkt\/rally5-extraljus-nbb-alpha-225-premium-led\/#breadcrumb\",\"itemListElement\":[{\"@type\":\"ListItem\",\"position\":1,\"name\":\"Hem\",\"item\":\"https:\/\/xenonkungen.com\/\"},{\"@type\":\"ListItem\",\"position\":2,\"name\":\"Shop\",\"item\":\"https:\/\/xenonkungen.com\/shop\/\"},{\"@type\":\"ListItem\",\"position\":3,\"name\":\"RALLY5 Extraljus NBB Alpha 225 Premium LED\"}]},{\"@type\":\"WebSite\",\"@id\":\"https:\/\/xenonkungen.com\/#website\",\"url\":\"https:\/\/xenonkungen.com\/\",\"name\":\"Xenonkungen\",\"description\":\"\",\"potentialAction\":[{\"@type\":\"SearchAction\",\"target\":{\"@type\":\"EntryPoint\",\"urlTemplate\":\"https:\/\/xenonkungen.com\/?s={search_term_string}\"},\"query-input\":{\"@type\":\"PropertyValueSpecification\",\"valueRequired\":true,\"valueName\":\"search_term_string\"}}],\"inLanguage\":\"de\"}]}<\/script>\n<!-- \/ Yoast SEO plugin. -->","yoast_head_json":{"title":"RALLY5 Zusatzscheinwerfer NBB Alpha 225 Premium LED - Xenonkungen","robots":{"index":"index","follow":"follow","max-snippet":"max-snippet:-1","max-image-preview":"max-image-preview:large","max-video-preview":"max-video-preview:-1"},"canonical":"https:\/\/xenonkungen.com\/de\/produkt\/rally5-zusatzscheinwerfer-nbb-alpha-225-premium-led\/","og_locale":"de_DE","og_type":"article","og_title":"RALLY5 Extraljus NBB Alpha 225 Premium LED - Xenonkungen","og_description":"Extraljuspaket f\u00f6r er som vill ha det mesta av det mesta!","og_url":"https:\/\/xenonkungen.com\/de\/produkt\/rally5-zusatzscheinwerfer-nbb-alpha-225-premium-led\/","og_site_name":"Xenonkungen","article_modified_time":"2026-04-01T13:19:50+00:00","og_image":[{"width":1000,"height":1000,"url":"https:\/\/xenonkungen.com\/wp-content\/uploads\/2025\/04\/178755037-origpic-776938.png","type":"image\/png"}],"twitter_card":"summary_large_image","twitter_misc":{"Gesch\u00e4tzte Lesezeit":"2\u00a0Minuten"},"schema":{"@context":"https:\/\/schema.org","@graph":[{"@type":"WebPage","@id":"https:\/\/xenonkungen.com\/produkt\/rally5-extraljus-nbb-alpha-225-premium-led\/","url":"https:\/\/xenonkungen.com\/produkt\/rally5-extraljus-nbb-alpha-225-premium-led\/","name":"RALLY5 Zusatzscheinwerfer NBB Alpha 225 Premium LED - Xenonkungen","isPartOf":{"@id":"https:\/\/xenonkungen.com\/#website"},"primaryImageOfPage":{"@id":"https:\/\/xenonkungen.com\/produkt\/rally5-extraljus-nbb-alpha-225-premium-led\/#primaryimage"},"image":{"@id":"https:\/\/xenonkungen.com\/produkt\/rally5-extraljus-nbb-alpha-225-premium-led\/#primaryimage"},"thumbnailUrl":"https:\/\/xenonkungen.com\/wp-content\/uploads\/2025\/04\/178755037-origpic-776938.png","datePublished":"2025-04-15T09:50:21+00:00","dateModified":"2026-04-01T13:19:50+00:00","breadcrumb":{"@id":"https:\/\/xenonkungen.com\/produkt\/rally5-extraljus-nbb-alpha-225-premium-led\/#breadcrumb"},"inLanguage":"de","potentialAction":[{"@type":"ReadAction","target":["https:\/\/xenonkungen.com\/produkt\/rally5-extraljus-nbb-alpha-225-premium-led\/"]}]},{"@type":"ImageObject","inLanguage":"de","@id":"https:\/\/xenonkungen.com\/produkt\/rally5-extraljus-nbb-alpha-225-premium-led\/#primaryimage","url":"https:\/\/xenonkungen.com\/wp-content\/uploads\/2025\/04\/178755037-origpic-776938.png","contentUrl":"https:\/\/xenonkungen.com\/wp-content\/uploads\/2025\/04\/178755037-origpic-776938.png","width":1000,"height":1000},{"@type":"BreadcrumbList","@id":"https:\/\/xenonkungen.com\/produkt\/rally5-extraljus-nbb-alpha-225-premium-led\/#breadcrumb","itemListElement":[{"@type":"ListItem","position":1,"name":"Hem","item":"https:\/\/xenonkungen.com\/"},{"@type":"ListItem","position":2,"name":"Shop","item":"https:\/\/xenonkungen.com\/shop\/"},{"@type":"ListItem","position":3,"name":"RALLY5 Extraljus NBB Alpha 225 Premium LED"}]},{"@type":"WebSite","@id":"https:\/\/xenonkungen.com\/#website","url":"https:\/\/xenonkungen.com\/","name":"Xenonkungen","description":"","potentialAction":[{"@type":"SearchAction","target":{"@type":"EntryPoint","urlTemplate":"https:\/\/xenonkungen.com\/?s={search_term_string}"},"query-input":{"@type":"PropertyValueSpecification","valueRequired":true,"valueName":"search_term_string"}}],"inLanguage":"de"}]}},"taxonomy_info":{"product_brand":[{"value":104,"label":"NBB"}],"product_cat":[{"value":2544,"label":"NBB Xenon\/LED"},{"value":2674,"label":"Paket"},{"value":142,"label":"Extraljus"},{"value":1859,"label":"Extraljuspaket"}]},"featured_image_src_large":["https:\/\/xenonkungen.com\/wp-content\/uploads\/2025\/04\/178755037-origpic-776938.png",1000,1000,false],"author_info":[],"comment_info":0,"_links":{"self":[{"href":"https:\/\/xenonkungen.com\/de\/wp-json\/wp\/v2\/product\/6923","targetHints":{"allow":["GET"]}}],"collection":[{"href":"https:\/\/xenonkungen.com\/de\/wp-json\/wp\/v2\/product"}],"about":[{"href":"https:\/\/xenonkungen.com\/de\/wp-json\/wp\/v2\/types\/product"}],"replies":[{"embeddable":true,"href":"https:\/\/xenonkungen.com\/de\/wp-json\/wp\/v2\/comments?post=6923"}],"wp:featuredmedia":[{"embeddable":true,"href":"https:\/\/xenonkungen.com\/de\/wp-json\/wp\/v2\/media\/6924"}],"wp:attachment":[{"href":"https:\/\/xenonkungen.com\/de\/wp-json\/wp\/v2\/media?parent=6923"}],"wp:term":[{"taxonomy":"anvandningsomrade","embeddable":true,"href":"https:\/\/xenonkungen.com\/de\/wp-json\/wp\/v2\/anvandningsomrade?post=6923"},{"taxonomy":"bilmarken","embeddable":true,"href":"https:\/\/xenonkungen.com\/de\/wp-json\/wp\/v2\/bilmarken?post=6923"},{"taxonomy":"product_brand","embeddable":true,"href":"https:\/\/xenonkungen.com\/de\/wp-json\/wp\/v2\/product_brand?post=6923"},{"taxonomy":"product_cat","embeddable":true,"href":"https:\/\/xenonkungen.com\/de\/wp-json\/wp\/v2\/product_cat?post=6923"},{"taxonomy":"product_tag","embeddable":true,"href":"https:\/\/xenonkungen.com\/de\/wp-json\/wp\/v2\/product_tag?post=6923"}],"curies":[{"name":"wp","href":"https:\/\/api.w.org\/{rel}","templated":true}]}}