{"id":6966,"date":"2025-04-15T09:51:09","date_gmt":"2025-04-15T09:51:09","guid":{"rendered":"https:\/\/xenonkungen.com\/product\/t-piece-marker-kabel-plug\/"},"modified":"2026-04-11T00:45:21","modified_gmt":"2026-04-10T23:45:21","slug":"t-stuck-markierungskabelstecker","status":"publish","type":"product","link":"https:\/\/xenonkungen.com\/de\/produkt\/t-stuck-markierungskabelstecker\/","title":{"rendered":"T St\u00fcck Markierungskabel Stecker"},"content":{"rendered":"<h1>Anschlusseinheit f\u00fcr den Anschluss der Markierungsleuchte an unser Kabelsystem<\/h1>\n<p>Diese Anschlusseinheit ist f\u00fcr den Anschluss von Begrenzungsleuchten an unser Kabelsystem vorgesehen. Der Stromanschluss erfolgt \u00fcber spezielle runde oder quadratische Anschl\u00fcsse f\u00fcr Masse und Plus, die eine korrekte und zuverl\u00e4ssige Verbindung gew\u00e4hrleisten.<\/p>\n<h2>Spezifikationen:<\/h2>\n<ul>\n<li>Anschluss: Markierungsleuchte an unser Kabelsystem.<\/li>\n<li>Stromanschluss: Separate Anschl\u00fcsse f\u00fcr Erde und Plus, entweder rund oder quadratisch.<\/li>\n<p><!-- Om du har fler specifikationer, l\u00e4gg till dem h\u00e4r --><\/ul>","protected":false},"excerpt":{"rendered":"<p>Kontaktenhet f\u00f6r anslutning av markeringslampa till v\u00e5rt kabelsystem Denna kontaktenhet \u00e4r avsedd f\u00f6r att ansluta markeringslampor till v\u00e5rt kabelsystem. Str\u00f6manslutningen sker genom dedikerade kontakter, antingen rund eller kvadratisk, f\u00f6r jord och plus, vilket s\u00e4kerst\u00e4ller en korrekt och p\u00e5litlig anslutning. Specifikationer: Anslutning: Markeringslampa till v\u00e5rt kabelsystem. Str\u00f6manslutning: Dedikerade kontakter f\u00f6r jord och plus, antingen rund eller [&hellip;]<\/p>","protected":false},"featured_media":6967,"comment_status":"closed","ping_status":"open","template":"","meta":{"_acf_changed":false,"_smort_price_nok":"21","_smort_price_dkk":"14","_smort_price_eur":"1.82","_smort_sale_price_nok":"","_smort_sale_price_dkk":"","_smort_sale_price_eur":"","smort_restorder":"","shipmondo_restorder":"","_kad_blocks_custom_css":"","_kad_blocks_head_custom_js":"","_kad_blocks_body_custom_js":"","_kad_blocks_footer_custom_js":"","smort_custom_pricelist_1":"23.04","smort_custom_pricelist_2":"20.16","smort_custom_pricelist_3":"18.72","smort_custom_pricelist_4":"28.8","smort_custom_pricelist_5":"20.16"},"anvandningsomrade":[166,238,2816],"bilmarken":[],"product_brand":[1252],"product_cat":[2590],"product_tag":[],"class_list":{"0":"post-6966","1":"product","2":"type-product","3":"status-publish","4":"has-post-thumbnail","6":"anvandningsomrade-lastbil","7":"anvandningsomrade-slap","8":"anvandningsomrade-trailer","9":"product_brand-lea","10":"product_cat-kontakter-slap","12":"first","13":"instock","14":"taxable","15":"shipping-taxable","16":"purchasable","17":"product-type-simple"},"bundled_by":["9690","9697","9704"],"bundle_stock_status":"instock","bundle_stock_quantity":12,"bundle_virtual":false,"bundle_layout":"","bundle_add_to_cart_form_location":"","bundle_editable_in_cart":false,"bundle_sold_individually_context":"","bundle_item_grouping":"","bundle_min_size":"","bundle_max_size":"","bundle_price":[],"bundled_items":[],"bundle_sell_ids":[],"acf":[],"yoast_head":"<!-- This site is optimized with the Yoast SEO plugin v27.0 - https:\/\/yoast.com\/product\/yoast-seo-wordpress\/ -->\n<title>T Piece Marker Kabel-Plug - Xenonkungen<\/title>\n<meta name=\"robots\" content=\"index, follow, max-snippet:-1, max-image-preview:large, max-video-preview:-1\" \/>\n<link rel=\"canonical\" href=\"https:\/\/xenonkungen.com\/de\/produkt\/t-stuck-markierungskabelstecker\/\" \/>\n<meta property=\"og:locale\" content=\"de_DE\" \/>\n<meta property=\"og:type\" content=\"article\" \/>\n<meta property=\"og:title\" content=\"T Piece Marker Kabel-Plug - Xenonkungen\" \/>\n<meta property=\"og:description\" content=\"Kontaktenhet f\u00f6r anslutning av markeringslampa till v\u00e5rt kabelsystem Denna kontaktenhet \u00e4r avsedd f\u00f6r att ansluta markeringslampor till v\u00e5rt kabelsystem. Str\u00f6manslutningen sker genom dedikerade kontakter, antingen rund eller kvadratisk, f\u00f6r jord och plus, vilket s\u00e4kerst\u00e4ller en korrekt och p\u00e5litlig anslutning. Specifikationer: Anslutning: Markeringslampa till v\u00e5rt kabelsystem. Str\u00f6manslutning: Dedikerade kontakter f\u00f6r jord och plus, antingen rund eller [&hellip;]\" \/>\n<meta property=\"og:url\" content=\"https:\/\/xenonkungen.com\/de\/produkt\/t-stuck-markierungskabelstecker\/\" \/>\n<meta property=\"og:site_name\" content=\"Xenonkungen\" \/>\n<meta property=\"article:modified_time\" content=\"2026-04-10T23:45:21+00:00\" \/>\n<meta property=\"og:image\" content=\"https:\/\/xenonkungen.com\/wp-content\/uploads\/2025\/04\/2PTP-800x800-1.jpg\" \/>\n\t<meta property=\"og:image:width\" content=\"800\" \/>\n\t<meta property=\"og:image:height\" content=\"800\" \/>\n\t<meta property=\"og:image:type\" content=\"image\/jpeg\" \/>\n<meta name=\"twitter:card\" content=\"summary_large_image\" \/>\n<script type=\"application\/ld+json\" class=\"yoast-schema-graph\">{\"@context\":\"https:\/\/schema.org\",\"@graph\":[{\"@type\":\"WebPage\",\"@id\":\"https:\/\/xenonkungen.com\/produkt\/t-piece-marker-kabel-plug\/\",\"url\":\"https:\/\/xenonkungen.com\/produkt\/t-piece-marker-kabel-plug\/\",\"name\":\"T Piece Marker Kabel-Plug - Xenonkungen\",\"isPartOf\":{\"@id\":\"https:\/\/xenonkungen.com\/#website\"},\"primaryImageOfPage\":{\"@id\":\"https:\/\/xenonkungen.com\/produkt\/t-piece-marker-kabel-plug\/#primaryimage\"},\"image\":{\"@id\":\"https:\/\/xenonkungen.com\/produkt\/t-piece-marker-kabel-plug\/#primaryimage\"},\"thumbnailUrl\":\"https:\/\/xenonkungen.com\/wp-content\/uploads\/2025\/04\/2PTP-800x800-1.jpg\",\"datePublished\":\"2025-04-15T09:51:09+00:00\",\"dateModified\":\"2026-04-10T23:45:21+00:00\",\"breadcrumb\":{\"@id\":\"https:\/\/xenonkungen.com\/produkt\/t-piece-marker-kabel-plug\/#breadcrumb\"},\"inLanguage\":\"de\",\"potentialAction\":[{\"@type\":\"ReadAction\",\"target\":[\"https:\/\/xenonkungen.com\/produkt\/t-piece-marker-kabel-plug\/\"]}]},{\"@type\":\"ImageObject\",\"inLanguage\":\"de\",\"@id\":\"https:\/\/xenonkungen.com\/produkt\/t-piece-marker-kabel-plug\/#primaryimage\",\"url\":\"https:\/\/xenonkungen.com\/wp-content\/uploads\/2025\/04\/2PTP-800x800-1.jpg\",\"contentUrl\":\"https:\/\/xenonkungen.com\/wp-content\/uploads\/2025\/04\/2PTP-800x800-1.jpg\",\"width\":800,\"height\":800},{\"@type\":\"BreadcrumbList\",\"@id\":\"https:\/\/xenonkungen.com\/produkt\/t-piece-marker-kabel-plug\/#breadcrumb\",\"itemListElement\":[{\"@type\":\"ListItem\",\"position\":1,\"name\":\"Hem\",\"item\":\"https:\/\/xenonkungen.com\/\"},{\"@type\":\"ListItem\",\"position\":2,\"name\":\"Shop\",\"item\":\"https:\/\/xenonkungen.com\/shop\/\"},{\"@type\":\"ListItem\",\"position\":3,\"name\":\"T Piece Marker Kabel-Plug\"}]},{\"@type\":\"WebSite\",\"@id\":\"https:\/\/xenonkungen.com\/#website\",\"url\":\"https:\/\/xenonkungen.com\/\",\"name\":\"Xenonkungen\",\"description\":\"\",\"potentialAction\":[{\"@type\":\"SearchAction\",\"target\":{\"@type\":\"EntryPoint\",\"urlTemplate\":\"https:\/\/xenonkungen.com\/?s={search_term_string}\"},\"query-input\":{\"@type\":\"PropertyValueSpecification\",\"valueRequired\":true,\"valueName\":\"search_term_string\"}}],\"inLanguage\":\"de\"}]}<\/script>\n<!-- \/ Yoast SEO plugin. -->","yoast_head_json":{"title":"T-St\u00fcck-Markierungskabelstecker \u2013 Der Xenon-K\u00f6nig","robots":{"index":"index","follow":"follow","max-snippet":"max-snippet:-1","max-image-preview":"max-image-preview:large","max-video-preview":"max-video-preview:-1"},"canonical":"https:\/\/xenonkungen.com\/de\/produkt\/t-stuck-markierungskabelstecker\/","og_locale":"de_DE","og_type":"article","og_title":"T Piece Marker Kabel-Plug - Xenonkungen","og_description":"Kontaktenhet f\u00f6r anslutning av markeringslampa till v\u00e5rt kabelsystem Denna kontaktenhet \u00e4r avsedd f\u00f6r att ansluta markeringslampor till v\u00e5rt kabelsystem. Str\u00f6manslutningen sker genom dedikerade kontakter, antingen rund eller kvadratisk, f\u00f6r jord och plus, vilket s\u00e4kerst\u00e4ller en korrekt och p\u00e5litlig anslutning. Specifikationer: Anslutning: Markeringslampa till v\u00e5rt kabelsystem. Str\u00f6manslutning: Dedikerade kontakter f\u00f6r jord och plus, antingen rund eller [&hellip;]","og_url":"https:\/\/xenonkungen.com\/de\/produkt\/t-stuck-markierungskabelstecker\/","og_site_name":"Xenonkungen","article_modified_time":"2026-04-10T23:45:21+00:00","og_image":[{"width":800,"height":800,"url":"https:\/\/xenonkungen.com\/wp-content\/uploads\/2025\/04\/2PTP-800x800-1.jpg","type":"image\/jpeg"}],"twitter_card":"summary_large_image","schema":{"@context":"https:\/\/schema.org","@graph":[{"@type":"WebPage","@id":"https:\/\/xenonkungen.com\/produkt\/t-piece-marker-kabel-plug\/","url":"https:\/\/xenonkungen.com\/produkt\/t-piece-marker-kabel-plug\/","name":"T-St\u00fcck-Markierungskabelstecker \u2013 Der Xenon-K\u00f6nig","isPartOf":{"@id":"https:\/\/xenonkungen.com\/#website"},"primaryImageOfPage":{"@id":"https:\/\/xenonkungen.com\/produkt\/t-piece-marker-kabel-plug\/#primaryimage"},"image":{"@id":"https:\/\/xenonkungen.com\/produkt\/t-piece-marker-kabel-plug\/#primaryimage"},"thumbnailUrl":"https:\/\/xenonkungen.com\/wp-content\/uploads\/2025\/04\/2PTP-800x800-1.jpg","datePublished":"2025-04-15T09:51:09+00:00","dateModified":"2026-04-10T23:45:21+00:00","breadcrumb":{"@id":"https:\/\/xenonkungen.com\/produkt\/t-piece-marker-kabel-plug\/#breadcrumb"},"inLanguage":"de","potentialAction":[{"@type":"ReadAction","target":["https:\/\/xenonkungen.com\/produkt\/t-piece-marker-kabel-plug\/"]}]},{"@type":"ImageObject","inLanguage":"de","@id":"https:\/\/xenonkungen.com\/produkt\/t-piece-marker-kabel-plug\/#primaryimage","url":"https:\/\/xenonkungen.com\/wp-content\/uploads\/2025\/04\/2PTP-800x800-1.jpg","contentUrl":"https:\/\/xenonkungen.com\/wp-content\/uploads\/2025\/04\/2PTP-800x800-1.jpg","width":800,"height":800},{"@type":"BreadcrumbList","@id":"https:\/\/xenonkungen.com\/produkt\/t-piece-marker-kabel-plug\/#breadcrumb","itemListElement":[{"@type":"ListItem","position":1,"name":"Hem","item":"https:\/\/xenonkungen.com\/"},{"@type":"ListItem","position":2,"name":"Shop","item":"https:\/\/xenonkungen.com\/shop\/"},{"@type":"ListItem","position":3,"name":"T Piece Marker Kabel-Plug"}]},{"@type":"WebSite","@id":"https:\/\/xenonkungen.com\/#website","url":"https:\/\/xenonkungen.com\/","name":"Xenonkungen","description":"","potentialAction":[{"@type":"SearchAction","target":{"@type":"EntryPoint","urlTemplate":"https:\/\/xenonkungen.com\/?s={search_term_string}"},"query-input":{"@type":"PropertyValueSpecification","valueRequired":true,"valueName":"search_term_string"}}],"inLanguage":"de"}]}},"taxonomy_info":{"anvandningsomrade":[{"value":166,"label":"Lastbil"},{"value":238,"label":"SL\u00c4P"},{"value":2816,"label":"TRAILER"}],"product_brand":[{"value":1252,"label":"LEA"}],"product_cat":[{"value":2590,"label":"Kontakter"}]},"featured_image_src_large":["https:\/\/xenonkungen.com\/wp-content\/uploads\/2025\/04\/2PTP-800x800-1.jpg",800,800,false],"author_info":[],"comment_info":0,"_links":{"self":[{"href":"https:\/\/xenonkungen.com\/de\/wp-json\/wp\/v2\/product\/6966","targetHints":{"allow":["GET"]}}],"collection":[{"href":"https:\/\/xenonkungen.com\/de\/wp-json\/wp\/v2\/product"}],"about":[{"href":"https:\/\/xenonkungen.com\/de\/wp-json\/wp\/v2\/types\/product"}],"replies":[{"embeddable":true,"href":"https:\/\/xenonkungen.com\/de\/wp-json\/wp\/v2\/comments?post=6966"}],"wp:featuredmedia":[{"embeddable":true,"href":"https:\/\/xenonkungen.com\/de\/wp-json\/wp\/v2\/media\/6967"}],"wp:attachment":[{"href":"https:\/\/xenonkungen.com\/de\/wp-json\/wp\/v2\/media?parent=6966"}],"wp:term":[{"taxonomy":"anvandningsomrade","embeddable":true,"href":"https:\/\/xenonkungen.com\/de\/wp-json\/wp\/v2\/anvandningsomrade?post=6966"},{"taxonomy":"bilmarken","embeddable":true,"href":"https:\/\/xenonkungen.com\/de\/wp-json\/wp\/v2\/bilmarken?post=6966"},{"taxonomy":"product_brand","embeddable":true,"href":"https:\/\/xenonkungen.com\/de\/wp-json\/wp\/v2\/product_brand?post=6966"},{"taxonomy":"product_cat","embeddable":true,"href":"https:\/\/xenonkungen.com\/de\/wp-json\/wp\/v2\/product_cat?post=6966"},{"taxonomy":"product_tag","embeddable":true,"href":"https:\/\/xenonkungen.com\/de\/wp-json\/wp\/v2\/product_tag?post=6966"}],"curies":[{"name":"wp","href":"https:\/\/api.w.org\/{rel}","templated":true}]}}