{"id":7022,"date":"2025-04-15T09:51:47","date_gmt":"2025-04-15T09:51:47","guid":{"rendered":"https:\/\/xenonkungen.com\/product\/frontmarkering-4led-vit-chrome\/"},"modified":"2026-04-11T00:45:58","modified_gmt":"2026-04-10T23:45:58","slug":"frontmarkierung-4-led-weis-verchromt","status":"publish","type":"product","link":"https:\/\/xenonkungen.com\/de\/produkt\/frontmarkierung-4-led-weis-verchromt\/","title":{"rendered":"Frontmarkierung 4LED Wei\u00df Chrom"},"content":{"rendered":"<h1>Moderne verchromte LED-Frontmarkierungsleuchte mit 4 LEDs<\/h1>\n<p>Diese hochwertige LED-Frontmarkierungsleuchte mit elegantem Chromrahmen wurde speziell f\u00fcr die helle und klare Ausleuchtung mit vier LEDs entwickelt. Sie eignet sich ideal f\u00fcr die Innen- und Au\u00dfenmontage an allen Fahrzeugtypen und leuchtet die Stra\u00dfe mit einem markanten, attraktiven wei\u00dfen Licht aus. Dank ihrer auslaufsicheren Elektronik bietet sie eine zuverl\u00e4ssige und langlebige Beleuchtungsl\u00f6sung unter allen Bedingungen.<\/p>\n<h2>Spezifikationen<\/h2>\n<ul>\n<li>Lichtquelle: 4 Hochleistungs-LEDs<\/li>\n<li>Material: Verchromter Rahmen, auslaufsichere Elektronik<\/li>\n<li>Farbe: Wei\u00df<\/li>\n<li>Lichtverteilung: Optimiert f\u00fcr maximale Sichtbarkeit<\/li>\n<li>Schutzart IP67: Hohe Best\u00e4ndigkeit gegen St\u00f6\u00dfe und Vibrationen sowie vollst\u00e4ndige Wasserdichtigkeit<\/li>\n<li>Sicherheitsmerkmale: Kurzschlussschutz<\/li>\n<\/ul>\n<h2>Merkmale und Vorteile<\/h2>\n<p>Diese moderne LED-Frontmarkierungsleuchte in Chrom vereint modernste Beleuchtungstechnik mit einem eleganten Design und verbessert so nicht nur die Sichtbarkeit, sondern auch die Gesamtoptik des Fahrzeugs. Dank flexibler Montagem\u00f6glichkeiten und robuster Bauweise eignet sie sich ideal f\u00fcr eine Vielzahl von Fahrzeugen, von Pkw und Nutzfahrzeugen bis hin zu Wohnmobilen.<\/p>\n<ul>\n<li>Vier leistungsstarke LEDs f\u00fcr au\u00dfergew\u00f6hnliche Helligkeit und Effizienz<\/li>\n<li>Stilvolle Chromleisten, die der Fahrzeug\u00e4sthetik eine luxuri\u00f6se Note verleihen.<\/li>\n<li>Auslaufsichere Elektronik gew\u00e4hrleistet dauerhafte Leistung auch unter rauen Bedingungen.<\/li>\n<li>Einfache Installation dank des robusten und flexiblen Designs<\/li>\n<li>Ideal f\u00fcr mehr Sicherheit und bessere Sichtbarkeit im Stra\u00dfenverkehr<\/li>\n<\/ul>","protected":false},"excerpt":{"rendered":"<p>Modernt Kromad LED Frontmarkeringslampa med 4 LED Denna h\u00f6gkvalitativa LED frontmarkeringslampa, framh\u00e4vd med en elegant kromsarg, \u00e4r skr\u00e4ddarsydd f\u00f6r att ge ett starkt och klart ljus fr\u00e5n fyra LED-lampor. Perfekt f\u00f6r montage b\u00e5de p\u00e5 interi\u00f6r och exteri\u00f6r del av alla typer av fordon, denna lampa \u00e4r utformad f\u00f6r att belysa v\u00e4gen framf\u00f6r med ett distinkt [&hellip;]<\/p>","protected":false},"featured_media":7023,"comment_status":"closed","ping_status":"open","template":"","meta":{"_acf_changed":false,"_smort_price_nok":"320","_smort_price_dkk":"204","_smort_price_eur":"27.27","_smort_sale_price_nok":"","_smort_sale_price_dkk":"","_smort_sale_price_eur":"","smort_restorder":"","shipmondo_restorder":"","_kad_blocks_custom_css":"","_kad_blocks_head_custom_js":"","_kad_blocks_body_custom_js":"","_kad_blocks_footer_custom_js":"","smort_custom_pricelist_1":"168","smort_custom_pricelist_2":"168","smort_custom_pricelist_3":"159.6","smort_custom_pricelist_4":"240","smort_custom_pricelist_5":"168"},"anvandningsomrade":[166,238,2816],"bilmarken":[],"product_brand":[1252],"product_cat":[2810,2478],"product_tag":[],"class_list":{"0":"post-7022","1":"product","2":"type-product","3":"status-publish","4":"has-post-thumbnail","6":"anvandningsomrade-lastbil","7":"anvandningsomrade-slap","8":"anvandningsomrade-trailer","9":"product_brand-lea","10":"product_cat-front","11":"product_cat-positionsljus-slap","12":"pa_fuktskydd-varde-ipxx-ip67","13":"pa_godkannande-ece-r10","14":"pa_storlek-mm-58x35x19","15":"pa_stromforbrukning-004a-28v","16":"pa_stromforbrukning-005a-138v","17":"pa_volt-v-12-24","19":"first","20":"onbackorder","21":"taxable","22":"shipping-taxable","23":"purchasable","24":"product-type-simple"},"bundled_by":[],"bundle_stock_status":"onbackorder","bundle_stock_quantity":0,"bundle_virtual":false,"bundle_layout":"","bundle_add_to_cart_form_location":"","bundle_editable_in_cart":false,"bundle_sold_individually_context":"","bundle_item_grouping":"","bundle_min_size":"","bundle_max_size":"","bundle_price":[],"bundled_items":[],"bundle_sell_ids":[],"acf":[],"yoast_head":"<!-- This site is optimized with the Yoast SEO plugin v27.0 - https:\/\/yoast.com\/product\/yoast-seo-wordpress\/ -->\n<title>Frontmarkering 4LED Vit Chrome - Xenonkungen<\/title>\n<meta name=\"robots\" content=\"index, follow, max-snippet:-1, max-image-preview:large, max-video-preview:-1\" \/>\n<link rel=\"canonical\" href=\"https:\/\/xenonkungen.com\/de\/produkt\/frontmarkierung-4-led-weis-verchromt\/\" \/>\n<meta property=\"og:locale\" content=\"de_DE\" \/>\n<meta property=\"og:type\" content=\"article\" \/>\n<meta property=\"og:title\" content=\"Frontmarkering 4LED Vit Chrome - Xenonkungen\" \/>\n<meta property=\"og:description\" content=\"Modernt Kromad LED Frontmarkeringslampa med 4 LED Denna h\u00f6gkvalitativa LED frontmarkeringslampa, framh\u00e4vd med en elegant kromsarg, \u00e4r skr\u00e4ddarsydd f\u00f6r att ge ett starkt och klart ljus fr\u00e5n fyra LED-lampor. Perfekt f\u00f6r montage b\u00e5de p\u00e5 interi\u00f6r och exteri\u00f6r del av alla typer av fordon, denna lampa \u00e4r utformad f\u00f6r att belysa v\u00e4gen framf\u00f6r med ett distinkt [&hellip;]\" \/>\n<meta property=\"og:url\" content=\"https:\/\/xenonkungen.com\/de\/produkt\/frontmarkierung-4-led-weis-verchromt\/\" \/>\n<meta property=\"og:site_name\" content=\"Xenonkungen\" \/>\n<meta property=\"article:modified_time\" content=\"2026-04-10T23:45:58+00:00\" \/>\n<meta property=\"og:image\" content=\"https:\/\/xenonkungen.com\/wp-content\/uploads\/2025\/04\/7324310-origpic-8693fd.jpg\" \/>\n\t<meta property=\"og:image:width\" content=\"600\" \/>\n\t<meta property=\"og:image:height\" content=\"600\" \/>\n\t<meta property=\"og:image:type\" content=\"image\/jpeg\" \/>\n<meta name=\"twitter:card\" content=\"summary_large_image\" \/>\n<meta name=\"twitter:label1\" content=\"Gesch\u00e4tzte Lesezeit\" \/>\n\t<meta name=\"twitter:data1\" content=\"1\u00a0Minute\" \/>\n<script type=\"application\/ld+json\" class=\"yoast-schema-graph\">{\"@context\":\"https:\/\/schema.org\",\"@graph\":[{\"@type\":\"WebPage\",\"@id\":\"https:\/\/xenonkungen.com\/fi\/tuote\/etumerkinta-4-ledia-valkoinen-kromi\/\",\"url\":\"https:\/\/xenonkungen.com\/fi\/tuote\/etumerkinta-4-ledia-valkoinen-kromi\/\",\"name\":\"Frontmarkering 4LED Vit Chrome - Xenonkungen\",\"isPartOf\":{\"@id\":\"https:\/\/xenonkungen.com\/#website\"},\"primaryImageOfPage\":{\"@id\":\"https:\/\/xenonkungen.com\/fi\/tuote\/etumerkinta-4-ledia-valkoinen-kromi\/#primaryimage\"},\"image\":{\"@id\":\"https:\/\/xenonkungen.com\/fi\/tuote\/etumerkinta-4-ledia-valkoinen-kromi\/#primaryimage\"},\"thumbnailUrl\":\"https:\/\/xenonkungen.com\/wp-content\/uploads\/2025\/04\/7324310-origpic-8693fd.jpg\",\"datePublished\":\"2025-04-15T09:51:47+00:00\",\"dateModified\":\"2026-04-10T23:45:58+00:00\",\"breadcrumb\":{\"@id\":\"https:\/\/xenonkungen.com\/fi\/tuote\/etumerkinta-4-ledia-valkoinen-kromi\/#breadcrumb\"},\"inLanguage\":\"de\",\"potentialAction\":[{\"@type\":\"ReadAction\",\"target\":[\"https:\/\/xenonkungen.com\/fi\/tuote\/etumerkinta-4-ledia-valkoinen-kromi\/\"]}]},{\"@type\":\"ImageObject\",\"inLanguage\":\"de\",\"@id\":\"https:\/\/xenonkungen.com\/fi\/tuote\/etumerkinta-4-ledia-valkoinen-kromi\/#primaryimage\",\"url\":\"https:\/\/xenonkungen.com\/wp-content\/uploads\/2025\/04\/7324310-origpic-8693fd.jpg\",\"contentUrl\":\"https:\/\/xenonkungen.com\/wp-content\/uploads\/2025\/04\/7324310-origpic-8693fd.jpg\",\"width\":600,\"height\":600},{\"@type\":\"BreadcrumbList\",\"@id\":\"https:\/\/xenonkungen.com\/fi\/tuote\/etumerkinta-4-ledia-valkoinen-kromi\/#breadcrumb\",\"itemListElement\":[{\"@type\":\"ListItem\",\"position\":1,\"name\":\"Hem\",\"item\":\"https:\/\/xenonkungen.com\/\"},{\"@type\":\"ListItem\",\"position\":2,\"name\":\"Shop\",\"item\":\"https:\/\/xenonkungen.com\/shop\/\"},{\"@type\":\"ListItem\",\"position\":3,\"name\":\"Frontmarkering 4LED Vit Chrome\"}]},{\"@type\":\"WebSite\",\"@id\":\"https:\/\/xenonkungen.com\/#website\",\"url\":\"https:\/\/xenonkungen.com\/\",\"name\":\"Xenonkungen\",\"description\":\"\",\"potentialAction\":[{\"@type\":\"SearchAction\",\"target\":{\"@type\":\"EntryPoint\",\"urlTemplate\":\"https:\/\/xenonkungen.com\/?s={search_term_string}\"},\"query-input\":{\"@type\":\"PropertyValueSpecification\",\"valueRequired\":true,\"valueName\":\"search_term_string\"}}],\"inLanguage\":\"de\"}]}<\/script>\n<!-- \/ Yoast SEO plugin. -->","yoast_head_json":{"title":"Frontmarkierungsleuchte 4 LED Wei\u00df Chrom \u2013 Der Xenon-K\u00f6nig","robots":{"index":"index","follow":"follow","max-snippet":"max-snippet:-1","max-image-preview":"max-image-preview:large","max-video-preview":"max-video-preview:-1"},"canonical":"https:\/\/xenonkungen.com\/de\/produkt\/frontmarkierung-4-led-weis-verchromt\/","og_locale":"de_DE","og_type":"article","og_title":"Frontmarkering 4LED Vit Chrome - Xenonkungen","og_description":"Modernt Kromad LED Frontmarkeringslampa med 4 LED Denna h\u00f6gkvalitativa LED frontmarkeringslampa, framh\u00e4vd med en elegant kromsarg, \u00e4r skr\u00e4ddarsydd f\u00f6r att ge ett starkt och klart ljus fr\u00e5n fyra LED-lampor. Perfekt f\u00f6r montage b\u00e5de p\u00e5 interi\u00f6r och exteri\u00f6r del av alla typer av fordon, denna lampa \u00e4r utformad f\u00f6r att belysa v\u00e4gen framf\u00f6r med ett distinkt [&hellip;]","og_url":"https:\/\/xenonkungen.com\/de\/produkt\/frontmarkierung-4-led-weis-verchromt\/","og_site_name":"Xenonkungen","article_modified_time":"2026-04-10T23:45:58+00:00","og_image":[{"width":600,"height":600,"url":"https:\/\/xenonkungen.com\/wp-content\/uploads\/2025\/04\/7324310-origpic-8693fd.jpg","type":"image\/jpeg"}],"twitter_card":"summary_large_image","twitter_misc":{"Gesch\u00e4tzte Lesezeit":"1\u00a0Minute"},"schema":{"@context":"https:\/\/schema.org","@graph":[{"@type":"WebPage","@id":"https:\/\/xenonkungen.com\/fi\/tuote\/etumerkinta-4-ledia-valkoinen-kromi\/","url":"https:\/\/xenonkungen.com\/fi\/tuote\/etumerkinta-4-ledia-valkoinen-kromi\/","name":"Frontmarkierungsleuchte 4 LED Wei\u00df Chrom \u2013 Der Xenon-K\u00f6nig","isPartOf":{"@id":"https:\/\/xenonkungen.com\/#website"},"primaryImageOfPage":{"@id":"https:\/\/xenonkungen.com\/fi\/tuote\/etumerkinta-4-ledia-valkoinen-kromi\/#primaryimage"},"image":{"@id":"https:\/\/xenonkungen.com\/fi\/tuote\/etumerkinta-4-ledia-valkoinen-kromi\/#primaryimage"},"thumbnailUrl":"https:\/\/xenonkungen.com\/wp-content\/uploads\/2025\/04\/7324310-origpic-8693fd.jpg","datePublished":"2025-04-15T09:51:47+00:00","dateModified":"2026-04-10T23:45:58+00:00","breadcrumb":{"@id":"https:\/\/xenonkungen.com\/fi\/tuote\/etumerkinta-4-ledia-valkoinen-kromi\/#breadcrumb"},"inLanguage":"de","potentialAction":[{"@type":"ReadAction","target":["https:\/\/xenonkungen.com\/fi\/tuote\/etumerkinta-4-ledia-valkoinen-kromi\/"]}]},{"@type":"ImageObject","inLanguage":"de","@id":"https:\/\/xenonkungen.com\/fi\/tuote\/etumerkinta-4-ledia-valkoinen-kromi\/#primaryimage","url":"https:\/\/xenonkungen.com\/wp-content\/uploads\/2025\/04\/7324310-origpic-8693fd.jpg","contentUrl":"https:\/\/xenonkungen.com\/wp-content\/uploads\/2025\/04\/7324310-origpic-8693fd.jpg","width":600,"height":600},{"@type":"BreadcrumbList","@id":"https:\/\/xenonkungen.com\/fi\/tuote\/etumerkinta-4-ledia-valkoinen-kromi\/#breadcrumb","itemListElement":[{"@type":"ListItem","position":1,"name":"Hem","item":"https:\/\/xenonkungen.com\/"},{"@type":"ListItem","position":2,"name":"Shop","item":"https:\/\/xenonkungen.com\/shop\/"},{"@type":"ListItem","position":3,"name":"Frontmarkering 4LED Vit Chrome"}]},{"@type":"WebSite","@id":"https:\/\/xenonkungen.com\/#website","url":"https:\/\/xenonkungen.com\/","name":"Xenonkungen","description":"","potentialAction":[{"@type":"SearchAction","target":{"@type":"EntryPoint","urlTemplate":"https:\/\/xenonkungen.com\/?s={search_term_string}"},"query-input":{"@type":"PropertyValueSpecification","valueRequired":true,"valueName":"search_term_string"}}],"inLanguage":"de"}]}},"taxonomy_info":{"anvandningsomrade":[{"value":166,"label":"Lastbil"},{"value":238,"label":"SL\u00c4P"},{"value":2816,"label":"TRAILER"}],"product_brand":[{"value":1252,"label":"LEA"}],"product_cat":[{"value":2810,"label":"Front"},{"value":2478,"label":"Positionsljus"}],"pa_fuktskydd-varde-ipxx":[{"value":333,"label":"IP67"}],"pa_godkannande":[{"value":966,"label":"ECE, R10"}],"pa_storlek-mm":[{"value":1868,"label":"58x35x19"}],"pa_stromforbrukning":[{"value":1872,"label":"0,04A @28V"},{"value":1877,"label":"0,05A @13,8V"}],"pa_volt-v":[{"value":348,"label":"12, 24"}]},"featured_image_src_large":["https:\/\/xenonkungen.com\/wp-content\/uploads\/2025\/04\/7324310-origpic-8693fd.jpg",600,600,false],"author_info":[],"comment_info":0,"_links":{"self":[{"href":"https:\/\/xenonkungen.com\/de\/wp-json\/wp\/v2\/product\/7022","targetHints":{"allow":["GET"]}}],"collection":[{"href":"https:\/\/xenonkungen.com\/de\/wp-json\/wp\/v2\/product"}],"about":[{"href":"https:\/\/xenonkungen.com\/de\/wp-json\/wp\/v2\/types\/product"}],"replies":[{"embeddable":true,"href":"https:\/\/xenonkungen.com\/de\/wp-json\/wp\/v2\/comments?post=7022"}],"wp:featuredmedia":[{"embeddable":true,"href":"https:\/\/xenonkungen.com\/de\/wp-json\/wp\/v2\/media\/7023"}],"wp:attachment":[{"href":"https:\/\/xenonkungen.com\/de\/wp-json\/wp\/v2\/media?parent=7022"}],"wp:term":[{"taxonomy":"anvandningsomrade","embeddable":true,"href":"https:\/\/xenonkungen.com\/de\/wp-json\/wp\/v2\/anvandningsomrade?post=7022"},{"taxonomy":"bilmarken","embeddable":true,"href":"https:\/\/xenonkungen.com\/de\/wp-json\/wp\/v2\/bilmarken?post=7022"},{"taxonomy":"product_brand","embeddable":true,"href":"https:\/\/xenonkungen.com\/de\/wp-json\/wp\/v2\/product_brand?post=7022"},{"taxonomy":"product_cat","embeddable":true,"href":"https:\/\/xenonkungen.com\/de\/wp-json\/wp\/v2\/product_cat?post=7022"},{"taxonomy":"product_tag","embeddable":true,"href":"https:\/\/xenonkungen.com\/de\/wp-json\/wp\/v2\/product_tag?post=7022"}],"curies":[{"name":"wp","href":"https:\/\/api.w.org\/{rel}","templated":true}]}}