{"id":7066,"date":"2025-04-15T09:52:04","date_gmt":"2025-04-15T09:52:04","guid":{"rendered":"https:\/\/xenonkungen.com\/product\/lampsarg-37rwmbkt\/"},"modified":"2026-04-11T00:46:32","modified_gmt":"2026-04-10T23:46:32","slug":"lampengestell-37rwmbkt","status":"publish","type":"product","link":"https:\/\/xenonkungen.com\/de\/produkt\/lampengestell-37rwmbkt\/","title":{"rendered":"Lampengestell 37RWMBKT"},"content":{"rendered":"<h1>Eleganter Lampenrahmen zur H\u00e4ngemontage<\/h1>\n<p>Diese speziell entwickelte Lampenfassung ist die ideale L\u00f6sung f\u00fcr alle, die eine stilvolle und funktionale Montagem\u00f6glichkeit f\u00fcr Seitenmarkierungsleuchten suchen. Sie ist mit den Modellen 37RWM und 37CRWM kompatibel und erm\u00f6glicht eine einfache und sichere Installation f\u00fcr die Pendelmontage.<\/p>\n<h2>Spezifikationen:<\/h2>\n<ul>\n<li><span class=\"highlight\">Kompatibilit\u00e4t:<\/span> Passt perfekt zu den seitlichen Markierungen 37RWM und 37CRWM.<\/li>\n<li><span class=\"highlight\">Montage:<\/span> Geeignet f\u00fcr die H\u00e4ngemontage.<\/li>\n<li><span class=\"highlight\">Material:<\/span> Hochwertige, langlebige Materialien.<\/li>\n<li><span class=\"highlight\">Entwurf:<\/span> Elegantes Design, das die \u00c4sthetik des Aufstellungsortes aufwertet.<\/li>\n<\/ul>\n<h2>Merkmale:<\/h2>\n<ul>\n<li>Garantien f\u00fcr eine reibungslose und sichere Installation.<\/li>\n<li>Flexibilit\u00e4t bei der Installation und einfacher Zugang f\u00fcr Wartungsarbeiten.<\/li>\n<li>Witterungs- und verschlei\u00dffest.<\/li>\n<li>Verbessert die \u00c4sthetik des Installationsortes.<\/li>\n<\/ul>","protected":false},"excerpt":{"rendered":"<p>Gummierter Lampenrahmen zur Aufh\u00e4ngung. Passend f\u00fcr LEA-37RWM\/37CRWM.<\/p>","protected":false},"featured_media":7067,"comment_status":"closed","ping_status":"open","template":"","meta":{"_acf_changed":false,"_smort_price_nok":"21","_smort_price_dkk":"14","_smort_price_eur":"1.82","_smort_sale_price_nok":"","_smort_sale_price_dkk":"","_smort_sale_price_eur":"","smort_restorder":"","shipmondo_restorder":"","_kad_blocks_custom_css":"","_kad_blocks_head_custom_js":"","_kad_blocks_body_custom_js":"","_kad_blocks_footer_custom_js":"","smort_custom_pricelist_1":"11.2","smort_custom_pricelist_2":"11.2","smort_custom_pricelist_3":"10.64","smort_custom_pricelist_4":"16","smort_custom_pricelist_5":"11.2"},"anvandningsomrade":[166,238,2816],"bilmarken":[],"product_brand":[1252],"product_cat":[2478],"product_tag":[],"class_list":{"0":"post-7066","1":"product","2":"type-product","3":"status-publish","4":"has-post-thumbnail","6":"anvandningsomrade-lastbil","7":"anvandningsomrade-slap","8":"anvandningsomrade-trailer","9":"product_brand-lea","10":"product_cat-positionsljus-slap","12":"first","13":"instock","14":"taxable","15":"shipping-taxable","16":"purchasable","17":"product-type-simple"},"bundled_by":[],"bundle_stock_status":"instock","bundle_stock_quantity":2,"bundle_virtual":false,"bundle_layout":"","bundle_add_to_cart_form_location":"","bundle_editable_in_cart":false,"bundle_sold_individually_context":"","bundle_item_grouping":"","bundle_min_size":"","bundle_max_size":"","bundle_price":[],"bundled_items":[],"bundle_sell_ids":[],"acf":[],"yoast_head":"<!-- This site is optimized with the Yoast SEO plugin v27.0 - https:\/\/yoast.com\/product\/yoast-seo-wordpress\/ -->\n<title>Lampsarg 37RWMBKT - Xenonkungen<\/title>\n<meta name=\"robots\" content=\"index, follow, max-snippet:-1, max-image-preview:large, max-video-preview:-1\" \/>\n<link rel=\"canonical\" href=\"https:\/\/xenonkungen.com\/de\/produkt\/lampengestell-37rwmbkt\/\" \/>\n<meta property=\"og:locale\" content=\"de_DE\" \/>\n<meta property=\"og:type\" content=\"article\" \/>\n<meta property=\"og:title\" content=\"Lampsarg 37RWMBKT - Xenonkungen\" \/>\n<meta property=\"og:description\" content=\"Lampsarg i gummi f\u00f6r h\u00e4ngande montage. Passar LEA-37RWM\/37CRWM.\" \/>\n<meta property=\"og:url\" content=\"https:\/\/xenonkungen.com\/de\/produkt\/lampengestell-37rwmbkt\/\" \/>\n<meta property=\"og:site_name\" content=\"Xenonkungen\" \/>\n<meta property=\"article:modified_time\" content=\"2026-04-10T23:46:32+00:00\" \/>\n<meta property=\"og:image\" content=\"https:\/\/xenonkungen.com\/wp-content\/uploads\/2025\/04\/38356133-origpic-50730b.jpg\" \/>\n\t<meta property=\"og:image:width\" content=\"800\" \/>\n\t<meta property=\"og:image:height\" content=\"800\" \/>\n\t<meta property=\"og:image:type\" content=\"image\/jpeg\" \/>\n<meta name=\"twitter:card\" content=\"summary_large_image\" \/>\n<meta name=\"twitter:label1\" content=\"Gesch\u00e4tzte Lesezeit\" \/>\n\t<meta name=\"twitter:data1\" content=\"1\u00a0Minute\" \/>\n<script type=\"application\/ld+json\" class=\"yoast-schema-graph\">{\"@context\":\"https:\/\/schema.org\",\"@graph\":[{\"@type\":\"WebPage\",\"@id\":\"https:\/\/xenonkungen.com\/produkt\/lampsarg-37rwmbkt\/\",\"url\":\"https:\/\/xenonkungen.com\/produkt\/lampsarg-37rwmbkt\/\",\"name\":\"Lampsarg 37RWMBKT - Xenonkungen\",\"isPartOf\":{\"@id\":\"https:\/\/xenonkungen.com\/#website\"},\"primaryImageOfPage\":{\"@id\":\"https:\/\/xenonkungen.com\/produkt\/lampsarg-37rwmbkt\/#primaryimage\"},\"image\":{\"@id\":\"https:\/\/xenonkungen.com\/produkt\/lampsarg-37rwmbkt\/#primaryimage\"},\"thumbnailUrl\":\"https:\/\/xenonkungen.com\/wp-content\/uploads\/2025\/04\/38356133-origpic-50730b.jpg\",\"datePublished\":\"2025-04-15T09:52:04+00:00\",\"dateModified\":\"2026-04-10T23:46:32+00:00\",\"breadcrumb\":{\"@id\":\"https:\/\/xenonkungen.com\/produkt\/lampsarg-37rwmbkt\/#breadcrumb\"},\"inLanguage\":\"de\",\"potentialAction\":[{\"@type\":\"ReadAction\",\"target\":[\"https:\/\/xenonkungen.com\/produkt\/lampsarg-37rwmbkt\/\"]}]},{\"@type\":\"ImageObject\",\"inLanguage\":\"de\",\"@id\":\"https:\/\/xenonkungen.com\/produkt\/lampsarg-37rwmbkt\/#primaryimage\",\"url\":\"https:\/\/xenonkungen.com\/wp-content\/uploads\/2025\/04\/38356133-origpic-50730b.jpg\",\"contentUrl\":\"https:\/\/xenonkungen.com\/wp-content\/uploads\/2025\/04\/38356133-origpic-50730b.jpg\",\"width\":800,\"height\":800},{\"@type\":\"BreadcrumbList\",\"@id\":\"https:\/\/xenonkungen.com\/produkt\/lampsarg-37rwmbkt\/#breadcrumb\",\"itemListElement\":[{\"@type\":\"ListItem\",\"position\":1,\"name\":\"Hem\",\"item\":\"https:\/\/xenonkungen.com\/\"},{\"@type\":\"ListItem\",\"position\":2,\"name\":\"Shop\",\"item\":\"https:\/\/xenonkungen.com\/shop\/\"},{\"@type\":\"ListItem\",\"position\":3,\"name\":\"Lampsarg 37RWMBKT\"}]},{\"@type\":\"WebSite\",\"@id\":\"https:\/\/xenonkungen.com\/#website\",\"url\":\"https:\/\/xenonkungen.com\/\",\"name\":\"Xenonkungen\",\"description\":\"\",\"potentialAction\":[{\"@type\":\"SearchAction\",\"target\":{\"@type\":\"EntryPoint\",\"urlTemplate\":\"https:\/\/xenonkungen.com\/?s={search_term_string}\"},\"query-input\":{\"@type\":\"PropertyValueSpecification\",\"valueRequired\":true,\"valueName\":\"search_term_string\"}}],\"inLanguage\":\"de\"}]}<\/script>\n<!-- \/ Yoast SEO plugin. -->","yoast_head_json":{"title":"Lampenfassung 37RWMBKT \u2013 Der Xenon-K\u00f6nig","robots":{"index":"index","follow":"follow","max-snippet":"max-snippet:-1","max-image-preview":"max-image-preview:large","max-video-preview":"max-video-preview:-1"},"canonical":"https:\/\/xenonkungen.com\/de\/produkt\/lampengestell-37rwmbkt\/","og_locale":"de_DE","og_type":"article","og_title":"Lampsarg 37RWMBKT - Xenonkungen","og_description":"Lampsarg i gummi f\u00f6r h\u00e4ngande montage. Passar LEA-37RWM\/37CRWM.","og_url":"https:\/\/xenonkungen.com\/de\/produkt\/lampengestell-37rwmbkt\/","og_site_name":"Xenonkungen","article_modified_time":"2026-04-10T23:46:32+00:00","og_image":[{"width":800,"height":800,"url":"https:\/\/xenonkungen.com\/wp-content\/uploads\/2025\/04\/38356133-origpic-50730b.jpg","type":"image\/jpeg"}],"twitter_card":"summary_large_image","twitter_misc":{"Gesch\u00e4tzte Lesezeit":"1\u00a0Minute"},"schema":{"@context":"https:\/\/schema.org","@graph":[{"@type":"WebPage","@id":"https:\/\/xenonkungen.com\/produkt\/lampsarg-37rwmbkt\/","url":"https:\/\/xenonkungen.com\/produkt\/lampsarg-37rwmbkt\/","name":"Lampenfassung 37RWMBKT \u2013 Der Xenon-K\u00f6nig","isPartOf":{"@id":"https:\/\/xenonkungen.com\/#website"},"primaryImageOfPage":{"@id":"https:\/\/xenonkungen.com\/produkt\/lampsarg-37rwmbkt\/#primaryimage"},"image":{"@id":"https:\/\/xenonkungen.com\/produkt\/lampsarg-37rwmbkt\/#primaryimage"},"thumbnailUrl":"https:\/\/xenonkungen.com\/wp-content\/uploads\/2025\/04\/38356133-origpic-50730b.jpg","datePublished":"2025-04-15T09:52:04+00:00","dateModified":"2026-04-10T23:46:32+00:00","breadcrumb":{"@id":"https:\/\/xenonkungen.com\/produkt\/lampsarg-37rwmbkt\/#breadcrumb"},"inLanguage":"de","potentialAction":[{"@type":"ReadAction","target":["https:\/\/xenonkungen.com\/produkt\/lampsarg-37rwmbkt\/"]}]},{"@type":"ImageObject","inLanguage":"de","@id":"https:\/\/xenonkungen.com\/produkt\/lampsarg-37rwmbkt\/#primaryimage","url":"https:\/\/xenonkungen.com\/wp-content\/uploads\/2025\/04\/38356133-origpic-50730b.jpg","contentUrl":"https:\/\/xenonkungen.com\/wp-content\/uploads\/2025\/04\/38356133-origpic-50730b.jpg","width":800,"height":800},{"@type":"BreadcrumbList","@id":"https:\/\/xenonkungen.com\/produkt\/lampsarg-37rwmbkt\/#breadcrumb","itemListElement":[{"@type":"ListItem","position":1,"name":"Hem","item":"https:\/\/xenonkungen.com\/"},{"@type":"ListItem","position":2,"name":"Shop","item":"https:\/\/xenonkungen.com\/shop\/"},{"@type":"ListItem","position":3,"name":"Lampsarg 37RWMBKT"}]},{"@type":"WebSite","@id":"https:\/\/xenonkungen.com\/#website","url":"https:\/\/xenonkungen.com\/","name":"Xenonkungen","description":"","potentialAction":[{"@type":"SearchAction","target":{"@type":"EntryPoint","urlTemplate":"https:\/\/xenonkungen.com\/?s={search_term_string}"},"query-input":{"@type":"PropertyValueSpecification","valueRequired":true,"valueName":"search_term_string"}}],"inLanguage":"de"}]}},"taxonomy_info":{"anvandningsomrade":[{"value":166,"label":"Lastbil"},{"value":238,"label":"SL\u00c4P"},{"value":2816,"label":"TRAILER"}],"product_brand":[{"value":1252,"label":"LEA"}],"product_cat":[{"value":2478,"label":"Positionsljus"}]},"featured_image_src_large":["https:\/\/xenonkungen.com\/wp-content\/uploads\/2025\/04\/38356133-origpic-50730b.jpg",800,800,false],"author_info":[],"comment_info":0,"_links":{"self":[{"href":"https:\/\/xenonkungen.com\/de\/wp-json\/wp\/v2\/product\/7066","targetHints":{"allow":["GET"]}}],"collection":[{"href":"https:\/\/xenonkungen.com\/de\/wp-json\/wp\/v2\/product"}],"about":[{"href":"https:\/\/xenonkungen.com\/de\/wp-json\/wp\/v2\/types\/product"}],"replies":[{"embeddable":true,"href":"https:\/\/xenonkungen.com\/de\/wp-json\/wp\/v2\/comments?post=7066"}],"wp:featuredmedia":[{"embeddable":true,"href":"https:\/\/xenonkungen.com\/de\/wp-json\/wp\/v2\/media\/7067"}],"wp:attachment":[{"href":"https:\/\/xenonkungen.com\/de\/wp-json\/wp\/v2\/media?parent=7066"}],"wp:term":[{"taxonomy":"anvandningsomrade","embeddable":true,"href":"https:\/\/xenonkungen.com\/de\/wp-json\/wp\/v2\/anvandningsomrade?post=7066"},{"taxonomy":"bilmarken","embeddable":true,"href":"https:\/\/xenonkungen.com\/de\/wp-json\/wp\/v2\/bilmarken?post=7066"},{"taxonomy":"product_brand","embeddable":true,"href":"https:\/\/xenonkungen.com\/de\/wp-json\/wp\/v2\/product_brand?post=7066"},{"taxonomy":"product_cat","embeddable":true,"href":"https:\/\/xenonkungen.com\/de\/wp-json\/wp\/v2\/product_cat?post=7066"},{"taxonomy":"product_tag","embeddable":true,"href":"https:\/\/xenonkungen.com\/de\/wp-json\/wp\/v2\/product_tag?post=7066"}],"curies":[{"name":"wp","href":"https:\/\/api.w.org\/{rel}","templated":true}]}}