{"id":7209,"date":"2025-04-15T09:53:15","date_gmt":"2025-04-15T09:53:15","guid":{"rendered":"https:\/\/xenonkungen.com\/product\/d2s-osram-cool-blue-intense-next-gen\/"},"modified":"2026-04-11T01:26:52","modified_gmt":"2026-04-11T00:26:52","slug":"osram-d2s-cool-blue-intense-next-gen","status":"publish","type":"product","link":"https:\/\/xenonkungen.com\/de\/produkt\/osram-d2s-cool-blue-intense-next-gen\/","title":{"rendered":"D2S Osram Cool Blue Intense (N\u00e4chste Generation)"},"content":{"rendered":"<p>XENARC COOL BLUE INTENSE \u2013 ein moderner Look mit hoher Leuchtkraft! Mit seinem kontrastreichen Xenonlicht, dessen extrawei\u00dfes Licht an LED-Beleuchtung erinnert, ist diese Autolampe perfekt f\u00fcr Fahrer, die die Kombination aus elegantem und individuellem Design und au\u00dfergew\u00f6hnlicher Ausleuchtung der Stra\u00dfe sch\u00e4tzen. <\/p>\n<p>Die Hightech-Xenonlampe mit Farbtemperaturen von bis zu 6.200 Kelvin bietet hocheffiziente Technologie, starke Lichtleistung und kompromissloses Design. Dank einer speziellen F\u00fcllung anstelle von herk\u00f6mmlichem beschichtetem Glas erzeugt die Lampe ein besonders helles, wei\u00dfes Licht. Das elegante Licht sorgt f\u00fcr eine un\u00fcbersehbare Wirkung und erh\u00f6ht Ihre Sichtbarkeit f\u00fcr andere Verkehrsteilnehmer. <\/p>\n<p>Entdecken Sie das au\u00dfergew\u00f6hnlich helle, kontrastreiche und strahlend wei\u00dfe Licht mit einer Farbtemperatur von bis zu 6.200 Kelvin und 150 % h\u00f6herer Lichtleistung! Mit XENARC COOL BLUE INTENSE wird die Nacht zum Tag. <\/p>\n<p>Die Farbtemperatur betr\u00e4gt ca. <strong>6200K<\/strong>.<br \/><em>F\u00fcr wei\u00dferes Licht siehe Xenon King 5000K.<\/em><\/p>\n<p><strong>Achtung!<\/strong> <em>In der Betriebsanleitung des Fahrzeugs kann der falsche Lampentyp angegeben sein. Der sicherste Weg ist, die Lampe direkt im Fahrzeug zu identifizieren. Vergleichen Sie auch mit dem Osram-Lampenf\u00fchrer.<\/em><\/p>\n<p>Osram Modell: 66240 CBN<br \/>Verkauf pro Paar.<\/p>\n<p>Garantie 1 Jahr. (Osram gew\u00e4hrt keine Garantie f\u00fcr die Cool Blue Serie).<\/p>","protected":false},"excerpt":{"rendered":"<p>XENARC COOL BLUE INTENSE D2S Xenonlampe von Osram. Passend f\u00fcr Audi, VW, Volvo, Ford usw. <\/p>\n<p>Extra wei\u00dfes Licht mit bis zu 6.200 K<\/p>","protected":false},"featured_media":7210,"comment_status":"closed","ping_status":"open","template":"","meta":{"_acf_changed":false,"_smort_price_nok":"1292","_smort_price_dkk":"821","_smort_price_eur":"110","_smort_sale_price_nok":"","_smort_sale_price_dkk":"","_smort_sale_price_eur":"82.5","smort_restorder":"","shipmondo_restorder":"","_kad_blocks_custom_css":"","_kad_blocks_head_custom_js":"","_kad_blocks_body_custom_js":"","_kad_blocks_footer_custom_js":"","smort_custom_pricelist_1":"774.4","smort_custom_pricelist_2":"774.4","smort_custom_pricelist_3":"735.68","smort_custom_pricelist_4":"968","smort_custom_pricelist_5":"774.4"},"anvandningsomrade":[],"bilmarken":[],"product_brand":[108],"product_cat":[2483,733],"product_tag":[],"class_list":{"0":"post-7209","1":"product","2":"type-product","3":"status-publish","4":"has-post-thumbnail","6":"product_brand-osram","7":"product_cat-xenon","8":"product_cat-halvljus-helljus","9":"pa_faktisk-effekts-forbrukning-847","10":"pa_fargtemperatur-6200k","11":"pa_lampsockel-kontakt-d2s","13":"first","14":"instock","15":"taxable","16":"shipping-taxable","17":"purchasable","18":"product-type-simple"},"bundled_by":[],"bundle_stock_status":"instock","bundle_stock_quantity":1,"bundle_virtual":false,"bundle_layout":"","bundle_add_to_cart_form_location":"","bundle_editable_in_cart":false,"bundle_sold_individually_context":"","bundle_item_grouping":"","bundle_min_size":"","bundle_max_size":"","bundle_price":[],"bundled_items":[],"bundle_sell_ids":[],"acf":[],"yoast_head":"<!-- This site is optimized with the Yoast SEO plugin v27.0 - https:\/\/yoast.com\/product\/yoast-seo-wordpress\/ -->\n<title>D2S Osram Cool Blue Intense (Next Gen) - Xenonkungen<\/title>\n<meta name=\"robots\" content=\"index, follow, max-snippet:-1, max-image-preview:large, max-video-preview:-1\" \/>\n<link rel=\"canonical\" href=\"https:\/\/xenonkungen.com\/de\/produkt\/osram-d2s-cool-blue-intense-next-gen\/\" \/>\n<meta property=\"og:locale\" content=\"de_DE\" \/>\n<meta property=\"og:type\" content=\"article\" \/>\n<meta property=\"og:title\" content=\"D2S Osram Cool Blue Intense (Next Gen) - Xenonkungen\" \/>\n<meta property=\"og:description\" content=\"XENARC COOL BLUE INTENSE D2S Xenonlampa fr\u00e5n Osram. Passar tex Audi, VW, Volvo, Ford mfl.  Extra vitt ljus med upp till 6 200 K\" \/>\n<meta property=\"og:url\" content=\"https:\/\/xenonkungen.com\/de\/produkt\/osram-d2s-cool-blue-intense-next-gen\/\" \/>\n<meta property=\"og:site_name\" content=\"Xenonkungen\" \/>\n<meta property=\"article:modified_time\" content=\"2026-04-11T00:26:52+00:00\" \/>\n<meta property=\"og:image\" content=\"https:\/\/xenonkungen.com\/wp-content\/uploads\/2025\/04\/185559029-origpic-4eaa19.jpg\" \/>\n\t<meta property=\"og:image:width\" content=\"900\" \/>\n\t<meta property=\"og:image:height\" content=\"900\" \/>\n\t<meta property=\"og:image:type\" content=\"image\/jpeg\" \/>\n<meta name=\"twitter:card\" content=\"summary_large_image\" \/>\n<meta name=\"twitter:label1\" content=\"Gesch\u00e4tzte Lesezeit\" \/>\n\t<meta name=\"twitter:data1\" content=\"1\u00a0Minute\" \/>\n<script type=\"application\/ld+json\" class=\"yoast-schema-graph\">{\"@context\":\"https:\/\/schema.org\",\"@graph\":[{\"@type\":\"WebPage\",\"@id\":\"https:\/\/xenonkungen.com\/produkt\/d2s-osram-cool-blue-intense-next-gen\/\",\"url\":\"https:\/\/xenonkungen.com\/produkt\/d2s-osram-cool-blue-intense-next-gen\/\",\"name\":\"D2S Osram Cool Blue Intense (Next Gen) - Xenonkungen\",\"isPartOf\":{\"@id\":\"https:\/\/xenonkungen.com\/#website\"},\"primaryImageOfPage\":{\"@id\":\"https:\/\/xenonkungen.com\/produkt\/d2s-osram-cool-blue-intense-next-gen\/#primaryimage\"},\"image\":{\"@id\":\"https:\/\/xenonkungen.com\/produkt\/d2s-osram-cool-blue-intense-next-gen\/#primaryimage\"},\"thumbnailUrl\":\"https:\/\/xenonkungen.com\/wp-content\/uploads\/2025\/04\/185559029-origpic-4eaa19.jpg\",\"datePublished\":\"2025-04-15T09:53:15+00:00\",\"dateModified\":\"2026-04-11T00:26:52+00:00\",\"breadcrumb\":{\"@id\":\"https:\/\/xenonkungen.com\/produkt\/d2s-osram-cool-blue-intense-next-gen\/#breadcrumb\"},\"inLanguage\":\"de\",\"potentialAction\":[{\"@type\":\"ReadAction\",\"target\":[\"https:\/\/xenonkungen.com\/produkt\/d2s-osram-cool-blue-intense-next-gen\/\"]}]},{\"@type\":\"ImageObject\",\"inLanguage\":\"de\",\"@id\":\"https:\/\/xenonkungen.com\/produkt\/d2s-osram-cool-blue-intense-next-gen\/#primaryimage\",\"url\":\"https:\/\/xenonkungen.com\/wp-content\/uploads\/2025\/04\/185559029-origpic-4eaa19.jpg\",\"contentUrl\":\"https:\/\/xenonkungen.com\/wp-content\/uploads\/2025\/04\/185559029-origpic-4eaa19.jpg\",\"width\":900,\"height\":900},{\"@type\":\"BreadcrumbList\",\"@id\":\"https:\/\/xenonkungen.com\/produkt\/d2s-osram-cool-blue-intense-next-gen\/#breadcrumb\",\"itemListElement\":[{\"@type\":\"ListItem\",\"position\":1,\"name\":\"Hem\",\"item\":\"https:\/\/xenonkungen.com\/\"},{\"@type\":\"ListItem\",\"position\":2,\"name\":\"Shop\",\"item\":\"https:\/\/xenonkungen.com\/shop\/\"},{\"@type\":\"ListItem\",\"position\":3,\"name\":\"D2S Osram Cool Blue Intense (Next Gen)\"}]},{\"@type\":\"WebSite\",\"@id\":\"https:\/\/xenonkungen.com\/#website\",\"url\":\"https:\/\/xenonkungen.com\/\",\"name\":\"Xenonkungen\",\"description\":\"\",\"potentialAction\":[{\"@type\":\"SearchAction\",\"target\":{\"@type\":\"EntryPoint\",\"urlTemplate\":\"https:\/\/xenonkungen.com\/?s={search_term_string}\"},\"query-input\":{\"@type\":\"PropertyValueSpecification\",\"valueRequired\":true,\"valueName\":\"search_term_string\"}}],\"inLanguage\":\"de\"}]}<\/script>\n<!-- \/ Yoast SEO plugin. -->","yoast_head_json":{"title":"D2S Osram Cool Blue Intense (Next Gen) \u2013 Der Xenon-K\u00f6nig","robots":{"index":"index","follow":"follow","max-snippet":"max-snippet:-1","max-image-preview":"max-image-preview:large","max-video-preview":"max-video-preview:-1"},"canonical":"https:\/\/xenonkungen.com\/de\/produkt\/osram-d2s-cool-blue-intense-next-gen\/","og_locale":"de_DE","og_type":"article","og_title":"D2S Osram Cool Blue Intense (Next Gen) - Xenonkungen","og_description":"XENARC COOL BLUE INTENSE D2S Xenonlampa fr\u00e5n Osram. Passar tex Audi, VW, Volvo, Ford mfl.  Extra vitt ljus med upp till 6 200 K","og_url":"https:\/\/xenonkungen.com\/de\/produkt\/osram-d2s-cool-blue-intense-next-gen\/","og_site_name":"Xenonkungen","article_modified_time":"2026-04-11T00:26:52+00:00","og_image":[{"width":900,"height":900,"url":"https:\/\/xenonkungen.com\/wp-content\/uploads\/2025\/04\/185559029-origpic-4eaa19.jpg","type":"image\/jpeg"}],"twitter_card":"summary_large_image","twitter_misc":{"Gesch\u00e4tzte Lesezeit":"1\u00a0Minute"},"schema":{"@context":"https:\/\/schema.org","@graph":[{"@type":"WebPage","@id":"https:\/\/xenonkungen.com\/produkt\/d2s-osram-cool-blue-intense-next-gen\/","url":"https:\/\/xenonkungen.com\/produkt\/d2s-osram-cool-blue-intense-next-gen\/","name":"D2S Osram Cool Blue Intense (Next Gen) \u2013 Der Xenon-K\u00f6nig","isPartOf":{"@id":"https:\/\/xenonkungen.com\/#website"},"primaryImageOfPage":{"@id":"https:\/\/xenonkungen.com\/produkt\/d2s-osram-cool-blue-intense-next-gen\/#primaryimage"},"image":{"@id":"https:\/\/xenonkungen.com\/produkt\/d2s-osram-cool-blue-intense-next-gen\/#primaryimage"},"thumbnailUrl":"https:\/\/xenonkungen.com\/wp-content\/uploads\/2025\/04\/185559029-origpic-4eaa19.jpg","datePublished":"2025-04-15T09:53:15+00:00","dateModified":"2026-04-11T00:26:52+00:00","breadcrumb":{"@id":"https:\/\/xenonkungen.com\/produkt\/d2s-osram-cool-blue-intense-next-gen\/#breadcrumb"},"inLanguage":"de","potentialAction":[{"@type":"ReadAction","target":["https:\/\/xenonkungen.com\/produkt\/d2s-osram-cool-blue-intense-next-gen\/"]}]},{"@type":"ImageObject","inLanguage":"de","@id":"https:\/\/xenonkungen.com\/produkt\/d2s-osram-cool-blue-intense-next-gen\/#primaryimage","url":"https:\/\/xenonkungen.com\/wp-content\/uploads\/2025\/04\/185559029-origpic-4eaa19.jpg","contentUrl":"https:\/\/xenonkungen.com\/wp-content\/uploads\/2025\/04\/185559029-origpic-4eaa19.jpg","width":900,"height":900},{"@type":"BreadcrumbList","@id":"https:\/\/xenonkungen.com\/produkt\/d2s-osram-cool-blue-intense-next-gen\/#breadcrumb","itemListElement":[{"@type":"ListItem","position":1,"name":"Hem","item":"https:\/\/xenonkungen.com\/"},{"@type":"ListItem","position":2,"name":"Shop","item":"https:\/\/xenonkungen.com\/shop\/"},{"@type":"ListItem","position":3,"name":"D2S Osram Cool Blue Intense (Next Gen)"}]},{"@type":"WebSite","@id":"https:\/\/xenonkungen.com\/#website","url":"https:\/\/xenonkungen.com\/","name":"Xenonkungen","description":"","potentialAction":[{"@type":"SearchAction","target":{"@type":"EntryPoint","urlTemplate":"https:\/\/xenonkungen.com\/?s={search_term_string}"},"query-input":{"@type":"PropertyValueSpecification","valueRequired":true,"valueName":"search_term_string"}}],"inLanguage":"de"}]}},"taxonomy_info":{"product_brand":[{"value":108,"label":"OSRAM"}],"product_cat":[{"value":2483,"label":"Xenon"},{"value":733,"label":"Halvljus \/ Helljus"}],"pa_faktisk-effekts-forbrukning":[{"value":847,"label":"35"}],"pa_fargtemperatur":[{"value":1889,"label":"6200K"}],"pa_lampsockel-kontakt":[{"value":760,"label":"D2S"}]},"featured_image_src_large":["https:\/\/xenonkungen.com\/wp-content\/uploads\/2025\/04\/185559029-origpic-4eaa19.jpg",900,900,false],"author_info":[],"comment_info":1,"_links":{"self":[{"href":"https:\/\/xenonkungen.com\/de\/wp-json\/wp\/v2\/product\/7209","targetHints":{"allow":["GET"]}}],"collection":[{"href":"https:\/\/xenonkungen.com\/de\/wp-json\/wp\/v2\/product"}],"about":[{"href":"https:\/\/xenonkungen.com\/de\/wp-json\/wp\/v2\/types\/product"}],"replies":[{"embeddable":true,"href":"https:\/\/xenonkungen.com\/de\/wp-json\/wp\/v2\/comments?post=7209"}],"wp:featuredmedia":[{"embeddable":true,"href":"https:\/\/xenonkungen.com\/de\/wp-json\/wp\/v2\/media\/7210"}],"wp:attachment":[{"href":"https:\/\/xenonkungen.com\/de\/wp-json\/wp\/v2\/media?parent=7209"}],"wp:term":[{"taxonomy":"anvandningsomrade","embeddable":true,"href":"https:\/\/xenonkungen.com\/de\/wp-json\/wp\/v2\/anvandningsomrade?post=7209"},{"taxonomy":"bilmarken","embeddable":true,"href":"https:\/\/xenonkungen.com\/de\/wp-json\/wp\/v2\/bilmarken?post=7209"},{"taxonomy":"product_brand","embeddable":true,"href":"https:\/\/xenonkungen.com\/de\/wp-json\/wp\/v2\/product_brand?post=7209"},{"taxonomy":"product_cat","embeddable":true,"href":"https:\/\/xenonkungen.com\/de\/wp-json\/wp\/v2\/product_cat?post=7209"},{"taxonomy":"product_tag","embeddable":true,"href":"https:\/\/xenonkungen.com\/de\/wp-json\/wp\/v2\/product_tag?post=7209"}],"curies":[{"name":"wp","href":"https:\/\/api.w.org\/{rel}","templated":true}]}}