{"id":7295,"date":"2025-04-15T09:53:57","date_gmt":"2025-04-15T09:53:57","guid":{"rendered":"https:\/\/xenonkungen.com\/product\/d8s-xenarc-cool-blue-intense-ng-styck\/"},"modified":"2026-05-11T10:36:41","modified_gmt":"2026-05-11T09:36:41","slug":"d8s-xenarc-cool-blue-intense-ng-each","status":"publish","type":"product","link":"https:\/\/xenonkungen.com\/de\/produkt\/d8s-xenarc-cool-blue-intense-ng-each\/","title":{"rendered":"D8S XENARC\u00ae Cool Blue Intense (NG) | St\u00fcck"},"content":{"rendered":"<p>Extra wei\u00dfes Licht mit bis zu 6.200 K<\/p>\n<p>XENARC COOL BLUE INTENSE bietet einen modernen Look mit hoher Leuchtkraft! Mit seinem kontrastreichen Xenonlicht, dessen extrawei\u00dfes Licht an LED-Beleuchtung erinnert, ist diese Autolampe perfekt f\u00fcr Fahrer, die die Kombination aus elegantem und individuellem Design und au\u00dfergew\u00f6hnlicher Ausleuchtung der Stra\u00dfe sch\u00e4tzen. <\/p>\n<p>Die Hightech-Xenonlampe mit Farbtemperaturen von bis zu 6.200 Kelvin bietet hocheffiziente Technologie, starke Lichtleistung und kompromissloses Design. Dank einer speziellen F\u00fcllung anstelle von herk\u00f6mmlichem beschichtetem Glas erzeugt die Lampe ein besonders helles, wei\u00dfes Licht. Das elegante Licht sorgt f\u00fcr eine un\u00fcbersehbare Wirkung und erh\u00f6ht Ihre Sichtbarkeit f\u00fcr andere Verkehrsteilnehmer. <\/p>\n<p>Entdecken Sie das au\u00dfergew\u00f6hnlich helle, kontrastreiche und strahlend wei\u00dfe Licht mit einer Farbtemperatur von bis zu 6.200 Kelvin und 150 % h\u00f6herer Lichtleistung! Mit XENARC COOL BLUE INTENSE wird die Nacht zum Tag. <\/p>\n<p>Die Lampe ist nicht mit anderen Xenon-Lichtsystemen (D1S, D3S) kompatibel.<\/p>\n<p>Das Xenon-Licht D8S ist unter anderem in den folgenden Fahrzeugen erh\u00e4ltlich:<br \/>Audi A1 Sportback<br \/>Audi A1<br \/>Tesla<br \/>VW Caddy 2017<\/p>\n<p>Osram-Garantie: 1 Jahr.<\/p>\n<p>Bitte beachten Sie, dass diese Lampe einzeln verkauft wird.<\/p>","protected":false},"excerpt":{"rendered":"<p>XENARC COOL BLUE INTENSE D8S Xenonlampe von Osram. Passend f\u00fcr z. B. Tesla, VW Amarok usw. <\/p>\n<p>Extra wei\u00dfes Licht mit bis zu 6.200 K<\/p>","protected":false},"featured_media":7296,"comment_status":"closed","ping_status":"open","template":"","meta":{"_acf_changed":false,"_smort_price_nok":"1175","_smort_price_dkk":"746","_smort_price_eur":"100","_smort_sale_price_nok":"","_smort_sale_price_dkk":"","_smort_sale_price_eur":"75","smort_restorder":"","shipmondo_restorder":"","_kad_blocks_custom_css":"","_kad_blocks_head_custom_js":"","_kad_blocks_body_custom_js":"","_kad_blocks_footer_custom_js":"","smort_custom_pricelist_1":"704","smort_custom_pricelist_2":"704","smort_custom_pricelist_3":"668.8","smort_custom_pricelist_4":"880","smort_custom_pricelist_5":"704"},"anvandningsomrade":[],"bilmarken":[],"product_brand":[108],"product_cat":[2483,733],"product_tag":[],"class_list":{"0":"post-7295","1":"product","2":"type-product","3":"status-publish","4":"has-post-thumbnail","6":"product_brand-osram","7":"product_cat-xenon","8":"product_cat-halvljus-helljus","9":"pa_faktisk-effekts-forbrukning-847","10":"pa_fargtemperatur-6200k","11":"pa_lampsockel-kontakt-d8s","13":"first","14":"instock","15":"taxable","16":"shipping-taxable","17":"purchasable","18":"product-type-simple"},"bundled_by":[],"bundle_stock_status":"instock","bundle_stock_quantity":5,"bundle_virtual":false,"bundle_layout":"","bundle_add_to_cart_form_location":"","bundle_editable_in_cart":false,"bundle_sold_individually_context":"","bundle_item_grouping":"","bundle_min_size":"","bundle_max_size":"","bundle_price":[],"bundled_items":[],"bundle_sell_ids":[],"acf":[],"yoast_head":"<!-- This site is optimized with the Yoast SEO plugin v27.0 - https:\/\/yoast.com\/product\/yoast-seo-wordpress\/ -->\n<title>D8S XENARC\u00ae Cool Blue Intense (NG) | Styck - Xenonkungen<\/title>\n<meta name=\"robots\" content=\"index, follow, max-snippet:-1, max-image-preview:large, max-video-preview:-1\" \/>\n<link rel=\"canonical\" href=\"https:\/\/xenonkungen.com\/de\/produkt\/d8s-xenarc-cool-blue-intense-ng-each\/\" \/>\n<meta property=\"og:locale\" content=\"de_DE\" \/>\n<meta property=\"og:type\" content=\"article\" \/>\n<meta property=\"og:title\" content=\"D8S XENARC\u00ae Cool Blue Intense (NG) | Styck - Xenonkungen\" \/>\n<meta property=\"og:description\" content=\"XENARC COOL BLUE INTENSE D8S Xenonlampa fr\u00e5n Osram. Passar tex Tesla, VW Amarok mfl.  Extra vitt ljus med upp till 6 200 K\" \/>\n<meta property=\"og:url\" content=\"https:\/\/xenonkungen.com\/de\/produkt\/d8s-xenarc-cool-blue-intense-ng-each\/\" \/>\n<meta property=\"og:site_name\" content=\"Xenonkungen\" \/>\n<meta property=\"article:modified_time\" content=\"2026-05-11T09:36:41+00:00\" \/>\n<meta property=\"og:image\" content=\"https:\/\/xenonkungen.com\/wp-content\/uploads\/2025\/04\/185559251-origpic-5ebf01.jpg\" \/>\n\t<meta property=\"og:image:width\" content=\"900\" \/>\n\t<meta property=\"og:image:height\" content=\"1174\" \/>\n\t<meta property=\"og:image:type\" content=\"image\/jpeg\" \/>\n<meta name=\"twitter:card\" content=\"summary_large_image\" \/>\n<meta name=\"twitter:label1\" content=\"Gesch\u00e4tzte Lesezeit\" \/>\n\t<meta name=\"twitter:data1\" content=\"1\u00a0Minute\" \/>\n<script type=\"application\/ld+json\" class=\"yoast-schema-graph\">{\"@context\":\"https:\/\/schema.org\",\"@graph\":[{\"@type\":\"WebPage\",\"@id\":\"https:\/\/xenonkungen.com\/produkt\/d8s-xenarc-cool-blue-intense-ng-styck\/\",\"url\":\"https:\/\/xenonkungen.com\/produkt\/d8s-xenarc-cool-blue-intense-ng-styck\/\",\"name\":\"D8S XENARC\u00ae Cool Blue Intense (NG) | Styck - Xenonkungen\",\"isPartOf\":{\"@id\":\"https:\/\/xenonkungen.com\/#website\"},\"primaryImageOfPage\":{\"@id\":\"https:\/\/xenonkungen.com\/produkt\/d8s-xenarc-cool-blue-intense-ng-styck\/#primaryimage\"},\"image\":{\"@id\":\"https:\/\/xenonkungen.com\/produkt\/d8s-xenarc-cool-blue-intense-ng-styck\/#primaryimage\"},\"thumbnailUrl\":\"https:\/\/xenonkungen.com\/wp-content\/uploads\/2025\/04\/185559251-origpic-5ebf01.jpg\",\"datePublished\":\"2025-04-15T09:53:57+00:00\",\"dateModified\":\"2026-05-11T09:36:41+00:00\",\"breadcrumb\":{\"@id\":\"https:\/\/xenonkungen.com\/produkt\/d8s-xenarc-cool-blue-intense-ng-styck\/#breadcrumb\"},\"inLanguage\":\"de\",\"potentialAction\":[{\"@type\":\"ReadAction\",\"target\":[\"https:\/\/xenonkungen.com\/produkt\/d8s-xenarc-cool-blue-intense-ng-styck\/\"]}]},{\"@type\":\"ImageObject\",\"inLanguage\":\"de\",\"@id\":\"https:\/\/xenonkungen.com\/produkt\/d8s-xenarc-cool-blue-intense-ng-styck\/#primaryimage\",\"url\":\"https:\/\/xenonkungen.com\/wp-content\/uploads\/2025\/04\/185559251-origpic-5ebf01.jpg\",\"contentUrl\":\"https:\/\/xenonkungen.com\/wp-content\/uploads\/2025\/04\/185559251-origpic-5ebf01.jpg\",\"width\":900,\"height\":1174},{\"@type\":\"BreadcrumbList\",\"@id\":\"https:\/\/xenonkungen.com\/produkt\/d8s-xenarc-cool-blue-intense-ng-styck\/#breadcrumb\",\"itemListElement\":[{\"@type\":\"ListItem\",\"position\":1,\"name\":\"Hem\",\"item\":\"https:\/\/xenonkungen.com\/\"},{\"@type\":\"ListItem\",\"position\":2,\"name\":\"Shop\",\"item\":\"https:\/\/xenonkungen.com\/shop\/\"},{\"@type\":\"ListItem\",\"position\":3,\"name\":\"D8S XENARC\u00ae Cool Blue Intense (NG) | Styck\"}]},{\"@type\":\"WebSite\",\"@id\":\"https:\/\/xenonkungen.com\/#website\",\"url\":\"https:\/\/xenonkungen.com\/\",\"name\":\"Xenonkungen\",\"description\":\"\",\"potentialAction\":[{\"@type\":\"SearchAction\",\"target\":{\"@type\":\"EntryPoint\",\"urlTemplate\":\"https:\/\/xenonkungen.com\/?s={search_term_string}\"},\"query-input\":{\"@type\":\"PropertyValueSpecification\",\"valueRequired\":true,\"valueName\":\"search_term_string\"}}],\"inLanguage\":\"de\"}]}<\/script>\n<!-- \/ Yoast SEO plugin. -->","yoast_head_json":{"title":"D8S XENARC\u00ae Cool Blue Intense (NG) | St\u00fcck - Der Xenon-K\u00f6nig","robots":{"index":"index","follow":"follow","max-snippet":"max-snippet:-1","max-image-preview":"max-image-preview:large","max-video-preview":"max-video-preview:-1"},"canonical":"https:\/\/xenonkungen.com\/de\/produkt\/d8s-xenarc-cool-blue-intense-ng-each\/","og_locale":"de_DE","og_type":"article","og_title":"D8S XENARC\u00ae Cool Blue Intense (NG) | Styck - Xenonkungen","og_description":"XENARC COOL BLUE INTENSE D8S Xenonlampa fr\u00e5n Osram. Passar tex Tesla, VW Amarok mfl.  Extra vitt ljus med upp till 6 200 K","og_url":"https:\/\/xenonkungen.com\/de\/produkt\/d8s-xenarc-cool-blue-intense-ng-each\/","og_site_name":"Xenonkungen","article_modified_time":"2026-05-11T09:36:41+00:00","og_image":[{"width":900,"height":1174,"url":"https:\/\/xenonkungen.com\/wp-content\/uploads\/2025\/04\/185559251-origpic-5ebf01.jpg","type":"image\/jpeg"}],"twitter_card":"summary_large_image","twitter_misc":{"Gesch\u00e4tzte Lesezeit":"1\u00a0Minute"},"schema":{"@context":"https:\/\/schema.org","@graph":[{"@type":"WebPage","@id":"https:\/\/xenonkungen.com\/produkt\/d8s-xenarc-cool-blue-intense-ng-styck\/","url":"https:\/\/xenonkungen.com\/produkt\/d8s-xenarc-cool-blue-intense-ng-styck\/","name":"D8S XENARC\u00ae Cool Blue Intense (NG) | St\u00fcck - Der Xenon-K\u00f6nig","isPartOf":{"@id":"https:\/\/xenonkungen.com\/#website"},"primaryImageOfPage":{"@id":"https:\/\/xenonkungen.com\/produkt\/d8s-xenarc-cool-blue-intense-ng-styck\/#primaryimage"},"image":{"@id":"https:\/\/xenonkungen.com\/produkt\/d8s-xenarc-cool-blue-intense-ng-styck\/#primaryimage"},"thumbnailUrl":"https:\/\/xenonkungen.com\/wp-content\/uploads\/2025\/04\/185559251-origpic-5ebf01.jpg","datePublished":"2025-04-15T09:53:57+00:00","dateModified":"2026-05-11T09:36:41+00:00","breadcrumb":{"@id":"https:\/\/xenonkungen.com\/produkt\/d8s-xenarc-cool-blue-intense-ng-styck\/#breadcrumb"},"inLanguage":"de","potentialAction":[{"@type":"ReadAction","target":["https:\/\/xenonkungen.com\/produkt\/d8s-xenarc-cool-blue-intense-ng-styck\/"]}]},{"@type":"ImageObject","inLanguage":"de","@id":"https:\/\/xenonkungen.com\/produkt\/d8s-xenarc-cool-blue-intense-ng-styck\/#primaryimage","url":"https:\/\/xenonkungen.com\/wp-content\/uploads\/2025\/04\/185559251-origpic-5ebf01.jpg","contentUrl":"https:\/\/xenonkungen.com\/wp-content\/uploads\/2025\/04\/185559251-origpic-5ebf01.jpg","width":900,"height":1174},{"@type":"BreadcrumbList","@id":"https:\/\/xenonkungen.com\/produkt\/d8s-xenarc-cool-blue-intense-ng-styck\/#breadcrumb","itemListElement":[{"@type":"ListItem","position":1,"name":"Hem","item":"https:\/\/xenonkungen.com\/"},{"@type":"ListItem","position":2,"name":"Shop","item":"https:\/\/xenonkungen.com\/shop\/"},{"@type":"ListItem","position":3,"name":"D8S XENARC\u00ae Cool Blue Intense (NG) | Styck"}]},{"@type":"WebSite","@id":"https:\/\/xenonkungen.com\/#website","url":"https:\/\/xenonkungen.com\/","name":"Xenonkungen","description":"","potentialAction":[{"@type":"SearchAction","target":{"@type":"EntryPoint","urlTemplate":"https:\/\/xenonkungen.com\/?s={search_term_string}"},"query-input":{"@type":"PropertyValueSpecification","valueRequired":true,"valueName":"search_term_string"}}],"inLanguage":"de"}]}},"taxonomy_info":{"product_brand":[{"value":108,"label":"OSRAM"}],"product_cat":[{"value":2483,"label":"Xenon"},{"value":733,"label":"Halvljus \/ Helljus"}],"pa_faktisk-effekts-forbrukning":[{"value":847,"label":"35"}],"pa_fargtemperatur":[{"value":1889,"label":"6200K"}],"pa_lampsockel-kontakt":[{"value":764,"label":"D8S"}]},"featured_image_src_large":["https:\/\/xenonkungen.com\/wp-content\/uploads\/2025\/04\/185559251-origpic-5ebf01-785x1024.jpg",785,1024,true],"author_info":[],"comment_info":0,"_links":{"self":[{"href":"https:\/\/xenonkungen.com\/de\/wp-json\/wp\/v2\/product\/7295","targetHints":{"allow":["GET"]}}],"collection":[{"href":"https:\/\/xenonkungen.com\/de\/wp-json\/wp\/v2\/product"}],"about":[{"href":"https:\/\/xenonkungen.com\/de\/wp-json\/wp\/v2\/types\/product"}],"replies":[{"embeddable":true,"href":"https:\/\/xenonkungen.com\/de\/wp-json\/wp\/v2\/comments?post=7295"}],"wp:featuredmedia":[{"embeddable":true,"href":"https:\/\/xenonkungen.com\/de\/wp-json\/wp\/v2\/media\/7296"}],"wp:attachment":[{"href":"https:\/\/xenonkungen.com\/de\/wp-json\/wp\/v2\/media?parent=7295"}],"wp:term":[{"taxonomy":"anvandningsomrade","embeddable":true,"href":"https:\/\/xenonkungen.com\/de\/wp-json\/wp\/v2\/anvandningsomrade?post=7295"},{"taxonomy":"bilmarken","embeddable":true,"href":"https:\/\/xenonkungen.com\/de\/wp-json\/wp\/v2\/bilmarken?post=7295"},{"taxonomy":"product_brand","embeddable":true,"href":"https:\/\/xenonkungen.com\/de\/wp-json\/wp\/v2\/product_brand?post=7295"},{"taxonomy":"product_cat","embeddable":true,"href":"https:\/\/xenonkungen.com\/de\/wp-json\/wp\/v2\/product_cat?post=7295"},{"taxonomy":"product_tag","embeddable":true,"href":"https:\/\/xenonkungen.com\/de\/wp-json\/wp\/v2\/product_tag?post=7295"}],"curies":[{"name":"wp","href":"https:\/\/api.w.org\/{rel}","templated":true}]}}