{"id":7304,"date":"2025-04-15T09:54:10","date_gmt":"2025-04-15T09:54:10","guid":{"rendered":"https:\/\/xenonkungen.com\/product\/ledriving-ledlampa-sl-w21w-t20-rod\/"},"modified":"2026-04-29T12:30:27","modified_gmt":"2026-04-29T11:30:27","slug":"ledriving-led-lampe-sl-w21w-t20-stange","status":"publish","type":"product","link":"https:\/\/xenonkungen.com\/de\/produkt\/ledriving-led-lampe-sl-w21w-t20-stange\/","title":{"rendered":"LEDriving\u00ae LED-Lampe SL W21W | T20 | Rot"},"content":{"rendered":"<p>Passende LED-Ersatzbirne f\u00fcr W21W<\/p>\n<p>Die LEDriving SL W21W-Ersatzlampen bieten ein modernes und helles Licht. Diese Ersatzlampen passen in alle g\u00e4ngigen W21W-Lampenfassungen.<\/p>\n<p>Im Vergleich zu herk\u00f6mmlichen Lampen verbrauchen diese LED-Ersatzlampen bis zu 80 % weniger Energie. OSRAM gew\u00e4hrt 4 Jahre Garantie auf diese LEDriving SL-Lampen.<\/p>\n<p>Diese Produkte sind nicht ECE-zugelassen und d\u00fcrfen nicht auf \u00f6ffentlichen Stra\u00dfen im Au\u00dfenbereich verwendet werden.<\/p>\n<p>Elektrische Daten:<br \/>\u2013 Maximale Leistung: 2 W<br \/>- Nominale Nennspannung: 12,0 V<br \/>\u2013 Nennleistung: 1,40 W<br \/>- Toleranz bei der Leistungsaufnahme: \u00b110 %<br \/>- Pr\u00fcfspannung in Volt: 13,5 V<\/p>\n<p>Photometrische Daten:<br \/>\u2013 Lichtstrom: 60 lm<br \/>- Lichtstrom, Toleranz: \u00b125 %<br \/>- LED-Lichtfarbe: Rot<\/p>\n<p>Abmessungen:<br \/>- Durchmesser: 20,0 mm<br \/>\u2013 Produktgewicht: 11,30 g<br \/>- L\u00e4nge: 47,5 mm<\/p>\n<p>Lebenserwartung:<br \/>- Lebensdauer B3: 1500 h<br \/>- Lebensdauer Tc in Stunden: 4000 h<br \/>- Garantie: 4 Jahre<\/p>\n<p>Erg\u00e4nzende Produktdaten:<br \/>\u2013 Sockel: W3x16d<\/p>","protected":false},"excerpt":{"rendered":"<p>R\u00fcsten Sie jetzt Ihre Fahrzeugbeleuchtung mit der LEDriving\u00ae LED-Lampe SL W21W auf! Diese Lampe sorgt f\u00fcr eine starke und gleichm\u00e4\u00dfige Ausleuchtung und damit f\u00fcr klare Sicht auf die Stra\u00dfe. Sie ist zudem umweltfreundlich und langlebig \u2013 mit einer bis zu f\u00fcnfmal l\u00e4ngeren Lebensdauer als herk\u00f6mmliche Gl\u00fchlampen. Ersetzen Sie Ihre alten Lampen jetzt durch LEDriving\u00ae LED-Lampen und erleben Sie den Unterschied! Bestellen Sie Ihre LED-Lampe SL W21W noch heute in unserem Online-Shop.<\/p>","protected":false},"featured_media":7305,"comment_status":"closed","ping_status":"open","template":"","meta":{"_acf_changed":false,"_smort_price_nok":"214","_smort_price_dkk":"136","_smort_price_eur":"18.18","_smort_sale_price_nok":"","_smort_sale_price_dkk":"","_smort_sale_price_eur":"","smort_restorder":"","shipmondo_restorder":"","_kad_blocks_custom_css":"","_kad_blocks_head_custom_js":"","_kad_blocks_body_custom_js":"","_kad_blocks_footer_custom_js":"","smort_custom_pricelist_1":"128","smort_custom_pricelist_2":"120","smort_custom_pricelist_3":"114","smort_custom_pricelist_4":"160","smort_custom_pricelist_5":"119.12"},"anvandningsomrade":[],"bilmarken":[],"product_brand":[108],"product_cat":[2526,2524,338],"product_tag":[],"class_list":{"0":"post-7304","1":"product","2":"type-product","3":"status-publish","4":"has-post-thumbnail","6":"product_brand-osram","7":"product_cat-2526","8":"product_cat-t20","9":"product_cat-diodlampor","10":"pa_faktisk-effekts-forbrukning-801","11":"pa_fargtemperatur-rod","12":"pa_lampsockel-kontakt-w21w","13":"pa_volt-v-159","15":"first","16":"instock","17":"taxable","18":"shipping-taxable","19":"purchasable","20":"product-type-simple"},"bundled_by":[],"bundle_stock_status":"instock","bundle_stock_quantity":2,"bundle_virtual":false,"bundle_layout":"","bundle_add_to_cart_form_location":"","bundle_editable_in_cart":false,"bundle_sold_individually_context":"","bundle_item_grouping":"","bundle_min_size":"","bundle_max_size":"","bundle_price":[],"bundled_items":[],"bundle_sell_ids":[],"acf":[],"yoast_head":"<!-- This site is optimized with the Yoast SEO plugin v27.0 - https:\/\/yoast.com\/product\/yoast-seo-wordpress\/ -->\n<title>LEDriving\u00ae LEDlampa SL W21W | T20 | R\u00f6d - Xenonkungen<\/title>\n<meta name=\"robots\" content=\"index, follow, max-snippet:-1, max-image-preview:large, max-video-preview:-1\" \/>\n<link rel=\"canonical\" href=\"https:\/\/xenonkungen.com\/de\/produkt\/ledriving-led-lampe-sl-w21w-t20-stange\/\" \/>\n<meta property=\"og:locale\" content=\"de_DE\" \/>\n<meta property=\"og:type\" content=\"article\" \/>\n<meta property=\"og:title\" content=\"LEDriving\u00ae LEDlampa SL W21W | T20 | R\u00f6d - Xenonkungen\" \/>\n<meta property=\"og:description\" content=\"Nu kan du uppgradera ditt bilbelysningssystem med LEDriving\u00ae LEDlampa SL W21W! Denna lampa ger stark och j\u00e4mn ljusstyrka f\u00f6r en klar och tydlig syn p\u00e5 v\u00e4gen. Den \u00e4r \u00e4ven milj\u00f6v\u00e4nlig och l\u00e5ngvarig, med en livsl\u00e4ngd upp till 5 g\u00e5nger l\u00e4ngre \u00e4n traditionella gl\u00f6dlampor. Byt ut dina gamla lampor till LEDriving\u00ae LEDlampor nu och se skillnaden! Best\u00e4ll din LEDlampa SL W21W idag fr\u00e5n v\u00e5r webbutik.\" \/>\n<meta property=\"og:url\" content=\"https:\/\/xenonkungen.com\/de\/produkt\/ledriving-led-lampe-sl-w21w-t20-stange\/\" \/>\n<meta property=\"og:site_name\" content=\"Xenonkungen\" \/>\n<meta property=\"article:modified_time\" content=\"2026-04-29T11:30:27+00:00\" \/>\n<meta property=\"og:image\" content=\"https:\/\/xenonkungen.com\/wp-content\/uploads\/2025\/04\/201830669-origpic-3671c1.jpg\" \/>\n\t<meta property=\"og:image:width\" content=\"691\" \/>\n\t<meta property=\"og:image:height\" content=\"1000\" \/>\n\t<meta property=\"og:image:type\" content=\"image\/jpeg\" \/>\n<meta name=\"twitter:card\" content=\"summary_large_image\" \/>\n<meta name=\"twitter:label1\" content=\"Gesch\u00e4tzte Lesezeit\" \/>\n\t<meta name=\"twitter:data1\" content=\"1\u00a0Minute\" \/>\n<script type=\"application\/ld+json\" class=\"yoast-schema-graph\">{\"@context\":\"https:\/\/schema.org\",\"@graph\":[{\"@type\":\"WebPage\",\"@id\":\"https:\/\/xenonkungen.com\/produkt\/ledriving-ledlampa-sl-w21w-t20-rod\/\",\"url\":\"https:\/\/xenonkungen.com\/produkt\/ledriving-ledlampa-sl-w21w-t20-rod\/\",\"name\":\"LEDriving\u00ae LEDlampa SL W21W | T20 | R\u00f6d - Xenonkungen\",\"isPartOf\":{\"@id\":\"https:\/\/xenonkungen.com\/#website\"},\"primaryImageOfPage\":{\"@id\":\"https:\/\/xenonkungen.com\/produkt\/ledriving-ledlampa-sl-w21w-t20-rod\/#primaryimage\"},\"image\":{\"@id\":\"https:\/\/xenonkungen.com\/produkt\/ledriving-ledlampa-sl-w21w-t20-rod\/#primaryimage\"},\"thumbnailUrl\":\"https:\/\/xenonkungen.com\/wp-content\/uploads\/2025\/04\/201830669-origpic-3671c1.jpg\",\"datePublished\":\"2025-04-15T09:54:10+00:00\",\"dateModified\":\"2026-04-29T11:30:27+00:00\",\"breadcrumb\":{\"@id\":\"https:\/\/xenonkungen.com\/produkt\/ledriving-ledlampa-sl-w21w-t20-rod\/#breadcrumb\"},\"inLanguage\":\"de\",\"potentialAction\":[{\"@type\":\"ReadAction\",\"target\":[\"https:\/\/xenonkungen.com\/produkt\/ledriving-ledlampa-sl-w21w-t20-rod\/\"]}]},{\"@type\":\"ImageObject\",\"inLanguage\":\"de\",\"@id\":\"https:\/\/xenonkungen.com\/produkt\/ledriving-ledlampa-sl-w21w-t20-rod\/#primaryimage\",\"url\":\"https:\/\/xenonkungen.com\/wp-content\/uploads\/2025\/04\/201830669-origpic-3671c1.jpg\",\"contentUrl\":\"https:\/\/xenonkungen.com\/wp-content\/uploads\/2025\/04\/201830669-origpic-3671c1.jpg\",\"width\":691,\"height\":1000},{\"@type\":\"BreadcrumbList\",\"@id\":\"https:\/\/xenonkungen.com\/produkt\/ledriving-ledlampa-sl-w21w-t20-rod\/#breadcrumb\",\"itemListElement\":[{\"@type\":\"ListItem\",\"position\":1,\"name\":\"Hem\",\"item\":\"https:\/\/xenonkungen.com\/\"},{\"@type\":\"ListItem\",\"position\":2,\"name\":\"Shop\",\"item\":\"https:\/\/xenonkungen.com\/shop\/\"},{\"@type\":\"ListItem\",\"position\":3,\"name\":\"LEDriving\u00ae LEDlampa SL W21W | T20 | R\u00f6d\"}]},{\"@type\":\"WebSite\",\"@id\":\"https:\/\/xenonkungen.com\/#website\",\"url\":\"https:\/\/xenonkungen.com\/\",\"name\":\"Xenonkungen\",\"description\":\"\",\"potentialAction\":[{\"@type\":\"SearchAction\",\"target\":{\"@type\":\"EntryPoint\",\"urlTemplate\":\"https:\/\/xenonkungen.com\/?s={search_term_string}\"},\"query-input\":{\"@type\":\"PropertyValueSpecification\",\"valueRequired\":true,\"valueName\":\"search_term_string\"}}],\"inLanguage\":\"de\"}]}<\/script>\n<!-- \/ Yoast SEO plugin. -->","yoast_head_json":{"title":"LEDriving\u00ae LED-Lampe SL W21W | T20 | Rot - Xenonkungen","robots":{"index":"index","follow":"follow","max-snippet":"max-snippet:-1","max-image-preview":"max-image-preview:large","max-video-preview":"max-video-preview:-1"},"canonical":"https:\/\/xenonkungen.com\/de\/produkt\/ledriving-led-lampe-sl-w21w-t20-stange\/","og_locale":"de_DE","og_type":"article","og_title":"LEDriving\u00ae LEDlampa SL W21W | T20 | R\u00f6d - Xenonkungen","og_description":"Nu kan du uppgradera ditt bilbelysningssystem med LEDriving\u00ae LEDlampa SL W21W! Denna lampa ger stark och j\u00e4mn ljusstyrka f\u00f6r en klar och tydlig syn p\u00e5 v\u00e4gen. Den \u00e4r \u00e4ven milj\u00f6v\u00e4nlig och l\u00e5ngvarig, med en livsl\u00e4ngd upp till 5 g\u00e5nger l\u00e4ngre \u00e4n traditionella gl\u00f6dlampor. Byt ut dina gamla lampor till LEDriving\u00ae LEDlampor nu och se skillnaden! Best\u00e4ll din LEDlampa SL W21W idag fr\u00e5n v\u00e5r webbutik.","og_url":"https:\/\/xenonkungen.com\/de\/produkt\/ledriving-led-lampe-sl-w21w-t20-stange\/","og_site_name":"Xenonkungen","article_modified_time":"2026-04-29T11:30:27+00:00","og_image":[{"width":691,"height":1000,"url":"https:\/\/xenonkungen.com\/wp-content\/uploads\/2025\/04\/201830669-origpic-3671c1.jpg","type":"image\/jpeg"}],"twitter_card":"summary_large_image","twitter_misc":{"Gesch\u00e4tzte Lesezeit":"1\u00a0Minute"},"schema":{"@context":"https:\/\/schema.org","@graph":[{"@type":"WebPage","@id":"https:\/\/xenonkungen.com\/produkt\/ledriving-ledlampa-sl-w21w-t20-rod\/","url":"https:\/\/xenonkungen.com\/produkt\/ledriving-ledlampa-sl-w21w-t20-rod\/","name":"LEDriving\u00ae LED-Lampe SL W21W | T20 | Rot - Xenonkungen","isPartOf":{"@id":"https:\/\/xenonkungen.com\/#website"},"primaryImageOfPage":{"@id":"https:\/\/xenonkungen.com\/produkt\/ledriving-ledlampa-sl-w21w-t20-rod\/#primaryimage"},"image":{"@id":"https:\/\/xenonkungen.com\/produkt\/ledriving-ledlampa-sl-w21w-t20-rod\/#primaryimage"},"thumbnailUrl":"https:\/\/xenonkungen.com\/wp-content\/uploads\/2025\/04\/201830669-origpic-3671c1.jpg","datePublished":"2025-04-15T09:54:10+00:00","dateModified":"2026-04-29T11:30:27+00:00","breadcrumb":{"@id":"https:\/\/xenonkungen.com\/produkt\/ledriving-ledlampa-sl-w21w-t20-rod\/#breadcrumb"},"inLanguage":"de","potentialAction":[{"@type":"ReadAction","target":["https:\/\/xenonkungen.com\/produkt\/ledriving-ledlampa-sl-w21w-t20-rod\/"]}]},{"@type":"ImageObject","inLanguage":"de","@id":"https:\/\/xenonkungen.com\/produkt\/ledriving-ledlampa-sl-w21w-t20-rod\/#primaryimage","url":"https:\/\/xenonkungen.com\/wp-content\/uploads\/2025\/04\/201830669-origpic-3671c1.jpg","contentUrl":"https:\/\/xenonkungen.com\/wp-content\/uploads\/2025\/04\/201830669-origpic-3671c1.jpg","width":691,"height":1000},{"@type":"BreadcrumbList","@id":"https:\/\/xenonkungen.com\/produkt\/ledriving-ledlampa-sl-w21w-t20-rod\/#breadcrumb","itemListElement":[{"@type":"ListItem","position":1,"name":"Hem","item":"https:\/\/xenonkungen.com\/"},{"@type":"ListItem","position":2,"name":"Shop","item":"https:\/\/xenonkungen.com\/shop\/"},{"@type":"ListItem","position":3,"name":"LEDriving\u00ae LEDlampa SL W21W | T20 | R\u00f6d"}]},{"@type":"WebSite","@id":"https:\/\/xenonkungen.com\/#website","url":"https:\/\/xenonkungen.com\/","name":"Xenonkungen","description":"","potentialAction":[{"@type":"SearchAction","target":{"@type":"EntryPoint","urlTemplate":"https:\/\/xenonkungen.com\/?s={search_term_string}"},"query-input":{"@type":"PropertyValueSpecification","valueRequired":true,"valueName":"search_term_string"}}],"inLanguage":"de"}]}},"taxonomy_info":{"product_brand":[{"value":108,"label":"OSRAM"}],"product_cat":[{"value":2526,"label":"7440"},{"value":2524,"label":"T20"},{"value":338,"label":"Diodlampor"}],"pa_faktisk-effekts-forbrukning":[{"value":801,"label":"2"}],"pa_fargtemperatur":[{"value":1201,"label":"R\u00f6d"}],"pa_lampsockel-kontakt":[{"value":1895,"label":"W21W"}],"pa_volt-v":[{"value":159,"label":"12"}]},"featured_image_src_large":["https:\/\/xenonkungen.com\/wp-content\/uploads\/2025\/04\/201830669-origpic-3671c1.jpg",691,1000,false],"author_info":[],"comment_info":0,"_links":{"self":[{"href":"https:\/\/xenonkungen.com\/de\/wp-json\/wp\/v2\/product\/7304","targetHints":{"allow":["GET"]}}],"collection":[{"href":"https:\/\/xenonkungen.com\/de\/wp-json\/wp\/v2\/product"}],"about":[{"href":"https:\/\/xenonkungen.com\/de\/wp-json\/wp\/v2\/types\/product"}],"replies":[{"embeddable":true,"href":"https:\/\/xenonkungen.com\/de\/wp-json\/wp\/v2\/comments?post=7304"}],"wp:featuredmedia":[{"embeddable":true,"href":"https:\/\/xenonkungen.com\/de\/wp-json\/wp\/v2\/media\/7305"}],"wp:attachment":[{"href":"https:\/\/xenonkungen.com\/de\/wp-json\/wp\/v2\/media?parent=7304"}],"wp:term":[{"taxonomy":"anvandningsomrade","embeddable":true,"href":"https:\/\/xenonkungen.com\/de\/wp-json\/wp\/v2\/anvandningsomrade?post=7304"},{"taxonomy":"bilmarken","embeddable":true,"href":"https:\/\/xenonkungen.com\/de\/wp-json\/wp\/v2\/bilmarken?post=7304"},{"taxonomy":"product_brand","embeddable":true,"href":"https:\/\/xenonkungen.com\/de\/wp-json\/wp\/v2\/product_brand?post=7304"},{"taxonomy":"product_cat","embeddable":true,"href":"https:\/\/xenonkungen.com\/de\/wp-json\/wp\/v2\/product_cat?post=7304"},{"taxonomy":"product_tag","embeddable":true,"href":"https:\/\/xenonkungen.com\/de\/wp-json\/wp\/v2\/product_tag?post=7304"}],"curies":[{"name":"wp","href":"https:\/\/api.w.org\/{rel}","templated":true}]}}