{"id":7360,"date":"2025-04-15T09:54:34","date_gmt":"2025-04-15T09:54:34","guid":{"rendered":"https:\/\/xenonkungen.com\/product\/ledriving-hl-easy-h7-h18\/"},"modified":"2026-04-01T07:57:52","modified_gmt":"2026-04-01T06:57:52","slug":"led-fahrrad-hl-easy-h7-h18","status":"publish","type":"product","link":"https:\/\/xenonkungen.com\/de\/produkt\/led-fahrrad-hl-easy-h7-h18\/","title":{"rendered":"LEDriving\u00ae HL EASY H7\/H18"},"content":{"rendered":"<h2>R\u00fcsten Sie Ihre Fahrzeugbeleuchtung mit OSRAM LEDriving HL EASY auf<\/h2>\n<p>Entdecken Sie die n\u00e4chste Stufe der Beleuchtung f\u00fcr Ihr Fahrzeug mit <strong>OSRAM LEDriving HL EASY<\/strong> - die perfekte LED-L\u00f6sung f\u00fcr Fern- und Abblendlicht. Als Ersatz f\u00fcr herk\u00f6mmliche H7\/H18-, H4\/H19- und H15-Halogenlampen bieten diese Hochleistungs-LEDs ein leistungsstarkes, k\u00fchles wei\u00dfes Licht, das sowohl Ihre Sicherheit als auch das stilvolle Aussehen Ihres Fahrzeugs verbessert.<\/p>\n<h3>Einfache Installation mit Plug &amp; Play<\/h3>\n<p>Med <strong>Plug &amp; Play-Installation<\/strong> und optimierter Kompatibilit\u00e4t ist der Austausch Ihrer alten Lampen so einfach wie nie zuvor. Dank des ultrakompakten Designs werden keine Adapter oder zus\u00e4tzliches Werkzeug ben\u00f6tigt - nur eine einfache und reibungslose Installation. Der integrierte Hochgeschwindigkeitsl\u00fcfter sorgt f\u00fcr eine aktive K\u00fchlung und maximale W\u00e4rmeableitung und gew\u00e4hrleistet so eine lang anhaltende Leistung und optimale Helligkeit.<\/p>\n<h3>Vorteile:<\/h3>\n<ul>\n<li>Einfache Plug &amp; Play-Installation - keine Adapter erforderlich<\/li>\n<li>Kompatibel mit 12V-System<\/li>\n<li>K\u00fchl-wei\u00dfes Licht f\u00fcr einen modernen und stilvollen Look<\/li>\n<li>Hervorragende Helligkeit und Haltbarkeit<\/li>\n<li>Kompaktes und effizientes Design mit Hochleistungsk\u00fchlung<\/li>\n<\/ul>\n<p><strong>Wichtige Informationen:<\/strong> Diese LEDs sind nicht ECE-zugelassen und sind f\u00fcr den Einsatz im Gel\u00e4nde oder auf privaten Stra\u00dfen vorgesehen. Pr\u00fcfen Sie vor dem Kauf die \u00f6rtlichen Vorschriften.<\/p>\n<p>Geben Sie Ihrem Auto das Licht, das es verdient - w\u00e4hlen Sie OSRAM LEDriving HL EASY f\u00fcr ein sicheres und stilvolles Fahrerlebnis!<\/p>\n<p><span><strong>Elektrische Daten:<\/strong><br \/>- Leistungsaufnahme: 16 W<br \/>- Nennspannung: 12,0 V<br \/>- Nennleistung: 16 W<br \/>- Pr\u00fcfspannung: 13,2 V<br \/>- Leistungstoleranz: \u00b125 %<br \/><\/span><\/p>\n<p><span><strong>Photometrische Daten:<\/strong><br \/>- Nennlichtstrom: 1400 lm<br \/>- Lichtstromtoleranz: \u00b125 %<br \/>- LED-Lichtfarbe: Kaltwei\u00df<br \/>- Farbtemperatur: 6500 K<br \/><\/span><\/p>\n<p><span><strong>Abmessungen:<\/strong><br \/>- L\u00e4nge: 58,0 mm<br \/>- Durchmesser: 20,0 mm<br \/>- Produktgewicht: 21,00 g<br \/>- Lampenfassung: PX26d<br \/><\/span><\/p>\n<p><span><strong>Lebenserwartung:<\/strong><br \/>- Lebensdauer Tc in Stunden: 1000 h<\/span><\/p>","protected":false},"excerpt":{"rendered":"<p>R\u00fcsten Sie die Beleuchtung Ihres Autos mit OSRAM LEDriving HL EASY auf: Diese Hochleistungs-LED bieten eine einfache Plug &amp; Play-Installation, \u00fcberragende Helligkeit und ein stilvolles, kaltwei\u00dfes Licht. Perfekt f\u00fcr Fern- und Abblendlicht, ohne dass Adapter oder Spezialwerkzeuge erforderlich sind.<\/p>","protected":false},"featured_media":7361,"comment_status":"closed","ping_status":"open","template":"","meta":{"_acf_changed":false,"_smort_price_nok":"742","_smort_price_dkk":"472","_smort_price_eur":"63.18","_smort_sale_price_nok":"","_smort_sale_price_dkk":"","_smort_sale_price_eur":"","smort_restorder":"","shipmondo_restorder":"","_kad_blocks_custom_css":"","_kad_blocks_head_custom_js":"","_kad_blocks_body_custom_js":"","_kad_blocks_footer_custom_js":"","smort_custom_pricelist_1":"444.8","smort_custom_pricelist_2":"389.2","smort_custom_pricelist_3":"361.4","smort_custom_pricelist_4":"556","smort_custom_pricelist_5":"389.2"},"anvandningsomrade":[],"bilmarken":[],"product_brand":[108],"product_cat":[2633,733],"product_tag":[],"class_list":{"0":"post-7360","1":"product","2":"type-product","3":"status-publish","4":"has-post-thumbnail","6":"product_brand-osram","7":"product_cat-osram-ledriving-halvljus-helljus","8":"product_cat-halvljus-helljus","9":"pa_faktisk-effekts-forbrukning-187","10":"pa_fargtemperatur-6500k","11":"pa_lampsockel-kontakt-h7-h18","12":"pa_volt-v-159","14":"first","15":"instock","16":"taxable","17":"shipping-taxable","18":"purchasable","19":"product-type-simple"},"bundled_by":[],"bundle_stock_status":"instock","bundle_stock_quantity":6,"bundle_virtual":false,"bundle_layout":"","bundle_add_to_cart_form_location":"","bundle_editable_in_cart":false,"bundle_sold_individually_context":"","bundle_item_grouping":"","bundle_min_size":"","bundle_max_size":"","bundle_price":[],"bundled_items":[],"bundle_sell_ids":[],"acf":[],"yoast_head":"<!-- This site is optimized with the Yoast SEO plugin v27.0 - https:\/\/yoast.com\/product\/yoast-seo-wordpress\/ -->\n<title>LEDriving\u00ae HL EASY H7\/H18 - Xenonkungen<\/title>\n<meta name=\"robots\" content=\"index, follow, max-snippet:-1, max-image-preview:large, max-video-preview:-1\" \/>\n<link rel=\"canonical\" href=\"https:\/\/xenonkungen.com\/de\/produkt\/led-fahrrad-hl-easy-h7-h18\/\" \/>\n<meta property=\"og:locale\" content=\"de_DE\" \/>\n<meta property=\"og:type\" content=\"article\" \/>\n<meta property=\"og:title\" content=\"LEDriving\u00ae HL EASY H7\/H18 - Xenonkungen\" \/>\n<meta property=\"og:description\" content=\"Uppgradera din bils belysning med OSRAM LEDriving HL EASY. Dessa h\u00f6gpresterande LED-lampor erbjuder enkel plug &amp; play-installation, \u00f6verl\u00e4gsen ljusstyrka och ett stilrent kallvitt ljus. Perfekt f\u00f6r helljus och halvljus utan behov av adaptrar eller specialverktyg.\" \/>\n<meta property=\"og:url\" content=\"https:\/\/xenonkungen.com\/de\/produkt\/led-fahrrad-hl-easy-h7-h18\/\" \/>\n<meta property=\"og:site_name\" content=\"Xenonkungen\" \/>\n<meta property=\"article:modified_time\" content=\"2026-04-01T06:57:52+00:00\" \/>\n<meta property=\"og:image\" content=\"https:\/\/xenonkungen.com\/wp-content\/uploads\/2025\/04\/215811389-origpic-40e4ed.jpg\" \/>\n\t<meta property=\"og:image:width\" content=\"1024\" \/>\n\t<meta property=\"og:image:height\" content=\"1024\" \/>\n\t<meta property=\"og:image:type\" content=\"image\/jpeg\" \/>\n<meta name=\"twitter:card\" content=\"summary_large_image\" \/>\n<meta name=\"twitter:label1\" content=\"Gesch\u00e4tzte Lesezeit\" \/>\n\t<meta name=\"twitter:data1\" content=\"1\u00a0Minute\" \/>\n<script type=\"application\/ld+json\" class=\"yoast-schema-graph\">{\"@context\":\"https:\/\/schema.org\",\"@graph\":[{\"@type\":\"WebPage\",\"@id\":\"https:\/\/xenonkungen.com\/produkt\/ledriving-hl-easy-h7-h18\/\",\"url\":\"https:\/\/xenonkungen.com\/produkt\/ledriving-hl-easy-h7-h18\/\",\"name\":\"LEDriving\u00ae HL EASY H7\/H18 - Xenonkungen\",\"isPartOf\":{\"@id\":\"https:\/\/xenonkungen.com\/#website\"},\"primaryImageOfPage\":{\"@id\":\"https:\/\/xenonkungen.com\/produkt\/ledriving-hl-easy-h7-h18\/#primaryimage\"},\"image\":{\"@id\":\"https:\/\/xenonkungen.com\/produkt\/ledriving-hl-easy-h7-h18\/#primaryimage\"},\"thumbnailUrl\":\"https:\/\/xenonkungen.com\/wp-content\/uploads\/2025\/04\/215811389-origpic-40e4ed.jpg\",\"datePublished\":\"2025-04-15T09:54:34+00:00\",\"dateModified\":\"2026-04-01T06:57:52+00:00\",\"breadcrumb\":{\"@id\":\"https:\/\/xenonkungen.com\/produkt\/ledriving-hl-easy-h7-h18\/#breadcrumb\"},\"inLanguage\":\"de\",\"potentialAction\":[{\"@type\":\"ReadAction\",\"target\":[\"https:\/\/xenonkungen.com\/produkt\/ledriving-hl-easy-h7-h18\/\"]}]},{\"@type\":\"ImageObject\",\"inLanguage\":\"de\",\"@id\":\"https:\/\/xenonkungen.com\/produkt\/ledriving-hl-easy-h7-h18\/#primaryimage\",\"url\":\"https:\/\/xenonkungen.com\/wp-content\/uploads\/2025\/04\/215811389-origpic-40e4ed.jpg\",\"contentUrl\":\"https:\/\/xenonkungen.com\/wp-content\/uploads\/2025\/04\/215811389-origpic-40e4ed.jpg\",\"width\":1024,\"height\":1024},{\"@type\":\"BreadcrumbList\",\"@id\":\"https:\/\/xenonkungen.com\/produkt\/ledriving-hl-easy-h7-h18\/#breadcrumb\",\"itemListElement\":[{\"@type\":\"ListItem\",\"position\":1,\"name\":\"Hem\",\"item\":\"https:\/\/xenonkungen.com\/\"},{\"@type\":\"ListItem\",\"position\":2,\"name\":\"Shop\",\"item\":\"https:\/\/xenonkungen.com\/shop\/\"},{\"@type\":\"ListItem\",\"position\":3,\"name\":\"LEDriving\u00ae HL EASY H7\/H18\"}]},{\"@type\":\"WebSite\",\"@id\":\"https:\/\/xenonkungen.com\/#website\",\"url\":\"https:\/\/xenonkungen.com\/\",\"name\":\"Xenonkungen\",\"description\":\"\",\"potentialAction\":[{\"@type\":\"SearchAction\",\"target\":{\"@type\":\"EntryPoint\",\"urlTemplate\":\"https:\/\/xenonkungen.com\/?s={search_term_string}\"},\"query-input\":{\"@type\":\"PropertyValueSpecification\",\"valueRequired\":true,\"valueName\":\"search_term_string\"}}],\"inLanguage\":\"de\"}]}<\/script>\n<!-- \/ Yoast SEO plugin. -->","yoast_head_json":{"title":"LEDriving\u00ae HL EASY H7\/H18 \u2013 Der Xenon-K\u00f6nig","robots":{"index":"index","follow":"follow","max-snippet":"max-snippet:-1","max-image-preview":"max-image-preview:large","max-video-preview":"max-video-preview:-1"},"canonical":"https:\/\/xenonkungen.com\/de\/produkt\/led-fahrrad-hl-easy-h7-h18\/","og_locale":"de_DE","og_type":"article","og_title":"LEDriving\u00ae HL EASY H7\/H18 - Xenonkungen","og_description":"Uppgradera din bils belysning med OSRAM LEDriving HL EASY. Dessa h\u00f6gpresterande LED-lampor erbjuder enkel plug & play-installation, \u00f6verl\u00e4gsen ljusstyrka och ett stilrent kallvitt ljus. Perfekt f\u00f6r helljus och halvljus utan behov av adaptrar eller specialverktyg.","og_url":"https:\/\/xenonkungen.com\/de\/produkt\/led-fahrrad-hl-easy-h7-h18\/","og_site_name":"Xenonkungen","article_modified_time":"2026-04-01T06:57:52+00:00","og_image":[{"width":1024,"height":1024,"url":"https:\/\/xenonkungen.com\/wp-content\/uploads\/2025\/04\/215811389-origpic-40e4ed.jpg","type":"image\/jpeg"}],"twitter_card":"summary_large_image","twitter_misc":{"Gesch\u00e4tzte Lesezeit":"1\u00a0Minute"},"schema":{"@context":"https:\/\/schema.org","@graph":[{"@type":"WebPage","@id":"https:\/\/xenonkungen.com\/produkt\/ledriving-hl-easy-h7-h18\/","url":"https:\/\/xenonkungen.com\/produkt\/ledriving-hl-easy-h7-h18\/","name":"LEDriving\u00ae HL EASY H7\/H18 \u2013 Der Xenon-K\u00f6nig","isPartOf":{"@id":"https:\/\/xenonkungen.com\/#website"},"primaryImageOfPage":{"@id":"https:\/\/xenonkungen.com\/produkt\/ledriving-hl-easy-h7-h18\/#primaryimage"},"image":{"@id":"https:\/\/xenonkungen.com\/produkt\/ledriving-hl-easy-h7-h18\/#primaryimage"},"thumbnailUrl":"https:\/\/xenonkungen.com\/wp-content\/uploads\/2025\/04\/215811389-origpic-40e4ed.jpg","datePublished":"2025-04-15T09:54:34+00:00","dateModified":"2026-04-01T06:57:52+00:00","breadcrumb":{"@id":"https:\/\/xenonkungen.com\/produkt\/ledriving-hl-easy-h7-h18\/#breadcrumb"},"inLanguage":"de","potentialAction":[{"@type":"ReadAction","target":["https:\/\/xenonkungen.com\/produkt\/ledriving-hl-easy-h7-h18\/"]}]},{"@type":"ImageObject","inLanguage":"de","@id":"https:\/\/xenonkungen.com\/produkt\/ledriving-hl-easy-h7-h18\/#primaryimage","url":"https:\/\/xenonkungen.com\/wp-content\/uploads\/2025\/04\/215811389-origpic-40e4ed.jpg","contentUrl":"https:\/\/xenonkungen.com\/wp-content\/uploads\/2025\/04\/215811389-origpic-40e4ed.jpg","width":1024,"height":1024},{"@type":"BreadcrumbList","@id":"https:\/\/xenonkungen.com\/produkt\/ledriving-hl-easy-h7-h18\/#breadcrumb","itemListElement":[{"@type":"ListItem","position":1,"name":"Hem","item":"https:\/\/xenonkungen.com\/"},{"@type":"ListItem","position":2,"name":"Shop","item":"https:\/\/xenonkungen.com\/shop\/"},{"@type":"ListItem","position":3,"name":"LEDriving\u00ae HL EASY H7\/H18"}]},{"@type":"WebSite","@id":"https:\/\/xenonkungen.com\/#website","url":"https:\/\/xenonkungen.com\/","name":"Xenonkungen","description":"","potentialAction":[{"@type":"SearchAction","target":{"@type":"EntryPoint","urlTemplate":"https:\/\/xenonkungen.com\/?s={search_term_string}"},"query-input":{"@type":"PropertyValueSpecification","valueRequired":true,"valueName":"search_term_string"}}],"inLanguage":"de"}]}},"taxonomy_info":{"product_brand":[{"value":108,"label":"OSRAM"}],"product_cat":[{"value":2633,"label":"OSRAM Ledriving"},{"value":733,"label":"Halvljus \/ Helljus"}],"pa_faktisk-effekts-forbrukning":[{"value":187,"label":"16"}],"pa_fargtemperatur":[{"value":353,"label":"6500K"}],"pa_lampsockel-kontakt":[{"value":1905,"label":"H7\/H18"}],"pa_volt-v":[{"value":159,"label":"12"}]},"featured_image_src_large":["https:\/\/xenonkungen.com\/wp-content\/uploads\/2025\/04\/215811389-origpic-40e4ed.jpg",1024,1024,false],"author_info":[],"comment_info":0,"_links":{"self":[{"href":"https:\/\/xenonkungen.com\/de\/wp-json\/wp\/v2\/product\/7360","targetHints":{"allow":["GET"]}}],"collection":[{"href":"https:\/\/xenonkungen.com\/de\/wp-json\/wp\/v2\/product"}],"about":[{"href":"https:\/\/xenonkungen.com\/de\/wp-json\/wp\/v2\/types\/product"}],"replies":[{"embeddable":true,"href":"https:\/\/xenonkungen.com\/de\/wp-json\/wp\/v2\/comments?post=7360"}],"wp:featuredmedia":[{"embeddable":true,"href":"https:\/\/xenonkungen.com\/de\/wp-json\/wp\/v2\/media\/7361"}],"wp:attachment":[{"href":"https:\/\/xenonkungen.com\/de\/wp-json\/wp\/v2\/media?parent=7360"}],"wp:term":[{"taxonomy":"anvandningsomrade","embeddable":true,"href":"https:\/\/xenonkungen.com\/de\/wp-json\/wp\/v2\/anvandningsomrade?post=7360"},{"taxonomy":"bilmarken","embeddable":true,"href":"https:\/\/xenonkungen.com\/de\/wp-json\/wp\/v2\/bilmarken?post=7360"},{"taxonomy":"product_brand","embeddable":true,"href":"https:\/\/xenonkungen.com\/de\/wp-json\/wp\/v2\/product_brand?post=7360"},{"taxonomy":"product_cat","embeddable":true,"href":"https:\/\/xenonkungen.com\/de\/wp-json\/wp\/v2\/product_cat?post=7360"},{"taxonomy":"product_tag","embeddable":true,"href":"https:\/\/xenonkungen.com\/de\/wp-json\/wp\/v2\/product_tag?post=7360"}],"curies":[{"name":"wp","href":"https:\/\/api.w.org\/{rel}","templated":true}]}}