{"id":7463,"date":"2025-04-15T09:55:46","date_gmt":"2025-04-15T09:55:46","guid":{"rendered":"https:\/\/xenonkungen.com\/product\/osram-ledriving-ledramp-fx250-combo\/"},"modified":"2026-04-24T17:40:47","modified_gmt":"2026-04-24T16:40:47","slug":"osram-ledriving-ledramp-fx250-combo","status":"publish","type":"product","link":"https:\/\/xenonkungen.com\/de\/produkt\/osram-ledriving-ledramp-fx250-combo\/","title":{"rendered":"OSRAM LEDriving\u00ae LEDramp FX250 Combo <31cm>"},"content":{"rendered":"<h2 class=\"font-headline-text-bold orange\">Verbesserte Beleuchtung f\u00fcr kurze und lange Strecken dank LED-Zusatzlicht<\/h2>\n<div class=\"product-text\">\n<div class=\"space-paragraph\" data-attr-id=\"ZPIM1TE00821\">Gerade beim Fahren auf Landstra\u00dfen und Schotterpisten kann die Sichtbarkeit eine gro\u00dfe Rolle f\u00fcr die Sicherheit spielen. Die LEDriving Lightbar FX250-CB ist ein ECE-gepr\u00fcftes LED-Zusatzlicht, das f\u00fcr eine zus\u00e4tzliche Ausleuchtung dunkler Stra\u00dfen \u00fcber lange Strecken sorgt.<\/p>\n<p>Die zehn Hochleistungs-LEDs sorgen auch bei schlechten Lichtverh\u00e4ltnissen und in der D\u00e4mmerung f\u00fcr einen bis zu 320 m langen Lichtstrahl sowie f\u00fcr Tageslichtbedingungen mit einer Farbtemperatur von 6.000 Kelvin.<br \/>Der Zusatzscheinwerfer kann sowohl als zus\u00e4tzliches LED-Fernlicht als auch als leistungsstarker Arbeitsscheinwerfer eingesetzt werden. Der Scheinwerfer ist in beiden Versionen voll ECE-gepr\u00fcft und somit f\u00fcr den Einsatz im \u00f6ffentlichen Stra\u00dfenverkehr geeignet.<br \/>Das clevere Design der Reflektoren lenkt das LED-Licht so um, dass der Gegenverkehr nur indirekt angestrahlt wird. Mit einem Abstrahlwinkel von f\u00fcnf Grad werden entgegenkommende Fahrzeuge nicht unn\u00f6tig geblendet und das Licht wird gleichm\u00e4\u00dfig verteilt.<\/p>\n<p><strong>Robust und langlebig dank hervorragender Handwerkskunst<\/strong><br \/>Als LED-Zusatzleuchte muss die LEDriving Lightbar FX250-CB einiges aushalten. Das kompakte Geh\u00e4use und die robuste Polycarbonat-Linse k\u00f6nnen genau das leisten. Die Kfz-LED-Lichtleiste h\u00e4lt den extremsten Wetter- und Umweltbedingungen stand.<br \/>Dar\u00fcber hinaus sorgen der integrierte Treiber und das W\u00e4rmemanagement daf\u00fcr, dass die zehn Hochleistungs-LEDs nicht \u00fcberhitzen. Der vollst\u00e4ndige Polarit\u00e4tsschutz sch\u00fctzt vor Sch\u00e4den durch \u00dcberspannung und tr\u00e4gt ebenfalls zu einer l\u00e4ngeren Lebensdauer bei.<\/p>\n<p><strong>Sicher und flexibel auf und abseits der Stra\u00dfe<\/strong><br \/>Die Vielseitigkeit der LEDriving Lightbar FX250-CB erm\u00f6glicht einen flexiblen Einsatz. Die LED-Leuchte kann an Pkw, Nutz-, Freizeit-, 4\u00d74- und landwirtschaftlichen Fahrzeugen montiert werden. Dank ihrer extremen Helligkeit ist sie auch ideal als LED-Arbeitsleuchte an Gel\u00e4ndewagen geeignet.<br \/>Das leistungsstarke LED-Zusatzlicht mit 2.700 Lumen bietet die h\u00f6chstm\u00f6gliche optische Effizienz f\u00fcr alle Anwendungen und eine \u00e4sthetische und gleichm\u00e4\u00dfige Lichtverteilung.<\/div>\n<\/div>\n<p><strong>Combo<\/strong> hat 2 verschiedene Reflektoren, die sowohl ein breites als auch ein langes Licht abgeben.<\/p>","protected":false},"excerpt":{"rendered":"<p>F\u00f6rb\u00e4ttrad belysning f\u00f6r korta och l\u00e5nga avst\u00e5nd tack vare LED-extraljus S\u00e4rskilt n\u00e4r man k\u00f6r p\u00e5 lands- och grusv\u00e4gar kan sikten spela en stor roll f\u00f6r s\u00e4kerheten. LEDriving Lightbar FX250-CB \u00e4r ett ECE-godk\u00e4nt LED-extraljus som ger extra belysning av m\u00f6rka v\u00e4gar p\u00e5 l\u00e5nga avst\u00e5nd. \u00c4ven under d\u00e5liga ljusf\u00f6rh\u00e5llande och i skymning ger de tio h\u00f6gpresterande LED-lamporna [&hellip;]<\/p>","protected":false},"featured_media":7464,"comment_status":"closed","ping_status":"open","template":"","meta":{"_acf_changed":false,"_smort_price_nok":"2606","_smort_price_dkk":"1656","_smort_price_eur":"221.81","_smort_sale_price_nok":"","_smort_sale_price_dkk":"","_smort_sale_price_eur":"","smort_restorder":"","shipmondo_restorder":"","_kad_blocks_custom_css":"","_kad_blocks_head_custom_js":"","_kad_blocks_body_custom_js":"","_kad_blocks_footer_custom_js":"","smort_custom_pricelist_1":"1561.6","smort_custom_pricelist_2":"1561.6","smort_custom_pricelist_3":"1483.52","smort_custom_pricelist_4":"1952","smort_custom_pricelist_5":"1561.6"},"anvandningsomrade":[],"bilmarken":[],"product_brand":[108],"product_cat":[2966,2539,2640,2183],"product_tag":[],"class_list":{"0":"post-7463","1":"product","2":"type-product","3":"status-publish","4":"has-post-thumbnail","6":"product_brand-osram","7":"product_cat-ledramp-rak","8":"product_cat-ledramper","9":"product_cat-osram-ledriving-ledramper","10":"product_cat-osram-ledriving","11":"pa_faktisk-effekts-forbrukning-533","12":"pa_fargtemperatur-1428","13":"pa_fuktskydd-varde-ipxx-ip67","14":"pa_godkannande-e4-ece-r10-r112","15":"pa_lampsockel-kontakt-dt","16":"pa_ljusbild-combo","17":"pa_storlek-mm-94x77x400","18":"pa_volt-v-12-24","20":"first","21":"onbackorder","22":"taxable","23":"shipping-taxable","24":"purchasable","25":"product-type-simple"},"bundled_by":[],"bundle_stock_status":"onbackorder","bundle_stock_quantity":0,"bundle_virtual":false,"bundle_layout":"","bundle_add_to_cart_form_location":"","bundle_editable_in_cart":false,"bundle_sold_individually_context":"","bundle_item_grouping":"","bundle_min_size":"","bundle_max_size":"","bundle_price":[],"bundled_items":[],"bundle_sell_ids":[],"acf":[],"yoast_head":"<!-- This site is optimized with the Yoast SEO plugin v27.0 - https:\/\/yoast.com\/product\/yoast-seo-wordpress\/ -->\n<title>OSRAM LEDriving\u00ae LEDramp FX250 Combo  - Xenonkungen<\/title>\n<meta name=\"robots\" content=\"index, follow, max-snippet:-1, max-image-preview:large, max-video-preview:-1\" \/>\n<link rel=\"canonical\" href=\"https:\/\/xenonkungen.com\/de\/produkt\/osram-ledriving-ledramp-fx250-combo\/\" \/>\n<meta property=\"og:locale\" content=\"de_DE\" \/>\n<meta property=\"og:type\" content=\"article\" \/>\n<meta property=\"og:title\" content=\"OSRAM LEDriving\u00ae LEDramp FX250 Combo  - Xenonkungen\" \/>\n<meta property=\"og:description\" content=\"F\u00f6rb\u00e4ttrad belysning f\u00f6r korta och l\u00e5nga avst\u00e5nd tack vare LED-extraljus S\u00e4rskilt n\u00e4r man k\u00f6r p\u00e5 lands- och grusv\u00e4gar kan sikten spela en stor roll f\u00f6r s\u00e4kerheten. LEDriving Lightbar FX250-CB \u00e4r ett ECE-godk\u00e4nt LED-extraljus som ger extra belysning av m\u00f6rka v\u00e4gar p\u00e5 l\u00e5nga avst\u00e5nd. \u00c4ven under d\u00e5liga ljusf\u00f6rh\u00e5llande och i skymning ger de tio h\u00f6gpresterande LED-lamporna [&hellip;]\" \/>\n<meta property=\"og:url\" content=\"https:\/\/xenonkungen.com\/de\/produkt\/osram-ledriving-ledramp-fx250-combo\/\" \/>\n<meta property=\"og:site_name\" content=\"Xenonkungen\" \/>\n<meta property=\"article:modified_time\" content=\"2026-04-24T16:40:47+00:00\" \/>\n<meta property=\"og:image\" content=\"https:\/\/xenonkungen.com\/wp-content\/uploads\/2025\/04\/178110521-origpic-e4df38.png\" \/>\n\t<meta property=\"og:image:width\" content=\"1000\" \/>\n\t<meta property=\"og:image:height\" content=\"728\" \/>\n\t<meta property=\"og:image:type\" content=\"image\/png\" \/>\n<meta name=\"twitter:card\" content=\"summary_large_image\" \/>\n<meta name=\"twitter:label1\" content=\"Gesch\u00e4tzte Lesezeit\" \/>\n\t<meta name=\"twitter:data1\" content=\"2\u00a0Minuten\" \/>\n<script type=\"application\/ld+json\" class=\"yoast-schema-graph\">{\"@context\":\"https:\/\/schema.org\",\"@graph\":[{\"@type\":\"WebPage\",\"@id\":\"https:\/\/xenonkungen.com\/produkt\/osram-ledriving-ledramp-fx250-combo\/\",\"url\":\"https:\/\/xenonkungen.com\/produkt\/osram-ledriving-ledramp-fx250-combo\/\",\"name\":\"OSRAM LEDriving\u00ae LEDramp FX250 Combo - Xenonkungen\",\"isPartOf\":{\"@id\":\"https:\/\/xenonkungen.com\/#website\"},\"primaryImageOfPage\":{\"@id\":\"https:\/\/xenonkungen.com\/produkt\/osram-ledriving-ledramp-fx250-combo\/#primaryimage\"},\"image\":{\"@id\":\"https:\/\/xenonkungen.com\/produkt\/osram-ledriving-ledramp-fx250-combo\/#primaryimage\"},\"thumbnailUrl\":\"https:\/\/xenonkungen.com\/wp-content\/uploads\/2025\/04\/178110521-origpic-e4df38.png\",\"datePublished\":\"2025-04-15T09:55:46+00:00\",\"dateModified\":\"2026-04-24T16:40:47+00:00\",\"breadcrumb\":{\"@id\":\"https:\/\/xenonkungen.com\/produkt\/osram-ledriving-ledramp-fx250-combo\/#breadcrumb\"},\"inLanguage\":\"de\",\"potentialAction\":[{\"@type\":\"ReadAction\",\"target\":[\"https:\/\/xenonkungen.com\/produkt\/osram-ledriving-ledramp-fx250-combo\/\"]}]},{\"@type\":\"ImageObject\",\"inLanguage\":\"de\",\"@id\":\"https:\/\/xenonkungen.com\/produkt\/osram-ledriving-ledramp-fx250-combo\/#primaryimage\",\"url\":\"https:\/\/xenonkungen.com\/wp-content\/uploads\/2025\/04\/178110521-origpic-e4df38.png\",\"contentUrl\":\"https:\/\/xenonkungen.com\/wp-content\/uploads\/2025\/04\/178110521-origpic-e4df38.png\",\"width\":1000,\"height\":728},{\"@type\":\"BreadcrumbList\",\"@id\":\"https:\/\/xenonkungen.com\/produkt\/osram-ledriving-ledramp-fx250-combo\/#breadcrumb\",\"itemListElement\":[{\"@type\":\"ListItem\",\"position\":1,\"name\":\"Hem\",\"item\":\"https:\/\/xenonkungen.com\/\"},{\"@type\":\"ListItem\",\"position\":2,\"name\":\"Shop\",\"item\":\"https:\/\/xenonkungen.com\/shop\/\"},{\"@type\":\"ListItem\",\"position\":3,\"name\":\"OSRAM LEDriving\u00ae LEDramp FX250 Combo\"}]},{\"@type\":\"WebSite\",\"@id\":\"https:\/\/xenonkungen.com\/#website\",\"url\":\"https:\/\/xenonkungen.com\/\",\"name\":\"Xenonkungen\",\"description\":\"\",\"potentialAction\":[{\"@type\":\"SearchAction\",\"target\":{\"@type\":\"EntryPoint\",\"urlTemplate\":\"https:\/\/xenonkungen.com\/?s={search_term_string}\"},\"query-input\":{\"@type\":\"PropertyValueSpecification\",\"valueRequired\":true,\"valueName\":\"search_term_string\"}}],\"inLanguage\":\"de\"}]}<\/script>\n<!-- \/ Yoast SEO plugin. -->","yoast_head_json":{"title":"OSRAM LEDriving\u00ae LEDramp FX250 Combo \u2013 Der Xenon-K\u00f6nig","robots":{"index":"index","follow":"follow","max-snippet":"max-snippet:-1","max-image-preview":"max-image-preview:large","max-video-preview":"max-video-preview:-1"},"canonical":"https:\/\/xenonkungen.com\/de\/produkt\/osram-ledriving-ledramp-fx250-combo\/","og_locale":"de_DE","og_type":"article","og_title":"OSRAM LEDriving\u00ae LEDramp FX250 Combo  - Xenonkungen","og_description":"F\u00f6rb\u00e4ttrad belysning f\u00f6r korta och l\u00e5nga avst\u00e5nd tack vare LED-extraljus S\u00e4rskilt n\u00e4r man k\u00f6r p\u00e5 lands- och grusv\u00e4gar kan sikten spela en stor roll f\u00f6r s\u00e4kerheten. LEDriving Lightbar FX250-CB \u00e4r ett ECE-godk\u00e4nt LED-extraljus som ger extra belysning av m\u00f6rka v\u00e4gar p\u00e5 l\u00e5nga avst\u00e5nd. \u00c4ven under d\u00e5liga ljusf\u00f6rh\u00e5llande och i skymning ger de tio h\u00f6gpresterande LED-lamporna [&hellip;]","og_url":"https:\/\/xenonkungen.com\/de\/produkt\/osram-ledriving-ledramp-fx250-combo\/","og_site_name":"Xenonkungen","article_modified_time":"2026-04-24T16:40:47+00:00","og_image":[{"width":1000,"height":728,"url":"https:\/\/xenonkungen.com\/wp-content\/uploads\/2025\/04\/178110521-origpic-e4df38.png","type":"image\/png"}],"twitter_card":"summary_large_image","twitter_misc":{"Gesch\u00e4tzte Lesezeit":"2\u00a0Minuten"},"schema":{"@context":"https:\/\/schema.org","@graph":[{"@type":"WebPage","@id":"https:\/\/xenonkungen.com\/produkt\/osram-ledriving-ledramp-fx250-combo\/","url":"https:\/\/xenonkungen.com\/produkt\/osram-ledriving-ledramp-fx250-combo\/","name":"OSRAM LEDriving\u00ae LEDramp FX250 Combo \u2013 Der Xenon-K\u00f6nig","isPartOf":{"@id":"https:\/\/xenonkungen.com\/#website"},"primaryImageOfPage":{"@id":"https:\/\/xenonkungen.com\/produkt\/osram-ledriving-ledramp-fx250-combo\/#primaryimage"},"image":{"@id":"https:\/\/xenonkungen.com\/produkt\/osram-ledriving-ledramp-fx250-combo\/#primaryimage"},"thumbnailUrl":"https:\/\/xenonkungen.com\/wp-content\/uploads\/2025\/04\/178110521-origpic-e4df38.png","datePublished":"2025-04-15T09:55:46+00:00","dateModified":"2026-04-24T16:40:47+00:00","breadcrumb":{"@id":"https:\/\/xenonkungen.com\/produkt\/osram-ledriving-ledramp-fx250-combo\/#breadcrumb"},"inLanguage":"de","potentialAction":[{"@type":"ReadAction","target":["https:\/\/xenonkungen.com\/produkt\/osram-ledriving-ledramp-fx250-combo\/"]}]},{"@type":"ImageObject","inLanguage":"de","@id":"https:\/\/xenonkungen.com\/produkt\/osram-ledriving-ledramp-fx250-combo\/#primaryimage","url":"https:\/\/xenonkungen.com\/wp-content\/uploads\/2025\/04\/178110521-origpic-e4df38.png","contentUrl":"https:\/\/xenonkungen.com\/wp-content\/uploads\/2025\/04\/178110521-origpic-e4df38.png","width":1000,"height":728},{"@type":"BreadcrumbList","@id":"https:\/\/xenonkungen.com\/produkt\/osram-ledriving-ledramp-fx250-combo\/#breadcrumb","itemListElement":[{"@type":"ListItem","position":1,"name":"Hem","item":"https:\/\/xenonkungen.com\/"},{"@type":"ListItem","position":2,"name":"Shop","item":"https:\/\/xenonkungen.com\/shop\/"},{"@type":"ListItem","position":3,"name":"OSRAM LEDriving\u00ae LEDramp FX250 Combo"}]},{"@type":"WebSite","@id":"https:\/\/xenonkungen.com\/#website","url":"https:\/\/xenonkungen.com\/","name":"Xenonkungen","description":"","potentialAction":[{"@type":"SearchAction","target":{"@type":"EntryPoint","urlTemplate":"https:\/\/xenonkungen.com\/?s={search_term_string}"},"query-input":{"@type":"PropertyValueSpecification","valueRequired":true,"valueName":"search_term_string"}}],"inLanguage":"de"}]}},"taxonomy_info":{"product_brand":[{"value":108,"label":"OSRAM"}],"product_cat":[{"value":2966,"label":"Ledramp Rak"},{"value":2539,"label":"LEDRAMPER"},{"value":2640,"label":"OSRAM Ledriving Serie"},{"value":2183,"label":"OSRAM LEDriving\u00ae"}],"pa_faktisk-effekts-forbrukning":[{"value":533,"label":"30"}],"pa_fargtemperatur":[{"value":1428,"label":"6000"}],"pa_fuktskydd-varde-ipxx":[{"value":333,"label":"IP67"}],"pa_godkannande":[{"value":1930,"label":"E4, ECE R10, R112"}],"pa_lampsockel-kontakt":[{"value":329,"label":"DT"}],"pa_ljusbild":[{"value":804,"label":"Combo"}],"pa_storlek-mm":[{"value":1929,"label":"94x77x400"}],"pa_volt-v":[{"value":348,"label":"12, 24"}]},"featured_image_src_large":["https:\/\/xenonkungen.com\/wp-content\/uploads\/2025\/04\/178110521-origpic-e4df38.png",1000,728,false],"author_info":[],"comment_info":0,"_links":{"self":[{"href":"https:\/\/xenonkungen.com\/de\/wp-json\/wp\/v2\/product\/7463","targetHints":{"allow":["GET"]}}],"collection":[{"href":"https:\/\/xenonkungen.com\/de\/wp-json\/wp\/v2\/product"}],"about":[{"href":"https:\/\/xenonkungen.com\/de\/wp-json\/wp\/v2\/types\/product"}],"replies":[{"embeddable":true,"href":"https:\/\/xenonkungen.com\/de\/wp-json\/wp\/v2\/comments?post=7463"}],"wp:featuredmedia":[{"embeddable":true,"href":"https:\/\/xenonkungen.com\/de\/wp-json\/wp\/v2\/media\/7464"}],"wp:attachment":[{"href":"https:\/\/xenonkungen.com\/de\/wp-json\/wp\/v2\/media?parent=7463"}],"wp:term":[{"taxonomy":"anvandningsomrade","embeddable":true,"href":"https:\/\/xenonkungen.com\/de\/wp-json\/wp\/v2\/anvandningsomrade?post=7463"},{"taxonomy":"bilmarken","embeddable":true,"href":"https:\/\/xenonkungen.com\/de\/wp-json\/wp\/v2\/bilmarken?post=7463"},{"taxonomy":"product_brand","embeddable":true,"href":"https:\/\/xenonkungen.com\/de\/wp-json\/wp\/v2\/product_brand?post=7463"},{"taxonomy":"product_cat","embeddable":true,"href":"https:\/\/xenonkungen.com\/de\/wp-json\/wp\/v2\/product_cat?post=7463"},{"taxonomy":"product_tag","embeddable":true,"href":"https:\/\/xenonkungen.com\/de\/wp-json\/wp\/v2\/product_tag?post=7463"}],"curies":[{"name":"wp","href":"https:\/\/api.w.org\/{rel}","templated":true}]}}