{"id":7520,"date":"2025-04-15T09:56:25","date_gmt":"2025-04-15T09:56:25","guid":{"rendered":"https:\/\/xenonkungen.com\/product\/ledriving-arbetsljus-vx120s-wd\/"},"modified":"2026-04-11T01:30:57","modified_gmt":"2026-04-11T00:30:57","slug":"led-fahrlicht-vx120s-wd","status":"publish","type":"product","link":"https:\/\/xenonkungen.com\/de\/produkt\/led-fahrlicht-vx120s-wd\/","title":{"rendered":"LEDriving\u00ae Arbeitsleuchte VX120S-WD"},"content":{"rendered":"<h1>Erhellen Sie Ihr Leben mit OSRAM LEDriving Fahr- und Arbeitsscheinwerfern<\/h1>\n<p>OSRAM LEDriving R\u00fcckfahrscheinwerfer FX120S-WD beleuchten dunkle Landstra\u00dfen und Waldwege. <\/p>\n<p>Die 13 leistungsstarken LEDs mit einer Leuchtweite von 36 Metern warnen den Fahrer zuverl\u00e4ssig \u2013 sowohl auf der Stra\u00dfe als auch im Gel\u00e4nde. Selbst bei schlechten Lichtverh\u00e4ltnissen sorgt die OSRAM LEDriving R\u00fcckfahrleuchte FX120S-WD dank einer Farbtemperatur von bis zu 6000 Kelvin f\u00fcr tageslicht\u00e4hnliches Licht. Die hohe Lichtausbeute von 1100 Lumen geht einher mit einer sehr hohen optischen Effizienz und gleichm\u00e4\u00dfigen Lichtverteilung. So sehen Sie besser und Ihr Fahrzeug wird von anderen Verkehrsteilnehmern besser wahrgenommen \u2013 ein wichtiger Beitrag zu mehr Sicherheit im Stra\u00dfenverkehr und im Gel\u00e4nde.<\/p>\n<p>Auf der Stra\u00dfe oder im Gel\u00e4nde? <br \/>Die OSRAM LEDriving R\u00fcckfahrleuchte FX120S-WD \u00fcberzeugt durch ihre hohe Leistung und lange Lebensdauer. Dank hochwertiger Materialien wie einem thermoplastischen Geh\u00e4use und einer robusten Polycarbonat-Linse trotzt die vielseitige R\u00fcckfahrleuchte selbst h\u00e4rtesten Umgebungsbedingungen und ist dabei leicht und langlebig. Die LEDriving R\u00fcckfahrleuchte FX120S-WD wurde in unserem DIN-zertifizierten Umweltsimulationslabor extremen Bedingungen wie Wasser, Staub, St\u00f6\u00dfen, hohen und niedrigen Temperaturen sowie Dauervibrationen ausgesetzt und mit der Schutzart IP69K zertifiziert. <\/p>\n<p>Ein integriertes Treiber- und W\u00e4rmemanagementsystem reguliert die Temperatur der LED-R\u00fcckleuchte und sch\u00fctzt vor Sch\u00e4den durch \u00dcberhitzung. Der Verpolungsschutz verhindert eine falsche Polarit\u00e4t in der Stromversorgung und schaltet die LED-Leuchten automatisch ab, um potenzielle Sch\u00e4den zu vermeiden. <\/p>\n<p>Auf der Stra\u00dfe oder im Gel\u00e4nde?<br \/>Die OSRAM LEDriving R\u00fcckfahrleuchte FX120S-WD ist eine effektive Aufr\u00fcstung f\u00fcr Ihr Fahrzeug. Die ECE-zertifizierten LED-R\u00fcckfahrleuchten erfordern keine erneute Zulassung und keine Erg\u00e4nzungen der Fahrzeugdokumentation.<\/p>\n<p>Die LED-R\u00fcckfahrleuchte kann an Pkw, Lkw, landwirtschaftlichen Maschinen, Nutzfahrzeugen, Baumaschinen, Forstmaschinen, Wohnwagen, Gel\u00e4ndefahrzeugen und Quads montiert werden.<br \/>Die R\u00fcckfahrscheinwerfer OSRAM LEDriving FX120S-WD sind vielseitig und flexibel.<\/p>","protected":false},"excerpt":{"rendered":"<p>Preisg\u00fcnstige Arbeitsleuchte von OSRAM. Perfekt als R\u00fcckfahrscheinwerfer oder Arbeitsleuchte.<\/p>","protected":false},"featured_media":7521,"comment_status":"closed","ping_status":"open","template":"","meta":{"_acf_changed":false,"_smort_price_nok":"566","_smort_price_dkk":"360","_smort_price_eur":"48.18","_smort_sale_price_nok":"","_smort_sale_price_dkk":"","_smort_sale_price_eur":"","smort_restorder":"","shipmondo_restorder":"","_kad_blocks_custom_css":"","_kad_blocks_head_custom_js":"","_kad_blocks_body_custom_js":"","_kad_blocks_footer_custom_js":"","smort_custom_pricelist_1":"339.2","smort_custom_pricelist_2":"339.2","smort_custom_pricelist_3":"322.24","smort_custom_pricelist_4":"424","smort_custom_pricelist_5":"339.2"},"anvandningsomrade":[],"bilmarken":[],"product_brand":[108],"product_cat":[2639,2642,508],"product_tag":[],"class_list":{"0":"post-7520","1":"product","2":"type-product","3":"status-publish","4":"has-post-thumbnail","6":"product_brand-osram","7":"product_cat-osram-ledriving-arbetsbelysning","8":"product_cat-osram-ledriving-backljus-backljus-osram-ledriving-arbetsbelysning","9":"product_cat-arbetsbelysning","10":"pa_faktisk-effekts-forbrukning-537","11":"pa_fargtemperatur-1428","12":"pa_fuktskydd-varde-ipxx-ip69k","13":"pa_godkannande-ep-ece-r10-r23","14":"pa_lampsockel-kontakt-dt","15":"pa_storlek-mm-56x127x113","16":"pa_volt-v-12-24","18":"first","19":"instock","20":"taxable","21":"shipping-taxable","22":"purchasable","23":"product-type-simple"},"bundled_by":[],"bundle_stock_status":"instock","bundle_stock_quantity":4,"bundle_virtual":false,"bundle_layout":"","bundle_add_to_cart_form_location":"","bundle_editable_in_cart":false,"bundle_sold_individually_context":"","bundle_item_grouping":"","bundle_min_size":"","bundle_max_size":"","bundle_price":[],"bundled_items":[],"bundle_sell_ids":[],"acf":[],"yoast_head":"<!-- This site is optimized with the Yoast SEO plugin v27.0 - https:\/\/yoast.com\/product\/yoast-seo-wordpress\/ -->\n<title>LEDriving\u00ae Arbetsljus VX120S-WD - Xenonkungen<\/title>\n<meta name=\"robots\" content=\"index, follow, max-snippet:-1, max-image-preview:large, max-video-preview:-1\" \/>\n<link rel=\"canonical\" href=\"https:\/\/xenonkungen.com\/de\/produkt\/led-fahrlicht-vx120s-wd\/\" \/>\n<meta property=\"og:locale\" content=\"de_DE\" \/>\n<meta property=\"og:type\" content=\"article\" \/>\n<meta property=\"og:title\" content=\"LEDriving\u00ae Arbetsljus VX120S-WD - Xenonkungen\" \/>\n<meta property=\"og:description\" content=\"Prisv\u00e4rt arbetsljus fr\u00e5n OSRAM. Passar perfekt som Backljus eller Arbetsljus.\" \/>\n<meta property=\"og:url\" content=\"https:\/\/xenonkungen.com\/de\/produkt\/led-fahrlicht-vx120s-wd\/\" \/>\n<meta property=\"og:site_name\" content=\"Xenonkungen\" \/>\n<meta property=\"article:modified_time\" content=\"2026-04-11T00:30:57+00:00\" \/>\n<meta property=\"og:image\" content=\"https:\/\/xenonkungen.com\/wp-content\/uploads\/2025\/04\/178262373-origpic-d35c8e.jpg\" \/>\n\t<meta property=\"og:image:width\" content=\"760\" \/>\n\t<meta property=\"og:image:height\" content=\"760\" \/>\n\t<meta property=\"og:image:type\" content=\"image\/jpeg\" \/>\n<meta name=\"twitter:card\" content=\"summary_large_image\" \/>\n<meta name=\"twitter:label1\" content=\"Gesch\u00e4tzte Lesezeit\" \/>\n\t<meta name=\"twitter:data1\" content=\"2\u00a0Minuten\" \/>\n<script type=\"application\/ld+json\" class=\"yoast-schema-graph\">{\"@context\":\"https:\/\/schema.org\",\"@graph\":[{\"@type\":\"WebPage\",\"@id\":\"https:\/\/xenonkungen.com\/produkt\/ledriving-arbetsljus-vx120s-wd\/\",\"url\":\"https:\/\/xenonkungen.com\/produkt\/ledriving-arbetsljus-vx120s-wd\/\",\"name\":\"LEDriving\u00ae Arbetsljus VX120S-WD - Xenonkungen\",\"isPartOf\":{\"@id\":\"https:\/\/xenonkungen.com\/#website\"},\"primaryImageOfPage\":{\"@id\":\"https:\/\/xenonkungen.com\/produkt\/ledriving-arbetsljus-vx120s-wd\/#primaryimage\"},\"image\":{\"@id\":\"https:\/\/xenonkungen.com\/produkt\/ledriving-arbetsljus-vx120s-wd\/#primaryimage\"},\"thumbnailUrl\":\"https:\/\/xenonkungen.com\/wp-content\/uploads\/2025\/04\/178262373-origpic-d35c8e.jpg\",\"datePublished\":\"2025-04-15T09:56:25+00:00\",\"dateModified\":\"2026-04-11T00:30:57+00:00\",\"breadcrumb\":{\"@id\":\"https:\/\/xenonkungen.com\/produkt\/ledriving-arbetsljus-vx120s-wd\/#breadcrumb\"},\"inLanguage\":\"de\",\"potentialAction\":[{\"@type\":\"ReadAction\",\"target\":[\"https:\/\/xenonkungen.com\/produkt\/ledriving-arbetsljus-vx120s-wd\/\"]}]},{\"@type\":\"ImageObject\",\"inLanguage\":\"de\",\"@id\":\"https:\/\/xenonkungen.com\/produkt\/ledriving-arbetsljus-vx120s-wd\/#primaryimage\",\"url\":\"https:\/\/xenonkungen.com\/wp-content\/uploads\/2025\/04\/178262373-origpic-d35c8e.jpg\",\"contentUrl\":\"https:\/\/xenonkungen.com\/wp-content\/uploads\/2025\/04\/178262373-origpic-d35c8e.jpg\",\"width\":760,\"height\":760},{\"@type\":\"BreadcrumbList\",\"@id\":\"https:\/\/xenonkungen.com\/produkt\/ledriving-arbetsljus-vx120s-wd\/#breadcrumb\",\"itemListElement\":[{\"@type\":\"ListItem\",\"position\":1,\"name\":\"Hem\",\"item\":\"https:\/\/xenonkungen.com\/\"},{\"@type\":\"ListItem\",\"position\":2,\"name\":\"Shop\",\"item\":\"https:\/\/xenonkungen.com\/shop\/\"},{\"@type\":\"ListItem\",\"position\":3,\"name\":\"LEDriving\u00ae Arbetsljus VX120S-WD\"}]},{\"@type\":\"WebSite\",\"@id\":\"https:\/\/xenonkungen.com\/#website\",\"url\":\"https:\/\/xenonkungen.com\/\",\"name\":\"Xenonkungen\",\"description\":\"\",\"potentialAction\":[{\"@type\":\"SearchAction\",\"target\":{\"@type\":\"EntryPoint\",\"urlTemplate\":\"https:\/\/xenonkungen.com\/?s={search_term_string}\"},\"query-input\":{\"@type\":\"PropertyValueSpecification\",\"valueRequired\":true,\"valueName\":\"search_term_string\"}}],\"inLanguage\":\"de\"}]}<\/script>\n<!-- \/ Yoast SEO plugin. -->","yoast_head_json":{"title":"LEDriving\u00ae Arbeitsleuchte VX120S-WD - Xenonkungen","robots":{"index":"index","follow":"follow","max-snippet":"max-snippet:-1","max-image-preview":"max-image-preview:large","max-video-preview":"max-video-preview:-1"},"canonical":"https:\/\/xenonkungen.com\/de\/produkt\/led-fahrlicht-vx120s-wd\/","og_locale":"de_DE","og_type":"article","og_title":"LEDriving\u00ae Arbetsljus VX120S-WD - Xenonkungen","og_description":"Prisv\u00e4rt arbetsljus fr\u00e5n OSRAM. Passar perfekt som Backljus eller Arbetsljus.","og_url":"https:\/\/xenonkungen.com\/de\/produkt\/led-fahrlicht-vx120s-wd\/","og_site_name":"Xenonkungen","article_modified_time":"2026-04-11T00:30:57+00:00","og_image":[{"width":760,"height":760,"url":"https:\/\/xenonkungen.com\/wp-content\/uploads\/2025\/04\/178262373-origpic-d35c8e.jpg","type":"image\/jpeg"}],"twitter_card":"summary_large_image","twitter_misc":{"Gesch\u00e4tzte Lesezeit":"2\u00a0Minuten"},"schema":{"@context":"https:\/\/schema.org","@graph":[{"@type":"WebPage","@id":"https:\/\/xenonkungen.com\/produkt\/ledriving-arbetsljus-vx120s-wd\/","url":"https:\/\/xenonkungen.com\/produkt\/ledriving-arbetsljus-vx120s-wd\/","name":"LEDriving\u00ae Arbeitsleuchte VX120S-WD - Xenonkungen","isPartOf":{"@id":"https:\/\/xenonkungen.com\/#website"},"primaryImageOfPage":{"@id":"https:\/\/xenonkungen.com\/produkt\/ledriving-arbetsljus-vx120s-wd\/#primaryimage"},"image":{"@id":"https:\/\/xenonkungen.com\/produkt\/ledriving-arbetsljus-vx120s-wd\/#primaryimage"},"thumbnailUrl":"https:\/\/xenonkungen.com\/wp-content\/uploads\/2025\/04\/178262373-origpic-d35c8e.jpg","datePublished":"2025-04-15T09:56:25+00:00","dateModified":"2026-04-11T00:30:57+00:00","breadcrumb":{"@id":"https:\/\/xenonkungen.com\/produkt\/ledriving-arbetsljus-vx120s-wd\/#breadcrumb"},"inLanguage":"de","potentialAction":[{"@type":"ReadAction","target":["https:\/\/xenonkungen.com\/produkt\/ledriving-arbetsljus-vx120s-wd\/"]}]},{"@type":"ImageObject","inLanguage":"de","@id":"https:\/\/xenonkungen.com\/produkt\/ledriving-arbetsljus-vx120s-wd\/#primaryimage","url":"https:\/\/xenonkungen.com\/wp-content\/uploads\/2025\/04\/178262373-origpic-d35c8e.jpg","contentUrl":"https:\/\/xenonkungen.com\/wp-content\/uploads\/2025\/04\/178262373-origpic-d35c8e.jpg","width":760,"height":760},{"@type":"BreadcrumbList","@id":"https:\/\/xenonkungen.com\/produkt\/ledriving-arbetsljus-vx120s-wd\/#breadcrumb","itemListElement":[{"@type":"ListItem","position":1,"name":"Hem","item":"https:\/\/xenonkungen.com\/"},{"@type":"ListItem","position":2,"name":"Shop","item":"https:\/\/xenonkungen.com\/shop\/"},{"@type":"ListItem","position":3,"name":"LEDriving\u00ae Arbetsljus VX120S-WD"}]},{"@type":"WebSite","@id":"https:\/\/xenonkungen.com\/#website","url":"https:\/\/xenonkungen.com\/","name":"Xenonkungen","description":"","potentialAction":[{"@type":"SearchAction","target":{"@type":"EntryPoint","urlTemplate":"https:\/\/xenonkungen.com\/?s={search_term_string}"},"query-input":{"@type":"PropertyValueSpecification","valueRequired":true,"valueName":"search_term_string"}}],"inLanguage":"de"}]}},"taxonomy_info":{"product_brand":[{"value":108,"label":"OSRAM"}],"product_cat":[{"value":2639,"label":"OSRAM Ledriving"},{"value":2642,"label":"OSRAM Ledriving"},{"value":508,"label":"Arbetsbelysning"}],"pa_faktisk-effekts-forbrukning":[{"value":537,"label":"15"}],"pa_fargtemperatur":[{"value":1428,"label":"6000"}],"pa_fuktskydd-varde-ipxx":[{"value":155,"label":"IP69K"}],"pa_godkannande":[{"value":1946,"label":"EP , ECE R10 , R23"}],"pa_lampsockel-kontakt":[{"value":329,"label":"DT"}],"pa_storlek-mm":[{"value":1945,"label":"56x127x113"}],"pa_volt-v":[{"value":348,"label":"12, 24"}]},"featured_image_src_large":["https:\/\/xenonkungen.com\/wp-content\/uploads\/2025\/04\/178262373-origpic-d35c8e.jpg",760,760,false],"author_info":[],"comment_info":1,"_links":{"self":[{"href":"https:\/\/xenonkungen.com\/de\/wp-json\/wp\/v2\/product\/7520","targetHints":{"allow":["GET"]}}],"collection":[{"href":"https:\/\/xenonkungen.com\/de\/wp-json\/wp\/v2\/product"}],"about":[{"href":"https:\/\/xenonkungen.com\/de\/wp-json\/wp\/v2\/types\/product"}],"replies":[{"embeddable":true,"href":"https:\/\/xenonkungen.com\/de\/wp-json\/wp\/v2\/comments?post=7520"}],"wp:featuredmedia":[{"embeddable":true,"href":"https:\/\/xenonkungen.com\/de\/wp-json\/wp\/v2\/media\/7521"}],"wp:attachment":[{"href":"https:\/\/xenonkungen.com\/de\/wp-json\/wp\/v2\/media?parent=7520"}],"wp:term":[{"taxonomy":"anvandningsomrade","embeddable":true,"href":"https:\/\/xenonkungen.com\/de\/wp-json\/wp\/v2\/anvandningsomrade?post=7520"},{"taxonomy":"bilmarken","embeddable":true,"href":"https:\/\/xenonkungen.com\/de\/wp-json\/wp\/v2\/bilmarken?post=7520"},{"taxonomy":"product_brand","embeddable":true,"href":"https:\/\/xenonkungen.com\/de\/wp-json\/wp\/v2\/product_brand?post=7520"},{"taxonomy":"product_cat","embeddable":true,"href":"https:\/\/xenonkungen.com\/de\/wp-json\/wp\/v2\/product_cat?post=7520"},{"taxonomy":"product_tag","embeddable":true,"href":"https:\/\/xenonkungen.com\/de\/wp-json\/wp\/v2\/product_tag?post=7520"}],"curies":[{"name":"wp","href":"https:\/\/api.w.org\/{rel}","templated":true}]}}