{"id":7524,"date":"2025-04-15T09:56:39","date_gmt":"2025-04-15T09:56:39","guid":{"rendered":"https:\/\/xenonkungen.com\/product\/ledriving-ledramp-mx250-cb-positionsljus\/"},"modified":"2026-04-24T17:41:02","modified_gmt":"2026-04-24T16:41:02","slug":"ledriving-ledramp-mx250-cb-position-light","status":"publish","type":"product","link":"https:\/\/xenonkungen.com\/de\/produkt\/ledriving-ledramp-mx250-cb-position-light\/","title":{"rendered":"LEDriving\u00ae LEDramp MX250-CB | Positionslicht <39cm>"},"content":{"rendered":"<h1>Erhelle dein Leben mit der OSRAM LEDriving LED-Rampe<\/h1>\n<p>Die OSRAM LEDriving Lightbar MX250-CB leuchtet dunkle Landstra\u00dfen und Waldwege optimal aus. Mit 26 leistungsstarken, langlebigen LEDs bietet sie eine Reichweite von bis zu 320 Metern und warnt den Fahrer zuverl\u00e4ssig \u2013 sowohl auf der Stra\u00dfe als auch im Gel\u00e4nde. Selbst bei schlechten Lichtverh\u00e4ltnissen sorgt die OSRAM LEDriving Lightbar MX250-CB dank einer Farbtemperatur von bis zu 6.000 Kelvin f\u00fcr tageslicht\u00e4hnliches Licht. Die hohe Lichtleistung von bis zu 2.700 Lumen geht einher mit einer sehr hohen optischen Effizienz und gleichm\u00e4\u00dfigen Lichtverteilung. So sehen Sie besser und Ihr Fahrzeug wird von anderen Verkehrsteilnehmern besser wahrgenommen \u2013 f\u00fcr mehr Sicherheit im Stra\u00dfenverkehr und im Gel\u00e4nde.<\/p>\n<p>Die OSRAM LEDriving Lightbar MX250-CB \u00fcberzeugt durch ihre hohe Leistung und eine lange Lebensdauer von bis zu 5.000 Stunden. Dank hochwertiger Materialien wie einem Aluminiumgeh\u00e4use und einer robusten Polycarbonatlinse trotzt die vielseitige Leuchte selbst h\u00e4rtesten Umgebungsbedingungen und ist dabei leicht und gleichzeitig langlebig. Die OSRAM LEDriving Lightbar MX250-CB wurde in unserem DIN-zertifizierten Umweltsimulationslabor auf extreme Bedingungen wie Wasser, Staub, St\u00f6\u00dfe, hohe und niedrige Temperaturen sowie Dauervibrationen getestet und mit der Schutzart IP69K zertifiziert. Ein integrierter Treiber und ein W\u00e4rmemanagementsystem regulieren die Temperatur der LED-Lichtleiste und verhindern Sch\u00e4den durch \u00dcberhitzung. Der Verpolungsschutz verhindert eine falsche Polarit\u00e4t in der Stromversorgung und schaltet die LED-Lampen automatisch ab, um potenzielle Sch\u00e4den zu vermeiden. <\/p>\n<p>Auf der Stra\u00dfe oder im Gel\u00e4nde? <br \/>Die OSRAM LEDriving Lightbar MX250-CB ist eine effektive Aufr\u00fcstung f\u00fcr Ihr Fahrzeug. Die ECE-zertifizierten LED-Zusatzscheinwerfer erfordern keine erneute Zulassung und keine Erg\u00e4nzungen der Fahrzeugpapiere.<br \/>ECE-Referenznummer: 30<\/p>\n<p>Die OSRAM LEDriving Lightbar MX250-CB kann an Autos, LKWs, landwirtschaftlichen Maschinen, Nutzfahrzeugen, Baumaschinen, Forstmaschinen, Wohnwagen, Gel\u00e4ndefahrzeugen und Quads montiert werden.<br \/>Die OSRAM LEDriving Lightbar MX250-CB ist vielseitig und flexibel.<\/p>\n<p>Die OSRAM LED-Zusatzscheinwerfer sind ECE-gepr\u00fcft und k\u00f6nnen daher auf \u00f6ffentlichen Stra\u00dfen installiert und verwendet werden. <br \/><strong>NB:<\/strong> Es gelten besondere Installationsregeln. Zus\u00e4tzlich zur ECE-Zulassung m\u00fcssen die jeweiligen nationalen Anforderungen und Gesetze beachtet werden.<\/p>","protected":false},"excerpt":{"rendered":"<p>Stilvolle, flexible LED-Rampe von Osram mit Positionslicht!<\/p>","protected":false},"featured_media":7525,"comment_status":"closed","ping_status":"open","template":"","meta":{"_acf_changed":false,"_smort_price_nok":"3258","_smort_price_dkk":"2070","_smort_price_eur":"277.26","_smort_sale_price_nok":"","_smort_sale_price_dkk":"","_smort_sale_price_eur":"","smort_restorder":"","shipmondo_restorder":"","_kad_blocks_custom_css":"","_kad_blocks_head_custom_js":"","_kad_blocks_body_custom_js":"","_kad_blocks_footer_custom_js":"","smort_custom_pricelist_1":"1952","smort_custom_pricelist_2":"1952","smort_custom_pricelist_3":"1854.4","smort_custom_pricelist_4":"2440","smort_custom_pricelist_5":"1952"},"anvandningsomrade":[],"bilmarken":[],"product_brand":[108],"product_cat":[2966,2539,2640,2183],"product_tag":[],"class_list":{"0":"post-7524","1":"product","2":"type-product","3":"status-publish","4":"has-post-thumbnail","6":"product_brand-osram","7":"product_cat-ledramp-rak","8":"product_cat-ledramper","9":"product_cat-osram-ledriving-ledramper","10":"product_cat-osram-ledriving","11":"pa_faktisk-effekts-forbrukning-695","12":"pa_fargtemperatur-1428","13":"pa_fuktskydd-varde-ipxx-ip69k","14":"pa_godkannande-e4-ece-r10-r112-r7","15":"pa_lampsockel-kontakt-open-wire","16":"pa_storlek-mm-86x54x356","17":"pa_volt-v-12-24","19":"first","20":"instock","21":"taxable","22":"shipping-taxable","23":"purchasable","24":"product-type-simple"},"bundled_by":[],"bundle_stock_status":"instock","bundle_stock_quantity":1,"bundle_virtual":false,"bundle_layout":"","bundle_add_to_cart_form_location":"","bundle_editable_in_cart":false,"bundle_sold_individually_context":"","bundle_item_grouping":"","bundle_min_size":"","bundle_max_size":"","bundle_price":[],"bundled_items":[],"bundle_sell_ids":[],"acf":[],"yoast_head":"<!-- This site is optimized with the Yoast SEO plugin v27.0 - https:\/\/yoast.com\/product\/yoast-seo-wordpress\/ -->\n<title>LEDriving\u00ae LEDramp MX250-CB | Positionsljus  - Xenonkungen<\/title>\n<meta name=\"robots\" content=\"index, follow, max-snippet:-1, max-image-preview:large, max-video-preview:-1\" \/>\n<link rel=\"canonical\" href=\"https:\/\/xenonkungen.com\/de\/produkt\/ledriving-ledramp-mx250-cb-position-light\/\" \/>\n<meta property=\"og:locale\" content=\"de_DE\" \/>\n<meta property=\"og:type\" content=\"article\" \/>\n<meta property=\"og:title\" content=\"LEDriving\u00ae LEDramp MX250-CB | Positionsljus  - Xenonkungen\" \/>\n<meta property=\"og:description\" content=\"Snygg smidig Ledramp fr\u00e5n Osram med Positionsljus!\" \/>\n<meta property=\"og:url\" content=\"https:\/\/xenonkungen.com\/de\/produkt\/ledriving-ledramp-mx250-cb-position-light\/\" \/>\n<meta property=\"og:site_name\" content=\"Xenonkungen\" \/>\n<meta property=\"article:modified_time\" content=\"2026-04-24T16:41:02+00:00\" \/>\n<meta property=\"og:image\" content=\"https:\/\/xenonkungen.com\/wp-content\/uploads\/2025\/04\/178262455-origpic-468905.jpg\" \/>\n\t<meta property=\"og:image:width\" content=\"900\" \/>\n\t<meta property=\"og:image:height\" content=\"900\" \/>\n\t<meta property=\"og:image:type\" content=\"image\/jpeg\" \/>\n<meta name=\"twitter:card\" content=\"summary_large_image\" \/>\n<meta name=\"twitter:label1\" content=\"Gesch\u00e4tzte Lesezeit\" \/>\n\t<meta name=\"twitter:data1\" content=\"2\u00a0Minuten\" \/>\n<script type=\"application\/ld+json\" class=\"yoast-schema-graph\">{\"@context\":\"https:\/\/schema.org\",\"@graph\":[{\"@type\":\"WebPage\",\"@id\":\"https:\/\/xenonkungen.com\/produkt\/ledriving-ledramp-mx250-cb-positionsljus\/\",\"url\":\"https:\/\/xenonkungen.com\/produkt\/ledriving-ledramp-mx250-cb-positionsljus\/\",\"name\":\"LEDriving\u00ae LEDramp MX250-CB | Positionsljus - Xenonkungen\",\"isPartOf\":{\"@id\":\"https:\/\/xenonkungen.com\/#website\"},\"primaryImageOfPage\":{\"@id\":\"https:\/\/xenonkungen.com\/produkt\/ledriving-ledramp-mx250-cb-positionsljus\/#primaryimage\"},\"image\":{\"@id\":\"https:\/\/xenonkungen.com\/produkt\/ledriving-ledramp-mx250-cb-positionsljus\/#primaryimage\"},\"thumbnailUrl\":\"https:\/\/xenonkungen.com\/wp-content\/uploads\/2025\/04\/178262455-origpic-468905.jpg\",\"datePublished\":\"2025-04-15T09:56:39+00:00\",\"dateModified\":\"2026-04-24T16:41:02+00:00\",\"breadcrumb\":{\"@id\":\"https:\/\/xenonkungen.com\/produkt\/ledriving-ledramp-mx250-cb-positionsljus\/#breadcrumb\"},\"inLanguage\":\"de\",\"potentialAction\":[{\"@type\":\"ReadAction\",\"target\":[\"https:\/\/xenonkungen.com\/produkt\/ledriving-ledramp-mx250-cb-positionsljus\/\"]}]},{\"@type\":\"ImageObject\",\"inLanguage\":\"de\",\"@id\":\"https:\/\/xenonkungen.com\/produkt\/ledriving-ledramp-mx250-cb-positionsljus\/#primaryimage\",\"url\":\"https:\/\/xenonkungen.com\/wp-content\/uploads\/2025\/04\/178262455-origpic-468905.jpg\",\"contentUrl\":\"https:\/\/xenonkungen.com\/wp-content\/uploads\/2025\/04\/178262455-origpic-468905.jpg\",\"width\":900,\"height\":900},{\"@type\":\"BreadcrumbList\",\"@id\":\"https:\/\/xenonkungen.com\/produkt\/ledriving-ledramp-mx250-cb-positionsljus\/#breadcrumb\",\"itemListElement\":[{\"@type\":\"ListItem\",\"position\":1,\"name\":\"Hem\",\"item\":\"https:\/\/xenonkungen.com\/\"},{\"@type\":\"ListItem\",\"position\":2,\"name\":\"Shop\",\"item\":\"https:\/\/xenonkungen.com\/shop\/\"},{\"@type\":\"ListItem\",\"position\":3,\"name\":\"LEDriving\u00ae LEDramp MX250-CB | Positionsljus\"}]},{\"@type\":\"WebSite\",\"@id\":\"https:\/\/xenonkungen.com\/#website\",\"url\":\"https:\/\/xenonkungen.com\/\",\"name\":\"Xenonkungen\",\"description\":\"\",\"potentialAction\":[{\"@type\":\"SearchAction\",\"target\":{\"@type\":\"EntryPoint\",\"urlTemplate\":\"https:\/\/xenonkungen.com\/?s={search_term_string}\"},\"query-input\":{\"@type\":\"PropertyValueSpecification\",\"valueRequired\":true,\"valueName\":\"search_term_string\"}}],\"inLanguage\":\"de\"}]}<\/script>\n<!-- \/ Yoast SEO plugin. -->","yoast_head_json":{"title":"LEDriving\u00ae LEDramp MX250-CB | Standlichter \u2013 Der Xenon-K\u00f6nig","robots":{"index":"index","follow":"follow","max-snippet":"max-snippet:-1","max-image-preview":"max-image-preview:large","max-video-preview":"max-video-preview:-1"},"canonical":"https:\/\/xenonkungen.com\/de\/produkt\/ledriving-ledramp-mx250-cb-position-light\/","og_locale":"de_DE","og_type":"article","og_title":"LEDriving\u00ae LEDramp MX250-CB | Positionsljus  - Xenonkungen","og_description":"Snygg smidig Ledramp fr\u00e5n Osram med Positionsljus!","og_url":"https:\/\/xenonkungen.com\/de\/produkt\/ledriving-ledramp-mx250-cb-position-light\/","og_site_name":"Xenonkungen","article_modified_time":"2026-04-24T16:41:02+00:00","og_image":[{"width":900,"height":900,"url":"https:\/\/xenonkungen.com\/wp-content\/uploads\/2025\/04\/178262455-origpic-468905.jpg","type":"image\/jpeg"}],"twitter_card":"summary_large_image","twitter_misc":{"Gesch\u00e4tzte Lesezeit":"2\u00a0Minuten"},"schema":{"@context":"https:\/\/schema.org","@graph":[{"@type":"WebPage","@id":"https:\/\/xenonkungen.com\/produkt\/ledriving-ledramp-mx250-cb-positionsljus\/","url":"https:\/\/xenonkungen.com\/produkt\/ledriving-ledramp-mx250-cb-positionsljus\/","name":"LEDriving\u00ae LEDramp MX250-CB | Standlichter \u2013 Der Xenon-K\u00f6nig","isPartOf":{"@id":"https:\/\/xenonkungen.com\/#website"},"primaryImageOfPage":{"@id":"https:\/\/xenonkungen.com\/produkt\/ledriving-ledramp-mx250-cb-positionsljus\/#primaryimage"},"image":{"@id":"https:\/\/xenonkungen.com\/produkt\/ledriving-ledramp-mx250-cb-positionsljus\/#primaryimage"},"thumbnailUrl":"https:\/\/xenonkungen.com\/wp-content\/uploads\/2025\/04\/178262455-origpic-468905.jpg","datePublished":"2025-04-15T09:56:39+00:00","dateModified":"2026-04-24T16:41:02+00:00","breadcrumb":{"@id":"https:\/\/xenonkungen.com\/produkt\/ledriving-ledramp-mx250-cb-positionsljus\/#breadcrumb"},"inLanguage":"de","potentialAction":[{"@type":"ReadAction","target":["https:\/\/xenonkungen.com\/produkt\/ledriving-ledramp-mx250-cb-positionsljus\/"]}]},{"@type":"ImageObject","inLanguage":"de","@id":"https:\/\/xenonkungen.com\/produkt\/ledriving-ledramp-mx250-cb-positionsljus\/#primaryimage","url":"https:\/\/xenonkungen.com\/wp-content\/uploads\/2025\/04\/178262455-origpic-468905.jpg","contentUrl":"https:\/\/xenonkungen.com\/wp-content\/uploads\/2025\/04\/178262455-origpic-468905.jpg","width":900,"height":900},{"@type":"BreadcrumbList","@id":"https:\/\/xenonkungen.com\/produkt\/ledriving-ledramp-mx250-cb-positionsljus\/#breadcrumb","itemListElement":[{"@type":"ListItem","position":1,"name":"Hem","item":"https:\/\/xenonkungen.com\/"},{"@type":"ListItem","position":2,"name":"Shop","item":"https:\/\/xenonkungen.com\/shop\/"},{"@type":"ListItem","position":3,"name":"LEDriving\u00ae LEDramp MX250-CB | Positionsljus"}]},{"@type":"WebSite","@id":"https:\/\/xenonkungen.com\/#website","url":"https:\/\/xenonkungen.com\/","name":"Xenonkungen","description":"","potentialAction":[{"@type":"SearchAction","target":{"@type":"EntryPoint","urlTemplate":"https:\/\/xenonkungen.com\/?s={search_term_string}"},"query-input":{"@type":"PropertyValueSpecification","valueRequired":true,"valueName":"search_term_string"}}],"inLanguage":"de"}]}},"taxonomy_info":{"product_brand":[{"value":108,"label":"OSRAM"}],"product_cat":[{"value":2966,"label":"Ledramp Rak"},{"value":2539,"label":"LEDRAMPER"},{"value":2640,"label":"OSRAM Ledriving Serie"},{"value":2183,"label":"OSRAM LEDriving\u00ae"}],"pa_faktisk-effekts-forbrukning":[{"value":695,"label":"45"}],"pa_fargtemperatur":[{"value":1428,"label":"6000"}],"pa_fuktskydd-varde-ipxx":[{"value":155,"label":"IP69K"}],"pa_godkannande":[{"value":1948,"label":"E4 , ECE R10 , R112 , R7"}],"pa_lampsockel-kontakt":[{"value":324,"label":"Open Wire"}],"pa_storlek-mm":[{"value":1947,"label":"86x54x356"}],"pa_volt-v":[{"value":348,"label":"12, 24"}]},"featured_image_src_large":["https:\/\/xenonkungen.com\/wp-content\/uploads\/2025\/04\/178262455-origpic-468905.jpg",900,900,false],"author_info":[],"comment_info":0,"_links":{"self":[{"href":"https:\/\/xenonkungen.com\/de\/wp-json\/wp\/v2\/product\/7524","targetHints":{"allow":["GET"]}}],"collection":[{"href":"https:\/\/xenonkungen.com\/de\/wp-json\/wp\/v2\/product"}],"about":[{"href":"https:\/\/xenonkungen.com\/de\/wp-json\/wp\/v2\/types\/product"}],"replies":[{"embeddable":true,"href":"https:\/\/xenonkungen.com\/de\/wp-json\/wp\/v2\/comments?post=7524"}],"wp:featuredmedia":[{"embeddable":true,"href":"https:\/\/xenonkungen.com\/de\/wp-json\/wp\/v2\/media\/7525"}],"wp:attachment":[{"href":"https:\/\/xenonkungen.com\/de\/wp-json\/wp\/v2\/media?parent=7524"}],"wp:term":[{"taxonomy":"anvandningsomrade","embeddable":true,"href":"https:\/\/xenonkungen.com\/de\/wp-json\/wp\/v2\/anvandningsomrade?post=7524"},{"taxonomy":"bilmarken","embeddable":true,"href":"https:\/\/xenonkungen.com\/de\/wp-json\/wp\/v2\/bilmarken?post=7524"},{"taxonomy":"product_brand","embeddable":true,"href":"https:\/\/xenonkungen.com\/de\/wp-json\/wp\/v2\/product_brand?post=7524"},{"taxonomy":"product_cat","embeddable":true,"href":"https:\/\/xenonkungen.com\/de\/wp-json\/wp\/v2\/product_cat?post=7524"},{"taxonomy":"product_tag","embeddable":true,"href":"https:\/\/xenonkungen.com\/de\/wp-json\/wp\/v2\/product_tag?post=7524"}],"curies":[{"name":"wp","href":"https:\/\/api.w.org\/{rel}","templated":true}]}}