{"id":7560,"date":"2025-04-15T09:57:00","date_gmt":"2025-04-15T09:57:00","guid":{"rendered":"https:\/\/xenonkungen.com\/product\/ledriving-ledramp-vx500-sp\/"},"modified":"2026-03-25T14:30:13","modified_gmt":"2026-03-25T13:30:13","slug":"ledriving-led-rampe-vx500-sp","status":"publish","type":"product","link":"https:\/\/xenonkungen.com\/de\/produkt\/ledriving-led-rampe-vx500-sp\/","title":{"rendered":"LEDriving\u00ae LEDramp VX500-SP <53cm>"},"content":{"rendered":"<h1>Erhellen Sie Ihr Leben mit OSRAM LEDriving Fahr- und Arbeitsscheinwerfern<\/h1>\n<p>Die OSRAM LEDriving Lightbar VX500-SP leuchtet dunkle Landstra\u00dfen und Waldwege aus. <\/p>\n<p>Der OSRAM LEDriving Lightbar VX500-SP hat mit seinen 18 leistungsstarken und langlebigen LED eine Reichweite von bis zu 415 Metern und warnt den Fahrer sowohl auf der Stra\u00dfe als auch im Gel\u00e4nde. Selbst bei schlechten Lichtverh\u00e4ltnissen bietet der OSRAM LEDriving Lightbar VX500-SP dank einer Farbtemperatur von bis zu 6.000 Kelvin eine tageslicht\u00e4hnliche Umgebung. Der intensive Lichtstrom von bis zu 2.800 Lumen wird mit einer sehr hohen optischen Effizienz und einer gleichm\u00e4\u00dfigen Lichtverteilung kombiniert. Dadurch k\u00f6nnen Sie besser sehen und Ihr Fahrzeug wird von anderen Verkehrsteilnehmern besser wahrgenommen, was zu einer h\u00f6heren Verkehrssicherheit auf der Stra\u00dfe und im Gel\u00e4nde beitr\u00e4gt.<\/p>\n<p>Auf der Stra\u00dfe oder im Gel\u00e4nde? <br \/>Die OSRAM LEDriving Lightbar VX500-SP besticht durch ihre starke Leistung und lange Lebensdauer von bis zu 5.000 Stunden. Die vielseitige Leuchte h\u00e4lt dank hochwertiger Materialien wie einem Aluminiumgeh\u00e4use und einer robusten Polycarbonat-Linse auch rauen Umgebungsbedingungen stand und ist sowohl leicht als auch langlebig. Die OSRAM LEDriving Lightbar VX500-SP wurde in unserem DIN-zertifizierten Umweltsimulationslabor auf extreme \u00e4u\u00dfere Bedingungen wie Wasser, Staub, St\u00f6\u00dfe, hohe und niedrige Temperaturen sowie permanente Vibrationen getestet und mit der Schutzklasse IP67 validiert. Ein integriertes Treiber- und W\u00e4rmemanagementsystem regelt die Temperatur der LED Lightbar und verhindert Sch\u00e4den durch \u00dcberhitzung. Der Polarit\u00e4tsschutz verhindert eine falsche Polarit\u00e4t in der Stromversorgung und beugt m\u00f6glichen Sch\u00e4den vor, indem er die LEDs automatisch abschaltet.<\/p>\n<p>Auf der Stra\u00dfe oder im Gel\u00e4nde? <br \/>Die OSRAM LEDriving Lightbar VX500-SP ist eine effektive Nachr\u00fcstung f\u00fcr Ihr Fahrzeug. Die ECE-zertifizierten LED-Fernscheinwerfer erfordern keine Ummeldung und keine Erg\u00e4nzungen in den Fahrzeugpapieren.<br \/>ECE-Referenznummer: 50<\/p>\n<p>Die OSRAM LEDriving Lightbar VX500-SP kann an Pkw, Lkw, Landmaschinen, Nutzfahrzeugen, Baufahrzeugen, Forstmaschinen, Wohnwagen, Gel\u00e4ndewagen und Quads2) montiert werden.<br \/>Die OSRAM LEDriving VX500-SP ist vielseitig und flexibel einsetzbar.<\/p>","protected":false},"excerpt":{"rendered":"<p>Spotlight-Rampe von Osram mit einem Spotlight-Bild. Gibt Ihnen 1 Lux auf 415 Meter!<\/p>","protected":false},"featured_media":7561,"comment_status":"closed","ping_status":"open","template":"","meta":{"_acf_changed":false,"_smort_price_nok":"1688","_smort_price_dkk":"1072","_smort_price_eur":"143.63","_smort_sale_price_nok":"","_smort_sale_price_dkk":"","_smort_sale_price_eur":"","smort_restorder":"","shipmondo_restorder":"","_kad_blocks_custom_css":"","_kad_blocks_head_custom_js":"","_kad_blocks_body_custom_js":"","_kad_blocks_footer_custom_js":"","smort_custom_pricelist_1":"1011.2","smort_custom_pricelist_2":"1011.2","smort_custom_pricelist_3":"960.64","smort_custom_pricelist_4":"1264","smort_custom_pricelist_5":"1011.2"},"anvandningsomrade":[],"bilmarken":[],"product_brand":[108],"product_cat":[2966,2539,2640,2183],"product_tag":[],"class_list":{"0":"post-7560","1":"product","2":"type-product","3":"status-publish","4":"has-post-thumbnail","6":"product_brand-osram","7":"product_cat-ledramp-rak","8":"product_cat-ledramper","9":"product_cat-osram-ledriving-ledramper","10":"product_cat-osram-ledriving","11":"pa_faktisk-effekts-forbrukning-385","12":"pa_fargtemperatur-1428","13":"pa_fuktskydd-varde-ipxx-ip67","14":"pa_godkannande-e4-ece-r10-r112","15":"pa_lampsockel-kontakt-oppna-kablar","16":"pa_storlek-mm-36x67x526","17":"pa_volt-v-12-24","19":"first","20":"onbackorder","21":"taxable","22":"shipping-taxable","23":"purchasable","24":"product-type-simple"},"bundled_by":[],"bundle_stock_status":"onbackorder","bundle_stock_quantity":0,"bundle_virtual":false,"bundle_layout":"","bundle_add_to_cart_form_location":"","bundle_editable_in_cart":false,"bundle_sold_individually_context":"","bundle_item_grouping":"","bundle_min_size":"","bundle_max_size":"","bundle_price":[],"bundled_items":[],"bundle_sell_ids":[],"acf":[],"yoast_head":"<!-- This site is optimized with the Yoast SEO plugin v27.0 - https:\/\/yoast.com\/product\/yoast-seo-wordpress\/ -->\n<title>LEDriving\u00ae LEDramp VX500-SP  - Xenonkungen<\/title>\n<meta name=\"robots\" content=\"index, follow, max-snippet:-1, max-image-preview:large, max-video-preview:-1\" \/>\n<link rel=\"canonical\" href=\"https:\/\/xenonkungen.com\/de\/produkt\/ledriving-led-rampe-vx500-sp\/\" \/>\n<meta property=\"og:locale\" content=\"de_DE\" \/>\n<meta property=\"og:type\" content=\"article\" \/>\n<meta property=\"og:title\" content=\"LEDriving\u00ae LEDramp VX500-SP  - Xenonkungen\" \/>\n<meta property=\"og:description\" content=\"Spotljusramp fr\u00e5n v\u00e4lk\u00e4nda Osram med en Spotljusbild. Ger er 1 lux p\u00e5 415 meter!\" \/>\n<meta property=\"og:url\" content=\"https:\/\/xenonkungen.com\/de\/produkt\/ledriving-led-rampe-vx500-sp\/\" \/>\n<meta property=\"og:site_name\" content=\"Xenonkungen\" \/>\n<meta property=\"article:modified_time\" content=\"2026-03-25T13:30:13+00:00\" \/>\n<meta property=\"og:image\" content=\"https:\/\/xenonkungen.com\/wp-content\/uploads\/2025\/04\/178265933-origpic-6a6edd.jpg\" \/>\n\t<meta property=\"og:image:width\" content=\"900\" \/>\n\t<meta property=\"og:image:height\" content=\"900\" \/>\n\t<meta property=\"og:image:type\" content=\"image\/jpeg\" \/>\n<meta name=\"twitter:card\" content=\"summary_large_image\" \/>\n<meta name=\"twitter:label1\" content=\"Gesch\u00e4tzte Lesezeit\" \/>\n\t<meta name=\"twitter:data1\" content=\"2\u00a0Minuten\" \/>\n<script type=\"application\/ld+json\" class=\"yoast-schema-graph\">{\"@context\":\"https:\/\/schema.org\",\"@graph\":[{\"@type\":\"WebPage\",\"@id\":\"https:\/\/xenonkungen.com\/produkt\/ledriving-ledramp-vx500-sp\/\",\"url\":\"https:\/\/xenonkungen.com\/produkt\/ledriving-ledramp-vx500-sp\/\",\"name\":\"LEDriving\u00ae LEDramp VX500-SP - Xenonkungen\",\"isPartOf\":{\"@id\":\"https:\/\/xenonkungen.com\/#website\"},\"primaryImageOfPage\":{\"@id\":\"https:\/\/xenonkungen.com\/produkt\/ledriving-ledramp-vx500-sp\/#primaryimage\"},\"image\":{\"@id\":\"https:\/\/xenonkungen.com\/produkt\/ledriving-ledramp-vx500-sp\/#primaryimage\"},\"thumbnailUrl\":\"https:\/\/xenonkungen.com\/wp-content\/uploads\/2025\/04\/178265933-origpic-6a6edd.jpg\",\"datePublished\":\"2025-04-15T09:57:00+00:00\",\"dateModified\":\"2026-03-25T13:30:13+00:00\",\"breadcrumb\":{\"@id\":\"https:\/\/xenonkungen.com\/produkt\/ledriving-ledramp-vx500-sp\/#breadcrumb\"},\"inLanguage\":\"de\",\"potentialAction\":[{\"@type\":\"ReadAction\",\"target\":[\"https:\/\/xenonkungen.com\/produkt\/ledriving-ledramp-vx500-sp\/\"]}]},{\"@type\":\"ImageObject\",\"inLanguage\":\"de\",\"@id\":\"https:\/\/xenonkungen.com\/produkt\/ledriving-ledramp-vx500-sp\/#primaryimage\",\"url\":\"https:\/\/xenonkungen.com\/wp-content\/uploads\/2025\/04\/178265933-origpic-6a6edd.jpg\",\"contentUrl\":\"https:\/\/xenonkungen.com\/wp-content\/uploads\/2025\/04\/178265933-origpic-6a6edd.jpg\",\"width\":900,\"height\":900},{\"@type\":\"BreadcrumbList\",\"@id\":\"https:\/\/xenonkungen.com\/produkt\/ledriving-ledramp-vx500-sp\/#breadcrumb\",\"itemListElement\":[{\"@type\":\"ListItem\",\"position\":1,\"name\":\"Hem\",\"item\":\"https:\/\/xenonkungen.com\/\"},{\"@type\":\"ListItem\",\"position\":2,\"name\":\"Shop\",\"item\":\"https:\/\/xenonkungen.com\/shop\/\"},{\"@type\":\"ListItem\",\"position\":3,\"name\":\"LEDriving\u00ae LEDramp VX500-SP\"}]},{\"@type\":\"WebSite\",\"@id\":\"https:\/\/xenonkungen.com\/#website\",\"url\":\"https:\/\/xenonkungen.com\/\",\"name\":\"Xenonkungen\",\"description\":\"\",\"potentialAction\":[{\"@type\":\"SearchAction\",\"target\":{\"@type\":\"EntryPoint\",\"urlTemplate\":\"https:\/\/xenonkungen.com\/?s={search_term_string}\"},\"query-input\":{\"@type\":\"PropertyValueSpecification\",\"valueRequired\":true,\"valueName\":\"search_term_string\"}}],\"inLanguage\":\"de\"}]}<\/script>\n<!-- \/ Yoast SEO plugin. -->","yoast_head_json":{"title":"LEDriving\u00ae LEDramp VX500-SP \u2013 Der Xenon-K\u00f6nig","robots":{"index":"index","follow":"follow","max-snippet":"max-snippet:-1","max-image-preview":"max-image-preview:large","max-video-preview":"max-video-preview:-1"},"canonical":"https:\/\/xenonkungen.com\/de\/produkt\/ledriving-led-rampe-vx500-sp\/","og_locale":"de_DE","og_type":"article","og_title":"LEDriving\u00ae LEDramp VX500-SP  - Xenonkungen","og_description":"Spotljusramp fr\u00e5n v\u00e4lk\u00e4nda Osram med en Spotljusbild. Ger er 1 lux p\u00e5 415 meter!","og_url":"https:\/\/xenonkungen.com\/de\/produkt\/ledriving-led-rampe-vx500-sp\/","og_site_name":"Xenonkungen","article_modified_time":"2026-03-25T13:30:13+00:00","og_image":[{"width":900,"height":900,"url":"https:\/\/xenonkungen.com\/wp-content\/uploads\/2025\/04\/178265933-origpic-6a6edd.jpg","type":"image\/jpeg"}],"twitter_card":"summary_large_image","twitter_misc":{"Gesch\u00e4tzte Lesezeit":"2\u00a0Minuten"},"schema":{"@context":"https:\/\/schema.org","@graph":[{"@type":"WebPage","@id":"https:\/\/xenonkungen.com\/produkt\/ledriving-ledramp-vx500-sp\/","url":"https:\/\/xenonkungen.com\/produkt\/ledriving-ledramp-vx500-sp\/","name":"LEDriving\u00ae LEDramp VX500-SP \u2013 Der Xenon-K\u00f6nig","isPartOf":{"@id":"https:\/\/xenonkungen.com\/#website"},"primaryImageOfPage":{"@id":"https:\/\/xenonkungen.com\/produkt\/ledriving-ledramp-vx500-sp\/#primaryimage"},"image":{"@id":"https:\/\/xenonkungen.com\/produkt\/ledriving-ledramp-vx500-sp\/#primaryimage"},"thumbnailUrl":"https:\/\/xenonkungen.com\/wp-content\/uploads\/2025\/04\/178265933-origpic-6a6edd.jpg","datePublished":"2025-04-15T09:57:00+00:00","dateModified":"2026-03-25T13:30:13+00:00","breadcrumb":{"@id":"https:\/\/xenonkungen.com\/produkt\/ledriving-ledramp-vx500-sp\/#breadcrumb"},"inLanguage":"de","potentialAction":[{"@type":"ReadAction","target":["https:\/\/xenonkungen.com\/produkt\/ledriving-ledramp-vx500-sp\/"]}]},{"@type":"ImageObject","inLanguage":"de","@id":"https:\/\/xenonkungen.com\/produkt\/ledriving-ledramp-vx500-sp\/#primaryimage","url":"https:\/\/xenonkungen.com\/wp-content\/uploads\/2025\/04\/178265933-origpic-6a6edd.jpg","contentUrl":"https:\/\/xenonkungen.com\/wp-content\/uploads\/2025\/04\/178265933-origpic-6a6edd.jpg","width":900,"height":900},{"@type":"BreadcrumbList","@id":"https:\/\/xenonkungen.com\/produkt\/ledriving-ledramp-vx500-sp\/#breadcrumb","itemListElement":[{"@type":"ListItem","position":1,"name":"Hem","item":"https:\/\/xenonkungen.com\/"},{"@type":"ListItem","position":2,"name":"Shop","item":"https:\/\/xenonkungen.com\/shop\/"},{"@type":"ListItem","position":3,"name":"LEDriving\u00ae LEDramp VX500-SP"}]},{"@type":"WebSite","@id":"https:\/\/xenonkungen.com\/#website","url":"https:\/\/xenonkungen.com\/","name":"Xenonkungen","description":"","potentialAction":[{"@type":"SearchAction","target":{"@type":"EntryPoint","urlTemplate":"https:\/\/xenonkungen.com\/?s={search_term_string}"},"query-input":{"@type":"PropertyValueSpecification","valueRequired":true,"valueName":"search_term_string"}}],"inLanguage":"de"}]}},"taxonomy_info":{"product_brand":[{"value":108,"label":"OSRAM"}],"product_cat":[{"value":2966,"label":"Ledramp Rak"},{"value":2539,"label":"LEDRAMPER"},{"value":2640,"label":"OSRAM Ledriving"},{"value":2183,"label":"OSRAM LEDriving\u00ae"}],"pa_faktisk-effekts-forbrukning":[{"value":385,"label":"5,4"}],"pa_fargtemperatur":[{"value":1428,"label":"6000"}],"pa_fuktskydd-varde-ipxx":[{"value":333,"label":"IP67"}],"pa_godkannande":[{"value":1930,"label":"E4, ECE R10, R112"}],"pa_lampsockel-kontakt":[{"value":1955,"label":"\u00d6ppna kablar"}],"pa_storlek-mm":[{"value":1954,"label":"36x67x526"}],"pa_volt-v":[{"value":348,"label":"12, 24"}]},"featured_image_src_large":["https:\/\/xenonkungen.com\/wp-content\/uploads\/2025\/04\/178265933-origpic-6a6edd.jpg",900,900,false],"author_info":[],"comment_info":0,"_links":{"self":[{"href":"https:\/\/xenonkungen.com\/de\/wp-json\/wp\/v2\/product\/7560","targetHints":{"allow":["GET"]}}],"collection":[{"href":"https:\/\/xenonkungen.com\/de\/wp-json\/wp\/v2\/product"}],"about":[{"href":"https:\/\/xenonkungen.com\/de\/wp-json\/wp\/v2\/types\/product"}],"replies":[{"embeddable":true,"href":"https:\/\/xenonkungen.com\/de\/wp-json\/wp\/v2\/comments?post=7560"}],"wp:featuredmedia":[{"embeddable":true,"href":"https:\/\/xenonkungen.com\/de\/wp-json\/wp\/v2\/media\/7561"}],"wp:attachment":[{"href":"https:\/\/xenonkungen.com\/de\/wp-json\/wp\/v2\/media?parent=7560"}],"wp:term":[{"taxonomy":"anvandningsomrade","embeddable":true,"href":"https:\/\/xenonkungen.com\/de\/wp-json\/wp\/v2\/anvandningsomrade?post=7560"},{"taxonomy":"bilmarken","embeddable":true,"href":"https:\/\/xenonkungen.com\/de\/wp-json\/wp\/v2\/bilmarken?post=7560"},{"taxonomy":"product_brand","embeddable":true,"href":"https:\/\/xenonkungen.com\/de\/wp-json\/wp\/v2\/product_brand?post=7560"},{"taxonomy":"product_cat","embeddable":true,"href":"https:\/\/xenonkungen.com\/de\/wp-json\/wp\/v2\/product_cat?post=7560"},{"taxonomy":"product_tag","embeddable":true,"href":"https:\/\/xenonkungen.com\/de\/wp-json\/wp\/v2\/product_tag?post=7560"}],"curies":[{"name":"wp","href":"https:\/\/api.w.org\/{rel}","templated":true}]}}