{"id":7565,"date":"2025-04-15T09:57:00","date_gmt":"2025-04-15T09:57:00","guid":{"rendered":"https:\/\/xenonkungen.com\/product\/ledriving-ledramp-vx250-cb\/"},"modified":"2026-04-11T01:31:18","modified_gmt":"2026-04-11T00:31:18","slug":"ledriving-led-rampe-vx250-cb","status":"publish","type":"product","link":"https:\/\/xenonkungen.com\/de\/produkt\/ledriving-led-rampe-vx250-cb\/","title":{"rendered":"LEDriving\u00ae LEDramp VX250-CB <31cm>"},"content":{"rendered":"<h1>Erhellen Sie Ihr Leben mit OSRAM LEDriving Fahr- und Arbeitsscheinwerfern<\/h1>\n<p>Die OSRAM LEDriving Lightbar VX250-CB beleuchtet dunkle Landstra\u00dfen und Waldwege. <\/p>\n<p>Mit 24 leistungsstarken und langlebigen LEDs bietet die OSRAM LEDriving Lightbar VX250-CB eine Reichweite von bis zu 170 Metern und warnt den Fahrer sowohl auf der Stra\u00dfe als auch im Gel\u00e4nde fr\u00fchzeitig. <\/p>\n<p>Selbst bei schlechten Lichtverh\u00e4ltnissen sorgt die OSRAM LEDriving Lightbar VX250-CB dank einer Farbtemperatur von bis zu 6.000 Kelvin f\u00fcr tageslicht\u00e4hnliches Licht. Die hohe Lichtleistung von bis zu 2.100 Lumen geht einher mit einer sehr hohen optischen Effizienz und gleichm\u00e4\u00dfigen Lichtverteilung. So sehen Sie besser und Ihr Fahrzeug wird von anderen Verkehrsteilnehmern besser wahrgenommen, was zu mehr Verkehrssicherheit im Stra\u00dfenverkehr und im Gel\u00e4nde beitr\u00e4gt.<\/p>\n<p>Auf der Stra\u00dfe oder im Gel\u00e4nde? <br \/>Die OSRAM LEDriving Lightbar VX250-CB \u00fcberzeugt durch ihre hohe Leistung und eine lange Lebensdauer von bis zu 5.000 Stunden. Dank hochwertiger Materialien wie einem Aluminiumgeh\u00e4use und einer robusten Polycarbonatlinse trotzt die vielseitige Leuchte selbst h\u00e4rtesten Umgebungsbedingungen und ist dabei leicht und gleichzeitig langlebig. Die OSRAM LEDriving Lightbar VX250-CB wurde in unserem DIN-zertifizierten Umweltsimulationslabor auf extreme Bedingungen wie Wasser, Staub, St\u00f6\u00dfe, hohe und niedrige Temperaturen sowie Dauervibrationen getestet und mit der Schutzart IP67 zertifiziert. Ein integrierter Treiber und ein W\u00e4rmemanagementsystem regulieren die Temperatur der LED-Lichtleiste und verhindern Sch\u00e4den durch \u00dcberhitzung. <\/p>\n<p>Der Verpolungsschutz verhindert eine falsche Polarit\u00e4t in der Stromversorgung und beugt potenziellen Sch\u00e4den vor, indem er die LED-Leuchten automatisch abschaltet.<\/p>\n<p>Auf der Stra\u00dfe oder im Gel\u00e4nde? <br \/>Die OSRAM LEDriving Lightbar VX250-CB ist ein effektives Upgrade f\u00fcr Ihr Fahrzeug.<\/p>\n<p>Die ECE-zertifizierten LED-Zusatzscheinwerfer erfordern keine erneute Registrierung und keine Erg\u00e4nzungen der Fahrzeugdokumentation.<br \/>ECE-Referenznummer: 12.5<br \/>Die OSRAM LEDriving Lightbar VX250-CB kann an Pkw, Lkw, landwirtschaftlichen Maschinen, Nutzfahrzeugen, Baumaschinen, Forstmaschinen, Wohnmobilen, Gel\u00e4ndefahrzeugen und Quads montiert werden.<\/p>","protected":false},"excerpt":{"rendered":"<p>Preisg\u00fcnstige LED-Rampe aus der VX-Serie von Osram.<\/p>","protected":false},"featured_media":7566,"comment_status":"closed","ping_status":"open","template":"","meta":{"_acf_changed":false,"_smort_price_nok":"1164","_smort_price_dkk":"740","_smort_price_eur":"99.09","_smort_sale_price_nok":"","_smort_sale_price_dkk":"","_smort_sale_price_eur":"","smort_restorder":"","shipmondo_restorder":"","_kad_blocks_custom_css":"","_kad_blocks_head_custom_js":"","_kad_blocks_body_custom_js":"","_kad_blocks_footer_custom_js":"","smort_custom_pricelist_1":"697.6","smort_custom_pricelist_2":"697.6","smort_custom_pricelist_3":"662.72","smort_custom_pricelist_4":"872","smort_custom_pricelist_5":"697.6"},"anvandningsomrade":[],"bilmarken":[],"product_brand":[108],"product_cat":[2966,2539,2640,2183],"product_tag":[],"class_list":{"0":"post-7565","1":"product","2":"type-product","3":"status-publish","4":"has-post-thumbnail","6":"product_brand-osram","7":"product_cat-ledramp-rak","8":"product_cat-ledramper","9":"product_cat-osram-ledriving-ledramper","10":"product_cat-osram-ledriving","11":"pa_faktisk-effekts-forbrukning-1242","12":"pa_fargtemperatur-1428","13":"pa_fuktskydd-varde-ipxx-ip67","14":"pa_godkannande-e4-ece-r10-r112","15":"pa_lampsockel-kontakt-oppna-kablar","16":"pa_storlek-mm-80x62x306","17":"pa_volt-v-12-24","19":"first","20":"instock","21":"taxable","22":"shipping-taxable","23":"purchasable","24":"product-type-simple"},"bundled_by":[],"bundle_stock_status":"instock","bundle_stock_quantity":3,"bundle_virtual":false,"bundle_layout":"","bundle_add_to_cart_form_location":"","bundle_editable_in_cart":false,"bundle_sold_individually_context":"","bundle_item_grouping":"","bundle_min_size":"","bundle_max_size":"","bundle_price":[],"bundled_items":[],"bundle_sell_ids":[],"acf":[],"yoast_head":"<!-- This site is optimized with the Yoast SEO plugin v27.0 - https:\/\/yoast.com\/product\/yoast-seo-wordpress\/ -->\n<title>LEDriving\u00ae LEDramp VX250-CB  - Xenonkungen<\/title>\n<meta name=\"robots\" content=\"index, follow, max-snippet:-1, max-image-preview:large, max-video-preview:-1\" \/>\n<link rel=\"canonical\" href=\"https:\/\/xenonkungen.com\/de\/produkt\/ledriving-led-rampe-vx250-cb\/\" \/>\n<meta property=\"og:locale\" content=\"de_DE\" \/>\n<meta property=\"og:type\" content=\"article\" \/>\n<meta property=\"og:title\" content=\"LEDriving\u00ae LEDramp VX250-CB  - Xenonkungen\" \/>\n<meta property=\"og:description\" content=\"Prisv\u00e4rd Ledramp ur Osrams VX serie.\" \/>\n<meta property=\"og:url\" content=\"https:\/\/xenonkungen.com\/de\/produkt\/ledriving-led-rampe-vx250-cb\/\" \/>\n<meta property=\"og:site_name\" content=\"Xenonkungen\" \/>\n<meta property=\"article:modified_time\" content=\"2026-04-11T00:31:18+00:00\" \/>\n<meta property=\"og:image\" content=\"https:\/\/xenonkungen.com\/wp-content\/uploads\/2025\/04\/178266103-origpic-cd4c25.jpg\" \/>\n\t<meta property=\"og:image:width\" content=\"900\" \/>\n\t<meta property=\"og:image:height\" content=\"900\" \/>\n\t<meta property=\"og:image:type\" content=\"image\/jpeg\" \/>\n<meta name=\"twitter:card\" content=\"summary_large_image\" \/>\n<meta name=\"twitter:label1\" content=\"Gesch\u00e4tzte Lesezeit\" \/>\n\t<meta name=\"twitter:data1\" content=\"2\u00a0Minuten\" \/>\n<script type=\"application\/ld+json\" class=\"yoast-schema-graph\">{\"@context\":\"https:\/\/schema.org\",\"@graph\":[{\"@type\":\"WebPage\",\"@id\":\"https:\/\/xenonkungen.com\/produkt\/ledriving-ledramp-vx250-cb\/\",\"url\":\"https:\/\/xenonkungen.com\/produkt\/ledriving-ledramp-vx250-cb\/\",\"name\":\"LEDriving\u00ae LEDramp VX250-CB - Xenonkungen\",\"isPartOf\":{\"@id\":\"https:\/\/xenonkungen.com\/#website\"},\"primaryImageOfPage\":{\"@id\":\"https:\/\/xenonkungen.com\/produkt\/ledriving-ledramp-vx250-cb\/#primaryimage\"},\"image\":{\"@id\":\"https:\/\/xenonkungen.com\/produkt\/ledriving-ledramp-vx250-cb\/#primaryimage\"},\"thumbnailUrl\":\"https:\/\/xenonkungen.com\/wp-content\/uploads\/2025\/04\/178266103-origpic-cd4c25.jpg\",\"datePublished\":\"2025-04-15T09:57:00+00:00\",\"dateModified\":\"2026-04-11T00:31:18+00:00\",\"breadcrumb\":{\"@id\":\"https:\/\/xenonkungen.com\/produkt\/ledriving-ledramp-vx250-cb\/#breadcrumb\"},\"inLanguage\":\"de\",\"potentialAction\":[{\"@type\":\"ReadAction\",\"target\":[\"https:\/\/xenonkungen.com\/produkt\/ledriving-ledramp-vx250-cb\/\"]}]},{\"@type\":\"ImageObject\",\"inLanguage\":\"de\",\"@id\":\"https:\/\/xenonkungen.com\/produkt\/ledriving-ledramp-vx250-cb\/#primaryimage\",\"url\":\"https:\/\/xenonkungen.com\/wp-content\/uploads\/2025\/04\/178266103-origpic-cd4c25.jpg\",\"contentUrl\":\"https:\/\/xenonkungen.com\/wp-content\/uploads\/2025\/04\/178266103-origpic-cd4c25.jpg\",\"width\":900,\"height\":900},{\"@type\":\"BreadcrumbList\",\"@id\":\"https:\/\/xenonkungen.com\/produkt\/ledriving-ledramp-vx250-cb\/#breadcrumb\",\"itemListElement\":[{\"@type\":\"ListItem\",\"position\":1,\"name\":\"Hem\",\"item\":\"https:\/\/xenonkungen.com\/\"},{\"@type\":\"ListItem\",\"position\":2,\"name\":\"Shop\",\"item\":\"https:\/\/xenonkungen.com\/shop\/\"},{\"@type\":\"ListItem\",\"position\":3,\"name\":\"LEDriving\u00ae LEDramp VX250-CB\"}]},{\"@type\":\"WebSite\",\"@id\":\"https:\/\/xenonkungen.com\/#website\",\"url\":\"https:\/\/xenonkungen.com\/\",\"name\":\"Xenonkungen\",\"description\":\"\",\"potentialAction\":[{\"@type\":\"SearchAction\",\"target\":{\"@type\":\"EntryPoint\",\"urlTemplate\":\"https:\/\/xenonkungen.com\/?s={search_term_string}\"},\"query-input\":{\"@type\":\"PropertyValueSpecification\",\"valueRequired\":true,\"valueName\":\"search_term_string\"}}],\"inLanguage\":\"de\"}]}<\/script>\n<!-- \/ Yoast SEO plugin. -->","yoast_head_json":{"title":"LEDriving\u00ae LEDramp VX250-CB \u2013 Der Xenon-K\u00f6nig","robots":{"index":"index","follow":"follow","max-snippet":"max-snippet:-1","max-image-preview":"max-image-preview:large","max-video-preview":"max-video-preview:-1"},"canonical":"https:\/\/xenonkungen.com\/de\/produkt\/ledriving-led-rampe-vx250-cb\/","og_locale":"de_DE","og_type":"article","og_title":"LEDriving\u00ae LEDramp VX250-CB  - Xenonkungen","og_description":"Prisv\u00e4rd Ledramp ur Osrams VX serie.","og_url":"https:\/\/xenonkungen.com\/de\/produkt\/ledriving-led-rampe-vx250-cb\/","og_site_name":"Xenonkungen","article_modified_time":"2026-04-11T00:31:18+00:00","og_image":[{"width":900,"height":900,"url":"https:\/\/xenonkungen.com\/wp-content\/uploads\/2025\/04\/178266103-origpic-cd4c25.jpg","type":"image\/jpeg"}],"twitter_card":"summary_large_image","twitter_misc":{"Gesch\u00e4tzte Lesezeit":"2\u00a0Minuten"},"schema":{"@context":"https:\/\/schema.org","@graph":[{"@type":"WebPage","@id":"https:\/\/xenonkungen.com\/produkt\/ledriving-ledramp-vx250-cb\/","url":"https:\/\/xenonkungen.com\/produkt\/ledriving-ledramp-vx250-cb\/","name":"LEDriving\u00ae LEDramp VX250-CB \u2013 Der Xenon-K\u00f6nig","isPartOf":{"@id":"https:\/\/xenonkungen.com\/#website"},"primaryImageOfPage":{"@id":"https:\/\/xenonkungen.com\/produkt\/ledriving-ledramp-vx250-cb\/#primaryimage"},"image":{"@id":"https:\/\/xenonkungen.com\/produkt\/ledriving-ledramp-vx250-cb\/#primaryimage"},"thumbnailUrl":"https:\/\/xenonkungen.com\/wp-content\/uploads\/2025\/04\/178266103-origpic-cd4c25.jpg","datePublished":"2025-04-15T09:57:00+00:00","dateModified":"2026-04-11T00:31:18+00:00","breadcrumb":{"@id":"https:\/\/xenonkungen.com\/produkt\/ledriving-ledramp-vx250-cb\/#breadcrumb"},"inLanguage":"de","potentialAction":[{"@type":"ReadAction","target":["https:\/\/xenonkungen.com\/produkt\/ledriving-ledramp-vx250-cb\/"]}]},{"@type":"ImageObject","inLanguage":"de","@id":"https:\/\/xenonkungen.com\/produkt\/ledriving-ledramp-vx250-cb\/#primaryimage","url":"https:\/\/xenonkungen.com\/wp-content\/uploads\/2025\/04\/178266103-origpic-cd4c25.jpg","contentUrl":"https:\/\/xenonkungen.com\/wp-content\/uploads\/2025\/04\/178266103-origpic-cd4c25.jpg","width":900,"height":900},{"@type":"BreadcrumbList","@id":"https:\/\/xenonkungen.com\/produkt\/ledriving-ledramp-vx250-cb\/#breadcrumb","itemListElement":[{"@type":"ListItem","position":1,"name":"Hem","item":"https:\/\/xenonkungen.com\/"},{"@type":"ListItem","position":2,"name":"Shop","item":"https:\/\/xenonkungen.com\/shop\/"},{"@type":"ListItem","position":3,"name":"LEDriving\u00ae LEDramp VX250-CB"}]},{"@type":"WebSite","@id":"https:\/\/xenonkungen.com\/#website","url":"https:\/\/xenonkungen.com\/","name":"Xenonkungen","description":"","potentialAction":[{"@type":"SearchAction","target":{"@type":"EntryPoint","urlTemplate":"https:\/\/xenonkungen.com\/?s={search_term_string}"},"query-input":{"@type":"PropertyValueSpecification","valueRequired":true,"valueName":"search_term_string"}}],"inLanguage":"de"}]}},"taxonomy_info":{"product_brand":[{"value":108,"label":"OSRAM"}],"product_cat":[{"value":2966,"label":"Ledramp Rak"},{"value":2539,"label":"LEDRAMPER"},{"value":2640,"label":"OSRAM Ledriving"},{"value":2183,"label":"OSRAM LEDriving\u00ae"}],"pa_faktisk-effekts-forbrukning":[{"value":1242,"label":"36"}],"pa_fargtemperatur":[{"value":1428,"label":"6000"}],"pa_fuktskydd-varde-ipxx":[{"value":333,"label":"IP67"}],"pa_godkannande":[{"value":1930,"label":"E4, ECE R10, R112"}],"pa_lampsockel-kontakt":[{"value":1955,"label":"\u00d6ppna kablar"}],"pa_storlek-mm":[{"value":1956,"label":"80x62x306"}],"pa_volt-v":[{"value":348,"label":"12, 24"}]},"featured_image_src_large":["https:\/\/xenonkungen.com\/wp-content\/uploads\/2025\/04\/178266103-origpic-cd4c25.jpg",900,900,false],"author_info":[],"comment_info":0,"_links":{"self":[{"href":"https:\/\/xenonkungen.com\/de\/wp-json\/wp\/v2\/product\/7565","targetHints":{"allow":["GET"]}}],"collection":[{"href":"https:\/\/xenonkungen.com\/de\/wp-json\/wp\/v2\/product"}],"about":[{"href":"https:\/\/xenonkungen.com\/de\/wp-json\/wp\/v2\/types\/product"}],"replies":[{"embeddable":true,"href":"https:\/\/xenonkungen.com\/de\/wp-json\/wp\/v2\/comments?post=7565"}],"wp:featuredmedia":[{"embeddable":true,"href":"https:\/\/xenonkungen.com\/de\/wp-json\/wp\/v2\/media\/7566"}],"wp:attachment":[{"href":"https:\/\/xenonkungen.com\/de\/wp-json\/wp\/v2\/media?parent=7565"}],"wp:term":[{"taxonomy":"anvandningsomrade","embeddable":true,"href":"https:\/\/xenonkungen.com\/de\/wp-json\/wp\/v2\/anvandningsomrade?post=7565"},{"taxonomy":"bilmarken","embeddable":true,"href":"https:\/\/xenonkungen.com\/de\/wp-json\/wp\/v2\/bilmarken?post=7565"},{"taxonomy":"product_brand","embeddable":true,"href":"https:\/\/xenonkungen.com\/de\/wp-json\/wp\/v2\/product_brand?post=7565"},{"taxonomy":"product_cat","embeddable":true,"href":"https:\/\/xenonkungen.com\/de\/wp-json\/wp\/v2\/product_cat?post=7565"},{"taxonomy":"product_tag","embeddable":true,"href":"https:\/\/xenonkungen.com\/de\/wp-json\/wp\/v2\/product_tag?post=7565"}],"curies":[{"name":"wp","href":"https:\/\/api.w.org\/{rel}","templated":true}]}}