{"id":7579,"date":"2025-04-15T09:57:00","date_gmt":"2025-04-15T09:57:00","guid":{"rendered":"https:\/\/xenonkungen.com\/product\/tyreseal-dack-kit-fs1-tatningsmedel-och-dackpump\/"},"modified":"2026-04-01T07:56:16","modified_gmt":"2026-04-01T06:56:16","slug":"tyreseal-reifendichtmittel-set-fs1-und-reifenpumpe","status":"publish","type":"product","link":"https:\/\/xenonkungen.com\/de\/produkt\/tyreseal-reifendichtmittel-set-fs1-und-reifenpumpe\/","title":{"rendered":"TYRESEAL Tyre KIT FS1 (Dichtmittel und Reifenpumpe)"},"content":{"rendered":"<h1>OSRAM Reifendichtsatz<\/h1>\n<p>Eine 450 ml Flasche Reifendichtmittel, ein Kompressor und eine Aufbewahrungstasche. Kann als Ersatz f\u00fcr das originale Reifendichtmittel-Set des Fahrzeugherstellers verwendet werden.<\/p>\n<p>Mit dem OSRAM TYREseal KIT k\u00f6nnen Sie Reifenpannen bis zu 6 mm* Gr\u00f6\u00dfe mithilfe modernster Partikelgel-Technologie reparieren und den Reifen anschlie\u00dfend mit einem Kompressor wieder aufpumpen. Nach der Reparatur mit dem OSRAM TYREseal KIT k\u00f6nnen Sie Ihre Fahrt bis zu 200 km fortsetzen, um in einer Werkstatt oder bei einem Reifenh\u00e4ndler einen Ersatzreifen zu erhalten. Da sich das Dichtmittel abwaschen l\u00e4sst, k\u00f6nnen Sie den Reifen auch dauerhaft reparieren lassen, anstatt einen neuen zu kaufen \u2013 das spart Ihnen Geld. Die Reparatur eines besch\u00e4digten Reifens ist schnell und einfach ohne Werkzeug oder Wagenheber m\u00f6glich, sodass Sie innerhalb von zehn Minuten wieder unterwegs sind.<\/p>\n<p>Im Vergleich zu Schaumdichtmitteln ist das Dichtmittel von OSRAM mit dem Reifendruckkontrollsystem (RDKS) des Fahrzeugs kompatibel. Dank der Ventilkanaltechnologie muss der Ventileinsatz beim Auftragen des Dichtmittels nicht entfernt werden.<\/p>\n<p>Das OSRAM TYREseal KIT wird mit einer Aufbewahrungstasche mit Klettverschluss geliefert, sodass es bequem im Kofferraum oder in einem speziellen Fach im Fahrzeug verstaut werden kann.<br \/>OSRAM TYREseal 450 kann als Ersatz f\u00fcr die Original-Reifendichtmasse Ihres Autos verwendet werden. Da die meisten Reifendichtmittel alle f\u00fcnf Jahre ausgetauscht werden m\u00fcssen, auch die ab Werk mitgelieferten, ist die Nachf\u00fcllflasche OSRAM TYREseal 450 ideal, um die Dichtmasse in Ihrem Auto nach Ablauf des Verfallsdatums zu ersetzen und \u2013 im Falle einer Reifenpanne \u2013 den Reifen abzudichten und weiterfahren zu k\u00f6nnen.<\/p>\n<p>OSRAM TYREseal 450 ist ein Reifendichtmittel von OSRAM, das mithilfe von Partikelgel-Technologie Reifenpannen abdichtet und nach den OEM-Standards der Automobilhersteller gefertigt wird. Das Produkt ist als Set erh\u00e4ltlich: OSRAM TYREseal KIT mit Dichtmittel, Kompressor und Aufbewahrungsbeutel oder als OSRAM TYREseal 450, also als einzelne Nachf\u00fcllflasche Dichtmittel.<\/p>","protected":false},"excerpt":{"rendered":"<p>Das OSRAM TYREseal KIT ist ein Komplettset mit Reifendichtmittel und Kompressor. Ideal f\u00fcr unterwegs, egal ob kurze oder lange Fahrten.<\/p>","protected":false},"featured_media":7580,"comment_status":"closed","ping_status":"open","template":"","meta":{"_acf_changed":false,"_smort_price_nok":"534","_smort_price_dkk":"455","_smort_price_eur":"60.91","_smort_sale_price_nok":"534","_smort_sale_price_dkk":"","_smort_sale_price_eur":"","smort_restorder":"","shipmondo_restorder":"","_kad_blocks_custom_css":"","_kad_blocks_head_custom_js":"","_kad_blocks_body_custom_js":"","_kad_blocks_footer_custom_js":"","smort_custom_pricelist_1":"428.8","smort_custom_pricelist_2":"428.8","smort_custom_pricelist_3":"407.36","smort_custom_pricelist_4":"536","smort_custom_pricelist_5":"428.8"},"anvandningsomrade":[],"bilmarken":[],"product_brand":[108],"product_cat":[2653,377,1402],"product_tag":[],"class_list":{"0":"post-7579","1":"product","2":"type-product","3":"status-publish","4":"has-post-thumbnail","6":"product_brand-osram","7":"product_cat-dackpump","8":"product_cat-biltillbehor","9":"product_cat-outlet","10":"pa_storlek-mm-228x89x157","12":"first","13":"onbackorder","14":"sale","15":"taxable","16":"shipping-taxable","17":"purchasable","18":"product-type-simple"},"bundled_by":[],"bundle_stock_status":"onbackorder","bundle_stock_quantity":0,"bundle_virtual":false,"bundle_layout":"","bundle_add_to_cart_form_location":"","bundle_editable_in_cart":false,"bundle_sold_individually_context":"","bundle_item_grouping":"","bundle_min_size":"","bundle_max_size":"","bundle_price":[],"bundled_items":[],"bundle_sell_ids":[],"acf":[],"yoast_head":"<!-- This site is optimized with the Yoast SEO plugin v27.0 - https:\/\/yoast.com\/product\/yoast-seo-wordpress\/ -->\n<title>TYRESEAL D\u00e4ck KIT FS1 (t\u00e4tningsmedel och d\u00e4ckpump) - Xenonkungen<\/title>\n<meta name=\"robots\" content=\"index, follow, max-snippet:-1, max-image-preview:large, max-video-preview:-1\" \/>\n<link rel=\"canonical\" href=\"https:\/\/xenonkungen.com\/de\/produkt\/tyreseal-reifendichtmittel-set-fs1-und-reifenpumpe\/\" \/>\n<meta property=\"og:locale\" content=\"de_DE\" \/>\n<meta property=\"og:type\" content=\"article\" \/>\n<meta property=\"og:title\" content=\"TYRESEAL D\u00e4ck KIT FS1 (t\u00e4tningsmedel och d\u00e4ckpump) - Xenonkungen\" \/>\n<meta property=\"og:description\" content=\"OSRAM TYREseal KIT \u00e4r en komplett sats med d\u00e4ckt\u00e4tningsmedel och kompressor. Perfekt att ha med sig i bilen p\u00e5 b\u00e5de l\u00e4ngre och kortare resor.\" \/>\n<meta property=\"og:url\" content=\"https:\/\/xenonkungen.com\/de\/produkt\/tyreseal-reifendichtmittel-set-fs1-und-reifenpumpe\/\" \/>\n<meta property=\"og:site_name\" content=\"Xenonkungen\" \/>\n<meta property=\"article:modified_time\" content=\"2026-04-01T06:56:16+00:00\" \/>\n<meta property=\"og:image\" content=\"https:\/\/xenonkungen.com\/wp-content\/uploads\/2025\/04\/182469227-origpic-a47c2b.jpg\" \/>\n\t<meta property=\"og:image:width\" content=\"900\" \/>\n\t<meta property=\"og:image:height\" content=\"900\" \/>\n\t<meta property=\"og:image:type\" content=\"image\/jpeg\" \/>\n<meta name=\"twitter:card\" content=\"summary_large_image\" \/>\n<meta name=\"twitter:label1\" content=\"Gesch\u00e4tzte Lesezeit\" \/>\n\t<meta name=\"twitter:data1\" content=\"2\u00a0Minuten\" \/>\n<script type=\"application\/ld+json\" class=\"yoast-schema-graph\">{\"@context\":\"https:\/\/schema.org\",\"@graph\":[{\"@type\":\"WebPage\",\"@id\":\"https:\/\/xenonkungen.com\/produkt\/tyreseal-dack-kit-fs1-tatningsmedel-och-dackpump\/\",\"url\":\"https:\/\/xenonkungen.com\/produkt\/tyreseal-dack-kit-fs1-tatningsmedel-och-dackpump\/\",\"name\":\"TYRESEAL D\u00e4ck KIT FS1 (t\u00e4tningsmedel och d\u00e4ckpump) - Xenonkungen\",\"isPartOf\":{\"@id\":\"https:\/\/xenonkungen.com\/#website\"},\"primaryImageOfPage\":{\"@id\":\"https:\/\/xenonkungen.com\/produkt\/tyreseal-dack-kit-fs1-tatningsmedel-och-dackpump\/#primaryimage\"},\"image\":{\"@id\":\"https:\/\/xenonkungen.com\/produkt\/tyreseal-dack-kit-fs1-tatningsmedel-och-dackpump\/#primaryimage\"},\"thumbnailUrl\":\"https:\/\/xenonkungen.com\/wp-content\/uploads\/2025\/04\/182469227-origpic-a47c2b.jpg\",\"datePublished\":\"2025-04-15T09:57:00+00:00\",\"dateModified\":\"2026-04-01T06:56:16+00:00\",\"breadcrumb\":{\"@id\":\"https:\/\/xenonkungen.com\/produkt\/tyreseal-dack-kit-fs1-tatningsmedel-och-dackpump\/#breadcrumb\"},\"inLanguage\":\"de\",\"potentialAction\":[{\"@type\":\"ReadAction\",\"target\":[\"https:\/\/xenonkungen.com\/produkt\/tyreseal-dack-kit-fs1-tatningsmedel-och-dackpump\/\"]}]},{\"@type\":\"ImageObject\",\"inLanguage\":\"de\",\"@id\":\"https:\/\/xenonkungen.com\/produkt\/tyreseal-dack-kit-fs1-tatningsmedel-och-dackpump\/#primaryimage\",\"url\":\"https:\/\/xenonkungen.com\/wp-content\/uploads\/2025\/04\/182469227-origpic-a47c2b.jpg\",\"contentUrl\":\"https:\/\/xenonkungen.com\/wp-content\/uploads\/2025\/04\/182469227-origpic-a47c2b.jpg\",\"width\":900,\"height\":900},{\"@type\":\"BreadcrumbList\",\"@id\":\"https:\/\/xenonkungen.com\/produkt\/tyreseal-dack-kit-fs1-tatningsmedel-och-dackpump\/#breadcrumb\",\"itemListElement\":[{\"@type\":\"ListItem\",\"position\":1,\"name\":\"Hem\",\"item\":\"https:\/\/xenonkungen.com\/\"},{\"@type\":\"ListItem\",\"position\":2,\"name\":\"Shop\",\"item\":\"https:\/\/xenonkungen.com\/shop\/\"},{\"@type\":\"ListItem\",\"position\":3,\"name\":\"TYRESEAL D\u00e4ck KIT FS1 (t\u00e4tningsmedel och d\u00e4ckpump)\"}]},{\"@type\":\"WebSite\",\"@id\":\"https:\/\/xenonkungen.com\/#website\",\"url\":\"https:\/\/xenonkungen.com\/\",\"name\":\"Xenonkungen\",\"description\":\"\",\"potentialAction\":[{\"@type\":\"SearchAction\",\"target\":{\"@type\":\"EntryPoint\",\"urlTemplate\":\"https:\/\/xenonkungen.com\/?s={search_term_string}\"},\"query-input\":{\"@type\":\"PropertyValueSpecification\",\"valueRequired\":true,\"valueName\":\"search_term_string\"}}],\"inLanguage\":\"de\"}]}<\/script>\n<!-- \/ Yoast SEO plugin. -->","yoast_head_json":{"title":"TYRESEAL Reifendichtmittel-Set FS1 (Dichtmittel und Luftpumpe) - Xenonkungen","robots":{"index":"index","follow":"follow","max-snippet":"max-snippet:-1","max-image-preview":"max-image-preview:large","max-video-preview":"max-video-preview:-1"},"canonical":"https:\/\/xenonkungen.com\/de\/produkt\/tyreseal-reifendichtmittel-set-fs1-und-reifenpumpe\/","og_locale":"de_DE","og_type":"article","og_title":"TYRESEAL D\u00e4ck KIT FS1 (t\u00e4tningsmedel och d\u00e4ckpump) - Xenonkungen","og_description":"OSRAM TYREseal KIT \u00e4r en komplett sats med d\u00e4ckt\u00e4tningsmedel och kompressor. Perfekt att ha med sig i bilen p\u00e5 b\u00e5de l\u00e4ngre och kortare resor.","og_url":"https:\/\/xenonkungen.com\/de\/produkt\/tyreseal-reifendichtmittel-set-fs1-und-reifenpumpe\/","og_site_name":"Xenonkungen","article_modified_time":"2026-04-01T06:56:16+00:00","og_image":[{"width":900,"height":900,"url":"https:\/\/xenonkungen.com\/wp-content\/uploads\/2025\/04\/182469227-origpic-a47c2b.jpg","type":"image\/jpeg"}],"twitter_card":"summary_large_image","twitter_misc":{"Gesch\u00e4tzte Lesezeit":"2\u00a0Minuten"},"schema":{"@context":"https:\/\/schema.org","@graph":[{"@type":"WebPage","@id":"https:\/\/xenonkungen.com\/produkt\/tyreseal-dack-kit-fs1-tatningsmedel-och-dackpump\/","url":"https:\/\/xenonkungen.com\/produkt\/tyreseal-dack-kit-fs1-tatningsmedel-och-dackpump\/","name":"TYRESEAL Reifendichtmittel-Set FS1 (Dichtmittel und Luftpumpe) - Xenonkungen","isPartOf":{"@id":"https:\/\/xenonkungen.com\/#website"},"primaryImageOfPage":{"@id":"https:\/\/xenonkungen.com\/produkt\/tyreseal-dack-kit-fs1-tatningsmedel-och-dackpump\/#primaryimage"},"image":{"@id":"https:\/\/xenonkungen.com\/produkt\/tyreseal-dack-kit-fs1-tatningsmedel-och-dackpump\/#primaryimage"},"thumbnailUrl":"https:\/\/xenonkungen.com\/wp-content\/uploads\/2025\/04\/182469227-origpic-a47c2b.jpg","datePublished":"2025-04-15T09:57:00+00:00","dateModified":"2026-04-01T06:56:16+00:00","breadcrumb":{"@id":"https:\/\/xenonkungen.com\/produkt\/tyreseal-dack-kit-fs1-tatningsmedel-och-dackpump\/#breadcrumb"},"inLanguage":"de","potentialAction":[{"@type":"ReadAction","target":["https:\/\/xenonkungen.com\/produkt\/tyreseal-dack-kit-fs1-tatningsmedel-och-dackpump\/"]}]},{"@type":"ImageObject","inLanguage":"de","@id":"https:\/\/xenonkungen.com\/produkt\/tyreseal-dack-kit-fs1-tatningsmedel-och-dackpump\/#primaryimage","url":"https:\/\/xenonkungen.com\/wp-content\/uploads\/2025\/04\/182469227-origpic-a47c2b.jpg","contentUrl":"https:\/\/xenonkungen.com\/wp-content\/uploads\/2025\/04\/182469227-origpic-a47c2b.jpg","width":900,"height":900},{"@type":"BreadcrumbList","@id":"https:\/\/xenonkungen.com\/produkt\/tyreseal-dack-kit-fs1-tatningsmedel-och-dackpump\/#breadcrumb","itemListElement":[{"@type":"ListItem","position":1,"name":"Hem","item":"https:\/\/xenonkungen.com\/"},{"@type":"ListItem","position":2,"name":"Shop","item":"https:\/\/xenonkungen.com\/shop\/"},{"@type":"ListItem","position":3,"name":"TYRESEAL D\u00e4ck KIT FS1 (t\u00e4tningsmedel och d\u00e4ckpump)"}]},{"@type":"WebSite","@id":"https:\/\/xenonkungen.com\/#website","url":"https:\/\/xenonkungen.com\/","name":"Xenonkungen","description":"","potentialAction":[{"@type":"SearchAction","target":{"@type":"EntryPoint","urlTemplate":"https:\/\/xenonkungen.com\/?s={search_term_string}"},"query-input":{"@type":"PropertyValueSpecification","valueRequired":true,"valueName":"search_term_string"}}],"inLanguage":"de"}]}},"taxonomy_info":{"product_brand":[{"value":108,"label":"OSRAM"}],"product_cat":[{"value":2653,"label":"D\u00e4ckpump"},{"value":377,"label":"Biltillbeh\u00f6r"},{"value":1402,"label":"Outlet"}],"pa_storlek-mm":[{"value":1959,"label":"228x89x157"}]},"featured_image_src_large":["https:\/\/xenonkungen.com\/wp-content\/uploads\/2025\/04\/182469227-origpic-a47c2b.jpg",900,900,false],"author_info":[],"comment_info":1,"_links":{"self":[{"href":"https:\/\/xenonkungen.com\/de\/wp-json\/wp\/v2\/product\/7579","targetHints":{"allow":["GET"]}}],"collection":[{"href":"https:\/\/xenonkungen.com\/de\/wp-json\/wp\/v2\/product"}],"about":[{"href":"https:\/\/xenonkungen.com\/de\/wp-json\/wp\/v2\/types\/product"}],"replies":[{"embeddable":true,"href":"https:\/\/xenonkungen.com\/de\/wp-json\/wp\/v2\/comments?post=7579"}],"wp:featuredmedia":[{"embeddable":true,"href":"https:\/\/xenonkungen.com\/de\/wp-json\/wp\/v2\/media\/7580"}],"wp:attachment":[{"href":"https:\/\/xenonkungen.com\/de\/wp-json\/wp\/v2\/media?parent=7579"}],"wp:term":[{"taxonomy":"anvandningsomrade","embeddable":true,"href":"https:\/\/xenonkungen.com\/de\/wp-json\/wp\/v2\/anvandningsomrade?post=7579"},{"taxonomy":"bilmarken","embeddable":true,"href":"https:\/\/xenonkungen.com\/de\/wp-json\/wp\/v2\/bilmarken?post=7579"},{"taxonomy":"product_brand","embeddable":true,"href":"https:\/\/xenonkungen.com\/de\/wp-json\/wp\/v2\/product_brand?post=7579"},{"taxonomy":"product_cat","embeddable":true,"href":"https:\/\/xenonkungen.com\/de\/wp-json\/wp\/v2\/product_cat?post=7579"},{"taxonomy":"product_tag","embeddable":true,"href":"https:\/\/xenonkungen.com\/de\/wp-json\/wp\/v2\/product_tag?post=7579"}],"curies":[{"name":"wp","href":"https:\/\/api.w.org\/{rel}","templated":true}]}}