{"id":7584,"date":"2025-04-15T09:57:00","date_gmt":"2025-04-15T09:57:00","guid":{"rendered":"https:\/\/xenonkungen.com\/product\/tyreinflate-cykelpump-2000-fs1\/"},"modified":"2026-05-08T13:33:08","modified_gmt":"2026-05-08T12:33:08","slug":"fahrradreifenpumpe-2000-fs1","status":"publish","type":"product","link":"https:\/\/xenonkungen.com\/de\/produkt\/fahrradreifenpumpe-2000-fs1\/","title":{"rendered":"TYREINFLATE Fahrradpumpe 2000 FS1"},"content":{"rendered":"<h2>OSRAM TYREinflate 2000 - Ihr kompakter und wiederaufladbarer Reifenf\u00fcller f\u00fcr alle F\u00e4lle<\/h2>\n<p>Erleben Sie den Komfort von <strong>OSRAM TYREinflate 2000<\/strong>ist ein intelligenter, wiederaufladbarer Reifenf\u00fcller, der das Aufpumpen von Reifen einfach und genau macht. Mit seinem digitalen Display mit Hintergrundbeleuchtung erhalten Sie genaue Druckmessungen in BAR, kPA und PSI, und mit der intelligenten Speicherfunktion k\u00f6nnen Sie bis zu 4 verschiedene Reifendruckwerte speichern. Perfekt f\u00fcr Auto-, Fahrrad-, Roller- und Motorradreifen!<\/p>\n<p><strong>Auto-Stopp-Funktion<\/strong> sorgt daf\u00fcr, dass die Pumpe automatisch stoppt, wenn der richtige Druck erreicht ist, was Ihnen jederzeit Sicherheit und Komfort bietet. Mit der <strong>USB-Laden<\/strong> Es wird keine 12-Volt-Steckdose ben\u00f6tigt, was es perfekt f\u00fcr den Einsatz unterwegs macht - keine Sorgen mehr \u00fcber den Reifendruck, egal wo Sie sind!<\/p>\n<p>Dank seiner kompakten und leichten Bauweise k\u00f6nnen Sie das Ger\u00e4t leicht verstauen. <strong>OSRAM TYREinflate 2000<\/strong> im Handschuhfach Ihres Autos, in einem Rucksack oder mit der mitgelieferten Fahrradhalterung. Es funktioniert auch als <strong>Powerbank<\/strong> f\u00fcr Ihre elektronischen Ger\u00e4te, sodass Sie Ihr Mobiltelefon \u00fcberall aufladen k\u00f6nnen. Und mit der integrierten Taschenlampe haben Sie auch in dunklen Situationen Licht.<\/p>\n<p>Ideal f\u00fcr Reifen, B\u00e4lle und andere aufblasbare Gegenst\u00e4nde mit Presta-Ventilen. Ein 2-teiliges Adapter-Kit ist im Lieferumfang enthalten und sorgt f\u00fcr eine optimale Nutzung.<\/p>\n<h3>Warum OSRAM TYREinflate 2000 w\u00e4hlen?<\/h3>\n<ul>\n<li><strong>Digitale Pr\u00e4zision<\/strong> - Genaue Druckmessungen und Speichern Ihrer Einstellungen<\/li>\n<li><strong>Per Anhalter fahren<\/strong> - Die Pumpe stoppt automatisch bei dem richtigen Druck<\/li>\n<li><strong>USB-aufladbar<\/strong> - Keine 12-V-Steckdose erforderlich<\/li>\n<li><strong>Powerbank-Funktion<\/strong> - Laden Sie Ihre Ger\u00e4te auf, wo immer Sie sind<\/li>\n<li><strong>Kompakte Bauweise<\/strong> - Einfach zum Mitnehmen auf Reisen<\/li>\n<li><strong>Eingebaute Taschenlampe<\/strong> - F\u00fcr die Beleuchtung in der Dunkelheit<\/li>\n<\/ul>\n<p>Med <strong>OSRAM TYREinflate 2000<\/strong> haben Sie immer einen zuverl\u00e4ssigen und vielseitigen Reifenf\u00fcller zur Hand. OSRAM bietet au\u00dferdem <strong>2 Jahre Garantie<\/strong>damit Sie sich bei Ihrem Kauf sicher f\u00fchlen k\u00f6nnen!<\/p>","protected":false},"excerpt":{"rendered":"<p>Entdecken Sie den OSRAM TYREinflate 2000, einen kompakten und wiederaufladbaren Reifenf\u00fcller, perfekt f\u00fcr Fahrr\u00e4der, Motorr\u00e4der und Autos. Mit digitaler Pr\u00e4zision, Auto-Stopp-Funktion und USB-Aufladung ist das Aufpumpen von Reifen schnell, einfach und immer verf\u00fcgbar, wenn Sie es brauchen.<\/p>","protected":false},"featured_media":7585,"comment_status":"closed","ping_status":"closed","template":"","meta":{"_acf_changed":false,"_smort_price_nok":"641","_smort_price_dkk":"577","_smort_price_eur":"77.27","_smort_sale_price_nok":"641","_smort_sale_price_dkk":"","_smort_sale_price_eur":"","smort_restorder":"","shipmondo_restorder":"","_kad_blocks_custom_css":"","_kad_blocks_head_custom_js":"","_kad_blocks_body_custom_js":"","_kad_blocks_footer_custom_js":"","smort_custom_pricelist_1":"544","smort_custom_pricelist_2":"476","smort_custom_pricelist_3":"442","smort_custom_pricelist_4":"680","smort_custom_pricelist_5":"476"},"anvandningsomrade":[239],"bilmarken":[],"product_brand":[108],"product_cat":[377,1962,1402],"product_tag":[],"class_list":{"0":"post-7584","1":"product","2":"type-product","3":"status-publish","4":"has-post-thumbnail","6":"anvandningsomrade-cykel","7":"product_brand-osram","8":"product_cat-biltillbehor","9":"product_cat-cykel","10":"product_cat-outlet","11":"pa_storlek-mm-170x70x70","13":"first","14":"instock","15":"sale","16":"taxable","17":"shipping-taxable","18":"purchasable","19":"product-type-simple"},"bundled_by":[],"bundle_stock_status":"instock","bundle_stock_quantity":3,"bundle_virtual":false,"bundle_layout":"","bundle_add_to_cart_form_location":"","bundle_editable_in_cart":false,"bundle_sold_individually_context":"","bundle_item_grouping":"","bundle_min_size":"","bundle_max_size":"","bundle_price":[],"bundled_items":[],"bundle_sell_ids":[],"acf":[],"yoast_head":"<!-- This site is optimized with the Yoast SEO plugin v27.0 - https:\/\/yoast.com\/product\/yoast-seo-wordpress\/ -->\n<title>TYREINFLATE Cykelpump 2000 FS1 - Xenonkungen<\/title>\n<meta name=\"robots\" content=\"index, follow, max-snippet:-1, max-image-preview:large, max-video-preview:-1\" \/>\n<link rel=\"canonical\" href=\"https:\/\/xenonkungen.com\/de\/produkt\/fahrradreifenpumpe-2000-fs1\/\" \/>\n<meta property=\"og:locale\" content=\"de_DE\" \/>\n<meta property=\"og:type\" content=\"article\" \/>\n<meta property=\"og:title\" content=\"TYREINFLATE Cykelpump 2000 FS1 - Xenonkungen\" \/>\n<meta property=\"og:description\" content=\"Uppt\u00e4ck OSRAM TYREinflate 2000, en kompakt och laddningsbar d\u00e4ckpump som \u00e4r perfekt f\u00f6r cyklar, motorcyklar och bilar. Med digital precision, auto-stop-funktion och USB-laddning blir d\u00e4ckpumpningen snabb, enkel och alltid tillg\u00e4nglig n\u00e4r du beh\u00f6ver det.\" \/>\n<meta property=\"og:url\" content=\"https:\/\/xenonkungen.com\/de\/produkt\/fahrradreifenpumpe-2000-fs1\/\" \/>\n<meta property=\"og:site_name\" content=\"Xenonkungen\" \/>\n<meta property=\"article:modified_time\" content=\"2026-05-08T12:33:08+00:00\" \/>\n<meta property=\"og:image\" content=\"https:\/\/xenonkungen.com\/wp-content\/uploads\/2025\/04\/215792521-origpic-249647.jpg\" \/>\n\t<meta property=\"og:image:width\" content=\"912\" \/>\n\t<meta property=\"og:image:height\" content=\"914\" \/>\n\t<meta property=\"og:image:type\" content=\"image\/jpeg\" \/>\n<meta name=\"twitter:card\" content=\"summary_large_image\" \/>\n<meta name=\"twitter:label1\" content=\"Gesch\u00e4tzte Lesezeit\" \/>\n\t<meta name=\"twitter:data1\" content=\"2\u00a0Minuten\" \/>\n<script type=\"application\/ld+json\" class=\"yoast-schema-graph\">{\"@context\":\"https:\/\/schema.org\",\"@graph\":[{\"@type\":\"WebPage\",\"@id\":\"https:\/\/xenonkungen.com\/produkt\/tyreinflate-cykelpump-2000-fs1\/\",\"url\":\"https:\/\/xenonkungen.com\/produkt\/tyreinflate-cykelpump-2000-fs1\/\",\"name\":\"TYREINFLATE Cykelpump 2000 FS1 - Xenonkungen\",\"isPartOf\":{\"@id\":\"https:\/\/xenonkungen.com\/#website\"},\"primaryImageOfPage\":{\"@id\":\"https:\/\/xenonkungen.com\/produkt\/tyreinflate-cykelpump-2000-fs1\/#primaryimage\"},\"image\":{\"@id\":\"https:\/\/xenonkungen.com\/produkt\/tyreinflate-cykelpump-2000-fs1\/#primaryimage\"},\"thumbnailUrl\":\"https:\/\/xenonkungen.com\/wp-content\/uploads\/2025\/04\/215792521-origpic-249647.jpg\",\"datePublished\":\"2025-04-15T09:57:00+00:00\",\"dateModified\":\"2026-05-08T12:33:08+00:00\",\"breadcrumb\":{\"@id\":\"https:\/\/xenonkungen.com\/produkt\/tyreinflate-cykelpump-2000-fs1\/#breadcrumb\"},\"inLanguage\":\"de\",\"potentialAction\":[{\"@type\":\"ReadAction\",\"target\":[\"https:\/\/xenonkungen.com\/produkt\/tyreinflate-cykelpump-2000-fs1\/\"]}]},{\"@type\":\"ImageObject\",\"inLanguage\":\"de\",\"@id\":\"https:\/\/xenonkungen.com\/produkt\/tyreinflate-cykelpump-2000-fs1\/#primaryimage\",\"url\":\"https:\/\/xenonkungen.com\/wp-content\/uploads\/2025\/04\/215792521-origpic-249647.jpg\",\"contentUrl\":\"https:\/\/xenonkungen.com\/wp-content\/uploads\/2025\/04\/215792521-origpic-249647.jpg\",\"width\":912,\"height\":914},{\"@type\":\"BreadcrumbList\",\"@id\":\"https:\/\/xenonkungen.com\/produkt\/tyreinflate-cykelpump-2000-fs1\/#breadcrumb\",\"itemListElement\":[{\"@type\":\"ListItem\",\"position\":1,\"name\":\"Hem\",\"item\":\"https:\/\/xenonkungen.com\/\"},{\"@type\":\"ListItem\",\"position\":2,\"name\":\"Shop\",\"item\":\"https:\/\/xenonkungen.com\/shop\/\"},{\"@type\":\"ListItem\",\"position\":3,\"name\":\"TYREINFLATE Cykelpump 2000 FS1\"}]},{\"@type\":\"WebSite\",\"@id\":\"https:\/\/xenonkungen.com\/#website\",\"url\":\"https:\/\/xenonkungen.com\/\",\"name\":\"Xenonkungen\",\"description\":\"\",\"potentialAction\":[{\"@type\":\"SearchAction\",\"target\":{\"@type\":\"EntryPoint\",\"urlTemplate\":\"https:\/\/xenonkungen.com\/?s={search_term_string}\"},\"query-input\":{\"@type\":\"PropertyValueSpecification\",\"valueRequired\":true,\"valueName\":\"search_term_string\"}}],\"inLanguage\":\"de\"}]}<\/script>\n<!-- \/ Yoast SEO plugin. -->","yoast_head_json":{"title":"TYREINFLATE Fahrradpumpe 2000 FS1 - Der Xenon-K\u00f6nig","robots":{"index":"index","follow":"follow","max-snippet":"max-snippet:-1","max-image-preview":"max-image-preview:large","max-video-preview":"max-video-preview:-1"},"canonical":"https:\/\/xenonkungen.com\/de\/produkt\/fahrradreifenpumpe-2000-fs1\/","og_locale":"de_DE","og_type":"article","og_title":"TYREINFLATE Cykelpump 2000 FS1 - Xenonkungen","og_description":"Uppt\u00e4ck OSRAM TYREinflate 2000, en kompakt och laddningsbar d\u00e4ckpump som \u00e4r perfekt f\u00f6r cyklar, motorcyklar och bilar. Med digital precision, auto-stop-funktion och USB-laddning blir d\u00e4ckpumpningen snabb, enkel och alltid tillg\u00e4nglig n\u00e4r du beh\u00f6ver det.","og_url":"https:\/\/xenonkungen.com\/de\/produkt\/fahrradreifenpumpe-2000-fs1\/","og_site_name":"Xenonkungen","article_modified_time":"2026-05-08T12:33:08+00:00","og_image":[{"width":912,"height":914,"url":"https:\/\/xenonkungen.com\/wp-content\/uploads\/2025\/04\/215792521-origpic-249647.jpg","type":"image\/jpeg"}],"twitter_card":"summary_large_image","twitter_misc":{"Gesch\u00e4tzte Lesezeit":"2\u00a0Minuten"},"schema":{"@context":"https:\/\/schema.org","@graph":[{"@type":"WebPage","@id":"https:\/\/xenonkungen.com\/produkt\/tyreinflate-cykelpump-2000-fs1\/","url":"https:\/\/xenonkungen.com\/produkt\/tyreinflate-cykelpump-2000-fs1\/","name":"TYREINFLATE Fahrradpumpe 2000 FS1 - Der Xenon-K\u00f6nig","isPartOf":{"@id":"https:\/\/xenonkungen.com\/#website"},"primaryImageOfPage":{"@id":"https:\/\/xenonkungen.com\/produkt\/tyreinflate-cykelpump-2000-fs1\/#primaryimage"},"image":{"@id":"https:\/\/xenonkungen.com\/produkt\/tyreinflate-cykelpump-2000-fs1\/#primaryimage"},"thumbnailUrl":"https:\/\/xenonkungen.com\/wp-content\/uploads\/2025\/04\/215792521-origpic-249647.jpg","datePublished":"2025-04-15T09:57:00+00:00","dateModified":"2026-05-08T12:33:08+00:00","breadcrumb":{"@id":"https:\/\/xenonkungen.com\/produkt\/tyreinflate-cykelpump-2000-fs1\/#breadcrumb"},"inLanguage":"de","potentialAction":[{"@type":"ReadAction","target":["https:\/\/xenonkungen.com\/produkt\/tyreinflate-cykelpump-2000-fs1\/"]}]},{"@type":"ImageObject","inLanguage":"de","@id":"https:\/\/xenonkungen.com\/produkt\/tyreinflate-cykelpump-2000-fs1\/#primaryimage","url":"https:\/\/xenonkungen.com\/wp-content\/uploads\/2025\/04\/215792521-origpic-249647.jpg","contentUrl":"https:\/\/xenonkungen.com\/wp-content\/uploads\/2025\/04\/215792521-origpic-249647.jpg","width":912,"height":914},{"@type":"BreadcrumbList","@id":"https:\/\/xenonkungen.com\/produkt\/tyreinflate-cykelpump-2000-fs1\/#breadcrumb","itemListElement":[{"@type":"ListItem","position":1,"name":"Hem","item":"https:\/\/xenonkungen.com\/"},{"@type":"ListItem","position":2,"name":"Shop","item":"https:\/\/xenonkungen.com\/shop\/"},{"@type":"ListItem","position":3,"name":"TYREINFLATE Cykelpump 2000 FS1"}]},{"@type":"WebSite","@id":"https:\/\/xenonkungen.com\/#website","url":"https:\/\/xenonkungen.com\/","name":"Xenonkungen","description":"","potentialAction":[{"@type":"SearchAction","target":{"@type":"EntryPoint","urlTemplate":"https:\/\/xenonkungen.com\/?s={search_term_string}"},"query-input":{"@type":"PropertyValueSpecification","valueRequired":true,"valueName":"search_term_string"}}],"inLanguage":"de"}]}},"taxonomy_info":{"anvandningsomrade":[{"value":239,"label":"Cykel"}],"product_brand":[{"value":108,"label":"OSRAM"}],"product_cat":[{"value":377,"label":"Biltillbeh\u00f6r"},{"value":1962,"label":"Cykel"},{"value":1402,"label":"Outlet"}],"pa_storlek-mm":[{"value":1960,"label":"170x70x70"}]},"featured_image_src_large":["https:\/\/xenonkungen.com\/wp-content\/uploads\/2025\/04\/215792521-origpic-249647.jpg",912,914,false],"author_info":[],"comment_info":1,"_links":{"self":[{"href":"https:\/\/xenonkungen.com\/de\/wp-json\/wp\/v2\/product\/7584","targetHints":{"allow":["GET"]}}],"collection":[{"href":"https:\/\/xenonkungen.com\/de\/wp-json\/wp\/v2\/product"}],"about":[{"href":"https:\/\/xenonkungen.com\/de\/wp-json\/wp\/v2\/types\/product"}],"replies":[{"embeddable":true,"href":"https:\/\/xenonkungen.com\/de\/wp-json\/wp\/v2\/comments?post=7584"}],"wp:featuredmedia":[{"embeddable":true,"href":"https:\/\/xenonkungen.com\/de\/wp-json\/wp\/v2\/media\/7585"}],"wp:attachment":[{"href":"https:\/\/xenonkungen.com\/de\/wp-json\/wp\/v2\/media?parent=7584"}],"wp:term":[{"taxonomy":"anvandningsomrade","embeddable":true,"href":"https:\/\/xenonkungen.com\/de\/wp-json\/wp\/v2\/anvandningsomrade?post=7584"},{"taxonomy":"bilmarken","embeddable":true,"href":"https:\/\/xenonkungen.com\/de\/wp-json\/wp\/v2\/bilmarken?post=7584"},{"taxonomy":"product_brand","embeddable":true,"href":"https:\/\/xenonkungen.com\/de\/wp-json\/wp\/v2\/product_brand?post=7584"},{"taxonomy":"product_cat","embeddable":true,"href":"https:\/\/xenonkungen.com\/de\/wp-json\/wp\/v2\/product_cat?post=7584"},{"taxonomy":"product_tag","embeddable":true,"href":"https:\/\/xenonkungen.com\/de\/wp-json\/wp\/v2\/product_tag?post=7584"}],"curies":[{"name":"wp","href":"https:\/\/api.w.org\/{rel}","templated":true}]}}