{"id":7617,"date":"2025-04-15T09:57:38","date_gmt":"2025-04-15T09:57:38","guid":{"rendered":"https:\/\/xenonkungen.com\/product\/dashcam-roadsight-30-fs1\/"},"modified":"2025-12-10T14:49:14","modified_gmt":"2025-12-10T13:49:14","slug":"dashcam-roadsight-30-fs1","status":"publish","type":"product","link":"https:\/\/xenonkungen.com\/de\/produkt\/dashcam-roadsight-30-fs1\/","title":{"rendered":"ROADSIGHT 30 FS1 Dashcam"},"content":{"rendered":"<h1>OSRAM ROADsight 30<\/h1>\n<p>Mit einer Dashcam fahren Sie sicherer. Dank 1080p-Aufl\u00f6sung, 30 Bildern pro Sekunde und einem 130-Grad-Objektiv erhalten Sie eine hochwertige Weitwinkelansicht der Stra\u00dfe und erkennen Details wie Kennzeichen und Verkehrsschilder klar und deutlich. Mit WLAN und OSRAMconnect haben Sie jederzeit einfachen Zugriff auf die ben\u00f6tigten Aufnahmen. \u00dcber den 2-Zoll-Bildschirm k\u00f6nnen Sie Videos wiedergeben. Die Dashcam ist kompakt und unauff\u00e4llig, sodass sie Sie beim Fahren nicht ablenkt.<\/p>\n<p>Wird Ihr geparktes Auto angefahren, aktiviert der Parkmodus die Kamera und zeichnet alles auf, was sich im Umkreis von 130\u00b0 um Ihr Fahrzeug ereignet. Die Aufnahmen Ihrer Dashcam werden bei einem Unfall automatisch gespeichert, um Beweismaterial f\u00fcr die sp\u00e4tere Verwendung zu sichern. <\/p>\n<p>Speichern Sie bis zu 32 GB Videomaterial auf einer SD-Karte (nicht im Lieferumfang enthalten).<br \/>Eine magnetische Halterung und ein Werkzeug zum Entfernen der Verkleidung erm\u00f6glichen eine einfache Montage.<\/p>","protected":false},"excerpt":{"rendered":"<p>Kompakte Autokamera mit praktischem Display und WLAN-Funktion<\/p>","protected":false},"featured_media":7618,"comment_status":"closed","ping_status":"open","template":"","meta":{"_acf_changed":false,"_smort_price_nok":"1218","_smort_price_dkk":"774","_smort_price_eur":"103.63","_smort_sale_price_nok":"","_smort_sale_price_dkk":"","_smort_sale_price_eur":"","smort_restorder":"","shipmondo_restorder":"","_kad_blocks_custom_css":"","_kad_blocks_head_custom_js":"","_kad_blocks_body_custom_js":"","_kad_blocks_footer_custom_js":"","smort_custom_pricelist_1":"729.6","smort_custom_pricelist_2":"729.6","smort_custom_pricelist_3":"693.12","smort_custom_pricelist_4":"912","smort_custom_pricelist_5":"729.6"},"anvandningsomrade":[],"bilmarken":[],"product_brand":[108],"product_cat":[2652,377],"product_tag":[],"class_list":{"0":"post-7617","1":"product","2":"type-product","3":"status-publish","4":"has-post-thumbnail","6":"product_brand-osram","7":"product_cat-dashcam","8":"product_cat-biltillbehor","9":"pa_storlek-mm-195x150x390","11":"first","12":"onbackorder","13":"taxable","14":"shipping-taxable","15":"purchasable","16":"product-type-simple"},"bundled_by":[],"bundle_stock_status":"onbackorder","bundle_stock_quantity":0,"bundle_virtual":false,"bundle_layout":"","bundle_add_to_cart_form_location":"","bundle_editable_in_cart":false,"bundle_sold_individually_context":"","bundle_item_grouping":"","bundle_min_size":"","bundle_max_size":"","bundle_price":[],"bundled_items":[],"bundle_sell_ids":[],"acf":[],"yoast_head":"<!-- This site is optimized with the Yoast SEO plugin v27.0 - https:\/\/yoast.com\/product\/yoast-seo-wordpress\/ -->\n<title>Dashcam ROADSIGHT 30 FS1 - Xenonkungen<\/title>\n<meta name=\"robots\" content=\"index, follow, max-snippet:-1, max-image-preview:large, max-video-preview:-1\" \/>\n<link rel=\"canonical\" href=\"https:\/\/xenonkungen.com\/de\/produkt\/dashcam-roadsight-30-fs1\/\" \/>\n<meta property=\"og:locale\" content=\"de_DE\" \/>\n<meta property=\"og:type\" content=\"article\" \/>\n<meta property=\"og:title\" content=\"Dashcam ROADSIGHT 30 FS1 - Xenonkungen\" \/>\n<meta property=\"og:description\" content=\"Kompakt bilkamera med praktisk display och WiFi-funktion\" \/>\n<meta property=\"og:url\" content=\"https:\/\/xenonkungen.com\/de\/produkt\/dashcam-roadsight-30-fs1\/\" \/>\n<meta property=\"og:site_name\" content=\"Xenonkungen\" \/>\n<meta property=\"article:modified_time\" content=\"2025-12-10T13:49:14+00:00\" \/>\n<meta property=\"og:image\" content=\"https:\/\/xenonkungen.com\/wp-content\/uploads\/2025\/04\/182439603-origpic-bc1b18.jpg\" \/>\n\t<meta property=\"og:image:width\" content=\"900\" \/>\n\t<meta property=\"og:image:height\" content=\"900\" \/>\n\t<meta property=\"og:image:type\" content=\"image\/jpeg\" \/>\n<meta name=\"twitter:card\" content=\"summary_large_image\" \/>\n<meta name=\"twitter:label1\" content=\"Gesch\u00e4tzte Lesezeit\" \/>\n\t<meta name=\"twitter:data1\" content=\"1\u00a0Minute\" \/>\n<script type=\"application\/ld+json\" class=\"yoast-schema-graph\">{\"@context\":\"https:\/\/schema.org\",\"@graph\":[{\"@type\":\"WebPage\",\"@id\":\"https:\/\/xenonkungen.com\/produkt\/dashcam-roadsight-30-fs1\/\",\"url\":\"https:\/\/xenonkungen.com\/produkt\/dashcam-roadsight-30-fs1\/\",\"name\":\"Dashcam ROADSIGHT 30 FS1 - Xenonkungen\",\"isPartOf\":{\"@id\":\"https:\/\/xenonkungen.com\/#website\"},\"primaryImageOfPage\":{\"@id\":\"https:\/\/xenonkungen.com\/produkt\/dashcam-roadsight-30-fs1\/#primaryimage\"},\"image\":{\"@id\":\"https:\/\/xenonkungen.com\/produkt\/dashcam-roadsight-30-fs1\/#primaryimage\"},\"thumbnailUrl\":\"https:\/\/xenonkungen.com\/wp-content\/uploads\/2025\/04\/182439603-origpic-bc1b18.jpg\",\"datePublished\":\"2025-04-15T09:57:38+00:00\",\"dateModified\":\"2025-12-10T13:49:14+00:00\",\"breadcrumb\":{\"@id\":\"https:\/\/xenonkungen.com\/produkt\/dashcam-roadsight-30-fs1\/#breadcrumb\"},\"inLanguage\":\"de\",\"potentialAction\":[{\"@type\":\"ReadAction\",\"target\":[\"https:\/\/xenonkungen.com\/produkt\/dashcam-roadsight-30-fs1\/\"]}]},{\"@type\":\"ImageObject\",\"inLanguage\":\"de\",\"@id\":\"https:\/\/xenonkungen.com\/produkt\/dashcam-roadsight-30-fs1\/#primaryimage\",\"url\":\"https:\/\/xenonkungen.com\/wp-content\/uploads\/2025\/04\/182439603-origpic-bc1b18.jpg\",\"contentUrl\":\"https:\/\/xenonkungen.com\/wp-content\/uploads\/2025\/04\/182439603-origpic-bc1b18.jpg\",\"width\":900,\"height\":900},{\"@type\":\"BreadcrumbList\",\"@id\":\"https:\/\/xenonkungen.com\/produkt\/dashcam-roadsight-30-fs1\/#breadcrumb\",\"itemListElement\":[{\"@type\":\"ListItem\",\"position\":1,\"name\":\"Hem\",\"item\":\"https:\/\/xenonkungen.com\/\"},{\"@type\":\"ListItem\",\"position\":2,\"name\":\"Shop\",\"item\":\"https:\/\/xenonkungen.com\/shop\/\"},{\"@type\":\"ListItem\",\"position\":3,\"name\":\"Dashcam ROADSIGHT 30 FS1\"}]},{\"@type\":\"WebSite\",\"@id\":\"https:\/\/xenonkungen.com\/#website\",\"url\":\"https:\/\/xenonkungen.com\/\",\"name\":\"Xenonkungen\",\"description\":\"\",\"potentialAction\":[{\"@type\":\"SearchAction\",\"target\":{\"@type\":\"EntryPoint\",\"urlTemplate\":\"https:\/\/xenonkungen.com\/?s={search_term_string}\"},\"query-input\":{\"@type\":\"PropertyValueSpecification\",\"valueRequired\":true,\"valueName\":\"search_term_string\"}}],\"inLanguage\":\"de\"}]}<\/script>\n<!-- \/ Yoast SEO plugin. -->","yoast_head_json":{"title":"Dashcam ROADSIGHT 30 FS1 \u2013 Der Xenon-K\u00f6nig","robots":{"index":"index","follow":"follow","max-snippet":"max-snippet:-1","max-image-preview":"max-image-preview:large","max-video-preview":"max-video-preview:-1"},"canonical":"https:\/\/xenonkungen.com\/de\/produkt\/dashcam-roadsight-30-fs1\/","og_locale":"de_DE","og_type":"article","og_title":"Dashcam ROADSIGHT 30 FS1 - Xenonkungen","og_description":"Kompakt bilkamera med praktisk display och WiFi-funktion","og_url":"https:\/\/xenonkungen.com\/de\/produkt\/dashcam-roadsight-30-fs1\/","og_site_name":"Xenonkungen","article_modified_time":"2025-12-10T13:49:14+00:00","og_image":[{"width":900,"height":900,"url":"https:\/\/xenonkungen.com\/wp-content\/uploads\/2025\/04\/182439603-origpic-bc1b18.jpg","type":"image\/jpeg"}],"twitter_card":"summary_large_image","twitter_misc":{"Gesch\u00e4tzte Lesezeit":"1\u00a0Minute"},"schema":{"@context":"https:\/\/schema.org","@graph":[{"@type":"WebPage","@id":"https:\/\/xenonkungen.com\/produkt\/dashcam-roadsight-30-fs1\/","url":"https:\/\/xenonkungen.com\/produkt\/dashcam-roadsight-30-fs1\/","name":"Dashcam ROADSIGHT 30 FS1 \u2013 Der Xenon-K\u00f6nig","isPartOf":{"@id":"https:\/\/xenonkungen.com\/#website"},"primaryImageOfPage":{"@id":"https:\/\/xenonkungen.com\/produkt\/dashcam-roadsight-30-fs1\/#primaryimage"},"image":{"@id":"https:\/\/xenonkungen.com\/produkt\/dashcam-roadsight-30-fs1\/#primaryimage"},"thumbnailUrl":"https:\/\/xenonkungen.com\/wp-content\/uploads\/2025\/04\/182439603-origpic-bc1b18.jpg","datePublished":"2025-04-15T09:57:38+00:00","dateModified":"2025-12-10T13:49:14+00:00","breadcrumb":{"@id":"https:\/\/xenonkungen.com\/produkt\/dashcam-roadsight-30-fs1\/#breadcrumb"},"inLanguage":"de","potentialAction":[{"@type":"ReadAction","target":["https:\/\/xenonkungen.com\/produkt\/dashcam-roadsight-30-fs1\/"]}]},{"@type":"ImageObject","inLanguage":"de","@id":"https:\/\/xenonkungen.com\/produkt\/dashcam-roadsight-30-fs1\/#primaryimage","url":"https:\/\/xenonkungen.com\/wp-content\/uploads\/2025\/04\/182439603-origpic-bc1b18.jpg","contentUrl":"https:\/\/xenonkungen.com\/wp-content\/uploads\/2025\/04\/182439603-origpic-bc1b18.jpg","width":900,"height":900},{"@type":"BreadcrumbList","@id":"https:\/\/xenonkungen.com\/produkt\/dashcam-roadsight-30-fs1\/#breadcrumb","itemListElement":[{"@type":"ListItem","position":1,"name":"Hem","item":"https:\/\/xenonkungen.com\/"},{"@type":"ListItem","position":2,"name":"Shop","item":"https:\/\/xenonkungen.com\/shop\/"},{"@type":"ListItem","position":3,"name":"Dashcam ROADSIGHT 30 FS1"}]},{"@type":"WebSite","@id":"https:\/\/xenonkungen.com\/#website","url":"https:\/\/xenonkungen.com\/","name":"Xenonkungen","description":"","potentialAction":[{"@type":"SearchAction","target":{"@type":"EntryPoint","urlTemplate":"https:\/\/xenonkungen.com\/?s={search_term_string}"},"query-input":{"@type":"PropertyValueSpecification","valueRequired":true,"valueName":"search_term_string"}}],"inLanguage":"de"}]}},"taxonomy_info":{"product_brand":[{"value":108,"label":"OSRAM"}],"product_cat":[{"value":2652,"label":"Dashcam"},{"value":377,"label":"Biltillbeh\u00f6r"}],"pa_storlek-mm":[{"value":1966,"label":"195x150x390"}]},"featured_image_src_large":["https:\/\/xenonkungen.com\/wp-content\/uploads\/2025\/04\/182439603-origpic-bc1b18.jpg",900,900,false],"author_info":[],"comment_info":0,"_links":{"self":[{"href":"https:\/\/xenonkungen.com\/de\/wp-json\/wp\/v2\/product\/7617","targetHints":{"allow":["GET"]}}],"collection":[{"href":"https:\/\/xenonkungen.com\/de\/wp-json\/wp\/v2\/product"}],"about":[{"href":"https:\/\/xenonkungen.com\/de\/wp-json\/wp\/v2\/types\/product"}],"replies":[{"embeddable":true,"href":"https:\/\/xenonkungen.com\/de\/wp-json\/wp\/v2\/comments?post=7617"}],"wp:featuredmedia":[{"embeddable":true,"href":"https:\/\/xenonkungen.com\/de\/wp-json\/wp\/v2\/media\/7618"}],"wp:attachment":[{"href":"https:\/\/xenonkungen.com\/de\/wp-json\/wp\/v2\/media?parent=7617"}],"wp:term":[{"taxonomy":"anvandningsomrade","embeddable":true,"href":"https:\/\/xenonkungen.com\/de\/wp-json\/wp\/v2\/anvandningsomrade?post=7617"},{"taxonomy":"bilmarken","embeddable":true,"href":"https:\/\/xenonkungen.com\/de\/wp-json\/wp\/v2\/bilmarken?post=7617"},{"taxonomy":"product_brand","embeddable":true,"href":"https:\/\/xenonkungen.com\/de\/wp-json\/wp\/v2\/product_brand?post=7617"},{"taxonomy":"product_cat","embeddable":true,"href":"https:\/\/xenonkungen.com\/de\/wp-json\/wp\/v2\/product_cat?post=7617"},{"taxonomy":"product_tag","embeddable":true,"href":"https:\/\/xenonkungen.com\/de\/wp-json\/wp\/v2\/product_tag?post=7617"}],"curies":[{"name":"wp","href":"https:\/\/api.w.org\/{rel}","templated":true}]}}