{"id":7634,"date":"2025-04-15T09:57:38","date_gmt":"2025-04-15T09:57:38","guid":{"rendered":"https:\/\/xenonkungen.com\/product\/batteriladdare-osr-904\/"},"modified":"2026-03-25T09:16:09","modified_gmt":"2026-03-25T08:16:09","slug":"akkuladegerat-osr-904","status":"publish","type":"product","link":"https:\/\/xenonkungen.com\/de\/produkt\/akkuladegerat-osr-904\/","title":{"rendered":"Batterieladeger\u00e4t OSR 904"},"content":{"rendered":"<div class=\"container\">\n<h1 class=\"product-title\">OSRAM Akkuladeger\u00e4t 904<\/h1>\n<p>Das OSRAM BATTERYcharger 904 ist ein fortschrittliches Ladeger\u00e4t und Erhaltungsladeger\u00e4t f\u00fcr 6-V- und 12-V-Fahrzeuge, einschlie\u00dflich Motorr\u00e4der und die meisten kleineren Fahrzeuge. Es verf\u00fcgt \u00fcber eine intelligente Ladetechnologie mit einem 7-stufigen Ladezyklus f\u00fcr Lithium-Batterien und einem 9-stufigen Zyklus f\u00fcr Blei-S\u00e4ure-\/AGM-Batterien, die per Knopfdruck aktiviert werden k\u00f6nnen.<\/p>\n<p>Zu den herausragendsten Merkmalen des BATTERYcharger 904 geh\u00f6ren:<\/p>\n<ol>\n<li>\n<p><strong>Automatischer \u00dcbergang in den Wartungsmodus<\/strong>Wenn der Akku vollst\u00e4ndig geladen ist, schaltet das Ladeger\u00e4t automatisch in den Langzeit-Erhaltungsmodus, um sicherzustellen, dass der Akku voll geladen bleibt, ohne \u00fcberladen zu werden.<\/p>\n<\/li>\n<li>\n<p><strong>Digitalanzeige<\/strong>Das Ger\u00e4t verf\u00fcgt \u00fcber ein eingebautes digitales Display, das die \u00dcberwachung des Ladevorgangs erleichtert.<\/p>\n<\/li>\n<li>\n<p><strong>Schutzfunktionen<\/strong>Das Ladeger\u00e4t verf\u00fcgt \u00fcber einen eingebauten Schutz gegen Verpolung und Kurzschluss, was zu einer sicheren Verwendung beitr\u00e4gt.<\/p>\n<\/li>\n<li>\n<p><strong>Start\/Stopp-Kompatibilit\u00e4t<\/strong>Es eignet sich f\u00fcr Fahrzeuge mit Start\/Stopp-Systemen und ist daher vielseitig in modernen Fahrzeugen einsetzbar.<\/p>\n<\/li>\n<li>\n<p><strong>Wintermodus<\/strong>Zum Schutz der Batterien bei kalten Temperaturen verf\u00fcgt das Ger\u00e4t \u00fcber einen speziellen Wintermodus.<\/p>\n<\/li>\n<\/ol>\n<h2 class=\"spec-title\">Merkmale<\/h2>\n<ul>\n<li>Intelligentes 4-A-Ladeger\u00e4t und Batterieerhaltungsger\u00e4t f\u00fcr 6-V- und 12-V-Fahrzeuge.<\/li>\n<li>7-stufiger Ladezyklus f\u00fcr Lithiumbatterien und 9-stufiger Ladezyklus f\u00fcr Blei-S\u00e4ure-\/AGM-Batterien.<\/li>\n<li>Automatischer \u00dcbergang in den Langzeitwartungsmodus, sobald der Akku vollst\u00e4ndig geladen ist.<\/li>\n<li>Ausgestattet mit einem Digitaldisplay.<\/li>\n<li>Schutz vor Verpolung und Kurzschluss.<\/li>\n<li>Passend f\u00fcr Fahrzeuge mit Start\/Stopp-System.<\/li>\n<li>Wintermodus zum Schutz bei kalten Temperaturen.<\/li>\n<\/ul>\n<p>Weitere Informationen finden Sie unter <a href=\"https:\/\/www.osram.se\/ecat\/BATTERYcharge%20904-Smarta%20batteriladdare-Batteriv%C3%A5rd-Fordon\/se\/sv\/GPS01_3388037\/ZMP_4062118\/\">OSRAM BATTERYcharger 904 auf osram.se<\/a>.<\/p>\n<\/div>","protected":false},"excerpt":{"rendered":"<p>Intelligentes Laden und Warten der Batterie mit mehrstufigem Ladezyklus<\/p>","protected":false},"featured_media":7635,"comment_status":"closed","ping_status":"closed","template":"","meta":{"_acf_changed":false,"_smort_price_nok":"391","_smort_price_dkk":"339","_smort_price_eur":"45.45","_smort_sale_price_nok":"391","_smort_sale_price_dkk":"","_smort_sale_price_eur":"33.24","smort_restorder":"","shipmondo_restorder":"","_kad_blocks_custom_css":"","_kad_blocks_head_custom_js":"","_kad_blocks_body_custom_js":"","_kad_blocks_footer_custom_js":"","smort_custom_pricelist_1":"320","smort_custom_pricelist_2":"320","smort_custom_pricelist_3":"304","smort_custom_pricelist_4":"400","smort_custom_pricelist_5":"320"},"anvandningsomrade":[],"bilmarken":[],"product_brand":[108],"product_cat":[2651,377,1402],"product_tag":[],"class_list":{"0":"post-7634","1":"product","2":"type-product","3":"status-publish","4":"has-post-thumbnail","6":"product_brand-osram","7":"product_cat-batteriladdare","8":"product_cat-biltillbehor","9":"product_cat-outlet","10":"pa_godkannande-e-markt-emc-rohs-ce","11":"pa_storlek-mm-146x85x51","12":"pa_volt-v-6-12","14":"first","15":"onbackorder","16":"sale","17":"taxable","18":"shipping-taxable","19":"purchasable","20":"product-type-simple"},"bundled_by":[],"bundle_stock_status":"onbackorder","bundle_stock_quantity":0,"bundle_virtual":false,"bundle_layout":"","bundle_add_to_cart_form_location":"","bundle_editable_in_cart":false,"bundle_sold_individually_context":"","bundle_item_grouping":"","bundle_min_size":"","bundle_max_size":"","bundle_price":[],"bundled_items":[],"bundle_sell_ids":[],"acf":[],"yoast_head":"<!-- This site is optimized with the Yoast SEO plugin v27.0 - https:\/\/yoast.com\/product\/yoast-seo-wordpress\/ -->\n<title>Batteriladdare OSR 904 - Xenonkungen<\/title>\n<meta name=\"robots\" content=\"index, follow, max-snippet:-1, max-image-preview:large, max-video-preview:-1\" \/>\n<link rel=\"canonical\" href=\"https:\/\/xenonkungen.com\/de\/produkt\/akkuladegerat-osr-904\/\" \/>\n<meta property=\"og:locale\" content=\"de_DE\" \/>\n<meta property=\"og:type\" content=\"article\" \/>\n<meta property=\"og:title\" content=\"Batteriladdare OSR 904 - Xenonkungen\" \/>\n<meta property=\"og:description\" content=\"Smart batteriladdning och underh\u00e5ll med laddningscykel i flera steg\" \/>\n<meta property=\"og:url\" content=\"https:\/\/xenonkungen.com\/de\/produkt\/akkuladegerat-osr-904\/\" \/>\n<meta property=\"og:site_name\" content=\"Xenonkungen\" \/>\n<meta property=\"article:modified_time\" content=\"2026-03-25T08:16:09+00:00\" \/>\n<meta property=\"og:image\" content=\"https:\/\/xenonkungen.com\/wp-content\/uploads\/2025\/04\/182438369-origpic-542b70.jpg\" \/>\n\t<meta property=\"og:image:width\" content=\"900\" \/>\n\t<meta property=\"og:image:height\" content=\"900\" \/>\n\t<meta property=\"og:image:type\" content=\"image\/jpeg\" \/>\n<meta name=\"twitter:card\" content=\"summary_large_image\" \/>\n<meta name=\"twitter:label1\" content=\"Gesch\u00e4tzte Lesezeit\" \/>\n\t<meta name=\"twitter:data1\" content=\"1\u00a0Minute\" \/>\n<script type=\"application\/ld+json\" class=\"yoast-schema-graph\">{\"@context\":\"https:\/\/schema.org\",\"@graph\":[{\"@type\":\"WebPage\",\"@id\":\"https:\/\/xenonkungen.com\/produkt\/batteriladdare-osr-904\/\",\"url\":\"https:\/\/xenonkungen.com\/produkt\/batteriladdare-osr-904\/\",\"name\":\"Batteriladdare OSR 904 - Xenonkungen\",\"isPartOf\":{\"@id\":\"https:\/\/xenonkungen.com\/#website\"},\"primaryImageOfPage\":{\"@id\":\"https:\/\/xenonkungen.com\/produkt\/batteriladdare-osr-904\/#primaryimage\"},\"image\":{\"@id\":\"https:\/\/xenonkungen.com\/produkt\/batteriladdare-osr-904\/#primaryimage\"},\"thumbnailUrl\":\"https:\/\/xenonkungen.com\/wp-content\/uploads\/2025\/04\/182438369-origpic-542b70.jpg\",\"datePublished\":\"2025-04-15T09:57:38+00:00\",\"dateModified\":\"2026-03-25T08:16:09+00:00\",\"breadcrumb\":{\"@id\":\"https:\/\/xenonkungen.com\/produkt\/batteriladdare-osr-904\/#breadcrumb\"},\"inLanguage\":\"de\",\"potentialAction\":[{\"@type\":\"ReadAction\",\"target\":[\"https:\/\/xenonkungen.com\/produkt\/batteriladdare-osr-904\/\"]}]},{\"@type\":\"ImageObject\",\"inLanguage\":\"de\",\"@id\":\"https:\/\/xenonkungen.com\/produkt\/batteriladdare-osr-904\/#primaryimage\",\"url\":\"https:\/\/xenonkungen.com\/wp-content\/uploads\/2025\/04\/182438369-origpic-542b70.jpg\",\"contentUrl\":\"https:\/\/xenonkungen.com\/wp-content\/uploads\/2025\/04\/182438369-origpic-542b70.jpg\",\"width\":900,\"height\":900},{\"@type\":\"BreadcrumbList\",\"@id\":\"https:\/\/xenonkungen.com\/produkt\/batteriladdare-osr-904\/#breadcrumb\",\"itemListElement\":[{\"@type\":\"ListItem\",\"position\":1,\"name\":\"Hem\",\"item\":\"https:\/\/xenonkungen.com\/\"},{\"@type\":\"ListItem\",\"position\":2,\"name\":\"Shop\",\"item\":\"https:\/\/xenonkungen.com\/shop\/\"},{\"@type\":\"ListItem\",\"position\":3,\"name\":\"Batteriladdare OSR 904\"}]},{\"@type\":\"WebSite\",\"@id\":\"https:\/\/xenonkungen.com\/#website\",\"url\":\"https:\/\/xenonkungen.com\/\",\"name\":\"Xenonkungen\",\"description\":\"\",\"potentialAction\":[{\"@type\":\"SearchAction\",\"target\":{\"@type\":\"EntryPoint\",\"urlTemplate\":\"https:\/\/xenonkungen.com\/?s={search_term_string}\"},\"query-input\":{\"@type\":\"PropertyValueSpecification\",\"valueRequired\":true,\"valueName\":\"search_term_string\"}}],\"inLanguage\":\"de\"}]}<\/script>\n<!-- \/ Yoast SEO plugin. -->","yoast_head_json":{"title":"Akkuladeger\u00e4t OSR 904 - Xenonkungen","robots":{"index":"index","follow":"follow","max-snippet":"max-snippet:-1","max-image-preview":"max-image-preview:large","max-video-preview":"max-video-preview:-1"},"canonical":"https:\/\/xenonkungen.com\/de\/produkt\/akkuladegerat-osr-904\/","og_locale":"de_DE","og_type":"article","og_title":"Batteriladdare OSR 904 - Xenonkungen","og_description":"Smart batteriladdning och underh\u00e5ll med laddningscykel i flera steg","og_url":"https:\/\/xenonkungen.com\/de\/produkt\/akkuladegerat-osr-904\/","og_site_name":"Xenonkungen","article_modified_time":"2026-03-25T08:16:09+00:00","og_image":[{"width":900,"height":900,"url":"https:\/\/xenonkungen.com\/wp-content\/uploads\/2025\/04\/182438369-origpic-542b70.jpg","type":"image\/jpeg"}],"twitter_card":"summary_large_image","twitter_misc":{"Gesch\u00e4tzte Lesezeit":"1\u00a0Minute"},"schema":{"@context":"https:\/\/schema.org","@graph":[{"@type":"WebPage","@id":"https:\/\/xenonkungen.com\/produkt\/batteriladdare-osr-904\/","url":"https:\/\/xenonkungen.com\/produkt\/batteriladdare-osr-904\/","name":"Akkuladeger\u00e4t OSR 904 - Xenonkungen","isPartOf":{"@id":"https:\/\/xenonkungen.com\/#website"},"primaryImageOfPage":{"@id":"https:\/\/xenonkungen.com\/produkt\/batteriladdare-osr-904\/#primaryimage"},"image":{"@id":"https:\/\/xenonkungen.com\/produkt\/batteriladdare-osr-904\/#primaryimage"},"thumbnailUrl":"https:\/\/xenonkungen.com\/wp-content\/uploads\/2025\/04\/182438369-origpic-542b70.jpg","datePublished":"2025-04-15T09:57:38+00:00","dateModified":"2026-03-25T08:16:09+00:00","breadcrumb":{"@id":"https:\/\/xenonkungen.com\/produkt\/batteriladdare-osr-904\/#breadcrumb"},"inLanguage":"de","potentialAction":[{"@type":"ReadAction","target":["https:\/\/xenonkungen.com\/produkt\/batteriladdare-osr-904\/"]}]},{"@type":"ImageObject","inLanguage":"de","@id":"https:\/\/xenonkungen.com\/produkt\/batteriladdare-osr-904\/#primaryimage","url":"https:\/\/xenonkungen.com\/wp-content\/uploads\/2025\/04\/182438369-origpic-542b70.jpg","contentUrl":"https:\/\/xenonkungen.com\/wp-content\/uploads\/2025\/04\/182438369-origpic-542b70.jpg","width":900,"height":900},{"@type":"BreadcrumbList","@id":"https:\/\/xenonkungen.com\/produkt\/batteriladdare-osr-904\/#breadcrumb","itemListElement":[{"@type":"ListItem","position":1,"name":"Hem","item":"https:\/\/xenonkungen.com\/"},{"@type":"ListItem","position":2,"name":"Shop","item":"https:\/\/xenonkungen.com\/shop\/"},{"@type":"ListItem","position":3,"name":"Batteriladdare OSR 904"}]},{"@type":"WebSite","@id":"https:\/\/xenonkungen.com\/#website","url":"https:\/\/xenonkungen.com\/","name":"Xenonkungen","description":"","potentialAction":[{"@type":"SearchAction","target":{"@type":"EntryPoint","urlTemplate":"https:\/\/xenonkungen.com\/?s={search_term_string}"},"query-input":{"@type":"PropertyValueSpecification","valueRequired":true,"valueName":"search_term_string"}}],"inLanguage":"de"}]}},"taxonomy_info":{"product_brand":[{"value":108,"label":"OSRAM"}],"product_cat":[{"value":2651,"label":"Batteriladdare"},{"value":377,"label":"Biltillbeh\u00f6r"},{"value":1402,"label":"Outlet"}],"pa_godkannande":[{"value":1970,"label":"E-m\u00e4rkt, EMC, RoHs, CE"}],"pa_storlek-mm":[{"value":1971,"label":"146x85x51"}],"pa_volt-v":[{"value":1969,"label":"6 , 12"}]},"featured_image_src_large":["https:\/\/xenonkungen.com\/wp-content\/uploads\/2025\/04\/182438369-origpic-542b70.jpg",900,900,false],"author_info":[],"comment_info":1,"_links":{"self":[{"href":"https:\/\/xenonkungen.com\/de\/wp-json\/wp\/v2\/product\/7634","targetHints":{"allow":["GET"]}}],"collection":[{"href":"https:\/\/xenonkungen.com\/de\/wp-json\/wp\/v2\/product"}],"about":[{"href":"https:\/\/xenonkungen.com\/de\/wp-json\/wp\/v2\/types\/product"}],"replies":[{"embeddable":true,"href":"https:\/\/xenonkungen.com\/de\/wp-json\/wp\/v2\/comments?post=7634"}],"wp:featuredmedia":[{"embeddable":true,"href":"https:\/\/xenonkungen.com\/de\/wp-json\/wp\/v2\/media\/7635"}],"wp:attachment":[{"href":"https:\/\/xenonkungen.com\/de\/wp-json\/wp\/v2\/media?parent=7634"}],"wp:term":[{"taxonomy":"anvandningsomrade","embeddable":true,"href":"https:\/\/xenonkungen.com\/de\/wp-json\/wp\/v2\/anvandningsomrade?post=7634"},{"taxonomy":"bilmarken","embeddable":true,"href":"https:\/\/xenonkungen.com\/de\/wp-json\/wp\/v2\/bilmarken?post=7634"},{"taxonomy":"product_brand","embeddable":true,"href":"https:\/\/xenonkungen.com\/de\/wp-json\/wp\/v2\/product_brand?post=7634"},{"taxonomy":"product_cat","embeddable":true,"href":"https:\/\/xenonkungen.com\/de\/wp-json\/wp\/v2\/product_cat?post=7634"},{"taxonomy":"product_tag","embeddable":true,"href":"https:\/\/xenonkungen.com\/de\/wp-json\/wp\/v2\/product_tag?post=7634"}],"curies":[{"name":"wp","href":"https:\/\/api.w.org\/{rel}","templated":true}]}}