{"id":7656,"date":"2025-04-15T09:57:53","date_gmt":"2025-04-15T09:57:53","guid":{"rendered":"https:\/\/xenonkungen.com\/product\/batteristartare-osr-300\/"},"modified":"2026-04-27T11:40:45","modified_gmt":"2026-04-27T10:40:45","slug":"batteriestarter-osr-300","status":"publish","type":"product","link":"https:\/\/xenonkungen.com\/de\/produkt\/batteriestarter-osr-300\/","title":{"rendered":"Batteriestarter OSR 300"},"content":{"rendered":"<h1>OSRAM BATTERIE Start 300<\/h1>\n<p>Ein kompakter Lithium-Kobalt (LiCoO2) Starthilfe-Booster f\u00fcr kleine bis mittelgro\u00dfe 12-V-Fahrzeuge mit Benzinmotoren bis zu 6 l und Dieselmotoren bis zu 3 l.<\/p>\n<p>Der OSRAM BATTERYstart 300 ist kleiner als die meisten g\u00e4ngigen Starthilfeger\u00e4te und bietet dennoch eine kompakte L\u00f6sung ohne Kompromisse bei der Leistung. Intelligente Sicherheitsklemmen sch\u00fctzen Starthilfeger\u00e4t, Benutzer und Fahrzeug vor Verpolung, Kurzschluss und \u00dcberspannung.<\/p>\n<p>Ausgestattet mit einer hellen LED-Leuchte und einer Powerbank-Funktion, mit der Sie elektronische Ger\u00e4te unterwegs aufladen k\u00f6nnen \u2013 einfach ein USB-Kabel anschlie\u00dfen und die Powerbank startet.<\/p>","protected":false},"excerpt":{"rendered":"<p>Der Osram-Batteriebooster der Mittelklasse eignet sich zum Starthilfegeben und ist f\u00fcr die meisten auf dem Markt erh\u00e4ltlichen Fahrzeuge geeignet!<\/p>","protected":false},"featured_media":7657,"comment_status":"closed","ping_status":"closed","template":"","meta":{"_acf_changed":false,"_smort_price_nok":"1282","_smort_price_dkk":"1086","_smort_price_eur":"145.45","_smort_sale_price_nok":"1282","_smort_sale_price_dkk":"","_smort_sale_price_eur":"124.24","smort_restorder":"","shipmondo_restorder":"","_kad_blocks_custom_css":"","_kad_blocks_head_custom_js":"","_kad_blocks_body_custom_js":"","_kad_blocks_footer_custom_js":"","smort_custom_pricelist_1":"1024","smort_custom_pricelist_2":"1024","smort_custom_pricelist_3":"972.8","smort_custom_pricelist_4":"1280","smort_custom_pricelist_5":"1024"},"anvandningsomrade":[],"bilmarken":[],"product_brand":[108],"product_cat":[377,1402],"product_tag":[],"class_list":{"0":"post-7656","1":"product","2":"type-product","3":"status-publish","4":"has-post-thumbnail","6":"product_brand-osram","7":"product_cat-biltillbehor","8":"product_cat-outlet","9":"pa_storlek-mm-88x33x168","10":"pa_volt-v-159","12":"first","13":"instock","14":"sale","15":"taxable","16":"shipping-taxable","17":"purchasable","18":"product-type-simple"},"bundled_by":[],"bundle_stock_status":"instock","bundle_stock_quantity":1,"bundle_virtual":false,"bundle_layout":"","bundle_add_to_cart_form_location":"","bundle_editable_in_cart":false,"bundle_sold_individually_context":"","bundle_item_grouping":"","bundle_min_size":"","bundle_max_size":"","bundle_price":[],"bundled_items":[],"bundle_sell_ids":[],"acf":[],"yoast_head":"<!-- This site is optimized with the Yoast SEO plugin v27.0 - https:\/\/yoast.com\/product\/yoast-seo-wordpress\/ -->\n<title>Batteristartare OSR 300 - Xenonkungen<\/title>\n<meta name=\"robots\" content=\"index, follow, max-snippet:-1, max-image-preview:large, max-video-preview:-1\" \/>\n<link rel=\"canonical\" href=\"https:\/\/xenonkungen.com\/de\/produkt\/batteriestarter-osr-300\/\" \/>\n<meta property=\"og:locale\" content=\"de_DE\" \/>\n<meta property=\"og:type\" content=\"article\" \/>\n<meta property=\"og:title\" content=\"Batteristartare OSR 300 - Xenonkungen\" \/>\n<meta property=\"og:description\" content=\"Osrams Mellanklass Batteribooster f\u00f6r starthj\u00e4lp som fungerar till de flesta bilarna p\u00e5 marknaden!\" \/>\n<meta property=\"og:url\" content=\"https:\/\/xenonkungen.com\/de\/produkt\/batteriestarter-osr-300\/\" \/>\n<meta property=\"og:site_name\" content=\"Xenonkungen\" \/>\n<meta property=\"article:modified_time\" content=\"2026-04-27T10:40:45+00:00\" \/>\n<meta property=\"og:image\" content=\"https:\/\/xenonkungen.com\/wp-content\/uploads\/2025\/04\/182438351-origpic-b3ccc8.jpg\" \/>\n\t<meta property=\"og:image:width\" content=\"900\" \/>\n\t<meta property=\"og:image:height\" content=\"900\" \/>\n\t<meta property=\"og:image:type\" content=\"image\/jpeg\" \/>\n<meta name=\"twitter:card\" content=\"summary_large_image\" \/>\n<meta name=\"twitter:label1\" content=\"Gesch\u00e4tzte Lesezeit\" \/>\n\t<meta name=\"twitter:data1\" content=\"1\u00a0Minute\" \/>\n<script type=\"application\/ld+json\" class=\"yoast-schema-graph\">{\"@context\":\"https:\/\/schema.org\",\"@graph\":[{\"@type\":\"WebPage\",\"@id\":\"https:\/\/xenonkungen.com\/produkt\/batteristartare-osr-300\/\",\"url\":\"https:\/\/xenonkungen.com\/produkt\/batteristartare-osr-300\/\",\"name\":\"Batteristartare OSR 300 - Xenonkungen\",\"isPartOf\":{\"@id\":\"https:\/\/xenonkungen.com\/#website\"},\"primaryImageOfPage\":{\"@id\":\"https:\/\/xenonkungen.com\/produkt\/batteristartare-osr-300\/#primaryimage\"},\"image\":{\"@id\":\"https:\/\/xenonkungen.com\/produkt\/batteristartare-osr-300\/#primaryimage\"},\"thumbnailUrl\":\"https:\/\/xenonkungen.com\/wp-content\/uploads\/2025\/04\/182438351-origpic-b3ccc8.jpg\",\"datePublished\":\"2025-04-15T09:57:53+00:00\",\"dateModified\":\"2026-04-27T10:40:45+00:00\",\"breadcrumb\":{\"@id\":\"https:\/\/xenonkungen.com\/produkt\/batteristartare-osr-300\/#breadcrumb\"},\"inLanguage\":\"de\",\"potentialAction\":[{\"@type\":\"ReadAction\",\"target\":[\"https:\/\/xenonkungen.com\/produkt\/batteristartare-osr-300\/\"]}]},{\"@type\":\"ImageObject\",\"inLanguage\":\"de\",\"@id\":\"https:\/\/xenonkungen.com\/produkt\/batteristartare-osr-300\/#primaryimage\",\"url\":\"https:\/\/xenonkungen.com\/wp-content\/uploads\/2025\/04\/182438351-origpic-b3ccc8.jpg\",\"contentUrl\":\"https:\/\/xenonkungen.com\/wp-content\/uploads\/2025\/04\/182438351-origpic-b3ccc8.jpg\",\"width\":900,\"height\":900},{\"@type\":\"BreadcrumbList\",\"@id\":\"https:\/\/xenonkungen.com\/produkt\/batteristartare-osr-300\/#breadcrumb\",\"itemListElement\":[{\"@type\":\"ListItem\",\"position\":1,\"name\":\"Hem\",\"item\":\"https:\/\/xenonkungen.com\/\"},{\"@type\":\"ListItem\",\"position\":2,\"name\":\"Shop\",\"item\":\"https:\/\/xenonkungen.com\/shop\/\"},{\"@type\":\"ListItem\",\"position\":3,\"name\":\"Batteristartare OSR 300\"}]},{\"@type\":\"WebSite\",\"@id\":\"https:\/\/xenonkungen.com\/#website\",\"url\":\"https:\/\/xenonkungen.com\/\",\"name\":\"Xenonkungen\",\"description\":\"\",\"potentialAction\":[{\"@type\":\"SearchAction\",\"target\":{\"@type\":\"EntryPoint\",\"urlTemplate\":\"https:\/\/xenonkungen.com\/?s={search_term_string}\"},\"query-input\":{\"@type\":\"PropertyValueSpecification\",\"valueRequired\":true,\"valueName\":\"search_term_string\"}}],\"inLanguage\":\"de\"}]}<\/script>\n<!-- \/ Yoast SEO plugin. -->","yoast_head_json":{"title":"Batteriestarter OSR 300 - Xenonkungen","robots":{"index":"index","follow":"follow","max-snippet":"max-snippet:-1","max-image-preview":"max-image-preview:large","max-video-preview":"max-video-preview:-1"},"canonical":"https:\/\/xenonkungen.com\/de\/produkt\/batteriestarter-osr-300\/","og_locale":"de_DE","og_type":"article","og_title":"Batteristartare OSR 300 - Xenonkungen","og_description":"Osrams Mellanklass Batteribooster f\u00f6r starthj\u00e4lp som fungerar till de flesta bilarna p\u00e5 marknaden!","og_url":"https:\/\/xenonkungen.com\/de\/produkt\/batteriestarter-osr-300\/","og_site_name":"Xenonkungen","article_modified_time":"2026-04-27T10:40:45+00:00","og_image":[{"width":900,"height":900,"url":"https:\/\/xenonkungen.com\/wp-content\/uploads\/2025\/04\/182438351-origpic-b3ccc8.jpg","type":"image\/jpeg"}],"twitter_card":"summary_large_image","twitter_misc":{"Gesch\u00e4tzte Lesezeit":"1\u00a0Minute"},"schema":{"@context":"https:\/\/schema.org","@graph":[{"@type":"WebPage","@id":"https:\/\/xenonkungen.com\/produkt\/batteristartare-osr-300\/","url":"https:\/\/xenonkungen.com\/produkt\/batteristartare-osr-300\/","name":"Batteriestarter OSR 300 - Xenonkungen","isPartOf":{"@id":"https:\/\/xenonkungen.com\/#website"},"primaryImageOfPage":{"@id":"https:\/\/xenonkungen.com\/produkt\/batteristartare-osr-300\/#primaryimage"},"image":{"@id":"https:\/\/xenonkungen.com\/produkt\/batteristartare-osr-300\/#primaryimage"},"thumbnailUrl":"https:\/\/xenonkungen.com\/wp-content\/uploads\/2025\/04\/182438351-origpic-b3ccc8.jpg","datePublished":"2025-04-15T09:57:53+00:00","dateModified":"2026-04-27T10:40:45+00:00","breadcrumb":{"@id":"https:\/\/xenonkungen.com\/produkt\/batteristartare-osr-300\/#breadcrumb"},"inLanguage":"de","potentialAction":[{"@type":"ReadAction","target":["https:\/\/xenonkungen.com\/produkt\/batteristartare-osr-300\/"]}]},{"@type":"ImageObject","inLanguage":"de","@id":"https:\/\/xenonkungen.com\/produkt\/batteristartare-osr-300\/#primaryimage","url":"https:\/\/xenonkungen.com\/wp-content\/uploads\/2025\/04\/182438351-origpic-b3ccc8.jpg","contentUrl":"https:\/\/xenonkungen.com\/wp-content\/uploads\/2025\/04\/182438351-origpic-b3ccc8.jpg","width":900,"height":900},{"@type":"BreadcrumbList","@id":"https:\/\/xenonkungen.com\/produkt\/batteristartare-osr-300\/#breadcrumb","itemListElement":[{"@type":"ListItem","position":1,"name":"Hem","item":"https:\/\/xenonkungen.com\/"},{"@type":"ListItem","position":2,"name":"Shop","item":"https:\/\/xenonkungen.com\/shop\/"},{"@type":"ListItem","position":3,"name":"Batteristartare OSR 300"}]},{"@type":"WebSite","@id":"https:\/\/xenonkungen.com\/#website","url":"https:\/\/xenonkungen.com\/","name":"Xenonkungen","description":"","potentialAction":[{"@type":"SearchAction","target":{"@type":"EntryPoint","urlTemplate":"https:\/\/xenonkungen.com\/?s={search_term_string}"},"query-input":{"@type":"PropertyValueSpecification","valueRequired":true,"valueName":"search_term_string"}}],"inLanguage":"de"}]}},"taxonomy_info":{"product_brand":[{"value":108,"label":"OSRAM"}],"product_cat":[{"value":377,"label":"Biltillbeh\u00f6r"},{"value":1402,"label":"Outlet"}],"pa_storlek-mm":[{"value":1975,"label":"88x33x168"}],"pa_volt-v":[{"value":159,"label":"12"}]},"featured_image_src_large":["https:\/\/xenonkungen.com\/wp-content\/uploads\/2025\/04\/182438351-origpic-b3ccc8.jpg",900,900,false],"author_info":[],"comment_info":0,"_links":{"self":[{"href":"https:\/\/xenonkungen.com\/de\/wp-json\/wp\/v2\/product\/7656","targetHints":{"allow":["GET"]}}],"collection":[{"href":"https:\/\/xenonkungen.com\/de\/wp-json\/wp\/v2\/product"}],"about":[{"href":"https:\/\/xenonkungen.com\/de\/wp-json\/wp\/v2\/types\/product"}],"replies":[{"embeddable":true,"href":"https:\/\/xenonkungen.com\/de\/wp-json\/wp\/v2\/comments?post=7656"}],"wp:featuredmedia":[{"embeddable":true,"href":"https:\/\/xenonkungen.com\/de\/wp-json\/wp\/v2\/media\/7657"}],"wp:attachment":[{"href":"https:\/\/xenonkungen.com\/de\/wp-json\/wp\/v2\/media?parent=7656"}],"wp:term":[{"taxonomy":"anvandningsomrade","embeddable":true,"href":"https:\/\/xenonkungen.com\/de\/wp-json\/wp\/v2\/anvandningsomrade?post=7656"},{"taxonomy":"bilmarken","embeddable":true,"href":"https:\/\/xenonkungen.com\/de\/wp-json\/wp\/v2\/bilmarken?post=7656"},{"taxonomy":"product_brand","embeddable":true,"href":"https:\/\/xenonkungen.com\/de\/wp-json\/wp\/v2\/product_brand?post=7656"},{"taxonomy":"product_cat","embeddable":true,"href":"https:\/\/xenonkungen.com\/de\/wp-json\/wp\/v2\/product_cat?post=7656"},{"taxonomy":"product_tag","embeddable":true,"href":"https:\/\/xenonkungen.com\/de\/wp-json\/wp\/v2\/product_tag?post=7656"}],"curies":[{"name":"wp","href":"https:\/\/api.w.org\/{rel}","templated":true}]}}