{"id":7686,"date":"2025-04-15T09:58:35","date_gmt":"2025-04-15T09:58:35","guid":{"rendered":"https:\/\/xenonkungen.com\/product\/ledguardian-road-flare-signal-ta20\/"},"modified":"2026-05-08T15:40:20","modified_gmt":"2026-05-08T14:40:20","slug":"ledguardian-strasenfackelsignal-ta20","status":"publish","type":"product","link":"https:\/\/xenonkungen.com\/de\/produkt\/ledguardian-strasenfackelsignal-ta20\/","title":{"rendered":"LEDguardian\u00ae ROAD FLARE Signal TA20"},"content":{"rendered":"<h1>Immer vorbereitet mit OSRAM LEDguardian Stra\u00dfenlaterne TA20<\/h1>\n<p>Wenn es um Sicherheit geht, ist gute Vorbereitung entscheidend. Das OSRAM LEDguardian ROAD FLARE Signal TA20 ist Ihr zuverl\u00e4ssiger Begleiter in Notf\u00e4llen im Stra\u00dfenverkehr. Zugelassen nach \u00a7 53(a) TA20 StVZO, erf\u00fcllt es alle Anforderungen f\u00fcr die Verwendung in Deutschland als Erg\u00e4nzung zum vorgeschriebenen Warndreieck. Mit seinem rundum sichtbaren gelben Licht ist es weithin erkennbar und warnt andere Verkehrsteilnehmer wirksam vor potenziellen Gefahren.<\/p>\n<p>Im Falle eines Unfalls oder einer Panne l\u00e4sst sich die LEDguardian ROAD FLARE dank ihrer starken Magnethalterung schnell und einfach auf dem Autodach anbringen. Anders als passiv reflektierende Warndreiecke bietet diese Warnleuchte aktives Blinklicht, das sofort auf die Gefahrenzone aufmerksam macht \u2013 bei Tag und Nacht. Mit 18 langlebigen LEDs, einer Helligkeit von bis zu 140 Lumen und einer Farbtemperatur von 2.000 K sind Sie zu jeder Tageszeit gut sichtbar.<\/p>\n<p>Diese kompakte und benutzerfreundliche Warnleuchte l\u00e4sst sich platzsparend im Auto verstauen und ist jederzeit einsatzbereit. Der integrierte 5.200-mAh-Lithium-Ionen-Akku l\u00e4sst sich bequem \u00fcber das mitgelieferte USB-C-Kabel aufladen und sorgt so daf\u00fcr, dass Sie immer gen\u00fcgend Strom haben.<\/p>\n<p>Die OSRAM LEDguardian ROAD FLARE Signal TA20 wurde f\u00fcr extreme Bedingungen entwickelt, wurde in unserem zertifizierten Umweltsimulationslabor strengen Tests unterzogen und erf\u00fcllt die Schutzart IP54, was bedeutet, dass sie resistent gegen Wasser, Staub und St\u00f6\u00dfe ist und starken Winden von bis zu 210 N\/m standh\u00e4lt.<\/p>\n<p>Egal wo Sie sind, mit dem OSRAM LEDguardian ROAD FLARE Signal TA20 sind Sie f\u00fcr alle Eventualit\u00e4ten ger\u00fcstet. Bitte beachten Sie, dass f\u00fcr die Verwendung dieser Warnleuchte au\u00dferhalb Deutschlands besondere gesetzliche Bestimmungen gelten k\u00f6nnen. Wir bieten auf dieses Produkt 2 Jahre Garantie* \u2013 f\u00fcr Ihre Sicherheit unterwegs.<\/p>","protected":false},"excerpt":{"rendered":"<p>Licht bedeutet Sicherheit, und mit OSRAM genie\u00dfen Sie die n\u00f6tige Sicherheit im Stra\u00dfenverkehr. Ob in dunklen Landschaften oder im dichten Verkehr \u2013 es ist entscheidend, gut zu sehen und gesehen zu werden. Die innovativen Beleuchtungsl\u00f6sungen von OSRAM garantieren nicht nur optimale Sichtverh\u00e4ltnisse, sondern auch mehr Sicherheit f\u00fcr Sie und andere Verkehrsteilnehmer. Investieren Sie in Qualit\u00e4t, investieren Sie in Sicherheit \u2013 w\u00e4hlen Sie OSRAM f\u00fcr optimale Sicht und damit Sie immer gut sichtbar sind.<\/p>","protected":false},"featured_media":7687,"comment_status":"closed","ping_status":"open","template":"","meta":{"_acf_changed":false,"_smort_price_nok":"849","_smort_price_dkk":"539","_smort_price_eur":"72.27","_smort_sale_price_nok":"","_smort_sale_price_dkk":"","_smort_sale_price_eur":"","smort_restorder":"","shipmondo_restorder":"","_kad_blocks_custom_css":"","_kad_blocks_head_custom_js":"","_kad_blocks_body_custom_js":"","_kad_blocks_footer_custom_js":"","smort_custom_pricelist_1":"508.8","smort_custom_pricelist_2":"445.2","smort_custom_pricelist_3":"413.4","smort_custom_pricelist_4":"636","smort_custom_pricelist_5":"445.2"},"anvandningsomrade":[],"bilmarken":[],"product_brand":[108],"product_cat":[2554,1061],"product_tag":[],"class_list":{"0":"post-7686","1":"product","2":"type-product","3":"status-publish","4":"has-post-thumbnail","6":"product_brand-osram","7":"product_cat-portabla-varningsljus","8":"product_cat-varningsljus","9":"pa_fargtemperatur-amber-1900k","10":"pa_fuktskydd-varde-ipxx-ip54","11":"pa_storlek-mm-73x91x91","12":"pa_volt-v-1987","14":"first","15":"instock","16":"taxable","17":"shipping-taxable","18":"purchasable","19":"product-type-simple"},"bundled_by":[],"bundle_stock_status":"instock","bundle_stock_quantity":1,"bundle_virtual":false,"bundle_layout":"","bundle_add_to_cart_form_location":"","bundle_editable_in_cart":false,"bundle_sold_individually_context":"","bundle_item_grouping":"","bundle_min_size":"","bundle_max_size":"","bundle_price":[],"bundled_items":[],"bundle_sell_ids":[],"acf":[],"yoast_head":"<!-- This site is optimized with the Yoast SEO plugin v27.0 - https:\/\/yoast.com\/product\/yoast-seo-wordpress\/ -->\n<title>LEDguardian\u00ae ROAD FLARE Signal TA20 - Xenonkungen<\/title>\n<meta name=\"robots\" content=\"index, follow, max-snippet:-1, max-image-preview:large, max-video-preview:-1\" \/>\n<link rel=\"canonical\" href=\"https:\/\/xenonkungen.com\/de\/produkt\/ledguardian-strasenfackelsignal-ta20\/\" \/>\n<meta property=\"og:locale\" content=\"de_DE\" \/>\n<meta property=\"og:type\" content=\"article\" \/>\n<meta property=\"og:title\" content=\"LEDguardian\u00ae ROAD FLARE Signal TA20 - Xenonkungen\" \/>\n<meta property=\"og:description\" content=\"Ljus \u00e4r s\u00e4kerhet, och med OSRAM f\u00e5r du den trygghet du beh\u00f6ver p\u00e5 v\u00e4gen. Oavsett om du k\u00f6r genom m\u00f6rka landskap eller i t\u00e4t trafik, \u00e4r det avg\u00f6rande att b\u00e5de se och bli sedd. OSRAM innovativa belysningsl\u00f6sningar garanterar inte bara optimal synlighet, utan ocks\u00e5 \u00f6kad s\u00e4kerhet f\u00f6r dig och dina medtrafikanter. Investera i kvalitet, investera i s\u00e4kerhet \u2013 v\u00e4lj OSRAM f\u00f6r att lysa upp v\u00e4gen och s\u00e4kerst\u00e4lla att du alltid \u00e4r synlig.\" \/>\n<meta property=\"og:url\" content=\"https:\/\/xenonkungen.com\/de\/produkt\/ledguardian-strasenfackelsignal-ta20\/\" \/>\n<meta property=\"og:site_name\" content=\"Xenonkungen\" \/>\n<meta property=\"article:modified_time\" content=\"2026-05-08T14:40:20+00:00\" \/>\n<meta property=\"og:image\" content=\"https:\/\/xenonkungen.com\/wp-content\/uploads\/2025\/04\/215221483-origpic-cffc5e.jpg\" \/>\n\t<meta property=\"og:image:width\" content=\"736\" \/>\n\t<meta property=\"og:image:height\" content=\"770\" \/>\n\t<meta property=\"og:image:type\" content=\"image\/jpeg\" \/>\n<meta name=\"twitter:card\" content=\"summary_large_image\" \/>\n<meta name=\"twitter:label1\" content=\"Gesch\u00e4tzte Lesezeit\" \/>\n\t<meta name=\"twitter:data1\" content=\"2\u00a0Minuten\" \/>\n<script type=\"application\/ld+json\" class=\"yoast-schema-graph\">{\"@context\":\"https:\/\/schema.org\",\"@graph\":[{\"@type\":\"WebPage\",\"@id\":\"https:\/\/xenonkungen.com\/produkt\/ledguardian-road-flare-signal-ta20\/\",\"url\":\"https:\/\/xenonkungen.com\/produkt\/ledguardian-road-flare-signal-ta20\/\",\"name\":\"LEDguardian\u00ae ROAD FLARE Signal TA20 - Xenonkungen\",\"isPartOf\":{\"@id\":\"https:\/\/xenonkungen.com\/#website\"},\"primaryImageOfPage\":{\"@id\":\"https:\/\/xenonkungen.com\/produkt\/ledguardian-road-flare-signal-ta20\/#primaryimage\"},\"image\":{\"@id\":\"https:\/\/xenonkungen.com\/produkt\/ledguardian-road-flare-signal-ta20\/#primaryimage\"},\"thumbnailUrl\":\"https:\/\/xenonkungen.com\/wp-content\/uploads\/2025\/04\/215221483-origpic-cffc5e.jpg\",\"datePublished\":\"2025-04-15T09:58:35+00:00\",\"dateModified\":\"2026-05-08T14:40:20+00:00\",\"breadcrumb\":{\"@id\":\"https:\/\/xenonkungen.com\/produkt\/ledguardian-road-flare-signal-ta20\/#breadcrumb\"},\"inLanguage\":\"de\",\"potentialAction\":[{\"@type\":\"ReadAction\",\"target\":[\"https:\/\/xenonkungen.com\/produkt\/ledguardian-road-flare-signal-ta20\/\"]}]},{\"@type\":\"ImageObject\",\"inLanguage\":\"de\",\"@id\":\"https:\/\/xenonkungen.com\/produkt\/ledguardian-road-flare-signal-ta20\/#primaryimage\",\"url\":\"https:\/\/xenonkungen.com\/wp-content\/uploads\/2025\/04\/215221483-origpic-cffc5e.jpg\",\"contentUrl\":\"https:\/\/xenonkungen.com\/wp-content\/uploads\/2025\/04\/215221483-origpic-cffc5e.jpg\",\"width\":736,\"height\":770},{\"@type\":\"BreadcrumbList\",\"@id\":\"https:\/\/xenonkungen.com\/produkt\/ledguardian-road-flare-signal-ta20\/#breadcrumb\",\"itemListElement\":[{\"@type\":\"ListItem\",\"position\":1,\"name\":\"Hem\",\"item\":\"https:\/\/xenonkungen.com\/\"},{\"@type\":\"ListItem\",\"position\":2,\"name\":\"Shop\",\"item\":\"https:\/\/xenonkungen.com\/shop\/\"},{\"@type\":\"ListItem\",\"position\":3,\"name\":\"LEDguardian\u00ae ROAD FLARE Signal TA20\"}]},{\"@type\":\"WebSite\",\"@id\":\"https:\/\/xenonkungen.com\/#website\",\"url\":\"https:\/\/xenonkungen.com\/\",\"name\":\"Xenonkungen\",\"description\":\"\",\"potentialAction\":[{\"@type\":\"SearchAction\",\"target\":{\"@type\":\"EntryPoint\",\"urlTemplate\":\"https:\/\/xenonkungen.com\/?s={search_term_string}\"},\"query-input\":{\"@type\":\"PropertyValueSpecification\",\"valueRequired\":true,\"valueName\":\"search_term_string\"}}],\"inLanguage\":\"de\"}]}<\/script>\n<!-- \/ Yoast SEO plugin. -->","yoast_head_json":{"title":"LEDguardian\u00ae Stra\u00dfenlaterne TA20 \u2013 Der Xenon-K\u00f6nig","robots":{"index":"index","follow":"follow","max-snippet":"max-snippet:-1","max-image-preview":"max-image-preview:large","max-video-preview":"max-video-preview:-1"},"canonical":"https:\/\/xenonkungen.com\/de\/produkt\/ledguardian-strasenfackelsignal-ta20\/","og_locale":"de_DE","og_type":"article","og_title":"LEDguardian\u00ae ROAD FLARE Signal TA20 - Xenonkungen","og_description":"Ljus \u00e4r s\u00e4kerhet, och med OSRAM f\u00e5r du den trygghet du beh\u00f6ver p\u00e5 v\u00e4gen. Oavsett om du k\u00f6r genom m\u00f6rka landskap eller i t\u00e4t trafik, \u00e4r det avg\u00f6rande att b\u00e5de se och bli sedd. OSRAM innovativa belysningsl\u00f6sningar garanterar inte bara optimal synlighet, utan ocks\u00e5 \u00f6kad s\u00e4kerhet f\u00f6r dig och dina medtrafikanter. Investera i kvalitet, investera i s\u00e4kerhet \u2013 v\u00e4lj OSRAM f\u00f6r att lysa upp v\u00e4gen och s\u00e4kerst\u00e4lla att du alltid \u00e4r synlig.","og_url":"https:\/\/xenonkungen.com\/de\/produkt\/ledguardian-strasenfackelsignal-ta20\/","og_site_name":"Xenonkungen","article_modified_time":"2026-05-08T14:40:20+00:00","og_image":[{"width":736,"height":770,"url":"https:\/\/xenonkungen.com\/wp-content\/uploads\/2025\/04\/215221483-origpic-cffc5e.jpg","type":"image\/jpeg"}],"twitter_card":"summary_large_image","twitter_misc":{"Gesch\u00e4tzte Lesezeit":"2\u00a0Minuten"},"schema":{"@context":"https:\/\/schema.org","@graph":[{"@type":"WebPage","@id":"https:\/\/xenonkungen.com\/produkt\/ledguardian-road-flare-signal-ta20\/","url":"https:\/\/xenonkungen.com\/produkt\/ledguardian-road-flare-signal-ta20\/","name":"LEDguardian\u00ae Stra\u00dfenlaterne TA20 \u2013 Der Xenon-K\u00f6nig","isPartOf":{"@id":"https:\/\/xenonkungen.com\/#website"},"primaryImageOfPage":{"@id":"https:\/\/xenonkungen.com\/produkt\/ledguardian-road-flare-signal-ta20\/#primaryimage"},"image":{"@id":"https:\/\/xenonkungen.com\/produkt\/ledguardian-road-flare-signal-ta20\/#primaryimage"},"thumbnailUrl":"https:\/\/xenonkungen.com\/wp-content\/uploads\/2025\/04\/215221483-origpic-cffc5e.jpg","datePublished":"2025-04-15T09:58:35+00:00","dateModified":"2026-05-08T14:40:20+00:00","breadcrumb":{"@id":"https:\/\/xenonkungen.com\/produkt\/ledguardian-road-flare-signal-ta20\/#breadcrumb"},"inLanguage":"de","potentialAction":[{"@type":"ReadAction","target":["https:\/\/xenonkungen.com\/produkt\/ledguardian-road-flare-signal-ta20\/"]}]},{"@type":"ImageObject","inLanguage":"de","@id":"https:\/\/xenonkungen.com\/produkt\/ledguardian-road-flare-signal-ta20\/#primaryimage","url":"https:\/\/xenonkungen.com\/wp-content\/uploads\/2025\/04\/215221483-origpic-cffc5e.jpg","contentUrl":"https:\/\/xenonkungen.com\/wp-content\/uploads\/2025\/04\/215221483-origpic-cffc5e.jpg","width":736,"height":770},{"@type":"BreadcrumbList","@id":"https:\/\/xenonkungen.com\/produkt\/ledguardian-road-flare-signal-ta20\/#breadcrumb","itemListElement":[{"@type":"ListItem","position":1,"name":"Hem","item":"https:\/\/xenonkungen.com\/"},{"@type":"ListItem","position":2,"name":"Shop","item":"https:\/\/xenonkungen.com\/shop\/"},{"@type":"ListItem","position":3,"name":"LEDguardian\u00ae ROAD FLARE Signal TA20"}]},{"@type":"WebSite","@id":"https:\/\/xenonkungen.com\/#website","url":"https:\/\/xenonkungen.com\/","name":"Xenonkungen","description":"","potentialAction":[{"@type":"SearchAction","target":{"@type":"EntryPoint","urlTemplate":"https:\/\/xenonkungen.com\/?s={search_term_string}"},"query-input":{"@type":"PropertyValueSpecification","valueRequired":true,"valueName":"search_term_string"}}],"inLanguage":"de"}]}},"taxonomy_info":{"product_brand":[{"value":108,"label":"OSRAM"}],"product_cat":[{"value":2554,"label":"Portabla varningsljus"},{"value":1061,"label":"Varningsljus"}],"pa_fargtemperatur":[{"value":1986,"label":"Amber 1900K"}],"pa_fuktskydd-varde-ipxx":[{"value":1318,"label":"IP54"}],"pa_storlek-mm":[{"value":1985,"label":"73x91x91"}],"pa_volt-v":[{"value":1987,"label":"5"}]},"featured_image_src_large":["https:\/\/xenonkungen.com\/wp-content\/uploads\/2025\/04\/215221483-origpic-cffc5e.jpg",736,770,false],"author_info":[],"comment_info":0,"_links":{"self":[{"href":"https:\/\/xenonkungen.com\/de\/wp-json\/wp\/v2\/product\/7686","targetHints":{"allow":["GET"]}}],"collection":[{"href":"https:\/\/xenonkungen.com\/de\/wp-json\/wp\/v2\/product"}],"about":[{"href":"https:\/\/xenonkungen.com\/de\/wp-json\/wp\/v2\/types\/product"}],"replies":[{"embeddable":true,"href":"https:\/\/xenonkungen.com\/de\/wp-json\/wp\/v2\/comments?post=7686"}],"wp:featuredmedia":[{"embeddable":true,"href":"https:\/\/xenonkungen.com\/de\/wp-json\/wp\/v2\/media\/7687"}],"wp:attachment":[{"href":"https:\/\/xenonkungen.com\/de\/wp-json\/wp\/v2\/media?parent=7686"}],"wp:term":[{"taxonomy":"anvandningsomrade","embeddable":true,"href":"https:\/\/xenonkungen.com\/de\/wp-json\/wp\/v2\/anvandningsomrade?post=7686"},{"taxonomy":"bilmarken","embeddable":true,"href":"https:\/\/xenonkungen.com\/de\/wp-json\/wp\/v2\/bilmarken?post=7686"},{"taxonomy":"product_brand","embeddable":true,"href":"https:\/\/xenonkungen.com\/de\/wp-json\/wp\/v2\/product_brand?post=7686"},{"taxonomy":"product_cat","embeddable":true,"href":"https:\/\/xenonkungen.com\/de\/wp-json\/wp\/v2\/product_cat?post=7686"},{"taxonomy":"product_tag","embeddable":true,"href":"https:\/\/xenonkungen.com\/de\/wp-json\/wp\/v2\/product_tag?post=7686"}],"curies":[{"name":"wp","href":"https:\/\/api.w.org\/{rel}","templated":true}]}}