{"id":7718,"date":"2025-04-15T09:58:35","date_gmt":"2025-04-15T09:58:35","guid":{"rendered":"https:\/\/xenonkungen.com\/product\/ledriving-kablage-3-meter-dt-kontakt\/"},"modified":"2025-12-10T14:49:20","modified_gmt":"2025-12-10T13:49:20","slug":"led-ansteuerkabel-3-meter-dt-stecker","status":"publish","type":"product","link":"https:\/\/xenonkungen.com\/de\/produkt\/led-ansteuerkabel-3-meter-dt-stecker\/","title":{"rendered":"LEDriving\u00ae Kabelbaum 3 Meter DT-Stecker"},"content":{"rendered":"<h1>Entdecken Sie die OSRAM LEDriving Professional Serie PX \u2013 die perfekte Beleuchtung f\u00fcr professionelle Anforderungen<\/h1>\n<p>Dank der Arbeitsleuchten der OSRAM LEDriving Professional Serie PX erhalten Sie jetzt die optimale Beleuchtung f\u00fcr vielf\u00e4ltige professionelle Aufgaben und Anwendungen. Diese Arbeitsleuchten lassen sich auf drei verschiedene Arten montieren: Direktmontage, flexible Standardmontage und besonders robuste Montage. Mit speziell entwickelten Montages\u00e4tzen und dem LEDriving Anschlusskabel 300 DT AX, das mit der gesamten OSRAM LEDriving Serie kompatibel ist, gelingt die Installation einfach und problemlos.<\/p>\n<h2>Flexible Installation f\u00fcr alle Fahrzeuge<\/h2>\n<p>Das LEDriving Anschlusskabel 300 DT AX eignet sich f\u00fcr 12-V- und 24-V-Fahrzeuge und erm\u00f6glicht einen schnellen Anschluss an die Stromversorgung zum Einbau von Zusatz- und Arbeitsscheinwerfern. Dank der reinen Kupferleiter und der gro\u00dfz\u00fcgigen Kabell\u00e4nge von 3 Metern k\u00f6nnen Sie selbst an gro\u00dfen Fahrzeugen eine passende Beleuchtung installieren.<\/p>\n<h2>Sorgenfreiheit dank der OSRAM-Garantie<\/h2>\n<p>Bei OSRAM legen wir Wert auf Qualit\u00e4t und Langlebigkeit. Deshalb bieten wir auf alle unsere Produkte, einschlie\u00dflich der LEDriving Professional Series PX, eine 2-j\u00e4hrige Garantie.<\/p>","protected":false},"excerpt":{"rendered":"<p>Der LEDriving\u00ae-Kabelbaum mit 3 Meter langem DT-Stecker ist jetzt in unserem Online-Shop erh\u00e4ltlich! Ideal f\u00fcr den einfachen Anschluss Ihrer LEDriving\u00ae-Leuchten an Ihr Auto. Der Kabelbaum ist von h\u00f6chster Qualit\u00e4t und f\u00fcr die meisten Installationen ausreichend. Bestellen Sie Ihren Kabelbaum noch heute und verleihen Sie Ihrem Auto einen fantastischen LED-Look!<\/p>","protected":false},"featured_media":7719,"comment_status":"closed","ping_status":"open","template":"","meta":{"_acf_changed":false,"_smort_price_nok":"288","_smort_price_dkk":"183","_smort_price_eur":"24.54","_smort_sale_price_nok":"","_smort_sale_price_dkk":"","_smort_sale_price_eur":"","smort_restorder":"","shipmondo_restorder":"","_kad_blocks_custom_css":"","_kad_blocks_head_custom_js":"","_kad_blocks_body_custom_js":"","_kad_blocks_footer_custom_js":"","smort_custom_pricelist_1":"172.8","smort_custom_pricelist_2":"162","smort_custom_pricelist_3":"153.9","smort_custom_pricelist_4":"216","smort_custom_pricelist_5":"160.82"},"anvandningsomrade":[],"bilmarken":[],"product_brand":[108],"product_cat":[2841,2488,2491,2489,2490,390],"product_tag":[],"class_list":{"0":"post-7718","1":"product","2":"type-product","3":"status-publish","4":"has-post-thumbnail","6":"product_brand-osram","7":"product_cat-installation-extraljus","8":"product_cat-relasats-arbetsbelysning","9":"product_cat-relasats","10":"product_cat-relasats-extraljus","11":"product_cat-relasats-2","12":"product_cat-installation","13":"pa_storlek-mm-1573","14":"pa_volt-v-12-24","16":"first","17":"onbackorder","18":"taxable","19":"shipping-taxable","20":"purchasable","21":"product-type-simple"},"bundled_by":[],"bundle_stock_status":"onbackorder","bundle_stock_quantity":0,"bundle_virtual":false,"bundle_layout":"","bundle_add_to_cart_form_location":"","bundle_editable_in_cart":false,"bundle_sold_individually_context":"","bundle_item_grouping":"","bundle_min_size":"","bundle_max_size":"","bundle_price":[],"bundled_items":[],"bundle_sell_ids":[],"acf":[],"yoast_head":"<!-- This site is optimized with the Yoast SEO plugin v27.0 - https:\/\/yoast.com\/product\/yoast-seo-wordpress\/ -->\n<title>LEDriving\u00ae Kablage 3 meter DT kontakt - Xenonkungen<\/title>\n<meta name=\"robots\" content=\"index, follow, max-snippet:-1, max-image-preview:large, max-video-preview:-1\" \/>\n<link rel=\"canonical\" href=\"https:\/\/xenonkungen.com\/de\/produkt\/led-ansteuerkabel-3-meter-dt-stecker\/\" \/>\n<meta property=\"og:locale\" content=\"de_DE\" \/>\n<meta property=\"og:type\" content=\"article\" \/>\n<meta property=\"og:title\" content=\"LEDriving\u00ae Kablage 3 meter DT kontakt - Xenonkungen\" \/>\n<meta property=\"og:description\" content=\"&quot;LEDriving\u00ae Kablage med 3 meter DT kontakt nu tillg\u00e4ngligt i v\u00e5r webbutik! Perfekt f\u00f6r att enkelt ansluta dina LEDriving\u00ae ljus till din bil. Kablaget \u00e4r tillverkat med h\u00f6gsta kvalitet och r\u00e4cker till de flesta installationer. Best\u00e4ll ditt kablage idag och ge din bil ett fantastiskt LED-utseende!&quot;\" \/>\n<meta property=\"og:url\" content=\"https:\/\/xenonkungen.com\/de\/produkt\/led-ansteuerkabel-3-meter-dt-stecker\/\" \/>\n<meta property=\"og:site_name\" content=\"Xenonkungen\" \/>\n<meta property=\"article:modified_time\" content=\"2025-12-10T13:49:20+00:00\" \/>\n<meta property=\"og:image\" content=\"https:\/\/xenonkungen.com\/wp-content\/uploads\/2025\/04\/201830737-origpic-d42ab2.jpg\" \/>\n\t<meta property=\"og:image:width\" content=\"900\" \/>\n\t<meta property=\"og:image:height\" content=\"900\" \/>\n\t<meta property=\"og:image:type\" content=\"image\/jpeg\" \/>\n<meta name=\"twitter:card\" content=\"summary_large_image\" \/>\n<meta name=\"twitter:label1\" content=\"Gesch\u00e4tzte Lesezeit\" \/>\n\t<meta name=\"twitter:data1\" content=\"1\u00a0Minute\" \/>\n<script type=\"application\/ld+json\" class=\"yoast-schema-graph\">{\"@context\":\"https:\/\/schema.org\",\"@graph\":[{\"@type\":\"WebPage\",\"@id\":\"https:\/\/xenonkungen.com\/produkt\/ledriving-kablage-3-meter-dt-kontakt\/\",\"url\":\"https:\/\/xenonkungen.com\/produkt\/ledriving-kablage-3-meter-dt-kontakt\/\",\"name\":\"LEDriving\u00ae Kablage 3 meter DT kontakt - Xenonkungen\",\"isPartOf\":{\"@id\":\"https:\/\/xenonkungen.com\/#website\"},\"primaryImageOfPage\":{\"@id\":\"https:\/\/xenonkungen.com\/produkt\/ledriving-kablage-3-meter-dt-kontakt\/#primaryimage\"},\"image\":{\"@id\":\"https:\/\/xenonkungen.com\/produkt\/ledriving-kablage-3-meter-dt-kontakt\/#primaryimage\"},\"thumbnailUrl\":\"https:\/\/xenonkungen.com\/wp-content\/uploads\/2025\/04\/201830737-origpic-d42ab2.jpg\",\"datePublished\":\"2025-04-15T09:58:35+00:00\",\"dateModified\":\"2025-12-10T13:49:20+00:00\",\"breadcrumb\":{\"@id\":\"https:\/\/xenonkungen.com\/produkt\/ledriving-kablage-3-meter-dt-kontakt\/#breadcrumb\"},\"inLanguage\":\"de\",\"potentialAction\":[{\"@type\":\"ReadAction\",\"target\":[\"https:\/\/xenonkungen.com\/produkt\/ledriving-kablage-3-meter-dt-kontakt\/\"]}]},{\"@type\":\"ImageObject\",\"inLanguage\":\"de\",\"@id\":\"https:\/\/xenonkungen.com\/produkt\/ledriving-kablage-3-meter-dt-kontakt\/#primaryimage\",\"url\":\"https:\/\/xenonkungen.com\/wp-content\/uploads\/2025\/04\/201830737-origpic-d42ab2.jpg\",\"contentUrl\":\"https:\/\/xenonkungen.com\/wp-content\/uploads\/2025\/04\/201830737-origpic-d42ab2.jpg\",\"width\":900,\"height\":900},{\"@type\":\"BreadcrumbList\",\"@id\":\"https:\/\/xenonkungen.com\/produkt\/ledriving-kablage-3-meter-dt-kontakt\/#breadcrumb\",\"itemListElement\":[{\"@type\":\"ListItem\",\"position\":1,\"name\":\"Hem\",\"item\":\"https:\/\/xenonkungen.com\/\"},{\"@type\":\"ListItem\",\"position\":2,\"name\":\"Shop\",\"item\":\"https:\/\/xenonkungen.com\/shop\/\"},{\"@type\":\"ListItem\",\"position\":3,\"name\":\"LEDriving\u00ae Kablage 3 meter DT kontakt\"}]},{\"@type\":\"WebSite\",\"@id\":\"https:\/\/xenonkungen.com\/#website\",\"url\":\"https:\/\/xenonkungen.com\/\",\"name\":\"Xenonkungen\",\"description\":\"\",\"potentialAction\":[{\"@type\":\"SearchAction\",\"target\":{\"@type\":\"EntryPoint\",\"urlTemplate\":\"https:\/\/xenonkungen.com\/?s={search_term_string}\"},\"query-input\":{\"@type\":\"PropertyValueSpecification\",\"valueRequired\":true,\"valueName\":\"search_term_string\"}}],\"inLanguage\":\"de\"}]}<\/script>\n<!-- \/ Yoast SEO plugin. -->","yoast_head_json":{"title":"LEDriving\u00ae Verkabelung 3 Meter DT-Stecker - Xenonkungen","robots":{"index":"index","follow":"follow","max-snippet":"max-snippet:-1","max-image-preview":"max-image-preview:large","max-video-preview":"max-video-preview:-1"},"canonical":"https:\/\/xenonkungen.com\/de\/produkt\/led-ansteuerkabel-3-meter-dt-stecker\/","og_locale":"de_DE","og_type":"article","og_title":"LEDriving\u00ae Kablage 3 meter DT kontakt - Xenonkungen","og_description":"\"LEDriving\u00ae Kablage med 3 meter DT kontakt nu tillg\u00e4ngligt i v\u00e5r webbutik! Perfekt f\u00f6r att enkelt ansluta dina LEDriving\u00ae ljus till din bil. Kablaget \u00e4r tillverkat med h\u00f6gsta kvalitet och r\u00e4cker till de flesta installationer. Best\u00e4ll ditt kablage idag och ge din bil ett fantastiskt LED-utseende!\"","og_url":"https:\/\/xenonkungen.com\/de\/produkt\/led-ansteuerkabel-3-meter-dt-stecker\/","og_site_name":"Xenonkungen","article_modified_time":"2025-12-10T13:49:20+00:00","og_image":[{"width":900,"height":900,"url":"https:\/\/xenonkungen.com\/wp-content\/uploads\/2025\/04\/201830737-origpic-d42ab2.jpg","type":"image\/jpeg"}],"twitter_card":"summary_large_image","twitter_misc":{"Gesch\u00e4tzte Lesezeit":"1\u00a0Minute"},"schema":{"@context":"https:\/\/schema.org","@graph":[{"@type":"WebPage","@id":"https:\/\/xenonkungen.com\/produkt\/ledriving-kablage-3-meter-dt-kontakt\/","url":"https:\/\/xenonkungen.com\/produkt\/ledriving-kablage-3-meter-dt-kontakt\/","name":"LEDriving\u00ae Verkabelung 3 Meter DT-Stecker - Xenonkungen","isPartOf":{"@id":"https:\/\/xenonkungen.com\/#website"},"primaryImageOfPage":{"@id":"https:\/\/xenonkungen.com\/produkt\/ledriving-kablage-3-meter-dt-kontakt\/#primaryimage"},"image":{"@id":"https:\/\/xenonkungen.com\/produkt\/ledriving-kablage-3-meter-dt-kontakt\/#primaryimage"},"thumbnailUrl":"https:\/\/xenonkungen.com\/wp-content\/uploads\/2025\/04\/201830737-origpic-d42ab2.jpg","datePublished":"2025-04-15T09:58:35+00:00","dateModified":"2025-12-10T13:49:20+00:00","breadcrumb":{"@id":"https:\/\/xenonkungen.com\/produkt\/ledriving-kablage-3-meter-dt-kontakt\/#breadcrumb"},"inLanguage":"de","potentialAction":[{"@type":"ReadAction","target":["https:\/\/xenonkungen.com\/produkt\/ledriving-kablage-3-meter-dt-kontakt\/"]}]},{"@type":"ImageObject","inLanguage":"de","@id":"https:\/\/xenonkungen.com\/produkt\/ledriving-kablage-3-meter-dt-kontakt\/#primaryimage","url":"https:\/\/xenonkungen.com\/wp-content\/uploads\/2025\/04\/201830737-origpic-d42ab2.jpg","contentUrl":"https:\/\/xenonkungen.com\/wp-content\/uploads\/2025\/04\/201830737-origpic-d42ab2.jpg","width":900,"height":900},{"@type":"BreadcrumbList","@id":"https:\/\/xenonkungen.com\/produkt\/ledriving-kablage-3-meter-dt-kontakt\/#breadcrumb","itemListElement":[{"@type":"ListItem","position":1,"name":"Hem","item":"https:\/\/xenonkungen.com\/"},{"@type":"ListItem","position":2,"name":"Shop","item":"https:\/\/xenonkungen.com\/shop\/"},{"@type":"ListItem","position":3,"name":"LEDriving\u00ae Kablage 3 meter DT kontakt"}]},{"@type":"WebSite","@id":"https:\/\/xenonkungen.com\/#website","url":"https:\/\/xenonkungen.com\/","name":"Xenonkungen","description":"","potentialAction":[{"@type":"SearchAction","target":{"@type":"EntryPoint","urlTemplate":"https:\/\/xenonkungen.com\/?s={search_term_string}"},"query-input":{"@type":"PropertyValueSpecification","valueRequired":true,"valueName":"search_term_string"}}],"inLanguage":"de"}]}},"taxonomy_info":{"product_brand":[{"value":108,"label":"OSRAM"}],"product_cat":[{"value":2841,"label":"Installation extraljus"},{"value":2488,"label":"Rel\u00e4sats"},{"value":2491,"label":"Rel\u00e4sats"},{"value":2489,"label":"Rel\u00e4satser"},{"value":2490,"label":"Rel\u00e4satser"},{"value":390,"label":"Installation"}],"pa_storlek-mm":[{"value":1573,"label":"3000"}],"pa_volt-v":[{"value":348,"label":"12, 24"}]},"featured_image_src_large":["https:\/\/xenonkungen.com\/wp-content\/uploads\/2025\/04\/201830737-origpic-d42ab2.jpg",900,900,false],"author_info":[],"comment_info":0,"_links":{"self":[{"href":"https:\/\/xenonkungen.com\/de\/wp-json\/wp\/v2\/product\/7718","targetHints":{"allow":["GET"]}}],"collection":[{"href":"https:\/\/xenonkungen.com\/de\/wp-json\/wp\/v2\/product"}],"about":[{"href":"https:\/\/xenonkungen.com\/de\/wp-json\/wp\/v2\/types\/product"}],"replies":[{"embeddable":true,"href":"https:\/\/xenonkungen.com\/de\/wp-json\/wp\/v2\/comments?post=7718"}],"wp:featuredmedia":[{"embeddable":true,"href":"https:\/\/xenonkungen.com\/de\/wp-json\/wp\/v2\/media\/7719"}],"wp:attachment":[{"href":"https:\/\/xenonkungen.com\/de\/wp-json\/wp\/v2\/media?parent=7718"}],"wp:term":[{"taxonomy":"anvandningsomrade","embeddable":true,"href":"https:\/\/xenonkungen.com\/de\/wp-json\/wp\/v2\/anvandningsomrade?post=7718"},{"taxonomy":"bilmarken","embeddable":true,"href":"https:\/\/xenonkungen.com\/de\/wp-json\/wp\/v2\/bilmarken?post=7718"},{"taxonomy":"product_brand","embeddable":true,"href":"https:\/\/xenonkungen.com\/de\/wp-json\/wp\/v2\/product_brand?post=7718"},{"taxonomy":"product_cat","embeddable":true,"href":"https:\/\/xenonkungen.com\/de\/wp-json\/wp\/v2\/product_cat?post=7718"},{"taxonomy":"product_tag","embeddable":true,"href":"https:\/\/xenonkungen.com\/de\/wp-json\/wp\/v2\/product_tag?post=7718"}],"curies":[{"name":"wp","href":"https:\/\/api.w.org\/{rel}","templated":true}]}}