{"id":7733,"date":"2025-04-15T09:58:58","date_gmt":"2025-04-15T09:58:58","guid":{"rendered":"https:\/\/xenonkungen.com\/product\/ledriving-arbetsljus-cube-px1500-spot\/"},"modified":"2025-12-10T14:49:20","modified_gmt":"2025-12-10T13:49:20","slug":"led-fahrer-arbeitsscheinwerferwurfel-px1500-spot","status":"publish","type":"product","link":"https:\/\/xenonkungen.com\/de\/produkt\/led-fahrer-arbeitsscheinwerferwurfel-px1500-spot\/","title":{"rendered":"LEDriving\u00ae Arbeitsscheinwerferw\u00fcrfel PX1500 Spot"},"content":{"rendered":"<h1>OSRAM LEDriving Professional Serie PX: Professionelles Licht f\u00fcr professionelles Arbeiten<\/h1>\n<h2>Beleuchtung, die f\u00fcr alle professionellen Aufgaben geeignet ist<\/h2>\n<p>Mit den Arbeitsleuchten der OSRAM LEDriving Professional Series PX finden Sie die optimale Beleuchtung f\u00fcr unterschiedlichste professionelle Aufgaben und Anwendungen. Die 16 verschiedenen Leuchten der Serie bieten Vorteile wie maximale optische Effizienz, hohe Lichtausbeute und gleichm\u00e4\u00dfige Lichtverteilung. Diese modulare Serie konzentriert sich auf die wichtigsten Aspekte von Arbeitsleuchten: Ausleuchtung, Leistung, Qualit\u00e4t, Form, Langlebigkeit und Funktionalit\u00e4t.<\/p>\n<h2>Sicherheit und Leistung f\u00fcr Ihre Arbeit<\/h2>\n<p>OSRAM Arbeitsscheinwerfer tragen zu sichereren Arbeitsbedingungen f\u00fcr Sie und Ihre Kollegen bei. Jede Lichtfunktion l\u00e4sst sich individuell ausw\u00e4hlen und priorisieren, sodass diese Hochleistungslampen eine komplette und fahrzeugspezifische Beleuchtungsl\u00f6sung bieten, die perfekt auf Ihre individuellen Bed\u00fcrfnisse zugeschnitten ist.<\/p>\n<h2>Universelle Einsatzm\u00f6glichkeiten und vielf\u00e4ltige Montageoptionen<\/h2>\n<p>Die Arbeitsscheinwerfer der Professional-Serie eignen sich f\u00fcr 12-V- und 24-V-Fahrzeuge und sind in vier verschiedenen Lichtkegeln (Flutlicht, Spot, Breitlicht, Ultrabreitlicht) und vier Leistungsstufen (1.500 lm, 2.500 lm, 3.500 lm, 4.500 lm) erh\u00e4ltlich. Dank drei Montageoptionen \u2013 Direktmontage, flexible Standardmontage und besonders robuste Montage \u2013 und den speziell entwickelten Montages\u00e4tzen von OSRAM ist die Installation schnell und einfach.<\/p>\n<h2>H\u00f6chste Schutzklasse und Qualit\u00e4tsstandards<\/h2>\n<p>Die OSRAM LEDriving Professional Serie PX erf\u00fcllt die h\u00f6chsten Schutzarten IP und IK (IP6K8 und IP6K9K) sowie die CISPR25 Klasse 5 und ist somit auch unter h\u00e4rtesten Arbeitsbedingungen zuverl\u00e4ssig. Entwickelt, um die h\u00f6chsten OE-Standards und Anforderungen der Automobilindustrie zu erf\u00fcllen, ist OSRAM die ideale L\u00f6sung f\u00fcr Ihre Arbeitsbeleuchtung.<\/p>","protected":false},"excerpt":{"rendered":"<p>OSRAM LEDriving Professional Series PX: Professionellt Ljus f\u00f6r Professionellt Arbete Belysning anpassad f\u00f6r alla yrkesm\u00e4ssiga arbetsuppgifter Med arbetsljusen i serien OSRAM LEDriving Professional Series PX, hittar du exakt r\u00e4tt belysning f\u00f6r ett brett utbud av yrkesm\u00e4ssiga arbetsuppgifter och till\u00e4mpningar. De 16 olika arbetsljusen i serien erbjuder f\u00f6rdelar som maximal optisk effektivitet, \u00e4ndam\u00e5lsenlighet och j\u00e4mn ljusf\u00f6rdelning. [&hellip;]<\/p>","protected":false},"featured_media":7734,"comment_status":"closed","ping_status":"open","template":"","meta":{"_acf_changed":false,"_smort_price_nok":"1431","_smort_price_dkk":"909","_smort_price_eur":"121.81","_smort_sale_price_nok":"","_smort_sale_price_dkk":"","_smort_sale_price_eur":"","smort_restorder":"","shipmondo_restorder":"","_kad_blocks_custom_css":"","_kad_blocks_head_custom_js":"","_kad_blocks_body_custom_js":"","_kad_blocks_footer_custom_js":"","smort_custom_pricelist_1":"857.6","smort_custom_pricelist_2":"804","smort_custom_pricelist_3":"763.8","smort_custom_pricelist_4":"1072","smort_custom_pricelist_5":"798.13"},"anvandningsomrade":[],"bilmarken":[],"product_brand":[108],"product_cat":[2639,508],"product_tag":[],"class_list":{"0":"post-7733","1":"product","2":"type-product","3":"status-publish","4":"has-post-thumbnail","6":"product_brand-osram","7":"product_cat-osram-ledriving-arbetsbelysning","8":"product_cat-arbetsbelysning","9":"pa_fargtemperatur-1428","10":"pa_fuktskydd-varde-ipxx-ip6k8-ip6k9k","11":"pa_godkannande-ece-r10-cispr25-class-5-fcc-part-15b","12":"pa_lampsockel-kontakt-dt","13":"pa_led-chips-effekt-w-510","14":"pa_ljusbild-spot","15":"pa_storlek-mm-68x113x117","16":"pa_volt-v-12-24","18":"first","19":"onbackorder","20":"taxable","21":"shipping-taxable","22":"purchasable","23":"product-type-simple"},"bundled_by":[],"bundle_stock_status":"onbackorder","bundle_stock_quantity":0,"bundle_virtual":false,"bundle_layout":"","bundle_add_to_cart_form_location":"","bundle_editable_in_cart":false,"bundle_sold_individually_context":"","bundle_item_grouping":"","bundle_min_size":"","bundle_max_size":"","bundle_price":[],"bundled_items":[],"bundle_sell_ids":[],"acf":[],"yoast_head":"<!-- This site is optimized with the Yoast SEO plugin v27.0 - https:\/\/yoast.com\/product\/yoast-seo-wordpress\/ -->\n<title>LEDriving\u00ae Arbetsljus Cube PX1500 Spot - Xenonkungen<\/title>\n<meta name=\"robots\" content=\"index, follow, max-snippet:-1, max-image-preview:large, max-video-preview:-1\" \/>\n<link rel=\"canonical\" href=\"https:\/\/xenonkungen.com\/de\/produkt\/led-fahrer-arbeitsscheinwerferwurfel-px1500-spot\/\" \/>\n<meta property=\"og:locale\" content=\"de_DE\" \/>\n<meta property=\"og:type\" content=\"article\" \/>\n<meta property=\"og:title\" content=\"LEDriving\u00ae Arbetsljus Cube PX1500 Spot - Xenonkungen\" \/>\n<meta property=\"og:description\" content=\"OSRAM LEDriving Professional Series PX: Professionellt Ljus f\u00f6r Professionellt Arbete Belysning anpassad f\u00f6r alla yrkesm\u00e4ssiga arbetsuppgifter Med arbetsljusen i serien OSRAM LEDriving Professional Series PX, hittar du exakt r\u00e4tt belysning f\u00f6r ett brett utbud av yrkesm\u00e4ssiga arbetsuppgifter och till\u00e4mpningar. De 16 olika arbetsljusen i serien erbjuder f\u00f6rdelar som maximal optisk effektivitet, \u00e4ndam\u00e5lsenlighet och j\u00e4mn ljusf\u00f6rdelning. [&hellip;]\" \/>\n<meta property=\"og:url\" content=\"https:\/\/xenonkungen.com\/de\/produkt\/led-fahrer-arbeitsscheinwerferwurfel-px1500-spot\/\" \/>\n<meta property=\"og:site_name\" content=\"Xenonkungen\" \/>\n<meta property=\"article:modified_time\" content=\"2025-12-10T13:49:20+00:00\" \/>\n<meta property=\"og:image\" content=\"https:\/\/xenonkungen.com\/wp-content\/uploads\/2025\/04\/201830731-origpic-21878a.jpg\" \/>\n\t<meta property=\"og:image:width\" content=\"900\" \/>\n\t<meta property=\"og:image:height\" content=\"900\" \/>\n\t<meta property=\"og:image:type\" content=\"image\/jpeg\" \/>\n<meta name=\"twitter:card\" content=\"summary_large_image\" \/>\n<meta name=\"twitter:label1\" content=\"Gesch\u00e4tzte Lesezeit\" \/>\n\t<meta name=\"twitter:data1\" content=\"1\u00a0Minute\" \/>\n<script type=\"application\/ld+json\" class=\"yoast-schema-graph\">{\"@context\":\"https:\/\/schema.org\",\"@graph\":[{\"@type\":\"WebPage\",\"@id\":\"https:\/\/xenonkungen.com\/produkt\/ledriving-arbetsljus-cube-px1500-spot\/\",\"url\":\"https:\/\/xenonkungen.com\/produkt\/ledriving-arbetsljus-cube-px1500-spot\/\",\"name\":\"LEDriving\u00ae Arbetsljus Cube PX1500 Spot - Xenonkungen\",\"isPartOf\":{\"@id\":\"https:\/\/xenonkungen.com\/#website\"},\"primaryImageOfPage\":{\"@id\":\"https:\/\/xenonkungen.com\/produkt\/ledriving-arbetsljus-cube-px1500-spot\/#primaryimage\"},\"image\":{\"@id\":\"https:\/\/xenonkungen.com\/produkt\/ledriving-arbetsljus-cube-px1500-spot\/#primaryimage\"},\"thumbnailUrl\":\"https:\/\/xenonkungen.com\/wp-content\/uploads\/2025\/04\/201830731-origpic-21878a.jpg\",\"datePublished\":\"2025-04-15T09:58:58+00:00\",\"dateModified\":\"2025-12-10T13:49:20+00:00\",\"breadcrumb\":{\"@id\":\"https:\/\/xenonkungen.com\/produkt\/ledriving-arbetsljus-cube-px1500-spot\/#breadcrumb\"},\"inLanguage\":\"de\",\"potentialAction\":[{\"@type\":\"ReadAction\",\"target\":[\"https:\/\/xenonkungen.com\/produkt\/ledriving-arbetsljus-cube-px1500-spot\/\"]}]},{\"@type\":\"ImageObject\",\"inLanguage\":\"de\",\"@id\":\"https:\/\/xenonkungen.com\/produkt\/ledriving-arbetsljus-cube-px1500-spot\/#primaryimage\",\"url\":\"https:\/\/xenonkungen.com\/wp-content\/uploads\/2025\/04\/201830731-origpic-21878a.jpg\",\"contentUrl\":\"https:\/\/xenonkungen.com\/wp-content\/uploads\/2025\/04\/201830731-origpic-21878a.jpg\",\"width\":900,\"height\":900},{\"@type\":\"BreadcrumbList\",\"@id\":\"https:\/\/xenonkungen.com\/produkt\/ledriving-arbetsljus-cube-px1500-spot\/#breadcrumb\",\"itemListElement\":[{\"@type\":\"ListItem\",\"position\":1,\"name\":\"Hem\",\"item\":\"https:\/\/xenonkungen.com\/\"},{\"@type\":\"ListItem\",\"position\":2,\"name\":\"Shop\",\"item\":\"https:\/\/xenonkungen.com\/shop\/\"},{\"@type\":\"ListItem\",\"position\":3,\"name\":\"LEDriving\u00ae Arbetsljus Cube PX1500 Spot\"}]},{\"@type\":\"WebSite\",\"@id\":\"https:\/\/xenonkungen.com\/#website\",\"url\":\"https:\/\/xenonkungen.com\/\",\"name\":\"Xenonkungen\",\"description\":\"\",\"potentialAction\":[{\"@type\":\"SearchAction\",\"target\":{\"@type\":\"EntryPoint\",\"urlTemplate\":\"https:\/\/xenonkungen.com\/?s={search_term_string}\"},\"query-input\":{\"@type\":\"PropertyValueSpecification\",\"valueRequired\":true,\"valueName\":\"search_term_string\"}}],\"inLanguage\":\"de\"}]}<\/script>\n<!-- \/ Yoast SEO plugin. -->","yoast_head_json":{"title":"LEDriving\u00ae Arbeitsscheinwerfer PX1500 Spot - Xenonkungen","robots":{"index":"index","follow":"follow","max-snippet":"max-snippet:-1","max-image-preview":"max-image-preview:large","max-video-preview":"max-video-preview:-1"},"canonical":"https:\/\/xenonkungen.com\/de\/produkt\/led-fahrer-arbeitsscheinwerferwurfel-px1500-spot\/","og_locale":"de_DE","og_type":"article","og_title":"LEDriving\u00ae Arbetsljus Cube PX1500 Spot - Xenonkungen","og_description":"OSRAM LEDriving Professional Series PX: Professionellt Ljus f\u00f6r Professionellt Arbete Belysning anpassad f\u00f6r alla yrkesm\u00e4ssiga arbetsuppgifter Med arbetsljusen i serien OSRAM LEDriving Professional Series PX, hittar du exakt r\u00e4tt belysning f\u00f6r ett brett utbud av yrkesm\u00e4ssiga arbetsuppgifter och till\u00e4mpningar. De 16 olika arbetsljusen i serien erbjuder f\u00f6rdelar som maximal optisk effektivitet, \u00e4ndam\u00e5lsenlighet och j\u00e4mn ljusf\u00f6rdelning. [&hellip;]","og_url":"https:\/\/xenonkungen.com\/de\/produkt\/led-fahrer-arbeitsscheinwerferwurfel-px1500-spot\/","og_site_name":"Xenonkungen","article_modified_time":"2025-12-10T13:49:20+00:00","og_image":[{"width":900,"height":900,"url":"https:\/\/xenonkungen.com\/wp-content\/uploads\/2025\/04\/201830731-origpic-21878a.jpg","type":"image\/jpeg"}],"twitter_card":"summary_large_image","twitter_misc":{"Gesch\u00e4tzte Lesezeit":"1\u00a0Minute"},"schema":{"@context":"https:\/\/schema.org","@graph":[{"@type":"WebPage","@id":"https:\/\/xenonkungen.com\/produkt\/ledriving-arbetsljus-cube-px1500-spot\/","url":"https:\/\/xenonkungen.com\/produkt\/ledriving-arbetsljus-cube-px1500-spot\/","name":"LEDriving\u00ae Arbeitsscheinwerfer PX1500 Spot - Xenonkungen","isPartOf":{"@id":"https:\/\/xenonkungen.com\/#website"},"primaryImageOfPage":{"@id":"https:\/\/xenonkungen.com\/produkt\/ledriving-arbetsljus-cube-px1500-spot\/#primaryimage"},"image":{"@id":"https:\/\/xenonkungen.com\/produkt\/ledriving-arbetsljus-cube-px1500-spot\/#primaryimage"},"thumbnailUrl":"https:\/\/xenonkungen.com\/wp-content\/uploads\/2025\/04\/201830731-origpic-21878a.jpg","datePublished":"2025-04-15T09:58:58+00:00","dateModified":"2025-12-10T13:49:20+00:00","breadcrumb":{"@id":"https:\/\/xenonkungen.com\/produkt\/ledriving-arbetsljus-cube-px1500-spot\/#breadcrumb"},"inLanguage":"de","potentialAction":[{"@type":"ReadAction","target":["https:\/\/xenonkungen.com\/produkt\/ledriving-arbetsljus-cube-px1500-spot\/"]}]},{"@type":"ImageObject","inLanguage":"de","@id":"https:\/\/xenonkungen.com\/produkt\/ledriving-arbetsljus-cube-px1500-spot\/#primaryimage","url":"https:\/\/xenonkungen.com\/wp-content\/uploads\/2025\/04\/201830731-origpic-21878a.jpg","contentUrl":"https:\/\/xenonkungen.com\/wp-content\/uploads\/2025\/04\/201830731-origpic-21878a.jpg","width":900,"height":900},{"@type":"BreadcrumbList","@id":"https:\/\/xenonkungen.com\/produkt\/ledriving-arbetsljus-cube-px1500-spot\/#breadcrumb","itemListElement":[{"@type":"ListItem","position":1,"name":"Hem","item":"https:\/\/xenonkungen.com\/"},{"@type":"ListItem","position":2,"name":"Shop","item":"https:\/\/xenonkungen.com\/shop\/"},{"@type":"ListItem","position":3,"name":"LEDriving\u00ae Arbetsljus Cube PX1500 Spot"}]},{"@type":"WebSite","@id":"https:\/\/xenonkungen.com\/#website","url":"https:\/\/xenonkungen.com\/","name":"Xenonkungen","description":"","potentialAction":[{"@type":"SearchAction","target":{"@type":"EntryPoint","urlTemplate":"https:\/\/xenonkungen.com\/?s={search_term_string}"},"query-input":{"@type":"PropertyValueSpecification","valueRequired":true,"valueName":"search_term_string"}}],"inLanguage":"de"}]}},"taxonomy_info":{"product_brand":[{"value":108,"label":"OSRAM"}],"product_cat":[{"value":2639,"label":"OSRAM Ledriving"},{"value":508,"label":"Arbetsbelysning"}],"pa_fargtemperatur":[{"value":1428,"label":"6000"}],"pa_fuktskydd-varde-ipxx":[{"value":1996,"label":"IP6K8 IP6K9K"}],"pa_godkannande":[{"value":1997,"label":"ECE R10\/CISPR25\/CLASS 5\/FCC part 15b"}],"pa_lampsockel-kontakt":[{"value":329,"label":"DT"}],"pa_led-chips-effekt-w":[{"value":510,"label":"15"}],"pa_ljusbild":[{"value":1177,"label":"Spot"}],"pa_storlek-mm":[{"value":1995,"label":"68x113x117"}],"pa_volt-v":[{"value":348,"label":"12, 24"}]},"featured_image_src_large":["https:\/\/xenonkungen.com\/wp-content\/uploads\/2025\/04\/201830731-origpic-21878a.jpg",900,900,false],"author_info":[],"comment_info":0,"_links":{"self":[{"href":"https:\/\/xenonkungen.com\/de\/wp-json\/wp\/v2\/product\/7733","targetHints":{"allow":["GET"]}}],"collection":[{"href":"https:\/\/xenonkungen.com\/de\/wp-json\/wp\/v2\/product"}],"about":[{"href":"https:\/\/xenonkungen.com\/de\/wp-json\/wp\/v2\/types\/product"}],"replies":[{"embeddable":true,"href":"https:\/\/xenonkungen.com\/de\/wp-json\/wp\/v2\/comments?post=7733"}],"wp:featuredmedia":[{"embeddable":true,"href":"https:\/\/xenonkungen.com\/de\/wp-json\/wp\/v2\/media\/7734"}],"wp:attachment":[{"href":"https:\/\/xenonkungen.com\/de\/wp-json\/wp\/v2\/media?parent=7733"}],"wp:term":[{"taxonomy":"anvandningsomrade","embeddable":true,"href":"https:\/\/xenonkungen.com\/de\/wp-json\/wp\/v2\/anvandningsomrade?post=7733"},{"taxonomy":"bilmarken","embeddable":true,"href":"https:\/\/xenonkungen.com\/de\/wp-json\/wp\/v2\/bilmarken?post=7733"},{"taxonomy":"product_brand","embeddable":true,"href":"https:\/\/xenonkungen.com\/de\/wp-json\/wp\/v2\/product_brand?post=7733"},{"taxonomy":"product_cat","embeddable":true,"href":"https:\/\/xenonkungen.com\/de\/wp-json\/wp\/v2\/product_cat?post=7733"},{"taxonomy":"product_tag","embeddable":true,"href":"https:\/\/xenonkungen.com\/de\/wp-json\/wp\/v2\/product_tag?post=7733"}],"curies":[{"name":"wp","href":"https:\/\/api.w.org\/{rel}","templated":true}]}}