{"id":7779,"date":"2025-04-15T09:59:25","date_gmt":"2025-04-15T09:59:25","guid":{"rendered":"https:\/\/xenonkungen.com\/product\/ledriving-arbetsljus-cube-px4500-spot\/"},"modified":"2025-12-10T14:49:24","modified_gmt":"2025-12-10T13:49:24","slug":"led-fahrer-arbeitsscheinwerferwurfel-px4500-spot","status":"publish","type":"product","link":"https:\/\/xenonkungen.com\/de\/produkt\/led-fahrer-arbeitsscheinwerferwurfel-px4500-spot\/","title":{"rendered":"LEDriving\u00ae Arbeitsscheinwerferw\u00fcrfel PX4500 Spot"},"content":{"rendered":"<h1>OSRAM LEDriving Professional Serie PX: Ma\u00dfgeschneiderte Arbeitsplatzbeleuchtung f\u00fcr den professionellen Einsatz<\/h1>\n<h2>Perfekt geeignet f\u00fcr verschiedene Aufgaben<\/h2>\n<p>Mit den Arbeitsleuchten der OSRAM LEDriving Professional Serie PX finden Sie die passende Beleuchtung f\u00fcr unterschiedlichste professionelle Aufgaben und Anwendungen. Die modulare Serie umfasst insgesamt 16 Arbeitsleuchten, die sich durch maximale optische Effizienz, hohe Lichtausbeute und homogene Lichtverteilung auszeichnen. Die Serie konzentriert sich auf die wichtigsten Aspekte von Arbeitsleuchten \u2013 Ausleuchtung, Leistung, Qualit\u00e4t, Form, Langlebigkeit und Funktionalit\u00e4t \u2013 und schafft so sicherere Arbeitsbedingungen f\u00fcr Sie und Ihre Kollegen.<\/p>\n<h2>Anpassungsf\u00e4hig und leistungsstark<\/h2>\n<p>Mit diesen Hochleistungsscheinwerfern erhalten Sie eine komplette, fahrzeugspezifische Beleuchtungsanlage, die sich individuell an Ihre Anforderungen anpassen l\u00e4sst. Die Arbeitsscheinwerfer sind f\u00fcr 12-V- und 24-V-Fahrzeuge geeignet und in vier Abstrahlcharakteristiken (Flutlicht, Spot, Breitlicht, Ultrabreitlicht) sowie vier Leistungsstufen (1.500 lm, 2.500 lm, 3.500 lm, 4.500 lm) pro Scheinwerfer erh\u00e4ltlich. Zudem lassen sie sich auf drei verschiedene Arten montieren: Direktmontage, flexible Standardmontage und besonders robuste Montage.<\/p>\n<h2>Qualit\u00e4t und Nachhaltigkeit<\/h2>\n<p>OSRAM hat zudem speziell entwickelte Montages\u00e4tze und ein Kabel mit DT-Stecker entwickelt. Die Professional-Serie ist nach den h\u00f6chsten Schutzarten IP6K8 und IP6K9K sowie CISPR25 Klasse 5 zertifiziert und erf\u00fcllt die h\u00f6chsten OE-Standards und -Anforderungen der Automobilindustrie. OSRAM gew\u00e4hrt auf diese Produkte 5 Jahre Garantie und sichert so Qualit\u00e4t und Langlebigkeit f\u00fcr den professionellen Einsatz.<\/p>","protected":false},"excerpt":{"rendered":"<p>Die SRAM LEDriving Professional Serie PX bietet optimale Beleuchtung f\u00fcr vielf\u00e4ltige professionelle Aufgaben. Dank hoher Leistung, Langlebigkeit und Anpassungsf\u00e4higkeit werden sicherere Arbeitsbedingungen geschaffen. Diese Lampen eignen sich f\u00fcr 12-V- und 24-V-Fahrzeuge und sind in verschiedenen Abstrahlcharakteristiken und Leistungsstufen erh\u00e4ltlich. OSRAM garantiert h\u00f6chste Qualit\u00e4t und bietet 5 Jahre Garantie.<\/p>","protected":false},"featured_media":7780,"comment_status":"closed","ping_status":"open","template":"","meta":{"_acf_changed":false,"_smort_price_nok":"1864","_smort_price_dkk":"1184","_smort_price_eur":"158.63","_smort_sale_price_nok":"","_smort_sale_price_dkk":"","_smort_sale_price_eur":"","smort_restorder":"","shipmondo_restorder":"","_kad_blocks_custom_css":"","_kad_blocks_head_custom_js":"","_kad_blocks_body_custom_js":"","_kad_blocks_footer_custom_js":"","smort_custom_pricelist_1":"1116.8","smort_custom_pricelist_2":"1047","smort_custom_pricelist_3":"994.65","smort_custom_pricelist_4":"1396","smort_custom_pricelist_5":"1039.36"},"anvandningsomrade":[],"bilmarken":[],"product_brand":[108],"product_cat":[2639,508],"product_tag":[],"class_list":{"0":"post-7779","1":"product","2":"type-product","3":"status-publish","4":"has-post-thumbnail","6":"product_brand-osram","7":"product_cat-osram-ledriving-arbetsbelysning","8":"product_cat-arbetsbelysning","9":"pa_fargtemperatur-1428","10":"pa_fuktskydd-varde-ipxx-ip6k8-ip6k9k","11":"pa_godkannande-ece-r10-cispr25-class-5-fcc-part-15b","12":"pa_lampsockel-kontakt-dt","13":"pa_led-chips-effekt-w-532","14":"pa_ljusbild-spot","15":"pa_storlek-mm-68x113x117","16":"pa_volt-v-12-24","18":"first","19":"onbackorder","20":"taxable","21":"shipping-taxable","22":"purchasable","23":"product-type-simple"},"bundled_by":[],"bundle_stock_status":"onbackorder","bundle_stock_quantity":0,"bundle_virtual":false,"bundle_layout":"","bundle_add_to_cart_form_location":"","bundle_editable_in_cart":false,"bundle_sold_individually_context":"","bundle_item_grouping":"","bundle_min_size":"","bundle_max_size":"","bundle_price":[],"bundled_items":[],"bundle_sell_ids":[],"acf":[],"yoast_head":"<!-- This site is optimized with the Yoast SEO plugin v27.0 - https:\/\/yoast.com\/product\/yoast-seo-wordpress\/ -->\n<title>LEDriving\u00ae Arbetsljus Cube PX4500 Spot - Xenonkungen<\/title>\n<meta name=\"robots\" content=\"index, follow, max-snippet:-1, max-image-preview:large, max-video-preview:-1\" \/>\n<link rel=\"canonical\" href=\"https:\/\/xenonkungen.com\/de\/produkt\/led-fahrer-arbeitsscheinwerferwurfel-px4500-spot\/\" \/>\n<meta property=\"og:locale\" content=\"de_DE\" \/>\n<meta property=\"og:type\" content=\"article\" \/>\n<meta property=\"og:title\" content=\"LEDriving\u00ae Arbetsljus Cube PX4500 Spot - Xenonkungen\" \/>\n<meta property=\"og:description\" content=\"SRAM LEDriving Professional Series PX erbjuder optimal belysning f\u00f6r olika yrkesm\u00e4ssiga arbetsuppgifter. Med h\u00f6g prestanda, h\u00e5llbarhet och anpassningsbarhet skapas s\u00e4krare arbetsf\u00f6rh\u00e5llanden. Dessa lampor passar b\u00e5de 12 V- och 24 V-fordon och finns i olika str\u00e5lm\u00f6nster och effektniv\u00e5er. OSRAM garanterar h\u00f6g kvalitet och erbjuder 5 \u00e5rs garanti.\" \/>\n<meta property=\"og:url\" content=\"https:\/\/xenonkungen.com\/de\/produkt\/led-fahrer-arbeitsscheinwerferwurfel-px4500-spot\/\" \/>\n<meta property=\"og:site_name\" content=\"Xenonkungen\" \/>\n<meta property=\"article:modified_time\" content=\"2025-12-10T13:49:24+00:00\" \/>\n<meta property=\"og:image\" content=\"https:\/\/xenonkungen.com\/wp-content\/uploads\/2025\/04\/201830723-origpic-457896.jpg\" \/>\n\t<meta property=\"og:image:width\" content=\"900\" \/>\n\t<meta property=\"og:image:height\" content=\"900\" \/>\n\t<meta property=\"og:image:type\" content=\"image\/jpeg\" \/>\n<meta name=\"twitter:card\" content=\"summary_large_image\" \/>\n<meta name=\"twitter:label1\" content=\"Gesch\u00e4tzte Lesezeit\" \/>\n\t<meta name=\"twitter:data1\" content=\"1\u00a0Minute\" \/>\n<script type=\"application\/ld+json\" class=\"yoast-schema-graph\">{\"@context\":\"https:\/\/schema.org\",\"@graph\":[{\"@type\":\"WebPage\",\"@id\":\"https:\/\/xenonkungen.com\/produkt\/ledriving-arbetsljus-cube-px4500-spot\/\",\"url\":\"https:\/\/xenonkungen.com\/produkt\/ledriving-arbetsljus-cube-px4500-spot\/\",\"name\":\"LEDriving\u00ae Arbetsljus Cube PX4500 Spot - Xenonkungen\",\"isPartOf\":{\"@id\":\"https:\/\/xenonkungen.com\/#website\"},\"primaryImageOfPage\":{\"@id\":\"https:\/\/xenonkungen.com\/produkt\/ledriving-arbetsljus-cube-px4500-spot\/#primaryimage\"},\"image\":{\"@id\":\"https:\/\/xenonkungen.com\/produkt\/ledriving-arbetsljus-cube-px4500-spot\/#primaryimage\"},\"thumbnailUrl\":\"https:\/\/xenonkungen.com\/wp-content\/uploads\/2025\/04\/201830723-origpic-457896.jpg\",\"datePublished\":\"2025-04-15T09:59:25+00:00\",\"dateModified\":\"2025-12-10T13:49:24+00:00\",\"breadcrumb\":{\"@id\":\"https:\/\/xenonkungen.com\/produkt\/ledriving-arbetsljus-cube-px4500-spot\/#breadcrumb\"},\"inLanguage\":\"de\",\"potentialAction\":[{\"@type\":\"ReadAction\",\"target\":[\"https:\/\/xenonkungen.com\/produkt\/ledriving-arbetsljus-cube-px4500-spot\/\"]}]},{\"@type\":\"ImageObject\",\"inLanguage\":\"de\",\"@id\":\"https:\/\/xenonkungen.com\/produkt\/ledriving-arbetsljus-cube-px4500-spot\/#primaryimage\",\"url\":\"https:\/\/xenonkungen.com\/wp-content\/uploads\/2025\/04\/201830723-origpic-457896.jpg\",\"contentUrl\":\"https:\/\/xenonkungen.com\/wp-content\/uploads\/2025\/04\/201830723-origpic-457896.jpg\",\"width\":900,\"height\":900},{\"@type\":\"BreadcrumbList\",\"@id\":\"https:\/\/xenonkungen.com\/produkt\/ledriving-arbetsljus-cube-px4500-spot\/#breadcrumb\",\"itemListElement\":[{\"@type\":\"ListItem\",\"position\":1,\"name\":\"Hem\",\"item\":\"https:\/\/xenonkungen.com\/\"},{\"@type\":\"ListItem\",\"position\":2,\"name\":\"Shop\",\"item\":\"https:\/\/xenonkungen.com\/shop\/\"},{\"@type\":\"ListItem\",\"position\":3,\"name\":\"LEDriving\u00ae Arbetsljus Cube PX4500 Spot\"}]},{\"@type\":\"WebSite\",\"@id\":\"https:\/\/xenonkungen.com\/#website\",\"url\":\"https:\/\/xenonkungen.com\/\",\"name\":\"Xenonkungen\",\"description\":\"\",\"potentialAction\":[{\"@type\":\"SearchAction\",\"target\":{\"@type\":\"EntryPoint\",\"urlTemplate\":\"https:\/\/xenonkungen.com\/?s={search_term_string}\"},\"query-input\":{\"@type\":\"PropertyValueSpecification\",\"valueRequired\":true,\"valueName\":\"search_term_string\"}}],\"inLanguage\":\"de\"}]}<\/script>\n<!-- \/ Yoast SEO plugin. -->","yoast_head_json":{"title":"LEDriving\u00ae Arbeitsscheinwerfer PX4500 Spot - Xenonkungen","robots":{"index":"index","follow":"follow","max-snippet":"max-snippet:-1","max-image-preview":"max-image-preview:large","max-video-preview":"max-video-preview:-1"},"canonical":"https:\/\/xenonkungen.com\/de\/produkt\/led-fahrer-arbeitsscheinwerferwurfel-px4500-spot\/","og_locale":"de_DE","og_type":"article","og_title":"LEDriving\u00ae Arbetsljus Cube PX4500 Spot - Xenonkungen","og_description":"SRAM LEDriving Professional Series PX erbjuder optimal belysning f\u00f6r olika yrkesm\u00e4ssiga arbetsuppgifter. Med h\u00f6g prestanda, h\u00e5llbarhet och anpassningsbarhet skapas s\u00e4krare arbetsf\u00f6rh\u00e5llanden. Dessa lampor passar b\u00e5de 12 V- och 24 V-fordon och finns i olika str\u00e5lm\u00f6nster och effektniv\u00e5er. OSRAM garanterar h\u00f6g kvalitet och erbjuder 5 \u00e5rs garanti.","og_url":"https:\/\/xenonkungen.com\/de\/produkt\/led-fahrer-arbeitsscheinwerferwurfel-px4500-spot\/","og_site_name":"Xenonkungen","article_modified_time":"2025-12-10T13:49:24+00:00","og_image":[{"width":900,"height":900,"url":"https:\/\/xenonkungen.com\/wp-content\/uploads\/2025\/04\/201830723-origpic-457896.jpg","type":"image\/jpeg"}],"twitter_card":"summary_large_image","twitter_misc":{"Gesch\u00e4tzte Lesezeit":"1\u00a0Minute"},"schema":{"@context":"https:\/\/schema.org","@graph":[{"@type":"WebPage","@id":"https:\/\/xenonkungen.com\/produkt\/ledriving-arbetsljus-cube-px4500-spot\/","url":"https:\/\/xenonkungen.com\/produkt\/ledriving-arbetsljus-cube-px4500-spot\/","name":"LEDriving\u00ae Arbeitsscheinwerfer PX4500 Spot - Xenonkungen","isPartOf":{"@id":"https:\/\/xenonkungen.com\/#website"},"primaryImageOfPage":{"@id":"https:\/\/xenonkungen.com\/produkt\/ledriving-arbetsljus-cube-px4500-spot\/#primaryimage"},"image":{"@id":"https:\/\/xenonkungen.com\/produkt\/ledriving-arbetsljus-cube-px4500-spot\/#primaryimage"},"thumbnailUrl":"https:\/\/xenonkungen.com\/wp-content\/uploads\/2025\/04\/201830723-origpic-457896.jpg","datePublished":"2025-04-15T09:59:25+00:00","dateModified":"2025-12-10T13:49:24+00:00","breadcrumb":{"@id":"https:\/\/xenonkungen.com\/produkt\/ledriving-arbetsljus-cube-px4500-spot\/#breadcrumb"},"inLanguage":"de","potentialAction":[{"@type":"ReadAction","target":["https:\/\/xenonkungen.com\/produkt\/ledriving-arbetsljus-cube-px4500-spot\/"]}]},{"@type":"ImageObject","inLanguage":"de","@id":"https:\/\/xenonkungen.com\/produkt\/ledriving-arbetsljus-cube-px4500-spot\/#primaryimage","url":"https:\/\/xenonkungen.com\/wp-content\/uploads\/2025\/04\/201830723-origpic-457896.jpg","contentUrl":"https:\/\/xenonkungen.com\/wp-content\/uploads\/2025\/04\/201830723-origpic-457896.jpg","width":900,"height":900},{"@type":"BreadcrumbList","@id":"https:\/\/xenonkungen.com\/produkt\/ledriving-arbetsljus-cube-px4500-spot\/#breadcrumb","itemListElement":[{"@type":"ListItem","position":1,"name":"Hem","item":"https:\/\/xenonkungen.com\/"},{"@type":"ListItem","position":2,"name":"Shop","item":"https:\/\/xenonkungen.com\/shop\/"},{"@type":"ListItem","position":3,"name":"LEDriving\u00ae Arbetsljus Cube PX4500 Spot"}]},{"@type":"WebSite","@id":"https:\/\/xenonkungen.com\/#website","url":"https:\/\/xenonkungen.com\/","name":"Xenonkungen","description":"","potentialAction":[{"@type":"SearchAction","target":{"@type":"EntryPoint","urlTemplate":"https:\/\/xenonkungen.com\/?s={search_term_string}"},"query-input":{"@type":"PropertyValueSpecification","valueRequired":true,"valueName":"search_term_string"}}],"inLanguage":"de"}]}},"taxonomy_info":{"product_brand":[{"value":108,"label":"OSRAM"}],"product_cat":[{"value":2639,"label":"OSRAM Ledriving"},{"value":508,"label":"Arbetsbelysning"}],"pa_fargtemperatur":[{"value":1428,"label":"6000"}],"pa_fuktskydd-varde-ipxx":[{"value":1996,"label":"IP6K8 IP6K9K"}],"pa_godkannande":[{"value":1997,"label":"ECE R10\/CISPR25\/CLASS 5\/FCC part 15b"}],"pa_lampsockel-kontakt":[{"value":329,"label":"DT"}],"pa_led-chips-effekt-w":[{"value":532,"label":"45"}],"pa_ljusbild":[{"value":1177,"label":"Spot"}],"pa_storlek-mm":[{"value":1995,"label":"68x113x117"}],"pa_volt-v":[{"value":348,"label":"12, 24"}]},"featured_image_src_large":["https:\/\/xenonkungen.com\/wp-content\/uploads\/2025\/04\/201830723-origpic-457896.jpg",900,900,false],"author_info":[],"comment_info":0,"_links":{"self":[{"href":"https:\/\/xenonkungen.com\/de\/wp-json\/wp\/v2\/product\/7779","targetHints":{"allow":["GET"]}}],"collection":[{"href":"https:\/\/xenonkungen.com\/de\/wp-json\/wp\/v2\/product"}],"about":[{"href":"https:\/\/xenonkungen.com\/de\/wp-json\/wp\/v2\/types\/product"}],"replies":[{"embeddable":true,"href":"https:\/\/xenonkungen.com\/de\/wp-json\/wp\/v2\/comments?post=7779"}],"wp:featuredmedia":[{"embeddable":true,"href":"https:\/\/xenonkungen.com\/de\/wp-json\/wp\/v2\/media\/7780"}],"wp:attachment":[{"href":"https:\/\/xenonkungen.com\/de\/wp-json\/wp\/v2\/media?parent=7779"}],"wp:term":[{"taxonomy":"anvandningsomrade","embeddable":true,"href":"https:\/\/xenonkungen.com\/de\/wp-json\/wp\/v2\/anvandningsomrade?post=7779"},{"taxonomy":"bilmarken","embeddable":true,"href":"https:\/\/xenonkungen.com\/de\/wp-json\/wp\/v2\/bilmarken?post=7779"},{"taxonomy":"product_brand","embeddable":true,"href":"https:\/\/xenonkungen.com\/de\/wp-json\/wp\/v2\/product_brand?post=7779"},{"taxonomy":"product_cat","embeddable":true,"href":"https:\/\/xenonkungen.com\/de\/wp-json\/wp\/v2\/product_cat?post=7779"},{"taxonomy":"product_tag","embeddable":true,"href":"https:\/\/xenonkungen.com\/de\/wp-json\/wp\/v2\/product_tag?post=7779"}],"curies":[{"name":"wp","href":"https:\/\/api.w.org\/{rel}","templated":true}]}}