{"id":7843,"date":"2025-04-15T10:00:09","date_gmt":"2025-04-15T10:00:09","guid":{"rendered":"https:\/\/xenonkungen.com\/product\/ledriving-arbetsljus-cube-px2500-flood\/"},"modified":"2026-03-04T16:36:50","modified_gmt":"2026-03-04T15:36:50","slug":"led-fahrer-arbeitsscheinwerferwurfel-px2500-flutlicht","status":"publish","type":"product","link":"https:\/\/xenonkungen.com\/de\/produkt\/led-fahrer-arbeitsscheinwerferwurfel-px2500-flutlicht\/","title":{"rendered":"LEDriving\u00ae Arbeitsscheinwerferw\u00fcrfel PX2500 Flutlicht"},"content":{"rendered":"<h1>OSRAM LEDriving Professional Serie PX: Ma\u00dfgeschneiderte Arbeitsbeleuchtung f\u00fcr alle Ihre Anforderungen<\/h1>\n<h2>Professionelle und individuell angepasste Beleuchtung f\u00fcr Ihre Bed\u00fcrfnisse<\/h2>\n<p>Die OSRAM LEDriving Professional Serie PX bietet Arbeitsleuchten f\u00fcr ein breites Spektrum professioneller Aufgaben und Anwendungen. Diese Serie umfasst 16 Arbeitsleuchten, die maximale optische Effizienz, hohe Lichtst\u00e4rke und gleichm\u00e4\u00dfige Lichtverteilung gew\u00e4hrleisten.<\/p>\n<h2>Fokus auf Qualit\u00e4t und Leistung<\/h2>\n<p>Diese Leuchten konzentrieren sich auf die Kernaspekte der Arbeitsbeleuchtung: Ausleuchtung, Leistung, Qualit\u00e4t, Form, Langlebigkeit und Funktionalit\u00e4t. Unter Ber\u00fccksichtigung dieser Faktoren k\u00f6nnen Sie die f\u00fcr Ihre Anwendung wichtigsten Aspekte ausw\u00e4hlen und priorisieren. So erhalten Sie eine leistungsstarke, fahrzeugspezifische Beleuchtungsl\u00f6sung, die perfekt auf Ihre individuellen Anforderungen und Bed\u00fcrfnisse zugeschnitten ist.<\/p>\n<h2>Anpassbar an verschiedene Fahrzeuge und Anwendungen<\/h2>\n<p>Diese Arbeitsscheinwerfer eignen sich sowohl f\u00fcr 12-V- als auch f\u00fcr 24-V-Fahrzeuge und sind in vier Abstrahlcharakteristiken (Flutlicht, Spot, Breitlicht, Ultrabreitlicht) und vier Lichtst\u00e4rken (1500 lm, 2500 lm, 3500 lm, 4500 lm) pro Scheinwerfer erh\u00e4ltlich. Sie k\u00f6nnen auf drei verschiedene Arten montiert werden: Direktmontage, flexible Standardmontage und besonders robuste Montage.<\/p>\n<h2>Sicheres und zuverl\u00e4ssiges Design<\/h2>\n<p>OSRAM hat zudem speziell entwickelte Montages\u00e4tze und ein Kabel mit DT-Stecker f\u00fcr eine m\u00f6glichst einfache Installation entwickelt. Die Professional-Serie ist au\u00dferdem nach den h\u00f6chsten Schutzarten IP6K8 und IP6K9K sowie CISPR25 Klasse 5 zertifiziert und erf\u00fcllt somit die h\u00f6chsten OE-Standards und -Anforderungen der Automobilindustrie. OSRAM gew\u00e4hrt auf diese Produkte eine 5-j\u00e4hrige Garantie.<\/p>","protected":false},"excerpt":{"rendered":"<p>Hochwertige Arbeitsleuchte von Osram. 2500 Lumen.<\/p>","protected":false},"featured_media":7844,"comment_status":"closed","ping_status":"open","template":"","meta":{"_acf_changed":false,"_smort_price_nok":"1575","_smort_price_dkk":"1001","_smort_price_eur":"134.08","_smort_sale_price_nok":"","_smort_sale_price_dkk":"","_smort_sale_price_eur":"","smort_restorder":"","shipmondo_restorder":"","_kad_blocks_custom_css":"","_kad_blocks_head_custom_js":"","_kad_blocks_body_custom_js":"","_kad_blocks_footer_custom_js":"","smort_custom_pricelist_1":"944","smort_custom_pricelist_2":"885","smort_custom_pricelist_3":"840.75","smort_custom_pricelist_4":"1180","smort_custom_pricelist_5":"878.54"},"anvandningsomrade":[],"bilmarken":[],"product_brand":[108],"product_cat":[2639,508],"product_tag":[],"class_list":{"0":"post-7843","1":"product","2":"type-product","3":"status-publish","4":"has-post-thumbnail","6":"product_brand-osram","7":"product_cat-osram-ledriving-arbetsbelysning","8":"product_cat-arbetsbelysning","9":"pa_fargtemperatur-1428","10":"pa_fuktskydd-varde-ipxx-ip6k8-ip6k9k","11":"pa_godkannande-ece-r10-cispr25-class-5-fcc-part-15b","12":"pa_lampsockel-kontakt-dt","13":"pa_led-chips-effekt-w-2000","14":"pa_ljusbild-flood","15":"pa_storlek-mm-68x113x117","16":"pa_volt-v-12-24","18":"first","19":"onbackorder","20":"taxable","21":"shipping-taxable","22":"purchasable","23":"product-type-simple"},"bundled_by":[],"bundle_stock_status":"onbackorder","bundle_stock_quantity":0,"bundle_virtual":false,"bundle_layout":"","bundle_add_to_cart_form_location":"","bundle_editable_in_cart":false,"bundle_sold_individually_context":"","bundle_item_grouping":"","bundle_min_size":"","bundle_max_size":"","bundle_price":[],"bundled_items":[],"bundle_sell_ids":[],"acf":[],"yoast_head":"<!-- This site is optimized with the Yoast SEO plugin v27.0 - https:\/\/yoast.com\/product\/yoast-seo-wordpress\/ -->\n<title>LEDriving\u00ae Arbetsljus Cube PX2500 Flood - Xenonkungen<\/title>\n<meta name=\"robots\" content=\"index, follow, max-snippet:-1, max-image-preview:large, max-video-preview:-1\" \/>\n<link rel=\"canonical\" href=\"https:\/\/xenonkungen.com\/de\/produkt\/led-fahrer-arbeitsscheinwerferwurfel-px2500-flutlicht\/\" \/>\n<meta property=\"og:locale\" content=\"de_DE\" \/>\n<meta property=\"og:type\" content=\"article\" \/>\n<meta property=\"og:title\" content=\"LEDriving\u00ae Arbetsljus Cube PX2500 Flood - Xenonkungen\" \/>\n<meta property=\"og:description\" content=\"Kvalitetsarbetsljus fr\u00e5n Osram. 2500 Lumen\" \/>\n<meta property=\"og:url\" content=\"https:\/\/xenonkungen.com\/de\/produkt\/led-fahrer-arbeitsscheinwerferwurfel-px2500-flutlicht\/\" \/>\n<meta property=\"og:site_name\" content=\"Xenonkungen\" \/>\n<meta property=\"article:modified_time\" content=\"2026-03-04T15:36:50+00:00\" \/>\n<meta property=\"og:image\" content=\"https:\/\/xenonkungen.com\/wp-content\/uploads\/2025\/04\/201830713-origpic-2825e2.png\" \/>\n\t<meta property=\"og:image:width\" content=\"900\" \/>\n\t<meta property=\"og:image:height\" content=\"900\" \/>\n\t<meta property=\"og:image:type\" content=\"image\/png\" \/>\n<meta name=\"twitter:card\" content=\"summary_large_image\" \/>\n<meta name=\"twitter:label1\" content=\"Gesch\u00e4tzte Lesezeit\" \/>\n\t<meta name=\"twitter:data1\" content=\"1\u00a0Minute\" \/>\n<script type=\"application\/ld+json\" class=\"yoast-schema-graph\">{\"@context\":\"https:\/\/schema.org\",\"@graph\":[{\"@type\":\"WebPage\",\"@id\":\"https:\/\/xenonkungen.com\/produkt\/ledriving-arbetsljus-cube-px2500-flood\/\",\"url\":\"https:\/\/xenonkungen.com\/produkt\/ledriving-arbetsljus-cube-px2500-flood\/\",\"name\":\"LEDriving\u00ae Arbetsljus Cube PX2500 Flood - Xenonkungen\",\"isPartOf\":{\"@id\":\"https:\/\/xenonkungen.com\/#website\"},\"primaryImageOfPage\":{\"@id\":\"https:\/\/xenonkungen.com\/produkt\/ledriving-arbetsljus-cube-px2500-flood\/#primaryimage\"},\"image\":{\"@id\":\"https:\/\/xenonkungen.com\/produkt\/ledriving-arbetsljus-cube-px2500-flood\/#primaryimage\"},\"thumbnailUrl\":\"https:\/\/xenonkungen.com\/wp-content\/uploads\/2025\/04\/201830713-origpic-2825e2.png\",\"datePublished\":\"2025-04-15T10:00:09+00:00\",\"dateModified\":\"2026-03-04T15:36:50+00:00\",\"breadcrumb\":{\"@id\":\"https:\/\/xenonkungen.com\/produkt\/ledriving-arbetsljus-cube-px2500-flood\/#breadcrumb\"},\"inLanguage\":\"de\",\"potentialAction\":[{\"@type\":\"ReadAction\",\"target\":[\"https:\/\/xenonkungen.com\/produkt\/ledriving-arbetsljus-cube-px2500-flood\/\"]}]},{\"@type\":\"ImageObject\",\"inLanguage\":\"de\",\"@id\":\"https:\/\/xenonkungen.com\/produkt\/ledriving-arbetsljus-cube-px2500-flood\/#primaryimage\",\"url\":\"https:\/\/xenonkungen.com\/wp-content\/uploads\/2025\/04\/201830713-origpic-2825e2.png\",\"contentUrl\":\"https:\/\/xenonkungen.com\/wp-content\/uploads\/2025\/04\/201830713-origpic-2825e2.png\",\"width\":900,\"height\":900},{\"@type\":\"BreadcrumbList\",\"@id\":\"https:\/\/xenonkungen.com\/produkt\/ledriving-arbetsljus-cube-px2500-flood\/#breadcrumb\",\"itemListElement\":[{\"@type\":\"ListItem\",\"position\":1,\"name\":\"Hem\",\"item\":\"https:\/\/xenonkungen.com\/\"},{\"@type\":\"ListItem\",\"position\":2,\"name\":\"Shop\",\"item\":\"https:\/\/xenonkungen.com\/shop\/\"},{\"@type\":\"ListItem\",\"position\":3,\"name\":\"LEDriving\u00ae Arbetsljus Cube PX2500 Flood\"}]},{\"@type\":\"WebSite\",\"@id\":\"https:\/\/xenonkungen.com\/#website\",\"url\":\"https:\/\/xenonkungen.com\/\",\"name\":\"Xenonkungen\",\"description\":\"\",\"potentialAction\":[{\"@type\":\"SearchAction\",\"target\":{\"@type\":\"EntryPoint\",\"urlTemplate\":\"https:\/\/xenonkungen.com\/?s={search_term_string}\"},\"query-input\":{\"@type\":\"PropertyValueSpecification\",\"valueRequired\":true,\"valueName\":\"search_term_string\"}}],\"inLanguage\":\"de\"}]}<\/script>\n<!-- \/ Yoast SEO plugin. -->","yoast_head_json":{"title":"LEDriving\u00ae Arbeitsscheinwerferw\u00fcrfel PX2500 Flutlicht - Xenonkungen","robots":{"index":"index","follow":"follow","max-snippet":"max-snippet:-1","max-image-preview":"max-image-preview:large","max-video-preview":"max-video-preview:-1"},"canonical":"https:\/\/xenonkungen.com\/de\/produkt\/led-fahrer-arbeitsscheinwerferwurfel-px2500-flutlicht\/","og_locale":"de_DE","og_type":"article","og_title":"LEDriving\u00ae Arbetsljus Cube PX2500 Flood - Xenonkungen","og_description":"Kvalitetsarbetsljus fr\u00e5n Osram. 2500 Lumen","og_url":"https:\/\/xenonkungen.com\/de\/produkt\/led-fahrer-arbeitsscheinwerferwurfel-px2500-flutlicht\/","og_site_name":"Xenonkungen","article_modified_time":"2026-03-04T15:36:50+00:00","og_image":[{"width":900,"height":900,"url":"https:\/\/xenonkungen.com\/wp-content\/uploads\/2025\/04\/201830713-origpic-2825e2.png","type":"image\/png"}],"twitter_card":"summary_large_image","twitter_misc":{"Gesch\u00e4tzte Lesezeit":"1\u00a0Minute"},"schema":{"@context":"https:\/\/schema.org","@graph":[{"@type":"WebPage","@id":"https:\/\/xenonkungen.com\/produkt\/ledriving-arbetsljus-cube-px2500-flood\/","url":"https:\/\/xenonkungen.com\/produkt\/ledriving-arbetsljus-cube-px2500-flood\/","name":"LEDriving\u00ae Arbeitsscheinwerferw\u00fcrfel PX2500 Flutlicht - Xenonkungen","isPartOf":{"@id":"https:\/\/xenonkungen.com\/#website"},"primaryImageOfPage":{"@id":"https:\/\/xenonkungen.com\/produkt\/ledriving-arbetsljus-cube-px2500-flood\/#primaryimage"},"image":{"@id":"https:\/\/xenonkungen.com\/produkt\/ledriving-arbetsljus-cube-px2500-flood\/#primaryimage"},"thumbnailUrl":"https:\/\/xenonkungen.com\/wp-content\/uploads\/2025\/04\/201830713-origpic-2825e2.png","datePublished":"2025-04-15T10:00:09+00:00","dateModified":"2026-03-04T15:36:50+00:00","breadcrumb":{"@id":"https:\/\/xenonkungen.com\/produkt\/ledriving-arbetsljus-cube-px2500-flood\/#breadcrumb"},"inLanguage":"de","potentialAction":[{"@type":"ReadAction","target":["https:\/\/xenonkungen.com\/produkt\/ledriving-arbetsljus-cube-px2500-flood\/"]}]},{"@type":"ImageObject","inLanguage":"de","@id":"https:\/\/xenonkungen.com\/produkt\/ledriving-arbetsljus-cube-px2500-flood\/#primaryimage","url":"https:\/\/xenonkungen.com\/wp-content\/uploads\/2025\/04\/201830713-origpic-2825e2.png","contentUrl":"https:\/\/xenonkungen.com\/wp-content\/uploads\/2025\/04\/201830713-origpic-2825e2.png","width":900,"height":900},{"@type":"BreadcrumbList","@id":"https:\/\/xenonkungen.com\/produkt\/ledriving-arbetsljus-cube-px2500-flood\/#breadcrumb","itemListElement":[{"@type":"ListItem","position":1,"name":"Hem","item":"https:\/\/xenonkungen.com\/"},{"@type":"ListItem","position":2,"name":"Shop","item":"https:\/\/xenonkungen.com\/shop\/"},{"@type":"ListItem","position":3,"name":"LEDriving\u00ae Arbetsljus Cube PX2500 Flood"}]},{"@type":"WebSite","@id":"https:\/\/xenonkungen.com\/#website","url":"https:\/\/xenonkungen.com\/","name":"Xenonkungen","description":"","potentialAction":[{"@type":"SearchAction","target":{"@type":"EntryPoint","urlTemplate":"https:\/\/xenonkungen.com\/?s={search_term_string}"},"query-input":{"@type":"PropertyValueSpecification","valueRequired":true,"valueName":"search_term_string"}}],"inLanguage":"de"}]}},"taxonomy_info":{"product_brand":[{"value":108,"label":"OSRAM"}],"product_cat":[{"value":2639,"label":"OSRAM Ledriving"},{"value":508,"label":"Arbetsbelysning"}],"pa_fargtemperatur":[{"value":1428,"label":"6000"}],"pa_fuktskydd-varde-ipxx":[{"value":1996,"label":"IP6K8 IP6K9K"}],"pa_godkannande":[{"value":1997,"label":"ECE R10\/CISPR25\/CLASS 5\/FCC part 15b"}],"pa_lampsockel-kontakt":[{"value":329,"label":"DT"}],"pa_led-chips-effekt-w":[{"value":2000,"label":"27"}],"pa_ljusbild":[{"value":503,"label":"FLOOD"}],"pa_storlek-mm":[{"value":1995,"label":"68x113x117"}],"pa_volt-v":[{"value":348,"label":"12, 24"}]},"featured_image_src_large":["https:\/\/xenonkungen.com\/wp-content\/uploads\/2025\/04\/201830713-origpic-2825e2.png",900,900,false],"author_info":[],"comment_info":0,"_links":{"self":[{"href":"https:\/\/xenonkungen.com\/de\/wp-json\/wp\/v2\/product\/7843","targetHints":{"allow":["GET"]}}],"collection":[{"href":"https:\/\/xenonkungen.com\/de\/wp-json\/wp\/v2\/product"}],"about":[{"href":"https:\/\/xenonkungen.com\/de\/wp-json\/wp\/v2\/types\/product"}],"replies":[{"embeddable":true,"href":"https:\/\/xenonkungen.com\/de\/wp-json\/wp\/v2\/comments?post=7843"}],"wp:featuredmedia":[{"embeddable":true,"href":"https:\/\/xenonkungen.com\/de\/wp-json\/wp\/v2\/media\/7844"}],"wp:attachment":[{"href":"https:\/\/xenonkungen.com\/de\/wp-json\/wp\/v2\/media?parent=7843"}],"wp:term":[{"taxonomy":"anvandningsomrade","embeddable":true,"href":"https:\/\/xenonkungen.com\/de\/wp-json\/wp\/v2\/anvandningsomrade?post=7843"},{"taxonomy":"bilmarken","embeddable":true,"href":"https:\/\/xenonkungen.com\/de\/wp-json\/wp\/v2\/bilmarken?post=7843"},{"taxonomy":"product_brand","embeddable":true,"href":"https:\/\/xenonkungen.com\/de\/wp-json\/wp\/v2\/product_brand?post=7843"},{"taxonomy":"product_cat","embeddable":true,"href":"https:\/\/xenonkungen.com\/de\/wp-json\/wp\/v2\/product_cat?post=7843"},{"taxonomy":"product_tag","embeddable":true,"href":"https:\/\/xenonkungen.com\/de\/wp-json\/wp\/v2\/product_tag?post=7843"}],"curies":[{"name":"wp","href":"https:\/\/api.w.org\/{rel}","templated":true}]}}