{"id":7973,"date":"2025-04-15T10:01:11","date_gmt":"2025-04-15T10:01:11","guid":{"rendered":"https:\/\/xenonkungen.com\/product\/osram-ledambient-tuning-lights-12v-extension-kit\/"},"modified":"2026-04-11T01:33:09","modified_gmt":"2026-04-11T00:33:09","slug":"osram-led-ambientebeleuchtung-12v-erweiterungsset","status":"publish","type":"product","link":"https:\/\/xenonkungen.com\/de\/produkt\/osram-led-ambientebeleuchtung-12v-erweiterungsset\/","title":{"rendered":"OSRAM LEDambient TUNING LIGHTS 12V - ERWEITERUNGSSATZ"},"content":{"rendered":"<h2>Gestalten Sie Ihre Innenr\u00e4ume individuell mit flexiblen LED-Streifen<\/h2>\n<p>Verleihen Sie Ihrem Fahrzeug eine pers\u00f6nliche Note mit <span class=\"highlight\">LED-Ambientebeleuchtung<\/span> Die Innenbeleuchtung, mit der Sie Ihren individuellen Stil zum Ausdruck bringen k\u00f6nnen. Die flexiblen LED-Streifen bieten \u00fcber 16 verschiedene Lichtfarben und Helligkeitsstufen sowie f\u00fcnf verschiedene Betriebsmodi. Ob Sie eine entspannte Atmosph\u00e4re oder ein dynamischeres Ambiente w\u00fcnschen \u2013 die Beleuchtung l\u00e4sst sich ganz einfach an Ihren Geschmack und Ihre gew\u00fcnschte Stimmung anpassen.<\/p>\n<h2>Einfache Installation und Bedienung<\/h2>\n<p>Die Montage von <span class=\"highlight\">LED-Ambientebeleuchtung<\/span> Die Installation ist dank der selbstklebenden LED-Streifen schnell und einfach. Mit der Fernbedienung k\u00f6nnen Sie bequem die passende Farbstimmung f\u00fcr den jeweiligen Moment ausw\u00e4hlen. F\u00fcr zus\u00e4tzlichen Komfort ist das Produkt in zwei Ausf\u00fchrungen erh\u00e4ltlich: <span class=\"highlight\">BASIS-SET<\/span> und <span class=\"highlight\">ERWEITERUNGSSATZ<\/span>Mit dem Erweiterungsset, dem mitgelieferten Kabel und dem 12-V-Kfz-Adapter wird die Installation noch einfacher. F\u00fcr technisch versierte Nutzer besteht die M\u00f6glichkeit, eine Verbindung herzustellen. <span class=\"highlight\">Abstimmungslicht<\/span> direkt vom Bordnetz des Fahrzeugs, wodurch die Zigarettenanz\u00fcnderbuchse f\u00fcr andere Zwecke frei wird.<\/p>\n<h2>Hohe Qualit\u00e4t mit Garantie<\/h2>\n<p><span class=\"highlight\">OSRAM<\/span> bietet eine gro\u00dfz\u00fcgige 2-Jahres-Garantie auf <span class=\"highlight\">LED-Ambientebeleuchtung<\/span>Dies gibt Ihnen Sicherheit beim Kauf. Bitte beachten Sie, dass diese Produkte nicht ECE-gepr\u00fcft sind und daher nicht im Au\u00dfenbereich auf \u00f6ffentlichen Stra\u00dfen verwendet werden d\u00fcrfen. In einigen L\u00e4ndern gelten zudem Beschr\u00e4nkungen f\u00fcr den Verkauf und die Verwendung dieser Produkte. Wir empfehlen Ihnen, sich bez\u00fcglich der Verf\u00fcgbarkeit in Ihrer Region an Ihren H\u00e4ndler vor Ort zu wenden.<\/p>\n<p>Verwandeln Sie Ihren Fahrzeuginnenraum und schaffen Sie die perfekte Atmosph\u00e4re mit <span class=\"highlight\">LED-Ambientebeleuchtung<\/span> \u2013 wo Design auf Funktionalit\u00e4t trifft.<\/p>\n<p><span><\/p>","protected":false},"excerpt":{"rendered":"<p>Personlig Styling av Interi\u00f6ren med Flexibla LED-lister Ge ditt fordon en personlig touch med LEDambient TUNING LIGHTS \u2013 innerbelysningen som l\u00e5ter dig uttrycka din unika stil. De flexibla LED-listerna erbjuder \u00f6ver 16 olika ljusf\u00e4rger och ljusstyrkor, samt fem olika driftl\u00e4gen att v\u00e4lja mellan. Oavsett om du vill ha en avslappnad atmosf\u00e4r eller en mer dynamisk [&hellip;]<\/p>","protected":false},"featured_media":7974,"comment_status":"closed","ping_status":"open","template":"","meta":{"_acf_changed":false,"_smort_price_nok":"315","_smort_price_dkk":"200","_smort_price_eur":"26.82","_smort_sale_price_nok":"","_smort_sale_price_dkk":"","_smort_sale_price_eur":"","smort_restorder":"","shipmondo_restorder":"","_kad_blocks_custom_css":"","_kad_blocks_head_custom_js":"","_kad_blocks_body_custom_js":"","_kad_blocks_footer_custom_js":"","smort_custom_pricelist_1":"188.8","smort_custom_pricelist_2":"165.2","smort_custom_pricelist_3":"165.2","smort_custom_pricelist_4":"236","smort_custom_pricelist_5":"165.2"},"anvandningsomrade":[],"bilmarken":[],"product_brand":[108],"product_cat":[3017,338],"product_tag":[],"class_list":{"0":"post-7973","1":"product","2":"type-product","3":"status-publish","4":"has-post-thumbnail","6":"product_brand-osram","7":"product_cat-led-interiorbelysning","8":"product_cat-diodlampor","9":"pa_fargtemperatur-rgb","10":"pa_lampsockel-kontakt-cigarette-lighter-plug-cigg-uttag","11":"pa_led-chips-effekt-w-2007","12":"pa_storlek-mm-305x10x3-5","14":"first","15":"instock","16":"taxable","17":"shipping-taxable","18":"purchasable","19":"product-type-simple"},"bundled_by":[],"bundle_stock_status":"instock","bundle_stock_quantity":1,"bundle_virtual":false,"bundle_layout":"","bundle_add_to_cart_form_location":"","bundle_editable_in_cart":false,"bundle_sold_individually_context":"","bundle_item_grouping":"","bundle_min_size":"","bundle_max_size":"","bundle_price":[],"bundled_items":[],"bundle_sell_ids":[],"acf":[],"yoast_head":"<!-- This site is optimized with the Yoast SEO plugin v27.0 - https:\/\/yoast.com\/product\/yoast-seo-wordpress\/ -->\n<title>OSRAM LEDambient TUNING LIGHTS 12V - EXTENSION KIT - Xenonkungen<\/title>\n<meta name=\"robots\" content=\"index, follow, max-snippet:-1, max-image-preview:large, max-video-preview:-1\" \/>\n<link rel=\"canonical\" href=\"https:\/\/xenonkungen.com\/de\/produkt\/osram-led-ambientebeleuchtung-12v-erweiterungsset\/\" \/>\n<meta property=\"og:locale\" content=\"de_DE\" \/>\n<meta property=\"og:type\" content=\"article\" \/>\n<meta property=\"og:title\" content=\"OSRAM LEDambient TUNING LIGHTS 12V - EXTENSION KIT - Xenonkungen\" \/>\n<meta property=\"og:description\" content=\"Personlig Styling av Interi\u00f6ren med Flexibla LED-lister Ge ditt fordon en personlig touch med LEDambient TUNING LIGHTS \u2013 innerbelysningen som l\u00e5ter dig uttrycka din unika stil. De flexibla LED-listerna erbjuder \u00f6ver 16 olika ljusf\u00e4rger och ljusstyrkor, samt fem olika driftl\u00e4gen att v\u00e4lja mellan. Oavsett om du vill ha en avslappnad atmosf\u00e4r eller en mer dynamisk [&hellip;]\" \/>\n<meta property=\"og:url\" content=\"https:\/\/xenonkungen.com\/de\/produkt\/osram-led-ambientebeleuchtung-12v-erweiterungsset\/\" \/>\n<meta property=\"og:site_name\" content=\"Xenonkungen\" \/>\n<meta property=\"article:modified_time\" content=\"2026-04-11T00:33:09+00:00\" \/>\n<meta property=\"og:image\" content=\"https:\/\/xenonkungen.com\/wp-content\/uploads\/2025\/04\/215211069-origpic-f55f5d.jpg\" \/>\n\t<meta property=\"og:image:width\" content=\"734\" \/>\n\t<meta property=\"og:image:height\" content=\"735\" \/>\n\t<meta property=\"og:image:type\" content=\"image\/jpeg\" \/>\n<meta name=\"twitter:card\" content=\"summary_large_image\" \/>\n<meta name=\"twitter:label1\" content=\"Gesch\u00e4tzte Lesezeit\" \/>\n\t<meta name=\"twitter:data1\" content=\"1\u00a0Minute\" \/>\n<script type=\"application\/ld+json\" class=\"yoast-schema-graph\">{\"@context\":\"https:\/\/schema.org\",\"@graph\":[{\"@type\":\"WebPage\",\"@id\":\"https:\/\/xenonkungen.com\/produkt\/osram-ledambient-tuning-lights-12v-extension-kit\/\",\"url\":\"https:\/\/xenonkungen.com\/produkt\/osram-ledambient-tuning-lights-12v-extension-kit\/\",\"name\":\"OSRAM LEDambient TUNING LIGHTS 12V - EXTENSION KIT - Xenonkungen\",\"isPartOf\":{\"@id\":\"https:\/\/xenonkungen.com\/#website\"},\"primaryImageOfPage\":{\"@id\":\"https:\/\/xenonkungen.com\/produkt\/osram-ledambient-tuning-lights-12v-extension-kit\/#primaryimage\"},\"image\":{\"@id\":\"https:\/\/xenonkungen.com\/produkt\/osram-ledambient-tuning-lights-12v-extension-kit\/#primaryimage\"},\"thumbnailUrl\":\"https:\/\/xenonkungen.com\/wp-content\/uploads\/2025\/04\/215211069-origpic-f55f5d.jpg\",\"datePublished\":\"2025-04-15T10:01:11+00:00\",\"dateModified\":\"2026-04-11T00:33:09+00:00\",\"breadcrumb\":{\"@id\":\"https:\/\/xenonkungen.com\/produkt\/osram-ledambient-tuning-lights-12v-extension-kit\/#breadcrumb\"},\"inLanguage\":\"de\",\"potentialAction\":[{\"@type\":\"ReadAction\",\"target\":[\"https:\/\/xenonkungen.com\/produkt\/osram-ledambient-tuning-lights-12v-extension-kit\/\"]}]},{\"@type\":\"ImageObject\",\"inLanguage\":\"de\",\"@id\":\"https:\/\/xenonkungen.com\/produkt\/osram-ledambient-tuning-lights-12v-extension-kit\/#primaryimage\",\"url\":\"https:\/\/xenonkungen.com\/wp-content\/uploads\/2025\/04\/215211069-origpic-f55f5d.jpg\",\"contentUrl\":\"https:\/\/xenonkungen.com\/wp-content\/uploads\/2025\/04\/215211069-origpic-f55f5d.jpg\",\"width\":734,\"height\":735},{\"@type\":\"BreadcrumbList\",\"@id\":\"https:\/\/xenonkungen.com\/produkt\/osram-ledambient-tuning-lights-12v-extension-kit\/#breadcrumb\",\"itemListElement\":[{\"@type\":\"ListItem\",\"position\":1,\"name\":\"Hem\",\"item\":\"https:\/\/xenonkungen.com\/\"},{\"@type\":\"ListItem\",\"position\":2,\"name\":\"Shop\",\"item\":\"https:\/\/xenonkungen.com\/shop\/\"},{\"@type\":\"ListItem\",\"position\":3,\"name\":\"OSRAM LEDambient TUNING LIGHTS 12V &#8211; EXTENSION KIT\"}]},{\"@type\":\"WebSite\",\"@id\":\"https:\/\/xenonkungen.com\/#website\",\"url\":\"https:\/\/xenonkungen.com\/\",\"name\":\"Xenonkungen\",\"description\":\"\",\"potentialAction\":[{\"@type\":\"SearchAction\",\"target\":{\"@type\":\"EntryPoint\",\"urlTemplate\":\"https:\/\/xenonkungen.com\/?s={search_term_string}\"},\"query-input\":{\"@type\":\"PropertyValueSpecification\",\"valueRequired\":true,\"valueName\":\"search_term_string\"}}],\"inLanguage\":\"de\"}]}<\/script>\n<!-- \/ Yoast SEO plugin. -->","yoast_head_json":{"title":"OSRAM LEDambient-Beleuchtungsset 12V - Erweiterungsset - Der Xenon-K\u00f6nig","robots":{"index":"index","follow":"follow","max-snippet":"max-snippet:-1","max-image-preview":"max-image-preview:large","max-video-preview":"max-video-preview:-1"},"canonical":"https:\/\/xenonkungen.com\/de\/produkt\/osram-led-ambientebeleuchtung-12v-erweiterungsset\/","og_locale":"de_DE","og_type":"article","og_title":"OSRAM LEDambient TUNING LIGHTS 12V - EXTENSION KIT - Xenonkungen","og_description":"Personlig Styling av Interi\u00f6ren med Flexibla LED-lister Ge ditt fordon en personlig touch med LEDambient TUNING LIGHTS \u2013 innerbelysningen som l\u00e5ter dig uttrycka din unika stil. De flexibla LED-listerna erbjuder \u00f6ver 16 olika ljusf\u00e4rger och ljusstyrkor, samt fem olika driftl\u00e4gen att v\u00e4lja mellan. Oavsett om du vill ha en avslappnad atmosf\u00e4r eller en mer dynamisk [&hellip;]","og_url":"https:\/\/xenonkungen.com\/de\/produkt\/osram-led-ambientebeleuchtung-12v-erweiterungsset\/","og_site_name":"Xenonkungen","article_modified_time":"2026-04-11T00:33:09+00:00","og_image":[{"width":734,"height":735,"url":"https:\/\/xenonkungen.com\/wp-content\/uploads\/2025\/04\/215211069-origpic-f55f5d.jpg","type":"image\/jpeg"}],"twitter_card":"summary_large_image","twitter_misc":{"Gesch\u00e4tzte Lesezeit":"1\u00a0Minute"},"schema":{"@context":"https:\/\/schema.org","@graph":[{"@type":"WebPage","@id":"https:\/\/xenonkungen.com\/produkt\/osram-ledambient-tuning-lights-12v-extension-kit\/","url":"https:\/\/xenonkungen.com\/produkt\/osram-ledambient-tuning-lights-12v-extension-kit\/","name":"OSRAM LEDambient-Beleuchtungsset 12V - Erweiterungsset - Der Xenon-K\u00f6nig","isPartOf":{"@id":"https:\/\/xenonkungen.com\/#website"},"primaryImageOfPage":{"@id":"https:\/\/xenonkungen.com\/produkt\/osram-ledambient-tuning-lights-12v-extension-kit\/#primaryimage"},"image":{"@id":"https:\/\/xenonkungen.com\/produkt\/osram-ledambient-tuning-lights-12v-extension-kit\/#primaryimage"},"thumbnailUrl":"https:\/\/xenonkungen.com\/wp-content\/uploads\/2025\/04\/215211069-origpic-f55f5d.jpg","datePublished":"2025-04-15T10:01:11+00:00","dateModified":"2026-04-11T00:33:09+00:00","breadcrumb":{"@id":"https:\/\/xenonkungen.com\/produkt\/osram-ledambient-tuning-lights-12v-extension-kit\/#breadcrumb"},"inLanguage":"de","potentialAction":[{"@type":"ReadAction","target":["https:\/\/xenonkungen.com\/produkt\/osram-ledambient-tuning-lights-12v-extension-kit\/"]}]},{"@type":"ImageObject","inLanguage":"de","@id":"https:\/\/xenonkungen.com\/produkt\/osram-ledambient-tuning-lights-12v-extension-kit\/#primaryimage","url":"https:\/\/xenonkungen.com\/wp-content\/uploads\/2025\/04\/215211069-origpic-f55f5d.jpg","contentUrl":"https:\/\/xenonkungen.com\/wp-content\/uploads\/2025\/04\/215211069-origpic-f55f5d.jpg","width":734,"height":735},{"@type":"BreadcrumbList","@id":"https:\/\/xenonkungen.com\/produkt\/osram-ledambient-tuning-lights-12v-extension-kit\/#breadcrumb","itemListElement":[{"@type":"ListItem","position":1,"name":"Hem","item":"https:\/\/xenonkungen.com\/"},{"@type":"ListItem","position":2,"name":"Shop","item":"https:\/\/xenonkungen.com\/shop\/"},{"@type":"ListItem","position":3,"name":"OSRAM LEDambient TUNING LIGHTS 12V &#8211; EXTENSION KIT"}]},{"@type":"WebSite","@id":"https:\/\/xenonkungen.com\/#website","url":"https:\/\/xenonkungen.com\/","name":"Xenonkungen","description":"","potentialAction":[{"@type":"SearchAction","target":{"@type":"EntryPoint","urlTemplate":"https:\/\/xenonkungen.com\/?s={search_term_string}"},"query-input":{"@type":"PropertyValueSpecification","valueRequired":true,"valueName":"search_term_string"}}],"inLanguage":"de"}]}},"taxonomy_info":{"product_brand":[{"value":108,"label":"OSRAM"}],"product_cat":[{"value":3017,"label":"LED Interi\u00f6rbelysning (personbil)"},{"value":338,"label":"Diodlampor"}],"pa_fargtemperatur":[{"value":2008,"label":"RGB"}],"pa_lampsockel-kontakt":[{"value":2005,"label":"Cigarette lighter plug \/ cigg-uttag"}],"pa_led-chips-effekt-w":[{"value":2007,"label":"1"}],"pa_storlek-mm":[{"value":2006,"label":"305x10x3.5"}]},"featured_image_src_large":["https:\/\/xenonkungen.com\/wp-content\/uploads\/2025\/04\/215211069-origpic-f55f5d.jpg",734,735,false],"author_info":[],"comment_info":0,"_links":{"self":[{"href":"https:\/\/xenonkungen.com\/de\/wp-json\/wp\/v2\/product\/7973","targetHints":{"allow":["GET"]}}],"collection":[{"href":"https:\/\/xenonkungen.com\/de\/wp-json\/wp\/v2\/product"}],"about":[{"href":"https:\/\/xenonkungen.com\/de\/wp-json\/wp\/v2\/types\/product"}],"replies":[{"embeddable":true,"href":"https:\/\/xenonkungen.com\/de\/wp-json\/wp\/v2\/comments?post=7973"}],"wp:featuredmedia":[{"embeddable":true,"href":"https:\/\/xenonkungen.com\/de\/wp-json\/wp\/v2\/media\/7974"}],"wp:attachment":[{"href":"https:\/\/xenonkungen.com\/de\/wp-json\/wp\/v2\/media?parent=7973"}],"wp:term":[{"taxonomy":"anvandningsomrade","embeddable":true,"href":"https:\/\/xenonkungen.com\/de\/wp-json\/wp\/v2\/anvandningsomrade?post=7973"},{"taxonomy":"bilmarken","embeddable":true,"href":"https:\/\/xenonkungen.com\/de\/wp-json\/wp\/v2\/bilmarken?post=7973"},{"taxonomy":"product_brand","embeddable":true,"href":"https:\/\/xenonkungen.com\/de\/wp-json\/wp\/v2\/product_brand?post=7973"},{"taxonomy":"product_cat","embeddable":true,"href":"https:\/\/xenonkungen.com\/de\/wp-json\/wp\/v2\/product_cat?post=7973"},{"taxonomy":"product_tag","embeddable":true,"href":"https:\/\/xenonkungen.com\/de\/wp-json\/wp\/v2\/product_tag?post=7973"}],"curies":[{"name":"wp","href":"https:\/\/api.w.org\/{rel}","templated":true}]}}