{"id":8139,"date":"2025-04-15T10:03:44","date_gmt":"2025-04-15T10:03:44","guid":{"rendered":"https:\/\/xenonkungen.com\/product\/ledriving-dynamiska-spegelblinkers-bmw-1-serie-white\/"},"modified":"2026-04-11T01:31:58","modified_gmt":"2026-04-11T00:31:58","slug":"led-driving-dynamische-spiegelblinker-bmw-1er-weis","status":"publish","type":"product","link":"https:\/\/xenonkungen.com\/de\/produkt\/led-driving-dynamische-spiegelblinker-bmw-1er-weis\/","title":{"rendered":"LEDriving\u00ae Dynamische Spiegelblinker - BMW 1er (WEISS)"},"content":{"rendered":"<p>OSRAM LEDriving dynamische Au\u00dfenspiegelblinker <\/p>\n<p><strong>Innovativ und aktuell<\/strong><\/p>\n<p>Angetrieben von unserem Streben nach Innovation und Qualit\u00e4t, definieren wir die Automobilbeleuchtung von OSRAM neu. Mit den dynamischen LED-Spiegelblinkern LEDriving hat das umfangreiche OSRAM LED-Portfolio eine weitere Aufwertung erfahren. Die volldynamischen LED-Spiegelblinker bieten ein innovatives Design, das Ihren individuellen Auftritt eindrucksvoll erg\u00e4nzt. Sie punkten auf Basis innovativer Hochleistungs-LED mit bis zu 200% mehr Helligkeit) und beeindruckend hohem Kontrast bei Tag und Nacht durch intensiv gelbes LED-Licht) <\/p>\n<p>Dank modernster Lichtsteuerungstechnologie bieten sie zudem eine homogene Lichtverteilung \u00fcber die zu beleuchtende Fl\u00e4che. Durch all diese Aspekte besteht die M\u00f6glichkeit einer verbesserten Wahrnehmung Ihres Fahrzeugs durch den Gegenverkehr und damit einer erh\u00f6hten Sicherheit im Stra\u00dfenverkehr (OSRAM gew\u00e4hrt zudem eine 5-Jahres-Garantie3).<\/p>\n<p><strong>Hohe Kompatibilit\u00e4t und individuelles Design<\/strong><\/p>\n<p>Dynamische LED-Spiegelblinker zeichnen sich nicht nur durch ihre innovative Lichttechnik, sondern auch durch eine hohe Kompatibilit\u00e4t aus. So sind sie mit einer Vielzahl von Fahrzeugmodellen kompatibel. Zudem stehen zwei Varianten zur Auswahl: BLACK EDITION oder WHITE EDITION - beide sind darauf ausgelegt, den individuellen Stil vieler Fahrzeuge wirkungsvoll zu unterstreichen. W\u00e4hrend die BLACK EDITION durch ein get\u00f6ntes, schwarzes Design besticht, hat die WHITE EDITION ein klares, wei\u00dfes Design. Durch die beiden unterschiedlichen Ausf\u00fchrungen passen sich die LED-Dynamikspiegelblinker perfekt an das Exterieur verschiedenster Fahrzeuge an.<\/p>\n<p><strong>ECE-zertifiziert und einfache Umr\u00fcstung<\/strong><\/p>\n<p>Das Fahrzeug ganz legal, einfach und \u00e4u\u00dferst elegant mit auff\u00e4lligen Akzenten zu akzentuieren, ist mit den neuesten OSRAM Innovationen jetzt ganz einfach. Nach ECE-Richtlinien wurden f\u00fcr LEDriving dynamische Spiegelblinker die notwendigen Pr\u00fcfungen und Zulassungen durchgef\u00fchrt, so dass sie im Stra\u00dfenverkehr v\u00f6llig legal sind und keine Eintragung in die Fahrzeugpapiere erforderlich ist. ECE-zertifiziert nach ECE R6\/R10.<br \/>Die Plug &amp; Play Technologie sorgt f\u00fcr eine schnelle und unkomplizierte Installation der LEDriving dynamischen Spiegelanzeigen, vorhandene Kabel m\u00fcssen nicht ersetzt oder besch\u00e4digt werden.<br \/>Gepr\u00fcfte OSRAM Qualit\u00e4t nach DIN EN ISO \/ IEC 17025<\/p>\n<p>LEDriving dynamic mirror indicator wurde in unserem DIN-zertifizierten Umweltsimulationslabor auf extreme \u00e4u\u00dfere Einfl\u00fcsse in Bezug auf Wasser, Staub, kalte und hei\u00dfe Temperaturen, UV-Licht und permanente Vibrationen getestet und mit der IP-Schutzklasse IP6K9K validiert.<\/p>\n<p><strong>Einschalten des WOW mit OSRAM LEDriving dynamischen Spiegelblinkern<\/strong><\/p>\n<p>Wei\u00dfe Ausgabe<\/p>\n<p><strong>Geeignet f\u00fcr<\/strong><\/p>\n<p>BMW 1er F20, F21, F52 (2011-<br \/>BMW 2er Reihe F22, F23 (2014-<br \/>BMW 3er F30, F31, F35, F34 (2011-2019)<br \/>BMW 4er F32, F33, F36 (2013-<br \/>BMW X1 E84 (2009-2015)<\/p>\n<p>Osram-Artikelnummer: LEDDMI F20 BK S<\/p>\n<p><strong>Garantie 5 Jahre<\/strong><\/p>\n<p><iframe loading=\"lazy\" frameborder=\"0\" height=\"315\" allow=\"accelerometer; autoplay; encrypted-media; gyroscope; picture-in-picture\" src=\"https:\/\/www.youtube.com\/embed\/cUa8TbPyV_M\" width=\"560\" allowfullscreen=\"allowfullscreen\"><\/iframe><\/p>\n<p><iframe loading=\"lazy\" frameborder=\"0\" height=\"315\" allow=\"accelerometer; autoplay; encrypted-media; gyroscope; picture-in-picture\" src=\"https:\/\/www.youtube.com\/embed\/mfQBQt-UfmM\" width=\"560\" allowfullscreen=\"allowfullscreen\"><\/iframe><\/p>","protected":false},"excerpt":{"rendered":"<p>Dynamischer Spiegelblinker von Osram! Verleiht Ihrem Auto ein sch\u00f6neres Aussehen und erh\u00f6ht gleichzeitig die Sicherheit im Stra\u00dfenverkehr!<\/p>","protected":false},"featured_media":8140,"comment_status":"closed","ping_status":"closed","template":"","meta":{"_acf_changed":false,"_smort_price_nok":"2446","_smort_price_dkk":"1554","_smort_price_eur":"208.17","_smort_sale_price_nok":"","_smort_sale_price_dkk":"","_smort_sale_price_eur":"","smort_restorder":"","shipmondo_restorder":"","_kad_blocks_custom_css":"","_kad_blocks_head_custom_js":"","_kad_blocks_body_custom_js":"","_kad_blocks_footer_custom_js":"","smort_custom_pricelist_1":"1465.6","smort_custom_pricelist_2":"1465.6","smort_custom_pricelist_3":"1392.32","smort_custom_pricelist_4":"1832","smort_custom_pricelist_5":"1465.6"},"anvandningsomrade":[],"bilmarken":[],"product_brand":[108],"product_cat":[2644,338],"product_tag":[],"class_list":{"0":"post-8139","1":"product","2":"type-product","3":"status-publish","4":"has-post-thumbnail","6":"product_brand-osram","7":"product_cat-dynamiska-spegelblinkers","8":"product_cat-diodlampor","9":"pa_fuktskydd-varde-ipxx-ip69","10":"pa_godkannande-ece-r7-ece-r10","11":"pa_lampsockel-kontakt-plug-and-play-pnp","12":"pa_volt-v-159","14":"first","15":"instock","16":"taxable","17":"shipping-taxable","18":"purchasable","19":"product-type-simple"},"bundled_by":[],"bundle_stock_status":"instock","bundle_stock_quantity":2,"bundle_virtual":false,"bundle_layout":"","bundle_add_to_cart_form_location":"","bundle_editable_in_cart":false,"bundle_sold_individually_context":"","bundle_item_grouping":"","bundle_min_size":"","bundle_max_size":"","bundle_price":[],"bundled_items":[],"bundle_sell_ids":[],"acf":[],"yoast_head":"<!-- This site is optimized with the Yoast SEO plugin v27.0 - https:\/\/yoast.com\/product\/yoast-seo-wordpress\/ -->\n<title>LEDriving\u00ae Dynamiska spegelblinkers - BMW 1-serie (WHITE) - Xenonkungen<\/title>\n<meta name=\"robots\" content=\"index, follow, max-snippet:-1, max-image-preview:large, max-video-preview:-1\" \/>\n<link rel=\"canonical\" href=\"https:\/\/xenonkungen.com\/de\/produkt\/led-driving-dynamische-spiegelblinker-bmw-1er-weis\/\" \/>\n<meta property=\"og:locale\" content=\"de_DE\" \/>\n<meta property=\"og:type\" content=\"article\" \/>\n<meta property=\"og:title\" content=\"LEDriving\u00ae Dynamiska spegelblinkers - BMW 1-serie (WHITE) - Xenonkungen\" \/>\n<meta property=\"og:description\" content=\"Dynamisk Spegelblinkers ifr\u00e5n Osram! Ger er bil ett snyggare utseende, samtidigt som det h\u00f6jer s\u00e4kerheten i trafiken!\" \/>\n<meta property=\"og:url\" content=\"https:\/\/xenonkungen.com\/de\/produkt\/led-driving-dynamische-spiegelblinker-bmw-1er-weis\/\" \/>\n<meta property=\"og:site_name\" content=\"Xenonkungen\" \/>\n<meta property=\"article:modified_time\" content=\"2026-04-11T00:31:58+00:00\" \/>\n<meta property=\"og:image\" content=\"https:\/\/xenonkungen.com\/wp-content\/uploads\/2025\/04\/178097999-origpic-56523c.jpg\" \/>\n\t<meta property=\"og:image:width\" content=\"900\" \/>\n\t<meta property=\"og:image:height\" content=\"900\" \/>\n\t<meta property=\"og:image:type\" content=\"image\/jpeg\" \/>\n<meta name=\"twitter:card\" content=\"summary_large_image\" \/>\n<meta name=\"twitter:label1\" content=\"Gesch\u00e4tzte Lesezeit\" \/>\n\t<meta name=\"twitter:data1\" content=\"2\u00a0Minuten\" \/>\n<script type=\"application\/ld+json\" class=\"yoast-schema-graph\">{\"@context\":\"https:\/\/schema.org\",\"@graph\":[{\"@type\":\"WebPage\",\"@id\":\"https:\/\/xenonkungen.com\/produkt\/ledriving-dynamiska-spegelblinkers-bmw-1-serie-white\/\",\"url\":\"https:\/\/xenonkungen.com\/produkt\/ledriving-dynamiska-spegelblinkers-bmw-1-serie-white\/\",\"name\":\"LEDriving\u00ae Dynamiska spegelblinkers - BMW 1-serie (WHITE) - Xenonkungen\",\"isPartOf\":{\"@id\":\"https:\/\/xenonkungen.com\/#website\"},\"primaryImageOfPage\":{\"@id\":\"https:\/\/xenonkungen.com\/produkt\/ledriving-dynamiska-spegelblinkers-bmw-1-serie-white\/#primaryimage\"},\"image\":{\"@id\":\"https:\/\/xenonkungen.com\/produkt\/ledriving-dynamiska-spegelblinkers-bmw-1-serie-white\/#primaryimage\"},\"thumbnailUrl\":\"https:\/\/xenonkungen.com\/wp-content\/uploads\/2025\/04\/178097999-origpic-56523c.jpg\",\"datePublished\":\"2025-04-15T10:03:44+00:00\",\"dateModified\":\"2026-04-11T00:31:58+00:00\",\"breadcrumb\":{\"@id\":\"https:\/\/xenonkungen.com\/produkt\/ledriving-dynamiska-spegelblinkers-bmw-1-serie-white\/#breadcrumb\"},\"inLanguage\":\"de\",\"potentialAction\":[{\"@type\":\"ReadAction\",\"target\":[\"https:\/\/xenonkungen.com\/produkt\/ledriving-dynamiska-spegelblinkers-bmw-1-serie-white\/\"]}]},{\"@type\":\"ImageObject\",\"inLanguage\":\"de\",\"@id\":\"https:\/\/xenonkungen.com\/produkt\/ledriving-dynamiska-spegelblinkers-bmw-1-serie-white\/#primaryimage\",\"url\":\"https:\/\/xenonkungen.com\/wp-content\/uploads\/2025\/04\/178097999-origpic-56523c.jpg\",\"contentUrl\":\"https:\/\/xenonkungen.com\/wp-content\/uploads\/2025\/04\/178097999-origpic-56523c.jpg\",\"width\":900,\"height\":900},{\"@type\":\"BreadcrumbList\",\"@id\":\"https:\/\/xenonkungen.com\/produkt\/ledriving-dynamiska-spegelblinkers-bmw-1-serie-white\/#breadcrumb\",\"itemListElement\":[{\"@type\":\"ListItem\",\"position\":1,\"name\":\"Hem\",\"item\":\"https:\/\/xenonkungen.com\/\"},{\"@type\":\"ListItem\",\"position\":2,\"name\":\"Shop\",\"item\":\"https:\/\/xenonkungen.com\/shop\/\"},{\"@type\":\"ListItem\",\"position\":3,\"name\":\"LEDriving\u00ae Dynamiska spegelblinkers &#8211; BMW 1-serie (WHITE)\"}]},{\"@type\":\"WebSite\",\"@id\":\"https:\/\/xenonkungen.com\/#website\",\"url\":\"https:\/\/xenonkungen.com\/\",\"name\":\"Xenonkungen\",\"description\":\"\",\"potentialAction\":[{\"@type\":\"SearchAction\",\"target\":{\"@type\":\"EntryPoint\",\"urlTemplate\":\"https:\/\/xenonkungen.com\/?s={search_term_string}\"},\"query-input\":{\"@type\":\"PropertyValueSpecification\",\"valueRequired\":true,\"valueName\":\"search_term_string\"}}],\"inLanguage\":\"de\"}]}<\/script>\n<!-- \/ Yoast SEO plugin. -->","yoast_head_json":{"title":"LEDriving\u00ae Dynamische Au\u00dfenspiegelblinker \u2013 BMW 1er (WEISS) \u2013 Xenonkungen","robots":{"index":"index","follow":"follow","max-snippet":"max-snippet:-1","max-image-preview":"max-image-preview:large","max-video-preview":"max-video-preview:-1"},"canonical":"https:\/\/xenonkungen.com\/de\/produkt\/led-driving-dynamische-spiegelblinker-bmw-1er-weis\/","og_locale":"de_DE","og_type":"article","og_title":"LEDriving\u00ae Dynamiska spegelblinkers - BMW 1-serie (WHITE) - Xenonkungen","og_description":"Dynamisk Spegelblinkers ifr\u00e5n Osram! Ger er bil ett snyggare utseende, samtidigt som det h\u00f6jer s\u00e4kerheten i trafiken!","og_url":"https:\/\/xenonkungen.com\/de\/produkt\/led-driving-dynamische-spiegelblinker-bmw-1er-weis\/","og_site_name":"Xenonkungen","article_modified_time":"2026-04-11T00:31:58+00:00","og_image":[{"width":900,"height":900,"url":"https:\/\/xenonkungen.com\/wp-content\/uploads\/2025\/04\/178097999-origpic-56523c.jpg","type":"image\/jpeg"}],"twitter_card":"summary_large_image","twitter_misc":{"Gesch\u00e4tzte Lesezeit":"2\u00a0Minuten"},"schema":{"@context":"https:\/\/schema.org","@graph":[{"@type":"WebPage","@id":"https:\/\/xenonkungen.com\/produkt\/ledriving-dynamiska-spegelblinkers-bmw-1-serie-white\/","url":"https:\/\/xenonkungen.com\/produkt\/ledriving-dynamiska-spegelblinkers-bmw-1-serie-white\/","name":"LEDriving\u00ae Dynamische Au\u00dfenspiegelblinker \u2013 BMW 1er (WEISS) \u2013 Xenonkungen","isPartOf":{"@id":"https:\/\/xenonkungen.com\/#website"},"primaryImageOfPage":{"@id":"https:\/\/xenonkungen.com\/produkt\/ledriving-dynamiska-spegelblinkers-bmw-1-serie-white\/#primaryimage"},"image":{"@id":"https:\/\/xenonkungen.com\/produkt\/ledriving-dynamiska-spegelblinkers-bmw-1-serie-white\/#primaryimage"},"thumbnailUrl":"https:\/\/xenonkungen.com\/wp-content\/uploads\/2025\/04\/178097999-origpic-56523c.jpg","datePublished":"2025-04-15T10:03:44+00:00","dateModified":"2026-04-11T00:31:58+00:00","breadcrumb":{"@id":"https:\/\/xenonkungen.com\/produkt\/ledriving-dynamiska-spegelblinkers-bmw-1-serie-white\/#breadcrumb"},"inLanguage":"de","potentialAction":[{"@type":"ReadAction","target":["https:\/\/xenonkungen.com\/produkt\/ledriving-dynamiska-spegelblinkers-bmw-1-serie-white\/"]}]},{"@type":"ImageObject","inLanguage":"de","@id":"https:\/\/xenonkungen.com\/produkt\/ledriving-dynamiska-spegelblinkers-bmw-1-serie-white\/#primaryimage","url":"https:\/\/xenonkungen.com\/wp-content\/uploads\/2025\/04\/178097999-origpic-56523c.jpg","contentUrl":"https:\/\/xenonkungen.com\/wp-content\/uploads\/2025\/04\/178097999-origpic-56523c.jpg","width":900,"height":900},{"@type":"BreadcrumbList","@id":"https:\/\/xenonkungen.com\/produkt\/ledriving-dynamiska-spegelblinkers-bmw-1-serie-white\/#breadcrumb","itemListElement":[{"@type":"ListItem","position":1,"name":"Hem","item":"https:\/\/xenonkungen.com\/"},{"@type":"ListItem","position":2,"name":"Shop","item":"https:\/\/xenonkungen.com\/shop\/"},{"@type":"ListItem","position":3,"name":"LEDriving\u00ae Dynamiska spegelblinkers &#8211; BMW 1-serie (WHITE)"}]},{"@type":"WebSite","@id":"https:\/\/xenonkungen.com\/#website","url":"https:\/\/xenonkungen.com\/","name":"Xenonkungen","description":"","potentialAction":[{"@type":"SearchAction","target":{"@type":"EntryPoint","urlTemplate":"https:\/\/xenonkungen.com\/?s={search_term_string}"},"query-input":{"@type":"PropertyValueSpecification","valueRequired":true,"valueName":"search_term_string"}}],"inLanguage":"de"}]}},"taxonomy_info":{"product_brand":[{"value":108,"label":"OSRAM"}],"product_cat":[{"value":2644,"label":"Dynamiska spegelblinkers"},{"value":338,"label":"Diodlampor"}],"pa_fuktskydd-varde-ipxx":[{"value":960,"label":"IP69"}],"pa_godkannande":[{"value":2033,"label":"ECE R7 , ECE R10"}],"pa_lampsockel-kontakt":[{"value":2032,"label":"Plug and Play (PnP)"}],"pa_volt-v":[{"value":159,"label":"12"}]},"featured_image_src_large":["https:\/\/xenonkungen.com\/wp-content\/uploads\/2025\/04\/178097999-origpic-56523c.jpg",900,900,false],"author_info":[],"comment_info":0,"_links":{"self":[{"href":"https:\/\/xenonkungen.com\/de\/wp-json\/wp\/v2\/product\/8139","targetHints":{"allow":["GET"]}}],"collection":[{"href":"https:\/\/xenonkungen.com\/de\/wp-json\/wp\/v2\/product"}],"about":[{"href":"https:\/\/xenonkungen.com\/de\/wp-json\/wp\/v2\/types\/product"}],"replies":[{"embeddable":true,"href":"https:\/\/xenonkungen.com\/de\/wp-json\/wp\/v2\/comments?post=8139"}],"wp:featuredmedia":[{"embeddable":true,"href":"https:\/\/xenonkungen.com\/de\/wp-json\/wp\/v2\/media\/8140"}],"wp:attachment":[{"href":"https:\/\/xenonkungen.com\/de\/wp-json\/wp\/v2\/media?parent=8139"}],"wp:term":[{"taxonomy":"anvandningsomrade","embeddable":true,"href":"https:\/\/xenonkungen.com\/de\/wp-json\/wp\/v2\/anvandningsomrade?post=8139"},{"taxonomy":"bilmarken","embeddable":true,"href":"https:\/\/xenonkungen.com\/de\/wp-json\/wp\/v2\/bilmarken?post=8139"},{"taxonomy":"product_brand","embeddable":true,"href":"https:\/\/xenonkungen.com\/de\/wp-json\/wp\/v2\/product_brand?post=8139"},{"taxonomy":"product_cat","embeddable":true,"href":"https:\/\/xenonkungen.com\/de\/wp-json\/wp\/v2\/product_cat?post=8139"},{"taxonomy":"product_tag","embeddable":true,"href":"https:\/\/xenonkungen.com\/de\/wp-json\/wp\/v2\/product_tag?post=8139"}],"curies":[{"name":"wp","href":"https:\/\/api.w.org\/{rel}","templated":true}]}}