{"id":8160,"date":"2025-04-15T10:03:59","date_gmt":"2025-04-15T10:03:59","guid":{"rendered":"https:\/\/xenonkungen.com\/product\/ledriving-dynamiska-spegelblinkers-audi-a3-8v-black-edition\/"},"modified":"2026-04-24T17:41:29","modified_gmt":"2026-04-24T16:41:29","slug":"led-blinker-in-den-ausenspiegeln-fur-audi-a3-8v-black-edition","status":"publish","type":"product","link":"https:\/\/xenonkungen.com\/de\/produkt\/led-blinker-in-den-ausenspiegeln-fur-audi-a3-8v-black-edition\/","title":{"rendered":"LEDriving\u00ae Dynamische Au\u00dfenspiegelblinker \u2013 Audi A3 8V \u2013 Black Edition"},"content":{"rendered":"<p>Setzen Sie mit den dynamischen OSRAM LEDriving Au\u00dfenspiegelblinkern ein Wow-Erlebnis.<\/p>\n<p>Innovativ und aktuell<\/p>\n<p>Angetrieben von unserem Engagement f\u00fcr Innovation und Qualit\u00e4t definieren wir die Fahrzeugbeleuchtung von OSRAM neu. Zusammen mit den dynamischen LEDriving-Spiegelblinkern wurde das umfangreiche OSRAM LED-Portfolio weiter aufgewertet. Diese volldynamischen LED-Spiegelblinker bieten ein innovatives Design, das Ihren individuellen Look eindrucksvoll unterstreicht. Sie punkten mit innovativen Hochleistungs-LEDs (bis zu 2001 TP3T mehr Helligkeit) und einem beeindruckend hohen Kontrast bei Tag und Nacht dank intensivem gelbem LED-Licht.<\/p>\n<p>Dank modernster Lichtsteuerungstechnologie bieten sie zudem eine gleichm\u00e4\u00dfige Lichtverteilung \u00fcber den gesamten Ausleuchtungsbereich. Dadurch wird Ihr Fahrzeug f\u00fcr den Gegenverkehr besser sichtbar, was die Verkehrssicherheit erh\u00f6ht. (OSRAM bietet dar\u00fcber hinaus 5 Jahre Garantie.)<\/p>\n<p>Hohe Kompatibilit\u00e4t und individuelles Design<\/p>\n<p>Dynamische LED-Spiegelblinker zeichnen sich nicht nur durch ihre innovative Lichttechnik, sondern auch durch eine hohe Kompatibilit\u00e4t aus. So sind sie mit einer Vielzahl von Fahrzeugmodellen kompatibel. Zudem stehen zwei Varianten zur Auswahl: BLACK EDITION oder WHITE EDITION - beide sind darauf ausgelegt, den individuellen Stil vieler Fahrzeuge wirkungsvoll zu unterstreichen. W\u00e4hrend die BLACK EDITION durch ein get\u00f6ntes, schwarzes Design besticht, hat die WHITE EDITION ein klares, wei\u00dfes Design. Durch die beiden unterschiedlichen Ausf\u00fchrungen passen sich die LED-Dynamikspiegelblinker perfekt an das Exterieur verschiedenster Fahrzeuge an.<\/p>\n<p>ECE-zertifiziert und einfache Umr\u00fcstung<br \/>Das Fahrzeug ganz legal, einfach und \u00e4u\u00dferst elegant mit auff\u00e4lligen Akzenten zu akzentuieren, ist mit den neuesten OSRAM Innovationen jetzt ganz einfach. Nach ECE-Richtlinien wurden f\u00fcr LEDriving dynamische Spiegelblinker die notwendigen Pr\u00fcfungen und Zulassungen durchgef\u00fchrt, so dass sie im Stra\u00dfenverkehr v\u00f6llig legal sind und keine Eintragung in die Fahrzeugpapiere erforderlich ist. ECE-zertifiziert nach ECE R6\/R10.<\/p>\n<p>Die Plug &amp; Play Technologie sorgt f\u00fcr eine schnelle und unkomplizierte Installation der LEDriving dynamischen Spiegelanzeigen, vorhandene Kabel m\u00fcssen nicht ersetzt oder besch\u00e4digt werden.<\/p>\n<p>Gepr\u00fcfte OSRAM Qualit\u00e4t nach DIN EN ISO \/ IEC 17025<\/p>\n<p>Der dynamische Spiegelindikator von LEDriving wurde in unserem DIN-zertifizierten Umweltsimulationslabor auf extreme \u00e4u\u00dfere Einfl\u00fcsse wie Wasser, Staub, K\u00e4lte und Hitze, UV-Licht sowie permanente Vibrationen und St\u00f6\u00dfe getestet und mit der Schutzart IP6K9K validiert.<\/p>\n<p>Einschalten des WOW mit OSRAM LEDriving dynamischen Spiegelblinkern<\/p>\n<p><strong> Black Edition | 5 Jahre Garantie | 12 V | IP69 | R6, R10 <\/strong><\/p>\n<p><strong> Gilt f\u00fcr: <\/strong><br \/>Audi A3 8V (08\/2012)<br \/>Audi S3 8V (5\/2013)<br \/>Audi RS3 8VA (4\/2015)<\/p>\n<p><iframe loading=\"lazy\" frameborder=\"0\" height=\"315\" allow=\"accelerometer; autoplay; encrypted-media; gyroscope; picture-in-picture\" src=\"https:\/\/www.youtube.com\/embed\/Q8ny4ARAyeA\" width=\"560\" allowfullscreen=\"allowfullscreen\"><\/iframe><\/p>","protected":false},"excerpt":{"rendered":"<p>Dynamische Blinker f\u00fcr Ihr Auto vom Weltmarktf\u00fchrer Osram! Verbessern Sie die Optik Ihres Fahrzeugs und erh\u00f6hen Sie gleichzeitig Ihre Sicherheit im Stra\u00dfenverkehr!<\/p>","protected":false},"featured_media":8161,"comment_status":"closed","ping_status":"closed","template":"","meta":{"_acf_changed":false,"_smort_price_nok":"2446","_smort_price_dkk":"1554","_smort_price_eur":"208.17","_smort_sale_price_nok":"","_smort_sale_price_dkk":"","_smort_sale_price_eur":"","smort_restorder":"","shipmondo_restorder":"","_kad_blocks_custom_css":"","_kad_blocks_head_custom_js":"","_kad_blocks_body_custom_js":"","_kad_blocks_footer_custom_js":"","smort_custom_pricelist_1":"1465.6","smort_custom_pricelist_2":"1465.6","smort_custom_pricelist_3":"1392.32","smort_custom_pricelist_4":"1832","smort_custom_pricelist_5":"1465.6"},"anvandningsomrade":[],"bilmarken":[],"product_brand":[108],"product_cat":[2644,338],"product_tag":[],"class_list":{"0":"post-8160","1":"product","2":"type-product","3":"status-publish","4":"has-post-thumbnail","6":"product_brand-osram","7":"product_cat-dynamiska-spegelblinkers","8":"product_cat-diodlampor","9":"pa_fuktskydd-varde-ipxx-ip69","10":"pa_godkannande-ece-r7-ece-r10","11":"pa_lampsockel-kontakt-plug-and-play-pnp","12":"pa_volt-v-159","14":"first","15":"instock","16":"taxable","17":"shipping-taxable","18":"purchasable","19":"product-type-simple"},"bundled_by":[],"bundle_stock_status":"instock","bundle_stock_quantity":1,"bundle_virtual":false,"bundle_layout":"","bundle_add_to_cart_form_location":"","bundle_editable_in_cart":false,"bundle_sold_individually_context":"","bundle_item_grouping":"","bundle_min_size":"","bundle_max_size":"","bundle_price":[],"bundled_items":[],"bundle_sell_ids":[],"acf":[],"yoast_head":"<!-- This site is optimized with the Yoast SEO plugin v27.0 - https:\/\/yoast.com\/product\/yoast-seo-wordpress\/ -->\n<title>LEDriving\u00ae Dynamiska spegelblinkers - Audi A3 8V - Black Edition - Xenonkungen<\/title>\n<meta name=\"robots\" content=\"index, follow, max-snippet:-1, max-image-preview:large, max-video-preview:-1\" \/>\n<link rel=\"canonical\" href=\"https:\/\/xenonkungen.com\/de\/produkt\/led-blinker-in-den-ausenspiegeln-fur-audi-a3-8v-black-edition\/\" \/>\n<meta property=\"og:locale\" content=\"de_DE\" \/>\n<meta property=\"og:type\" content=\"article\" \/>\n<meta property=\"og:title\" content=\"LEDriving\u00ae Dynamiska spegelblinkers - Audi A3 8V - Black Edition - Xenonkungen\" \/>\n<meta property=\"og:description\" content=\"Dynamisk blinker till din bil fr\u00e5n v\u00e4rldsledaren Osram! Lyfter utseendet p\u00e5 er bil, samtidigt som den g\u00f6r ert fordon s\u00e4krare i trafiken!\" \/>\n<meta property=\"og:url\" content=\"https:\/\/xenonkungen.com\/de\/produkt\/led-blinker-in-den-ausenspiegeln-fur-audi-a3-8v-black-edition\/\" \/>\n<meta property=\"og:site_name\" content=\"Xenonkungen\" \/>\n<meta property=\"article:modified_time\" content=\"2026-04-24T16:41:29+00:00\" \/>\n<meta property=\"og:image\" content=\"https:\/\/xenonkungen.com\/wp-content\/uploads\/2025\/04\/178097919-origpic-e90efd.jpg\" \/>\n\t<meta property=\"og:image:width\" content=\"900\" \/>\n\t<meta property=\"og:image:height\" content=\"900\" \/>\n\t<meta property=\"og:image:type\" content=\"image\/jpeg\" \/>\n<meta name=\"twitter:card\" content=\"summary_large_image\" \/>\n<meta name=\"twitter:label1\" content=\"Gesch\u00e4tzte Lesezeit\" \/>\n\t<meta name=\"twitter:data1\" content=\"2\u00a0Minuten\" \/>\n<script type=\"application\/ld+json\" class=\"yoast-schema-graph\">{\"@context\":\"https:\/\/schema.org\",\"@graph\":[{\"@type\":\"WebPage\",\"@id\":\"https:\/\/xenonkungen.com\/produkt\/ledriving-dynamiska-spegelblinkers-audi-a3-8v-black-edition\/\",\"url\":\"https:\/\/xenonkungen.com\/produkt\/ledriving-dynamiska-spegelblinkers-audi-a3-8v-black-edition\/\",\"name\":\"LEDriving\u00ae Dynamiska spegelblinkers - Audi A3 8V - Black Edition - Xenonkungen\",\"isPartOf\":{\"@id\":\"https:\/\/xenonkungen.com\/#website\"},\"primaryImageOfPage\":{\"@id\":\"https:\/\/xenonkungen.com\/produkt\/ledriving-dynamiska-spegelblinkers-audi-a3-8v-black-edition\/#primaryimage\"},\"image\":{\"@id\":\"https:\/\/xenonkungen.com\/produkt\/ledriving-dynamiska-spegelblinkers-audi-a3-8v-black-edition\/#primaryimage\"},\"thumbnailUrl\":\"https:\/\/xenonkungen.com\/wp-content\/uploads\/2025\/04\/178097919-origpic-e90efd.jpg\",\"datePublished\":\"2025-04-15T10:03:59+00:00\",\"dateModified\":\"2026-04-24T16:41:29+00:00\",\"breadcrumb\":{\"@id\":\"https:\/\/xenonkungen.com\/produkt\/ledriving-dynamiska-spegelblinkers-audi-a3-8v-black-edition\/#breadcrumb\"},\"inLanguage\":\"de\",\"potentialAction\":[{\"@type\":\"ReadAction\",\"target\":[\"https:\/\/xenonkungen.com\/produkt\/ledriving-dynamiska-spegelblinkers-audi-a3-8v-black-edition\/\"]}]},{\"@type\":\"ImageObject\",\"inLanguage\":\"de\",\"@id\":\"https:\/\/xenonkungen.com\/produkt\/ledriving-dynamiska-spegelblinkers-audi-a3-8v-black-edition\/#primaryimage\",\"url\":\"https:\/\/xenonkungen.com\/wp-content\/uploads\/2025\/04\/178097919-origpic-e90efd.jpg\",\"contentUrl\":\"https:\/\/xenonkungen.com\/wp-content\/uploads\/2025\/04\/178097919-origpic-e90efd.jpg\",\"width\":900,\"height\":900},{\"@type\":\"BreadcrumbList\",\"@id\":\"https:\/\/xenonkungen.com\/produkt\/ledriving-dynamiska-spegelblinkers-audi-a3-8v-black-edition\/#breadcrumb\",\"itemListElement\":[{\"@type\":\"ListItem\",\"position\":1,\"name\":\"Hem\",\"item\":\"https:\/\/xenonkungen.com\/\"},{\"@type\":\"ListItem\",\"position\":2,\"name\":\"Shop\",\"item\":\"https:\/\/xenonkungen.com\/shop\/\"},{\"@type\":\"ListItem\",\"position\":3,\"name\":\"LEDriving\u00ae Dynamiska spegelblinkers &#8211; Audi A3 8V &#8211; Black Edition\"}]},{\"@type\":\"WebSite\",\"@id\":\"https:\/\/xenonkungen.com\/#website\",\"url\":\"https:\/\/xenonkungen.com\/\",\"name\":\"Xenonkungen\",\"description\":\"\",\"potentialAction\":[{\"@type\":\"SearchAction\",\"target\":{\"@type\":\"EntryPoint\",\"urlTemplate\":\"https:\/\/xenonkungen.com\/?s={search_term_string}\"},\"query-input\":{\"@type\":\"PropertyValueSpecification\",\"valueRequired\":true,\"valueName\":\"search_term_string\"}}],\"inLanguage\":\"de\"}]}<\/script>\n<!-- \/ Yoast SEO plugin. -->","yoast_head_json":{"title":"LEDriving\u00ae Dynamische Au\u00dfenspiegelblinker \u2013 Audi A3 8V \u2013 Black Edition \u2013 Xenonkungen","robots":{"index":"index","follow":"follow","max-snippet":"max-snippet:-1","max-image-preview":"max-image-preview:large","max-video-preview":"max-video-preview:-1"},"canonical":"https:\/\/xenonkungen.com\/de\/produkt\/led-blinker-in-den-ausenspiegeln-fur-audi-a3-8v-black-edition\/","og_locale":"de_DE","og_type":"article","og_title":"LEDriving\u00ae Dynamiska spegelblinkers - Audi A3 8V - Black Edition - Xenonkungen","og_description":"Dynamisk blinker till din bil fr\u00e5n v\u00e4rldsledaren Osram! Lyfter utseendet p\u00e5 er bil, samtidigt som den g\u00f6r ert fordon s\u00e4krare i trafiken!","og_url":"https:\/\/xenonkungen.com\/de\/produkt\/led-blinker-in-den-ausenspiegeln-fur-audi-a3-8v-black-edition\/","og_site_name":"Xenonkungen","article_modified_time":"2026-04-24T16:41:29+00:00","og_image":[{"width":900,"height":900,"url":"https:\/\/xenonkungen.com\/wp-content\/uploads\/2025\/04\/178097919-origpic-e90efd.jpg","type":"image\/jpeg"}],"twitter_card":"summary_large_image","twitter_misc":{"Gesch\u00e4tzte Lesezeit":"2\u00a0Minuten"},"schema":{"@context":"https:\/\/schema.org","@graph":[{"@type":"WebPage","@id":"https:\/\/xenonkungen.com\/produkt\/ledriving-dynamiska-spegelblinkers-audi-a3-8v-black-edition\/","url":"https:\/\/xenonkungen.com\/produkt\/ledriving-dynamiska-spegelblinkers-audi-a3-8v-black-edition\/","name":"LEDriving\u00ae Dynamische Au\u00dfenspiegelblinker \u2013 Audi A3 8V \u2013 Black Edition \u2013 Xenonkungen","isPartOf":{"@id":"https:\/\/xenonkungen.com\/#website"},"primaryImageOfPage":{"@id":"https:\/\/xenonkungen.com\/produkt\/ledriving-dynamiska-spegelblinkers-audi-a3-8v-black-edition\/#primaryimage"},"image":{"@id":"https:\/\/xenonkungen.com\/produkt\/ledriving-dynamiska-spegelblinkers-audi-a3-8v-black-edition\/#primaryimage"},"thumbnailUrl":"https:\/\/xenonkungen.com\/wp-content\/uploads\/2025\/04\/178097919-origpic-e90efd.jpg","datePublished":"2025-04-15T10:03:59+00:00","dateModified":"2026-04-24T16:41:29+00:00","breadcrumb":{"@id":"https:\/\/xenonkungen.com\/produkt\/ledriving-dynamiska-spegelblinkers-audi-a3-8v-black-edition\/#breadcrumb"},"inLanguage":"de","potentialAction":[{"@type":"ReadAction","target":["https:\/\/xenonkungen.com\/produkt\/ledriving-dynamiska-spegelblinkers-audi-a3-8v-black-edition\/"]}]},{"@type":"ImageObject","inLanguage":"de","@id":"https:\/\/xenonkungen.com\/produkt\/ledriving-dynamiska-spegelblinkers-audi-a3-8v-black-edition\/#primaryimage","url":"https:\/\/xenonkungen.com\/wp-content\/uploads\/2025\/04\/178097919-origpic-e90efd.jpg","contentUrl":"https:\/\/xenonkungen.com\/wp-content\/uploads\/2025\/04\/178097919-origpic-e90efd.jpg","width":900,"height":900},{"@type":"BreadcrumbList","@id":"https:\/\/xenonkungen.com\/produkt\/ledriving-dynamiska-spegelblinkers-audi-a3-8v-black-edition\/#breadcrumb","itemListElement":[{"@type":"ListItem","position":1,"name":"Hem","item":"https:\/\/xenonkungen.com\/"},{"@type":"ListItem","position":2,"name":"Shop","item":"https:\/\/xenonkungen.com\/shop\/"},{"@type":"ListItem","position":3,"name":"LEDriving\u00ae Dynamiska spegelblinkers &#8211; Audi A3 8V &#8211; Black Edition"}]},{"@type":"WebSite","@id":"https:\/\/xenonkungen.com\/#website","url":"https:\/\/xenonkungen.com\/","name":"Xenonkungen","description":"","potentialAction":[{"@type":"SearchAction","target":{"@type":"EntryPoint","urlTemplate":"https:\/\/xenonkungen.com\/?s={search_term_string}"},"query-input":{"@type":"PropertyValueSpecification","valueRequired":true,"valueName":"search_term_string"}}],"inLanguage":"de"}]}},"taxonomy_info":{"product_brand":[{"value":108,"label":"OSRAM"}],"product_cat":[{"value":2644,"label":"Dynamiska spegelblinkers"},{"value":338,"label":"Diodlampor"}],"pa_fuktskydd-varde-ipxx":[{"value":960,"label":"IP69"}],"pa_godkannande":[{"value":2033,"label":"ECE R7 , ECE R10"}],"pa_lampsockel-kontakt":[{"value":2032,"label":"Plug and Play (PnP)"}],"pa_volt-v":[{"value":159,"label":"12"}]},"featured_image_src_large":["https:\/\/xenonkungen.com\/wp-content\/uploads\/2025\/04\/178097919-origpic-e90efd.jpg",900,900,false],"author_info":[],"comment_info":0,"_links":{"self":[{"href":"https:\/\/xenonkungen.com\/de\/wp-json\/wp\/v2\/product\/8160","targetHints":{"allow":["GET"]}}],"collection":[{"href":"https:\/\/xenonkungen.com\/de\/wp-json\/wp\/v2\/product"}],"about":[{"href":"https:\/\/xenonkungen.com\/de\/wp-json\/wp\/v2\/types\/product"}],"replies":[{"embeddable":true,"href":"https:\/\/xenonkungen.com\/de\/wp-json\/wp\/v2\/comments?post=8160"}],"wp:featuredmedia":[{"embeddable":true,"href":"https:\/\/xenonkungen.com\/de\/wp-json\/wp\/v2\/media\/8161"}],"wp:attachment":[{"href":"https:\/\/xenonkungen.com\/de\/wp-json\/wp\/v2\/media?parent=8160"}],"wp:term":[{"taxonomy":"anvandningsomrade","embeddable":true,"href":"https:\/\/xenonkungen.com\/de\/wp-json\/wp\/v2\/anvandningsomrade?post=8160"},{"taxonomy":"bilmarken","embeddable":true,"href":"https:\/\/xenonkungen.com\/de\/wp-json\/wp\/v2\/bilmarken?post=8160"},{"taxonomy":"product_brand","embeddable":true,"href":"https:\/\/xenonkungen.com\/de\/wp-json\/wp\/v2\/product_brand?post=8160"},{"taxonomy":"product_cat","embeddable":true,"href":"https:\/\/xenonkungen.com\/de\/wp-json\/wp\/v2\/product_cat?post=8160"},{"taxonomy":"product_tag","embeddable":true,"href":"https:\/\/xenonkungen.com\/de\/wp-json\/wp\/v2\/product_tag?post=8160"}],"curies":[{"name":"wp","href":"https:\/\/api.w.org\/{rel}","templated":true}]}}