{"id":8185,"date":"2025-04-15T10:04:26","date_gmt":"2025-04-15T10:04:26","guid":{"rendered":"https:\/\/xenonkungen.com\/product\/lightbar-fx500-cb-sm-gen-2\/"},"modified":"2026-05-08T15:40:16","modified_gmt":"2026-05-08T14:40:16","slug":"lightbar-fx500-cb-sm-gen-2","status":"publish","type":"product","link":"https:\/\/xenonkungen.com\/de\/produkt\/lightbar-fx500-cb-sm-gen-2\/","title":{"rendered":"Lichtbalken FX500-CB SM GEN 2"},"content":{"rendered":"<h1>Erh\u00f6hte Helligkeit f\u00fcr die Beleuchtung im Nah- und Fernbereich <\/h1>\n<p>Besonders beim Fahren auf Landstra\u00dfen und Schotterpisten kann die Sichtbarkeit eine wichtige Rolle f\u00fcr die Sicherheit spielen. Die LEDriving Lightbar FX500-CB SM GEN 2 sorgt mit bis zu 3.750 Lumen f\u00fcr zus\u00e4tzliche Nah- und Fernausleuchtung auf dunklen Stra\u00dfen. Selbst bei schlechten Lichtverh\u00e4ltnissen und in der D\u00e4mmerung sorgen die 15 Hochleistungs-LEDs f\u00fcr eine Sichtweite von bis zu 380 m sowie f\u00fcr Tageslichtbedingungen mit einer Farbtemperatur von 6.000 Kelvin. <br \/> Der Zusatzscheinwerfer besticht durch sein spezielles Reflektordesign und sorgt nicht nur f\u00fcr ein modernes und ansprechendes Erscheinungsbild, sondern reduziert auch die Blendwirkung f\u00fcr eine bessere Sichtbarkeit im Stra\u00dfenverkehr. Er kann sowohl als zus\u00e4tzliches LED-Fernlicht als auch als leistungsstarker Arbeitsscheinwerfer eingesetzt werden. Der Scheinwerfer ist in beiden Varianten voll ECE-gepr\u00fcft und somit f\u00fcr den Einsatz im \u00f6ffentlichen Stra\u00dfenverkehr geeignet. <br \/> Dar\u00fcber hinaus hat OSRAM ein speziell konzipiertes Montagekit entwickelt, das mit allen Zusatzscheinwerfern der FX Gen 2 Funktionsserie kompatibel ist und eine individuelle Montage erm\u00f6glicht. Die vielseitige Leuchte h\u00e4lt dank hochwertiger Materialien wie einem Aluminiumgeh\u00e4use und einer robusten Polycarbonat-Linse auch rauen Umgebungsbedingungen stand und ist leicht und robust zugleich. Der vollst\u00e4ndige Polarit\u00e4tsschutz sch\u00fctzt vor Sch\u00e4den durch \u00dcberspannung und tr\u00e4gt au\u00dferdem zu einer l\u00e4ngeren Lebensdauer bei. <\/p>","protected":false},"excerpt":{"rendered":"<p>Zus\u00e4tzliches Licht - zus\u00e4tzliche Anwendung als Fernlicht - zentrale Montage einer einzelnen Einheit<\/p>","protected":false},"featured_media":8186,"comment_status":"closed","ping_status":"closed","template":"","meta":{"_acf_changed":false,"_smort_price_nok":"1774","_smort_price_dkk":"2304","_smort_price_eur":"308.62","_smort_sale_price_nok":"1774","_smort_sale_price_dkk":"","_smort_sale_price_eur":"185.17","smort_restorder":"","shipmondo_restorder":"","_kad_blocks_custom_css":"","_kad_blocks_head_custom_js":"","_kad_blocks_body_custom_js":"","_kad_blocks_footer_custom_js":"","smort_custom_pricelist_1":"2444.4","smort_custom_pricelist_2":"2037","smort_custom_pricelist_3":"2037","smort_custom_pricelist_4":"2716","smort_custom_pricelist_5":"2037"},"anvandningsomrade":[],"bilmarken":[],"product_brand":[108],"product_cat":[2966,2539,2640,2183,1402],"product_tag":[],"class_list":{"0":"post-8185","1":"product","2":"type-product","3":"status-publish","4":"has-post-thumbnail","6":"product_brand-osram","7":"product_cat-ledramp-rak","8":"product_cat-ledramper","9":"product_cat-osram-ledriving-ledramper","10":"product_cat-osram-ledriving","11":"product_cat-outlet","12":"pa_fargtemperatur-1428","13":"pa_fuktskydd-varde-ipxx-ip6k8-ip6k9k","14":"pa_godkannande-e57-r10-2-x-r149","15":"pa_lampsockel-kontakt-dt04-2p-dt06-2s","16":"pa_storlek-mm-830x4370x54","18":"first","19":"instock","20":"sale","21":"taxable","22":"shipping-taxable","23":"purchasable","24":"product-type-simple"},"bundled_by":[],"bundle_stock_status":"instock","bundle_stock_quantity":9,"bundle_virtual":false,"bundle_layout":"","bundle_add_to_cart_form_location":"","bundle_editable_in_cart":false,"bundle_sold_individually_context":"","bundle_item_grouping":"","bundle_min_size":"","bundle_max_size":"","bundle_price":[],"bundled_items":[],"bundle_sell_ids":[],"acf":[],"yoast_head":"<!-- This site is optimized with the Yoast SEO plugin v27.0 - https:\/\/yoast.com\/product\/yoast-seo-wordpress\/ -->\n<title>Lightbar FX500-CB SM GEN 2 - Xenonkungen<\/title>\n<meta name=\"robots\" content=\"index, follow, max-snippet:-1, max-image-preview:large, max-video-preview:-1\" \/>\n<link rel=\"canonical\" href=\"https:\/\/xenonkungen.com\/de\/produkt\/lightbar-fx500-cb-sm-gen-2\/\" \/>\n<meta property=\"og:locale\" content=\"de_DE\" \/>\n<meta property=\"og:type\" content=\"article\" \/>\n<meta property=\"og:title\" content=\"Lightbar FX500-CB SM GEN 2 - Xenonkungen\" \/>\n<meta property=\"og:description\" content=\"Extraljus \u2013 extra till\u00e4mpning som helljus \u2013 central montering av enkel enhet\" \/>\n<meta property=\"og:url\" content=\"https:\/\/xenonkungen.com\/de\/produkt\/lightbar-fx500-cb-sm-gen-2\/\" \/>\n<meta property=\"og:site_name\" content=\"Xenonkungen\" \/>\n<meta property=\"article:modified_time\" content=\"2026-05-08T14:40:16+00:00\" \/>\n<meta property=\"og:image\" content=\"https:\/\/xenonkungen.com\/wp-content\/uploads\/2025\/04\/211836545-origpic-b4542f.webp\" \/>\n\t<meta property=\"og:image:width\" content=\"1080\" \/>\n\t<meta property=\"og:image:height\" content=\"1080\" \/>\n\t<meta property=\"og:image:type\" content=\"image\/webp\" \/>\n<meta name=\"twitter:card\" content=\"summary_large_image\" \/>\n<meta name=\"twitter:label1\" content=\"Gesch\u00e4tzte Lesezeit\" \/>\n\t<meta name=\"twitter:data1\" content=\"1\u00a0Minute\" \/>\n<script type=\"application\/ld+json\" class=\"yoast-schema-graph\">{\"@context\":\"https:\/\/schema.org\",\"@graph\":[{\"@type\":\"WebPage\",\"@id\":\"https:\/\/xenonkungen.com\/produkt\/lightbar-fx500-cb-sm-gen-2\/\",\"url\":\"https:\/\/xenonkungen.com\/produkt\/lightbar-fx500-cb-sm-gen-2\/\",\"name\":\"Lightbar FX500-CB SM GEN 2 - Xenonkungen\",\"isPartOf\":{\"@id\":\"https:\/\/xenonkungen.com\/#website\"},\"primaryImageOfPage\":{\"@id\":\"https:\/\/xenonkungen.com\/produkt\/lightbar-fx500-cb-sm-gen-2\/#primaryimage\"},\"image\":{\"@id\":\"https:\/\/xenonkungen.com\/produkt\/lightbar-fx500-cb-sm-gen-2\/#primaryimage\"},\"thumbnailUrl\":\"https:\/\/xenonkungen.com\/wp-content\/uploads\/2025\/04\/211836545-origpic-b4542f.webp\",\"datePublished\":\"2025-04-15T10:04:26+00:00\",\"dateModified\":\"2026-05-08T14:40:16+00:00\",\"breadcrumb\":{\"@id\":\"https:\/\/xenonkungen.com\/produkt\/lightbar-fx500-cb-sm-gen-2\/#breadcrumb\"},\"inLanguage\":\"de\",\"potentialAction\":[{\"@type\":\"ReadAction\",\"target\":[\"https:\/\/xenonkungen.com\/produkt\/lightbar-fx500-cb-sm-gen-2\/\"]}]},{\"@type\":\"ImageObject\",\"inLanguage\":\"de\",\"@id\":\"https:\/\/xenonkungen.com\/produkt\/lightbar-fx500-cb-sm-gen-2\/#primaryimage\",\"url\":\"https:\/\/xenonkungen.com\/wp-content\/uploads\/2025\/04\/211836545-origpic-b4542f.webp\",\"contentUrl\":\"https:\/\/xenonkungen.com\/wp-content\/uploads\/2025\/04\/211836545-origpic-b4542f.webp\",\"width\":1080,\"height\":1080},{\"@type\":\"BreadcrumbList\",\"@id\":\"https:\/\/xenonkungen.com\/produkt\/lightbar-fx500-cb-sm-gen-2\/#breadcrumb\",\"itemListElement\":[{\"@type\":\"ListItem\",\"position\":1,\"name\":\"Hem\",\"item\":\"https:\/\/xenonkungen.com\/\"},{\"@type\":\"ListItem\",\"position\":2,\"name\":\"Shop\",\"item\":\"https:\/\/xenonkungen.com\/shop\/\"},{\"@type\":\"ListItem\",\"position\":3,\"name\":\"Lightbar FX500-CB SM GEN 2\"}]},{\"@type\":\"WebSite\",\"@id\":\"https:\/\/xenonkungen.com\/#website\",\"url\":\"https:\/\/xenonkungen.com\/\",\"name\":\"Xenonkungen\",\"description\":\"\",\"potentialAction\":[{\"@type\":\"SearchAction\",\"target\":{\"@type\":\"EntryPoint\",\"urlTemplate\":\"https:\/\/xenonkungen.com\/?s={search_term_string}\"},\"query-input\":{\"@type\":\"PropertyValueSpecification\",\"valueRequired\":true,\"valueName\":\"search_term_string\"}}],\"inLanguage\":\"de\"}]}<\/script>\n<!-- \/ Yoast SEO plugin. -->","yoast_head_json":{"title":"Lightbar FX500-CB SM GEN 2 \u2013 Der Xenon-K\u00f6nig","robots":{"index":"index","follow":"follow","max-snippet":"max-snippet:-1","max-image-preview":"max-image-preview:large","max-video-preview":"max-video-preview:-1"},"canonical":"https:\/\/xenonkungen.com\/de\/produkt\/lightbar-fx500-cb-sm-gen-2\/","og_locale":"de_DE","og_type":"article","og_title":"Lightbar FX500-CB SM GEN 2 - Xenonkungen","og_description":"Extraljus \u2013 extra till\u00e4mpning som helljus \u2013 central montering av enkel enhet","og_url":"https:\/\/xenonkungen.com\/de\/produkt\/lightbar-fx500-cb-sm-gen-2\/","og_site_name":"Xenonkungen","article_modified_time":"2026-05-08T14:40:16+00:00","og_image":[{"width":1080,"height":1080,"url":"https:\/\/xenonkungen.com\/wp-content\/uploads\/2025\/04\/211836545-origpic-b4542f.webp","type":"image\/webp"}],"twitter_card":"summary_large_image","twitter_misc":{"Gesch\u00e4tzte Lesezeit":"1\u00a0Minute"},"schema":{"@context":"https:\/\/schema.org","@graph":[{"@type":"WebPage","@id":"https:\/\/xenonkungen.com\/produkt\/lightbar-fx500-cb-sm-gen-2\/","url":"https:\/\/xenonkungen.com\/produkt\/lightbar-fx500-cb-sm-gen-2\/","name":"Lightbar FX500-CB SM GEN 2 \u2013 Der Xenon-K\u00f6nig","isPartOf":{"@id":"https:\/\/xenonkungen.com\/#website"},"primaryImageOfPage":{"@id":"https:\/\/xenonkungen.com\/produkt\/lightbar-fx500-cb-sm-gen-2\/#primaryimage"},"image":{"@id":"https:\/\/xenonkungen.com\/produkt\/lightbar-fx500-cb-sm-gen-2\/#primaryimage"},"thumbnailUrl":"https:\/\/xenonkungen.com\/wp-content\/uploads\/2025\/04\/211836545-origpic-b4542f.webp","datePublished":"2025-04-15T10:04:26+00:00","dateModified":"2026-05-08T14:40:16+00:00","breadcrumb":{"@id":"https:\/\/xenonkungen.com\/produkt\/lightbar-fx500-cb-sm-gen-2\/#breadcrumb"},"inLanguage":"de","potentialAction":[{"@type":"ReadAction","target":["https:\/\/xenonkungen.com\/produkt\/lightbar-fx500-cb-sm-gen-2\/"]}]},{"@type":"ImageObject","inLanguage":"de","@id":"https:\/\/xenonkungen.com\/produkt\/lightbar-fx500-cb-sm-gen-2\/#primaryimage","url":"https:\/\/xenonkungen.com\/wp-content\/uploads\/2025\/04\/211836545-origpic-b4542f.webp","contentUrl":"https:\/\/xenonkungen.com\/wp-content\/uploads\/2025\/04\/211836545-origpic-b4542f.webp","width":1080,"height":1080},{"@type":"BreadcrumbList","@id":"https:\/\/xenonkungen.com\/produkt\/lightbar-fx500-cb-sm-gen-2\/#breadcrumb","itemListElement":[{"@type":"ListItem","position":1,"name":"Hem","item":"https:\/\/xenonkungen.com\/"},{"@type":"ListItem","position":2,"name":"Shop","item":"https:\/\/xenonkungen.com\/shop\/"},{"@type":"ListItem","position":3,"name":"Lightbar FX500-CB SM GEN 2"}]},{"@type":"WebSite","@id":"https:\/\/xenonkungen.com\/#website","url":"https:\/\/xenonkungen.com\/","name":"Xenonkungen","description":"","potentialAction":[{"@type":"SearchAction","target":{"@type":"EntryPoint","urlTemplate":"https:\/\/xenonkungen.com\/?s={search_term_string}"},"query-input":{"@type":"PropertyValueSpecification","valueRequired":true,"valueName":"search_term_string"}}],"inLanguage":"de"}]}},"taxonomy_info":{"product_brand":[{"value":108,"label":"OSRAM"}],"product_cat":[{"value":2966,"label":"Ledramp Rak"},{"value":2539,"label":"LEDRAMPER"},{"value":2640,"label":"OSRAM Ledriving Serie"},{"value":2183,"label":"OSRAM LEDriving\u00ae"},{"value":1402,"label":"Outlet"}],"pa_fargtemperatur":[{"value":1428,"label":"6000"}],"pa_fuktskydd-varde-ipxx":[{"value":1996,"label":"IP6K8 IP6K9K"}],"pa_godkannande":[{"value":2042,"label":"E57, R10, 2 x R149"}],"pa_lampsockel-kontakt":[{"value":2041,"label":"DT04-2P, DT06-2S"}],"pa_storlek-mm":[{"value":2040,"label":"830x4370x54"}]},"featured_image_src_large":["https:\/\/xenonkungen.com\/wp-content\/uploads\/2025\/04\/211836545-origpic-b4542f-1024x1024.webp",1024,1024,true],"author_info":[],"comment_info":0,"_links":{"self":[{"href":"https:\/\/xenonkungen.com\/de\/wp-json\/wp\/v2\/product\/8185","targetHints":{"allow":["GET"]}}],"collection":[{"href":"https:\/\/xenonkungen.com\/de\/wp-json\/wp\/v2\/product"}],"about":[{"href":"https:\/\/xenonkungen.com\/de\/wp-json\/wp\/v2\/types\/product"}],"replies":[{"embeddable":true,"href":"https:\/\/xenonkungen.com\/de\/wp-json\/wp\/v2\/comments?post=8185"}],"wp:featuredmedia":[{"embeddable":true,"href":"https:\/\/xenonkungen.com\/de\/wp-json\/wp\/v2\/media\/8186"}],"wp:attachment":[{"href":"https:\/\/xenonkungen.com\/de\/wp-json\/wp\/v2\/media?parent=8185"}],"wp:term":[{"taxonomy":"anvandningsomrade","embeddable":true,"href":"https:\/\/xenonkungen.com\/de\/wp-json\/wp\/v2\/anvandningsomrade?post=8185"},{"taxonomy":"bilmarken","embeddable":true,"href":"https:\/\/xenonkungen.com\/de\/wp-json\/wp\/v2\/bilmarken?post=8185"},{"taxonomy":"product_brand","embeddable":true,"href":"https:\/\/xenonkungen.com\/de\/wp-json\/wp\/v2\/product_brand?post=8185"},{"taxonomy":"product_cat","embeddable":true,"href":"https:\/\/xenonkungen.com\/de\/wp-json\/wp\/v2\/product_cat?post=8185"},{"taxonomy":"product_tag","embeddable":true,"href":"https:\/\/xenonkungen.com\/de\/wp-json\/wp\/v2\/product_tag?post=8185"}],"curies":[{"name":"wp","href":"https:\/\/api.w.org\/{rel}","templated":true}]}}