{"id":8232,"date":"2025-04-15T10:04:57","date_gmt":"2025-04-15T10:04:57","guid":{"rendered":"https:\/\/xenonkungen.com\/product\/steg-lampa-black\/"},"modified":"2026-04-11T00:50:34","modified_gmt":"2026-04-10T23:50:34","slug":"stufenlampe-schwarz","status":"publish","type":"product","link":"https:\/\/xenonkungen.com\/de\/produkt\/stufenlampe-schwarz\/","title":{"rendered":"Stufenleuchte Schwarz"},"content":{"rendered":"<h1>Elegante wei\u00dfe Stufenlampe<\/h1>\n<p>Diese attraktive Leuchte ist speziell f\u00fcr die Innen- und Au\u00dfenmontage konzipiert und eignet sich perfekt als Stufenleuchte oder zur dezenten und \u00e4sthetisch ansprechenden Beleuchtung kleinerer Bereiche. Mit ihrem robusten, schwarzen Metallgeh\u00e4use und der wei\u00dfen Linse aus schlagfestem Polycarbonat verleiht sie jedem Raum eine elegante Note und bietet gleichzeitig einen breiten Abstrahlwinkel von 120 Grad f\u00fcr optimale Ausleuchtung.<\/p>\n<h2>Spezifikationen:<\/h2>\n<ul>\n<li>Lichtstreuung: 120 Grad<\/li>\n<li>Material: Schwarzes Metallgeh\u00e4use, wei\u00dfe, sto\u00dffeste Polycarbonatlinse<\/li>\n<li>Farbe: Wei\u00df<\/li>\n<li>Schutzart IP67: Sto\u00df- und vibrationsfest, vollst\u00e4ndig wasserdicht<\/li>\n<li>Kurzschlussgesch\u00fctzt<\/li>\n<\/ul>\n<h2>Merkmale und Vorteile:<\/h2>\n<p>Diese Lampe vereint Funktionalit\u00e4t und \u00c4sthetik und ist mit moderner LED-Technologie f\u00fcr energieeffizientes und leistungsstarkes Licht ausgestattet. Dank ihres eleganten Designs und der dezenten Farbgebung eignet sie sich ideal f\u00fcr eine Vielzahl von Fahrzeugen und Einsatzbereichen, von Nutzfahrzeugen bis hin zu Wohnwagen.<\/p>\n<ul>\n<li>Hochleistungs-LED-Technologie f\u00fcr helle und energieeffiziente Beleuchtung<\/li>\n<li>Stilvolles und modernes Design, das das Erscheinungsbild des Fahrzeugs aufwertet.<\/li>\n<li>Die Schutzart IP67 gew\u00e4hrleistet Langlebigkeit und Zuverl\u00e4ssigkeit auch unter rauen Bedingungen.<\/li>\n<li>Die flexible Montage erm\u00f6glicht die Installation an verschiedenen Orten f\u00fcr individuelle Beleuchtungsl\u00f6sungen.<\/li>\n<li>Ideal als Einstiegsbeleuchtung oder zur Hervorhebung bestimmter Bereiche an einem Fahrzeug<\/li>\n<\/ul>\n<p>Mit ihrer Kombination aus fortschrittlicher Lichttechnik und elegantem Design ist diese wei\u00dfe Stufenleuchte eine hervorragende L\u00f6sung f\u00fcr alle, die eine sowohl funktionale als auch \u00e4sthetisch ansprechende Beleuchtungsl\u00f6sung suchen.<\/p>","protected":false},"excerpt":{"rendered":"<p>Elegant Vit Steglampa Denna attraktiva lampa \u00e4r s\u00e4rskilt framtagen f\u00f6r b\u00e5de interi\u00f6rt och exteri\u00f6rt montage, perfekt som steglampa eller f\u00f6r att belysa mindre omr\u00e5den p\u00e5 ett diskret och estetiskt tilltalande s\u00e4tt. Med ett robust svart metallhus och en vitf\u00e4rgad lins av slagt\u00e5lig polycarbonat, ger denna lampa en sofistikerad touch samtidigt som den erbjuder en bred [&hellip;]<\/p>","protected":false},"featured_media":8233,"comment_status":"closed","ping_status":"open","template":"","meta":{"_acf_changed":false,"_smort_price_nok":"203","_smort_price_dkk":"129","_smort_price_eur":"17.27","_smort_sale_price_nok":"","_smort_sale_price_dkk":"","_smort_sale_price_eur":"","smort_restorder":"","shipmondo_restorder":"","_kad_blocks_custom_css":"","_kad_blocks_head_custom_js":"","_kad_blocks_body_custom_js":"","_kad_blocks_footer_custom_js":"","smort_custom_pricelist_1":"106.4","smort_custom_pricelist_2":"106.4","smort_custom_pricelist_3":"101.08","smort_custom_pricelist_4":"152","smort_custom_pricelist_5":"106.4"},"anvandningsomrade":[166,238,2816],"bilmarken":[],"product_brand":[1252],"product_cat":[2478,2814],"product_tag":[],"class_list":{"0":"post-8232","1":"product","2":"type-product","3":"status-publish","4":"has-post-thumbnail","6":"anvandningsomrade-lastbil","7":"anvandningsomrade-slap","8":"anvandningsomrade-trailer","9":"product_brand-lea","10":"product_cat-positionsljus-slap","11":"product_cat-steg","12":"pa_fuktskydd-varde-ipxx-ip67","13":"pa_storlek-mm-65x30x24","14":"pa_stromforbrukning-002a-138v","15":"pa_stromforbrukning-003a-28v","16":"pa_volt-v-12-24","18":"first","19":"onbackorder","20":"taxable","21":"shipping-taxable","22":"purchasable","23":"product-type-simple"},"bundled_by":[],"bundle_stock_status":"onbackorder","bundle_stock_quantity":0,"bundle_virtual":false,"bundle_layout":"","bundle_add_to_cart_form_location":"","bundle_editable_in_cart":false,"bundle_sold_individually_context":"","bundle_item_grouping":"","bundle_min_size":"","bundle_max_size":"","bundle_price":[],"bundled_items":[],"bundle_sell_ids":[],"acf":[],"yoast_head":"<!-- This site is optimized with the Yoast SEO plugin v27.0 - https:\/\/yoast.com\/product\/yoast-seo-wordpress\/ -->\n<title>Steg Lampa Black - Xenonkungen<\/title>\n<meta name=\"robots\" content=\"index, follow, max-snippet:-1, max-image-preview:large, max-video-preview:-1\" \/>\n<link rel=\"canonical\" href=\"https:\/\/xenonkungen.com\/de\/produkt\/stufenlampe-schwarz\/\" \/>\n<meta property=\"og:locale\" content=\"de_DE\" \/>\n<meta property=\"og:type\" content=\"article\" \/>\n<meta property=\"og:title\" content=\"Steg Lampa Black - Xenonkungen\" \/>\n<meta property=\"og:description\" content=\"Elegant Vit Steglampa Denna attraktiva lampa \u00e4r s\u00e4rskilt framtagen f\u00f6r b\u00e5de interi\u00f6rt och exteri\u00f6rt montage, perfekt som steglampa eller f\u00f6r att belysa mindre omr\u00e5den p\u00e5 ett diskret och estetiskt tilltalande s\u00e4tt. Med ett robust svart metallhus och en vitf\u00e4rgad lins av slagt\u00e5lig polycarbonat, ger denna lampa en sofistikerad touch samtidigt som den erbjuder en bred [&hellip;]\" \/>\n<meta property=\"og:url\" content=\"https:\/\/xenonkungen.com\/de\/produkt\/stufenlampe-schwarz\/\" \/>\n<meta property=\"og:site_name\" content=\"Xenonkungen\" \/>\n<meta property=\"article:modified_time\" content=\"2026-04-10T23:50:34+00:00\" \/>\n<meta property=\"og:image\" content=\"https:\/\/xenonkungen.com\/wp-content\/uploads\/2025\/04\/7338631-origpic-d0d5c1.jpg\" \/>\n\t<meta property=\"og:image:width\" content=\"500\" \/>\n\t<meta property=\"og:image:height\" content=\"500\" \/>\n\t<meta property=\"og:image:type\" content=\"image\/jpeg\" \/>\n<meta name=\"twitter:card\" content=\"summary_large_image\" \/>\n<meta name=\"twitter:label1\" content=\"Gesch\u00e4tzte Lesezeit\" \/>\n\t<meta name=\"twitter:data1\" content=\"1\u00a0Minute\" \/>\n<script type=\"application\/ld+json\" class=\"yoast-schema-graph\">{\"@context\":\"https:\/\/schema.org\",\"@graph\":[{\"@type\":\"WebPage\",\"@id\":\"https:\/\/xenonkungen.com\/fi\/tuote\/steg-lampa-black\/\",\"url\":\"https:\/\/xenonkungen.com\/fi\/tuote\/steg-lampa-black\/\",\"name\":\"Steg Lampa Black - Xenonkungen\",\"isPartOf\":{\"@id\":\"https:\/\/xenonkungen.com\/#website\"},\"primaryImageOfPage\":{\"@id\":\"https:\/\/xenonkungen.com\/fi\/tuote\/steg-lampa-black\/#primaryimage\"},\"image\":{\"@id\":\"https:\/\/xenonkungen.com\/fi\/tuote\/steg-lampa-black\/#primaryimage\"},\"thumbnailUrl\":\"https:\/\/xenonkungen.com\/wp-content\/uploads\/2025\/04\/7338631-origpic-d0d5c1.jpg\",\"datePublished\":\"2025-04-15T10:04:57+00:00\",\"dateModified\":\"2026-04-10T23:50:34+00:00\",\"breadcrumb\":{\"@id\":\"https:\/\/xenonkungen.com\/fi\/tuote\/steg-lampa-black\/#breadcrumb\"},\"inLanguage\":\"de\",\"potentialAction\":[{\"@type\":\"ReadAction\",\"target\":[\"https:\/\/xenonkungen.com\/fi\/tuote\/steg-lampa-black\/\"]}]},{\"@type\":\"ImageObject\",\"inLanguage\":\"de\",\"@id\":\"https:\/\/xenonkungen.com\/fi\/tuote\/steg-lampa-black\/#primaryimage\",\"url\":\"https:\/\/xenonkungen.com\/wp-content\/uploads\/2025\/04\/7338631-origpic-d0d5c1.jpg\",\"contentUrl\":\"https:\/\/xenonkungen.com\/wp-content\/uploads\/2025\/04\/7338631-origpic-d0d5c1.jpg\",\"width\":500,\"height\":500},{\"@type\":\"BreadcrumbList\",\"@id\":\"https:\/\/xenonkungen.com\/fi\/tuote\/steg-lampa-black\/#breadcrumb\",\"itemListElement\":[{\"@type\":\"ListItem\",\"position\":1,\"name\":\"Hem\",\"item\":\"https:\/\/xenonkungen.com\/\"},{\"@type\":\"ListItem\",\"position\":2,\"name\":\"Shop\",\"item\":\"https:\/\/xenonkungen.com\/shop\/\"},{\"@type\":\"ListItem\",\"position\":3,\"name\":\"Steg Lampa Black\"}]},{\"@type\":\"WebSite\",\"@id\":\"https:\/\/xenonkungen.com\/#website\",\"url\":\"https:\/\/xenonkungen.com\/\",\"name\":\"Xenonkungen\",\"description\":\"\",\"potentialAction\":[{\"@type\":\"SearchAction\",\"target\":{\"@type\":\"EntryPoint\",\"urlTemplate\":\"https:\/\/xenonkungen.com\/?s={search_term_string}\"},\"query-input\":{\"@type\":\"PropertyValueSpecification\",\"valueRequired\":true,\"valueName\":\"search_term_string\"}}],\"inLanguage\":\"de\"}]}<\/script>\n<!-- \/ Yoast SEO plugin. -->","yoast_head_json":{"title":"Step Lamp Black - Xenonkungen","robots":{"index":"index","follow":"follow","max-snippet":"max-snippet:-1","max-image-preview":"max-image-preview:large","max-video-preview":"max-video-preview:-1"},"canonical":"https:\/\/xenonkungen.com\/de\/produkt\/stufenlampe-schwarz\/","og_locale":"de_DE","og_type":"article","og_title":"Steg Lampa Black - Xenonkungen","og_description":"Elegant Vit Steglampa Denna attraktiva lampa \u00e4r s\u00e4rskilt framtagen f\u00f6r b\u00e5de interi\u00f6rt och exteri\u00f6rt montage, perfekt som steglampa eller f\u00f6r att belysa mindre omr\u00e5den p\u00e5 ett diskret och estetiskt tilltalande s\u00e4tt. Med ett robust svart metallhus och en vitf\u00e4rgad lins av slagt\u00e5lig polycarbonat, ger denna lampa en sofistikerad touch samtidigt som den erbjuder en bred [&hellip;]","og_url":"https:\/\/xenonkungen.com\/de\/produkt\/stufenlampe-schwarz\/","og_site_name":"Xenonkungen","article_modified_time":"2026-04-10T23:50:34+00:00","og_image":[{"width":500,"height":500,"url":"https:\/\/xenonkungen.com\/wp-content\/uploads\/2025\/04\/7338631-origpic-d0d5c1.jpg","type":"image\/jpeg"}],"twitter_card":"summary_large_image","twitter_misc":{"Gesch\u00e4tzte Lesezeit":"1\u00a0Minute"},"schema":{"@context":"https:\/\/schema.org","@graph":[{"@type":"WebPage","@id":"https:\/\/xenonkungen.com\/fi\/tuote\/steg-lampa-black\/","url":"https:\/\/xenonkungen.com\/fi\/tuote\/steg-lampa-black\/","name":"Step Lamp Black - Xenonkungen","isPartOf":{"@id":"https:\/\/xenonkungen.com\/#website"},"primaryImageOfPage":{"@id":"https:\/\/xenonkungen.com\/fi\/tuote\/steg-lampa-black\/#primaryimage"},"image":{"@id":"https:\/\/xenonkungen.com\/fi\/tuote\/steg-lampa-black\/#primaryimage"},"thumbnailUrl":"https:\/\/xenonkungen.com\/wp-content\/uploads\/2025\/04\/7338631-origpic-d0d5c1.jpg","datePublished":"2025-04-15T10:04:57+00:00","dateModified":"2026-04-10T23:50:34+00:00","breadcrumb":{"@id":"https:\/\/xenonkungen.com\/fi\/tuote\/steg-lampa-black\/#breadcrumb"},"inLanguage":"de","potentialAction":[{"@type":"ReadAction","target":["https:\/\/xenonkungen.com\/fi\/tuote\/steg-lampa-black\/"]}]},{"@type":"ImageObject","inLanguage":"de","@id":"https:\/\/xenonkungen.com\/fi\/tuote\/steg-lampa-black\/#primaryimage","url":"https:\/\/xenonkungen.com\/wp-content\/uploads\/2025\/04\/7338631-origpic-d0d5c1.jpg","contentUrl":"https:\/\/xenonkungen.com\/wp-content\/uploads\/2025\/04\/7338631-origpic-d0d5c1.jpg","width":500,"height":500},{"@type":"BreadcrumbList","@id":"https:\/\/xenonkungen.com\/fi\/tuote\/steg-lampa-black\/#breadcrumb","itemListElement":[{"@type":"ListItem","position":1,"name":"Hem","item":"https:\/\/xenonkungen.com\/"},{"@type":"ListItem","position":2,"name":"Shop","item":"https:\/\/xenonkungen.com\/shop\/"},{"@type":"ListItem","position":3,"name":"Steg Lampa Black"}]},{"@type":"WebSite","@id":"https:\/\/xenonkungen.com\/#website","url":"https:\/\/xenonkungen.com\/","name":"Xenonkungen","description":"","potentialAction":[{"@type":"SearchAction","target":{"@type":"EntryPoint","urlTemplate":"https:\/\/xenonkungen.com\/?s={search_term_string}"},"query-input":{"@type":"PropertyValueSpecification","valueRequired":true,"valueName":"search_term_string"}}],"inLanguage":"de"}]}},"taxonomy_info":{"anvandningsomrade":[{"value":166,"label":"Lastbil"},{"value":238,"label":"SL\u00c4P"},{"value":2816,"label":"TRAILER"}],"product_brand":[{"value":1252,"label":"LEA"}],"product_cat":[{"value":2478,"label":"Positionsljus"},{"value":2814,"label":"Steg"}],"pa_fuktskydd-varde-ipxx":[{"value":333,"label":"IP67"}],"pa_storlek-mm":[{"value":2049,"label":"65x30x24"}],"pa_stromforbrukning":[{"value":1832,"label":"0,02A @13,8V"},{"value":1825,"label":"0,03A @28V"}],"pa_volt-v":[{"value":348,"label":"12, 24"}]},"featured_image_src_large":["https:\/\/xenonkungen.com\/wp-content\/uploads\/2025\/04\/7338631-origpic-d0d5c1.jpg",500,500,false],"author_info":[],"comment_info":0,"_links":{"self":[{"href":"https:\/\/xenonkungen.com\/de\/wp-json\/wp\/v2\/product\/8232","targetHints":{"allow":["GET"]}}],"collection":[{"href":"https:\/\/xenonkungen.com\/de\/wp-json\/wp\/v2\/product"}],"about":[{"href":"https:\/\/xenonkungen.com\/de\/wp-json\/wp\/v2\/types\/product"}],"replies":[{"embeddable":true,"href":"https:\/\/xenonkungen.com\/de\/wp-json\/wp\/v2\/comments?post=8232"}],"wp:featuredmedia":[{"embeddable":true,"href":"https:\/\/xenonkungen.com\/de\/wp-json\/wp\/v2\/media\/8233"}],"wp:attachment":[{"href":"https:\/\/xenonkungen.com\/de\/wp-json\/wp\/v2\/media?parent=8232"}],"wp:term":[{"taxonomy":"anvandningsomrade","embeddable":true,"href":"https:\/\/xenonkungen.com\/de\/wp-json\/wp\/v2\/anvandningsomrade?post=8232"},{"taxonomy":"bilmarken","embeddable":true,"href":"https:\/\/xenonkungen.com\/de\/wp-json\/wp\/v2\/bilmarken?post=8232"},{"taxonomy":"product_brand","embeddable":true,"href":"https:\/\/xenonkungen.com\/de\/wp-json\/wp\/v2\/product_brand?post=8232"},{"taxonomy":"product_cat","embeddable":true,"href":"https:\/\/xenonkungen.com\/de\/wp-json\/wp\/v2\/product_cat?post=8232"},{"taxonomy":"product_tag","embeddable":true,"href":"https:\/\/xenonkungen.com\/de\/wp-json\/wp\/v2\/product_tag?post=8232"}],"curies":[{"name":"wp","href":"https:\/\/api.w.org\/{rel}","templated":true}]}}