{"id":8681,"date":"2025-04-15T10:08:46","date_gmt":"2025-04-15T10:08:46","guid":{"rendered":"https:\/\/xenonkungen.com\/product\/skyltbelysning-12-24v-lp150m\/"},"modified":"2025-12-10T14:50:18","modified_gmt":"2025-12-10T13:50:18","slug":"schilderbeleuchtung-12-24v-lp150m","status":"publish","type":"product","link":"https:\/\/xenonkungen.com\/de\/produkt\/schilderbeleuchtung-12-24v-lp150m\/","title":{"rendered":"Schilderbeleuchtung 12-24V LP150M"},"content":{"rendered":"<div class=\"container\">\n<h1>Innovative LED-Kennzeichenleuchte mit direktem Stromanschluss<\/h1>\n<p>Diese LED-Leuchte ist f\u00fcr die einfache Integration in Fahrzeuge ma\u00dfgeschneidert. Sie ist mit einem 1 Meter langen Kabel und einem Stecker f\u00fcr den direkten Anschluss an spezifische Kombileuchten ausgestattet und gew\u00e4hrleistet optimale Sichtbarkeit und Haltbarkeit.<\/p>\n<div class=\"specifications\">\n<h2>Spezifikationen:<\/h2>\n<ul>\n<li><span class=\"highlight\">Gleichstromanschluss:<\/span> Kompatibel mit den Kombileuchten 150ARME und 150ARME10.<\/li>\n<li><span class=\"highlight\">LED-Technik:<\/span> Bietet eine klare und helle Beleuchtung.<\/li>\n<li><span class=\"highlight\">Material:<\/span> Schwarzer ABS-Rahmen f\u00fcr ein elegantes und langlebiges Design.<\/li>\n<li><span class=\"highlight\">Wasserdicht:<\/span> Auslaufsichere Elektronik f\u00fcr zuverl\u00e4ssigen Einsatz bei allen Wetterbedingungen.<\/li>\n<\/ul>\n<\/div>\n<div class=\"features\">\n<h2>Merkmale:<\/h2>\n<ul>\n<li>Verbessert die Sichtbarkeit und Sicherheit Ihres Kennzeichens.<\/li>\n<li>Schnelle und einfache Montage an einer Vielzahl von Fahrzeugen.<\/li>\n<li>Elegantes und unauff\u00e4lliges Design, das zu allen Fahrzeugtypen passt.<\/li>\n<li>Lange Lebensdauer dank hochwertiger Materialien und wasserdichter Konstruktion.<\/li>\n<\/ul>\n<\/div>\n<\/div>\n<p>r<\/p>","protected":false},"excerpt":{"rendered":"<p>Innovativ LED Belysning f\u00f6r Registreringsskylt med Direkt Str\u00f6manslutning Denna LED belysning \u00e4r skr\u00e4ddarsydd f\u00f6r enkel integration med fordon, utrustad med en 1 meter l\u00e5ng kabel och kontakt f\u00f6r direktanslutning till specifika kombinationslampor, vilket s\u00e4kerst\u00e4ller optimal synlighet och h\u00e5llbarhet. Specifikationer: Direkt Str\u00f6manslutning: Kompatibel med kombinationslamporna 150ARME och 150ARME10. LED-teknologi: Ger en klar och stark belysning. Material: [&hellip;]<\/p>","protected":false},"featured_media":8682,"comment_status":"closed","ping_status":"open","template":"","meta":{"_acf_changed":false,"_smort_price_nok":"288","_smort_price_dkk":"183","_smort_price_eur":"24.54","_smort_sale_price_nok":"","_smort_sale_price_dkk":"","_smort_sale_price_eur":"","smort_restorder":"","shipmondo_restorder":"","_kad_blocks_custom_css":"","_kad_blocks_head_custom_js":"","_kad_blocks_body_custom_js":"","_kad_blocks_footer_custom_js":"","smort_custom_pricelist_1":"151.2","smort_custom_pricelist_2":"151.2","smort_custom_pricelist_3":"143.64","smort_custom_pricelist_4":"216","smort_custom_pricelist_5":"151.2"},"anvandningsomrade":[166,238,2816],"bilmarken":[],"product_brand":[1252],"product_cat":[2591],"product_tag":[],"class_list":{"0":"post-8681","1":"product","2":"type-product","3":"status-publish","4":"has-post-thumbnail","6":"anvandningsomrade-lastbil","7":"anvandningsomrade-slap","8":"anvandningsomrade-trailer","9":"product_brand-lea","10":"product_cat-skyltbelysning-slap","11":"pa_storlek-mm-150x105","12":"pa_stromforbrukning-0-03a13-8v","13":"pa_volt-v-12-24","15":"first","16":"onbackorder","17":"taxable","18":"shipping-taxable","19":"purchasable","20":"product-type-simple"},"bundled_by":[],"bundle_stock_status":"onbackorder","bundle_stock_quantity":0,"bundle_virtual":false,"bundle_layout":"","bundle_add_to_cart_form_location":"","bundle_editable_in_cart":false,"bundle_sold_individually_context":"","bundle_item_grouping":"","bundle_min_size":"","bundle_max_size":"","bundle_price":[],"bundled_items":[],"bundle_sell_ids":[],"acf":[],"yoast_head":"<!-- This site is optimized with the Yoast SEO plugin v27.0 - https:\/\/yoast.com\/product\/yoast-seo-wordpress\/ -->\n<title>Skyltbelysning 12-24V LP150M - Xenonkungen<\/title>\n<meta name=\"robots\" content=\"index, follow, max-snippet:-1, max-image-preview:large, max-video-preview:-1\" \/>\n<link rel=\"canonical\" href=\"https:\/\/xenonkungen.com\/de\/produkt\/schilderbeleuchtung-12-24v-lp150m\/\" \/>\n<meta property=\"og:locale\" content=\"de_DE\" \/>\n<meta property=\"og:type\" content=\"article\" \/>\n<meta property=\"og:title\" content=\"Skyltbelysning 12-24V LP150M - Xenonkungen\" \/>\n<meta property=\"og:description\" content=\"Innovativ LED Belysning f\u00f6r Registreringsskylt med Direkt Str\u00f6manslutning Denna LED belysning \u00e4r skr\u00e4ddarsydd f\u00f6r enkel integration med fordon, utrustad med en 1 meter l\u00e5ng kabel och kontakt f\u00f6r direktanslutning till specifika kombinationslampor, vilket s\u00e4kerst\u00e4ller optimal synlighet och h\u00e5llbarhet. Specifikationer: Direkt Str\u00f6manslutning: Kompatibel med kombinationslamporna 150ARME och 150ARME10. LED-teknologi: Ger en klar och stark belysning. Material: [&hellip;]\" \/>\n<meta property=\"og:url\" content=\"https:\/\/xenonkungen.com\/de\/produkt\/schilderbeleuchtung-12-24v-lp150m\/\" \/>\n<meta property=\"og:site_name\" content=\"Xenonkungen\" \/>\n<meta property=\"article:modified_time\" content=\"2025-12-10T13:50:18+00:00\" \/>\n<meta property=\"og:image\" content=\"https:\/\/xenonkungen.com\/wp-content\/uploads\/2025\/04\/7328305-origpic-82ce4a.jpg\" \/>\n\t<meta property=\"og:image:width\" content=\"600\" \/>\n\t<meta property=\"og:image:height\" content=\"600\" \/>\n\t<meta property=\"og:image:type\" content=\"image\/jpeg\" \/>\n<meta name=\"twitter:card\" content=\"summary_large_image\" \/>\n<meta name=\"twitter:label1\" content=\"Gesch\u00e4tzte Lesezeit\" \/>\n\t<meta name=\"twitter:data1\" content=\"1\u00a0Minute\" \/>\n<script type=\"application\/ld+json\" class=\"yoast-schema-graph\">{\"@context\":\"https:\/\/schema.org\",\"@graph\":[{\"@type\":\"WebPage\",\"@id\":\"https:\/\/xenonkungen.com\/fi\/tuote\/mainosvalaistus-12-24v-lp150m\/\",\"url\":\"https:\/\/xenonkungen.com\/fi\/tuote\/mainosvalaistus-12-24v-lp150m\/\",\"name\":\"Skyltbelysning 12-24V LP150M - Xenonkungen\",\"isPartOf\":{\"@id\":\"https:\/\/xenonkungen.com\/#website\"},\"primaryImageOfPage\":{\"@id\":\"https:\/\/xenonkungen.com\/fi\/tuote\/mainosvalaistus-12-24v-lp150m\/#primaryimage\"},\"image\":{\"@id\":\"https:\/\/xenonkungen.com\/fi\/tuote\/mainosvalaistus-12-24v-lp150m\/#primaryimage\"},\"thumbnailUrl\":\"https:\/\/xenonkungen.com\/wp-content\/uploads\/2025\/04\/7328305-origpic-82ce4a.jpg\",\"datePublished\":\"2025-04-15T10:08:46+00:00\",\"dateModified\":\"2025-12-10T13:50:18+00:00\",\"breadcrumb\":{\"@id\":\"https:\/\/xenonkungen.com\/fi\/tuote\/mainosvalaistus-12-24v-lp150m\/#breadcrumb\"},\"inLanguage\":\"de\",\"potentialAction\":[{\"@type\":\"ReadAction\",\"target\":[\"https:\/\/xenonkungen.com\/fi\/tuote\/mainosvalaistus-12-24v-lp150m\/\"]}]},{\"@type\":\"ImageObject\",\"inLanguage\":\"de\",\"@id\":\"https:\/\/xenonkungen.com\/fi\/tuote\/mainosvalaistus-12-24v-lp150m\/#primaryimage\",\"url\":\"https:\/\/xenonkungen.com\/wp-content\/uploads\/2025\/04\/7328305-origpic-82ce4a.jpg\",\"contentUrl\":\"https:\/\/xenonkungen.com\/wp-content\/uploads\/2025\/04\/7328305-origpic-82ce4a.jpg\",\"width\":600,\"height\":600},{\"@type\":\"BreadcrumbList\",\"@id\":\"https:\/\/xenonkungen.com\/fi\/tuote\/mainosvalaistus-12-24v-lp150m\/#breadcrumb\",\"itemListElement\":[{\"@type\":\"ListItem\",\"position\":1,\"name\":\"Hem\",\"item\":\"https:\/\/xenonkungen.com\/\"},{\"@type\":\"ListItem\",\"position\":2,\"name\":\"Shop\",\"item\":\"https:\/\/xenonkungen.com\/shop\/\"},{\"@type\":\"ListItem\",\"position\":3,\"name\":\"Skyltbelysning 12-24V LP150M\"}]},{\"@type\":\"WebSite\",\"@id\":\"https:\/\/xenonkungen.com\/#website\",\"url\":\"https:\/\/xenonkungen.com\/\",\"name\":\"Xenonkungen\",\"description\":\"\",\"potentialAction\":[{\"@type\":\"SearchAction\",\"target\":{\"@type\":\"EntryPoint\",\"urlTemplate\":\"https:\/\/xenonkungen.com\/?s={search_term_string}\"},\"query-input\":{\"@type\":\"PropertyValueSpecification\",\"valueRequired\":true,\"valueName\":\"search_term_string\"}}],\"inLanguage\":\"de\"}]}<\/script>\n<!-- \/ Yoast SEO plugin. -->","yoast_head_json":{"title":"Schilderbeleuchtung 12-24V LP150M \u2013 Der Xenon-K\u00f6nig","robots":{"index":"index","follow":"follow","max-snippet":"max-snippet:-1","max-image-preview":"max-image-preview:large","max-video-preview":"max-video-preview:-1"},"canonical":"https:\/\/xenonkungen.com\/de\/produkt\/schilderbeleuchtung-12-24v-lp150m\/","og_locale":"de_DE","og_type":"article","og_title":"Skyltbelysning 12-24V LP150M - Xenonkungen","og_description":"Innovativ LED Belysning f\u00f6r Registreringsskylt med Direkt Str\u00f6manslutning Denna LED belysning \u00e4r skr\u00e4ddarsydd f\u00f6r enkel integration med fordon, utrustad med en 1 meter l\u00e5ng kabel och kontakt f\u00f6r direktanslutning till specifika kombinationslampor, vilket s\u00e4kerst\u00e4ller optimal synlighet och h\u00e5llbarhet. Specifikationer: Direkt Str\u00f6manslutning: Kompatibel med kombinationslamporna 150ARME och 150ARME10. LED-teknologi: Ger en klar och stark belysning. Material: [&hellip;]","og_url":"https:\/\/xenonkungen.com\/de\/produkt\/schilderbeleuchtung-12-24v-lp150m\/","og_site_name":"Xenonkungen","article_modified_time":"2025-12-10T13:50:18+00:00","og_image":[{"width":600,"height":600,"url":"https:\/\/xenonkungen.com\/wp-content\/uploads\/2025\/04\/7328305-origpic-82ce4a.jpg","type":"image\/jpeg"}],"twitter_card":"summary_large_image","twitter_misc":{"Gesch\u00e4tzte Lesezeit":"1\u00a0Minute"},"schema":{"@context":"https:\/\/schema.org","@graph":[{"@type":"WebPage","@id":"https:\/\/xenonkungen.com\/fi\/tuote\/mainosvalaistus-12-24v-lp150m\/","url":"https:\/\/xenonkungen.com\/fi\/tuote\/mainosvalaistus-12-24v-lp150m\/","name":"Schilderbeleuchtung 12-24V LP150M \u2013 Der Xenon-K\u00f6nig","isPartOf":{"@id":"https:\/\/xenonkungen.com\/#website"},"primaryImageOfPage":{"@id":"https:\/\/xenonkungen.com\/fi\/tuote\/mainosvalaistus-12-24v-lp150m\/#primaryimage"},"image":{"@id":"https:\/\/xenonkungen.com\/fi\/tuote\/mainosvalaistus-12-24v-lp150m\/#primaryimage"},"thumbnailUrl":"https:\/\/xenonkungen.com\/wp-content\/uploads\/2025\/04\/7328305-origpic-82ce4a.jpg","datePublished":"2025-04-15T10:08:46+00:00","dateModified":"2025-12-10T13:50:18+00:00","breadcrumb":{"@id":"https:\/\/xenonkungen.com\/fi\/tuote\/mainosvalaistus-12-24v-lp150m\/#breadcrumb"},"inLanguage":"de","potentialAction":[{"@type":"ReadAction","target":["https:\/\/xenonkungen.com\/fi\/tuote\/mainosvalaistus-12-24v-lp150m\/"]}]},{"@type":"ImageObject","inLanguage":"de","@id":"https:\/\/xenonkungen.com\/fi\/tuote\/mainosvalaistus-12-24v-lp150m\/#primaryimage","url":"https:\/\/xenonkungen.com\/wp-content\/uploads\/2025\/04\/7328305-origpic-82ce4a.jpg","contentUrl":"https:\/\/xenonkungen.com\/wp-content\/uploads\/2025\/04\/7328305-origpic-82ce4a.jpg","width":600,"height":600},{"@type":"BreadcrumbList","@id":"https:\/\/xenonkungen.com\/fi\/tuote\/mainosvalaistus-12-24v-lp150m\/#breadcrumb","itemListElement":[{"@type":"ListItem","position":1,"name":"Hem","item":"https:\/\/xenonkungen.com\/"},{"@type":"ListItem","position":2,"name":"Shop","item":"https:\/\/xenonkungen.com\/shop\/"},{"@type":"ListItem","position":3,"name":"Skyltbelysning 12-24V LP150M"}]},{"@type":"WebSite","@id":"https:\/\/xenonkungen.com\/#website","url":"https:\/\/xenonkungen.com\/","name":"Xenonkungen","description":"","potentialAction":[{"@type":"SearchAction","target":{"@type":"EntryPoint","urlTemplate":"https:\/\/xenonkungen.com\/?s={search_term_string}"},"query-input":{"@type":"PropertyValueSpecification","valueRequired":true,"valueName":"search_term_string"}}],"inLanguage":"de"}]}},"taxonomy_info":{"anvandningsomrade":[{"value":166,"label":"Lastbil"},{"value":238,"label":"SL\u00c4P"},{"value":2816,"label":"TRAILER"}],"product_brand":[{"value":1252,"label":"LEA"}],"product_cat":[{"value":2591,"label":"Skyltbelysning"}],"pa_storlek-mm":[{"value":2125,"label":"150x105"}],"pa_stromforbrukning":[{"value":2112,"label":"0.03A@13.8V"}],"pa_volt-v":[{"value":348,"label":"12, 24"}]},"featured_image_src_large":["https:\/\/xenonkungen.com\/wp-content\/uploads\/2025\/04\/7328305-origpic-82ce4a.jpg",600,600,false],"author_info":[],"comment_info":0,"_links":{"self":[{"href":"https:\/\/xenonkungen.com\/de\/wp-json\/wp\/v2\/product\/8681","targetHints":{"allow":["GET"]}}],"collection":[{"href":"https:\/\/xenonkungen.com\/de\/wp-json\/wp\/v2\/product"}],"about":[{"href":"https:\/\/xenonkungen.com\/de\/wp-json\/wp\/v2\/types\/product"}],"replies":[{"embeddable":true,"href":"https:\/\/xenonkungen.com\/de\/wp-json\/wp\/v2\/comments?post=8681"}],"wp:featuredmedia":[{"embeddable":true,"href":"https:\/\/xenonkungen.com\/de\/wp-json\/wp\/v2\/media\/8682"}],"wp:attachment":[{"href":"https:\/\/xenonkungen.com\/de\/wp-json\/wp\/v2\/media?parent=8681"}],"wp:term":[{"taxonomy":"anvandningsomrade","embeddable":true,"href":"https:\/\/xenonkungen.com\/de\/wp-json\/wp\/v2\/anvandningsomrade?post=8681"},{"taxonomy":"bilmarken","embeddable":true,"href":"https:\/\/xenonkungen.com\/de\/wp-json\/wp\/v2\/bilmarken?post=8681"},{"taxonomy":"product_brand","embeddable":true,"href":"https:\/\/xenonkungen.com\/de\/wp-json\/wp\/v2\/product_brand?post=8681"},{"taxonomy":"product_cat","embeddable":true,"href":"https:\/\/xenonkungen.com\/de\/wp-json\/wp\/v2\/product_cat?post=8681"},{"taxonomy":"product_tag","embeddable":true,"href":"https:\/\/xenonkungen.com\/de\/wp-json\/wp\/v2\/product_tag?post=8681"}],"curies":[{"name":"wp","href":"https:\/\/api.w.org\/{rel}","templated":true}]}}