{"id":8711,"date":"2025-04-15T10:09:04","date_gmt":"2025-04-15T10:09:04","guid":{"rendered":"https:\/\/xenonkungen.com\/product\/backljus-maxilamp-1xrwe\/"},"modified":"2026-04-11T00:58:27","modified_gmt":"2026-04-10T23:58:27","slug":"ruckfahrscheinwerfer-maxilamp-1xrwe","status":"publish","type":"product","link":"https:\/\/xenonkungen.com\/de\/produkt\/ruckfahrscheinwerfer-maxilamp-1xrwe\/","title":{"rendered":"Hintergrundbeleuchtung Maxilamp 1XRWE"},"content":{"rendered":"<div class=\"container\">\n<h1>Maxilamp 1XRWE R\u00fccklicht<\/h1>\n<p>Der R\u00fcckfahrscheinwerfer \"Maxilamp 1XRWE\" von LED Autolamps ist eine innovative und zuverl\u00e4ssige Fahrzeugbeleuchtungsl\u00f6sung, die R\u00fcckfahrlichtfunktionalit\u00e4t in einem robusten und \u00e4sthetisch ansprechenden Design bietet.<\/p>\n<h2>Konstruktion und Qualit\u00e4t<\/h2>\n<ul>\n<li>Leuchtenk\u00f6rper aus schlagfestem Acryl und Polycarbonatglas.<\/li>\n<li>Hohe Chemikalienbest\u00e4ndigkeit und erweiterter UV-Schutz.<\/li>\n<li>Vollst\u00e4ndig untertauchbar nach IP67, rostfrei und sto\u00dffest.<\/li>\n<\/ul>\n<p>><\/p>\n<p><strong>7 Jahre Garantie.<\/strong><\/p>\n<\/div>","protected":false},"excerpt":{"rendered":"<p>Maxilamp 1XRWE Baklampa Baklampan &#8221;Maxilamp 1XRWE&#8221; fr\u00e5n LED Autolamps \u00e4r en innovativ och p\u00e5litlig l\u00f6sning f\u00f6r fordonsbelysning, som erbjuder backljusfunktionalitet inom en robust och estetiskt tilltalande design. Konstruktion och Kvalitet Lamphus av slagt\u00e5lig akryl och glas av polykarbonat. H\u00f6g resistens mot kemikalier och ut\u00f6kat UV-skydd. Fullt dr\u00e4nkbar med IP67-klassificering, rostfri och st\u00f6tt\u00e5lig. > 7 \u00e5rs [&hellip;]<\/p>","protected":false},"featured_media":8712,"comment_status":"closed","ping_status":"open","template":"","meta":{"_acf_changed":false,"_smort_price_nok":"844","_smort_price_dkk":"536","_smort_price_eur":"71.81","_smort_sale_price_nok":"","_smort_sale_price_dkk":"","_smort_sale_price_eur":"","smort_restorder":"","shipmondo_restorder":"","_kad_blocks_custom_css":"","_kad_blocks_head_custom_js":"","_kad_blocks_body_custom_js":"","_kad_blocks_footer_custom_js":"","smort_custom_pricelist_1":"442.4","smort_custom_pricelist_2":"442.4","smort_custom_pricelist_3":"420.28","smort_custom_pricelist_4":"632","smort_custom_pricelist_5":"442.4"},"anvandningsomrade":[166,238,2816],"bilmarken":[],"product_brand":[1252],"product_cat":[2585],"product_tag":[],"class_list":{"0":"post-8711","1":"product","2":"type-product","3":"status-publish","4":"has-post-thumbnail","6":"anvandningsomrade-lastbil","7":"anvandningsomrade-slap","8":"anvandningsomrade-trailer","9":"product_brand-lea","10":"product_cat-backljus","11":"pa_fuktskydd-varde-ipxx-ip67","12":"pa_godkannande-ece-emc","13":"pa_storlek-mm-125x40","14":"pa_volt-v-12-24","16":"first","17":"onbackorder","18":"taxable","19":"shipping-taxable","20":"purchasable","21":"product-type-simple"},"bundled_by":[],"bundle_stock_status":"onbackorder","bundle_stock_quantity":0,"bundle_virtual":false,"bundle_layout":"","bundle_add_to_cart_form_location":"","bundle_editable_in_cart":false,"bundle_sold_individually_context":"","bundle_item_grouping":"","bundle_min_size":"","bundle_max_size":"","bundle_price":[],"bundled_items":[],"bundle_sell_ids":[],"acf":[],"yoast_head":"<!-- This site is optimized with the Yoast SEO plugin v27.0 - https:\/\/yoast.com\/product\/yoast-seo-wordpress\/ -->\n<title>Backljus Maxilamp 1XRWE - Xenonkungen<\/title>\n<meta name=\"robots\" content=\"index, follow, max-snippet:-1, max-image-preview:large, max-video-preview:-1\" \/>\n<link rel=\"canonical\" href=\"https:\/\/xenonkungen.com\/de\/produkt\/ruckfahrscheinwerfer-maxilamp-1xrwe\/\" \/>\n<meta property=\"og:locale\" content=\"de_DE\" \/>\n<meta property=\"og:type\" content=\"article\" \/>\n<meta property=\"og:title\" content=\"Backljus Maxilamp 1XRWE - Xenonkungen\" \/>\n<meta property=\"og:description\" content=\"Maxilamp 1XRWE Baklampa Baklampan &#8221;Maxilamp 1XRWE&#8221; fr\u00e5n LED Autolamps \u00e4r en innovativ och p\u00e5litlig l\u00f6sning f\u00f6r fordonsbelysning, som erbjuder backljusfunktionalitet inom en robust och estetiskt tilltalande design. Konstruktion och Kvalitet Lamphus av slagt\u00e5lig akryl och glas av polykarbonat. H\u00f6g resistens mot kemikalier och ut\u00f6kat UV-skydd. Fullt dr\u00e4nkbar med IP67-klassificering, rostfri och st\u00f6tt\u00e5lig. &gt; 7 \u00e5rs [&hellip;]\" \/>\n<meta property=\"og:url\" content=\"https:\/\/xenonkungen.com\/de\/produkt\/ruckfahrscheinwerfer-maxilamp-1xrwe\/\" \/>\n<meta property=\"og:site_name\" content=\"Xenonkungen\" \/>\n<meta property=\"article:modified_time\" content=\"2026-04-10T23:58:27+00:00\" \/>\n<meta property=\"og:image\" content=\"https:\/\/xenonkungen.com\/wp-content\/uploads\/2025\/04\/7328057-origpic-d55824.jpg\" \/>\n\t<meta property=\"og:image:width\" content=\"600\" \/>\n\t<meta property=\"og:image:height\" content=\"600\" \/>\n\t<meta property=\"og:image:type\" content=\"image\/jpeg\" \/>\n<meta name=\"twitter:card\" content=\"summary_large_image\" \/>\n<script type=\"application\/ld+json\" class=\"yoast-schema-graph\">{\"@context\":\"https:\/\/schema.org\",\"@graph\":[{\"@type\":\"WebPage\",\"@id\":\"https:\/\/xenonkungen.com\/produkt\/backljus-maxilamp-1xrwe\/\",\"url\":\"https:\/\/xenonkungen.com\/produkt\/backljus-maxilamp-1xrwe\/\",\"name\":\"Backljus Maxilamp 1XRWE - Xenonkungen\",\"isPartOf\":{\"@id\":\"https:\/\/xenonkungen.com\/#website\"},\"primaryImageOfPage\":{\"@id\":\"https:\/\/xenonkungen.com\/produkt\/backljus-maxilamp-1xrwe\/#primaryimage\"},\"image\":{\"@id\":\"https:\/\/xenonkungen.com\/produkt\/backljus-maxilamp-1xrwe\/#primaryimage\"},\"thumbnailUrl\":\"https:\/\/xenonkungen.com\/wp-content\/uploads\/2025\/04\/7328057-origpic-d55824.jpg\",\"datePublished\":\"2025-04-15T10:09:04+00:00\",\"dateModified\":\"2026-04-10T23:58:27+00:00\",\"breadcrumb\":{\"@id\":\"https:\/\/xenonkungen.com\/produkt\/backljus-maxilamp-1xrwe\/#breadcrumb\"},\"inLanguage\":\"de\",\"potentialAction\":[{\"@type\":\"ReadAction\",\"target\":[\"https:\/\/xenonkungen.com\/produkt\/backljus-maxilamp-1xrwe\/\"]}]},{\"@type\":\"ImageObject\",\"inLanguage\":\"de\",\"@id\":\"https:\/\/xenonkungen.com\/produkt\/backljus-maxilamp-1xrwe\/#primaryimage\",\"url\":\"https:\/\/xenonkungen.com\/wp-content\/uploads\/2025\/04\/7328057-origpic-d55824.jpg\",\"contentUrl\":\"https:\/\/xenonkungen.com\/wp-content\/uploads\/2025\/04\/7328057-origpic-d55824.jpg\",\"width\":600,\"height\":600},{\"@type\":\"BreadcrumbList\",\"@id\":\"https:\/\/xenonkungen.com\/produkt\/backljus-maxilamp-1xrwe\/#breadcrumb\",\"itemListElement\":[{\"@type\":\"ListItem\",\"position\":1,\"name\":\"Hem\",\"item\":\"https:\/\/xenonkungen.com\/\"},{\"@type\":\"ListItem\",\"position\":2,\"name\":\"Shop\",\"item\":\"https:\/\/xenonkungen.com\/shop\/\"},{\"@type\":\"ListItem\",\"position\":3,\"name\":\"Backljus Maxilamp 1XRWE\"}]},{\"@type\":\"WebSite\",\"@id\":\"https:\/\/xenonkungen.com\/#website\",\"url\":\"https:\/\/xenonkungen.com\/\",\"name\":\"Xenonkungen\",\"description\":\"\",\"potentialAction\":[{\"@type\":\"SearchAction\",\"target\":{\"@type\":\"EntryPoint\",\"urlTemplate\":\"https:\/\/xenonkungen.com\/?s={search_term_string}\"},\"query-input\":{\"@type\":\"PropertyValueSpecification\",\"valueRequired\":true,\"valueName\":\"search_term_string\"}}],\"inLanguage\":\"de\"}]}<\/script>\n<!-- \/ Yoast SEO plugin. -->","yoast_head_json":{"title":"R\u00fcckfahrscheinwerfer Maxilamp 1XRWE \u2013 Der Xenon-K\u00f6nig","robots":{"index":"index","follow":"follow","max-snippet":"max-snippet:-1","max-image-preview":"max-image-preview:large","max-video-preview":"max-video-preview:-1"},"canonical":"https:\/\/xenonkungen.com\/de\/produkt\/ruckfahrscheinwerfer-maxilamp-1xrwe\/","og_locale":"de_DE","og_type":"article","og_title":"Backljus Maxilamp 1XRWE - Xenonkungen","og_description":"Maxilamp 1XRWE Baklampa Baklampan &#8221;Maxilamp 1XRWE&#8221; fr\u00e5n LED Autolamps \u00e4r en innovativ och p\u00e5litlig l\u00f6sning f\u00f6r fordonsbelysning, som erbjuder backljusfunktionalitet inom en robust och estetiskt tilltalande design. Konstruktion och Kvalitet Lamphus av slagt\u00e5lig akryl och glas av polykarbonat. H\u00f6g resistens mot kemikalier och ut\u00f6kat UV-skydd. Fullt dr\u00e4nkbar med IP67-klassificering, rostfri och st\u00f6tt\u00e5lig. > 7 \u00e5rs [&hellip;]","og_url":"https:\/\/xenonkungen.com\/de\/produkt\/ruckfahrscheinwerfer-maxilamp-1xrwe\/","og_site_name":"Xenonkungen","article_modified_time":"2026-04-10T23:58:27+00:00","og_image":[{"width":600,"height":600,"url":"https:\/\/xenonkungen.com\/wp-content\/uploads\/2025\/04\/7328057-origpic-d55824.jpg","type":"image\/jpeg"}],"twitter_card":"summary_large_image","schema":{"@context":"https:\/\/schema.org","@graph":[{"@type":"WebPage","@id":"https:\/\/xenonkungen.com\/produkt\/backljus-maxilamp-1xrwe\/","url":"https:\/\/xenonkungen.com\/produkt\/backljus-maxilamp-1xrwe\/","name":"R\u00fcckfahrscheinwerfer Maxilamp 1XRWE \u2013 Der Xenon-K\u00f6nig","isPartOf":{"@id":"https:\/\/xenonkungen.com\/#website"},"primaryImageOfPage":{"@id":"https:\/\/xenonkungen.com\/produkt\/backljus-maxilamp-1xrwe\/#primaryimage"},"image":{"@id":"https:\/\/xenonkungen.com\/produkt\/backljus-maxilamp-1xrwe\/#primaryimage"},"thumbnailUrl":"https:\/\/xenonkungen.com\/wp-content\/uploads\/2025\/04\/7328057-origpic-d55824.jpg","datePublished":"2025-04-15T10:09:04+00:00","dateModified":"2026-04-10T23:58:27+00:00","breadcrumb":{"@id":"https:\/\/xenonkungen.com\/produkt\/backljus-maxilamp-1xrwe\/#breadcrumb"},"inLanguage":"de","potentialAction":[{"@type":"ReadAction","target":["https:\/\/xenonkungen.com\/produkt\/backljus-maxilamp-1xrwe\/"]}]},{"@type":"ImageObject","inLanguage":"de","@id":"https:\/\/xenonkungen.com\/produkt\/backljus-maxilamp-1xrwe\/#primaryimage","url":"https:\/\/xenonkungen.com\/wp-content\/uploads\/2025\/04\/7328057-origpic-d55824.jpg","contentUrl":"https:\/\/xenonkungen.com\/wp-content\/uploads\/2025\/04\/7328057-origpic-d55824.jpg","width":600,"height":600},{"@type":"BreadcrumbList","@id":"https:\/\/xenonkungen.com\/produkt\/backljus-maxilamp-1xrwe\/#breadcrumb","itemListElement":[{"@type":"ListItem","position":1,"name":"Hem","item":"https:\/\/xenonkungen.com\/"},{"@type":"ListItem","position":2,"name":"Shop","item":"https:\/\/xenonkungen.com\/shop\/"},{"@type":"ListItem","position":3,"name":"Backljus Maxilamp 1XRWE"}]},{"@type":"WebSite","@id":"https:\/\/xenonkungen.com\/#website","url":"https:\/\/xenonkungen.com\/","name":"Xenonkungen","description":"","potentialAction":[{"@type":"SearchAction","target":{"@type":"EntryPoint","urlTemplate":"https:\/\/xenonkungen.com\/?s={search_term_string}"},"query-input":{"@type":"PropertyValueSpecification","valueRequired":true,"valueName":"search_term_string"}}],"inLanguage":"de"}]}},"taxonomy_info":{"anvandningsomrade":[{"value":166,"label":"Lastbil"},{"value":238,"label":"SL\u00c4P"},{"value":2816,"label":"TRAILER"}],"product_brand":[{"value":1252,"label":"LEA"}],"product_cat":[{"value":2585,"label":"Backljus"}],"pa_fuktskydd-varde-ipxx":[{"value":333,"label":"IP67"}],"pa_godkannande":[{"value":1262,"label":"ECE, EMC"}],"pa_storlek-mm":[{"value":2128,"label":"125x40"}],"pa_volt-v":[{"value":348,"label":"12, 24"}]},"featured_image_src_large":["https:\/\/xenonkungen.com\/wp-content\/uploads\/2025\/04\/7328057-origpic-d55824.jpg",600,600,false],"author_info":[],"comment_info":0,"_links":{"self":[{"href":"https:\/\/xenonkungen.com\/de\/wp-json\/wp\/v2\/product\/8711","targetHints":{"allow":["GET"]}}],"collection":[{"href":"https:\/\/xenonkungen.com\/de\/wp-json\/wp\/v2\/product"}],"about":[{"href":"https:\/\/xenonkungen.com\/de\/wp-json\/wp\/v2\/types\/product"}],"replies":[{"embeddable":true,"href":"https:\/\/xenonkungen.com\/de\/wp-json\/wp\/v2\/comments?post=8711"}],"wp:featuredmedia":[{"embeddable":true,"href":"https:\/\/xenonkungen.com\/de\/wp-json\/wp\/v2\/media\/8712"}],"wp:attachment":[{"href":"https:\/\/xenonkungen.com\/de\/wp-json\/wp\/v2\/media?parent=8711"}],"wp:term":[{"taxonomy":"anvandningsomrade","embeddable":true,"href":"https:\/\/xenonkungen.com\/de\/wp-json\/wp\/v2\/anvandningsomrade?post=8711"},{"taxonomy":"bilmarken","embeddable":true,"href":"https:\/\/xenonkungen.com\/de\/wp-json\/wp\/v2\/bilmarken?post=8711"},{"taxonomy":"product_brand","embeddable":true,"href":"https:\/\/xenonkungen.com\/de\/wp-json\/wp\/v2\/product_brand?post=8711"},{"taxonomy":"product_cat","embeddable":true,"href":"https:\/\/xenonkungen.com\/de\/wp-json\/wp\/v2\/product_cat?post=8711"},{"taxonomy":"product_tag","embeddable":true,"href":"https:\/\/xenonkungen.com\/de\/wp-json\/wp\/v2\/product_tag?post=8711"}],"curies":[{"name":"wp","href":"https:\/\/api.w.org\/{rel}","templated":true}]}}