{"id":8721,"date":"2025-04-15T10:09:04","date_gmt":"2025-04-15T10:09:04","guid":{"rendered":"https:\/\/xenonkungen.com\/product\/baklampa-maxilamp-c1xre\/"},"modified":"2026-04-11T00:58:37","modified_gmt":"2026-04-10T23:58:37","slug":"rucklicht-maxilamp-c1xre","status":"publish","type":"product","link":"https:\/\/xenonkungen.com\/de\/produkt\/rucklicht-maxilamp-c1xre\/","title":{"rendered":"R\u00fccklicht MaXilamp C1XRE"},"content":{"rendered":"<h2>Runde Kombinationsleuchte \u2013 Bremslicht, R\u00fccklicht, Blinker und Reflektor<\/h2>\n<p>Entdecken Sie mit unserem Sortiment die perfekte L\u00f6sung f\u00fcr die Beleuchtung Ihres Fahrzeugs. <strong>Runde Kombinationslampe<\/strong>Diese Leuchte vereint Bremslicht, R\u00fccklicht, Blinker und Reflektor in einem kompakten und eleganten Design. Sie bietet optimale Sicht und Sicherheit und verleiht Ihrem Fahrzeug zudem einen modernen und stilvollen Look. Dank einfacher Montage und langer Lebensdauer ist sie die ideale Wahl f\u00fcr Pkw, Anh\u00e4nger und andere Fahrzeuge.<\/p>\n<h3>Vorteile:<\/h3>\n<ul>\n<li>4 Funktionen in 1: Bremslicht, R\u00fccklicht, Blinker und Reflektor<\/li>\n<li>Kompaktes und rundes Design, das zu allen Fahrzeugtypen passt<\/li>\n<li>Hohe Helligkeit f\u00fcr mehr Sicherheit und bessere Sichtbarkeit<\/li>\n<li>Einfache Installation und lange Lebensdauer<\/li>\n<\/ul>\n<p>Verleihen Sie Ihrem Fahrzeug mit unserer runden Kombinationsleuchte einen stilvollen und funktionalen Look!<\/p>","protected":false},"excerpt":{"rendered":"<p>Die runde Kombinationsleuchte bietet eine intelligente und effiziente L\u00f6sung mit vier Funktionen in einem Ger\u00e4t: Bremslicht, R\u00fccklicht, Blinker und Reflektor. Das kompakte Design vereint Stil und Sicherheit und macht sie ideal f\u00fcr alle Fahrzeugtypen.<\/p>","protected":false},"featured_media":8722,"comment_status":"closed","ping_status":"open","template":"","meta":{"_acf_changed":false,"_smort_price_nok":"950","_smort_price_dkk":"603","_smort_price_eur":"80.81","_smort_sale_price_nok":"","_smort_sale_price_dkk":"","_smort_sale_price_eur":"","smort_restorder":"","shipmondo_restorder":"","_kad_blocks_custom_css":"","_kad_blocks_head_custom_js":"","_kad_blocks_body_custom_js":"","_kad_blocks_footer_custom_js":"","smort_custom_pricelist_1":"568.96","smort_custom_pricelist_2":"497.84","smort_custom_pricelist_3":"462.28","smort_custom_pricelist_4":"711.2","smort_custom_pricelist_5":"497.84"},"anvandningsomrade":[166,238,2816],"bilmarken":[],"product_brand":[1252],"product_cat":[2552],"product_tag":[],"class_list":{"0":"post-8721","1":"product","2":"type-product","3":"status-publish","4":"has-post-thumbnail","6":"anvandningsomrade-lastbil","7":"anvandningsomrade-slap","8":"anvandningsomrade-trailer","9":"product_brand-lea","10":"product_cat-bakljus-slap","11":"pa_fuktskydd-varde-ipxx-ip67","12":"pa_godkannande-ece-emc","13":"pa_storlek-mm-125x40","14":"pa_volt-v-12-24","16":"first","17":"onbackorder","18":"taxable","19":"shipping-taxable","20":"purchasable","21":"product-type-simple"},"bundled_by":[],"bundle_stock_status":"onbackorder","bundle_stock_quantity":0,"bundle_virtual":false,"bundle_layout":"","bundle_add_to_cart_form_location":"","bundle_editable_in_cart":false,"bundle_sold_individually_context":"","bundle_item_grouping":"","bundle_min_size":"","bundle_max_size":"","bundle_price":[],"bundled_items":[],"bundle_sell_ids":[],"acf":[],"yoast_head":"<!-- This site is optimized with the Yoast SEO plugin v27.0 - https:\/\/yoast.com\/product\/yoast-seo-wordpress\/ -->\n<title>Baklampa MaXilamp C1XRE - Xenonkungen<\/title>\n<meta name=\"robots\" content=\"index, follow, max-snippet:-1, max-image-preview:large, max-video-preview:-1\" \/>\n<link rel=\"canonical\" href=\"https:\/\/xenonkungen.com\/de\/produkt\/rucklicht-maxilamp-c1xre\/\" \/>\n<meta property=\"og:locale\" content=\"de_DE\" \/>\n<meta property=\"og:type\" content=\"article\" \/>\n<meta property=\"og:title\" content=\"Baklampa MaXilamp C1XRE - Xenonkungen\" \/>\n<meta property=\"og:description\" content=\"Den runda kombinationslampan erbjuder en smart och effektiv l\u00f6sning med fyra funktioner i en enhet: bromsljus, bakljus, blinkers och reflektor. Den kompakta designen ger b\u00e5de stil och s\u00e4kerhet, vilket g\u00f6r den idealisk f\u00f6r alla typer av fordon.\" \/>\n<meta property=\"og:url\" content=\"https:\/\/xenonkungen.com\/de\/produkt\/rucklicht-maxilamp-c1xre\/\" \/>\n<meta property=\"og:site_name\" content=\"Xenonkungen\" \/>\n<meta property=\"article:modified_time\" content=\"2026-04-10T23:58:37+00:00\" \/>\n<meta property=\"og:image\" content=\"https:\/\/xenonkungen.com\/wp-content\/uploads\/2025\/04\/215587875-origpic-24c1fd.jpg\" \/>\n\t<meta property=\"og:image:width\" content=\"800\" \/>\n\t<meta property=\"og:image:height\" content=\"800\" \/>\n\t<meta property=\"og:image:type\" content=\"image\/jpeg\" \/>\n<meta name=\"twitter:card\" content=\"summary_large_image\" \/>\n<meta name=\"twitter:label1\" content=\"Gesch\u00e4tzte Lesezeit\" \/>\n\t<meta name=\"twitter:data1\" content=\"1\u00a0Minute\" \/>\n<script type=\"application\/ld+json\" class=\"yoast-schema-graph\">{\"@context\":\"https:\/\/schema.org\",\"@graph\":[{\"@type\":\"WebPage\",\"@id\":\"https:\/\/xenonkungen.com\/fi\/tuote\/takavalo-maxilamp-c1xre\/\",\"url\":\"https:\/\/xenonkungen.com\/fi\/tuote\/takavalo-maxilamp-c1xre\/\",\"name\":\"Baklampa MaXilamp C1XRE - Xenonkungen\",\"isPartOf\":{\"@id\":\"https:\/\/xenonkungen.com\/#website\"},\"primaryImageOfPage\":{\"@id\":\"https:\/\/xenonkungen.com\/fi\/tuote\/takavalo-maxilamp-c1xre\/#primaryimage\"},\"image\":{\"@id\":\"https:\/\/xenonkungen.com\/fi\/tuote\/takavalo-maxilamp-c1xre\/#primaryimage\"},\"thumbnailUrl\":\"https:\/\/xenonkungen.com\/wp-content\/uploads\/2025\/04\/215587875-origpic-24c1fd.jpg\",\"datePublished\":\"2025-04-15T10:09:04+00:00\",\"dateModified\":\"2026-04-10T23:58:37+00:00\",\"breadcrumb\":{\"@id\":\"https:\/\/xenonkungen.com\/fi\/tuote\/takavalo-maxilamp-c1xre\/#breadcrumb\"},\"inLanguage\":\"de\",\"potentialAction\":[{\"@type\":\"ReadAction\",\"target\":[\"https:\/\/xenonkungen.com\/fi\/tuote\/takavalo-maxilamp-c1xre\/\"]}]},{\"@type\":\"ImageObject\",\"inLanguage\":\"de\",\"@id\":\"https:\/\/xenonkungen.com\/fi\/tuote\/takavalo-maxilamp-c1xre\/#primaryimage\",\"url\":\"https:\/\/xenonkungen.com\/wp-content\/uploads\/2025\/04\/215587875-origpic-24c1fd.jpg\",\"contentUrl\":\"https:\/\/xenonkungen.com\/wp-content\/uploads\/2025\/04\/215587875-origpic-24c1fd.jpg\",\"width\":800,\"height\":800},{\"@type\":\"BreadcrumbList\",\"@id\":\"https:\/\/xenonkungen.com\/fi\/tuote\/takavalo-maxilamp-c1xre\/#breadcrumb\",\"itemListElement\":[{\"@type\":\"ListItem\",\"position\":1,\"name\":\"Hem\",\"item\":\"https:\/\/xenonkungen.com\/\"},{\"@type\":\"ListItem\",\"position\":2,\"name\":\"Shop\",\"item\":\"https:\/\/xenonkungen.com\/shop\/\"},{\"@type\":\"ListItem\",\"position\":3,\"name\":\"Baklampa MaXilamp C1XRE\"}]},{\"@type\":\"WebSite\",\"@id\":\"https:\/\/xenonkungen.com\/#website\",\"url\":\"https:\/\/xenonkungen.com\/\",\"name\":\"Xenonkungen\",\"description\":\"\",\"potentialAction\":[{\"@type\":\"SearchAction\",\"target\":{\"@type\":\"EntryPoint\",\"urlTemplate\":\"https:\/\/xenonkungen.com\/?s={search_term_string}\"},\"query-input\":{\"@type\":\"PropertyValueSpecification\",\"valueRequired\":true,\"valueName\":\"search_term_string\"}}],\"inLanguage\":\"de\"}]}<\/script>\n<!-- \/ Yoast SEO plugin. -->","yoast_head_json":{"title":"R\u00fcckleuchte MaXilamp C1XRE \u2013 Der Xenon-K\u00f6nig","robots":{"index":"index","follow":"follow","max-snippet":"max-snippet:-1","max-image-preview":"max-image-preview:large","max-video-preview":"max-video-preview:-1"},"canonical":"https:\/\/xenonkungen.com\/de\/produkt\/rucklicht-maxilamp-c1xre\/","og_locale":"de_DE","og_type":"article","og_title":"Baklampa MaXilamp C1XRE - Xenonkungen","og_description":"Den runda kombinationslampan erbjuder en smart och effektiv l\u00f6sning med fyra funktioner i en enhet: bromsljus, bakljus, blinkers och reflektor. Den kompakta designen ger b\u00e5de stil och s\u00e4kerhet, vilket g\u00f6r den idealisk f\u00f6r alla typer av fordon.","og_url":"https:\/\/xenonkungen.com\/de\/produkt\/rucklicht-maxilamp-c1xre\/","og_site_name":"Xenonkungen","article_modified_time":"2026-04-10T23:58:37+00:00","og_image":[{"width":800,"height":800,"url":"https:\/\/xenonkungen.com\/wp-content\/uploads\/2025\/04\/215587875-origpic-24c1fd.jpg","type":"image\/jpeg"}],"twitter_card":"summary_large_image","twitter_misc":{"Gesch\u00e4tzte Lesezeit":"1\u00a0Minute"},"schema":{"@context":"https:\/\/schema.org","@graph":[{"@type":"WebPage","@id":"https:\/\/xenonkungen.com\/fi\/tuote\/takavalo-maxilamp-c1xre\/","url":"https:\/\/xenonkungen.com\/fi\/tuote\/takavalo-maxilamp-c1xre\/","name":"R\u00fcckleuchte MaXilamp C1XRE \u2013 Der Xenon-K\u00f6nig","isPartOf":{"@id":"https:\/\/xenonkungen.com\/#website"},"primaryImageOfPage":{"@id":"https:\/\/xenonkungen.com\/fi\/tuote\/takavalo-maxilamp-c1xre\/#primaryimage"},"image":{"@id":"https:\/\/xenonkungen.com\/fi\/tuote\/takavalo-maxilamp-c1xre\/#primaryimage"},"thumbnailUrl":"https:\/\/xenonkungen.com\/wp-content\/uploads\/2025\/04\/215587875-origpic-24c1fd.jpg","datePublished":"2025-04-15T10:09:04+00:00","dateModified":"2026-04-10T23:58:37+00:00","breadcrumb":{"@id":"https:\/\/xenonkungen.com\/fi\/tuote\/takavalo-maxilamp-c1xre\/#breadcrumb"},"inLanguage":"de","potentialAction":[{"@type":"ReadAction","target":["https:\/\/xenonkungen.com\/fi\/tuote\/takavalo-maxilamp-c1xre\/"]}]},{"@type":"ImageObject","inLanguage":"de","@id":"https:\/\/xenonkungen.com\/fi\/tuote\/takavalo-maxilamp-c1xre\/#primaryimage","url":"https:\/\/xenonkungen.com\/wp-content\/uploads\/2025\/04\/215587875-origpic-24c1fd.jpg","contentUrl":"https:\/\/xenonkungen.com\/wp-content\/uploads\/2025\/04\/215587875-origpic-24c1fd.jpg","width":800,"height":800},{"@type":"BreadcrumbList","@id":"https:\/\/xenonkungen.com\/fi\/tuote\/takavalo-maxilamp-c1xre\/#breadcrumb","itemListElement":[{"@type":"ListItem","position":1,"name":"Hem","item":"https:\/\/xenonkungen.com\/"},{"@type":"ListItem","position":2,"name":"Shop","item":"https:\/\/xenonkungen.com\/shop\/"},{"@type":"ListItem","position":3,"name":"Baklampa MaXilamp C1XRE"}]},{"@type":"WebSite","@id":"https:\/\/xenonkungen.com\/#website","url":"https:\/\/xenonkungen.com\/","name":"Xenonkungen","description":"","potentialAction":[{"@type":"SearchAction","target":{"@type":"EntryPoint","urlTemplate":"https:\/\/xenonkungen.com\/?s={search_term_string}"},"query-input":{"@type":"PropertyValueSpecification","valueRequired":true,"valueName":"search_term_string"}}],"inLanguage":"de"}]}},"taxonomy_info":{"anvandningsomrade":[{"value":166,"label":"Lastbil"},{"value":238,"label":"SL\u00c4P"},{"value":2816,"label":"TRAILER"}],"product_brand":[{"value":1252,"label":"LEA"}],"product_cat":[{"value":2552,"label":"Bakljus"}],"pa_fuktskydd-varde-ipxx":[{"value":333,"label":"IP67"}],"pa_godkannande":[{"value":1262,"label":"ECE, EMC"}],"pa_storlek-mm":[{"value":2128,"label":"125x40"}],"pa_volt-v":[{"value":348,"label":"12, 24"}]},"featured_image_src_large":["https:\/\/xenonkungen.com\/wp-content\/uploads\/2025\/04\/215587875-origpic-24c1fd.jpg",800,800,false],"author_info":[],"comment_info":0,"_links":{"self":[{"href":"https:\/\/xenonkungen.com\/de\/wp-json\/wp\/v2\/product\/8721","targetHints":{"allow":["GET"]}}],"collection":[{"href":"https:\/\/xenonkungen.com\/de\/wp-json\/wp\/v2\/product"}],"about":[{"href":"https:\/\/xenonkungen.com\/de\/wp-json\/wp\/v2\/types\/product"}],"replies":[{"embeddable":true,"href":"https:\/\/xenonkungen.com\/de\/wp-json\/wp\/v2\/comments?post=8721"}],"wp:featuredmedia":[{"embeddable":true,"href":"https:\/\/xenonkungen.com\/de\/wp-json\/wp\/v2\/media\/8722"}],"wp:attachment":[{"href":"https:\/\/xenonkungen.com\/de\/wp-json\/wp\/v2\/media?parent=8721"}],"wp:term":[{"taxonomy":"anvandningsomrade","embeddable":true,"href":"https:\/\/xenonkungen.com\/de\/wp-json\/wp\/v2\/anvandningsomrade?post=8721"},{"taxonomy":"bilmarken","embeddable":true,"href":"https:\/\/xenonkungen.com\/de\/wp-json\/wp\/v2\/bilmarken?post=8721"},{"taxonomy":"product_brand","embeddable":true,"href":"https:\/\/xenonkungen.com\/de\/wp-json\/wp\/v2\/product_brand?post=8721"},{"taxonomy":"product_cat","embeddable":true,"href":"https:\/\/xenonkungen.com\/de\/wp-json\/wp\/v2\/product_cat?post=8721"},{"taxonomy":"product_tag","embeddable":true,"href":"https:\/\/xenonkungen.com\/de\/wp-json\/wp\/v2\/product_tag?post=8721"}],"curies":[{"name":"wp","href":"https:\/\/api.w.org\/{rel}","templated":true}]}}