{"id":8819,"date":"2025-04-15T10:10:05","date_gmt":"2025-04-15T10:10:05","guid":{"rendered":"https:\/\/xenonkungen.com\/product\/airzing-mini-air-purifier\/"},"modified":"2026-04-11T01:29:20","modified_gmt":"2026-04-11T00:29:20","slug":"airzing-mini-luftreiniger","status":"publish","type":"product","link":"https:\/\/xenonkungen.com\/de\/produkt\/airzing-mini-luftreiniger\/","title":{"rendered":"AirZing Mini-Luftreiniger"},"content":{"rendered":"<h1>OSRAM AirZing Mini<\/h1>\n<p>Eine innovative L\u00f6sung zur Luftreinigung in Fahrzeugen. AirZing Mini nutzt OSRAMs umfassendes Wissen \u00fcber UV-Licht und saugt Luft an und leitet sie \u00fcber eine Titandioxidplatte, die sich mit UV-A-Licht verbindet, um eine photokatalytische Reaktion zu erzeugen. Durch diese Reaktion werden einige sch\u00e4dliche Bakterien und Viren aus der Luft entfernt. Der Reinigungsprozess kann auch schlechte Ger\u00fcche beseitigen und hinterl\u00e4sst eine saubere, frische Luft.<\/p>\n<p>Die Titandioxidplatte kann herausgenommen und gewaschen und dann wieder eingesetzt werden. Das bedeutet wenig Wartung und keine Notwendigkeit, st\u00e4ndig Filter zu kaufen und zu wechseln.<\/p>\n<p>Der AirZing Mini wurde speziell f\u00fcr die Verwendung in einem Fahrzeug entwickelt und verf\u00fcgt \u00fcber magnetische L\u00fcftungsclips f\u00fcr eine flexible Montage. Das mitgelieferte USB-C-Kabel sorgt f\u00fcr eine sichere Stromversorgung w\u00e4hrend der Fahrt.<\/p>\n<p class=\"font-text-standard\" data-copyto=\"text-below-img\">Die OSRAM AirZing Mini ist so klein wie ein Apfel. Durch sein schlankes schwarzes Design f\u00fcgt er sich unauff\u00e4llig in den Innenraum ein und wird so zu einem diskreten und zuverl\u00e4ssigen Reisebegleiter. Mittels eines magnetischen Adapters mit Clip kann die AirZing Mini einfach am Luftauslass des Fahrzeugs befestigt werden. Die Stromversorgung erfolgt \u00fcber einen USB-Anschluss. Mit einem Ger\u00e4uschpegel von nur 25 Dezibel ist er ger\u00e4uschlos und saugt st\u00e4ndig Luft aus dem Fahrzeug an. Die Luft durchl\u00e4uft einen Titanoxid-Filter, der von UV-A-LEDs beleuchtet wird. Durch diesen Prozess werden bis zu 99 %* sch\u00e4dlicher Viren und Bakterien im Fahrzeug entfernt, und die gereinigte und ionisierte Luft wird \u00fcber die Oberseite des Ger\u00e4ts abgeleitet. Au\u00dferdem werden bis zu 90 %* Formaldehyd, TVOC (total volatile organic compounds) und Ger\u00fcche entfernt.<\/p>\n<ul class=\"orange-dash-list textvis-org-next\" data-copyto=\"text-below-img\">\n<li>Kann bis zu 99 %* aller Bakterien und einiger Viren abt\u00f6ten<\/li>\n<li>Einfacher Gebrauch mit Magnethalterung und USB-Kabel<\/li>\n<li>Der Filter muss nicht gewechselt werden, sondern kann mit sauberem Leitungswasser gereinigt werden<\/li>\n<li>Leiser Betrieb - nur 25 Dezibel<\/li>\n<\/ul>\n<p class=\"font-text-standard\" data-copyto=\"text-below-img\">Egal, ob Sie Ihr Fahrzeug privat oder beruflich nutzen, mit OSRAM AirZing Mini k\u00f6nnen Sie f\u00fcr ein besseres Klima im Fahrzeug sorgen und die Menge an Viren und Bakterien in der Luft reduzieren. Das gesamte Luftvolumen des Fahrzeugs wird in etwa 30 Minuten gefiltert und gereinigt. AirZing Mini beseitigt auch Ger\u00fcche und Rauch.<\/p>\n<p><iframe loading=\"lazy\" height=\"314\" src=\"https:\/\/www.youtube.com\/embed\/ZyYZ5SvSTA8?si=Y9vCy2n_1fzjO57J&amp;amp\" width=\"560\" allowfullscreen=\"allowfullscreen\"><\/iframe><\/p>","protected":false},"excerpt":{"rendered":"<p>Luftreiniger von Osram! Kann helfen, unerw\u00fcnschte Partikel in der Luft zu entfernen, die Sie in Ihrem Auto haben.<\/p>","protected":false},"featured_media":8820,"comment_status":"closed","ping_status":"closed","template":"","meta":{"_acf_changed":false,"_smort_price_nok":"561","_smort_price_dkk":"509","_smort_price_eur":"68.18","_smort_sale_price_nok":"561","_smort_sale_price_dkk":"","_smort_sale_price_eur":"","smort_restorder":"","shipmondo_restorder":"","_kad_blocks_custom_css":"","_kad_blocks_head_custom_js":"","_kad_blocks_body_custom_js":"","_kad_blocks_footer_custom_js":"","smort_custom_pricelist_1":"480","smort_custom_pricelist_2":"480","smort_custom_pricelist_3":"456","smort_custom_pricelist_4":"600","smort_custom_pricelist_5":"480"},"anvandningsomrade":[],"bilmarken":[],"product_brand":[108],"product_cat":[2447,2854,378,1402],"product_tag":[],"class_list":{"0":"post-8819","1":"product","2":"type-product","3":"status-publish","4":"has-post-thumbnail","6":"product_brand-osram","7":"product_cat-doft","8":"product_cat-noel","9":"product_cat-bilvard","10":"product_cat-outlet","12":"first","13":"instock","14":"sale","15":"taxable","16":"shipping-taxable","17":"purchasable","18":"product-type-simple"},"bundled_by":[],"bundle_stock_status":"instock","bundle_stock_quantity":6,"bundle_virtual":false,"bundle_layout":"","bundle_add_to_cart_form_location":"","bundle_editable_in_cart":false,"bundle_sold_individually_context":"","bundle_item_grouping":"","bundle_min_size":"","bundle_max_size":"","bundle_price":[],"bundled_items":[],"bundle_sell_ids":[],"acf":[],"yoast_head":"<!-- This site is optimized with the Yoast SEO plugin v27.0 - https:\/\/yoast.com\/product\/yoast-seo-wordpress\/ -->\n<title>AirZing Mini Air Purifier - Xenonkungen<\/title>\n<meta name=\"robots\" content=\"index, follow, max-snippet:-1, max-image-preview:large, max-video-preview:-1\" \/>\n<link rel=\"canonical\" href=\"https:\/\/xenonkungen.com\/de\/produkt\/airzing-mini-luftreiniger\/\" \/>\n<meta property=\"og:locale\" content=\"de_DE\" \/>\n<meta property=\"og:type\" content=\"article\" \/>\n<meta property=\"og:title\" content=\"AirZing Mini Air Purifier - Xenonkungen\" \/>\n<meta property=\"og:description\" content=\"Luftrenare fr\u00e5n Osram! Kan hj\u00e4lpa till med att ta bort o\u00f6nskade partiklar i luften ni har i er bil.\" \/>\n<meta property=\"og:url\" content=\"https:\/\/xenonkungen.com\/de\/produkt\/airzing-mini-luftreiniger\/\" \/>\n<meta property=\"og:site_name\" content=\"Xenonkungen\" \/>\n<meta property=\"article:modified_time\" content=\"2026-04-11T00:29:20+00:00\" \/>\n<meta property=\"og:image\" content=\"https:\/\/xenonkungen.com\/wp-content\/uploads\/2025\/04\/182438315-origpic-c12e3d.jpg\" \/>\n\t<meta property=\"og:image:width\" content=\"900\" \/>\n\t<meta property=\"og:image:height\" content=\"900\" \/>\n\t<meta property=\"og:image:type\" content=\"image\/jpeg\" \/>\n<meta name=\"twitter:card\" content=\"summary_large_image\" \/>\n<meta name=\"twitter:label1\" content=\"Gesch\u00e4tzte Lesezeit\" \/>\n\t<meta name=\"twitter:data1\" content=\"2\u00a0Minuten\" \/>\n<script type=\"application\/ld+json\" class=\"yoast-schema-graph\">{\"@context\":\"https:\/\/schema.org\",\"@graph\":[{\"@type\":\"WebPage\",\"@id\":\"https:\/\/xenonkungen.com\/produkt\/airzing-mini-air-purifier\/\",\"url\":\"https:\/\/xenonkungen.com\/produkt\/airzing-mini-air-purifier\/\",\"name\":\"AirZing Mini Air Purifier - Xenonkungen\",\"isPartOf\":{\"@id\":\"https:\/\/xenonkungen.com\/#website\"},\"primaryImageOfPage\":{\"@id\":\"https:\/\/xenonkungen.com\/produkt\/airzing-mini-air-purifier\/#primaryimage\"},\"image\":{\"@id\":\"https:\/\/xenonkungen.com\/produkt\/airzing-mini-air-purifier\/#primaryimage\"},\"thumbnailUrl\":\"https:\/\/xenonkungen.com\/wp-content\/uploads\/2025\/04\/182438315-origpic-c12e3d.jpg\",\"datePublished\":\"2025-04-15T10:10:05+00:00\",\"dateModified\":\"2026-04-11T00:29:20+00:00\",\"breadcrumb\":{\"@id\":\"https:\/\/xenonkungen.com\/produkt\/airzing-mini-air-purifier\/#breadcrumb\"},\"inLanguage\":\"de\",\"potentialAction\":[{\"@type\":\"ReadAction\",\"target\":[\"https:\/\/xenonkungen.com\/produkt\/airzing-mini-air-purifier\/\"]}]},{\"@type\":\"ImageObject\",\"inLanguage\":\"de\",\"@id\":\"https:\/\/xenonkungen.com\/produkt\/airzing-mini-air-purifier\/#primaryimage\",\"url\":\"https:\/\/xenonkungen.com\/wp-content\/uploads\/2025\/04\/182438315-origpic-c12e3d.jpg\",\"contentUrl\":\"https:\/\/xenonkungen.com\/wp-content\/uploads\/2025\/04\/182438315-origpic-c12e3d.jpg\",\"width\":900,\"height\":900},{\"@type\":\"BreadcrumbList\",\"@id\":\"https:\/\/xenonkungen.com\/produkt\/airzing-mini-air-purifier\/#breadcrumb\",\"itemListElement\":[{\"@type\":\"ListItem\",\"position\":1,\"name\":\"Hem\",\"item\":\"https:\/\/xenonkungen.com\/\"},{\"@type\":\"ListItem\",\"position\":2,\"name\":\"Shop\",\"item\":\"https:\/\/xenonkungen.com\/shop\/\"},{\"@type\":\"ListItem\",\"position\":3,\"name\":\"AirZing Mini Air Purifier\"}]},{\"@type\":\"WebSite\",\"@id\":\"https:\/\/xenonkungen.com\/#website\",\"url\":\"https:\/\/xenonkungen.com\/\",\"name\":\"Xenonkungen\",\"description\":\"\",\"potentialAction\":[{\"@type\":\"SearchAction\",\"target\":{\"@type\":\"EntryPoint\",\"urlTemplate\":\"https:\/\/xenonkungen.com\/?s={search_term_string}\"},\"query-input\":{\"@type\":\"PropertyValueSpecification\",\"valueRequired\":true,\"valueName\":\"search_term_string\"}}],\"inLanguage\":\"de\"}]}<\/script>\n<!-- \/ Yoast SEO plugin. -->","yoast_head_json":{"title":"AirZing Mini-Luftreiniger \u2013 Der Xenon-K\u00f6nig","robots":{"index":"index","follow":"follow","max-snippet":"max-snippet:-1","max-image-preview":"max-image-preview:large","max-video-preview":"max-video-preview:-1"},"canonical":"https:\/\/xenonkungen.com\/de\/produkt\/airzing-mini-luftreiniger\/","og_locale":"de_DE","og_type":"article","og_title":"AirZing Mini Air Purifier - Xenonkungen","og_description":"Luftrenare fr\u00e5n Osram! Kan hj\u00e4lpa till med att ta bort o\u00f6nskade partiklar i luften ni har i er bil.","og_url":"https:\/\/xenonkungen.com\/de\/produkt\/airzing-mini-luftreiniger\/","og_site_name":"Xenonkungen","article_modified_time":"2026-04-11T00:29:20+00:00","og_image":[{"width":900,"height":900,"url":"https:\/\/xenonkungen.com\/wp-content\/uploads\/2025\/04\/182438315-origpic-c12e3d.jpg","type":"image\/jpeg"}],"twitter_card":"summary_large_image","twitter_misc":{"Gesch\u00e4tzte Lesezeit":"2\u00a0Minuten"},"schema":{"@context":"https:\/\/schema.org","@graph":[{"@type":"WebPage","@id":"https:\/\/xenonkungen.com\/produkt\/airzing-mini-air-purifier\/","url":"https:\/\/xenonkungen.com\/produkt\/airzing-mini-air-purifier\/","name":"AirZing Mini-Luftreiniger \u2013 Der Xenon-K\u00f6nig","isPartOf":{"@id":"https:\/\/xenonkungen.com\/#website"},"primaryImageOfPage":{"@id":"https:\/\/xenonkungen.com\/produkt\/airzing-mini-air-purifier\/#primaryimage"},"image":{"@id":"https:\/\/xenonkungen.com\/produkt\/airzing-mini-air-purifier\/#primaryimage"},"thumbnailUrl":"https:\/\/xenonkungen.com\/wp-content\/uploads\/2025\/04\/182438315-origpic-c12e3d.jpg","datePublished":"2025-04-15T10:10:05+00:00","dateModified":"2026-04-11T00:29:20+00:00","breadcrumb":{"@id":"https:\/\/xenonkungen.com\/produkt\/airzing-mini-air-purifier\/#breadcrumb"},"inLanguage":"de","potentialAction":[{"@type":"ReadAction","target":["https:\/\/xenonkungen.com\/produkt\/airzing-mini-air-purifier\/"]}]},{"@type":"ImageObject","inLanguage":"de","@id":"https:\/\/xenonkungen.com\/produkt\/airzing-mini-air-purifier\/#primaryimage","url":"https:\/\/xenonkungen.com\/wp-content\/uploads\/2025\/04\/182438315-origpic-c12e3d.jpg","contentUrl":"https:\/\/xenonkungen.com\/wp-content\/uploads\/2025\/04\/182438315-origpic-c12e3d.jpg","width":900,"height":900},{"@type":"BreadcrumbList","@id":"https:\/\/xenonkungen.com\/produkt\/airzing-mini-air-purifier\/#breadcrumb","itemListElement":[{"@type":"ListItem","position":1,"name":"Hem","item":"https:\/\/xenonkungen.com\/"},{"@type":"ListItem","position":2,"name":"Shop","item":"https:\/\/xenonkungen.com\/shop\/"},{"@type":"ListItem","position":3,"name":"AirZing Mini Air Purifier"}]},{"@type":"WebSite","@id":"https:\/\/xenonkungen.com\/#website","url":"https:\/\/xenonkungen.com\/","name":"Xenonkungen","description":"","potentialAction":[{"@type":"SearchAction","target":{"@type":"EntryPoint","urlTemplate":"https:\/\/xenonkungen.com\/?s={search_term_string}"},"query-input":{"@type":"PropertyValueSpecification","valueRequired":true,"valueName":"search_term_string"}}],"inLanguage":"de"}]}},"taxonomy_info":{"product_brand":[{"value":108,"label":"OSRAM"}],"product_cat":[{"value":2447,"label":"Doft"},{"value":2854,"label":"Noels EPA"},{"value":378,"label":"Bilv\u00e5rd"},{"value":1402,"label":"Outlet"}]},"featured_image_src_large":["https:\/\/xenonkungen.com\/wp-content\/uploads\/2025\/04\/182438315-origpic-c12e3d.jpg",900,900,false],"author_info":[],"comment_info":0,"_links":{"self":[{"href":"https:\/\/xenonkungen.com\/de\/wp-json\/wp\/v2\/product\/8819","targetHints":{"allow":["GET"]}}],"collection":[{"href":"https:\/\/xenonkungen.com\/de\/wp-json\/wp\/v2\/product"}],"about":[{"href":"https:\/\/xenonkungen.com\/de\/wp-json\/wp\/v2\/types\/product"}],"replies":[{"embeddable":true,"href":"https:\/\/xenonkungen.com\/de\/wp-json\/wp\/v2\/comments?post=8819"}],"wp:featuredmedia":[{"embeddable":true,"href":"https:\/\/xenonkungen.com\/de\/wp-json\/wp\/v2\/media\/8820"}],"wp:attachment":[{"href":"https:\/\/xenonkungen.com\/de\/wp-json\/wp\/v2\/media?parent=8819"}],"wp:term":[{"taxonomy":"anvandningsomrade","embeddable":true,"href":"https:\/\/xenonkungen.com\/de\/wp-json\/wp\/v2\/anvandningsomrade?post=8819"},{"taxonomy":"bilmarken","embeddable":true,"href":"https:\/\/xenonkungen.com\/de\/wp-json\/wp\/v2\/bilmarken?post=8819"},{"taxonomy":"product_brand","embeddable":true,"href":"https:\/\/xenonkungen.com\/de\/wp-json\/wp\/v2\/product_brand?post=8819"},{"taxonomy":"product_cat","embeddable":true,"href":"https:\/\/xenonkungen.com\/de\/wp-json\/wp\/v2\/product_cat?post=8819"},{"taxonomy":"product_tag","embeddable":true,"href":"https:\/\/xenonkungen.com\/de\/wp-json\/wp\/v2\/product_tag?post=8819"}],"curies":[{"name":"wp","href":"https:\/\/api.w.org\/{rel}","templated":true}]}}