{"id":8845,"date":"2025-04-15T10:10:17","date_gmt":"2025-04-15T10:10:17","guid":{"rendered":"https:\/\/xenonkungen.com\/product\/ledriving-hl-bright-h13\/"},"modified":"2026-04-19T17:04:22","modified_gmt":"2026-04-19T16:04:22","slug":"led-fahrlicht-hl-hell-h13","status":"publish","type":"product","link":"https:\/\/xenonkungen.com\/de\/produkt\/led-fahrlicht-hl-hell-h13\/","title":{"rendered":"LEDriving\u00ae HL BRIGHT H13"},"content":{"rendered":"<h1>Entdecken Sie OSRAM LEDriving HL BRIGHT<\/h1>\n<p>Die perfekte LED-Nachr\u00fcstleuchte f\u00fcr \u00fcberragende Leistung und Stil. Mit der <strong>bis zu +300 % mehr Helligkeit<\/strong> Im Vergleich zu Standard-Halogenlampen (gem\u00e4\u00df ECE R112) bietet diese Lampe nicht nur eine bessere Sicht, sondern auch ein stilvolles und modernes Aussehen mit <strong>k\u00fchles wei\u00dfes Licht von 6000K<\/strong>. Fahren Sie sicherer mit verbesserter Sicht und erkennen Sie Hindernisse, Schilder und Gefahren fr\u00fcher, w\u00e4hrend die optimierte Lichtverteilung die Blendung reduziert.<\/p>\n<p>OSRAM LEDriving HL BRIGHT bietet zudem bis zu <strong>5 Mal l\u00e4ngere Lebensdauer<\/strong> dank fortschrittlicher LED-Technologie und der Premium-Qualit\u00e4t von OSRAM. Die Lampen werden paarweise geliefert und sind mit einem gro\u00dfz\u00fcgigen <strong>4 Jahre Garantie<\/strong>und bietet Ihnen sowohl Stil als auch Sicherheit und Langlebigkeit.<\/p>\n<h2>Einfache Installation und hohe Kompatibilit\u00e4t<\/h2>\n<p>Dank der kompakten Bauweise ist die Installation einfach, und die Lampen sind mit 12-Volt-Systemen kompatibel, was sie zur perfekten Wahl f\u00fcr Fahrzeuge mit Halogenlampen macht. Bitte beachten Sie, dass diese Lampen nicht ECE-gepr\u00fcft sind und f\u00fcr den Einsatz im Gel\u00e4nde gedacht sind.<\/p>\n<p>R\u00fcsten Sie Ihr Auto noch heute auf und kombinieren Sie <strong>modernes Design und erh\u00f6hte Sicherheit<\/strong> mit OSRAM LEDriving HL BRIGHT - f\u00fcr ein Licht, dem Sie vertrauen k\u00f6nnen!<\/p>\n<h3><strong>Technische Daten<\/strong><\/h3>\n<p><strong>Elektrische Daten<\/strong><\/p>\n<p>- Leistungsaufnahme: 15 \/ 10 W<br \/>- Nennspannung: 12,0 V<br \/>- Nennleistung: 10 W<\/p>\n<p><strong>Photometrische Daten<\/strong><\/p>\n<p>- Nennlichtstrom: 1500\/1000 lm<br \/>- Lichtstromtoleranz: \u00b120 %<br \/>- LED-Lichtfarbe: Kaltwei\u00df<br \/>- Farbtemperatur: 6000 K<\/p>\n<p><strong>Physikalische Eigenschaften und Abmessungen<\/strong><\/p>\n<p>- L\u00e4nge: 86,2 mm<br \/>- Durchmesser: 14,0 mm<br \/>- Produktgewicht: 88,00 g<br \/>- Lampenfassungen: <span>P26.4t<\/span><\/p>\n<p><strong>Daten \u00fcber die Lebensdauer<\/strong><\/p>\n<p>- Lebensdauer Tc: 5000 Stunden<\/p>\n<p><strong>B\u00fcrgschaft:<\/strong><\/p>\n<p>- 4 Jahre<\/p>","protected":false},"excerpt":{"rendered":"<p>Die LEDriving\u00ae HL BRIGHT H13 bietet eine leistungsstarke LED-Beleuchtung mit 1500\/1000 Lumen und einer Farbtemperatur von 6000K. Diese 12-Volt-Lampe kombiniert hohe Leistung mit modernem Stil und sorgt f\u00fcr bessere Sichtbarkeit und einen eleganten Look in Ihrem Fahrzeug.<\/p>","protected":false},"featured_media":8846,"comment_status":"closed","ping_status":"open","template":"","meta":{"_acf_changed":false,"_smort_price_nok":"1490","_smort_price_dkk":"947","_smort_price_eur":"126.81","_smort_sale_price_nok":"","_smort_sale_price_dkk":"","_smort_sale_price_eur":"","smort_restorder":"","shipmondo_restorder":"","_kad_blocks_custom_css":"","_kad_blocks_head_custom_js":"","_kad_blocks_body_custom_js":"","_kad_blocks_footer_custom_js":"","smort_custom_pricelist_1":"892.8","smort_custom_pricelist_2":"781.2","smort_custom_pricelist_3":"725.4","smort_custom_pricelist_4":"1116","smort_custom_pricelist_5":"781.2"},"anvandningsomrade":[],"bilmarken":[],"product_brand":[108],"product_cat":[2633,733],"product_tag":[],"class_list":{"0":"post-8845","1":"product","2":"type-product","3":"status-publish","4":"has-post-thumbnail","6":"product_brand-osram","7":"product_cat-osram-ledriving-halvljus-helljus","8":"product_cat-halvljus-helljus","9":"pa_faktisk-effekts-forbrukning-537","10":"pa_lampsockel-kontakt-h13","11":"pa_volt-v-159","13":"first","14":"onbackorder","15":"taxable","16":"shipping-taxable","17":"purchasable","18":"product-type-simple"},"bundled_by":[],"bundle_stock_status":"onbackorder","bundle_stock_quantity":-1,"bundle_virtual":false,"bundle_layout":"","bundle_add_to_cart_form_location":"","bundle_editable_in_cart":false,"bundle_sold_individually_context":"","bundle_item_grouping":"","bundle_min_size":"","bundle_max_size":"","bundle_price":[],"bundled_items":[],"bundle_sell_ids":[],"acf":[],"yoast_head":"<!-- This site is optimized with the Yoast SEO plugin v27.0 - https:\/\/yoast.com\/product\/yoast-seo-wordpress\/ -->\n<title>LEDriving\u00ae HL BRIGHT H13 - Xenonkungen<\/title>\n<meta name=\"robots\" content=\"index, follow, max-snippet:-1, max-image-preview:large, max-video-preview:-1\" \/>\n<link rel=\"canonical\" href=\"https:\/\/xenonkungen.com\/de\/produkt\/led-fahrlicht-hl-hell-h13\/\" \/>\n<meta property=\"og:locale\" content=\"de_DE\" \/>\n<meta property=\"og:type\" content=\"article\" \/>\n<meta property=\"og:title\" content=\"LEDriving\u00ae HL BRIGHT H13 - Xenonkungen\" \/>\n<meta property=\"og:description\" content=\"LEDriving\u00ae HL BRIGHT H13 levererar kraftfull LED-belysning med 1500\/1000 lumen och en f\u00e4rgtemperatur p\u00e5 6000K. Denna 12V-lampa kombinerar h\u00f6g prestanda och modern stil, vilket ger f\u00f6rb\u00e4ttrad sikt och ett elegant utseende till ditt fordon.\" \/>\n<meta property=\"og:url\" content=\"https:\/\/xenonkungen.com\/de\/produkt\/led-fahrlicht-hl-hell-h13\/\" \/>\n<meta property=\"og:site_name\" content=\"Xenonkungen\" \/>\n<meta property=\"article:modified_time\" content=\"2026-04-19T16:04:22+00:00\" \/>\n<meta property=\"og:image\" content=\"https:\/\/xenonkungen.com\/wp-content\/uploads\/2025\/04\/215798215-origpic-ed381b.jpg\" \/>\n\t<meta property=\"og:image:width\" content=\"1024\" \/>\n\t<meta property=\"og:image:height\" content=\"674\" \/>\n\t<meta property=\"og:image:type\" content=\"image\/jpeg\" \/>\n<meta name=\"twitter:card\" content=\"summary_large_image\" \/>\n<meta name=\"twitter:label1\" content=\"Gesch\u00e4tzte Lesezeit\" \/>\n\t<meta name=\"twitter:data1\" content=\"1\u00a0Minute\" \/>\n<script type=\"application\/ld+json\" class=\"yoast-schema-graph\">{\"@context\":\"https:\/\/schema.org\",\"@graph\":[{\"@type\":\"WebPage\",\"@id\":\"https:\/\/xenonkungen.com\/produkt\/ledriving-hl-bright-h13\/\",\"url\":\"https:\/\/xenonkungen.com\/produkt\/ledriving-hl-bright-h13\/\",\"name\":\"LEDriving\u00ae HL BRIGHT H13 - Xenonkungen\",\"isPartOf\":{\"@id\":\"https:\/\/xenonkungen.com\/#website\"},\"primaryImageOfPage\":{\"@id\":\"https:\/\/xenonkungen.com\/produkt\/ledriving-hl-bright-h13\/#primaryimage\"},\"image\":{\"@id\":\"https:\/\/xenonkungen.com\/produkt\/ledriving-hl-bright-h13\/#primaryimage\"},\"thumbnailUrl\":\"https:\/\/xenonkungen.com\/wp-content\/uploads\/2025\/04\/215798215-origpic-ed381b.jpg\",\"datePublished\":\"2025-04-15T10:10:17+00:00\",\"dateModified\":\"2026-04-19T16:04:22+00:00\",\"breadcrumb\":{\"@id\":\"https:\/\/xenonkungen.com\/produkt\/ledriving-hl-bright-h13\/#breadcrumb\"},\"inLanguage\":\"de\",\"potentialAction\":[{\"@type\":\"ReadAction\",\"target\":[\"https:\/\/xenonkungen.com\/produkt\/ledriving-hl-bright-h13\/\"]}]},{\"@type\":\"ImageObject\",\"inLanguage\":\"de\",\"@id\":\"https:\/\/xenonkungen.com\/produkt\/ledriving-hl-bright-h13\/#primaryimage\",\"url\":\"https:\/\/xenonkungen.com\/wp-content\/uploads\/2025\/04\/215798215-origpic-ed381b.jpg\",\"contentUrl\":\"https:\/\/xenonkungen.com\/wp-content\/uploads\/2025\/04\/215798215-origpic-ed381b.jpg\",\"width\":1024,\"height\":674},{\"@type\":\"BreadcrumbList\",\"@id\":\"https:\/\/xenonkungen.com\/produkt\/ledriving-hl-bright-h13\/#breadcrumb\",\"itemListElement\":[{\"@type\":\"ListItem\",\"position\":1,\"name\":\"Hem\",\"item\":\"https:\/\/xenonkungen.com\/\"},{\"@type\":\"ListItem\",\"position\":2,\"name\":\"Shop\",\"item\":\"https:\/\/xenonkungen.com\/shop\/\"},{\"@type\":\"ListItem\",\"position\":3,\"name\":\"LEDriving\u00ae HL BRIGHT H13\"}]},{\"@type\":\"WebSite\",\"@id\":\"https:\/\/xenonkungen.com\/#website\",\"url\":\"https:\/\/xenonkungen.com\/\",\"name\":\"Xenonkungen\",\"description\":\"\",\"potentialAction\":[{\"@type\":\"SearchAction\",\"target\":{\"@type\":\"EntryPoint\",\"urlTemplate\":\"https:\/\/xenonkungen.com\/?s={search_term_string}\"},\"query-input\":{\"@type\":\"PropertyValueSpecification\",\"valueRequired\":true,\"valueName\":\"search_term_string\"}}],\"inLanguage\":\"de\"}]}<\/script>\n<!-- \/ Yoast SEO plugin. -->","yoast_head_json":{"title":"LEDriving\u00ae HL BRIGHT H13 \u2013 Der Xenon-K\u00f6nig","robots":{"index":"index","follow":"follow","max-snippet":"max-snippet:-1","max-image-preview":"max-image-preview:large","max-video-preview":"max-video-preview:-1"},"canonical":"https:\/\/xenonkungen.com\/de\/produkt\/led-fahrlicht-hl-hell-h13\/","og_locale":"de_DE","og_type":"article","og_title":"LEDriving\u00ae HL BRIGHT H13 - Xenonkungen","og_description":"LEDriving\u00ae HL BRIGHT H13 levererar kraftfull LED-belysning med 1500\/1000 lumen och en f\u00e4rgtemperatur p\u00e5 6000K. Denna 12V-lampa kombinerar h\u00f6g prestanda och modern stil, vilket ger f\u00f6rb\u00e4ttrad sikt och ett elegant utseende till ditt fordon.","og_url":"https:\/\/xenonkungen.com\/de\/produkt\/led-fahrlicht-hl-hell-h13\/","og_site_name":"Xenonkungen","article_modified_time":"2026-04-19T16:04:22+00:00","og_image":[{"width":1024,"height":674,"url":"https:\/\/xenonkungen.com\/wp-content\/uploads\/2025\/04\/215798215-origpic-ed381b.jpg","type":"image\/jpeg"}],"twitter_card":"summary_large_image","twitter_misc":{"Gesch\u00e4tzte Lesezeit":"1\u00a0Minute"},"schema":{"@context":"https:\/\/schema.org","@graph":[{"@type":"WebPage","@id":"https:\/\/xenonkungen.com\/produkt\/ledriving-hl-bright-h13\/","url":"https:\/\/xenonkungen.com\/produkt\/ledriving-hl-bright-h13\/","name":"LEDriving\u00ae HL BRIGHT H13 \u2013 Der Xenon-K\u00f6nig","isPartOf":{"@id":"https:\/\/xenonkungen.com\/#website"},"primaryImageOfPage":{"@id":"https:\/\/xenonkungen.com\/produkt\/ledriving-hl-bright-h13\/#primaryimage"},"image":{"@id":"https:\/\/xenonkungen.com\/produkt\/ledriving-hl-bright-h13\/#primaryimage"},"thumbnailUrl":"https:\/\/xenonkungen.com\/wp-content\/uploads\/2025\/04\/215798215-origpic-ed381b.jpg","datePublished":"2025-04-15T10:10:17+00:00","dateModified":"2026-04-19T16:04:22+00:00","breadcrumb":{"@id":"https:\/\/xenonkungen.com\/produkt\/ledriving-hl-bright-h13\/#breadcrumb"},"inLanguage":"de","potentialAction":[{"@type":"ReadAction","target":["https:\/\/xenonkungen.com\/produkt\/ledriving-hl-bright-h13\/"]}]},{"@type":"ImageObject","inLanguage":"de","@id":"https:\/\/xenonkungen.com\/produkt\/ledriving-hl-bright-h13\/#primaryimage","url":"https:\/\/xenonkungen.com\/wp-content\/uploads\/2025\/04\/215798215-origpic-ed381b.jpg","contentUrl":"https:\/\/xenonkungen.com\/wp-content\/uploads\/2025\/04\/215798215-origpic-ed381b.jpg","width":1024,"height":674},{"@type":"BreadcrumbList","@id":"https:\/\/xenonkungen.com\/produkt\/ledriving-hl-bright-h13\/#breadcrumb","itemListElement":[{"@type":"ListItem","position":1,"name":"Hem","item":"https:\/\/xenonkungen.com\/"},{"@type":"ListItem","position":2,"name":"Shop","item":"https:\/\/xenonkungen.com\/shop\/"},{"@type":"ListItem","position":3,"name":"LEDriving\u00ae HL BRIGHT H13"}]},{"@type":"WebSite","@id":"https:\/\/xenonkungen.com\/#website","url":"https:\/\/xenonkungen.com\/","name":"Xenonkungen","description":"","potentialAction":[{"@type":"SearchAction","target":{"@type":"EntryPoint","urlTemplate":"https:\/\/xenonkungen.com\/?s={search_term_string}"},"query-input":{"@type":"PropertyValueSpecification","valueRequired":true,"valueName":"search_term_string"}}],"inLanguage":"de"}]}},"taxonomy_info":{"product_brand":[{"value":108,"label":"OSRAM"}],"product_cat":[{"value":2633,"label":"OSRAM Ledriving"},{"value":733,"label":"Halvljus \/ Helljus"}],"pa_faktisk-effekts-forbrukning":[{"value":537,"label":"15"}],"pa_lampsockel-kontakt":[{"value":369,"label":"H13"}],"pa_volt-v":[{"value":159,"label":"12"}]},"featured_image_src_large":["https:\/\/xenonkungen.com\/wp-content\/uploads\/2025\/04\/215798215-origpic-ed381b.jpg",1024,674,false],"author_info":[],"comment_info":0,"_links":{"self":[{"href":"https:\/\/xenonkungen.com\/de\/wp-json\/wp\/v2\/product\/8845","targetHints":{"allow":["GET"]}}],"collection":[{"href":"https:\/\/xenonkungen.com\/de\/wp-json\/wp\/v2\/product"}],"about":[{"href":"https:\/\/xenonkungen.com\/de\/wp-json\/wp\/v2\/types\/product"}],"replies":[{"embeddable":true,"href":"https:\/\/xenonkungen.com\/de\/wp-json\/wp\/v2\/comments?post=8845"}],"wp:featuredmedia":[{"embeddable":true,"href":"https:\/\/xenonkungen.com\/de\/wp-json\/wp\/v2\/media\/8846"}],"wp:attachment":[{"href":"https:\/\/xenonkungen.com\/de\/wp-json\/wp\/v2\/media?parent=8845"}],"wp:term":[{"taxonomy":"anvandningsomrade","embeddable":true,"href":"https:\/\/xenonkungen.com\/de\/wp-json\/wp\/v2\/anvandningsomrade?post=8845"},{"taxonomy":"bilmarken","embeddable":true,"href":"https:\/\/xenonkungen.com\/de\/wp-json\/wp\/v2\/bilmarken?post=8845"},{"taxonomy":"product_brand","embeddable":true,"href":"https:\/\/xenonkungen.com\/de\/wp-json\/wp\/v2\/product_brand?post=8845"},{"taxonomy":"product_cat","embeddable":true,"href":"https:\/\/xenonkungen.com\/de\/wp-json\/wp\/v2\/product_cat?post=8845"},{"taxonomy":"product_tag","embeddable":true,"href":"https:\/\/xenonkungen.com\/de\/wp-json\/wp\/v2\/product_tag?post=8845"}],"curies":[{"name":"wp","href":"https:\/\/api.w.org\/{rel}","templated":true}]}}