{"id":8907,"date":"2025-04-15T10:10:49","date_gmt":"2025-04-15T10:10:49","guid":{"rendered":"https:\/\/xenonkungen.com\/product\/xk-ballast-5dc009060-00-a2118705585\/"},"modified":"2026-05-11T10:36:42","modified_gmt":"2026-05-11T09:36:42","slug":"xk-vorschaltgerat-5dc009060-00-a2118705585","status":"publish","type":"product","link":"https:\/\/xenonkungen.com\/de\/produkt\/xk-vorschaltgerat-5dc009060-00-a2118705585\/","title":{"rendered":"XK Vorschaltger\u00e4t 5DC009060-00 \/\/ A2118705585"},"content":{"rendered":"<p><span>Nachr\u00fcst-Xenon-Vorschaltger\u00e4t zum Austausch von Fahrzeugen mit den Modellnummern 5DC009060-00 oder A2118705585<\/span><br \/><span>12VDC.<\/p>\n<p><u>OEM-Fabrikate sind unter anderem in den folgenden Fahrzeugen zu finden<br \/>OEM 5DC00906000 | A21187055585 | A2118705585 | A2114420203<\/u><br \/><strong>MERCEDES-BENZ<\/strong><br \/>E-Klasse Limousine (W211) (Produktionsjahr 03.2002 \u2013 03.2009)<br \/>E-Klasse Limousine W211 Facelift (2006-2009)<br \/>E-Klasse T-Modell S211 Facelift (2006-2009)<br \/>E-Klasse W211 (2003-2009)<br \/>E-Klasse S211 (2003-2009)<br \/>E-Klasse T-Modell (S211) (Produktionsjahr 03.2003 \u2013 07.2009)<br \/>E-Klasse Plattform \/ Fahrgestell (VF211) (Produktionsjahr 03.2003 \u2013 07.2009)<\/p>\n<p><strong>2 Jahre Garantie<\/strong><\/p>\n<p><strong>Gut zu wissen<\/strong><br \/>Diese Art der Nachbildung von Originalprodukten ist auf dem Markt erh\u00e4ltlich. Die gr\u00f6\u00dfte Gemeinsamkeit von Originalen und Kopien ist das \u00e4u\u00dfere Geh\u00e4use. Was sie unterscheidet, sind die Komponenten, die Programmierung und die Qualit\u00e4t.<br \/>Und das gilt auch f\u00fcr die verschiedenen Hersteller von Nachbildungen.<br \/>W\u00e4hrend das Original f\u00fcr alle aufgelisteten Fahrzeuge voll funktionsf\u00e4hig ist, kann die Funktionalit\u00e4t einiger Kopien f\u00fcr einzelne Marken oder Modelle eingeschr\u00e4nkt sein, was unter anderem von den technischen Kenntnissen und den Ambitionen des Herstellers abh\u00e4ngt.<br \/>Unsere XK-Vorschaltger\u00e4te sind in der Anschaffung teurer und daher in der Regel besser als billigere Alternativen - die \u00fcbrigens auch von Wettbewerbern teurer angeboten werden k\u00f6nnen.<\/span><\/p>","protected":false},"excerpt":{"rendered":"<p>Eftermarknads xenon ballast som ers\u00e4tter bilar utrustade med modell av fabrikat 5DC009060-00 eller A211870558512VDC. OEM fabrikat finns i bl.a. f\u00f6ljande bilarOEM 5DC00906000 | A21187055585 | A2118705585 | A2114420203MERCEDES-BENZE-klass Sedan (W211) (\u00c5rsproduktion 03.2002 &#8211; 03.2009)E-Klass Limousine W211 Facelift (2006-2009)E-Klass Kombi S211 Facelift (2006-2009)E-Klass W211 (2003-2009)E-Klass S211 (2003-2009)E-klass T-modell (S211) (\u00c5rsproduktion 03.2003 &#8211; 07.2009)E-klass Flak \/ Chassi [&hellip;]<\/p>","protected":false},"featured_media":8908,"comment_status":"closed","ping_status":"closed","template":"","meta":{"_acf_changed":false,"_smort_price_nok":"1276","_smort_price_dkk":"811","_smort_price_eur":"108.63","_smort_sale_price_nok":"","_smort_sale_price_dkk":"","_smort_sale_price_eur":"","smort_restorder":"","shipmondo_restorder":"","_kad_blocks_custom_css":"","_kad_blocks_head_custom_js":"","_kad_blocks_body_custom_js":"","_kad_blocks_footer_custom_js":"","smort_custom_pricelist_1":"764.8","smort_custom_pricelist_2":"669.2","smort_custom_pricelist_3":"621.4","smort_custom_pricelist_4":"956","smort_custom_pricelist_5":"669.2"},"anvandningsomrade":[167],"bilmarken":[215],"product_brand":[117],"product_cat":[2484,789,733],"product_tag":[],"class_list":{"0":"post-8907","1":"product","2":"type-product","3":"status-publish","4":"has-post-thumbnail","6":"anvandningsomrade-personbil","7":"bilmarken-mercedes-benz","8":"product_brand-xenonkungen","9":"product_cat-ballast-halvljus-helljus","10":"product_cat-ballast","11":"product_cat-halvljus-helljus","12":"pa_volt-v-159","14":"first","15":"instock","16":"taxable","17":"shipping-taxable","18":"purchasable","19":"product-type-simple"},"bundled_by":[],"bundle_stock_status":"instock","bundle_stock_quantity":10,"bundle_virtual":false,"bundle_layout":"","bundle_add_to_cart_form_location":"","bundle_editable_in_cart":false,"bundle_sold_individually_context":"","bundle_item_grouping":"","bundle_min_size":"","bundle_max_size":"","bundle_price":[],"bundled_items":[],"bundle_sell_ids":[],"acf":[],"yoast_head":"<!-- This site is optimized with the Yoast SEO plugin v27.0 - https:\/\/yoast.com\/product\/yoast-seo-wordpress\/ -->\n<title>XK Ballast 5DC009060-00 \/\/ A2118705585 - Xenonkungen<\/title>\n<meta name=\"robots\" content=\"index, follow, max-snippet:-1, max-image-preview:large, max-video-preview:-1\" \/>\n<link rel=\"canonical\" href=\"https:\/\/xenonkungen.com\/de\/produkt\/xk-vorschaltgerat-5dc009060-00-a2118705585\/\" \/>\n<meta property=\"og:locale\" content=\"de_DE\" \/>\n<meta property=\"og:type\" content=\"article\" \/>\n<meta property=\"og:title\" content=\"XK Ballast 5DC009060-00 \/\/ A2118705585 - Xenonkungen\" \/>\n<meta property=\"og:description\" content=\"Eftermarknads xenon ballast som ers\u00e4tter bilar utrustade med modell av fabrikat 5DC009060-00 eller A211870558512VDC. OEM fabrikat finns i bl.a. f\u00f6ljande bilarOEM 5DC00906000 | A21187055585 | A2118705585 | A2114420203MERCEDES-BENZE-klass Sedan (W211) (\u00c5rsproduktion 03.2002 &#8211; 03.2009)E-Klass Limousine W211 Facelift (2006-2009)E-Klass Kombi S211 Facelift (2006-2009)E-Klass W211 (2003-2009)E-Klass S211 (2003-2009)E-klass T-modell (S211) (\u00c5rsproduktion 03.2003 &#8211; 07.2009)E-klass Flak \/ Chassi [&hellip;]\" \/>\n<meta property=\"og:url\" content=\"https:\/\/xenonkungen.com\/de\/produkt\/xk-vorschaltgerat-5dc009060-00-a2118705585\/\" \/>\n<meta property=\"og:site_name\" content=\"Xenonkungen\" \/>\n<meta property=\"article:modified_time\" content=\"2026-05-11T09:36:42+00:00\" \/>\n<meta property=\"og:image\" content=\"https:\/\/xenonkungen.com\/wp-content\/uploads\/2025\/04\/jrlU7G-w.png\" \/>\n\t<meta property=\"og:image:width\" content=\"1000\" \/>\n\t<meta property=\"og:image:height\" content=\"1000\" \/>\n\t<meta property=\"og:image:type\" content=\"image\/png\" \/>\n<meta name=\"twitter:card\" content=\"summary_large_image\" \/>\n<meta name=\"twitter:label1\" content=\"Gesch\u00e4tzte Lesezeit\" \/>\n\t<meta name=\"twitter:data1\" content=\"1\u00a0Minute\" \/>\n<script type=\"application\/ld+json\" class=\"yoast-schema-graph\">{\"@context\":\"https:\/\/schema.org\",\"@graph\":[{\"@type\":\"WebPage\",\"@id\":\"https:\/\/xenonkungen.com\/produkt\/xk-ballast-5dc009060-00-a2118705585\/\",\"url\":\"https:\/\/xenonkungen.com\/produkt\/xk-ballast-5dc009060-00-a2118705585\/\",\"name\":\"XK Ballast 5DC009060-00 \/\/ A2118705585 - Xenonkungen\",\"isPartOf\":{\"@id\":\"https:\/\/xenonkungen.com\/#website\"},\"primaryImageOfPage\":{\"@id\":\"https:\/\/xenonkungen.com\/produkt\/xk-ballast-5dc009060-00-a2118705585\/#primaryimage\"},\"image\":{\"@id\":\"https:\/\/xenonkungen.com\/produkt\/xk-ballast-5dc009060-00-a2118705585\/#primaryimage\"},\"thumbnailUrl\":\"https:\/\/xenonkungen.com\/wp-content\/uploads\/2025\/04\/jrlU7G-w.png\",\"datePublished\":\"2025-04-15T10:10:49+00:00\",\"dateModified\":\"2026-05-11T09:36:42+00:00\",\"breadcrumb\":{\"@id\":\"https:\/\/xenonkungen.com\/produkt\/xk-ballast-5dc009060-00-a2118705585\/#breadcrumb\"},\"inLanguage\":\"de\",\"potentialAction\":[{\"@type\":\"ReadAction\",\"target\":[\"https:\/\/xenonkungen.com\/produkt\/xk-ballast-5dc009060-00-a2118705585\/\"]}]},{\"@type\":\"ImageObject\",\"inLanguage\":\"de\",\"@id\":\"https:\/\/xenonkungen.com\/produkt\/xk-ballast-5dc009060-00-a2118705585\/#primaryimage\",\"url\":\"https:\/\/xenonkungen.com\/wp-content\/uploads\/2025\/04\/jrlU7G-w.png\",\"contentUrl\":\"https:\/\/xenonkungen.com\/wp-content\/uploads\/2025\/04\/jrlU7G-w.png\",\"width\":1000,\"height\":1000},{\"@type\":\"BreadcrumbList\",\"@id\":\"https:\/\/xenonkungen.com\/produkt\/xk-ballast-5dc009060-00-a2118705585\/#breadcrumb\",\"itemListElement\":[{\"@type\":\"ListItem\",\"position\":1,\"name\":\"Hem\",\"item\":\"https:\/\/xenonkungen.com\/\"},{\"@type\":\"ListItem\",\"position\":2,\"name\":\"Shop\",\"item\":\"https:\/\/xenonkungen.com\/shop\/\"},{\"@type\":\"ListItem\",\"position\":3,\"name\":\"XK Ballast 5DC009060-00 \/\/ A2118705585\"}]},{\"@type\":\"WebSite\",\"@id\":\"https:\/\/xenonkungen.com\/#website\",\"url\":\"https:\/\/xenonkungen.com\/\",\"name\":\"Xenonkungen\",\"description\":\"\",\"potentialAction\":[{\"@type\":\"SearchAction\",\"target\":{\"@type\":\"EntryPoint\",\"urlTemplate\":\"https:\/\/xenonkungen.com\/?s={search_term_string}\"},\"query-input\":{\"@type\":\"PropertyValueSpecification\",\"valueRequired\":true,\"valueName\":\"search_term_string\"}}],\"inLanguage\":\"de\"}]}<\/script>\n<!-- \/ Yoast SEO plugin. -->","yoast_head_json":{"title":"XK Vorschaltger\u00e4t 5DC009060-00 \/\/ A2118705585 - Der Xenon-K\u00f6nig","robots":{"index":"index","follow":"follow","max-snippet":"max-snippet:-1","max-image-preview":"max-image-preview:large","max-video-preview":"max-video-preview:-1"},"canonical":"https:\/\/xenonkungen.com\/de\/produkt\/xk-vorschaltgerat-5dc009060-00-a2118705585\/","og_locale":"de_DE","og_type":"article","og_title":"XK Ballast 5DC009060-00 \/\/ A2118705585 - Xenonkungen","og_description":"Eftermarknads xenon ballast som ers\u00e4tter bilar utrustade med modell av fabrikat 5DC009060-00 eller A211870558512VDC. OEM fabrikat finns i bl.a. f\u00f6ljande bilarOEM 5DC00906000 | A21187055585 | A2118705585 | A2114420203MERCEDES-BENZE-klass Sedan (W211) (\u00c5rsproduktion 03.2002 &#8211; 03.2009)E-Klass Limousine W211 Facelift (2006-2009)E-Klass Kombi S211 Facelift (2006-2009)E-Klass W211 (2003-2009)E-Klass S211 (2003-2009)E-klass T-modell (S211) (\u00c5rsproduktion 03.2003 &#8211; 07.2009)E-klass Flak \/ Chassi [&hellip;]","og_url":"https:\/\/xenonkungen.com\/de\/produkt\/xk-vorschaltgerat-5dc009060-00-a2118705585\/","og_site_name":"Xenonkungen","article_modified_time":"2026-05-11T09:36:42+00:00","og_image":[{"width":1000,"height":1000,"url":"https:\/\/xenonkungen.com\/wp-content\/uploads\/2025\/04\/jrlU7G-w.png","type":"image\/png"}],"twitter_card":"summary_large_image","twitter_misc":{"Gesch\u00e4tzte Lesezeit":"1\u00a0Minute"},"schema":{"@context":"https:\/\/schema.org","@graph":[{"@type":"WebPage","@id":"https:\/\/xenonkungen.com\/produkt\/xk-ballast-5dc009060-00-a2118705585\/","url":"https:\/\/xenonkungen.com\/produkt\/xk-ballast-5dc009060-00-a2118705585\/","name":"XK Vorschaltger\u00e4t 5DC009060-00 \/\/ A2118705585 - Der Xenon-K\u00f6nig","isPartOf":{"@id":"https:\/\/xenonkungen.com\/#website"},"primaryImageOfPage":{"@id":"https:\/\/xenonkungen.com\/produkt\/xk-ballast-5dc009060-00-a2118705585\/#primaryimage"},"image":{"@id":"https:\/\/xenonkungen.com\/produkt\/xk-ballast-5dc009060-00-a2118705585\/#primaryimage"},"thumbnailUrl":"https:\/\/xenonkungen.com\/wp-content\/uploads\/2025\/04\/jrlU7G-w.png","datePublished":"2025-04-15T10:10:49+00:00","dateModified":"2026-05-11T09:36:42+00:00","breadcrumb":{"@id":"https:\/\/xenonkungen.com\/produkt\/xk-ballast-5dc009060-00-a2118705585\/#breadcrumb"},"inLanguage":"de","potentialAction":[{"@type":"ReadAction","target":["https:\/\/xenonkungen.com\/produkt\/xk-ballast-5dc009060-00-a2118705585\/"]}]},{"@type":"ImageObject","inLanguage":"de","@id":"https:\/\/xenonkungen.com\/produkt\/xk-ballast-5dc009060-00-a2118705585\/#primaryimage","url":"https:\/\/xenonkungen.com\/wp-content\/uploads\/2025\/04\/jrlU7G-w.png","contentUrl":"https:\/\/xenonkungen.com\/wp-content\/uploads\/2025\/04\/jrlU7G-w.png","width":1000,"height":1000},{"@type":"BreadcrumbList","@id":"https:\/\/xenonkungen.com\/produkt\/xk-ballast-5dc009060-00-a2118705585\/#breadcrumb","itemListElement":[{"@type":"ListItem","position":1,"name":"Hem","item":"https:\/\/xenonkungen.com\/"},{"@type":"ListItem","position":2,"name":"Shop","item":"https:\/\/xenonkungen.com\/shop\/"},{"@type":"ListItem","position":3,"name":"XK Ballast 5DC009060-00 \/\/ A2118705585"}]},{"@type":"WebSite","@id":"https:\/\/xenonkungen.com\/#website","url":"https:\/\/xenonkungen.com\/","name":"Xenonkungen","description":"","potentialAction":[{"@type":"SearchAction","target":{"@type":"EntryPoint","urlTemplate":"https:\/\/xenonkungen.com\/?s={search_term_string}"},"query-input":{"@type":"PropertyValueSpecification","valueRequired":true,"valueName":"search_term_string"}}],"inLanguage":"de"}]}},"taxonomy_info":{"anvandningsomrade":[{"value":167,"label":"PERSONBIL"}],"bilmarken":[{"value":215,"label":"Mercedes-Benz"}],"product_brand":[{"value":117,"label":"Xenonkungen"}],"product_cat":[{"value":2484,"label":"Ballast"},{"value":789,"label":"Ballast"},{"value":733,"label":"Halvljus \/ Helljus"}],"pa_volt-v":[{"value":159,"label":"12"}]},"featured_image_src_large":["https:\/\/xenonkungen.com\/wp-content\/uploads\/2025\/04\/jrlU7G-w.png",1000,1000,false],"author_info":[],"comment_info":0,"_links":{"self":[{"href":"https:\/\/xenonkungen.com\/de\/wp-json\/wp\/v2\/product\/8907","targetHints":{"allow":["GET"]}}],"collection":[{"href":"https:\/\/xenonkungen.com\/de\/wp-json\/wp\/v2\/product"}],"about":[{"href":"https:\/\/xenonkungen.com\/de\/wp-json\/wp\/v2\/types\/product"}],"replies":[{"embeddable":true,"href":"https:\/\/xenonkungen.com\/de\/wp-json\/wp\/v2\/comments?post=8907"}],"wp:featuredmedia":[{"embeddable":true,"href":"https:\/\/xenonkungen.com\/de\/wp-json\/wp\/v2\/media\/8908"}],"wp:attachment":[{"href":"https:\/\/xenonkungen.com\/de\/wp-json\/wp\/v2\/media?parent=8907"}],"wp:term":[{"taxonomy":"anvandningsomrade","embeddable":true,"href":"https:\/\/xenonkungen.com\/de\/wp-json\/wp\/v2\/anvandningsomrade?post=8907"},{"taxonomy":"bilmarken","embeddable":true,"href":"https:\/\/xenonkungen.com\/de\/wp-json\/wp\/v2\/bilmarken?post=8907"},{"taxonomy":"product_brand","embeddable":true,"href":"https:\/\/xenonkungen.com\/de\/wp-json\/wp\/v2\/product_brand?post=8907"},{"taxonomy":"product_cat","embeddable":true,"href":"https:\/\/xenonkungen.com\/de\/wp-json\/wp\/v2\/product_cat?post=8907"},{"taxonomy":"product_tag","embeddable":true,"href":"https:\/\/xenonkungen.com\/de\/wp-json\/wp\/v2\/product_tag?post=8907"}],"curies":[{"name":"wp","href":"https:\/\/api.w.org\/{rel}","templated":true}]}}